{"id":18525,"date":"2025-05-24T21:58:19","date_gmt":"2025-05-24T18:58:19","guid":{"rendered":"https:\/\/skaitytaknyga.lt\/?post_type=product&#038;p=18525"},"modified":"2025-05-28T08:19:11","modified_gmt":"2025-05-28T05:19:11","slug":"rastai-ir-parastes","status":"publish","type":"product","link":"https:\/\/skaitytaknyga.lt\/en\/produktas\/rastai-ir-parastes\/","title":{"rendered":"Ra\u0161tai ir para\u0161t\u0117s"},"content":{"rendered":"<p>\u0160ioje knygoje Just. Marcinkevi\u010diaus k\u016bryba perskaitoma i\u0161 naujo, \u0161iandienin\u0117mis akimis. Analiz\u0117 ir interpretacija apr\u0117pia vis\u0105 k\u016bryb\u0105, svarbiausius biografijos ir po\u017ei\u016bri\u0173 aspektus (pasiremiama lig \u0161iol neskelbtais ra\u0161ytojo pasakojimais), taip pat ir tuos sovietme\u010dio aplinkybi\u0173 paveiktus k\u016brinius, d\u0117l kuri\u0173 daugiausiai polemizuojama. Autor\u0117 atskleid\u017eia i\u0161kilaus ir populiaraus ra\u0161ytojo k\u016brybos programin\u0119 krypt\u012f. Mokslin\u0117s \u012f\u017evalgos da\u017eniausiai i\u0161reik\u0161tos laisva kritikos ir eseistikos kalba. D\u0117l to knyga bus \u012fdomi ne tik besimokantiems ir studijuojantiems, bet ir visiems besidomintiems Just. Marcinkevi\u010diaus k\u016bryba.<\/p>\n","protected":false},"excerpt":{"rendered":"<p>\u0160ioje knygoje Just. Marcinkevi\u010diaus k\u016bryba perskaitoma i\u0161 naujo, \u0161iandienin\u0117mis akimis. Analiz\u0117 ir interpretacija apr\u0117pia vis\u0105 k\u016bryb\u0105, svarbiausius biografijos ir po\u017ei\u016bri\u0173 aspektus (pasiremiama lig \u0161iol neskelbtais ra\u0161ytojo pasakojimais), taip pat ir tuos sovietme\u010dio aplinkybi\u0173 paveiktus k\u016brinius, d\u0117l kuri\u0173 daugiausiai polemizuojama. Autor\u0117 atskleid\u017eia i\u0161kilaus ir populiaraus ra\u0161ytojo k\u016brybos programin\u0119 krypt\u012f. Mokslin\u0117s \u012f\u017evalgos da\u017eniausiai i\u0161reik\u0161tos laisva kritikos ir eseistikos kalba. D\u0117l to knyga bus \u012fdomi ne tik besimokantiems ir studijuojantiems, bet ir visiems besidomintiems Just. Marcinkevi\u010diaus k\u016bryba.<\/p>\n","protected":false},"featured_media":18528,"comment_status":"open","ping_status":"closed","template":"","meta":{"_acf_changed":false,"site-sidebar-layout":"default","site-content-layout":"","ast-site-content-layout":"default","site-content-style":"default","site-sidebar-style":"default","ast-global-header-display":"","ast-banner-title-visibility":"","ast-main-header-display":"","ast-hfb-above-header-display":"","ast-hfb-below-header-display":"","ast-hfb-mobile-header-display":"","site-post-title":"","ast-breadcrumbs-content":"","ast-featured-img":"","footer-sml-layout":"","ast-disable-related-posts":"","theme-transparent-header-meta":"","adv-header-id-meta":"","stick-header-meta":"","header-above-stick-meta":"","header-main-stick-meta":"","header-below-stick-meta":"","astra-migrate-meta-layouts":"default","ast-page-background-enabled":"default","ast-page-background-meta":{"desktop":{"background-color":"","background-image":"","background-repeat":"repeat","background-position":"center center","background-size":"auto","background-attachment":"scroll","background-type":"","background-media":"","overlay-type":"","overlay-color":"","overlay-opacity":"","overlay-gradient":""},"tablet":{"background-color":"","background-image":"","background-repeat":"repeat","background-position":"center center","background-size":"auto","background-attachment":"scroll","background-type":"","background-media":"","overlay-type":"","overlay-color":"","overlay-opacity":"","overlay-gradient":""},"mobile":{"background-color":"","background-image":"","background-repeat":"repeat","background-position":"center center","background-size":"auto","background-attachment":"scroll","background-type":"","background-media":"","overlay-type":"","overlay-color":"","overlay-opacity":"","overlay-gradient":""}},"ast-content-background-meta":{"desktop":{"background-color":"var(--ast-global-color-4)","background-image":"","background-repeat":"repeat","background-position":"center center","background-size":"auto","background-attachment":"scroll","background-type":"","background-media":"","overlay-type":"","overlay-color":"","overlay-opacity":"","overlay-gradient":""},"tablet":{"background-color":"var(--ast-global-color-4)","background-image":"","background-repeat":"repeat","background-position":"center center","background-size":"auto","background-attachment":"scroll","background-type":"","background-media":"","overlay-type":"","overlay-color":"","overlay-opacity":"","overlay-gradient":""},"mobile":{"background-color":"var(--ast-global-color-4)","background-image":"","background-repeat":"repeat","background-position":"center center","background-size":"auto","background-attachment":"scroll","background-type":"","background-media":"","overlay-type":"","overlay-color":"","overlay-opacity":"","overlay-gradient":""}}},"product_brand":[],"product_cat":[15],"product_tag":[4121,2008,4439,1492,1749],"class_list":{"0":"post-18525","1":"product","2":"type-product","3":"status-publish","4":"has-post-thumbnail","6":"product_cat-uncategorized","7":"product_tag-analize","8":"product_tag-eseistika","9":"product_tag-just-marcinkevicius","10":"product_tag-literatura","11":"product_tag-sovietmetis","12":"desktop-align-left","13":"tablet-align-left","14":"mobile-align-left","16":"first","17":"instock","18":"shipping-taxable","19":"purchasable","20":"product-type-simple"},"acf":[],"yoast_head":"<!-- This site is optimized with the Yoast SEO plugin v27.0 - https:\/\/yoast.com\/product\/yoast-seo-wordpress\/ -->\n<title>Ra\u0161tai ir para\u0161t\u0117s<\/title>\n<meta name=\"description\" content=\"\u0160ioje knygoje Just. Marcinkevi\u010diaus k\u016bryba perskaitoma i\u0161 naujo, \u0161iandienin\u0117mis akimis. Analiz\u0117 ir interpretacija apr\u0117pia vis\u0105 k\u016bryb\u0105, svarbiausius\" \/>\n<meta name=\"robots\" content=\"index, follow, max-snippet:-1, max-image-preview:large, max-video-preview:-1\" \/>\n<link rel=\"canonical\" href=\"https:\/\/skaitytaknyga.lt\/en\/produktas\/rastai-ir-parastes\/\" \/>\n<meta property=\"og:locale\" content=\"en_GB\" \/>\n<meta property=\"og:locale:alternate\" content=\"lt_LT\" \/>\n<meta property=\"og:type\" content=\"article\" \/>\n<meta property=\"og:title\" content=\"Ra\u0161tai ir para\u0161t\u0117s\" \/>\n<meta property=\"og:description\" content=\"\u0160ioje knygoje Just. Marcinkevi\u010diaus k\u016bryba perskaitoma i\u0161 naujo, \u0161iandienin\u0117mis akimis. Analiz\u0117 ir interpretacija apr\u0117pia vis\u0105 k\u016bryb\u0105, svarbiausius\" \/>\n<meta property=\"og:url\" content=\"https:\/\/skaitytaknyga.lt\/en\/produktas\/rastai-ir-parastes\/\" \/>\n<meta property=\"og:site_name\" content=\"Skaitytaknyga\" \/>\n<meta property=\"article:publisher\" content=\"https:\/\/www.facebook.com\/skaitytaknyga\/\" \/>\n<meta property=\"article:modified_time\" content=\"2025-05-28T05:19:11+00:00\" \/>\n<meta property=\"og:image\" content=\"https:\/\/skaitytaknyga.lt\/wp-content\/uploads\/2025\/05\/Rastai-ir-parastes.webp\" \/>\n\t<meta property=\"og:image:width\" content=\"512\" \/>\n\t<meta property=\"og:image:height\" content=\"801\" \/>\n\t<meta property=\"og:image:type\" content=\"image\/webp\" \/>\n<meta name=\"twitter:card\" content=\"summary_large_image\" \/>\n<script type=\"application\/ld+json\" class=\"yoast-schema-graph\">{\"@context\":\"https:\/\/schema.org\",\"@graph\":[{\"@type\":\"WebPage\",\"@id\":\"https:\/\/skaitytaknyga.lt\/produktas\/rastai-ir-parastes\/\",\"url\":\"https:\/\/skaitytaknyga.lt\/produktas\/rastai-ir-parastes\/\",\"name\":\"Ra\u0161tai ir para\u0161t\u0117s\",\"isPartOf\":{\"@id\":\"https:\/\/skaitytaknyga.lt\/#website\"},\"primaryImageOfPage\":{\"@id\":\"https:\/\/skaitytaknyga.lt\/produktas\/rastai-ir-parastes\/#primaryimage\"},\"image\":{\"@id\":\"https:\/\/skaitytaknyga.lt\/produktas\/rastai-ir-parastes\/#primaryimage\"},\"thumbnailUrl\":\"https:\/\/skaitytaknyga.lt\/wp-content\/uploads\/2025\/05\/Rastai-ir-parastes.webp\",\"datePublished\":\"2025-05-24T18:58:19+00:00\",\"dateModified\":\"2025-05-28T05:19:11+00:00\",\"description\":\"\u0160ioje knygoje Just. Marcinkevi\u010diaus k\u016bryba perskaitoma i\u0161 naujo, \u0161iandienin\u0117mis akimis. Analiz\u0117 ir interpretacija apr\u0117pia vis\u0105 k\u016bryb\u0105, svarbiausius\",\"breadcrumb\":{\"@id\":\"https:\/\/skaitytaknyga.lt\/produktas\/rastai-ir-parastes\/#breadcrumb\"},\"inLanguage\":\"en-GB\",\"potentialAction\":[{\"@type\":\"ReadAction\",\"target\":[\"https:\/\/skaitytaknyga.lt\/produktas\/rastai-ir-parastes\/\"]}]},{\"@type\":\"ImageObject\",\"inLanguage\":\"en-GB\",\"@id\":\"https:\/\/skaitytaknyga.lt\/produktas\/rastai-ir-parastes\/#primaryimage\",\"url\":\"https:\/\/skaitytaknyga.lt\/wp-content\/uploads\/2025\/05\/Rastai-ir-parastes.webp\",\"contentUrl\":\"https:\/\/skaitytaknyga.lt\/wp-content\/uploads\/2025\/05\/Rastai-ir-parastes.webp\",\"width\":512,\"height\":801,\"caption\":\"Ra\u0161tai ir para\u0161t\u0117s\"},{\"@type\":\"BreadcrumbList\",\"@id\":\"https:\/\/skaitytaknyga.lt\/produktas\/rastai-ir-parastes\/#breadcrumb\",\"itemListElement\":[{\"@type\":\"ListItem\",\"position\":1,\"name\":\"Home\",\"item\":\"https:\/\/skaitytaknyga.lt\/\"},{\"@type\":\"ListItem\",\"position\":2,\"name\":\"Parduotuv\u0117\",\"item\":\"https:\/\/skaitytaknyga.lt\/knygu-parduotuve\/\"},{\"@type\":\"ListItem\",\"position\":3,\"name\":\"Ra\u0161tai ir para\u0161t\u0117s\"}]},{\"@type\":\"WebSite\",\"@id\":\"https:\/\/skaitytaknyga.lt\/#website\",\"url\":\"https:\/\/skaitytaknyga.lt\/\",\"name\":\"skaitytaknyga.lt\",\"description\":\"Skaitytaknyga.lt \u2013 tai ma\u017eas \u0161eimos verslas, kuris prasid\u0117jo nuo meil\u0117s knygoms ir siekio i\u0161gelb\u0117ti knygas nuo likimo prie konteinerio. Kas vienam nereikalingas daiktas \u2013 kitam lobis, o mes esame tarpininkai, kurie padeda abiems tapti laimingesniems ???? \u017dinome kaip nelengva i\u0161gyventi ma\u017eiems verslams, tad nuo \u0161iol, \u010dia rasite ir kit\u0173, ma\u017e\u0173 \u0161eim\u0173 versl\u0173, rank\u0173 darbo, dovan\u0173 sau ir artimiesiems.\",\"publisher\":{\"@id\":\"https:\/\/skaitytaknyga.lt\/#organization\"},\"potentialAction\":[{\"@type\":\"SearchAction\",\"target\":{\"@type\":\"EntryPoint\",\"urlTemplate\":\"https:\/\/skaitytaknyga.lt\/?s={search_term_string}\"},\"query-input\":{\"@type\":\"PropertyValueSpecification\",\"valueRequired\":true,\"valueName\":\"search_term_string\"}}],\"inLanguage\":\"en-GB\"},{\"@type\":\"Organization\",\"@id\":\"https:\/\/skaitytaknyga.lt\/#organization\",\"name\":\"skaitytaknyga.lt\",\"url\":\"https:\/\/skaitytaknyga.lt\/\",\"logo\":{\"@type\":\"ImageObject\",\"inLanguage\":\"en-GB\",\"@id\":\"https:\/\/skaitytaknyga.lt\/#\/schema\/logo\/image\/\",\"url\":\"https:\/\/skaitytaknyga.lt\/wp-content\/uploads\/2024\/05\/cropped-cropped-cropped-02_00843_jt3bggkj1j3HLc7SyY6rEUpg.jpeg\",\"contentUrl\":\"https:\/\/skaitytaknyga.lt\/wp-content\/uploads\/2024\/05\/cropped-cropped-cropped-02_00843_jt3bggkj1j3HLc7SyY6rEUpg.jpeg\",\"width\":1600,\"height\":1600,\"caption\":\"skaitytaknyga.lt\"},\"image\":{\"@id\":\"https:\/\/skaitytaknyga.lt\/#\/schema\/logo\/image\/\"},\"sameAs\":[\"https:\/\/www.facebook.com\/skaitytaknyga\/\"]}]}<\/script>\n<!-- \/ Yoast SEO plugin. -->","yoast_head_json":{"title":"Ra\u0161tai ir para\u0161t\u0117s","description":"\u0160ioje knygoje Just. Marcinkevi\u010diaus k\u016bryba perskaitoma i\u0161 naujo, \u0161iandienin\u0117mis akimis. Analiz\u0117 ir interpretacija apr\u0117pia vis\u0105 k\u016bryb\u0105, svarbiausius","robots":{"index":"index","follow":"follow","max-snippet":"max-snippet:-1","max-image-preview":"max-image-preview:large","max-video-preview":"max-video-preview:-1"},"canonical":"https:\/\/skaitytaknyga.lt\/en\/produktas\/rastai-ir-parastes\/","og_locale":"en_GB","og_type":"article","og_title":"[:lt]Ra\u0161tai ir para\u0161t\u0117s[:] - Skaitytaknyga","og_description":"\u0160ioje knygoje Just. Marcinkevi\u010diaus k\u016bryba perskaitoma i\u0161 naujo, \u0161iandienin\u0117mis akimis. Analiz\u0117 ir interpretacija apr\u0117pia vis\u0105 k\u016bryb\u0105, svarbiausius","og_url":"https:\/\/skaitytaknyga.lt\/en\/produktas\/rastai-ir-parastes\/","og_site_name":"Skaitytaknyga","article_publisher":"https:\/\/www.facebook.com\/skaitytaknyga\/","article_modified_time":"2025-05-28T05:19:11+00:00","og_image":[{"width":512,"height":801,"url":"https:\/\/skaitytaknyga.lt\/wp-content\/uploads\/2025\/05\/Rastai-ir-parastes.webp","type":"image\/webp"}],"twitter_card":"summary_large_image","schema":{"@context":"https:\/\/schema.org","@graph":[{"@type":"WebPage","@id":"https:\/\/skaitytaknyga.lt\/produktas\/rastai-ir-parastes\/","url":"https:\/\/skaitytaknyga.lt\/produktas\/rastai-ir-parastes\/","name":"Ra\u0161tai ir para\u0161t\u0117s","isPartOf":{"@id":"https:\/\/skaitytaknyga.lt\/#website"},"primaryImageOfPage":{"@id":"https:\/\/skaitytaknyga.lt\/produktas\/rastai-ir-parastes\/#primaryimage"},"image":{"@id":"https:\/\/skaitytaknyga.lt\/produktas\/rastai-ir-parastes\/#primaryimage"},"thumbnailUrl":"https:\/\/skaitytaknyga.lt\/wp-content\/uploads\/2025\/05\/Rastai-ir-parastes.webp","datePublished":"2025-05-24T18:58:19+00:00","dateModified":"2025-05-28T05:19:11+00:00","description":"\u0160ioje knygoje Just. Marcinkevi\u010diaus k\u016bryba perskaitoma i\u0161 naujo, \u0161iandienin\u0117mis akimis. Analiz\u0117 ir interpretacija apr\u0117pia vis\u0105 k\u016bryb\u0105, svarbiausius","breadcrumb":{"@id":"https:\/\/skaitytaknyga.lt\/produktas\/rastai-ir-parastes\/#breadcrumb"},"inLanguage":"en-GB","potentialAction":[{"@type":"ReadAction","target":["https:\/\/skaitytaknyga.lt\/produktas\/rastai-ir-parastes\/"]}]},{"@type":"ImageObject","inLanguage":"en-GB","@id":"https:\/\/skaitytaknyga.lt\/produktas\/rastai-ir-parastes\/#primaryimage","url":"https:\/\/skaitytaknyga.lt\/wp-content\/uploads\/2025\/05\/Rastai-ir-parastes.webp","contentUrl":"https:\/\/skaitytaknyga.lt\/wp-content\/uploads\/2025\/05\/Rastai-ir-parastes.webp","width":512,"height":801,"caption":"Ra\u0161tai ir para\u0161t\u0117s"},{"@type":"BreadcrumbList","@id":"https:\/\/skaitytaknyga.lt\/produktas\/rastai-ir-parastes\/#breadcrumb","itemListElement":[{"@type":"ListItem","position":1,"name":"Home","item":"https:\/\/skaitytaknyga.lt\/"},{"@type":"ListItem","position":2,"name":"Parduotuv\u0117","item":"https:\/\/skaitytaknyga.lt\/knygu-parduotuve\/"},{"@type":"ListItem","position":3,"name":"Ra\u0161tai ir para\u0161t\u0117s"}]},{"@type":"WebSite","@id":"https:\/\/skaitytaknyga.lt\/#website","url":"https:\/\/skaitytaknyga.lt\/","name":"skaitytaknyga.lt","description":"Skaitytaknyga.lt \u2013 tai ma\u017eas \u0161eimos verslas, kuris prasid\u0117jo nuo meil\u0117s knygoms ir siekio i\u0161gelb\u0117ti knygas nuo likimo prie konteinerio. Kas vienam nereikalingas daiktas \u2013 kitam lobis, o mes esame tarpininkai, kurie padeda abiems tapti laimingesniems ???? \u017dinome kaip nelengva i\u0161gyventi ma\u017eiems verslams, tad nuo \u0161iol, \u010dia rasite ir kit\u0173, ma\u017e\u0173 \u0161eim\u0173 versl\u0173, rank\u0173 darbo, dovan\u0173 sau ir artimiesiems.","publisher":{"@id":"https:\/\/skaitytaknyga.lt\/#organization"},"potentialAction":[{"@type":"SearchAction","target":{"@type":"EntryPoint","urlTemplate":"https:\/\/skaitytaknyga.lt\/?s={search_term_string}"},"query-input":{"@type":"PropertyValueSpecification","valueRequired":true,"valueName":"search_term_string"}}],"inLanguage":"en-GB"},{"@type":"Organization","@id":"https:\/\/skaitytaknyga.lt\/#organization","name":"skaitytaknyga.lt","url":"https:\/\/skaitytaknyga.lt\/","logo":{"@type":"ImageObject","inLanguage":"en-GB","@id":"https:\/\/skaitytaknyga.lt\/#\/schema\/logo\/image\/","url":"https:\/\/skaitytaknyga.lt\/wp-content\/uploads\/2024\/05\/cropped-cropped-cropped-02_00843_jt3bggkj1j3HLc7SyY6rEUpg.jpeg","contentUrl":"https:\/\/skaitytaknyga.lt\/wp-content\/uploads\/2024\/05\/cropped-cropped-cropped-02_00843_jt3bggkj1j3HLc7SyY6rEUpg.jpeg","width":1600,"height":1600,"caption":"skaitytaknyga.lt"},"image":{"@id":"https:\/\/skaitytaknyga.lt\/#\/schema\/logo\/image\/"},"sameAs":["https:\/\/www.facebook.com\/skaitytaknyga\/"]}]}},"_links":{"self":[{"href":"https:\/\/skaitytaknyga.lt\/en\/wp-json\/wp\/v2\/product\/18525","targetHints":{"allow":["GET"]}}],"collection":[{"href":"https:\/\/skaitytaknyga.lt\/en\/wp-json\/wp\/v2\/product"}],"about":[{"href":"https:\/\/skaitytaknyga.lt\/en\/wp-json\/wp\/v2\/types\/product"}],"replies":[{"embeddable":true,"href":"https:\/\/skaitytaknyga.lt\/en\/wp-json\/wp\/v2\/comments?post=18525"}],"wp:featuredmedia":[{"embeddable":true,"href":"https:\/\/skaitytaknyga.lt\/en\/wp-json\/wp\/v2\/media\/18528"}],"wp:attachment":[{"href":"https:\/\/skaitytaknyga.lt\/en\/wp-json\/wp\/v2\/media?parent=18525"}],"wp:term":[{"taxonomy":"product_brand","embeddable":true,"href":"https:\/\/skaitytaknyga.lt\/en\/wp-json\/wp\/v2\/product_brand?post=18525"},{"taxonomy":"product_cat","embeddable":true,"href":"https:\/\/skaitytaknyga.lt\/en\/wp-json\/wp\/v2\/product_cat?post=18525"},{"taxonomy":"product_tag","embeddable":true,"href":"https:\/\/skaitytaknyga.lt\/en\/wp-json\/wp\/v2\/product_tag?post=18525"}],"curies":[{"name":"wp","href":"https:\/\/api.w.org\/{rel}","templated":true}]}}