{"id":18521,"date":"2025-05-24T21:55:58","date_gmt":"2025-05-24T18:55:58","guid":{"rendered":"https:\/\/skaitytaknyga.lt\/?post_type=product&#038;p=18521"},"modified":"2025-05-28T08:19:11","modified_gmt":"2025-05-28T05:19:11","slug":"1-minutes-pasakaites-pries-miega","status":"publish","type":"product","link":"https:\/\/skaitytaknyga.lt\/en\/produktas\/1-minutes-pasakaites-pries-miega\/","title":{"rendered":"1 minut\u0117s pasakait\u0117s prie\u0161 mieg\u0105"},"content":{"rendered":"<p>Laimingajame miestuke gyvena mieli draugai: batsiuvys Keng\u016brius, dailinink\u0117 Boru\u017e\u0117l\u0117, santechnikas Strutis, in\u017einierius Bebras, sodinink\u0117 O\u017ekyt\u0117 ir dar daug kit\u0173. \u0160ioje knygoje surinktos j\u0173 linksmos, \u017eaismingos ir \u0161viesios istorijos, kurias galima perskaityti labai greitai \u2013 vos per minut\u0119&#8230;<br \/>\n&#8230;t\u0105 tikrai ypating\u0105 minut\u0119 visai prie\u0161 u\u017emerkiant akeles ir su\u0161nib\u017edant: \u201eLabos nakties!\u201c<\/p>\n<p>\u201e1 minut\u0117s pasakait\u0117s prie\u0161 mieg\u0105\u201c:<\/p>\n<p>\u2022    Lavina vaizduot\u0119<br \/>\n\u2022    Moko gerumo, i\u0161minties ir \u0161maik\u0161tumo<br \/>\n\u2022    \u0160velnios ir \u0161viesios pasak\u0117l\u0117s nuteikia maloniai prie\u0161 mieg\u0105<\/p>\n","protected":false},"excerpt":{"rendered":"<p>Laimingajame miestuke gyvena mieli draugai: batsiuvys Keng\u016brius, dailinink\u0117 Boru\u017e\u0117l\u0117, santechnikas Strutis, in\u017einierius Bebras, sodinink\u0117 O\u017ekyt\u0117 ir dar daug kit\u0173. \u0160ioje knygoje surinktos j\u0173 linksmos, \u017eaismingos ir \u0161viesios istorijos, kurias galima perskaityti labai greitai \u2013 vos per minut\u0119&#8230; &#8230;t\u0105 tikrai ypating\u0105 minut\u0119 visai prie\u0161 u\u017emerkiant akeles ir su\u0161nib\u017edant: \u201eLabos nakties!\u201c \u201e1 minut\u0117s pasakait\u0117s prie\u0161 mieg\u0105\u201c: \u2022 Lavina vaizduot\u0119 \u2022 Moko gerumo, i\u0161minties ir \u0161maik\u0161tumo \u2022 \u0160velnios ir \u0161viesios pasak\u0117l\u0117s nuteikia maloniai prie\u0161 mieg\u0105<\/p>\n","protected":false},"featured_media":18526,"comment_status":"open","ping_status":"closed","template":"","meta":{"_acf_changed":false,"site-sidebar-layout":"default","site-content-layout":"","ast-site-content-layout":"default","site-content-style":"default","site-sidebar-style":"default","ast-global-header-display":"","ast-banner-title-visibility":"","ast-main-header-display":"","ast-hfb-above-header-display":"","ast-hfb-below-header-display":"","ast-hfb-mobile-header-display":"","site-post-title":"","ast-breadcrumbs-content":"","ast-featured-img":"","footer-sml-layout":"","ast-disable-related-posts":"","theme-transparent-header-meta":"","adv-header-id-meta":"","stick-header-meta":"","header-above-stick-meta":"","header-main-stick-meta":"","header-below-stick-meta":"","astra-migrate-meta-layouts":"default","ast-page-background-enabled":"default","ast-page-background-meta":{"desktop":{"background-color":"","background-image":"","background-repeat":"repeat","background-position":"center center","background-size":"auto","background-attachment":"scroll","background-type":"","background-media":"","overlay-type":"","overlay-color":"","overlay-opacity":"","overlay-gradient":""},"tablet":{"background-color":"","background-image":"","background-repeat":"repeat","background-position":"center center","background-size":"auto","background-attachment":"scroll","background-type":"","background-media":"","overlay-type":"","overlay-color":"","overlay-opacity":"","overlay-gradient":""},"mobile":{"background-color":"","background-image":"","background-repeat":"repeat","background-position":"center center","background-size":"auto","background-attachment":"scroll","background-type":"","background-media":"","overlay-type":"","overlay-color":"","overlay-opacity":"","overlay-gradient":""}},"ast-content-background-meta":{"desktop":{"background-color":"var(--ast-global-color-4)","background-image":"","background-repeat":"repeat","background-position":"center center","background-size":"auto","background-attachment":"scroll","background-type":"","background-media":"","overlay-type":"","overlay-color":"","overlay-opacity":"","overlay-gradient":""},"tablet":{"background-color":"var(--ast-global-color-4)","background-image":"","background-repeat":"repeat","background-position":"center center","background-size":"auto","background-attachment":"scroll","background-type":"","background-media":"","overlay-type":"","overlay-color":"","overlay-opacity":"","overlay-gradient":""},"mobile":{"background-color":"var(--ast-global-color-4)","background-image":"","background-repeat":"repeat","background-position":"center center","background-size":"auto","background-attachment":"scroll","background-type":"","background-media":"","overlay-type":"","overlay-color":"","overlay-opacity":"","overlay-gradient":""}}},"product_brand":[],"product_cat":[15],"product_tag":[1647,4437,2350,1785],"class_list":{"0":"post-18521","1":"product","2":"type-product","3":"status-publish","4":"has-post-thumbnail","6":"product_cat-uncategorized","7":"product_tag-draugyste","8":"product_tag-miegas","9":"product_tag-mokymas","10":"product_tag-vaikams","11":"desktop-align-left","12":"tablet-align-left","13":"mobile-align-left","15":"first","16":"instock","17":"shipping-taxable","18":"purchasable","19":"product-type-simple"},"acf":[],"yoast_head":"<!-- This site is optimized with the Yoast SEO plugin v27.0 - https:\/\/yoast.com\/product\/yoast-seo-wordpress\/ -->\n<title>1 minut\u0117s pasakait\u0117s prie\u0161 mieg\u0105<\/title>\n<meta name=\"description\" content=\"Laimingajame miestuke gyvena mieli draugai: batsiuvys Keng\u016brius, dailinink\u0117 Boru\u017e\u0117l\u0117, santechnikas Strutis, in\u017einierius Bebras, sodinink\u0117 O\u017ekyt\u0117 ir dar\" \/>\n<meta name=\"robots\" content=\"index, follow, max-snippet:-1, max-image-preview:large, max-video-preview:-1\" \/>\n<link rel=\"canonical\" href=\"https:\/\/skaitytaknyga.lt\/en\/produktas\/1-minutes-pasakaites-pries-miega\/\" \/>\n<meta property=\"og:locale\" content=\"en_GB\" \/>\n<meta property=\"og:locale:alternate\" content=\"lt_LT\" \/>\n<meta property=\"og:type\" content=\"article\" \/>\n<meta property=\"og:title\" content=\"1 minut\u0117s pasakait\u0117s prie\u0161 mieg\u0105\" \/>\n<meta property=\"og:description\" content=\"Laimingajame miestuke gyvena mieli draugai: batsiuvys Keng\u016brius, dailinink\u0117 Boru\u017e\u0117l\u0117, santechnikas Strutis, in\u017einierius Bebras, sodinink\u0117 O\u017ekyt\u0117 ir dar\" \/>\n<meta property=\"og:url\" content=\"https:\/\/skaitytaknyga.lt\/en\/produktas\/1-minutes-pasakaites-pries-miega\/\" \/>\n<meta property=\"og:site_name\" content=\"Skaitytaknyga\" \/>\n<meta property=\"article:publisher\" content=\"https:\/\/www.facebook.com\/skaitytaknyga\/\" \/>\n<meta property=\"article:modified_time\" content=\"2025-05-28T05:19:11+00:00\" \/>\n<meta property=\"og:image\" content=\"https:\/\/skaitytaknyga.lt\/wp-content\/uploads\/2025\/05\/1-minutes-pasakaites-pries-miega-1.webp\" \/>\n\t<meta property=\"og:image:width\" content=\"595\" \/>\n\t<meta property=\"og:image:height\" content=\"600\" \/>\n\t<meta property=\"og:image:type\" content=\"image\/webp\" \/>\n<meta name=\"twitter:card\" content=\"summary_large_image\" \/>\n<script type=\"application\/ld+json\" class=\"yoast-schema-graph\">{\"@context\":\"https:\/\/schema.org\",\"@graph\":[{\"@type\":\"WebPage\",\"@id\":\"https:\/\/skaitytaknyga.lt\/produktas\/1-minutes-pasakaites-pries-miega\/\",\"url\":\"https:\/\/skaitytaknyga.lt\/produktas\/1-minutes-pasakaites-pries-miega\/\",\"name\":\"1 minut\u0117s pasakait\u0117s prie\u0161 mieg\u0105\",\"isPartOf\":{\"@id\":\"https:\/\/skaitytaknyga.lt\/#website\"},\"primaryImageOfPage\":{\"@id\":\"https:\/\/skaitytaknyga.lt\/produktas\/1-minutes-pasakaites-pries-miega\/#primaryimage\"},\"image\":{\"@id\":\"https:\/\/skaitytaknyga.lt\/produktas\/1-minutes-pasakaites-pries-miega\/#primaryimage\"},\"thumbnailUrl\":\"https:\/\/skaitytaknyga.lt\/wp-content\/uploads\/2025\/05\/1-minutes-pasakaites-pries-miega-1.webp\",\"datePublished\":\"2025-05-24T18:55:58+00:00\",\"dateModified\":\"2025-05-28T05:19:11+00:00\",\"description\":\"Laimingajame miestuke gyvena mieli draugai: batsiuvys Keng\u016brius, dailinink\u0117 Boru\u017e\u0117l\u0117, santechnikas Strutis, in\u017einierius Bebras, sodinink\u0117 O\u017ekyt\u0117 ir dar\",\"breadcrumb\":{\"@id\":\"https:\/\/skaitytaknyga.lt\/produktas\/1-minutes-pasakaites-pries-miega\/#breadcrumb\"},\"inLanguage\":\"en-GB\",\"potentialAction\":[{\"@type\":\"ReadAction\",\"target\":[\"https:\/\/skaitytaknyga.lt\/produktas\/1-minutes-pasakaites-pries-miega\/\"]}]},{\"@type\":\"ImageObject\",\"inLanguage\":\"en-GB\",\"@id\":\"https:\/\/skaitytaknyga.lt\/produktas\/1-minutes-pasakaites-pries-miega\/#primaryimage\",\"url\":\"https:\/\/skaitytaknyga.lt\/wp-content\/uploads\/2025\/05\/1-minutes-pasakaites-pries-miega-1.webp\",\"contentUrl\":\"https:\/\/skaitytaknyga.lt\/wp-content\/uploads\/2025\/05\/1-minutes-pasakaites-pries-miega-1.webp\",\"width\":595,\"height\":600,\"caption\":\"1 minut\u0117s pasakait\u0117s prie\u0161 mieg\u0105\"},{\"@type\":\"BreadcrumbList\",\"@id\":\"https:\/\/skaitytaknyga.lt\/produktas\/1-minutes-pasakaites-pries-miega\/#breadcrumb\",\"itemListElement\":[{\"@type\":\"ListItem\",\"position\":1,\"name\":\"Home\",\"item\":\"https:\/\/skaitytaknyga.lt\/\"},{\"@type\":\"ListItem\",\"position\":2,\"name\":\"Parduotuv\u0117\",\"item\":\"https:\/\/skaitytaknyga.lt\/knygu-parduotuve\/\"},{\"@type\":\"ListItem\",\"position\":3,\"name\":\"1 minut\u0117s pasakait\u0117s prie\u0161 mieg\u0105\"}]},{\"@type\":\"WebSite\",\"@id\":\"https:\/\/skaitytaknyga.lt\/#website\",\"url\":\"https:\/\/skaitytaknyga.lt\/\",\"name\":\"skaitytaknyga.lt\",\"description\":\"Skaitytaknyga.lt \u2013 tai ma\u017eas \u0161eimos verslas, kuris prasid\u0117jo nuo meil\u0117s knygoms ir siekio i\u0161gelb\u0117ti knygas nuo likimo prie konteinerio. Kas vienam nereikalingas daiktas \u2013 kitam lobis, o mes esame tarpininkai, kurie padeda abiems tapti laimingesniems ???? \u017dinome kaip nelengva i\u0161gyventi ma\u017eiems verslams, tad nuo \u0161iol, \u010dia rasite ir kit\u0173, ma\u017e\u0173 \u0161eim\u0173 versl\u0173, rank\u0173 darbo, dovan\u0173 sau ir artimiesiems.\",\"publisher\":{\"@id\":\"https:\/\/skaitytaknyga.lt\/#organization\"},\"potentialAction\":[{\"@type\":\"SearchAction\",\"target\":{\"@type\":\"EntryPoint\",\"urlTemplate\":\"https:\/\/skaitytaknyga.lt\/?s={search_term_string}\"},\"query-input\":{\"@type\":\"PropertyValueSpecification\",\"valueRequired\":true,\"valueName\":\"search_term_string\"}}],\"inLanguage\":\"en-GB\"},{\"@type\":\"Organization\",\"@id\":\"https:\/\/skaitytaknyga.lt\/#organization\",\"name\":\"skaitytaknyga.lt\",\"url\":\"https:\/\/skaitytaknyga.lt\/\",\"logo\":{\"@type\":\"ImageObject\",\"inLanguage\":\"en-GB\",\"@id\":\"https:\/\/skaitytaknyga.lt\/#\/schema\/logo\/image\/\",\"url\":\"https:\/\/skaitytaknyga.lt\/wp-content\/uploads\/2024\/05\/cropped-cropped-cropped-02_00843_jt3bggkj1j3HLc7SyY6rEUpg.jpeg\",\"contentUrl\":\"https:\/\/skaitytaknyga.lt\/wp-content\/uploads\/2024\/05\/cropped-cropped-cropped-02_00843_jt3bggkj1j3HLc7SyY6rEUpg.jpeg\",\"width\":1600,\"height\":1600,\"caption\":\"skaitytaknyga.lt\"},\"image\":{\"@id\":\"https:\/\/skaitytaknyga.lt\/#\/schema\/logo\/image\/\"},\"sameAs\":[\"https:\/\/www.facebook.com\/skaitytaknyga\/\"]}]}<\/script>\n<!-- \/ Yoast SEO plugin. -->","yoast_head_json":{"title":"1 minut\u0117s pasakait\u0117s prie\u0161 mieg\u0105","description":"Laimingajame miestuke gyvena mieli draugai: batsiuvys Keng\u016brius, dailinink\u0117 Boru\u017e\u0117l\u0117, santechnikas Strutis, in\u017einierius Bebras, sodinink\u0117 O\u017ekyt\u0117 ir dar","robots":{"index":"index","follow":"follow","max-snippet":"max-snippet:-1","max-image-preview":"max-image-preview:large","max-video-preview":"max-video-preview:-1"},"canonical":"https:\/\/skaitytaknyga.lt\/en\/produktas\/1-minutes-pasakaites-pries-miega\/","og_locale":"en_GB","og_type":"article","og_title":"[:lt]1 minut\u0117s pasakait\u0117s prie\u0161 mieg\u0105[:] - Skaitytaknyga","og_description":"Laimingajame miestuke gyvena mieli draugai: batsiuvys Keng\u016brius, dailinink\u0117 Boru\u017e\u0117l\u0117, santechnikas Strutis, in\u017einierius Bebras, sodinink\u0117 O\u017ekyt\u0117 ir dar","og_url":"https:\/\/skaitytaknyga.lt\/en\/produktas\/1-minutes-pasakaites-pries-miega\/","og_site_name":"Skaitytaknyga","article_publisher":"https:\/\/www.facebook.com\/skaitytaknyga\/","article_modified_time":"2025-05-28T05:19:11+00:00","og_image":[{"width":595,"height":600,"url":"https:\/\/skaitytaknyga.lt\/wp-content\/uploads\/2025\/05\/1-minutes-pasakaites-pries-miega-1.webp","type":"image\/webp"}],"twitter_card":"summary_large_image","schema":{"@context":"https:\/\/schema.org","@graph":[{"@type":"WebPage","@id":"https:\/\/skaitytaknyga.lt\/produktas\/1-minutes-pasakaites-pries-miega\/","url":"https:\/\/skaitytaknyga.lt\/produktas\/1-minutes-pasakaites-pries-miega\/","name":"1 minut\u0117s pasakait\u0117s prie\u0161 mieg\u0105","isPartOf":{"@id":"https:\/\/skaitytaknyga.lt\/#website"},"primaryImageOfPage":{"@id":"https:\/\/skaitytaknyga.lt\/produktas\/1-minutes-pasakaites-pries-miega\/#primaryimage"},"image":{"@id":"https:\/\/skaitytaknyga.lt\/produktas\/1-minutes-pasakaites-pries-miega\/#primaryimage"},"thumbnailUrl":"https:\/\/skaitytaknyga.lt\/wp-content\/uploads\/2025\/05\/1-minutes-pasakaites-pries-miega-1.webp","datePublished":"2025-05-24T18:55:58+00:00","dateModified":"2025-05-28T05:19:11+00:00","description":"Laimingajame miestuke gyvena mieli draugai: batsiuvys Keng\u016brius, dailinink\u0117 Boru\u017e\u0117l\u0117, santechnikas Strutis, in\u017einierius Bebras, sodinink\u0117 O\u017ekyt\u0117 ir dar","breadcrumb":{"@id":"https:\/\/skaitytaknyga.lt\/produktas\/1-minutes-pasakaites-pries-miega\/#breadcrumb"},"inLanguage":"en-GB","potentialAction":[{"@type":"ReadAction","target":["https:\/\/skaitytaknyga.lt\/produktas\/1-minutes-pasakaites-pries-miega\/"]}]},{"@type":"ImageObject","inLanguage":"en-GB","@id":"https:\/\/skaitytaknyga.lt\/produktas\/1-minutes-pasakaites-pries-miega\/#primaryimage","url":"https:\/\/skaitytaknyga.lt\/wp-content\/uploads\/2025\/05\/1-minutes-pasakaites-pries-miega-1.webp","contentUrl":"https:\/\/skaitytaknyga.lt\/wp-content\/uploads\/2025\/05\/1-minutes-pasakaites-pries-miega-1.webp","width":595,"height":600,"caption":"1 minut\u0117s pasakait\u0117s prie\u0161 mieg\u0105"},{"@type":"BreadcrumbList","@id":"https:\/\/skaitytaknyga.lt\/produktas\/1-minutes-pasakaites-pries-miega\/#breadcrumb","itemListElement":[{"@type":"ListItem","position":1,"name":"Home","item":"https:\/\/skaitytaknyga.lt\/"},{"@type":"ListItem","position":2,"name":"Parduotuv\u0117","item":"https:\/\/skaitytaknyga.lt\/knygu-parduotuve\/"},{"@type":"ListItem","position":3,"name":"1 minut\u0117s pasakait\u0117s prie\u0161 mieg\u0105"}]},{"@type":"WebSite","@id":"https:\/\/skaitytaknyga.lt\/#website","url":"https:\/\/skaitytaknyga.lt\/","name":"skaitytaknyga.lt","description":"Skaitytaknyga.lt \u2013 tai ma\u017eas \u0161eimos verslas, kuris prasid\u0117jo nuo meil\u0117s knygoms ir siekio i\u0161gelb\u0117ti knygas nuo likimo prie konteinerio. Kas vienam nereikalingas daiktas \u2013 kitam lobis, o mes esame tarpininkai, kurie padeda abiems tapti laimingesniems ???? \u017dinome kaip nelengva i\u0161gyventi ma\u017eiems verslams, tad nuo \u0161iol, \u010dia rasite ir kit\u0173, ma\u017e\u0173 \u0161eim\u0173 versl\u0173, rank\u0173 darbo, dovan\u0173 sau ir artimiesiems.","publisher":{"@id":"https:\/\/skaitytaknyga.lt\/#organization"},"potentialAction":[{"@type":"SearchAction","target":{"@type":"EntryPoint","urlTemplate":"https:\/\/skaitytaknyga.lt\/?s={search_term_string}"},"query-input":{"@type":"PropertyValueSpecification","valueRequired":true,"valueName":"search_term_string"}}],"inLanguage":"en-GB"},{"@type":"Organization","@id":"https:\/\/skaitytaknyga.lt\/#organization","name":"skaitytaknyga.lt","url":"https:\/\/skaitytaknyga.lt\/","logo":{"@type":"ImageObject","inLanguage":"en-GB","@id":"https:\/\/skaitytaknyga.lt\/#\/schema\/logo\/image\/","url":"https:\/\/skaitytaknyga.lt\/wp-content\/uploads\/2024\/05\/cropped-cropped-cropped-02_00843_jt3bggkj1j3HLc7SyY6rEUpg.jpeg","contentUrl":"https:\/\/skaitytaknyga.lt\/wp-content\/uploads\/2024\/05\/cropped-cropped-cropped-02_00843_jt3bggkj1j3HLc7SyY6rEUpg.jpeg","width":1600,"height":1600,"caption":"skaitytaknyga.lt"},"image":{"@id":"https:\/\/skaitytaknyga.lt\/#\/schema\/logo\/image\/"},"sameAs":["https:\/\/www.facebook.com\/skaitytaknyga\/"]}]}},"_links":{"self":[{"href":"https:\/\/skaitytaknyga.lt\/en\/wp-json\/wp\/v2\/product\/18521","targetHints":{"allow":["GET"]}}],"collection":[{"href":"https:\/\/skaitytaknyga.lt\/en\/wp-json\/wp\/v2\/product"}],"about":[{"href":"https:\/\/skaitytaknyga.lt\/en\/wp-json\/wp\/v2\/types\/product"}],"replies":[{"embeddable":true,"href":"https:\/\/skaitytaknyga.lt\/en\/wp-json\/wp\/v2\/comments?post=18521"}],"wp:featuredmedia":[{"embeddable":true,"href":"https:\/\/skaitytaknyga.lt\/en\/wp-json\/wp\/v2\/media\/18526"}],"wp:attachment":[{"href":"https:\/\/skaitytaknyga.lt\/en\/wp-json\/wp\/v2\/media?parent=18521"}],"wp:term":[{"taxonomy":"product_brand","embeddable":true,"href":"https:\/\/skaitytaknyga.lt\/en\/wp-json\/wp\/v2\/product_brand?post=18521"},{"taxonomy":"product_cat","embeddable":true,"href":"https:\/\/skaitytaknyga.lt\/en\/wp-json\/wp\/v2\/product_cat?post=18521"},{"taxonomy":"product_tag","embeddable":true,"href":"https:\/\/skaitytaknyga.lt\/en\/wp-json\/wp\/v2\/product_tag?post=18521"}],"curies":[{"name":"wp","href":"https:\/\/api.w.org\/{rel}","templated":true}]}}