{"id":18513,"date":"2025-05-24T20:50:22","date_gmt":"2025-05-24T17:50:22","guid":{"rendered":"https:\/\/skaitytaknyga.lt\/?post_type=product&#038;p=18513"},"modified":"2025-12-03T22:31:37","modified_gmt":"2025-12-03T20:31:37","slug":"mylesiu-tave-kad-ir-kas-nutiktu","status":"publish","type":"product","link":"https:\/\/skaitytaknyga.lt\/en\/produktas\/mylesiu-tave-kad-ir-kas-nutiktu\/","title":{"rendered":"Myl\u0117siu tave, kad ir kas nutikt\u0173"},"content":{"rendered":"<p>Ma\u017eylis verk\u0161lena:<br \/>\n\u2013 A\u0161 piktas ir ni\u016brus,<br \/>\nnes nieks man\u0119s nemyli.<\/p>\n<p>\u2013 Ma\u017eyli, \u2013 taria jam mama, \u2013 ir pikt\u0105, ir nepikt\u0105,<br \/>\nMyl\u0117siu visada tave,<br \/>\nKad mums ir kas nutikt\u0173.<\/p>\n<p>Talentingos ra\u0161ytojos ir dailinink\u0117s Debi Gliori knygel\u0117 \u201eMyl\u0117siu tave, kad ir kas nutikt\u0173&#8221; linksmai ir ner\u016bpestingai atsako \u012f sud\u0117tingus vaik\u0173 klausimus. Tai \u0161iltas ir jautrus padykusio ma\u017eojo lapiuko ir jo mamos pokalbis apie bes\u0105lygin\u0119 t\u0117v\u0173 meil\u0119.<\/p>\n","protected":false},"excerpt":{"rendered":"<p>Ma\u017eylis verk\u0161lena: \u2013 A\u0161 piktas ir ni\u016brus, nes nieks man\u0119s nemyli. \u2013 Ma\u017eyli, \u2013 taria jam mama, \u2013 ir pikt\u0105, ir nepikt\u0105, Myl\u0117siu visada tave, Kad mums ir kas nutikt\u0173. Talentingos ra\u0161ytojos ir dailinink\u0117s Debi Gliori knygel\u0117 \u201eMyl\u0117siu tave, kad ir kas nutikt\u0173&#8221; linksmai ir ner\u016bpestingai atsako \u012f sud\u0117tingus vaik\u0173 klausimus. Tai \u0161iltas ir jautrus padykusio ma\u017eojo lapiuko ir jo mamos pokalbis apie bes\u0105lygin\u0119 t\u0117v\u0173 meil\u0119.<\/p>\n","protected":false},"featured_media":18518,"comment_status":"open","ping_status":"closed","template":"","meta":{"_acf_changed":false,"site-sidebar-layout":"default","site-content-layout":"","ast-site-content-layout":"default","site-content-style":"default","site-sidebar-style":"default","ast-global-header-display":"","ast-banner-title-visibility":"","ast-main-header-display":"","ast-hfb-above-header-display":"","ast-hfb-below-header-display":"","ast-hfb-mobile-header-display":"","site-post-title":"","ast-breadcrumbs-content":"","ast-featured-img":"","footer-sml-layout":"","ast-disable-related-posts":"","theme-transparent-header-meta":"","adv-header-id-meta":"","stick-header-meta":"","header-above-stick-meta":"","header-main-stick-meta":"","header-below-stick-meta":"","astra-migrate-meta-layouts":"default","ast-page-background-enabled":"default","ast-page-background-meta":{"desktop":{"background-color":"","background-image":"","background-repeat":"repeat","background-position":"center center","background-size":"auto","background-attachment":"scroll","background-type":"","background-media":"","overlay-type":"","overlay-color":"","overlay-opacity":"","overlay-gradient":""},"tablet":{"background-color":"","background-image":"","background-repeat":"repeat","background-position":"center center","background-size":"auto","background-attachment":"scroll","background-type":"","background-media":"","overlay-type":"","overlay-color":"","overlay-opacity":"","overlay-gradient":""},"mobile":{"background-color":"","background-image":"","background-repeat":"repeat","background-position":"center center","background-size":"auto","background-attachment":"scroll","background-type":"","background-media":"","overlay-type":"","overlay-color":"","overlay-opacity":"","overlay-gradient":""}},"ast-content-background-meta":{"desktop":{"background-color":"var(--ast-global-color-4)","background-image":"","background-repeat":"repeat","background-position":"center center","background-size":"auto","background-attachment":"scroll","background-type":"","background-media":"","overlay-type":"","overlay-color":"","overlay-opacity":"","overlay-gradient":""},"tablet":{"background-color":"var(--ast-global-color-4)","background-image":"","background-repeat":"repeat","background-position":"center center","background-size":"auto","background-attachment":"scroll","background-type":"","background-media":"","overlay-type":"","overlay-color":"","overlay-opacity":"","overlay-gradient":""},"mobile":{"background-color":"var(--ast-global-color-4)","background-image":"","background-repeat":"repeat","background-position":"center center","background-size":"auto","background-attachment":"scroll","background-type":"","background-media":"","overlay-type":"","overlay-color":"","overlay-opacity":"","overlay-gradient":""}}},"product_brand":[],"product_cat":[15],"product_tag":[4431,4432,1796,1646,1785],"class_list":{"0":"post-18513","1":"product","2":"type-product","3":"status-publish","4":"has-post-thumbnail","6":"product_cat-uncategorized","7":"product_tag-debi-gliori","8":"product_tag-lapiukai","9":"product_tag-meile","10":"product_tag-seima","11":"product_tag-vaikams","12":"desktop-align-left","13":"tablet-align-left","14":"mobile-align-left","16":"first","17":"outofstock","18":"shipping-taxable","19":"purchasable","20":"product-type-simple"},"acf":[],"yoast_head":"<!-- This site is optimized with the Yoast SEO plugin v27.0 - https:\/\/yoast.com\/product\/yoast-seo-wordpress\/ -->\n<title>Myl\u0117siu tave, kad ir kas nutikt\u0173<\/title>\n<meta name=\"description\" content=\"Ma\u017eylis verk\u0161lena: \u2013 A\u0161 piktas ir ni\u016brus, nes nieks man\u0119s nemyli. \u2013 Ma\u017eyli, \u2013 taria jam mama, \u2013 ir pikt\u0105, ir nepikt\u0105, Myl\u0117siu visada tave, Kad mums ir kas\" \/>\n<meta name=\"robots\" content=\"index, follow, max-snippet:-1, max-image-preview:large, max-video-preview:-1\" \/>\n<link rel=\"canonical\" href=\"https:\/\/skaitytaknyga.lt\/en\/produktas\/mylesiu-tave-kad-ir-kas-nutiktu\/\" \/>\n<meta property=\"og:locale\" content=\"en_GB\" \/>\n<meta property=\"og:locale:alternate\" content=\"lt_LT\" \/>\n<meta property=\"og:type\" content=\"article\" \/>\n<meta property=\"og:title\" content=\"Myl\u0117siu tave, kad ir kas nutikt\u0173\" \/>\n<meta property=\"og:description\" content=\"Ma\u017eylis verk\u0161lena: \u2013 A\u0161 piktas ir ni\u016brus, nes nieks man\u0119s nemyli. \u2013 Ma\u017eyli, \u2013 taria jam mama, \u2013 ir pikt\u0105, ir nepikt\u0105, Myl\u0117siu visada tave, Kad mums ir kas\" \/>\n<meta property=\"og:url\" content=\"https:\/\/skaitytaknyga.lt\/en\/produktas\/mylesiu-tave-kad-ir-kas-nutiktu\/\" \/>\n<meta property=\"og:site_name\" content=\"Skaitytaknyga\" \/>\n<meta property=\"article:publisher\" content=\"https:\/\/www.facebook.com\/skaitytaknyga\/\" \/>\n<meta property=\"article:modified_time\" content=\"2025-12-03T20:31:37+00:00\" \/>\n<meta property=\"og:image\" content=\"https:\/\/skaitytaknyga.lt\/wp-content\/uploads\/2025\/05\/Mylesiu-tave-kad-ir-kas-nutiktu.webp\" \/>\n\t<meta property=\"og:image:width\" content=\"510\" \/>\n\t<meta property=\"og:image:height\" content=\"652\" \/>\n\t<meta property=\"og:image:type\" content=\"image\/webp\" \/>\n<meta name=\"twitter:card\" content=\"summary_large_image\" \/>\n<script type=\"application\/ld+json\" class=\"yoast-schema-graph\">{\"@context\":\"https:\/\/schema.org\",\"@graph\":[{\"@type\":\"WebPage\",\"@id\":\"https:\/\/skaitytaknyga.lt\/produktas\/mylesiu-tave-kad-ir-kas-nutiktu\/\",\"url\":\"https:\/\/skaitytaknyga.lt\/produktas\/mylesiu-tave-kad-ir-kas-nutiktu\/\",\"name\":\"Myl\u0117siu tave, kad ir kas nutikt\u0173\",\"isPartOf\":{\"@id\":\"https:\/\/skaitytaknyga.lt\/#website\"},\"primaryImageOfPage\":{\"@id\":\"https:\/\/skaitytaknyga.lt\/produktas\/mylesiu-tave-kad-ir-kas-nutiktu\/#primaryimage\"},\"image\":{\"@id\":\"https:\/\/skaitytaknyga.lt\/produktas\/mylesiu-tave-kad-ir-kas-nutiktu\/#primaryimage\"},\"thumbnailUrl\":\"https:\/\/skaitytaknyga.lt\/wp-content\/uploads\/2025\/05\/Mylesiu-tave-kad-ir-kas-nutiktu.webp\",\"datePublished\":\"2025-05-24T17:50:22+00:00\",\"dateModified\":\"2025-12-03T20:31:37+00:00\",\"description\":\"Ma\u017eylis verk\u0161lena: \u2013 A\u0161 piktas ir ni\u016brus, nes nieks man\u0119s nemyli. \u2013 Ma\u017eyli, \u2013 taria jam mama, \u2013 ir pikt\u0105, ir nepikt\u0105, Myl\u0117siu visada tave, Kad mums ir kas\",\"breadcrumb\":{\"@id\":\"https:\/\/skaitytaknyga.lt\/produktas\/mylesiu-tave-kad-ir-kas-nutiktu\/#breadcrumb\"},\"inLanguage\":\"en-GB\",\"potentialAction\":[{\"@type\":\"ReadAction\",\"target\":[\"https:\/\/skaitytaknyga.lt\/produktas\/mylesiu-tave-kad-ir-kas-nutiktu\/\"]}]},{\"@type\":\"ImageObject\",\"inLanguage\":\"en-GB\",\"@id\":\"https:\/\/skaitytaknyga.lt\/produktas\/mylesiu-tave-kad-ir-kas-nutiktu\/#primaryimage\",\"url\":\"https:\/\/skaitytaknyga.lt\/wp-content\/uploads\/2025\/05\/Mylesiu-tave-kad-ir-kas-nutiktu.webp\",\"contentUrl\":\"https:\/\/skaitytaknyga.lt\/wp-content\/uploads\/2025\/05\/Mylesiu-tave-kad-ir-kas-nutiktu.webp\",\"width\":510,\"height\":652},{\"@type\":\"BreadcrumbList\",\"@id\":\"https:\/\/skaitytaknyga.lt\/produktas\/mylesiu-tave-kad-ir-kas-nutiktu\/#breadcrumb\",\"itemListElement\":[{\"@type\":\"ListItem\",\"position\":1,\"name\":\"Home\",\"item\":\"https:\/\/skaitytaknyga.lt\/\"},{\"@type\":\"ListItem\",\"position\":2,\"name\":\"Parduotuv\u0117\",\"item\":\"https:\/\/skaitytaknyga.lt\/knygu-parduotuve\/\"},{\"@type\":\"ListItem\",\"position\":3,\"name\":\"Myl\u0117siu tave, kad ir kas nutikt\u0173\"}]},{\"@type\":\"WebSite\",\"@id\":\"https:\/\/skaitytaknyga.lt\/#website\",\"url\":\"https:\/\/skaitytaknyga.lt\/\",\"name\":\"skaitytaknyga.lt\",\"description\":\"Skaitytaknyga.lt \u2013 tai ma\u017eas \u0161eimos verslas, kuris prasid\u0117jo nuo meil\u0117s knygoms ir siekio i\u0161gelb\u0117ti knygas nuo likimo prie konteinerio. Kas vienam nereikalingas daiktas \u2013 kitam lobis, o mes esame tarpininkai, kurie padeda abiems tapti laimingesniems ???? \u017dinome kaip nelengva i\u0161gyventi ma\u017eiems verslams, tad nuo \u0161iol, \u010dia rasite ir kit\u0173, ma\u017e\u0173 \u0161eim\u0173 versl\u0173, rank\u0173 darbo, dovan\u0173 sau ir artimiesiems.\",\"publisher\":{\"@id\":\"https:\/\/skaitytaknyga.lt\/#organization\"},\"potentialAction\":[{\"@type\":\"SearchAction\",\"target\":{\"@type\":\"EntryPoint\",\"urlTemplate\":\"https:\/\/skaitytaknyga.lt\/?s={search_term_string}\"},\"query-input\":{\"@type\":\"PropertyValueSpecification\",\"valueRequired\":true,\"valueName\":\"search_term_string\"}}],\"inLanguage\":\"en-GB\"},{\"@type\":\"Organization\",\"@id\":\"https:\/\/skaitytaknyga.lt\/#organization\",\"name\":\"skaitytaknyga.lt\",\"url\":\"https:\/\/skaitytaknyga.lt\/\",\"logo\":{\"@type\":\"ImageObject\",\"inLanguage\":\"en-GB\",\"@id\":\"https:\/\/skaitytaknyga.lt\/#\/schema\/logo\/image\/\",\"url\":\"https:\/\/skaitytaknyga.lt\/wp-content\/uploads\/2024\/05\/cropped-cropped-cropped-02_00843_jt3bggkj1j3HLc7SyY6rEUpg.jpeg\",\"contentUrl\":\"https:\/\/skaitytaknyga.lt\/wp-content\/uploads\/2024\/05\/cropped-cropped-cropped-02_00843_jt3bggkj1j3HLc7SyY6rEUpg.jpeg\",\"width\":1600,\"height\":1600,\"caption\":\"skaitytaknyga.lt\"},\"image\":{\"@id\":\"https:\/\/skaitytaknyga.lt\/#\/schema\/logo\/image\/\"},\"sameAs\":[\"https:\/\/www.facebook.com\/skaitytaknyga\/\"]}]}<\/script>\n<!-- \/ Yoast SEO plugin. -->","yoast_head_json":{"title":"Myl\u0117siu tave, kad ir kas nutikt\u0173","description":"Ma\u017eylis verk\u0161lena: \u2013 A\u0161 piktas ir ni\u016brus, nes nieks man\u0119s nemyli. \u2013 Ma\u017eyli, \u2013 taria jam mama, \u2013 ir pikt\u0105, ir nepikt\u0105, Myl\u0117siu visada tave, Kad mums ir kas","robots":{"index":"index","follow":"follow","max-snippet":"max-snippet:-1","max-image-preview":"max-image-preview:large","max-video-preview":"max-video-preview:-1"},"canonical":"https:\/\/skaitytaknyga.lt\/en\/produktas\/mylesiu-tave-kad-ir-kas-nutiktu\/","og_locale":"en_GB","og_type":"article","og_title":"[:lt]Myl\u0117siu tave, kad ir kas nutikt\u0173[:] - Skaitytaknyga","og_description":"Ma\u017eylis verk\u0161lena: \u2013 A\u0161 piktas ir ni\u016brus, nes nieks man\u0119s nemyli. \u2013 Ma\u017eyli, \u2013 taria jam mama, \u2013 ir pikt\u0105, ir nepikt\u0105, Myl\u0117siu visada tave, Kad mums ir kas","og_url":"https:\/\/skaitytaknyga.lt\/en\/produktas\/mylesiu-tave-kad-ir-kas-nutiktu\/","og_site_name":"Skaitytaknyga","article_publisher":"https:\/\/www.facebook.com\/skaitytaknyga\/","article_modified_time":"2025-12-03T20:31:37+00:00","og_image":[{"width":510,"height":652,"url":"https:\/\/skaitytaknyga.lt\/wp-content\/uploads\/2025\/05\/Mylesiu-tave-kad-ir-kas-nutiktu.webp","type":"image\/webp"}],"twitter_card":"summary_large_image","schema":{"@context":"https:\/\/schema.org","@graph":[{"@type":"WebPage","@id":"https:\/\/skaitytaknyga.lt\/produktas\/mylesiu-tave-kad-ir-kas-nutiktu\/","url":"https:\/\/skaitytaknyga.lt\/produktas\/mylesiu-tave-kad-ir-kas-nutiktu\/","name":"Myl\u0117siu tave, kad ir kas nutikt\u0173","isPartOf":{"@id":"https:\/\/skaitytaknyga.lt\/#website"},"primaryImageOfPage":{"@id":"https:\/\/skaitytaknyga.lt\/produktas\/mylesiu-tave-kad-ir-kas-nutiktu\/#primaryimage"},"image":{"@id":"https:\/\/skaitytaknyga.lt\/produktas\/mylesiu-tave-kad-ir-kas-nutiktu\/#primaryimage"},"thumbnailUrl":"https:\/\/skaitytaknyga.lt\/wp-content\/uploads\/2025\/05\/Mylesiu-tave-kad-ir-kas-nutiktu.webp","datePublished":"2025-05-24T17:50:22+00:00","dateModified":"2025-12-03T20:31:37+00:00","description":"Ma\u017eylis verk\u0161lena: \u2013 A\u0161 piktas ir ni\u016brus, nes nieks man\u0119s nemyli. \u2013 Ma\u017eyli, \u2013 taria jam mama, \u2013 ir pikt\u0105, ir nepikt\u0105, Myl\u0117siu visada tave, Kad mums ir kas","breadcrumb":{"@id":"https:\/\/skaitytaknyga.lt\/produktas\/mylesiu-tave-kad-ir-kas-nutiktu\/#breadcrumb"},"inLanguage":"en-GB","potentialAction":[{"@type":"ReadAction","target":["https:\/\/skaitytaknyga.lt\/produktas\/mylesiu-tave-kad-ir-kas-nutiktu\/"]}]},{"@type":"ImageObject","inLanguage":"en-GB","@id":"https:\/\/skaitytaknyga.lt\/produktas\/mylesiu-tave-kad-ir-kas-nutiktu\/#primaryimage","url":"https:\/\/skaitytaknyga.lt\/wp-content\/uploads\/2025\/05\/Mylesiu-tave-kad-ir-kas-nutiktu.webp","contentUrl":"https:\/\/skaitytaknyga.lt\/wp-content\/uploads\/2025\/05\/Mylesiu-tave-kad-ir-kas-nutiktu.webp","width":510,"height":652},{"@type":"BreadcrumbList","@id":"https:\/\/skaitytaknyga.lt\/produktas\/mylesiu-tave-kad-ir-kas-nutiktu\/#breadcrumb","itemListElement":[{"@type":"ListItem","position":1,"name":"Home","item":"https:\/\/skaitytaknyga.lt\/"},{"@type":"ListItem","position":2,"name":"Parduotuv\u0117","item":"https:\/\/skaitytaknyga.lt\/knygu-parduotuve\/"},{"@type":"ListItem","position":3,"name":"Myl\u0117siu tave, kad ir kas nutikt\u0173"}]},{"@type":"WebSite","@id":"https:\/\/skaitytaknyga.lt\/#website","url":"https:\/\/skaitytaknyga.lt\/","name":"skaitytaknyga.lt","description":"Skaitytaknyga.lt \u2013 tai ma\u017eas \u0161eimos verslas, kuris prasid\u0117jo nuo meil\u0117s knygoms ir siekio i\u0161gelb\u0117ti knygas nuo likimo prie konteinerio. Kas vienam nereikalingas daiktas \u2013 kitam lobis, o mes esame tarpininkai, kurie padeda abiems tapti laimingesniems ???? \u017dinome kaip nelengva i\u0161gyventi ma\u017eiems verslams, tad nuo \u0161iol, \u010dia rasite ir kit\u0173, ma\u017e\u0173 \u0161eim\u0173 versl\u0173, rank\u0173 darbo, dovan\u0173 sau ir artimiesiems.","publisher":{"@id":"https:\/\/skaitytaknyga.lt\/#organization"},"potentialAction":[{"@type":"SearchAction","target":{"@type":"EntryPoint","urlTemplate":"https:\/\/skaitytaknyga.lt\/?s={search_term_string}"},"query-input":{"@type":"PropertyValueSpecification","valueRequired":true,"valueName":"search_term_string"}}],"inLanguage":"en-GB"},{"@type":"Organization","@id":"https:\/\/skaitytaknyga.lt\/#organization","name":"skaitytaknyga.lt","url":"https:\/\/skaitytaknyga.lt\/","logo":{"@type":"ImageObject","inLanguage":"en-GB","@id":"https:\/\/skaitytaknyga.lt\/#\/schema\/logo\/image\/","url":"https:\/\/skaitytaknyga.lt\/wp-content\/uploads\/2024\/05\/cropped-cropped-cropped-02_00843_jt3bggkj1j3HLc7SyY6rEUpg.jpeg","contentUrl":"https:\/\/skaitytaknyga.lt\/wp-content\/uploads\/2024\/05\/cropped-cropped-cropped-02_00843_jt3bggkj1j3HLc7SyY6rEUpg.jpeg","width":1600,"height":1600,"caption":"skaitytaknyga.lt"},"image":{"@id":"https:\/\/skaitytaknyga.lt\/#\/schema\/logo\/image\/"},"sameAs":["https:\/\/www.facebook.com\/skaitytaknyga\/"]}]}},"_links":{"self":[{"href":"https:\/\/skaitytaknyga.lt\/en\/wp-json\/wp\/v2\/product\/18513","targetHints":{"allow":["GET"]}}],"collection":[{"href":"https:\/\/skaitytaknyga.lt\/en\/wp-json\/wp\/v2\/product"}],"about":[{"href":"https:\/\/skaitytaknyga.lt\/en\/wp-json\/wp\/v2\/types\/product"}],"replies":[{"embeddable":true,"href":"https:\/\/skaitytaknyga.lt\/en\/wp-json\/wp\/v2\/comments?post=18513"}],"wp:featuredmedia":[{"embeddable":true,"href":"https:\/\/skaitytaknyga.lt\/en\/wp-json\/wp\/v2\/media\/18518"}],"wp:attachment":[{"href":"https:\/\/skaitytaknyga.lt\/en\/wp-json\/wp\/v2\/media?parent=18513"}],"wp:term":[{"taxonomy":"product_brand","embeddable":true,"href":"https:\/\/skaitytaknyga.lt\/en\/wp-json\/wp\/v2\/product_brand?post=18513"},{"taxonomy":"product_cat","embeddable":true,"href":"https:\/\/skaitytaknyga.lt\/en\/wp-json\/wp\/v2\/product_cat?post=18513"},{"taxonomy":"product_tag","embeddable":true,"href":"https:\/\/skaitytaknyga.lt\/en\/wp-json\/wp\/v2\/product_tag?post=18513"}],"curies":[{"name":"wp","href":"https:\/\/api.w.org\/{rel}","templated":true}]}}