{"id":18512,"date":"2025-05-24T20:50:22","date_gmt":"2025-05-24T17:50:22","guid":{"rendered":"https:\/\/skaitytaknyga.lt\/?post_type=product&#038;p=18512"},"modified":"2025-06-03T17:44:11","modified_gmt":"2025-06-03T14:44:11","slug":"ssss-tyliau-kaip-zvereliai-mokesi-klausyti","status":"publish","type":"product","link":"https:\/\/skaitytaknyga.lt\/en\/produktas\/ssss-tyliau-kaip-zvereliai-mokesi-klausyti\/","title":{"rendered":"\u0160\u0161\u0161\u0161! Tyliau! Kaip \u017ev\u0117reliai mok\u0117si klausyti"},"content":{"rendered":"<p>2 -5 m. vaikams.<\/p>\n<p>Jei nori, kad tave i\u0161girst\u0173 kiti, turi i\u0161mokti kalb\u0117ti garsiai ir \u012ftikinamai. \u0160i knygel\u0117 kaip tik apie tai!<\/p>\n<p>Tyli ma\u017ea laput\u0117 turi b\u0117d\u0105. Triuk\u0161madariai draugai jos visai nepaiso ir negirdi. Staiga lap\u0117 pastebi did\u017eiul\u012f bais\u0173 lok\u012f! Bet kaip persp\u0117ti \u017ev\u0117relius, kai jie \u0161itaip triuk\u0161mauja ir jos visai negirdi? Ar pagaliau ji prad\u0117s kalb\u0117ti taip, kad j\u0105 kiti i\u0161girst\u0173?<\/p>\n<p>Pai\u0161dykauk kartu su mi\u0161ko neklau\u017eadomis ir su\u017einok, kaip laput\u0117 i\u0161tikus pavojui atgavo bals\u0105 ir i\u0161gelb\u0117jo lok\u012f.<\/p>\n<p>\u201e\u0160\u0161\u0161&#8230; Tyliau!&#8221;:<\/p>\n<p>\u2022 Skatina vaikus dr\u0105siai reik\u0161ti savo nuomon\u0119<br \/>\n\u2022 Skatina \u012fveikti drovum\u0105<br \/>\n\u2022 Meni\u0161kai vertingos iliustracijos ugdo estetikos poj\u016bt\u012f<\/p>\n<p>Nicola Kinnear \u2013 jaunosios kartos brit\u0173 vaik\u0173 knyg\u0173 ra\u0161ytoja ir iliustruotoja. Lietuvi\u0161kai galite rasti dar vien\u0105 autor\u0117s \u012fdomi\u0105 ir pamokom\u0105 knyg\u0105 \u201eKaip ki\u0161kis mok\u0117si dr\u0105sos&#8221;.<\/p>\n","protected":false},"excerpt":{"rendered":"<p>2 -5 m. vaikams. Jei nori, kad tave i\u0161girst\u0173 kiti, turi i\u0161mokti kalb\u0117ti garsiai ir \u012ftikinamai. \u0160i knygel\u0117 kaip tik apie tai! Tyli ma\u017ea laput\u0117 turi b\u0117d\u0105. Triuk\u0161madariai draugai jos visai nepaiso ir negirdi. Staiga lap\u0117 pastebi did\u017eiul\u012f bais\u0173 lok\u012f! Bet kaip persp\u0117ti \u017ev\u0117relius, kai jie \u0161itaip triuk\u0161mauja ir jos visai negirdi? Ar pagaliau ji prad\u0117s kalb\u0117ti taip, kad j\u0105 kiti i\u0161girst\u0173? Pai\u0161dykauk kartu su mi\u0161ko neklau\u017eadomis ir su\u017einok, kaip laput\u0117 i\u0161tikus pavojui atgavo bals\u0105 ir i\u0161gelb\u0117jo lok\u012f. \u201e\u0160\u0161\u0161&#8230; Tyliau!&#8221;: \u2022 Skatina vaikus dr\u0105siai reik\u0161ti savo nuomon\u0119 \u2022 Skatina \u012fveikti drovum\u0105 \u2022 Meni\u0161kai vertingos iliustracijos ugdo estetikos poj\u016bt\u012f Nicola Kinnear \u2013 jaunosios kartos brit\u0173 vaik\u0173 knyg\u0173 ra\u0161ytoja ir iliustruotoja. Lietuvi\u0161kai galite rasti dar vien\u0105 autor\u0117s \u012fdomi\u0105 ir pamokom\u0105 knyg\u0105 \u201eKaip ki\u0161kis mok\u0117si dr\u0105sos&#8221;.<\/p>\n","protected":false},"featured_media":18517,"comment_status":"open","ping_status":"closed","template":"","meta":{"_acf_changed":false,"site-sidebar-layout":"default","site-content-layout":"","ast-site-content-layout":"default","site-content-style":"default","site-sidebar-style":"default","ast-global-header-display":"","ast-banner-title-visibility":"","ast-main-header-display":"","ast-hfb-above-header-display":"","ast-hfb-below-header-display":"","ast-hfb-mobile-header-display":"","site-post-title":"","ast-breadcrumbs-content":"","ast-featured-img":"","footer-sml-layout":"","ast-disable-related-posts":"","theme-transparent-header-meta":"","adv-header-id-meta":"","stick-header-meta":"","header-above-stick-meta":"","header-main-stick-meta":"","header-below-stick-meta":"","astra-migrate-meta-layouts":"default","ast-page-background-enabled":"default","ast-page-background-meta":{"desktop":{"background-color":"","background-image":"","background-repeat":"repeat","background-position":"center center","background-size":"auto","background-attachment":"scroll","background-type":"","background-media":"","overlay-type":"","overlay-color":"","overlay-opacity":"","overlay-gradient":""},"tablet":{"background-color":"","background-image":"","background-repeat":"repeat","background-position":"center center","background-size":"auto","background-attachment":"scroll","background-type":"","background-media":"","overlay-type":"","overlay-color":"","overlay-opacity":"","overlay-gradient":""},"mobile":{"background-color":"","background-image":"","background-repeat":"repeat","background-position":"center center","background-size":"auto","background-attachment":"scroll","background-type":"","background-media":"","overlay-type":"","overlay-color":"","overlay-opacity":"","overlay-gradient":""}},"ast-content-background-meta":{"desktop":{"background-color":"var(--ast-global-color-4)","background-image":"","background-repeat":"repeat","background-position":"center center","background-size":"auto","background-attachment":"scroll","background-type":"","background-media":"","overlay-type":"","overlay-color":"","overlay-opacity":"","overlay-gradient":""},"tablet":{"background-color":"var(--ast-global-color-4)","background-image":"","background-repeat":"repeat","background-position":"center center","background-size":"auto","background-attachment":"scroll","background-type":"","background-media":"","overlay-type":"","overlay-color":"","overlay-opacity":"","overlay-gradient":""},"mobile":{"background-color":"var(--ast-global-color-4)","background-image":"","background-repeat":"repeat","background-position":"center center","background-size":"auto","background-attachment":"scroll","background-type":"","background-media":"","overlay-type":"","overlay-color":"","overlay-opacity":"","overlay-gradient":""}}},"product_brand":[],"product_cat":[15],"product_tag":[1403,4429,1081,4392,4430,1785],"class_list":{"0":"post-18512","1":"product","2":"type-product","3":"status-publish","4":"has-post-thumbnail","6":"product_cat-uncategorized","7":"product_tag-bendravimas","8":"product_tag-klausymas","9":"product_tag-lape","10":"product_tag-nicola-kinnear","11":"product_tag-pasitikejimas-savimi","12":"product_tag-vaikams","13":"desktop-align-left","14":"tablet-align-left","15":"mobile-align-left","17":"first","18":"outofstock","19":"shipping-taxable","20":"purchasable","21":"product-type-simple"},"acf":[],"yoast_head":"<!-- This site is optimized with the Yoast SEO plugin v27.0 - https:\/\/yoast.com\/product\/yoast-seo-wordpress\/ -->\n<title>\u0160\u0161\u0161\u0161! Tyliau! Kaip \u017ev\u0117reliai mok\u0117si klausyti<\/title>\n<meta name=\"description\" content=\"2 -5 m. vaikams. Jei nori, kad tave i\u0161girst\u0173 kiti, turi i\u0161mokti kalb\u0117ti garsiai ir \u012ftikinamai. \u0160i knygel\u0117 kaip tik apie tai! Tyli ma\u017ea laput\u0117 turi b\u0117d\u0105.\" \/>\n<meta name=\"robots\" content=\"index, follow, max-snippet:-1, max-image-preview:large, max-video-preview:-1\" \/>\n<link rel=\"canonical\" href=\"https:\/\/skaitytaknyga.lt\/en\/produktas\/ssss-tyliau-kaip-zvereliai-mokesi-klausyti\/\" \/>\n<meta property=\"og:locale\" content=\"en_GB\" \/>\n<meta property=\"og:locale:alternate\" content=\"lt_LT\" \/>\n<meta property=\"og:type\" content=\"article\" \/>\n<meta property=\"og:title\" content=\"\u0160\u0161\u0161\u0161! Tyliau! Kaip \u017ev\u0117reliai mok\u0117si klausyti\" \/>\n<meta property=\"og:description\" content=\"2 -5 m. vaikams. Jei nori, kad tave i\u0161girst\u0173 kiti, turi i\u0161mokti kalb\u0117ti garsiai ir \u012ftikinamai. \u0160i knygel\u0117 kaip tik apie tai! Tyli ma\u017ea laput\u0117 turi b\u0117d\u0105.\" \/>\n<meta property=\"og:url\" content=\"https:\/\/skaitytaknyga.lt\/en\/produktas\/ssss-tyliau-kaip-zvereliai-mokesi-klausyti\/\" \/>\n<meta property=\"og:site_name\" content=\"Skaitytaknyga\" \/>\n<meta property=\"article:publisher\" content=\"https:\/\/www.facebook.com\/skaitytaknyga\/\" \/>\n<meta property=\"article:modified_time\" content=\"2025-06-03T14:44:11+00:00\" \/>\n<meta property=\"og:image\" content=\"https:\/\/skaitytaknyga.lt\/wp-content\/uploads\/2025\/05\/Ssss-Tyliau-Kaip-zvereliai-mokesi-klausyti.webp\" \/>\n\t<meta property=\"og:image:width\" content=\"545\" \/>\n\t<meta property=\"og:image:height\" content=\"600\" \/>\n\t<meta property=\"og:image:type\" content=\"image\/webp\" \/>\n<meta name=\"twitter:card\" content=\"summary_large_image\" \/>\n<meta name=\"twitter:label1\" content=\"Estimated reading time\" \/>\n\t<meta name=\"twitter:data1\" content=\"1 minute\" \/>\n<script type=\"application\/ld+json\" class=\"yoast-schema-graph\">{\"@context\":\"https:\/\/schema.org\",\"@graph\":[{\"@type\":\"WebPage\",\"@id\":\"https:\/\/skaitytaknyga.lt\/produktas\/ssss-tyliau-kaip-zvereliai-mokesi-klausyti\/\",\"url\":\"https:\/\/skaitytaknyga.lt\/produktas\/ssss-tyliau-kaip-zvereliai-mokesi-klausyti\/\",\"name\":\"\u0160\u0161\u0161\u0161! Tyliau! Kaip \u017ev\u0117reliai mok\u0117si klausyti\",\"isPartOf\":{\"@id\":\"https:\/\/skaitytaknyga.lt\/#website\"},\"primaryImageOfPage\":{\"@id\":\"https:\/\/skaitytaknyga.lt\/produktas\/ssss-tyliau-kaip-zvereliai-mokesi-klausyti\/#primaryimage\"},\"image\":{\"@id\":\"https:\/\/skaitytaknyga.lt\/produktas\/ssss-tyliau-kaip-zvereliai-mokesi-klausyti\/#primaryimage\"},\"thumbnailUrl\":\"https:\/\/skaitytaknyga.lt\/wp-content\/uploads\/2025\/05\/Ssss-Tyliau-Kaip-zvereliai-mokesi-klausyti.webp\",\"datePublished\":\"2025-05-24T17:50:22+00:00\",\"dateModified\":\"2025-06-03T14:44:11+00:00\",\"description\":\"2 -5 m. vaikams. Jei nori, kad tave i\u0161girst\u0173 kiti, turi i\u0161mokti kalb\u0117ti garsiai ir \u012ftikinamai. \u0160i knygel\u0117 kaip tik apie tai! Tyli ma\u017ea laput\u0117 turi b\u0117d\u0105.\",\"breadcrumb\":{\"@id\":\"https:\/\/skaitytaknyga.lt\/produktas\/ssss-tyliau-kaip-zvereliai-mokesi-klausyti\/#breadcrumb\"},\"inLanguage\":\"en-GB\",\"potentialAction\":[{\"@type\":\"ReadAction\",\"target\":[\"https:\/\/skaitytaknyga.lt\/produktas\/ssss-tyliau-kaip-zvereliai-mokesi-klausyti\/\"]}]},{\"@type\":\"ImageObject\",\"inLanguage\":\"en-GB\",\"@id\":\"https:\/\/skaitytaknyga.lt\/produktas\/ssss-tyliau-kaip-zvereliai-mokesi-klausyti\/#primaryimage\",\"url\":\"https:\/\/skaitytaknyga.lt\/wp-content\/uploads\/2025\/05\/Ssss-Tyliau-Kaip-zvereliai-mokesi-klausyti.webp\",\"contentUrl\":\"https:\/\/skaitytaknyga.lt\/wp-content\/uploads\/2025\/05\/Ssss-Tyliau-Kaip-zvereliai-mokesi-klausyti.webp\",\"width\":545,\"height\":600},{\"@type\":\"BreadcrumbList\",\"@id\":\"https:\/\/skaitytaknyga.lt\/produktas\/ssss-tyliau-kaip-zvereliai-mokesi-klausyti\/#breadcrumb\",\"itemListElement\":[{\"@type\":\"ListItem\",\"position\":1,\"name\":\"Home\",\"item\":\"https:\/\/skaitytaknyga.lt\/\"},{\"@type\":\"ListItem\",\"position\":2,\"name\":\"Parduotuv\u0117\",\"item\":\"https:\/\/skaitytaknyga.lt\/knygu-parduotuve\/\"},{\"@type\":\"ListItem\",\"position\":3,\"name\":\"\u0160\u0161\u0161\u0161! Tyliau! Kaip \u017ev\u0117reliai mok\u0117si klausyti\"}]},{\"@type\":\"WebSite\",\"@id\":\"https:\/\/skaitytaknyga.lt\/#website\",\"url\":\"https:\/\/skaitytaknyga.lt\/\",\"name\":\"skaitytaknyga.lt\",\"description\":\"Skaitytaknyga.lt \u2013 tai ma\u017eas \u0161eimos verslas, kuris prasid\u0117jo nuo meil\u0117s knygoms ir siekio i\u0161gelb\u0117ti knygas nuo likimo prie konteinerio. Kas vienam nereikalingas daiktas \u2013 kitam lobis, o mes esame tarpininkai, kurie padeda abiems tapti laimingesniems ???? \u017dinome kaip nelengva i\u0161gyventi ma\u017eiems verslams, tad nuo \u0161iol, \u010dia rasite ir kit\u0173, ma\u017e\u0173 \u0161eim\u0173 versl\u0173, rank\u0173 darbo, dovan\u0173 sau ir artimiesiems.\",\"publisher\":{\"@id\":\"https:\/\/skaitytaknyga.lt\/#organization\"},\"potentialAction\":[{\"@type\":\"SearchAction\",\"target\":{\"@type\":\"EntryPoint\",\"urlTemplate\":\"https:\/\/skaitytaknyga.lt\/?s={search_term_string}\"},\"query-input\":{\"@type\":\"PropertyValueSpecification\",\"valueRequired\":true,\"valueName\":\"search_term_string\"}}],\"inLanguage\":\"en-GB\"},{\"@type\":\"Organization\",\"@id\":\"https:\/\/skaitytaknyga.lt\/#organization\",\"name\":\"skaitytaknyga.lt\",\"url\":\"https:\/\/skaitytaknyga.lt\/\",\"logo\":{\"@type\":\"ImageObject\",\"inLanguage\":\"en-GB\",\"@id\":\"https:\/\/skaitytaknyga.lt\/#\/schema\/logo\/image\/\",\"url\":\"https:\/\/skaitytaknyga.lt\/wp-content\/uploads\/2024\/05\/cropped-cropped-cropped-02_00843_jt3bggkj1j3HLc7SyY6rEUpg.jpeg\",\"contentUrl\":\"https:\/\/skaitytaknyga.lt\/wp-content\/uploads\/2024\/05\/cropped-cropped-cropped-02_00843_jt3bggkj1j3HLc7SyY6rEUpg.jpeg\",\"width\":1600,\"height\":1600,\"caption\":\"skaitytaknyga.lt\"},\"image\":{\"@id\":\"https:\/\/skaitytaknyga.lt\/#\/schema\/logo\/image\/\"},\"sameAs\":[\"https:\/\/www.facebook.com\/skaitytaknyga\/\"]}]}<\/script>\n<!-- \/ Yoast SEO plugin. -->","yoast_head_json":{"title":"\u0160\u0161\u0161\u0161! Tyliau! Kaip \u017ev\u0117reliai mok\u0117si klausyti","description":"2 -5 m. vaikams. Jei nori, kad tave i\u0161girst\u0173 kiti, turi i\u0161mokti kalb\u0117ti garsiai ir \u012ftikinamai. \u0160i knygel\u0117 kaip tik apie tai! Tyli ma\u017ea laput\u0117 turi b\u0117d\u0105.","robots":{"index":"index","follow":"follow","max-snippet":"max-snippet:-1","max-image-preview":"max-image-preview:large","max-video-preview":"max-video-preview:-1"},"canonical":"https:\/\/skaitytaknyga.lt\/en\/produktas\/ssss-tyliau-kaip-zvereliai-mokesi-klausyti\/","og_locale":"en_GB","og_type":"article","og_title":"[:lt]\u0160\u0161\u0161\u0161! Tyliau! Kaip \u017ev\u0117reliai mok\u0117si klausyti[:] - Skaitytaknyga","og_description":"2 -5 m. vaikams. Jei nori, kad tave i\u0161girst\u0173 kiti, turi i\u0161mokti kalb\u0117ti garsiai ir \u012ftikinamai. \u0160i knygel\u0117 kaip tik apie tai! Tyli ma\u017ea laput\u0117 turi b\u0117d\u0105.","og_url":"https:\/\/skaitytaknyga.lt\/en\/produktas\/ssss-tyliau-kaip-zvereliai-mokesi-klausyti\/","og_site_name":"Skaitytaknyga","article_publisher":"https:\/\/www.facebook.com\/skaitytaknyga\/","article_modified_time":"2025-06-03T14:44:11+00:00","og_image":[{"width":545,"height":600,"url":"https:\/\/skaitytaknyga.lt\/wp-content\/uploads\/2025\/05\/Ssss-Tyliau-Kaip-zvereliai-mokesi-klausyti.webp","type":"image\/webp"}],"twitter_card":"summary_large_image","twitter_misc":{"Estimated reading time":"1 minute"},"schema":{"@context":"https:\/\/schema.org","@graph":[{"@type":"WebPage","@id":"https:\/\/skaitytaknyga.lt\/produktas\/ssss-tyliau-kaip-zvereliai-mokesi-klausyti\/","url":"https:\/\/skaitytaknyga.lt\/produktas\/ssss-tyliau-kaip-zvereliai-mokesi-klausyti\/","name":"\u0160\u0161\u0161\u0161! Tyliau! Kaip \u017ev\u0117reliai mok\u0117si klausyti","isPartOf":{"@id":"https:\/\/skaitytaknyga.lt\/#website"},"primaryImageOfPage":{"@id":"https:\/\/skaitytaknyga.lt\/produktas\/ssss-tyliau-kaip-zvereliai-mokesi-klausyti\/#primaryimage"},"image":{"@id":"https:\/\/skaitytaknyga.lt\/produktas\/ssss-tyliau-kaip-zvereliai-mokesi-klausyti\/#primaryimage"},"thumbnailUrl":"https:\/\/skaitytaknyga.lt\/wp-content\/uploads\/2025\/05\/Ssss-Tyliau-Kaip-zvereliai-mokesi-klausyti.webp","datePublished":"2025-05-24T17:50:22+00:00","dateModified":"2025-06-03T14:44:11+00:00","description":"2 -5 m. vaikams. Jei nori, kad tave i\u0161girst\u0173 kiti, turi i\u0161mokti kalb\u0117ti garsiai ir \u012ftikinamai. \u0160i knygel\u0117 kaip tik apie tai! Tyli ma\u017ea laput\u0117 turi b\u0117d\u0105.","breadcrumb":{"@id":"https:\/\/skaitytaknyga.lt\/produktas\/ssss-tyliau-kaip-zvereliai-mokesi-klausyti\/#breadcrumb"},"inLanguage":"en-GB","potentialAction":[{"@type":"ReadAction","target":["https:\/\/skaitytaknyga.lt\/produktas\/ssss-tyliau-kaip-zvereliai-mokesi-klausyti\/"]}]},{"@type":"ImageObject","inLanguage":"en-GB","@id":"https:\/\/skaitytaknyga.lt\/produktas\/ssss-tyliau-kaip-zvereliai-mokesi-klausyti\/#primaryimage","url":"https:\/\/skaitytaknyga.lt\/wp-content\/uploads\/2025\/05\/Ssss-Tyliau-Kaip-zvereliai-mokesi-klausyti.webp","contentUrl":"https:\/\/skaitytaknyga.lt\/wp-content\/uploads\/2025\/05\/Ssss-Tyliau-Kaip-zvereliai-mokesi-klausyti.webp","width":545,"height":600},{"@type":"BreadcrumbList","@id":"https:\/\/skaitytaknyga.lt\/produktas\/ssss-tyliau-kaip-zvereliai-mokesi-klausyti\/#breadcrumb","itemListElement":[{"@type":"ListItem","position":1,"name":"Home","item":"https:\/\/skaitytaknyga.lt\/"},{"@type":"ListItem","position":2,"name":"Parduotuv\u0117","item":"https:\/\/skaitytaknyga.lt\/knygu-parduotuve\/"},{"@type":"ListItem","position":3,"name":"\u0160\u0161\u0161\u0161! Tyliau! Kaip \u017ev\u0117reliai mok\u0117si klausyti"}]},{"@type":"WebSite","@id":"https:\/\/skaitytaknyga.lt\/#website","url":"https:\/\/skaitytaknyga.lt\/","name":"skaitytaknyga.lt","description":"Skaitytaknyga.lt \u2013 tai ma\u017eas \u0161eimos verslas, kuris prasid\u0117jo nuo meil\u0117s knygoms ir siekio i\u0161gelb\u0117ti knygas nuo likimo prie konteinerio. Kas vienam nereikalingas daiktas \u2013 kitam lobis, o mes esame tarpininkai, kurie padeda abiems tapti laimingesniems ???? \u017dinome kaip nelengva i\u0161gyventi ma\u017eiems verslams, tad nuo \u0161iol, \u010dia rasite ir kit\u0173, ma\u017e\u0173 \u0161eim\u0173 versl\u0173, rank\u0173 darbo, dovan\u0173 sau ir artimiesiems.","publisher":{"@id":"https:\/\/skaitytaknyga.lt\/#organization"},"potentialAction":[{"@type":"SearchAction","target":{"@type":"EntryPoint","urlTemplate":"https:\/\/skaitytaknyga.lt\/?s={search_term_string}"},"query-input":{"@type":"PropertyValueSpecification","valueRequired":true,"valueName":"search_term_string"}}],"inLanguage":"en-GB"},{"@type":"Organization","@id":"https:\/\/skaitytaknyga.lt\/#organization","name":"skaitytaknyga.lt","url":"https:\/\/skaitytaknyga.lt\/","logo":{"@type":"ImageObject","inLanguage":"en-GB","@id":"https:\/\/skaitytaknyga.lt\/#\/schema\/logo\/image\/","url":"https:\/\/skaitytaknyga.lt\/wp-content\/uploads\/2024\/05\/cropped-cropped-cropped-02_00843_jt3bggkj1j3HLc7SyY6rEUpg.jpeg","contentUrl":"https:\/\/skaitytaknyga.lt\/wp-content\/uploads\/2024\/05\/cropped-cropped-cropped-02_00843_jt3bggkj1j3HLc7SyY6rEUpg.jpeg","width":1600,"height":1600,"caption":"skaitytaknyga.lt"},"image":{"@id":"https:\/\/skaitytaknyga.lt\/#\/schema\/logo\/image\/"},"sameAs":["https:\/\/www.facebook.com\/skaitytaknyga\/"]}]}},"_links":{"self":[{"href":"https:\/\/skaitytaknyga.lt\/en\/wp-json\/wp\/v2\/product\/18512","targetHints":{"allow":["GET"]}}],"collection":[{"href":"https:\/\/skaitytaknyga.lt\/en\/wp-json\/wp\/v2\/product"}],"about":[{"href":"https:\/\/skaitytaknyga.lt\/en\/wp-json\/wp\/v2\/types\/product"}],"replies":[{"embeddable":true,"href":"https:\/\/skaitytaknyga.lt\/en\/wp-json\/wp\/v2\/comments?post=18512"}],"wp:featuredmedia":[{"embeddable":true,"href":"https:\/\/skaitytaknyga.lt\/en\/wp-json\/wp\/v2\/media\/18517"}],"wp:attachment":[{"href":"https:\/\/skaitytaknyga.lt\/en\/wp-json\/wp\/v2\/media?parent=18512"}],"wp:term":[{"taxonomy":"product_brand","embeddable":true,"href":"https:\/\/skaitytaknyga.lt\/en\/wp-json\/wp\/v2\/product_brand?post=18512"},{"taxonomy":"product_cat","embeddable":true,"href":"https:\/\/skaitytaknyga.lt\/en\/wp-json\/wp\/v2\/product_cat?post=18512"},{"taxonomy":"product_tag","embeddable":true,"href":"https:\/\/skaitytaknyga.lt\/en\/wp-json\/wp\/v2\/product_tag?post=18512"}],"curies":[{"name":"wp","href":"https:\/\/api.w.org\/{rel}","templated":true}]}}