{"id":18509,"date":"2025-05-24T20:50:21","date_gmt":"2025-05-24T17:50:21","guid":{"rendered":"https:\/\/skaitytaknyga.lt\/?post_type=product&#038;p=18509"},"modified":"2026-01-10T23:47:06","modified_gmt":"2026-01-10T21:47:06","slug":"jei-buciau-liutas","status":"publish","type":"product","link":"https:\/\/skaitytaknyga.lt\/en\/produktas\/jei-buciau-liutas\/","title":{"rendered":"JEI B\u016a\u010cIAU LI\u016aTAS"},"content":{"rendered":"<p>V\u0117l\u0173 vakar\u0105 lovel\u0117j<br \/>\nU\u017egim\u0117 mintis galvel\u0117j:<br \/>\nGal u\u017eteks ramiai miegoti \u2013<br \/>\nPrivalau i\u0161mokt&#8230; RIAUMOTI!<\/p>\n<p>Peliukas \u017eino, kad b\u016bti ma\u017eam kartais labai nelengva. Niekas tav\u0119s nepastebi ir nepakvie\u010dia \u017eaisti, kartais kas nors u\u017emina ar net pris\u0117da&#8230; Giliai \u0161irdel\u0117je Peliukas nor\u0117t\u0173 b\u016bti toks kaip Li\u016btas: dr\u0105sus, stiprus ir galingas. Tada visi j\u012f matyt\u0173 ir b\u016bt\u0173 jo draugai!<\/p>\n<p>Pasaul\u012f paker\u0117jusi Peliuko ir Li\u016bto istorija \u017eaismingai ir \u012ftaigiai perteikia kiekvienam svarbias temas: kaip i\u0161mokti pasitik\u0117ti savimi ir nebijoti b\u016bti tuo, kas i\u0161 tikr\u0173j\u0173 esame.<\/p>\n<p>Vaiki\u0161k\u0173 knyg\u0173 autor\u0117 Rachel Bright (Rei\u010del Brait) ir iliustratorius Jimas Fieldas (D\u017eimas Fyldas) \u2013 ne vien\u0105 svarb\u0173 apdovanojim\u0105 peln\u0119 k\u016br\u0117jai. J\u0173 sugalvoti persona\u017eai su\u017eav\u0117jo daugyb\u0119 jaun\u0173j\u0173 skaitytoj\u0173 ir j\u0173 t\u0117v\u0173 visame pasaulyje.<\/p>\n","protected":false},"excerpt":{"rendered":"<p>V\u0117l\u0173 vakar\u0105 lovel\u0117j U\u017egim\u0117 mintis galvel\u0117j: Gal u\u017eteks ramiai miegoti \u2013 Privalau i\u0161mokt&#8230; RIAUMOTI! Peliukas \u017eino, kad b\u016bti ma\u017eam kartais labai nelengva. Niekas tav\u0119s nepastebi ir nepakvie\u010dia \u017eaisti, kartais kas nors u\u017emina ar net pris\u0117da&#8230; Giliai \u0161irdel\u0117je Peliukas nor\u0117t\u0173 b\u016bti toks kaip Li\u016btas: dr\u0105sus, stiprus ir galingas. Tada visi j\u012f matyt\u0173 ir b\u016bt\u0173 jo draugai! Pasaul\u012f paker\u0117jusi Peliuko ir Li\u016bto istorija \u017eaismingai ir \u012ftaigiai perteikia kiekvienam svarbias temas: kaip i\u0161mokti pasitik\u0117ti savimi ir nebijoti b\u016bti tuo, kas i\u0161 tikr\u0173j\u0173 esame. Vaiki\u0161k\u0173 knyg\u0173 autor\u0117 Rachel Bright (Rei\u010del Brait) ir iliustratorius Jimas Fieldas (D\u017eimas Fyldas) \u2013 ne vien\u0105 svarb\u0173 apdovanojim\u0105 peln\u0119 k\u016br\u0117jai. J\u0173 sugalvoti persona\u017eai su\u017eav\u0117jo daugyb\u0119 jaun\u0173j\u0173 skaitytoj\u0173 ir j\u0173 t\u0117v\u0173 visame pasaulyje.<\/p>\n","protected":false},"featured_media":18514,"comment_status":"open","ping_status":"closed","template":"","meta":{"_acf_changed":false,"site-sidebar-layout":"default","site-content-layout":"","ast-site-content-layout":"default","site-content-style":"default","site-sidebar-style":"default","ast-global-header-display":"","ast-banner-title-visibility":"","ast-main-header-display":"","ast-hfb-above-header-display":"","ast-hfb-below-header-display":"","ast-hfb-mobile-header-display":"","site-post-title":"","ast-breadcrumbs-content":"","ast-featured-img":"","footer-sml-layout":"","ast-disable-related-posts":"","theme-transparent-header-meta":"","adv-header-id-meta":"","stick-header-meta":"","header-above-stick-meta":"","header-main-stick-meta":"","header-below-stick-meta":"","astra-migrate-meta-layouts":"default","ast-page-background-enabled":"default","ast-page-background-meta":{"desktop":{"background-color":"","background-image":"","background-repeat":"repeat","background-position":"center center","background-size":"auto","background-attachment":"scroll","background-type":"","background-media":"","overlay-type":"","overlay-color":"","overlay-opacity":"","overlay-gradient":""},"tablet":{"background-color":"","background-image":"","background-repeat":"repeat","background-position":"center center","background-size":"auto","background-attachment":"scroll","background-type":"","background-media":"","overlay-type":"","overlay-color":"","overlay-opacity":"","overlay-gradient":""},"mobile":{"background-color":"","background-image":"","background-repeat":"repeat","background-position":"center center","background-size":"auto","background-attachment":"scroll","background-type":"","background-media":"","overlay-type":"","overlay-color":"","overlay-opacity":"","overlay-gradient":""}},"ast-content-background-meta":{"desktop":{"background-color":"var(--ast-global-color-4)","background-image":"","background-repeat":"repeat","background-position":"center center","background-size":"auto","background-attachment":"scroll","background-type":"","background-media":"","overlay-type":"","overlay-color":"","overlay-opacity":"","overlay-gradient":""},"tablet":{"background-color":"var(--ast-global-color-4)","background-image":"","background-repeat":"repeat","background-position":"center center","background-size":"auto","background-attachment":"scroll","background-type":"","background-media":"","overlay-type":"","overlay-color":"","overlay-opacity":"","overlay-gradient":""},"mobile":{"background-color":"var(--ast-global-color-4)","background-image":"","background-repeat":"repeat","background-position":"center center","background-size":"auto","background-attachment":"scroll","background-type":"","background-media":"","overlay-type":"","overlay-color":"","overlay-opacity":"","overlay-gradient":""}}},"product_brand":[],"product_cat":[15],"product_tag":[2056,1977,4418,4419,4417,4420,1785],"class_list":{"0":"post-18509","1":"product","2":"type-product","3":"status-publish","4":"has-post-thumbnail","6":"product_cat-uncategorized","7":"product_tag-drasa","8":"product_tag-jim-field","9":"product_tag-liutas","10":"product_tag-peliukas","11":"product_tag-rachel-bright","12":"product_tag-saviverte","13":"product_tag-vaikams","14":"desktop-align-left","15":"tablet-align-left","16":"mobile-align-left","18":"first","19":"outofstock","20":"shipping-taxable","21":"purchasable","22":"product-type-simple"},"acf":[],"yoast_head":"<!-- This site is optimized with the Yoast SEO plugin v27.0 - https:\/\/yoast.com\/product\/yoast-seo-wordpress\/ -->\n<title>JEI B\u016a\u010cIAU LI\u016aTAS<\/title>\n<meta name=\"description\" content=\"V\u0117l\u0173 vakar\u0105 lovel\u0117j U\u017egim\u0117 mintis galvel\u0117j: Gal u\u017eteks ramiai miegoti \u2013 Privalau i\u0161mokt... RIAUMOTI! Peliukas \u017eino, kad b\u016bti ma\u017eam kartais labai nelengva.\" \/>\n<meta name=\"robots\" content=\"index, follow, max-snippet:-1, max-image-preview:large, max-video-preview:-1\" \/>\n<link rel=\"canonical\" href=\"https:\/\/skaitytaknyga.lt\/en\/produktas\/jei-buciau-liutas\/\" \/>\n<meta property=\"og:locale\" content=\"en_GB\" \/>\n<meta property=\"og:locale:alternate\" content=\"lt_LT\" \/>\n<meta property=\"og:type\" content=\"article\" \/>\n<meta property=\"og:title\" content=\"JEI B\u016a\u010cIAU LI\u016aTAS\" \/>\n<meta property=\"og:description\" content=\"V\u0117l\u0173 vakar\u0105 lovel\u0117j U\u017egim\u0117 mintis galvel\u0117j: Gal u\u017eteks ramiai miegoti \u2013 Privalau i\u0161mokt... RIAUMOTI! Peliukas \u017eino, kad b\u016bti ma\u017eam kartais labai nelengva.\" \/>\n<meta property=\"og:url\" content=\"https:\/\/skaitytaknyga.lt\/en\/produktas\/jei-buciau-liutas\/\" \/>\n<meta property=\"og:site_name\" content=\"Skaitytaknyga\" \/>\n<meta property=\"article:publisher\" content=\"https:\/\/www.facebook.com\/skaitytaknyga\/\" \/>\n<meta property=\"article:modified_time\" content=\"2026-01-10T21:47:06+00:00\" \/>\n<meta property=\"og:image\" content=\"https:\/\/skaitytaknyga.lt\/wp-content\/uploads\/2025\/05\/JEI-BUCIAU-LIUTAS.webp\" \/>\n\t<meta property=\"og:image:width\" content=\"523\" \/>\n\t<meta property=\"og:image:height\" content=\"652\" \/>\n\t<meta property=\"og:image:type\" content=\"image\/webp\" \/>\n<meta name=\"twitter:card\" content=\"summary_large_image\" \/>\n<meta name=\"twitter:label1\" content=\"Estimated reading time\" \/>\n\t<meta name=\"twitter:data1\" content=\"1 minute\" \/>\n<script type=\"application\/ld+json\" class=\"yoast-schema-graph\">{\"@context\":\"https:\/\/schema.org\",\"@graph\":[{\"@type\":\"WebPage\",\"@id\":\"https:\/\/skaitytaknyga.lt\/produktas\/jei-buciau-liutas\/\",\"url\":\"https:\/\/skaitytaknyga.lt\/produktas\/jei-buciau-liutas\/\",\"name\":\"JEI B\u016a\u010cIAU LI\u016aTAS\",\"isPartOf\":{\"@id\":\"https:\/\/skaitytaknyga.lt\/#website\"},\"primaryImageOfPage\":{\"@id\":\"https:\/\/skaitytaknyga.lt\/produktas\/jei-buciau-liutas\/#primaryimage\"},\"image\":{\"@id\":\"https:\/\/skaitytaknyga.lt\/produktas\/jei-buciau-liutas\/#primaryimage\"},\"thumbnailUrl\":\"https:\/\/skaitytaknyga.lt\/wp-content\/uploads\/2025\/05\/JEI-BUCIAU-LIUTAS.webp\",\"datePublished\":\"2025-05-24T17:50:21+00:00\",\"dateModified\":\"2026-01-10T21:47:06+00:00\",\"description\":\"V\u0117l\u0173 vakar\u0105 lovel\u0117j U\u017egim\u0117 mintis galvel\u0117j: Gal u\u017eteks ramiai miegoti \u2013 Privalau i\u0161mokt... RIAUMOTI! Peliukas \u017eino, kad b\u016bti ma\u017eam kartais labai nelengva.\",\"breadcrumb\":{\"@id\":\"https:\/\/skaitytaknyga.lt\/produktas\/jei-buciau-liutas\/#breadcrumb\"},\"inLanguage\":\"en-GB\",\"potentialAction\":[{\"@type\":\"ReadAction\",\"target\":[\"https:\/\/skaitytaknyga.lt\/produktas\/jei-buciau-liutas\/\"]}]},{\"@type\":\"ImageObject\",\"inLanguage\":\"en-GB\",\"@id\":\"https:\/\/skaitytaknyga.lt\/produktas\/jei-buciau-liutas\/#primaryimage\",\"url\":\"https:\/\/skaitytaknyga.lt\/wp-content\/uploads\/2025\/05\/JEI-BUCIAU-LIUTAS.webp\",\"contentUrl\":\"https:\/\/skaitytaknyga.lt\/wp-content\/uploads\/2025\/05\/JEI-BUCIAU-LIUTAS.webp\",\"width\":523,\"height\":652,\"caption\":\"JEI B\u016a\u010cIAU LI\u016aTAS\"},{\"@type\":\"BreadcrumbList\",\"@id\":\"https:\/\/skaitytaknyga.lt\/produktas\/jei-buciau-liutas\/#breadcrumb\",\"itemListElement\":[{\"@type\":\"ListItem\",\"position\":1,\"name\":\"Home\",\"item\":\"https:\/\/skaitytaknyga.lt\/\"},{\"@type\":\"ListItem\",\"position\":2,\"name\":\"Parduotuv\u0117\",\"item\":\"https:\/\/skaitytaknyga.lt\/knygu-parduotuve\/\"},{\"@type\":\"ListItem\",\"position\":3,\"name\":\"JEI B\u016a\u010cIAU LI\u016aTAS\"}]},{\"@type\":\"WebSite\",\"@id\":\"https:\/\/skaitytaknyga.lt\/#website\",\"url\":\"https:\/\/skaitytaknyga.lt\/\",\"name\":\"skaitytaknyga.lt\",\"description\":\"Skaitytaknyga.lt \u2013 tai ma\u017eas \u0161eimos verslas, kuris prasid\u0117jo nuo meil\u0117s knygoms ir siekio i\u0161gelb\u0117ti knygas nuo likimo prie konteinerio. Kas vienam nereikalingas daiktas \u2013 kitam lobis, o mes esame tarpininkai, kurie padeda abiems tapti laimingesniems ???? \u017dinome kaip nelengva i\u0161gyventi ma\u017eiems verslams, tad nuo \u0161iol, \u010dia rasite ir kit\u0173, ma\u017e\u0173 \u0161eim\u0173 versl\u0173, rank\u0173 darbo, dovan\u0173 sau ir artimiesiems.\",\"publisher\":{\"@id\":\"https:\/\/skaitytaknyga.lt\/#organization\"},\"potentialAction\":[{\"@type\":\"SearchAction\",\"target\":{\"@type\":\"EntryPoint\",\"urlTemplate\":\"https:\/\/skaitytaknyga.lt\/?s={search_term_string}\"},\"query-input\":{\"@type\":\"PropertyValueSpecification\",\"valueRequired\":true,\"valueName\":\"search_term_string\"}}],\"inLanguage\":\"en-GB\"},{\"@type\":\"Organization\",\"@id\":\"https:\/\/skaitytaknyga.lt\/#organization\",\"name\":\"skaitytaknyga.lt\",\"url\":\"https:\/\/skaitytaknyga.lt\/\",\"logo\":{\"@type\":\"ImageObject\",\"inLanguage\":\"en-GB\",\"@id\":\"https:\/\/skaitytaknyga.lt\/#\/schema\/logo\/image\/\",\"url\":\"https:\/\/skaitytaknyga.lt\/wp-content\/uploads\/2024\/05\/cropped-cropped-cropped-02_00843_jt3bggkj1j3HLc7SyY6rEUpg.jpeg\",\"contentUrl\":\"https:\/\/skaitytaknyga.lt\/wp-content\/uploads\/2024\/05\/cropped-cropped-cropped-02_00843_jt3bggkj1j3HLc7SyY6rEUpg.jpeg\",\"width\":1600,\"height\":1600,\"caption\":\"skaitytaknyga.lt\"},\"image\":{\"@id\":\"https:\/\/skaitytaknyga.lt\/#\/schema\/logo\/image\/\"},\"sameAs\":[\"https:\/\/www.facebook.com\/skaitytaknyga\/\"]}]}<\/script>\n<!-- \/ Yoast SEO plugin. -->","yoast_head_json":{"title":"JEI B\u016a\u010cIAU LI\u016aTAS","description":"V\u0117l\u0173 vakar\u0105 lovel\u0117j U\u017egim\u0117 mintis galvel\u0117j: Gal u\u017eteks ramiai miegoti \u2013 Privalau i\u0161mokt... RIAUMOTI! Peliukas \u017eino, kad b\u016bti ma\u017eam kartais labai nelengva.","robots":{"index":"index","follow":"follow","max-snippet":"max-snippet:-1","max-image-preview":"max-image-preview:large","max-video-preview":"max-video-preview:-1"},"canonical":"https:\/\/skaitytaknyga.lt\/en\/produktas\/jei-buciau-liutas\/","og_locale":"en_GB","og_type":"article","og_title":"[:lt]JEI B\u016a\u010cIAU LI\u016aTAS[:] - Skaitytaknyga","og_description":"V\u0117l\u0173 vakar\u0105 lovel\u0117j U\u017egim\u0117 mintis galvel\u0117j: Gal u\u017eteks ramiai miegoti \u2013 Privalau i\u0161mokt... RIAUMOTI! Peliukas \u017eino, kad b\u016bti ma\u017eam kartais labai nelengva.","og_url":"https:\/\/skaitytaknyga.lt\/en\/produktas\/jei-buciau-liutas\/","og_site_name":"Skaitytaknyga","article_publisher":"https:\/\/www.facebook.com\/skaitytaknyga\/","article_modified_time":"2026-01-10T21:47:06+00:00","og_image":[{"width":523,"height":652,"url":"https:\/\/skaitytaknyga.lt\/wp-content\/uploads\/2025\/05\/JEI-BUCIAU-LIUTAS.webp","type":"image\/webp"}],"twitter_card":"summary_large_image","twitter_misc":{"Estimated reading time":"1 minute"},"schema":{"@context":"https:\/\/schema.org","@graph":[{"@type":"WebPage","@id":"https:\/\/skaitytaknyga.lt\/produktas\/jei-buciau-liutas\/","url":"https:\/\/skaitytaknyga.lt\/produktas\/jei-buciau-liutas\/","name":"JEI B\u016a\u010cIAU LI\u016aTAS","isPartOf":{"@id":"https:\/\/skaitytaknyga.lt\/#website"},"primaryImageOfPage":{"@id":"https:\/\/skaitytaknyga.lt\/produktas\/jei-buciau-liutas\/#primaryimage"},"image":{"@id":"https:\/\/skaitytaknyga.lt\/produktas\/jei-buciau-liutas\/#primaryimage"},"thumbnailUrl":"https:\/\/skaitytaknyga.lt\/wp-content\/uploads\/2025\/05\/JEI-BUCIAU-LIUTAS.webp","datePublished":"2025-05-24T17:50:21+00:00","dateModified":"2026-01-10T21:47:06+00:00","description":"V\u0117l\u0173 vakar\u0105 lovel\u0117j U\u017egim\u0117 mintis galvel\u0117j: Gal u\u017eteks ramiai miegoti \u2013 Privalau i\u0161mokt... RIAUMOTI! Peliukas \u017eino, kad b\u016bti ma\u017eam kartais labai nelengva.","breadcrumb":{"@id":"https:\/\/skaitytaknyga.lt\/produktas\/jei-buciau-liutas\/#breadcrumb"},"inLanguage":"en-GB","potentialAction":[{"@type":"ReadAction","target":["https:\/\/skaitytaknyga.lt\/produktas\/jei-buciau-liutas\/"]}]},{"@type":"ImageObject","inLanguage":"en-GB","@id":"https:\/\/skaitytaknyga.lt\/produktas\/jei-buciau-liutas\/#primaryimage","url":"https:\/\/skaitytaknyga.lt\/wp-content\/uploads\/2025\/05\/JEI-BUCIAU-LIUTAS.webp","contentUrl":"https:\/\/skaitytaknyga.lt\/wp-content\/uploads\/2025\/05\/JEI-BUCIAU-LIUTAS.webp","width":523,"height":652,"caption":"JEI B\u016a\u010cIAU LI\u016aTAS"},{"@type":"BreadcrumbList","@id":"https:\/\/skaitytaknyga.lt\/produktas\/jei-buciau-liutas\/#breadcrumb","itemListElement":[{"@type":"ListItem","position":1,"name":"Home","item":"https:\/\/skaitytaknyga.lt\/"},{"@type":"ListItem","position":2,"name":"Parduotuv\u0117","item":"https:\/\/skaitytaknyga.lt\/knygu-parduotuve\/"},{"@type":"ListItem","position":3,"name":"JEI B\u016a\u010cIAU LI\u016aTAS"}]},{"@type":"WebSite","@id":"https:\/\/skaitytaknyga.lt\/#website","url":"https:\/\/skaitytaknyga.lt\/","name":"skaitytaknyga.lt","description":"Skaitytaknyga.lt \u2013 tai ma\u017eas \u0161eimos verslas, kuris prasid\u0117jo nuo meil\u0117s knygoms ir siekio i\u0161gelb\u0117ti knygas nuo likimo prie konteinerio. Kas vienam nereikalingas daiktas \u2013 kitam lobis, o mes esame tarpininkai, kurie padeda abiems tapti laimingesniems ???? \u017dinome kaip nelengva i\u0161gyventi ma\u017eiems verslams, tad nuo \u0161iol, \u010dia rasite ir kit\u0173, ma\u017e\u0173 \u0161eim\u0173 versl\u0173, rank\u0173 darbo, dovan\u0173 sau ir artimiesiems.","publisher":{"@id":"https:\/\/skaitytaknyga.lt\/#organization"},"potentialAction":[{"@type":"SearchAction","target":{"@type":"EntryPoint","urlTemplate":"https:\/\/skaitytaknyga.lt\/?s={search_term_string}"},"query-input":{"@type":"PropertyValueSpecification","valueRequired":true,"valueName":"search_term_string"}}],"inLanguage":"en-GB"},{"@type":"Organization","@id":"https:\/\/skaitytaknyga.lt\/#organization","name":"skaitytaknyga.lt","url":"https:\/\/skaitytaknyga.lt\/","logo":{"@type":"ImageObject","inLanguage":"en-GB","@id":"https:\/\/skaitytaknyga.lt\/#\/schema\/logo\/image\/","url":"https:\/\/skaitytaknyga.lt\/wp-content\/uploads\/2024\/05\/cropped-cropped-cropped-02_00843_jt3bggkj1j3HLc7SyY6rEUpg.jpeg","contentUrl":"https:\/\/skaitytaknyga.lt\/wp-content\/uploads\/2024\/05\/cropped-cropped-cropped-02_00843_jt3bggkj1j3HLc7SyY6rEUpg.jpeg","width":1600,"height":1600,"caption":"skaitytaknyga.lt"},"image":{"@id":"https:\/\/skaitytaknyga.lt\/#\/schema\/logo\/image\/"},"sameAs":["https:\/\/www.facebook.com\/skaitytaknyga\/"]}]}},"_links":{"self":[{"href":"https:\/\/skaitytaknyga.lt\/en\/wp-json\/wp\/v2\/product\/18509","targetHints":{"allow":["GET"]}}],"collection":[{"href":"https:\/\/skaitytaknyga.lt\/en\/wp-json\/wp\/v2\/product"}],"about":[{"href":"https:\/\/skaitytaknyga.lt\/en\/wp-json\/wp\/v2\/types\/product"}],"replies":[{"embeddable":true,"href":"https:\/\/skaitytaknyga.lt\/en\/wp-json\/wp\/v2\/comments?post=18509"}],"wp:featuredmedia":[{"embeddable":true,"href":"https:\/\/skaitytaknyga.lt\/en\/wp-json\/wp\/v2\/media\/18514"}],"wp:attachment":[{"href":"https:\/\/skaitytaknyga.lt\/en\/wp-json\/wp\/v2\/media?parent=18509"}],"wp:term":[{"taxonomy":"product_brand","embeddable":true,"href":"https:\/\/skaitytaknyga.lt\/en\/wp-json\/wp\/v2\/product_brand?post=18509"},{"taxonomy":"product_cat","embeddable":true,"href":"https:\/\/skaitytaknyga.lt\/en\/wp-json\/wp\/v2\/product_cat?post=18509"},{"taxonomy":"product_tag","embeddable":true,"href":"https:\/\/skaitytaknyga.lt\/en\/wp-json\/wp\/v2\/product_tag?post=18509"}],"curies":[{"name":"wp","href":"https:\/\/api.w.org\/{rel}","templated":true}]}}