{"id":18502,"date":"2025-05-24T20:40:53","date_gmt":"2025-05-24T17:40:53","guid":{"rendered":"https:\/\/skaitytaknyga.lt\/?post_type=product&#038;p=18502"},"modified":"2025-05-28T08:19:02","modified_gmt":"2025-05-28T05:19:02","slug":"103-bandymai-kurybingam-smalsuciu-laisvalaikiui","status":"publish","type":"product","link":"https:\/\/skaitytaknyga.lt\/en\/produktas\/103-bandymai-kurybingam-smalsuciu-laisvalaikiui\/","title":{"rendered":"103 bandymai k\u016brybingam smalsu\u010di\u0173 laisvalaikiui"},"content":{"rendered":"<p>Ar \u017einai, kaip pamatyti gars\u0105? Kaip apskai\u010diuoti, ar toli audra, kaip pasidaryti aitvar\u0105? Jei ne, knyga \u201e103 bandymai k\u016brybingam smalsu\u010di\u0173 laisvalaikiu\u201c i\u0161mokys.<\/p>\n<p>Su\u017einosi ir daugiau dalyk\u0173: kaip i\u0161matuoti savo plau\u010di\u0173 t\u016br\u012f, g\u0117linti s\u016br\u0173 vanden\u012f, sukelti namie tornad\u0105&#8230;<\/p>\n<p>Si\u016blome padaryti 103 bandymus su garsu, vandeniu ir oru. Netik\u0117si savo akimis ir ausimis, duodam \u017eod\u012f. Net jei nesiry\u017etum daryti kai kuri\u0173 bandym\u0173, \u0161\u012f bei t\u0105 su\u017einotum, vien perskait\u0119s \u0161i\u0105 knyg\u0105. O dar knygoje daugyb\u0117 \u0161maik\u0161\u010di\u0173 paveiksl\u0117li\u0173, kuri\u0173 kiekvienas pasakoja po labai juoking\u0105 istorij\u0105.<\/p>\n","protected":false},"excerpt":{"rendered":"<p>Ar \u017einai, kaip pamatyti gars\u0105? Kaip apskai\u010diuoti, ar toli audra, kaip pasidaryti aitvar\u0105? Jei ne, knyga \u201e103 bandymai k\u016brybingam smalsu\u010di\u0173 laisvalaikiu\u201c i\u0161mokys. Su\u017einosi ir daugiau dalyk\u0173: kaip i\u0161matuoti savo plau\u010di\u0173 t\u016br\u012f, g\u0117linti s\u016br\u0173 vanden\u012f, sukelti namie tornad\u0105&#8230; Si\u016blome padaryti 103 bandymus su garsu, vandeniu ir oru. Netik\u0117si savo akimis ir ausimis, duodam \u017eod\u012f. Net jei nesiry\u017etum daryti kai kuri\u0173 bandym\u0173, \u0161\u012f bei t\u0105 su\u017einotum, vien perskait\u0119s \u0161i\u0105 knyg\u0105. O dar knygoje daugyb\u0117 \u0161maik\u0161\u010di\u0173 paveiksl\u0117li\u0173, kuri\u0173 kiekvienas pasakoja po labai juoking\u0105 istorij\u0105.<\/p>\n","protected":false},"featured_media":18508,"comment_status":"open","ping_status":"closed","template":"","meta":{"_acf_changed":false,"site-sidebar-layout":"default","site-content-layout":"","ast-site-content-layout":"default","site-content-style":"default","site-sidebar-style":"default","ast-global-header-display":"","ast-banner-title-visibility":"","ast-main-header-display":"","ast-hfb-above-header-display":"","ast-hfb-below-header-display":"","ast-hfb-mobile-header-display":"","site-post-title":"","ast-breadcrumbs-content":"","ast-featured-img":"","footer-sml-layout":"","ast-disable-related-posts":"","theme-transparent-header-meta":"","adv-header-id-meta":"","stick-header-meta":"","header-above-stick-meta":"","header-main-stick-meta":"","header-below-stick-meta":"","astra-migrate-meta-layouts":"default","ast-page-background-enabled":"default","ast-page-background-meta":{"desktop":{"background-color":"","background-image":"","background-repeat":"repeat","background-position":"center center","background-size":"auto","background-attachment":"scroll","background-type":"","background-media":"","overlay-type":"","overlay-color":"","overlay-opacity":"","overlay-gradient":""},"tablet":{"background-color":"","background-image":"","background-repeat":"repeat","background-position":"center center","background-size":"auto","background-attachment":"scroll","background-type":"","background-media":"","overlay-type":"","overlay-color":"","overlay-opacity":"","overlay-gradient":""},"mobile":{"background-color":"","background-image":"","background-repeat":"repeat","background-position":"center center","background-size":"auto","background-attachment":"scroll","background-type":"","background-media":"","overlay-type":"","overlay-color":"","overlay-opacity":"","overlay-gradient":""}},"ast-content-background-meta":{"desktop":{"background-color":"var(--ast-global-color-4)","background-image":"","background-repeat":"repeat","background-position":"center center","background-size":"auto","background-attachment":"scroll","background-type":"","background-media":"","overlay-type":"","overlay-color":"","overlay-opacity":"","overlay-gradient":""},"tablet":{"background-color":"var(--ast-global-color-4)","background-image":"","background-repeat":"repeat","background-position":"center center","background-size":"auto","background-attachment":"scroll","background-type":"","background-media":"","overlay-type":"","overlay-color":"","overlay-opacity":"","overlay-gradient":""},"mobile":{"background-color":"var(--ast-global-color-4)","background-image":"","background-repeat":"repeat","background-position":"center center","background-size":"auto","background-attachment":"scroll","background-type":"","background-media":"","overlay-type":"","overlay-color":"","overlay-opacity":"","overlay-gradient":""}}},"product_brand":[],"product_cat":[15],"product_tag":[4415,1560,1524,4416,1785],"class_list":{"0":"post-18502","1":"product","2":"type-product","3":"status-publish","4":"has-post-thumbnail","6":"product_cat-uncategorized","7":"product_tag-eksperimentai","8":"product_tag-kurybiskumas","9":"product_tag-mokslas","10":"product_tag-smalsumas","11":"product_tag-vaikams","12":"desktop-align-left","13":"tablet-align-left","14":"mobile-align-left","16":"first","17":"instock","18":"shipping-taxable","19":"purchasable","20":"product-type-simple"},"acf":[],"yoast_head":"<!-- This site is optimized with the Yoast SEO plugin v27.0 - https:\/\/yoast.com\/product\/yoast-seo-wordpress\/ -->\n<title>103 bandymai k\u016brybingam smalsu\u010di\u0173 laisvalaikiui<\/title>\n<meta name=\"description\" content=\"Ar \u017einai, kaip pamatyti gars\u0105? Kaip apskai\u010diuoti, ar toli audra, kaip pasidaryti aitvar\u0105? Jei ne, knyga \u201e103 bandymai k\u016brybingam smalsu\u010di\u0173 laisvalaikiu\u201c\" \/>\n<meta name=\"robots\" content=\"index, follow, max-snippet:-1, max-image-preview:large, max-video-preview:-1\" \/>\n<link rel=\"canonical\" href=\"https:\/\/skaitytaknyga.lt\/en\/produktas\/103-bandymai-kurybingam-smalsuciu-laisvalaikiui\/\" \/>\n<meta property=\"og:locale\" content=\"en_GB\" \/>\n<meta property=\"og:locale:alternate\" content=\"lt_LT\" \/>\n<meta property=\"og:type\" content=\"article\" \/>\n<meta property=\"og:title\" content=\"103 bandymai k\u016brybingam smalsu\u010di\u0173 laisvalaikiui\" \/>\n<meta property=\"og:description\" content=\"Ar \u017einai, kaip pamatyti gars\u0105? Kaip apskai\u010diuoti, ar toli audra, kaip pasidaryti aitvar\u0105? Jei ne, knyga \u201e103 bandymai k\u016brybingam smalsu\u010di\u0173 laisvalaikiu\u201c\" \/>\n<meta property=\"og:url\" content=\"https:\/\/skaitytaknyga.lt\/en\/produktas\/103-bandymai-kurybingam-smalsuciu-laisvalaikiui\/\" \/>\n<meta property=\"og:site_name\" content=\"Skaitytaknyga\" \/>\n<meta property=\"article:publisher\" content=\"https:\/\/www.facebook.com\/skaitytaknyga\/\" \/>\n<meta property=\"article:modified_time\" content=\"2025-05-28T05:19:02+00:00\" \/>\n<meta property=\"og:image\" content=\"https:\/\/skaitytaknyga.lt\/wp-content\/uploads\/2025\/05\/103-bandymai-kurybingam-smalsuciu-laisvalaikiui.webp\" \/>\n\t<meta property=\"og:image:width\" content=\"693\" \/>\n\t<meta property=\"og:image:height\" content=\"801\" \/>\n\t<meta property=\"og:image:type\" content=\"image\/webp\" \/>\n<meta name=\"twitter:card\" content=\"summary_large_image\" \/>\n<script type=\"application\/ld+json\" class=\"yoast-schema-graph\">{\"@context\":\"https:\/\/schema.org\",\"@graph\":[{\"@type\":\"WebPage\",\"@id\":\"https:\/\/skaitytaknyga.lt\/produktas\/103-bandymai-kurybingam-smalsuciu-laisvalaikiui\/\",\"url\":\"https:\/\/skaitytaknyga.lt\/produktas\/103-bandymai-kurybingam-smalsuciu-laisvalaikiui\/\",\"name\":\"103 bandymai k\u016brybingam smalsu\u010di\u0173 laisvalaikiui\",\"isPartOf\":{\"@id\":\"https:\/\/skaitytaknyga.lt\/#website\"},\"primaryImageOfPage\":{\"@id\":\"https:\/\/skaitytaknyga.lt\/produktas\/103-bandymai-kurybingam-smalsuciu-laisvalaikiui\/#primaryimage\"},\"image\":{\"@id\":\"https:\/\/skaitytaknyga.lt\/produktas\/103-bandymai-kurybingam-smalsuciu-laisvalaikiui\/#primaryimage\"},\"thumbnailUrl\":\"https:\/\/skaitytaknyga.lt\/wp-content\/uploads\/2025\/05\/103-bandymai-kurybingam-smalsuciu-laisvalaikiui.webp\",\"datePublished\":\"2025-05-24T17:40:53+00:00\",\"dateModified\":\"2025-05-28T05:19:02+00:00\",\"description\":\"Ar \u017einai, kaip pamatyti gars\u0105? Kaip apskai\u010diuoti, ar toli audra, kaip pasidaryti aitvar\u0105? Jei ne, knyga \u201e103 bandymai k\u016brybingam smalsu\u010di\u0173 laisvalaikiu\u201c\",\"breadcrumb\":{\"@id\":\"https:\/\/skaitytaknyga.lt\/produktas\/103-bandymai-kurybingam-smalsuciu-laisvalaikiui\/#breadcrumb\"},\"inLanguage\":\"en-GB\",\"potentialAction\":[{\"@type\":\"ReadAction\",\"target\":[\"https:\/\/skaitytaknyga.lt\/produktas\/103-bandymai-kurybingam-smalsuciu-laisvalaikiui\/\"]}]},{\"@type\":\"ImageObject\",\"inLanguage\":\"en-GB\",\"@id\":\"https:\/\/skaitytaknyga.lt\/produktas\/103-bandymai-kurybingam-smalsuciu-laisvalaikiui\/#primaryimage\",\"url\":\"https:\/\/skaitytaknyga.lt\/wp-content\/uploads\/2025\/05\/103-bandymai-kurybingam-smalsuciu-laisvalaikiui.webp\",\"contentUrl\":\"https:\/\/skaitytaknyga.lt\/wp-content\/uploads\/2025\/05\/103-bandymai-kurybingam-smalsuciu-laisvalaikiui.webp\",\"width\":693,\"height\":801,\"caption\":\"103 bandymai k\u016brybingam smalsu\u010di\u0173 laisvalaikiui\"},{\"@type\":\"BreadcrumbList\",\"@id\":\"https:\/\/skaitytaknyga.lt\/produktas\/103-bandymai-kurybingam-smalsuciu-laisvalaikiui\/#breadcrumb\",\"itemListElement\":[{\"@type\":\"ListItem\",\"position\":1,\"name\":\"Home\",\"item\":\"https:\/\/skaitytaknyga.lt\/\"},{\"@type\":\"ListItem\",\"position\":2,\"name\":\"Parduotuv\u0117\",\"item\":\"https:\/\/skaitytaknyga.lt\/knygu-parduotuve\/\"},{\"@type\":\"ListItem\",\"position\":3,\"name\":\"103 bandymai k\u016brybingam smalsu\u010di\u0173 laisvalaikiui\"}]},{\"@type\":\"WebSite\",\"@id\":\"https:\/\/skaitytaknyga.lt\/#website\",\"url\":\"https:\/\/skaitytaknyga.lt\/\",\"name\":\"skaitytaknyga.lt\",\"description\":\"Skaitytaknyga.lt \u2013 tai ma\u017eas \u0161eimos verslas, kuris prasid\u0117jo nuo meil\u0117s knygoms ir siekio i\u0161gelb\u0117ti knygas nuo likimo prie konteinerio. Kas vienam nereikalingas daiktas \u2013 kitam lobis, o mes esame tarpininkai, kurie padeda abiems tapti laimingesniems ???? \u017dinome kaip nelengva i\u0161gyventi ma\u017eiems verslams, tad nuo \u0161iol, \u010dia rasite ir kit\u0173, ma\u017e\u0173 \u0161eim\u0173 versl\u0173, rank\u0173 darbo, dovan\u0173 sau ir artimiesiems.\",\"publisher\":{\"@id\":\"https:\/\/skaitytaknyga.lt\/#organization\"},\"potentialAction\":[{\"@type\":\"SearchAction\",\"target\":{\"@type\":\"EntryPoint\",\"urlTemplate\":\"https:\/\/skaitytaknyga.lt\/?s={search_term_string}\"},\"query-input\":{\"@type\":\"PropertyValueSpecification\",\"valueRequired\":true,\"valueName\":\"search_term_string\"}}],\"inLanguage\":\"en-GB\"},{\"@type\":\"Organization\",\"@id\":\"https:\/\/skaitytaknyga.lt\/#organization\",\"name\":\"skaitytaknyga.lt\",\"url\":\"https:\/\/skaitytaknyga.lt\/\",\"logo\":{\"@type\":\"ImageObject\",\"inLanguage\":\"en-GB\",\"@id\":\"https:\/\/skaitytaknyga.lt\/#\/schema\/logo\/image\/\",\"url\":\"https:\/\/skaitytaknyga.lt\/wp-content\/uploads\/2024\/05\/cropped-cropped-cropped-02_00843_jt3bggkj1j3HLc7SyY6rEUpg.jpeg\",\"contentUrl\":\"https:\/\/skaitytaknyga.lt\/wp-content\/uploads\/2024\/05\/cropped-cropped-cropped-02_00843_jt3bggkj1j3HLc7SyY6rEUpg.jpeg\",\"width\":1600,\"height\":1600,\"caption\":\"skaitytaknyga.lt\"},\"image\":{\"@id\":\"https:\/\/skaitytaknyga.lt\/#\/schema\/logo\/image\/\"},\"sameAs\":[\"https:\/\/www.facebook.com\/skaitytaknyga\/\"]}]}<\/script>\n<!-- \/ Yoast SEO plugin. -->","yoast_head_json":{"title":"103 bandymai k\u016brybingam smalsu\u010di\u0173 laisvalaikiui","description":"Ar \u017einai, kaip pamatyti gars\u0105? Kaip apskai\u010diuoti, ar toli audra, kaip pasidaryti aitvar\u0105? Jei ne, knyga \u201e103 bandymai k\u016brybingam smalsu\u010di\u0173 laisvalaikiu\u201c","robots":{"index":"index","follow":"follow","max-snippet":"max-snippet:-1","max-image-preview":"max-image-preview:large","max-video-preview":"max-video-preview:-1"},"canonical":"https:\/\/skaitytaknyga.lt\/en\/produktas\/103-bandymai-kurybingam-smalsuciu-laisvalaikiui\/","og_locale":"en_GB","og_type":"article","og_title":"[:lt]103 bandymai k\u016brybingam smalsu\u010di\u0173 laisvalaikiui[:] - Skaitytaknyga","og_description":"Ar \u017einai, kaip pamatyti gars\u0105? Kaip apskai\u010diuoti, ar toli audra, kaip pasidaryti aitvar\u0105? Jei ne, knyga \u201e103 bandymai k\u016brybingam smalsu\u010di\u0173 laisvalaikiu\u201c","og_url":"https:\/\/skaitytaknyga.lt\/en\/produktas\/103-bandymai-kurybingam-smalsuciu-laisvalaikiui\/","og_site_name":"Skaitytaknyga","article_publisher":"https:\/\/www.facebook.com\/skaitytaknyga\/","article_modified_time":"2025-05-28T05:19:02+00:00","og_image":[{"width":693,"height":801,"url":"https:\/\/skaitytaknyga.lt\/wp-content\/uploads\/2025\/05\/103-bandymai-kurybingam-smalsuciu-laisvalaikiui.webp","type":"image\/webp"}],"twitter_card":"summary_large_image","schema":{"@context":"https:\/\/schema.org","@graph":[{"@type":"WebPage","@id":"https:\/\/skaitytaknyga.lt\/produktas\/103-bandymai-kurybingam-smalsuciu-laisvalaikiui\/","url":"https:\/\/skaitytaknyga.lt\/produktas\/103-bandymai-kurybingam-smalsuciu-laisvalaikiui\/","name":"103 bandymai k\u016brybingam smalsu\u010di\u0173 laisvalaikiui","isPartOf":{"@id":"https:\/\/skaitytaknyga.lt\/#website"},"primaryImageOfPage":{"@id":"https:\/\/skaitytaknyga.lt\/produktas\/103-bandymai-kurybingam-smalsuciu-laisvalaikiui\/#primaryimage"},"image":{"@id":"https:\/\/skaitytaknyga.lt\/produktas\/103-bandymai-kurybingam-smalsuciu-laisvalaikiui\/#primaryimage"},"thumbnailUrl":"https:\/\/skaitytaknyga.lt\/wp-content\/uploads\/2025\/05\/103-bandymai-kurybingam-smalsuciu-laisvalaikiui.webp","datePublished":"2025-05-24T17:40:53+00:00","dateModified":"2025-05-28T05:19:02+00:00","description":"Ar \u017einai, kaip pamatyti gars\u0105? Kaip apskai\u010diuoti, ar toli audra, kaip pasidaryti aitvar\u0105? Jei ne, knyga \u201e103 bandymai k\u016brybingam smalsu\u010di\u0173 laisvalaikiu\u201c","breadcrumb":{"@id":"https:\/\/skaitytaknyga.lt\/produktas\/103-bandymai-kurybingam-smalsuciu-laisvalaikiui\/#breadcrumb"},"inLanguage":"en-GB","potentialAction":[{"@type":"ReadAction","target":["https:\/\/skaitytaknyga.lt\/produktas\/103-bandymai-kurybingam-smalsuciu-laisvalaikiui\/"]}]},{"@type":"ImageObject","inLanguage":"en-GB","@id":"https:\/\/skaitytaknyga.lt\/produktas\/103-bandymai-kurybingam-smalsuciu-laisvalaikiui\/#primaryimage","url":"https:\/\/skaitytaknyga.lt\/wp-content\/uploads\/2025\/05\/103-bandymai-kurybingam-smalsuciu-laisvalaikiui.webp","contentUrl":"https:\/\/skaitytaknyga.lt\/wp-content\/uploads\/2025\/05\/103-bandymai-kurybingam-smalsuciu-laisvalaikiui.webp","width":693,"height":801,"caption":"103 bandymai k\u016brybingam smalsu\u010di\u0173 laisvalaikiui"},{"@type":"BreadcrumbList","@id":"https:\/\/skaitytaknyga.lt\/produktas\/103-bandymai-kurybingam-smalsuciu-laisvalaikiui\/#breadcrumb","itemListElement":[{"@type":"ListItem","position":1,"name":"Home","item":"https:\/\/skaitytaknyga.lt\/"},{"@type":"ListItem","position":2,"name":"Parduotuv\u0117","item":"https:\/\/skaitytaknyga.lt\/knygu-parduotuve\/"},{"@type":"ListItem","position":3,"name":"103 bandymai k\u016brybingam smalsu\u010di\u0173 laisvalaikiui"}]},{"@type":"WebSite","@id":"https:\/\/skaitytaknyga.lt\/#website","url":"https:\/\/skaitytaknyga.lt\/","name":"skaitytaknyga.lt","description":"Skaitytaknyga.lt \u2013 tai ma\u017eas \u0161eimos verslas, kuris prasid\u0117jo nuo meil\u0117s knygoms ir siekio i\u0161gelb\u0117ti knygas nuo likimo prie konteinerio. Kas vienam nereikalingas daiktas \u2013 kitam lobis, o mes esame tarpininkai, kurie padeda abiems tapti laimingesniems ???? \u017dinome kaip nelengva i\u0161gyventi ma\u017eiems verslams, tad nuo \u0161iol, \u010dia rasite ir kit\u0173, ma\u017e\u0173 \u0161eim\u0173 versl\u0173, rank\u0173 darbo, dovan\u0173 sau ir artimiesiems.","publisher":{"@id":"https:\/\/skaitytaknyga.lt\/#organization"},"potentialAction":[{"@type":"SearchAction","target":{"@type":"EntryPoint","urlTemplate":"https:\/\/skaitytaknyga.lt\/?s={search_term_string}"},"query-input":{"@type":"PropertyValueSpecification","valueRequired":true,"valueName":"search_term_string"}}],"inLanguage":"en-GB"},{"@type":"Organization","@id":"https:\/\/skaitytaknyga.lt\/#organization","name":"skaitytaknyga.lt","url":"https:\/\/skaitytaknyga.lt\/","logo":{"@type":"ImageObject","inLanguage":"en-GB","@id":"https:\/\/skaitytaknyga.lt\/#\/schema\/logo\/image\/","url":"https:\/\/skaitytaknyga.lt\/wp-content\/uploads\/2024\/05\/cropped-cropped-cropped-02_00843_jt3bggkj1j3HLc7SyY6rEUpg.jpeg","contentUrl":"https:\/\/skaitytaknyga.lt\/wp-content\/uploads\/2024\/05\/cropped-cropped-cropped-02_00843_jt3bggkj1j3HLc7SyY6rEUpg.jpeg","width":1600,"height":1600,"caption":"skaitytaknyga.lt"},"image":{"@id":"https:\/\/skaitytaknyga.lt\/#\/schema\/logo\/image\/"},"sameAs":["https:\/\/www.facebook.com\/skaitytaknyga\/"]}]}},"_links":{"self":[{"href":"https:\/\/skaitytaknyga.lt\/en\/wp-json\/wp\/v2\/product\/18502","targetHints":{"allow":["GET"]}}],"collection":[{"href":"https:\/\/skaitytaknyga.lt\/en\/wp-json\/wp\/v2\/product"}],"about":[{"href":"https:\/\/skaitytaknyga.lt\/en\/wp-json\/wp\/v2\/types\/product"}],"replies":[{"embeddable":true,"href":"https:\/\/skaitytaknyga.lt\/en\/wp-json\/wp\/v2\/comments?post=18502"}],"wp:featuredmedia":[{"embeddable":true,"href":"https:\/\/skaitytaknyga.lt\/en\/wp-json\/wp\/v2\/media\/18508"}],"wp:attachment":[{"href":"https:\/\/skaitytaknyga.lt\/en\/wp-json\/wp\/v2\/media?parent=18502"}],"wp:term":[{"taxonomy":"product_brand","embeddable":true,"href":"https:\/\/skaitytaknyga.lt\/en\/wp-json\/wp\/v2\/product_brand?post=18502"},{"taxonomy":"product_cat","embeddable":true,"href":"https:\/\/skaitytaknyga.lt\/en\/wp-json\/wp\/v2\/product_cat?post=18502"},{"taxonomy":"product_tag","embeddable":true,"href":"https:\/\/skaitytaknyga.lt\/en\/wp-json\/wp\/v2\/product_tag?post=18502"}],"curies":[{"name":"wp","href":"https:\/\/api.w.org\/{rel}","templated":true}]}}