{"id":18501,"date":"2025-05-24T20:40:53","date_gmt":"2025-05-24T17:40:53","guid":{"rendered":"https:\/\/skaitytaknyga.lt\/?post_type=product&#038;p=18501"},"modified":"2025-10-29T14:05:50","modified_gmt":"2025-10-29T12:05:50","slug":"emociju-pazabojimas","status":"publish","type":"product","link":"https:\/\/skaitytaknyga.lt\/en\/produktas\/emociju-pazabojimas\/","title":{"rendered":"Emocij\u0173 pa\u017eabojimas"},"content":{"rendered":"<p>\u0160iandien\u0105 kaip niekada anks\u010diau ve\u0161i emocin\u0117s b\u0117dos \u2013 nerimas, nuolatin\u0117 \u012ftampa, \u017eemos savivert\u0117s sindromas, depresija. Tai am\u017eiaus, kuriame gyvename, epidemija \u2013 kai nei\u0161sprend\u017eiamos emocin\u0117s problemos \u017ealoja tiek \u017emogaus sveikat\u0105, tiek jo santykius su savimi bei aplinkiniais.<\/p>\n<p>\u201e\u017dmogus yra sukurtas su teise rinktis. K\u016br\u0117jas suteik\u0117 \u017emogui \u0161i\u0105 teis\u0119 ir Jis pats jos niekada nepa\u017eeid\u017eia.<br \/>\nDievas suteik\u0117 \u017emon\u0117ms pasirinkim\u0105 kontroliuoti savo emocijas arba atsisakyti tai daryti. Nor\u0117dami valdyti emocijas, turime prisiimti atsakomyb\u0119 u\u017e jas dar iki to, kol i\u0161moksime tinkamai jas i\u0161reik\u0161ti. Mes nesame vien tik chemini\u0173 formuli\u0173 junginys. Mes nesame pasirinkimo neturintys gyv\u016bnai.<br \/>\nNelaukite, kol ka\u017ekas savaime pasikeis. Kai prad\u0117site keisti \u0161irdies nuostatas, prad\u0117site kontroliuoti ir savo emocijas. Emocijos visada seka j\u016bs\u0173 mintis. Kai pasikeis \u0161irdies nuostatos, m\u0105stymo b\u016bdas, \u012fgysite emocin\u012f stabilum\u0105, kuris nepriklausys nuo joki\u0173 aplinkybi\u0173\u201c.<\/p>\n<p>Knygoje autorius apibr\u0117\u017eia skirtumus tarp sielinio ir dvasinio gyvenimo, nurodydamas Naujajame Testamente atskleistus b\u016bdus gyventi pagal dvasi\u0105; detaliai paai\u0161kina antgamtin\u012f perversm\u0105, kuris \u012fvyksta \u017emoguje jam gimus i\u0161 naujo.<\/p>\n<p>Autorius taip pat ap\u017evelgia krik\u0161\u010dionyb\u0117s ir psichologijos paraleles bei absoliutaus nesutarimo ta\u0161kus, komentuoja homoseksualumo tem\u0105 \u0160ventojo Ra\u0161to \u0161viesoje.<\/p>\n","protected":false},"excerpt":{"rendered":"<p>\u0160iandien\u0105 kaip niekada anks\u010diau ve\u0161i emocin\u0117s b\u0117dos \u2013 nerimas, nuolatin\u0117 \u012ftampa, \u017eemos savivert\u0117s sindromas, depresija. Tai am\u017eiaus, kuriame gyvename, epidemija \u2013 kai nei\u0161sprend\u017eiamos emocin\u0117s problemos \u017ealoja tiek \u017emogaus sveikat\u0105, tiek jo santykius su savimi bei aplinkiniais. \u201e\u017dmogus yra sukurtas su teise rinktis. K\u016br\u0117jas suteik\u0117 \u017emogui \u0161i\u0105 teis\u0119 ir Jis pats jos niekada nepa\u017eeid\u017eia. Dievas suteik\u0117 \u017emon\u0117ms pasirinkim\u0105 kontroliuoti savo emocijas arba atsisakyti tai daryti. Nor\u0117dami valdyti emocijas, turime prisiimti atsakomyb\u0119 u\u017e jas dar iki to, kol i\u0161moksime tinkamai jas i\u0161reik\u0161ti. Mes nesame vien tik chemini\u0173 formuli\u0173 junginys. Mes nesame pasirinkimo neturintys gyv\u016bnai. Nelaukite, kol ka\u017ekas savaime pasikeis. Kai prad\u0117site keisti \u0161irdies nuostatas, prad\u0117site kontroliuoti ir savo emocijas. Emocijos visada seka j\u016bs\u0173 mintis. Kai pasikeis \u0161irdies nuostatos, m\u0105stymo b\u016bdas, \u012fgysite emocin\u012f stabilum\u0105, kuris nepriklausys nuo joki\u0173 aplinkybi\u0173\u201c. Knygoje autorius apibr\u0117\u017eia skirtumus tarp sielinio ir dvasinio gyvenimo, nurodydamas Naujajame Testamente atskleistus b\u016bdus gyventi pagal dvasi\u0105; detaliai paai\u0161kina antgamtin\u012f perversm\u0105, kuris \u012fvyksta \u017emoguje jam gimus i\u0161 naujo. Autorius taip pat ap\u017evelgia krik\u0161\u010dionyb\u0117s ir psichologijos paraleles bei absoliutaus nesutarimo ta\u0161kus, komentuoja homoseksualumo tem\u0105 \u0160ventojo Ra\u0161to \u0161viesoje.<\/p>\n","protected":false},"featured_media":18507,"comment_status":"open","ping_status":"closed","template":"","meta":{"_acf_changed":false,"site-sidebar-layout":"default","site-content-layout":"","ast-site-content-layout":"default","site-content-style":"default","site-sidebar-style":"default","ast-global-header-display":"","ast-banner-title-visibility":"","ast-main-header-display":"","ast-hfb-above-header-display":"","ast-hfb-below-header-display":"","ast-hfb-mobile-header-display":"","site-post-title":"","ast-breadcrumbs-content":"","ast-featured-img":"","footer-sml-layout":"","ast-disable-related-posts":"","theme-transparent-header-meta":"","adv-header-id-meta":"","stick-header-meta":"","header-above-stick-meta":"","header-main-stick-meta":"","header-below-stick-meta":"","astra-migrate-meta-layouts":"default","ast-page-background-enabled":"default","ast-page-background-meta":{"desktop":{"background-color":"","background-image":"","background-repeat":"repeat","background-position":"center center","background-size":"auto","background-attachment":"scroll","background-type":"","background-media":"","overlay-type":"","overlay-color":"","overlay-opacity":"","overlay-gradient":""},"tablet":{"background-color":"","background-image":"","background-repeat":"repeat","background-position":"center center","background-size":"auto","background-attachment":"scroll","background-type":"","background-media":"","overlay-type":"","overlay-color":"","overlay-opacity":"","overlay-gradient":""},"mobile":{"background-color":"","background-image":"","background-repeat":"repeat","background-position":"center center","background-size":"auto","background-attachment":"scroll","background-type":"","background-media":"","overlay-type":"","overlay-color":"","overlay-opacity":"","overlay-gradient":""}},"ast-content-background-meta":{"desktop":{"background-color":"var(--ast-global-color-4)","background-image":"","background-repeat":"repeat","background-position":"center center","background-size":"auto","background-attachment":"scroll","background-type":"","background-media":"","overlay-type":"","overlay-color":"","overlay-opacity":"","overlay-gradient":""},"tablet":{"background-color":"var(--ast-global-color-4)","background-image":"","background-repeat":"repeat","background-position":"center center","background-size":"auto","background-attachment":"scroll","background-type":"","background-media":"","overlay-type":"","overlay-color":"","overlay-opacity":"","overlay-gradient":""},"mobile":{"background-color":"var(--ast-global-color-4)","background-image":"","background-repeat":"repeat","background-position":"center center","background-size":"auto","background-attachment":"scroll","background-type":"","background-media":"","overlay-type":"","overlay-color":"","overlay-opacity":"","overlay-gradient":""}}},"product_brand":[],"product_cat":[165],"product_tag":[4414,1994,1525,1942,2277,3788],"class_list":{"0":"post-18501","1":"product","2":"type-product","3":"status-publish","4":"has-post-thumbnail","6":"product_cat-religija-filosofija-ir-ezoterika","7":"product_tag-andrew-womak","8":"product_tag-dvasinis-augimas","9":"product_tag-emocijos","10":"product_tag-krikscionybe","11":"product_tag-religija","12":"product_tag-savikontrole","13":"desktop-align-left","14":"tablet-align-left","15":"mobile-align-left","17":"first","18":"outofstock","19":"shipping-taxable","20":"purchasable","21":"product-type-simple"},"acf":[],"yoast_head":"<!-- This site is optimized with the Yoast SEO plugin v27.0 - https:\/\/yoast.com\/product\/yoast-seo-wordpress\/ -->\n<title>Emocij\u0173 pa\u017eabojimas<\/title>\n<meta name=\"description\" content=\"\u0160iandien\u0105 kaip niekada anks\u010diau ve\u0161i emocin\u0117s b\u0117dos \u2013 nerimas, nuolatin\u0117 \u012ftampa, \u017eemos savivert\u0117s sindromas, depresija. Tai am\u017eiaus, kuriame gyvename,\" \/>\n<meta name=\"robots\" content=\"index, follow, max-snippet:-1, max-image-preview:large, max-video-preview:-1\" \/>\n<link rel=\"canonical\" href=\"https:\/\/skaitytaknyga.lt\/en\/produktas\/emociju-pazabojimas\/\" \/>\n<meta property=\"og:locale\" content=\"en_GB\" \/>\n<meta property=\"og:locale:alternate\" content=\"lt_LT\" \/>\n<meta property=\"og:type\" content=\"article\" \/>\n<meta property=\"og:title\" content=\"Emocij\u0173 pa\u017eabojimas\" \/>\n<meta property=\"og:description\" content=\"\u0160iandien\u0105 kaip niekada anks\u010diau ve\u0161i emocin\u0117s b\u0117dos \u2013 nerimas, nuolatin\u0117 \u012ftampa, \u017eemos savivert\u0117s sindromas, depresija. Tai am\u017eiaus, kuriame gyvename,\" \/>\n<meta property=\"og:url\" content=\"https:\/\/skaitytaknyga.lt\/en\/produktas\/emociju-pazabojimas\/\" \/>\n<meta property=\"og:site_name\" content=\"Skaitytaknyga\" \/>\n<meta property=\"article:publisher\" content=\"https:\/\/www.facebook.com\/skaitytaknyga\/\" \/>\n<meta property=\"article:modified_time\" content=\"2025-10-29T12:05:50+00:00\" \/>\n<meta property=\"og:image\" content=\"https:\/\/skaitytaknyga.lt\/wp-content\/uploads\/2025\/05\/Emociju-pazabojimas-1.jpeg\" \/>\n\t<meta property=\"og:image:width\" content=\"450\" \/>\n\t<meta property=\"og:image:height\" content=\"450\" \/>\n\t<meta property=\"og:image:type\" content=\"image\/jpeg\" \/>\n<meta name=\"twitter:card\" content=\"summary_large_image\" \/>\n<meta name=\"twitter:label1\" content=\"Estimated reading time\" \/>\n\t<meta name=\"twitter:data1\" content=\"1 minute\" \/>\n<script type=\"application\/ld+json\" class=\"yoast-schema-graph\">{\"@context\":\"https:\/\/schema.org\",\"@graph\":[{\"@type\":\"WebPage\",\"@id\":\"https:\/\/skaitytaknyga.lt\/produktas\/emociju-pazabojimas\/\",\"url\":\"https:\/\/skaitytaknyga.lt\/produktas\/emociju-pazabojimas\/\",\"name\":\"Emocij\u0173 pa\u017eabojimas\",\"isPartOf\":{\"@id\":\"https:\/\/skaitytaknyga.lt\/#website\"},\"primaryImageOfPage\":{\"@id\":\"https:\/\/skaitytaknyga.lt\/produktas\/emociju-pazabojimas\/#primaryimage\"},\"image\":{\"@id\":\"https:\/\/skaitytaknyga.lt\/produktas\/emociju-pazabojimas\/#primaryimage\"},\"thumbnailUrl\":\"https:\/\/skaitytaknyga.lt\/wp-content\/uploads\/2025\/05\/Emociju-pazabojimas-1.jpeg\",\"datePublished\":\"2025-05-24T17:40:53+00:00\",\"dateModified\":\"2025-10-29T12:05:50+00:00\",\"description\":\"\u0160iandien\u0105 kaip niekada anks\u010diau ve\u0161i emocin\u0117s b\u0117dos \u2013 nerimas, nuolatin\u0117 \u012ftampa, \u017eemos savivert\u0117s sindromas, depresija. Tai am\u017eiaus, kuriame gyvename,\",\"breadcrumb\":{\"@id\":\"https:\/\/skaitytaknyga.lt\/produktas\/emociju-pazabojimas\/#breadcrumb\"},\"inLanguage\":\"en-GB\",\"potentialAction\":[{\"@type\":\"ReadAction\",\"target\":[\"https:\/\/skaitytaknyga.lt\/produktas\/emociju-pazabojimas\/\"]}]},{\"@type\":\"ImageObject\",\"inLanguage\":\"en-GB\",\"@id\":\"https:\/\/skaitytaknyga.lt\/produktas\/emociju-pazabojimas\/#primaryimage\",\"url\":\"https:\/\/skaitytaknyga.lt\/wp-content\/uploads\/2025\/05\/Emociju-pazabojimas-1.jpeg\",\"contentUrl\":\"https:\/\/skaitytaknyga.lt\/wp-content\/uploads\/2025\/05\/Emociju-pazabojimas-1.jpeg\",\"width\":450,\"height\":450,\"caption\":\"Emocij\u0173 pa\u017eabojimas\"},{\"@type\":\"BreadcrumbList\",\"@id\":\"https:\/\/skaitytaknyga.lt\/produktas\/emociju-pazabojimas\/#breadcrumb\",\"itemListElement\":[{\"@type\":\"ListItem\",\"position\":1,\"name\":\"Home\",\"item\":\"https:\/\/skaitytaknyga.lt\/\"},{\"@type\":\"ListItem\",\"position\":2,\"name\":\"Parduotuv\u0117\",\"item\":\"https:\/\/skaitytaknyga.lt\/knygu-parduotuve\/\"},{\"@type\":\"ListItem\",\"position\":3,\"name\":\"Emocij\u0173 pa\u017eabojimas\"}]},{\"@type\":\"WebSite\",\"@id\":\"https:\/\/skaitytaknyga.lt\/#website\",\"url\":\"https:\/\/skaitytaknyga.lt\/\",\"name\":\"skaitytaknyga.lt\",\"description\":\"Skaitytaknyga.lt \u2013 tai ma\u017eas \u0161eimos verslas, kuris prasid\u0117jo nuo meil\u0117s knygoms ir siekio i\u0161gelb\u0117ti knygas nuo likimo prie konteinerio. Kas vienam nereikalingas daiktas \u2013 kitam lobis, o mes esame tarpininkai, kurie padeda abiems tapti laimingesniems ???? \u017dinome kaip nelengva i\u0161gyventi ma\u017eiems verslams, tad nuo \u0161iol, \u010dia rasite ir kit\u0173, ma\u017e\u0173 \u0161eim\u0173 versl\u0173, rank\u0173 darbo, dovan\u0173 sau ir artimiesiems.\",\"publisher\":{\"@id\":\"https:\/\/skaitytaknyga.lt\/#organization\"},\"potentialAction\":[{\"@type\":\"SearchAction\",\"target\":{\"@type\":\"EntryPoint\",\"urlTemplate\":\"https:\/\/skaitytaknyga.lt\/?s={search_term_string}\"},\"query-input\":{\"@type\":\"PropertyValueSpecification\",\"valueRequired\":true,\"valueName\":\"search_term_string\"}}],\"inLanguage\":\"en-GB\"},{\"@type\":\"Organization\",\"@id\":\"https:\/\/skaitytaknyga.lt\/#organization\",\"name\":\"skaitytaknyga.lt\",\"url\":\"https:\/\/skaitytaknyga.lt\/\",\"logo\":{\"@type\":\"ImageObject\",\"inLanguage\":\"en-GB\",\"@id\":\"https:\/\/skaitytaknyga.lt\/#\/schema\/logo\/image\/\",\"url\":\"https:\/\/skaitytaknyga.lt\/wp-content\/uploads\/2024\/05\/cropped-cropped-cropped-02_00843_jt3bggkj1j3HLc7SyY6rEUpg.jpeg\",\"contentUrl\":\"https:\/\/skaitytaknyga.lt\/wp-content\/uploads\/2024\/05\/cropped-cropped-cropped-02_00843_jt3bggkj1j3HLc7SyY6rEUpg.jpeg\",\"width\":1600,\"height\":1600,\"caption\":\"skaitytaknyga.lt\"},\"image\":{\"@id\":\"https:\/\/skaitytaknyga.lt\/#\/schema\/logo\/image\/\"},\"sameAs\":[\"https:\/\/www.facebook.com\/skaitytaknyga\/\"]}]}<\/script>\n<!-- \/ Yoast SEO plugin. -->","yoast_head_json":{"title":"Emocij\u0173 pa\u017eabojimas","description":"\u0160iandien\u0105 kaip niekada anks\u010diau ve\u0161i emocin\u0117s b\u0117dos \u2013 nerimas, nuolatin\u0117 \u012ftampa, \u017eemos savivert\u0117s sindromas, depresija. Tai am\u017eiaus, kuriame gyvename,","robots":{"index":"index","follow":"follow","max-snippet":"max-snippet:-1","max-image-preview":"max-image-preview:large","max-video-preview":"max-video-preview:-1"},"canonical":"https:\/\/skaitytaknyga.lt\/en\/produktas\/emociju-pazabojimas\/","og_locale":"en_GB","og_type":"article","og_title":"[:lt]Emocij\u0173 pa\u017eabojimas[:] - Skaitytaknyga","og_description":"\u0160iandien\u0105 kaip niekada anks\u010diau ve\u0161i emocin\u0117s b\u0117dos \u2013 nerimas, nuolatin\u0117 \u012ftampa, \u017eemos savivert\u0117s sindromas, depresija. Tai am\u017eiaus, kuriame gyvename,","og_url":"https:\/\/skaitytaknyga.lt\/en\/produktas\/emociju-pazabojimas\/","og_site_name":"Skaitytaknyga","article_publisher":"https:\/\/www.facebook.com\/skaitytaknyga\/","article_modified_time":"2025-10-29T12:05:50+00:00","og_image":[{"width":450,"height":450,"url":"https:\/\/skaitytaknyga.lt\/wp-content\/uploads\/2025\/05\/Emociju-pazabojimas-1.jpeg","type":"image\/jpeg"}],"twitter_card":"summary_large_image","twitter_misc":{"Estimated reading time":"1 minute"},"schema":{"@context":"https:\/\/schema.org","@graph":[{"@type":"WebPage","@id":"https:\/\/skaitytaknyga.lt\/produktas\/emociju-pazabojimas\/","url":"https:\/\/skaitytaknyga.lt\/produktas\/emociju-pazabojimas\/","name":"Emocij\u0173 pa\u017eabojimas","isPartOf":{"@id":"https:\/\/skaitytaknyga.lt\/#website"},"primaryImageOfPage":{"@id":"https:\/\/skaitytaknyga.lt\/produktas\/emociju-pazabojimas\/#primaryimage"},"image":{"@id":"https:\/\/skaitytaknyga.lt\/produktas\/emociju-pazabojimas\/#primaryimage"},"thumbnailUrl":"https:\/\/skaitytaknyga.lt\/wp-content\/uploads\/2025\/05\/Emociju-pazabojimas-1.jpeg","datePublished":"2025-05-24T17:40:53+00:00","dateModified":"2025-10-29T12:05:50+00:00","description":"\u0160iandien\u0105 kaip niekada anks\u010diau ve\u0161i emocin\u0117s b\u0117dos \u2013 nerimas, nuolatin\u0117 \u012ftampa, \u017eemos savivert\u0117s sindromas, depresija. Tai am\u017eiaus, kuriame gyvename,","breadcrumb":{"@id":"https:\/\/skaitytaknyga.lt\/produktas\/emociju-pazabojimas\/#breadcrumb"},"inLanguage":"en-GB","potentialAction":[{"@type":"ReadAction","target":["https:\/\/skaitytaknyga.lt\/produktas\/emociju-pazabojimas\/"]}]},{"@type":"ImageObject","inLanguage":"en-GB","@id":"https:\/\/skaitytaknyga.lt\/produktas\/emociju-pazabojimas\/#primaryimage","url":"https:\/\/skaitytaknyga.lt\/wp-content\/uploads\/2025\/05\/Emociju-pazabojimas-1.jpeg","contentUrl":"https:\/\/skaitytaknyga.lt\/wp-content\/uploads\/2025\/05\/Emociju-pazabojimas-1.jpeg","width":450,"height":450,"caption":"Emocij\u0173 pa\u017eabojimas"},{"@type":"BreadcrumbList","@id":"https:\/\/skaitytaknyga.lt\/produktas\/emociju-pazabojimas\/#breadcrumb","itemListElement":[{"@type":"ListItem","position":1,"name":"Home","item":"https:\/\/skaitytaknyga.lt\/"},{"@type":"ListItem","position":2,"name":"Parduotuv\u0117","item":"https:\/\/skaitytaknyga.lt\/knygu-parduotuve\/"},{"@type":"ListItem","position":3,"name":"Emocij\u0173 pa\u017eabojimas"}]},{"@type":"WebSite","@id":"https:\/\/skaitytaknyga.lt\/#website","url":"https:\/\/skaitytaknyga.lt\/","name":"skaitytaknyga.lt","description":"Skaitytaknyga.lt \u2013 tai ma\u017eas \u0161eimos verslas, kuris prasid\u0117jo nuo meil\u0117s knygoms ir siekio i\u0161gelb\u0117ti knygas nuo likimo prie konteinerio. Kas vienam nereikalingas daiktas \u2013 kitam lobis, o mes esame tarpininkai, kurie padeda abiems tapti laimingesniems ???? \u017dinome kaip nelengva i\u0161gyventi ma\u017eiems verslams, tad nuo \u0161iol, \u010dia rasite ir kit\u0173, ma\u017e\u0173 \u0161eim\u0173 versl\u0173, rank\u0173 darbo, dovan\u0173 sau ir artimiesiems.","publisher":{"@id":"https:\/\/skaitytaknyga.lt\/#organization"},"potentialAction":[{"@type":"SearchAction","target":{"@type":"EntryPoint","urlTemplate":"https:\/\/skaitytaknyga.lt\/?s={search_term_string}"},"query-input":{"@type":"PropertyValueSpecification","valueRequired":true,"valueName":"search_term_string"}}],"inLanguage":"en-GB"},{"@type":"Organization","@id":"https:\/\/skaitytaknyga.lt\/#organization","name":"skaitytaknyga.lt","url":"https:\/\/skaitytaknyga.lt\/","logo":{"@type":"ImageObject","inLanguage":"en-GB","@id":"https:\/\/skaitytaknyga.lt\/#\/schema\/logo\/image\/","url":"https:\/\/skaitytaknyga.lt\/wp-content\/uploads\/2024\/05\/cropped-cropped-cropped-02_00843_jt3bggkj1j3HLc7SyY6rEUpg.jpeg","contentUrl":"https:\/\/skaitytaknyga.lt\/wp-content\/uploads\/2024\/05\/cropped-cropped-cropped-02_00843_jt3bggkj1j3HLc7SyY6rEUpg.jpeg","width":1600,"height":1600,"caption":"skaitytaknyga.lt"},"image":{"@id":"https:\/\/skaitytaknyga.lt\/#\/schema\/logo\/image\/"},"sameAs":["https:\/\/www.facebook.com\/skaitytaknyga\/"]}]}},"_links":{"self":[{"href":"https:\/\/skaitytaknyga.lt\/en\/wp-json\/wp\/v2\/product\/18501","targetHints":{"allow":["GET"]}}],"collection":[{"href":"https:\/\/skaitytaknyga.lt\/en\/wp-json\/wp\/v2\/product"}],"about":[{"href":"https:\/\/skaitytaknyga.lt\/en\/wp-json\/wp\/v2\/types\/product"}],"replies":[{"embeddable":true,"href":"https:\/\/skaitytaknyga.lt\/en\/wp-json\/wp\/v2\/comments?post=18501"}],"wp:featuredmedia":[{"embeddable":true,"href":"https:\/\/skaitytaknyga.lt\/en\/wp-json\/wp\/v2\/media\/18507"}],"wp:attachment":[{"href":"https:\/\/skaitytaknyga.lt\/en\/wp-json\/wp\/v2\/media?parent=18501"}],"wp:term":[{"taxonomy":"product_brand","embeddable":true,"href":"https:\/\/skaitytaknyga.lt\/en\/wp-json\/wp\/v2\/product_brand?post=18501"},{"taxonomy":"product_cat","embeddable":true,"href":"https:\/\/skaitytaknyga.lt\/en\/wp-json\/wp\/v2\/product_cat?post=18501"},{"taxonomy":"product_tag","embeddable":true,"href":"https:\/\/skaitytaknyga.lt\/en\/wp-json\/wp\/v2\/product_tag?post=18501"}],"curies":[{"name":"wp","href":"https:\/\/api.w.org\/{rel}","templated":true}]}}