{"id":18500,"date":"2025-05-24T20:40:53","date_gmt":"2025-05-24T17:40:53","guid":{"rendered":"https:\/\/skaitytaknyga.lt\/?post_type=product&#038;p=18500"},"modified":"2025-05-28T08:19:02","modified_gmt":"2025-05-28T05:19:02","slug":"aukso-plunksna-graziausios-pasaulio-pasakos","status":"publish","type":"product","link":"https:\/\/skaitytaknyga.lt\/en\/produktas\/aukso-plunksna-graziausios-pasaulio-pasakos\/","title":{"rendered":"Aukso plunksna. Gra\u017eiausios pasaulio pasakos"},"content":{"rendered":"<p>Ilgiausius am\u017eius nugyven\u0119s, visas pasaulio \u0161alis aplank\u0119s ir t\u016bkstan\u010dius stebukling\u0173 istorij\u0173 gird\u0117j\u0119s pasakotojas rymo palink\u0119s prie did\u017eiul\u0117s knygos&#8230; Aukso plunksn\u0105 jis mirko juodame ra\u0161ale ir imasi ra\u0161yti&#8230; Magi\u0161kiausias ir nesenstan\u010dias istorijas!<\/p>\n<p>\u0160ias pasakas jis sura\u0161\u0117 tik d\u0117l tav\u0119s, tad nieko nelauk \u2013 leiskis \u012f beproti\u0161kiausius nuotykius. Skrisi kartu su pauk\u0161\u010diais, kalb\u0117siesi su \u017evaig\u017ed\u0117mis, kopsi \u012f debesis ir rungsiesi su mil\u017einais!<\/p>\n<p>Tai tik dalel\u0117 tav\u0119s laukian\u010di\u0173 nuotyki\u0173, o j\u0173 \u010dia rasi begal\u0119. I\u0161mintingasis pasakotojas juos tau parne\u0161\u0117 i\u0161 toki\u0173 tolim\u0173 pasaulio kampeli\u0173 kaip Japonija, Indija, Singap\u016bras, Jungtin\u0117s Amerikos Valstijos, Australija, Kongas ar Kambod\u017ea! Skaitydamas \u0161i\u0105 knyg\u0105 aplankysi pus\u0119 pasaulio ir patirsi tai, ko dar niekad nepatyrei!<\/p>\n<p>Knygoje \u2013 daugiau nei 50 pasak\u0173 i\u0161 viso pasaulio!<\/p>\n","protected":false},"excerpt":{"rendered":"<p>Ilgiausius am\u017eius nugyven\u0119s, visas pasaulio \u0161alis aplank\u0119s ir t\u016bkstan\u010dius stebukling\u0173 istorij\u0173 gird\u0117j\u0119s pasakotojas rymo palink\u0119s prie did\u017eiul\u0117s knygos&#8230; Aukso plunksn\u0105 jis mirko juodame ra\u0161ale ir imasi ra\u0161yti&#8230; Magi\u0161kiausias ir nesenstan\u010dias istorijas! \u0160ias pasakas jis sura\u0161\u0117 tik d\u0117l tav\u0119s, tad nieko nelauk \u2013 leiskis \u012f beproti\u0161kiausius nuotykius. Skrisi kartu su pauk\u0161\u010diais, kalb\u0117siesi su \u017evaig\u017ed\u0117mis, kopsi \u012f debesis ir rungsiesi su mil\u017einais! Tai tik dalel\u0117 tav\u0119s laukian\u010di\u0173 nuotyki\u0173, o j\u0173 \u010dia rasi begal\u0119. I\u0161mintingasis pasakotojas juos tau parne\u0161\u0117 i\u0161 toki\u0173 tolim\u0173 pasaulio kampeli\u0173 kaip Japonija, Indija, Singap\u016bras, Jungtin\u0117s Amerikos Valstijos, Australija, Kongas ar Kambod\u017ea! Skaitydamas \u0161i\u0105 knyg\u0105 aplankysi pus\u0119 pasaulio ir patirsi tai, ko dar niekad nepatyrei! Knygoje \u2013 daugiau nei 50 pasak\u0173 i\u0161 viso pasaulio!<\/p>\n","protected":false},"featured_media":18505,"comment_status":"open","ping_status":"closed","template":"","meta":{"_acf_changed":false,"site-sidebar-layout":"default","site-content-layout":"","ast-site-content-layout":"default","site-content-style":"default","site-sidebar-style":"default","ast-global-header-display":"","ast-banner-title-visibility":"","ast-main-header-display":"","ast-hfb-above-header-display":"","ast-hfb-below-header-display":"","ast-hfb-mobile-header-display":"","site-post-title":"","ast-breadcrumbs-content":"","ast-featured-img":"","footer-sml-layout":"","ast-disable-related-posts":"","theme-transparent-header-meta":"","adv-header-id-meta":"","stick-header-meta":"","header-above-stick-meta":"","header-main-stick-meta":"","header-below-stick-meta":"","astra-migrate-meta-layouts":"default","ast-page-background-enabled":"default","ast-page-background-meta":{"desktop":{"background-color":"","background-image":"","background-repeat":"repeat","background-position":"center center","background-size":"auto","background-attachment":"scroll","background-type":"","background-media":"","overlay-type":"","overlay-color":"","overlay-opacity":"","overlay-gradient":""},"tablet":{"background-color":"","background-image":"","background-repeat":"repeat","background-position":"center center","background-size":"auto","background-attachment":"scroll","background-type":"","background-media":"","overlay-type":"","overlay-color":"","overlay-opacity":"","overlay-gradient":""},"mobile":{"background-color":"","background-image":"","background-repeat":"repeat","background-position":"center center","background-size":"auto","background-attachment":"scroll","background-type":"","background-media":"","overlay-type":"","overlay-color":"","overlay-opacity":"","overlay-gradient":""}},"ast-content-background-meta":{"desktop":{"background-color":"var(--ast-global-color-4)","background-image":"","background-repeat":"repeat","background-position":"center center","background-size":"auto","background-attachment":"scroll","background-type":"","background-media":"","overlay-type":"","overlay-color":"","overlay-opacity":"","overlay-gradient":""},"tablet":{"background-color":"var(--ast-global-color-4)","background-image":"","background-repeat":"repeat","background-position":"center center","background-size":"auto","background-attachment":"scroll","background-type":"","background-media":"","overlay-type":"","overlay-color":"","overlay-opacity":"","overlay-gradient":""},"mobile":{"background-color":"var(--ast-global-color-4)","background-image":"","background-repeat":"repeat","background-position":"center center","background-size":"auto","background-attachment":"scroll","background-type":"","background-media":"","overlay-type":"","overlay-color":"","overlay-opacity":"","overlay-gradient":""}}},"product_brand":[],"product_cat":[15],"product_tag":[4413,2081,4412,1785],"class_list":{"0":"post-18500","1":"product","2":"type-product","3":"status-publish","4":"has-post-thumbnail","6":"product_cat-uncategorized","7":"product_tag-kulturos","8":"product_tag-ltnuotykiai","9":"product_tag-pasaulio-tautos","10":"product_tag-vaikams","11":"desktop-align-left","12":"tablet-align-left","13":"mobile-align-left","15":"first","16":"instock","17":"shipping-taxable","18":"purchasable","19":"product-type-simple"},"acf":[],"yoast_head":"<!-- This site is optimized with the Yoast SEO plugin v27.0 - https:\/\/yoast.com\/product\/yoast-seo-wordpress\/ -->\n<title>Aukso plunksna. Gra\u017eiausios pasaulio pasakos<\/title>\n<meta name=\"description\" content=\"Ilgiausius am\u017eius nugyven\u0119s, visas pasaulio \u0161alis aplank\u0119s ir t\u016bkstan\u010dius stebukling\u0173 istorij\u0173 gird\u0117j\u0119s pasakotojas rymo palink\u0119s prie did\u017eiul\u0117s knygos...\" \/>\n<meta name=\"robots\" content=\"index, follow, max-snippet:-1, max-image-preview:large, max-video-preview:-1\" \/>\n<link rel=\"canonical\" href=\"https:\/\/skaitytaknyga.lt\/en\/produktas\/aukso-plunksna-graziausios-pasaulio-pasakos\/\" \/>\n<meta property=\"og:locale\" content=\"en_GB\" \/>\n<meta property=\"og:locale:alternate\" content=\"lt_LT\" \/>\n<meta property=\"og:type\" content=\"article\" \/>\n<meta property=\"og:title\" content=\"Aukso plunksna. Gra\u017eiausios pasaulio pasakos\" \/>\n<meta property=\"og:description\" content=\"Ilgiausius am\u017eius nugyven\u0119s, visas pasaulio \u0161alis aplank\u0119s ir t\u016bkstan\u010dius stebukling\u0173 istorij\u0173 gird\u0117j\u0119s pasakotojas rymo palink\u0119s prie did\u017eiul\u0117s knygos...\" \/>\n<meta property=\"og:url\" content=\"https:\/\/skaitytaknyga.lt\/en\/produktas\/aukso-plunksna-graziausios-pasaulio-pasakos\/\" \/>\n<meta property=\"og:site_name\" content=\"Skaitytaknyga\" \/>\n<meta property=\"article:publisher\" content=\"https:\/\/www.facebook.com\/skaitytaknyga\/\" \/>\n<meta property=\"article:modified_time\" content=\"2025-05-28T05:19:02+00:00\" \/>\n<meta property=\"og:image\" content=\"https:\/\/skaitytaknyga.lt\/wp-content\/uploads\/2025\/05\/Aukso-plunksna.-Graziausios-pasaulio-pasakos.webp\" \/>\n\t<meta property=\"og:image:width\" content=\"815\" \/>\n\t<meta property=\"og:image:height\" content=\"801\" \/>\n\t<meta property=\"og:image:type\" content=\"image\/webp\" \/>\n<meta name=\"twitter:card\" content=\"summary_large_image\" \/>\n<meta name=\"twitter:label1\" content=\"Estimated reading time\" \/>\n\t<meta name=\"twitter:data1\" content=\"1 minute\" \/>\n<script type=\"application\/ld+json\" class=\"yoast-schema-graph\">{\"@context\":\"https:\/\/schema.org\",\"@graph\":[{\"@type\":\"WebPage\",\"@id\":\"https:\/\/skaitytaknyga.lt\/produktas\/aukso-plunksna-graziausios-pasaulio-pasakos\/\",\"url\":\"https:\/\/skaitytaknyga.lt\/produktas\/aukso-plunksna-graziausios-pasaulio-pasakos\/\",\"name\":\"Aukso plunksna. Gra\u017eiausios pasaulio pasakos\",\"isPartOf\":{\"@id\":\"https:\/\/skaitytaknyga.lt\/#website\"},\"primaryImageOfPage\":{\"@id\":\"https:\/\/skaitytaknyga.lt\/produktas\/aukso-plunksna-graziausios-pasaulio-pasakos\/#primaryimage\"},\"image\":{\"@id\":\"https:\/\/skaitytaknyga.lt\/produktas\/aukso-plunksna-graziausios-pasaulio-pasakos\/#primaryimage\"},\"thumbnailUrl\":\"https:\/\/skaitytaknyga.lt\/wp-content\/uploads\/2025\/05\/Aukso-plunksna.-Graziausios-pasaulio-pasakos.webp\",\"datePublished\":\"2025-05-24T17:40:53+00:00\",\"dateModified\":\"2025-05-28T05:19:02+00:00\",\"description\":\"Ilgiausius am\u017eius nugyven\u0119s, visas pasaulio \u0161alis aplank\u0119s ir t\u016bkstan\u010dius stebukling\u0173 istorij\u0173 gird\u0117j\u0119s pasakotojas rymo palink\u0119s prie did\u017eiul\u0117s knygos...\",\"breadcrumb\":{\"@id\":\"https:\/\/skaitytaknyga.lt\/produktas\/aukso-plunksna-graziausios-pasaulio-pasakos\/#breadcrumb\"},\"inLanguage\":\"en-GB\",\"potentialAction\":[{\"@type\":\"ReadAction\",\"target\":[\"https:\/\/skaitytaknyga.lt\/produktas\/aukso-plunksna-graziausios-pasaulio-pasakos\/\"]}]},{\"@type\":\"ImageObject\",\"inLanguage\":\"en-GB\",\"@id\":\"https:\/\/skaitytaknyga.lt\/produktas\/aukso-plunksna-graziausios-pasaulio-pasakos\/#primaryimage\",\"url\":\"https:\/\/skaitytaknyga.lt\/wp-content\/uploads\/2025\/05\/Aukso-plunksna.-Graziausios-pasaulio-pasakos.webp\",\"contentUrl\":\"https:\/\/skaitytaknyga.lt\/wp-content\/uploads\/2025\/05\/Aukso-plunksna.-Graziausios-pasaulio-pasakos.webp\",\"width\":815,\"height\":801},{\"@type\":\"BreadcrumbList\",\"@id\":\"https:\/\/skaitytaknyga.lt\/produktas\/aukso-plunksna-graziausios-pasaulio-pasakos\/#breadcrumb\",\"itemListElement\":[{\"@type\":\"ListItem\",\"position\":1,\"name\":\"Home\",\"item\":\"https:\/\/skaitytaknyga.lt\/\"},{\"@type\":\"ListItem\",\"position\":2,\"name\":\"Parduotuv\u0117\",\"item\":\"https:\/\/skaitytaknyga.lt\/knygu-parduotuve\/\"},{\"@type\":\"ListItem\",\"position\":3,\"name\":\"Aukso plunksna. Gra\u017eiausios pasaulio pasakos\"}]},{\"@type\":\"WebSite\",\"@id\":\"https:\/\/skaitytaknyga.lt\/#website\",\"url\":\"https:\/\/skaitytaknyga.lt\/\",\"name\":\"skaitytaknyga.lt\",\"description\":\"Skaitytaknyga.lt \u2013 tai ma\u017eas \u0161eimos verslas, kuris prasid\u0117jo nuo meil\u0117s knygoms ir siekio i\u0161gelb\u0117ti knygas nuo likimo prie konteinerio. Kas vienam nereikalingas daiktas \u2013 kitam lobis, o mes esame tarpininkai, kurie padeda abiems tapti laimingesniems ???? \u017dinome kaip nelengva i\u0161gyventi ma\u017eiems verslams, tad nuo \u0161iol, \u010dia rasite ir kit\u0173, ma\u017e\u0173 \u0161eim\u0173 versl\u0173, rank\u0173 darbo, dovan\u0173 sau ir artimiesiems.\",\"publisher\":{\"@id\":\"https:\/\/skaitytaknyga.lt\/#organization\"},\"potentialAction\":[{\"@type\":\"SearchAction\",\"target\":{\"@type\":\"EntryPoint\",\"urlTemplate\":\"https:\/\/skaitytaknyga.lt\/?s={search_term_string}\"},\"query-input\":{\"@type\":\"PropertyValueSpecification\",\"valueRequired\":true,\"valueName\":\"search_term_string\"}}],\"inLanguage\":\"en-GB\"},{\"@type\":\"Organization\",\"@id\":\"https:\/\/skaitytaknyga.lt\/#organization\",\"name\":\"skaitytaknyga.lt\",\"url\":\"https:\/\/skaitytaknyga.lt\/\",\"logo\":{\"@type\":\"ImageObject\",\"inLanguage\":\"en-GB\",\"@id\":\"https:\/\/skaitytaknyga.lt\/#\/schema\/logo\/image\/\",\"url\":\"https:\/\/skaitytaknyga.lt\/wp-content\/uploads\/2024\/05\/cropped-cropped-cropped-02_00843_jt3bggkj1j3HLc7SyY6rEUpg.jpeg\",\"contentUrl\":\"https:\/\/skaitytaknyga.lt\/wp-content\/uploads\/2024\/05\/cropped-cropped-cropped-02_00843_jt3bggkj1j3HLc7SyY6rEUpg.jpeg\",\"width\":1600,\"height\":1600,\"caption\":\"skaitytaknyga.lt\"},\"image\":{\"@id\":\"https:\/\/skaitytaknyga.lt\/#\/schema\/logo\/image\/\"},\"sameAs\":[\"https:\/\/www.facebook.com\/skaitytaknyga\/\"]}]}<\/script>\n<!-- \/ Yoast SEO plugin. -->","yoast_head_json":{"title":"Aukso plunksna. Gra\u017eiausios pasaulio pasakos","description":"Ilgiausius am\u017eius nugyven\u0119s, visas pasaulio \u0161alis aplank\u0119s ir t\u016bkstan\u010dius stebukling\u0173 istorij\u0173 gird\u0117j\u0119s pasakotojas rymo palink\u0119s prie did\u017eiul\u0117s knygos...","robots":{"index":"index","follow":"follow","max-snippet":"max-snippet:-1","max-image-preview":"max-image-preview:large","max-video-preview":"max-video-preview:-1"},"canonical":"https:\/\/skaitytaknyga.lt\/en\/produktas\/aukso-plunksna-graziausios-pasaulio-pasakos\/","og_locale":"en_GB","og_type":"article","og_title":"[:lt]Aukso plunksna. Gra\u017eiausios pasaulio pasakos[:] - Skaitytaknyga","og_description":"Ilgiausius am\u017eius nugyven\u0119s, visas pasaulio \u0161alis aplank\u0119s ir t\u016bkstan\u010dius stebukling\u0173 istorij\u0173 gird\u0117j\u0119s pasakotojas rymo palink\u0119s prie did\u017eiul\u0117s knygos...","og_url":"https:\/\/skaitytaknyga.lt\/en\/produktas\/aukso-plunksna-graziausios-pasaulio-pasakos\/","og_site_name":"Skaitytaknyga","article_publisher":"https:\/\/www.facebook.com\/skaitytaknyga\/","article_modified_time":"2025-05-28T05:19:02+00:00","og_image":[{"width":815,"height":801,"url":"https:\/\/skaitytaknyga.lt\/wp-content\/uploads\/2025\/05\/Aukso-plunksna.-Graziausios-pasaulio-pasakos.webp","type":"image\/webp"}],"twitter_card":"summary_large_image","twitter_misc":{"Estimated reading time":"1 minute"},"schema":{"@context":"https:\/\/schema.org","@graph":[{"@type":"WebPage","@id":"https:\/\/skaitytaknyga.lt\/produktas\/aukso-plunksna-graziausios-pasaulio-pasakos\/","url":"https:\/\/skaitytaknyga.lt\/produktas\/aukso-plunksna-graziausios-pasaulio-pasakos\/","name":"Aukso plunksna. Gra\u017eiausios pasaulio pasakos","isPartOf":{"@id":"https:\/\/skaitytaknyga.lt\/#website"},"primaryImageOfPage":{"@id":"https:\/\/skaitytaknyga.lt\/produktas\/aukso-plunksna-graziausios-pasaulio-pasakos\/#primaryimage"},"image":{"@id":"https:\/\/skaitytaknyga.lt\/produktas\/aukso-plunksna-graziausios-pasaulio-pasakos\/#primaryimage"},"thumbnailUrl":"https:\/\/skaitytaknyga.lt\/wp-content\/uploads\/2025\/05\/Aukso-plunksna.-Graziausios-pasaulio-pasakos.webp","datePublished":"2025-05-24T17:40:53+00:00","dateModified":"2025-05-28T05:19:02+00:00","description":"Ilgiausius am\u017eius nugyven\u0119s, visas pasaulio \u0161alis aplank\u0119s ir t\u016bkstan\u010dius stebukling\u0173 istorij\u0173 gird\u0117j\u0119s pasakotojas rymo palink\u0119s prie did\u017eiul\u0117s knygos...","breadcrumb":{"@id":"https:\/\/skaitytaknyga.lt\/produktas\/aukso-plunksna-graziausios-pasaulio-pasakos\/#breadcrumb"},"inLanguage":"en-GB","potentialAction":[{"@type":"ReadAction","target":["https:\/\/skaitytaknyga.lt\/produktas\/aukso-plunksna-graziausios-pasaulio-pasakos\/"]}]},{"@type":"ImageObject","inLanguage":"en-GB","@id":"https:\/\/skaitytaknyga.lt\/produktas\/aukso-plunksna-graziausios-pasaulio-pasakos\/#primaryimage","url":"https:\/\/skaitytaknyga.lt\/wp-content\/uploads\/2025\/05\/Aukso-plunksna.-Graziausios-pasaulio-pasakos.webp","contentUrl":"https:\/\/skaitytaknyga.lt\/wp-content\/uploads\/2025\/05\/Aukso-plunksna.-Graziausios-pasaulio-pasakos.webp","width":815,"height":801},{"@type":"BreadcrumbList","@id":"https:\/\/skaitytaknyga.lt\/produktas\/aukso-plunksna-graziausios-pasaulio-pasakos\/#breadcrumb","itemListElement":[{"@type":"ListItem","position":1,"name":"Home","item":"https:\/\/skaitytaknyga.lt\/"},{"@type":"ListItem","position":2,"name":"Parduotuv\u0117","item":"https:\/\/skaitytaknyga.lt\/knygu-parduotuve\/"},{"@type":"ListItem","position":3,"name":"Aukso plunksna. Gra\u017eiausios pasaulio pasakos"}]},{"@type":"WebSite","@id":"https:\/\/skaitytaknyga.lt\/#website","url":"https:\/\/skaitytaknyga.lt\/","name":"skaitytaknyga.lt","description":"Skaitytaknyga.lt \u2013 tai ma\u017eas \u0161eimos verslas, kuris prasid\u0117jo nuo meil\u0117s knygoms ir siekio i\u0161gelb\u0117ti knygas nuo likimo prie konteinerio. Kas vienam nereikalingas daiktas \u2013 kitam lobis, o mes esame tarpininkai, kurie padeda abiems tapti laimingesniems ???? \u017dinome kaip nelengva i\u0161gyventi ma\u017eiems verslams, tad nuo \u0161iol, \u010dia rasite ir kit\u0173, ma\u017e\u0173 \u0161eim\u0173 versl\u0173, rank\u0173 darbo, dovan\u0173 sau ir artimiesiems.","publisher":{"@id":"https:\/\/skaitytaknyga.lt\/#organization"},"potentialAction":[{"@type":"SearchAction","target":{"@type":"EntryPoint","urlTemplate":"https:\/\/skaitytaknyga.lt\/?s={search_term_string}"},"query-input":{"@type":"PropertyValueSpecification","valueRequired":true,"valueName":"search_term_string"}}],"inLanguage":"en-GB"},{"@type":"Organization","@id":"https:\/\/skaitytaknyga.lt\/#organization","name":"skaitytaknyga.lt","url":"https:\/\/skaitytaknyga.lt\/","logo":{"@type":"ImageObject","inLanguage":"en-GB","@id":"https:\/\/skaitytaknyga.lt\/#\/schema\/logo\/image\/","url":"https:\/\/skaitytaknyga.lt\/wp-content\/uploads\/2024\/05\/cropped-cropped-cropped-02_00843_jt3bggkj1j3HLc7SyY6rEUpg.jpeg","contentUrl":"https:\/\/skaitytaknyga.lt\/wp-content\/uploads\/2024\/05\/cropped-cropped-cropped-02_00843_jt3bggkj1j3HLc7SyY6rEUpg.jpeg","width":1600,"height":1600,"caption":"skaitytaknyga.lt"},"image":{"@id":"https:\/\/skaitytaknyga.lt\/#\/schema\/logo\/image\/"},"sameAs":["https:\/\/www.facebook.com\/skaitytaknyga\/"]}]}},"_links":{"self":[{"href":"https:\/\/skaitytaknyga.lt\/en\/wp-json\/wp\/v2\/product\/18500","targetHints":{"allow":["GET"]}}],"collection":[{"href":"https:\/\/skaitytaknyga.lt\/en\/wp-json\/wp\/v2\/product"}],"about":[{"href":"https:\/\/skaitytaknyga.lt\/en\/wp-json\/wp\/v2\/types\/product"}],"replies":[{"embeddable":true,"href":"https:\/\/skaitytaknyga.lt\/en\/wp-json\/wp\/v2\/comments?post=18500"}],"wp:featuredmedia":[{"embeddable":true,"href":"https:\/\/skaitytaknyga.lt\/en\/wp-json\/wp\/v2\/media\/18505"}],"wp:attachment":[{"href":"https:\/\/skaitytaknyga.lt\/en\/wp-json\/wp\/v2\/media?parent=18500"}],"wp:term":[{"taxonomy":"product_brand","embeddable":true,"href":"https:\/\/skaitytaknyga.lt\/en\/wp-json\/wp\/v2\/product_brand?post=18500"},{"taxonomy":"product_cat","embeddable":true,"href":"https:\/\/skaitytaknyga.lt\/en\/wp-json\/wp\/v2\/product_cat?post=18500"},{"taxonomy":"product_tag","embeddable":true,"href":"https:\/\/skaitytaknyga.lt\/en\/wp-json\/wp\/v2\/product_tag?post=18500"}],"curies":[{"name":"wp","href":"https:\/\/api.w.org\/{rel}","templated":true}]}}