{"id":18498,"date":"2025-05-24T20:40:53","date_gmt":"2025-05-24T17:40:53","guid":{"rendered":"https:\/\/skaitytaknyga.lt\/?post_type=product&#038;p=18498"},"modified":"2025-05-28T08:19:02","modified_gmt":"2025-05-28T05:19:02","slug":"lemtingas-pasirinkimas","status":"publish","type":"product","link":"https:\/\/skaitytaknyga.lt\/en\/produktas\/lemtingas-pasirinkimas\/","title":{"rendered":"Lemtingas pasirinkimas"},"content":{"rendered":"<p>Tai a\u0161tuntasis Donnos Leon romanas i\u0161 Komisaro Gvido Brune\u010dio byl\u0173 kolekcijos, i\u0161verstas \u012f lietuvi\u0173 kalb\u0105. Lietuvi\u0173 skaitytojai turi progos ne tik skaityti Donnos Leon romanus, dabar jau galima pasi\u017ei\u016br\u0117ti ir televizijos serial\u0105, sukurt\u0105 pagal Donnos Leon detektyvus. Tai tikra \u0161vent\u0117 detektyv\u0173 m\u0117g\u0117jams, juo labiau Donnos Leon gerb\u0117jams ir jos knyg\u0173 skaitytojams.<\/p>\n<p>\u201eLemtingas pasirinkimas\u201c yra \u012fvairiais aspektais lemtingas.  Labai anksti ryte Gvid\u0105 Brunet\u012f pa\u017eadina skambutis, jam prane\u0161ama apie chuliganizm\u0105 viename i\u0161 gra\u017ei\u0173j\u0173 Venecijos skver\u0173. I\u0161 ties\u0173 netgi neb\u016bt\u0173 galima pasakyti, kad tai tikras chuliganizmas, nes vykdytojas niekur nepab\u0117ga, visk\u0105 prisipa\u017e\u012fsta, o \u012fdomiausia, kad chuligani\u0161k\u0105 i\u0161puol\u012f \u012fvykd\u0117 paties Brune\u010dio \u017emona, erudit\u0117 Paola. Toks Paolos elgesys suk\u0117l\u0117 \u0161eimos santyki\u0173 kriz\u0119, be to, Brunetis turi daugyb\u0119 nemalonum\u0173 darbe, jis rizikuoja netekti darbo\u2026<\/p>\n<p>\u201eNuostabi serija&#8230; taip vaizdingai apra\u0161ytas miestas, kad j\u012f beveik u\u017eduodi.\u201c<\/p>\n","protected":false},"excerpt":{"rendered":"<p>Tai a\u0161tuntasis Donnos Leon romanas i\u0161 Komisaro Gvido Brune\u010dio byl\u0173 kolekcijos, i\u0161verstas \u012f lietuvi\u0173 kalb\u0105. Lietuvi\u0173 skaitytojai turi progos ne tik skaityti Donnos Leon romanus, dabar jau galima pasi\u017ei\u016br\u0117ti ir televizijos serial\u0105, sukurt\u0105 pagal Donnos Leon detektyvus. Tai tikra \u0161vent\u0117 detektyv\u0173 m\u0117g\u0117jams, juo labiau Donnos Leon gerb\u0117jams ir jos knyg\u0173 skaitytojams. \u201eLemtingas pasirinkimas\u201c yra \u012fvairiais aspektais lemtingas. Labai anksti ryte Gvid\u0105 Brunet\u012f pa\u017eadina skambutis, jam prane\u0161ama apie chuliganizm\u0105 viename i\u0161 gra\u017ei\u0173j\u0173 Venecijos skver\u0173. I\u0161 ties\u0173 netgi neb\u016bt\u0173 galima pasakyti, kad tai tikras chuliganizmas, nes vykdytojas niekur nepab\u0117ga, visk\u0105 prisipa\u017e\u012fsta, o \u012fdomiausia, kad chuligani\u0161k\u0105 i\u0161puol\u012f \u012fvykd\u0117 paties Brune\u010dio \u017emona, erudit\u0117 Paola. Toks Paolos elgesys suk\u0117l\u0117 \u0161eimos santyki\u0173 kriz\u0119, be to, Brunetis turi daugyb\u0119 nemalonum\u0173 darbe, jis rizikuoja netekti darbo\u2026 \u201eNuostabi serija&#8230; taip vaizdingai apra\u0161ytas miestas, kad j\u012f beveik u\u017eduodi.\u201c<\/p>\n","protected":false},"featured_media":18503,"comment_status":"open","ping_status":"closed","template":"","meta":{"_acf_changed":false,"site-sidebar-layout":"default","site-content-layout":"","ast-site-content-layout":"default","site-content-style":"default","site-sidebar-style":"default","ast-global-header-display":"","ast-banner-title-visibility":"","ast-main-header-display":"","ast-hfb-above-header-display":"","ast-hfb-below-header-display":"","ast-hfb-mobile-header-display":"","site-post-title":"","ast-breadcrumbs-content":"","ast-featured-img":"","footer-sml-layout":"","ast-disable-related-posts":"","theme-transparent-header-meta":"","adv-header-id-meta":"","stick-header-meta":"","header-above-stick-meta":"","header-main-stick-meta":"","header-below-stick-meta":"","astra-migrate-meta-layouts":"default","ast-page-background-enabled":"default","ast-page-background-meta":{"desktop":{"background-color":"","background-image":"","background-repeat":"repeat","background-position":"center center","background-size":"auto","background-attachment":"scroll","background-type":"","background-media":"","overlay-type":"","overlay-color":"","overlay-opacity":"","overlay-gradient":""},"tablet":{"background-color":"","background-image":"","background-repeat":"repeat","background-position":"center center","background-size":"auto","background-attachment":"scroll","background-type":"","background-media":"","overlay-type":"","overlay-color":"","overlay-opacity":"","overlay-gradient":""},"mobile":{"background-color":"","background-image":"","background-repeat":"repeat","background-position":"center center","background-size":"auto","background-attachment":"scroll","background-type":"","background-media":"","overlay-type":"","overlay-color":"","overlay-opacity":"","overlay-gradient":""}},"ast-content-background-meta":{"desktop":{"background-color":"var(--ast-global-color-4)","background-image":"","background-repeat":"repeat","background-position":"center center","background-size":"auto","background-attachment":"scroll","background-type":"","background-media":"","overlay-type":"","overlay-color":"","overlay-opacity":"","overlay-gradient":""},"tablet":{"background-color":"var(--ast-global-color-4)","background-image":"","background-repeat":"repeat","background-position":"center center","background-size":"auto","background-attachment":"scroll","background-type":"","background-media":"","overlay-type":"","overlay-color":"","overlay-opacity":"","overlay-gradient":""},"mobile":{"background-color":"var(--ast-global-color-4)","background-image":"","background-repeat":"repeat","background-position":"center center","background-size":"auto","background-attachment":"scroll","background-type":"","background-media":"","overlay-type":"","overlay-color":"","overlay-opacity":"","overlay-gradient":""}}},"product_brand":[],"product_cat":[15],"product_tag":[4409,1476,4408,4324,1417,2631],"class_list":{"0":"post-18498","1":"product","2":"type-product","3":"status-publish","4":"has-post-thumbnail","6":"product_cat-uncategorized","7":"product_tag-brunetis","8":"product_tag-detektyvas","9":"product_tag-donna-leon","10":"product_tag-italija","11":"product_tag-santykiai","12":"product_tag-venecija","13":"desktop-align-left","14":"tablet-align-left","15":"mobile-align-left","17":"first","18":"instock","19":"shipping-taxable","20":"purchasable","21":"product-type-simple"},"acf":[],"yoast_head":"<!-- This site is optimized with the Yoast SEO plugin v27.0 - https:\/\/yoast.com\/product\/yoast-seo-wordpress\/ -->\n<title>Lemtingas pasirinkimas<\/title>\n<meta name=\"description\" content=\"Tai a\u0161tuntasis Donnos Leon romanas i\u0161 Komisaro Gvido Brune\u010dio byl\u0173 kolekcijos, i\u0161verstas \u012f lietuvi\u0173 kalb\u0105. Lietuvi\u0173 skaitytojai turi progos ne tik\" \/>\n<meta name=\"robots\" content=\"index, follow, max-snippet:-1, max-image-preview:large, max-video-preview:-1\" \/>\n<link rel=\"canonical\" href=\"https:\/\/skaitytaknyga.lt\/en\/produktas\/lemtingas-pasirinkimas\/\" \/>\n<meta property=\"og:locale\" content=\"en_GB\" \/>\n<meta property=\"og:locale:alternate\" content=\"lt_LT\" \/>\n<meta property=\"og:type\" content=\"article\" \/>\n<meta property=\"og:title\" content=\"Lemtingas pasirinkimas\" \/>\n<meta property=\"og:description\" content=\"Tai a\u0161tuntasis Donnos Leon romanas i\u0161 Komisaro Gvido Brune\u010dio byl\u0173 kolekcijos, i\u0161verstas \u012f lietuvi\u0173 kalb\u0105. Lietuvi\u0173 skaitytojai turi progos ne tik\" \/>\n<meta property=\"og:url\" content=\"https:\/\/skaitytaknyga.lt\/en\/produktas\/lemtingas-pasirinkimas\/\" \/>\n<meta property=\"og:site_name\" content=\"Skaitytaknyga\" \/>\n<meta property=\"article:publisher\" content=\"https:\/\/www.facebook.com\/skaitytaknyga\/\" \/>\n<meta property=\"article:modified_time\" content=\"2025-05-28T05:19:02+00:00\" \/>\n<meta property=\"og:image\" content=\"https:\/\/skaitytaknyga.lt\/wp-content\/uploads\/2025\/05\/Lemtingas-pasirinkimas.webp\" \/>\n\t<meta property=\"og:image:width\" content=\"539\" \/>\n\t<meta property=\"og:image:height\" content=\"801\" \/>\n\t<meta property=\"og:image:type\" content=\"image\/webp\" \/>\n<meta name=\"twitter:card\" content=\"summary_large_image\" \/>\n<meta name=\"twitter:label1\" content=\"Estimated reading time\" \/>\n\t<meta name=\"twitter:data1\" content=\"1 minute\" \/>\n<script type=\"application\/ld+json\" class=\"yoast-schema-graph\">{\"@context\":\"https:\/\/schema.org\",\"@graph\":[{\"@type\":\"WebPage\",\"@id\":\"https:\/\/skaitytaknyga.lt\/produktas\/lemtingas-pasirinkimas\/\",\"url\":\"https:\/\/skaitytaknyga.lt\/produktas\/lemtingas-pasirinkimas\/\",\"name\":\"Lemtingas pasirinkimas\",\"isPartOf\":{\"@id\":\"https:\/\/skaitytaknyga.lt\/#website\"},\"primaryImageOfPage\":{\"@id\":\"https:\/\/skaitytaknyga.lt\/produktas\/lemtingas-pasirinkimas\/#primaryimage\"},\"image\":{\"@id\":\"https:\/\/skaitytaknyga.lt\/produktas\/lemtingas-pasirinkimas\/#primaryimage\"},\"thumbnailUrl\":\"https:\/\/skaitytaknyga.lt\/wp-content\/uploads\/2025\/05\/Lemtingas-pasirinkimas.webp\",\"datePublished\":\"2025-05-24T17:40:53+00:00\",\"dateModified\":\"2025-05-28T05:19:02+00:00\",\"description\":\"Tai a\u0161tuntasis Donnos Leon romanas i\u0161 Komisaro Gvido Brune\u010dio byl\u0173 kolekcijos, i\u0161verstas \u012f lietuvi\u0173 kalb\u0105. Lietuvi\u0173 skaitytojai turi progos ne tik\",\"breadcrumb\":{\"@id\":\"https:\/\/skaitytaknyga.lt\/produktas\/lemtingas-pasirinkimas\/#breadcrumb\"},\"inLanguage\":\"en-GB\",\"potentialAction\":[{\"@type\":\"ReadAction\",\"target\":[\"https:\/\/skaitytaknyga.lt\/produktas\/lemtingas-pasirinkimas\/\"]}]},{\"@type\":\"ImageObject\",\"inLanguage\":\"en-GB\",\"@id\":\"https:\/\/skaitytaknyga.lt\/produktas\/lemtingas-pasirinkimas\/#primaryimage\",\"url\":\"https:\/\/skaitytaknyga.lt\/wp-content\/uploads\/2025\/05\/Lemtingas-pasirinkimas.webp\",\"contentUrl\":\"https:\/\/skaitytaknyga.lt\/wp-content\/uploads\/2025\/05\/Lemtingas-pasirinkimas.webp\",\"width\":539,\"height\":801,\"caption\":\"Lemtingas pasirinkimas\"},{\"@type\":\"BreadcrumbList\",\"@id\":\"https:\/\/skaitytaknyga.lt\/produktas\/lemtingas-pasirinkimas\/#breadcrumb\",\"itemListElement\":[{\"@type\":\"ListItem\",\"position\":1,\"name\":\"Home\",\"item\":\"https:\/\/skaitytaknyga.lt\/\"},{\"@type\":\"ListItem\",\"position\":2,\"name\":\"Parduotuv\u0117\",\"item\":\"https:\/\/skaitytaknyga.lt\/knygu-parduotuve\/\"},{\"@type\":\"ListItem\",\"position\":3,\"name\":\"Lemtingas pasirinkimas\"}]},{\"@type\":\"WebSite\",\"@id\":\"https:\/\/skaitytaknyga.lt\/#website\",\"url\":\"https:\/\/skaitytaknyga.lt\/\",\"name\":\"skaitytaknyga.lt\",\"description\":\"Skaitytaknyga.lt \u2013 tai ma\u017eas \u0161eimos verslas, kuris prasid\u0117jo nuo meil\u0117s knygoms ir siekio i\u0161gelb\u0117ti knygas nuo likimo prie konteinerio. Kas vienam nereikalingas daiktas \u2013 kitam lobis, o mes esame tarpininkai, kurie padeda abiems tapti laimingesniems ???? \u017dinome kaip nelengva i\u0161gyventi ma\u017eiems verslams, tad nuo \u0161iol, \u010dia rasite ir kit\u0173, ma\u017e\u0173 \u0161eim\u0173 versl\u0173, rank\u0173 darbo, dovan\u0173 sau ir artimiesiems.\",\"publisher\":{\"@id\":\"https:\/\/skaitytaknyga.lt\/#organization\"},\"potentialAction\":[{\"@type\":\"SearchAction\",\"target\":{\"@type\":\"EntryPoint\",\"urlTemplate\":\"https:\/\/skaitytaknyga.lt\/?s={search_term_string}\"},\"query-input\":{\"@type\":\"PropertyValueSpecification\",\"valueRequired\":true,\"valueName\":\"search_term_string\"}}],\"inLanguage\":\"en-GB\"},{\"@type\":\"Organization\",\"@id\":\"https:\/\/skaitytaknyga.lt\/#organization\",\"name\":\"skaitytaknyga.lt\",\"url\":\"https:\/\/skaitytaknyga.lt\/\",\"logo\":{\"@type\":\"ImageObject\",\"inLanguage\":\"en-GB\",\"@id\":\"https:\/\/skaitytaknyga.lt\/#\/schema\/logo\/image\/\",\"url\":\"https:\/\/skaitytaknyga.lt\/wp-content\/uploads\/2024\/05\/cropped-cropped-cropped-02_00843_jt3bggkj1j3HLc7SyY6rEUpg.jpeg\",\"contentUrl\":\"https:\/\/skaitytaknyga.lt\/wp-content\/uploads\/2024\/05\/cropped-cropped-cropped-02_00843_jt3bggkj1j3HLc7SyY6rEUpg.jpeg\",\"width\":1600,\"height\":1600,\"caption\":\"skaitytaknyga.lt\"},\"image\":{\"@id\":\"https:\/\/skaitytaknyga.lt\/#\/schema\/logo\/image\/\"},\"sameAs\":[\"https:\/\/www.facebook.com\/skaitytaknyga\/\"]}]}<\/script>\n<!-- \/ Yoast SEO plugin. -->","yoast_head_json":{"title":"Lemtingas pasirinkimas","description":"Tai a\u0161tuntasis Donnos Leon romanas i\u0161 Komisaro Gvido Brune\u010dio byl\u0173 kolekcijos, i\u0161verstas \u012f lietuvi\u0173 kalb\u0105. Lietuvi\u0173 skaitytojai turi progos ne tik","robots":{"index":"index","follow":"follow","max-snippet":"max-snippet:-1","max-image-preview":"max-image-preview:large","max-video-preview":"max-video-preview:-1"},"canonical":"https:\/\/skaitytaknyga.lt\/en\/produktas\/lemtingas-pasirinkimas\/","og_locale":"en_GB","og_type":"article","og_title":"[:lt]Lemtingas pasirinkimas[:] - Skaitytaknyga","og_description":"Tai a\u0161tuntasis Donnos Leon romanas i\u0161 Komisaro Gvido Brune\u010dio byl\u0173 kolekcijos, i\u0161verstas \u012f lietuvi\u0173 kalb\u0105. Lietuvi\u0173 skaitytojai turi progos ne tik","og_url":"https:\/\/skaitytaknyga.lt\/en\/produktas\/lemtingas-pasirinkimas\/","og_site_name":"Skaitytaknyga","article_publisher":"https:\/\/www.facebook.com\/skaitytaknyga\/","article_modified_time":"2025-05-28T05:19:02+00:00","og_image":[{"width":539,"height":801,"url":"https:\/\/skaitytaknyga.lt\/wp-content\/uploads\/2025\/05\/Lemtingas-pasirinkimas.webp","type":"image\/webp"}],"twitter_card":"summary_large_image","twitter_misc":{"Estimated reading time":"1 minute"},"schema":{"@context":"https:\/\/schema.org","@graph":[{"@type":"WebPage","@id":"https:\/\/skaitytaknyga.lt\/produktas\/lemtingas-pasirinkimas\/","url":"https:\/\/skaitytaknyga.lt\/produktas\/lemtingas-pasirinkimas\/","name":"Lemtingas pasirinkimas","isPartOf":{"@id":"https:\/\/skaitytaknyga.lt\/#website"},"primaryImageOfPage":{"@id":"https:\/\/skaitytaknyga.lt\/produktas\/lemtingas-pasirinkimas\/#primaryimage"},"image":{"@id":"https:\/\/skaitytaknyga.lt\/produktas\/lemtingas-pasirinkimas\/#primaryimage"},"thumbnailUrl":"https:\/\/skaitytaknyga.lt\/wp-content\/uploads\/2025\/05\/Lemtingas-pasirinkimas.webp","datePublished":"2025-05-24T17:40:53+00:00","dateModified":"2025-05-28T05:19:02+00:00","description":"Tai a\u0161tuntasis Donnos Leon romanas i\u0161 Komisaro Gvido Brune\u010dio byl\u0173 kolekcijos, i\u0161verstas \u012f lietuvi\u0173 kalb\u0105. Lietuvi\u0173 skaitytojai turi progos ne tik","breadcrumb":{"@id":"https:\/\/skaitytaknyga.lt\/produktas\/lemtingas-pasirinkimas\/#breadcrumb"},"inLanguage":"en-GB","potentialAction":[{"@type":"ReadAction","target":["https:\/\/skaitytaknyga.lt\/produktas\/lemtingas-pasirinkimas\/"]}]},{"@type":"ImageObject","inLanguage":"en-GB","@id":"https:\/\/skaitytaknyga.lt\/produktas\/lemtingas-pasirinkimas\/#primaryimage","url":"https:\/\/skaitytaknyga.lt\/wp-content\/uploads\/2025\/05\/Lemtingas-pasirinkimas.webp","contentUrl":"https:\/\/skaitytaknyga.lt\/wp-content\/uploads\/2025\/05\/Lemtingas-pasirinkimas.webp","width":539,"height":801,"caption":"Lemtingas pasirinkimas"},{"@type":"BreadcrumbList","@id":"https:\/\/skaitytaknyga.lt\/produktas\/lemtingas-pasirinkimas\/#breadcrumb","itemListElement":[{"@type":"ListItem","position":1,"name":"Home","item":"https:\/\/skaitytaknyga.lt\/"},{"@type":"ListItem","position":2,"name":"Parduotuv\u0117","item":"https:\/\/skaitytaknyga.lt\/knygu-parduotuve\/"},{"@type":"ListItem","position":3,"name":"Lemtingas pasirinkimas"}]},{"@type":"WebSite","@id":"https:\/\/skaitytaknyga.lt\/#website","url":"https:\/\/skaitytaknyga.lt\/","name":"skaitytaknyga.lt","description":"Skaitytaknyga.lt \u2013 tai ma\u017eas \u0161eimos verslas, kuris prasid\u0117jo nuo meil\u0117s knygoms ir siekio i\u0161gelb\u0117ti knygas nuo likimo prie konteinerio. Kas vienam nereikalingas daiktas \u2013 kitam lobis, o mes esame tarpininkai, kurie padeda abiems tapti laimingesniems ???? \u017dinome kaip nelengva i\u0161gyventi ma\u017eiems verslams, tad nuo \u0161iol, \u010dia rasite ir kit\u0173, ma\u017e\u0173 \u0161eim\u0173 versl\u0173, rank\u0173 darbo, dovan\u0173 sau ir artimiesiems.","publisher":{"@id":"https:\/\/skaitytaknyga.lt\/#organization"},"potentialAction":[{"@type":"SearchAction","target":{"@type":"EntryPoint","urlTemplate":"https:\/\/skaitytaknyga.lt\/?s={search_term_string}"},"query-input":{"@type":"PropertyValueSpecification","valueRequired":true,"valueName":"search_term_string"}}],"inLanguage":"en-GB"},{"@type":"Organization","@id":"https:\/\/skaitytaknyga.lt\/#organization","name":"skaitytaknyga.lt","url":"https:\/\/skaitytaknyga.lt\/","logo":{"@type":"ImageObject","inLanguage":"en-GB","@id":"https:\/\/skaitytaknyga.lt\/#\/schema\/logo\/image\/","url":"https:\/\/skaitytaknyga.lt\/wp-content\/uploads\/2024\/05\/cropped-cropped-cropped-02_00843_jt3bggkj1j3HLc7SyY6rEUpg.jpeg","contentUrl":"https:\/\/skaitytaknyga.lt\/wp-content\/uploads\/2024\/05\/cropped-cropped-cropped-02_00843_jt3bggkj1j3HLc7SyY6rEUpg.jpeg","width":1600,"height":1600,"caption":"skaitytaknyga.lt"},"image":{"@id":"https:\/\/skaitytaknyga.lt\/#\/schema\/logo\/image\/"},"sameAs":["https:\/\/www.facebook.com\/skaitytaknyga\/"]}]}},"_links":{"self":[{"href":"https:\/\/skaitytaknyga.lt\/en\/wp-json\/wp\/v2\/product\/18498","targetHints":{"allow":["GET"]}}],"collection":[{"href":"https:\/\/skaitytaknyga.lt\/en\/wp-json\/wp\/v2\/product"}],"about":[{"href":"https:\/\/skaitytaknyga.lt\/en\/wp-json\/wp\/v2\/types\/product"}],"replies":[{"embeddable":true,"href":"https:\/\/skaitytaknyga.lt\/en\/wp-json\/wp\/v2\/comments?post=18498"}],"wp:featuredmedia":[{"embeddable":true,"href":"https:\/\/skaitytaknyga.lt\/en\/wp-json\/wp\/v2\/media\/18503"}],"wp:attachment":[{"href":"https:\/\/skaitytaknyga.lt\/en\/wp-json\/wp\/v2\/media?parent=18498"}],"wp:term":[{"taxonomy":"product_brand","embeddable":true,"href":"https:\/\/skaitytaknyga.lt\/en\/wp-json\/wp\/v2\/product_brand?post=18498"},{"taxonomy":"product_cat","embeddable":true,"href":"https:\/\/skaitytaknyga.lt\/en\/wp-json\/wp\/v2\/product_cat?post=18498"},{"taxonomy":"product_tag","embeddable":true,"href":"https:\/\/skaitytaknyga.lt\/en\/wp-json\/wp\/v2\/product_tag?post=18498"}],"curies":[{"name":"wp","href":"https:\/\/api.w.org\/{rel}","templated":true}]}}