{"id":18492,"date":"2025-05-24T20:02:52","date_gmt":"2025-05-24T17:02:52","guid":{"rendered":"https:\/\/skaitytaknyga.lt\/?post_type=product&#038;p=18492"},"modified":"2025-05-24T20:49:57","modified_gmt":"2025-05-24T17:49:57","slug":"nuostabus-protas","status":"publish","type":"product","link":"https:\/\/skaitytaknyga.lt\/en\/produktas\/nuostabus-protas\/","title":{"rendered":"Nuostabus protas"},"content":{"rendered":"<p>\u201eNuostabus protas&#8221; \u2013 tai proto akrobatika. Jos prad\u017eia \u2013 tai pabaiga, ir atvirk\u0161\u010diai. Netik\u0117ta?<\/p>\n<p>\u0160i knyga \u2013 tarsi \u0161uolis tramplinu \u012f ma\u017eai i\u0161tyrin\u0117tas proto gelmes. Henrikas Fexeusas, \u017einomas \u0160vedijos lektorius, vienas geriausi\u0173 k\u016bno kalbos \u017einov\u0173 visame pasaulyje, \u012ftaigiai demonstruoja, kokios elastingos \u017emogaus smegenys ir koki\u0173 fantasti\u0161k\u0173 rezultat\u0173 galime pasiekti atlikdami papras\u010diausias treniruotes.<\/p>\n<p>Taigi:<\/p>\n<p>\u2022 Tobulinkite savo protinius geb\u0117jimus, skatinkite savo k\u016brybingum\u0105.<\/p>\n<p>\u2022 Stiprinkite savo asmenyb\u0119.<\/p>\n<p>\u2022 Programuokite savo mintis.<\/p>\n<p>\u2022 I\u0161mokite grei\u010diau priimti sprendimus.<\/p>\n<p>\u2022 Tobulinkite savo socialinius \u012fg\u016bd\u017eius.<\/p>\n<p>\u2022 I\u0161mokite suvaldyti stres\u0105 ir nerim\u0105.<\/p>\n<p>Knyga \u201eNuostabus protas&#8221; pad\u0117s Jums atid\u017eiau pa\u017evelgti \u012f save. Veiksmingi ir gana paprasti pratimai paskatins sutelkti savo protinius geb\u0117jimus \u2013 pama\u017eu pasteb\u0117site, kad n\u0117ra nieko ne\u012fmanoma.<\/p>\n<p>Henrikas Fexeusas \u2013 garsiausias \u0160vedijos psichologini\u0173 manipuliacij\u0173 ir mentalini\u0173 iliuzij\u0173 meistras bei \u017eini\u0173 apie nes\u0105moning\u0105 komunikacij\u0105 ir \u012ftak\u0105 skleid\u0117jas. Jis yra para\u0161\u0119s 12 knyg\u0173, kuri\u0173 visame pasaulyje parduota daugiau nei 1,2 milijon\u0173 egzempliori\u0173 35 kalbomis. Labiausiai i\u0161gars\u0117jo 2007 m. pristat\u0119s savo debiutin\u0119 knyg\u0105 \u201eMin\u010di\u0173 skaitymo menas&#8221;. \u0160i knyga i\u0161versta \u012f daugiau nei 30 kalb\u0173, o i\u0161 viso pasaulyje parduota daugiau nei milijonas jos egzempliori\u0173.<\/p>\n","protected":false},"excerpt":{"rendered":"<p>\u201eNuostabus protas&#8221; \u2013 tai proto akrobatika. Jos prad\u017eia \u2013 tai pabaiga, ir atvirk\u0161\u010diai. Netik\u0117ta? \u0160i knyga \u2013 tarsi \u0161uolis tramplinu \u012f ma\u017eai i\u0161tyrin\u0117tas proto gelmes. Henrikas Fexeusas, \u017einomas \u0160vedijos lektorius, vienas geriausi\u0173 k\u016bno kalbos \u017einov\u0173 visame pasaulyje, \u012ftaigiai demonstruoja, kokios elastingos \u017emogaus smegenys ir koki\u0173 fantasti\u0161k\u0173 rezultat\u0173 galime pasiekti atlikdami papras\u010diausias treniruotes. Taigi: \u2022 Tobulinkite savo protinius geb\u0117jimus, skatinkite savo k\u016brybingum\u0105. \u2022 Stiprinkite savo asmenyb\u0119. \u2022 Programuokite savo mintis. \u2022 I\u0161mokite grei\u010diau priimti sprendimus. \u2022 Tobulinkite savo socialinius \u012fg\u016bd\u017eius. \u2022 I\u0161mokite suvaldyti stres\u0105 ir nerim\u0105. Knyga \u201eNuostabus protas&#8221; pad\u0117s Jums atid\u017eiau pa\u017evelgti \u012f save. Veiksmingi ir gana paprasti pratimai paskatins sutelkti savo protinius geb\u0117jimus \u2013 pama\u017eu pasteb\u0117site, kad n\u0117ra nieko ne\u012fmanoma. Henrikas Fexeusas \u2013 garsiausias \u0160vedijos psichologini\u0173 manipuliacij\u0173 ir mentalini\u0173 iliuzij\u0173 meistras bei \u017eini\u0173 apie nes\u0105moning\u0105 komunikacij\u0105 ir \u012ftak\u0105 skleid\u0117jas. Jis yra para\u0161\u0119s 12 knyg\u0173, kuri\u0173 visame pasaulyje parduota daugiau nei 1,2 milijon\u0173 egzempliori\u0173 35 kalbomis. Labiausiai i\u0161gars\u0117jo 2007 m. pristat\u0119s savo debiutin\u0119 knyg\u0105 \u201eMin\u010di\u0173 skaitymo menas&#8221;. \u0160i knyga i\u0161versta \u012f daugiau nei 30 kalb\u0173, o i\u0161 viso pasaulyje parduota daugiau nei milijonas jos egzempliori\u0173.<\/p>\n","protected":false},"featured_media":18497,"comment_status":"open","ping_status":"closed","template":"","meta":{"_acf_changed":false,"site-sidebar-layout":"default","site-content-layout":"","ast-site-content-layout":"default","site-content-style":"default","site-sidebar-style":"default","ast-global-header-display":"","ast-banner-title-visibility":"","ast-main-header-display":"","ast-hfb-above-header-display":"","ast-hfb-below-header-display":"","ast-hfb-mobile-header-display":"","site-post-title":"","ast-breadcrumbs-content":"","ast-featured-img":"","footer-sml-layout":"","ast-disable-related-posts":"","theme-transparent-header-meta":"","adv-header-id-meta":"","stick-header-meta":"","header-above-stick-meta":"","header-main-stick-meta":"","header-below-stick-meta":"","astra-migrate-meta-layouts":"default","ast-page-background-enabled":"default","ast-page-background-meta":{"desktop":{"background-color":"","background-image":"","background-repeat":"repeat","background-position":"center center","background-size":"auto","background-attachment":"scroll","background-type":"","background-media":"","overlay-type":"","overlay-color":"","overlay-opacity":"","overlay-gradient":""},"tablet":{"background-color":"","background-image":"","background-repeat":"repeat","background-position":"center center","background-size":"auto","background-attachment":"scroll","background-type":"","background-media":"","overlay-type":"","overlay-color":"","overlay-opacity":"","overlay-gradient":""},"mobile":{"background-color":"","background-image":"","background-repeat":"repeat","background-position":"center center","background-size":"auto","background-attachment":"scroll","background-type":"","background-media":"","overlay-type":"","overlay-color":"","overlay-opacity":"","overlay-gradient":""}},"ast-content-background-meta":{"desktop":{"background-color":"var(--ast-global-color-4)","background-image":"","background-repeat":"repeat","background-position":"center center","background-size":"auto","background-attachment":"scroll","background-type":"","background-media":"","overlay-type":"","overlay-color":"","overlay-opacity":"","overlay-gradient":""},"tablet":{"background-color":"var(--ast-global-color-4)","background-image":"","background-repeat":"repeat","background-position":"center center","background-size":"auto","background-attachment":"scroll","background-type":"","background-media":"","overlay-type":"","overlay-color":"","overlay-opacity":"","overlay-gradient":""},"mobile":{"background-color":"var(--ast-global-color-4)","background-image":"","background-repeat":"repeat","background-position":"center center","background-size":"auto","background-attachment":"scroll","background-type":"","background-media":"","overlay-type":"","overlay-color":"","overlay-opacity":"","overlay-gradient":""}}},"product_brand":[],"product_cat":[15],"product_tag":[4244,1560,3478,1392,1396],"class_list":{"0":"post-18492","1":"product","2":"type-product","3":"status-publish","4":"has-post-thumbnail","6":"product_cat-uncategorized","7":"product_tag-henrik-fexeus","8":"product_tag-kurybiskumas","9":"product_tag-protas","10":"product_tag-psichologija","11":"product_tag-saviugda","12":"desktop-align-left","13":"tablet-align-left","14":"mobile-align-left","16":"first","17":"instock","18":"shipping-taxable","19":"purchasable","20":"product-type-simple"},"acf":[],"yoast_head":"<!-- This site is optimized with the Yoast SEO plugin v27.0 - https:\/\/yoast.com\/product\/yoast-seo-wordpress\/ -->\n<title>Nuostabus protas<\/title>\n<meta name=\"description\" content=\"\u201eNuostabus protas&quot; \u2013 tai proto akrobatika. Jos prad\u017eia \u2013 tai pabaiga, ir atvirk\u0161\u010diai. Netik\u0117ta? \u0160i knyga \u2013 tarsi \u0161uolis tramplinu \u012f ma\u017eai i\u0161tyrin\u0117tas\" \/>\n<meta name=\"robots\" content=\"index, follow, max-snippet:-1, max-image-preview:large, max-video-preview:-1\" \/>\n<link rel=\"canonical\" href=\"https:\/\/skaitytaknyga.lt\/en\/produktas\/nuostabus-protas\/\" \/>\n<meta property=\"og:locale\" content=\"en_GB\" \/>\n<meta property=\"og:locale:alternate\" content=\"lt_LT\" \/>\n<meta property=\"og:type\" content=\"article\" \/>\n<meta property=\"og:title\" content=\"Nuostabus protas\" \/>\n<meta property=\"og:description\" content=\"\u201eNuostabus protas&quot; \u2013 tai proto akrobatika. Jos prad\u017eia \u2013 tai pabaiga, ir atvirk\u0161\u010diai. Netik\u0117ta? \u0160i knyga \u2013 tarsi \u0161uolis tramplinu \u012f ma\u017eai i\u0161tyrin\u0117tas\" \/>\n<meta property=\"og:url\" content=\"https:\/\/skaitytaknyga.lt\/en\/produktas\/nuostabus-protas\/\" \/>\n<meta property=\"og:site_name\" content=\"Skaitytaknyga\" \/>\n<meta property=\"article:publisher\" content=\"https:\/\/www.facebook.com\/skaitytaknyga\/\" \/>\n<meta property=\"article:modified_time\" content=\"2025-05-24T17:49:57+00:00\" \/>\n<meta property=\"og:image\" content=\"https:\/\/skaitytaknyga.lt\/wp-content\/uploads\/2025\/05\/Nuostabus-protas.webp\" \/>\n\t<meta property=\"og:image:width\" content=\"366\" \/>\n\t<meta property=\"og:image:height\" content=\"600\" \/>\n\t<meta property=\"og:image:type\" content=\"image\/webp\" \/>\n<meta name=\"twitter:card\" content=\"summary_large_image\" \/>\n<meta name=\"twitter:label1\" content=\"Estimated reading time\" \/>\n\t<meta name=\"twitter:data1\" content=\"1 minute\" \/>\n<script type=\"application\/ld+json\" class=\"yoast-schema-graph\">{\"@context\":\"https:\/\/schema.org\",\"@graph\":[{\"@type\":\"WebPage\",\"@id\":\"https:\/\/skaitytaknyga.lt\/produktas\/nuostabus-protas\/\",\"url\":\"https:\/\/skaitytaknyga.lt\/produktas\/nuostabus-protas\/\",\"name\":\"Nuostabus protas\",\"isPartOf\":{\"@id\":\"https:\/\/skaitytaknyga.lt\/#website\"},\"primaryImageOfPage\":{\"@id\":\"https:\/\/skaitytaknyga.lt\/produktas\/nuostabus-protas\/#primaryimage\"},\"image\":{\"@id\":\"https:\/\/skaitytaknyga.lt\/produktas\/nuostabus-protas\/#primaryimage\"},\"thumbnailUrl\":\"https:\/\/skaitytaknyga.lt\/wp-content\/uploads\/2025\/05\/Nuostabus-protas.webp\",\"datePublished\":\"2025-05-24T17:02:52+00:00\",\"dateModified\":\"2025-05-24T17:49:57+00:00\",\"description\":\"\u201eNuostabus protas\\\" \u2013 tai proto akrobatika. Jos prad\u017eia \u2013 tai pabaiga, ir atvirk\u0161\u010diai. Netik\u0117ta? \u0160i knyga \u2013 tarsi \u0161uolis tramplinu \u012f ma\u017eai i\u0161tyrin\u0117tas\",\"breadcrumb\":{\"@id\":\"https:\/\/skaitytaknyga.lt\/produktas\/nuostabus-protas\/#breadcrumb\"},\"inLanguage\":\"en-GB\",\"potentialAction\":[{\"@type\":\"ReadAction\",\"target\":[\"https:\/\/skaitytaknyga.lt\/produktas\/nuostabus-protas\/\"]}]},{\"@type\":\"ImageObject\",\"inLanguage\":\"en-GB\",\"@id\":\"https:\/\/skaitytaknyga.lt\/produktas\/nuostabus-protas\/#primaryimage\",\"url\":\"https:\/\/skaitytaknyga.lt\/wp-content\/uploads\/2025\/05\/Nuostabus-protas.webp\",\"contentUrl\":\"https:\/\/skaitytaknyga.lt\/wp-content\/uploads\/2025\/05\/Nuostabus-protas.webp\",\"width\":366,\"height\":600,\"caption\":\"Nuostabus protas\"},{\"@type\":\"BreadcrumbList\",\"@id\":\"https:\/\/skaitytaknyga.lt\/produktas\/nuostabus-protas\/#breadcrumb\",\"itemListElement\":[{\"@type\":\"ListItem\",\"position\":1,\"name\":\"Home\",\"item\":\"https:\/\/skaitytaknyga.lt\/\"},{\"@type\":\"ListItem\",\"position\":2,\"name\":\"Parduotuv\u0117\",\"item\":\"https:\/\/skaitytaknyga.lt\/knygu-parduotuve\/\"},{\"@type\":\"ListItem\",\"position\":3,\"name\":\"Nuostabus protas\"}]},{\"@type\":\"WebSite\",\"@id\":\"https:\/\/skaitytaknyga.lt\/#website\",\"url\":\"https:\/\/skaitytaknyga.lt\/\",\"name\":\"skaitytaknyga.lt\",\"description\":\"Skaitytaknyga.lt \u2013 tai ma\u017eas \u0161eimos verslas, kuris prasid\u0117jo nuo meil\u0117s knygoms ir siekio i\u0161gelb\u0117ti knygas nuo likimo prie konteinerio. Kas vienam nereikalingas daiktas \u2013 kitam lobis, o mes esame tarpininkai, kurie padeda abiems tapti laimingesniems ???? \u017dinome kaip nelengva i\u0161gyventi ma\u017eiems verslams, tad nuo \u0161iol, \u010dia rasite ir kit\u0173, ma\u017e\u0173 \u0161eim\u0173 versl\u0173, rank\u0173 darbo, dovan\u0173 sau ir artimiesiems.\",\"publisher\":{\"@id\":\"https:\/\/skaitytaknyga.lt\/#organization\"},\"potentialAction\":[{\"@type\":\"SearchAction\",\"target\":{\"@type\":\"EntryPoint\",\"urlTemplate\":\"https:\/\/skaitytaknyga.lt\/?s={search_term_string}\"},\"query-input\":{\"@type\":\"PropertyValueSpecification\",\"valueRequired\":true,\"valueName\":\"search_term_string\"}}],\"inLanguage\":\"en-GB\"},{\"@type\":\"Organization\",\"@id\":\"https:\/\/skaitytaknyga.lt\/#organization\",\"name\":\"skaitytaknyga.lt\",\"url\":\"https:\/\/skaitytaknyga.lt\/\",\"logo\":{\"@type\":\"ImageObject\",\"inLanguage\":\"en-GB\",\"@id\":\"https:\/\/skaitytaknyga.lt\/#\/schema\/logo\/image\/\",\"url\":\"https:\/\/skaitytaknyga.lt\/wp-content\/uploads\/2024\/05\/cropped-cropped-cropped-02_00843_jt3bggkj1j3HLc7SyY6rEUpg.jpeg\",\"contentUrl\":\"https:\/\/skaitytaknyga.lt\/wp-content\/uploads\/2024\/05\/cropped-cropped-cropped-02_00843_jt3bggkj1j3HLc7SyY6rEUpg.jpeg\",\"width\":1600,\"height\":1600,\"caption\":\"skaitytaknyga.lt\"},\"image\":{\"@id\":\"https:\/\/skaitytaknyga.lt\/#\/schema\/logo\/image\/\"},\"sameAs\":[\"https:\/\/www.facebook.com\/skaitytaknyga\/\"]}]}<\/script>\n<!-- \/ Yoast SEO plugin. -->","yoast_head_json":{"title":"Nuostabus protas","description":"\u201eNuostabus protas\" \u2013 tai proto akrobatika. Jos prad\u017eia \u2013 tai pabaiga, ir atvirk\u0161\u010diai. Netik\u0117ta? \u0160i knyga \u2013 tarsi \u0161uolis tramplinu \u012f ma\u017eai i\u0161tyrin\u0117tas","robots":{"index":"index","follow":"follow","max-snippet":"max-snippet:-1","max-image-preview":"max-image-preview:large","max-video-preview":"max-video-preview:-1"},"canonical":"https:\/\/skaitytaknyga.lt\/en\/produktas\/nuostabus-protas\/","og_locale":"en_GB","og_type":"article","og_title":"[:lt]Nuostabus protas[:] - Skaitytaknyga","og_description":"\u201eNuostabus protas\" \u2013 tai proto akrobatika. Jos prad\u017eia \u2013 tai pabaiga, ir atvirk\u0161\u010diai. Netik\u0117ta? \u0160i knyga \u2013 tarsi \u0161uolis tramplinu \u012f ma\u017eai i\u0161tyrin\u0117tas","og_url":"https:\/\/skaitytaknyga.lt\/en\/produktas\/nuostabus-protas\/","og_site_name":"Skaitytaknyga","article_publisher":"https:\/\/www.facebook.com\/skaitytaknyga\/","article_modified_time":"2025-05-24T17:49:57+00:00","og_image":[{"width":366,"height":600,"url":"https:\/\/skaitytaknyga.lt\/wp-content\/uploads\/2025\/05\/Nuostabus-protas.webp","type":"image\/webp"}],"twitter_card":"summary_large_image","twitter_misc":{"Estimated reading time":"1 minute"},"schema":{"@context":"https:\/\/schema.org","@graph":[{"@type":"WebPage","@id":"https:\/\/skaitytaknyga.lt\/produktas\/nuostabus-protas\/","url":"https:\/\/skaitytaknyga.lt\/produktas\/nuostabus-protas\/","name":"Nuostabus protas","isPartOf":{"@id":"https:\/\/skaitytaknyga.lt\/#website"},"primaryImageOfPage":{"@id":"https:\/\/skaitytaknyga.lt\/produktas\/nuostabus-protas\/#primaryimage"},"image":{"@id":"https:\/\/skaitytaknyga.lt\/produktas\/nuostabus-protas\/#primaryimage"},"thumbnailUrl":"https:\/\/skaitytaknyga.lt\/wp-content\/uploads\/2025\/05\/Nuostabus-protas.webp","datePublished":"2025-05-24T17:02:52+00:00","dateModified":"2025-05-24T17:49:57+00:00","description":"\u201eNuostabus protas\" \u2013 tai proto akrobatika. Jos prad\u017eia \u2013 tai pabaiga, ir atvirk\u0161\u010diai. Netik\u0117ta? \u0160i knyga \u2013 tarsi \u0161uolis tramplinu \u012f ma\u017eai i\u0161tyrin\u0117tas","breadcrumb":{"@id":"https:\/\/skaitytaknyga.lt\/produktas\/nuostabus-protas\/#breadcrumb"},"inLanguage":"en-GB","potentialAction":[{"@type":"ReadAction","target":["https:\/\/skaitytaknyga.lt\/produktas\/nuostabus-protas\/"]}]},{"@type":"ImageObject","inLanguage":"en-GB","@id":"https:\/\/skaitytaknyga.lt\/produktas\/nuostabus-protas\/#primaryimage","url":"https:\/\/skaitytaknyga.lt\/wp-content\/uploads\/2025\/05\/Nuostabus-protas.webp","contentUrl":"https:\/\/skaitytaknyga.lt\/wp-content\/uploads\/2025\/05\/Nuostabus-protas.webp","width":366,"height":600,"caption":"Nuostabus protas"},{"@type":"BreadcrumbList","@id":"https:\/\/skaitytaknyga.lt\/produktas\/nuostabus-protas\/#breadcrumb","itemListElement":[{"@type":"ListItem","position":1,"name":"Home","item":"https:\/\/skaitytaknyga.lt\/"},{"@type":"ListItem","position":2,"name":"Parduotuv\u0117","item":"https:\/\/skaitytaknyga.lt\/knygu-parduotuve\/"},{"@type":"ListItem","position":3,"name":"Nuostabus protas"}]},{"@type":"WebSite","@id":"https:\/\/skaitytaknyga.lt\/#website","url":"https:\/\/skaitytaknyga.lt\/","name":"skaitytaknyga.lt","description":"Skaitytaknyga.lt \u2013 tai ma\u017eas \u0161eimos verslas, kuris prasid\u0117jo nuo meil\u0117s knygoms ir siekio i\u0161gelb\u0117ti knygas nuo likimo prie konteinerio. Kas vienam nereikalingas daiktas \u2013 kitam lobis, o mes esame tarpininkai, kurie padeda abiems tapti laimingesniems ???? \u017dinome kaip nelengva i\u0161gyventi ma\u017eiems verslams, tad nuo \u0161iol, \u010dia rasite ir kit\u0173, ma\u017e\u0173 \u0161eim\u0173 versl\u0173, rank\u0173 darbo, dovan\u0173 sau ir artimiesiems.","publisher":{"@id":"https:\/\/skaitytaknyga.lt\/#organization"},"potentialAction":[{"@type":"SearchAction","target":{"@type":"EntryPoint","urlTemplate":"https:\/\/skaitytaknyga.lt\/?s={search_term_string}"},"query-input":{"@type":"PropertyValueSpecification","valueRequired":true,"valueName":"search_term_string"}}],"inLanguage":"en-GB"},{"@type":"Organization","@id":"https:\/\/skaitytaknyga.lt\/#organization","name":"skaitytaknyga.lt","url":"https:\/\/skaitytaknyga.lt\/","logo":{"@type":"ImageObject","inLanguage":"en-GB","@id":"https:\/\/skaitytaknyga.lt\/#\/schema\/logo\/image\/","url":"https:\/\/skaitytaknyga.lt\/wp-content\/uploads\/2024\/05\/cropped-cropped-cropped-02_00843_jt3bggkj1j3HLc7SyY6rEUpg.jpeg","contentUrl":"https:\/\/skaitytaknyga.lt\/wp-content\/uploads\/2024\/05\/cropped-cropped-cropped-02_00843_jt3bggkj1j3HLc7SyY6rEUpg.jpeg","width":1600,"height":1600,"caption":"skaitytaknyga.lt"},"image":{"@id":"https:\/\/skaitytaknyga.lt\/#\/schema\/logo\/image\/"},"sameAs":["https:\/\/www.facebook.com\/skaitytaknyga\/"]}]}},"_links":{"self":[{"href":"https:\/\/skaitytaknyga.lt\/en\/wp-json\/wp\/v2\/product\/18492","targetHints":{"allow":["GET"]}}],"collection":[{"href":"https:\/\/skaitytaknyga.lt\/en\/wp-json\/wp\/v2\/product"}],"about":[{"href":"https:\/\/skaitytaknyga.lt\/en\/wp-json\/wp\/v2\/types\/product"}],"replies":[{"embeddable":true,"href":"https:\/\/skaitytaknyga.lt\/en\/wp-json\/wp\/v2\/comments?post=18492"}],"wp:featuredmedia":[{"embeddable":true,"href":"https:\/\/skaitytaknyga.lt\/en\/wp-json\/wp\/v2\/media\/18497"}],"wp:attachment":[{"href":"https:\/\/skaitytaknyga.lt\/en\/wp-json\/wp\/v2\/media?parent=18492"}],"wp:term":[{"taxonomy":"product_brand","embeddable":true,"href":"https:\/\/skaitytaknyga.lt\/en\/wp-json\/wp\/v2\/product_brand?post=18492"},{"taxonomy":"product_cat","embeddable":true,"href":"https:\/\/skaitytaknyga.lt\/en\/wp-json\/wp\/v2\/product_cat?post=18492"},{"taxonomy":"product_tag","embeddable":true,"href":"https:\/\/skaitytaknyga.lt\/en\/wp-json\/wp\/v2\/product_tag?post=18492"}],"curies":[{"name":"wp","href":"https:\/\/api.w.org\/{rel}","templated":true}]}}