{"id":18491,"date":"2025-05-24T20:02:52","date_gmt":"2025-05-24T17:02:52","guid":{"rendered":"https:\/\/skaitytaknyga.lt\/?post_type=product&#038;p=18491"},"modified":"2025-10-19T19:00:01","modified_gmt":"2025-10-19T16:00:01","slug":"pradinge-klajojanciam-smelyje","status":"publish","type":"product","link":"https:\/\/skaitytaknyga.lt\/en\/produktas\/pradinge-klajojanciam-smelyje\/","title":{"rendered":"Prading\u0119 klajojan\u010diam sm\u0117lyje"},"content":{"rendered":"<p>Romanas \u201ePrading\u0119 klajojan\u010diam sm\u0117lyje&#8221; pasakoja apie XI\u2013XII a. kur\u0161i\u0173 \u2013 dr\u0105si\u0173 j\u016brinink\u0173 ir pl\u0117\u0161ik\u0173, laiv\u0173 statytoj\u0173, amatinink\u0173 ir \u017eemdirbi\u0173 \u2013 gent\u012f. Toji gentis gyveno Baltijos paj\u016bryje, nuo Nemuno deltos iki Ventos vidurupio, plaukiojo Baltijos j\u016bra ir siaub\u0117 buvusi\u0173 \u0161io kra\u0161to u\u017ekariautoj\u0173 ir \u0161eiminink\u0173 dan\u0173 bei \u0161ved\u0173 viking\u0173 gyvenamas teritorijas. Ne veltui Jutlandijos (Danijos) pakran\u010di\u0173 ba\u017eny\u010diose dan\u0173 vikingai meld\u0117si \u201eDieve, saugok mus nuo kur\u0161i\u0173.&#8221; Romano veiksmas pl\u0117tojamas trijose vakarin\u0117se kur\u0161i\u0173 \u017eem\u0117se: Pilsote, M\u0117guvoje ir Duvzar\u0117je. \u0160i\u0173 \u017eemi\u0173 valdov\u0173 \u2013 konung\u0173 \u2013 gyvenimas ir veikla susipyn\u0119 \u012f sud\u0117ting\u0105 rezgin\u012f. \u0160alia laisv\u0173j\u0173 \u017emoni\u0173 \u010dia gyvuoja vergvaldyst\u0117, nesvetima ir daugpatyst\u0117 bei nesantuokiniai santykiai, o viename i\u0161 pagrindini\u0173 M\u0117guvos \u017eem\u0117s centr\u0173 \u2013 Palangoje ir jos uoste \u2013 \u012fsisi\u016bbuoja dramati\u0161ki \u012fvykiai.<\/p>\n<p>Klaip\u0117doje gyvenantis ir \u0161io kra\u0161to istorija rimtai besidomintis vokie\u010di\u0173 kilm\u0117s ra\u0161ytojas, ekonomistas, socialini\u0173 moksl\u0173 habilituotas daktaras, profesorius Rokas Flick (g. 1936) skaitytojams jau gerai \u017einomas kaip roman\u0173 trilogijos \u201e\u0160iaur\u0117s Sachara&#8221;, \u201ePaskutinis traukinys&#8221; ir \u201eEmma, pastoriaus dukt\u0117&#8221; autorius. Suk\u016br\u0119s nepaprastai intriguojant\u012f Pr\u016bsijos paveiksl\u0105, kuriuo skatina branginti istorin\u0119 atmint\u012f ir ugdyti garbing\u0105 po\u017ei\u016br\u012f \u012f gyvenim\u0105, autorius sulauk\u0117 didelio skaitytoj\u0173 ir kritik\u0173 d\u0117mesio, buvo apdovanotas \u012fvairiomis premijomis: tarptautinio literat\u016brinio rudens \u201ePrisijaukinkime \u017eod\u012f, pauk\u0161t\u012f, debes\u012f&#8230;&#8221; konkurse 2012 m. u\u017e romanus \u201e\u0160iaur\u0117s Sachara&#8221; ir \u201ePaskutinis traukinys&#8221; jam \u012fteikta Prozos nominacija, 2015 m. \u2013 Ievos Simonaityt\u0117s premija u\u017e roman\u0105 \u201eEmma, pastoriaus dukt\u0117&#8221;. Skaitytoj\u0173 d\u0117mesio taip pat sulauk\u0117 aistringai ir vaizdingai para\u0161yta autobiografin\u0117 apybrai\u017ea \u201eAtrastoji \u017eem\u0117&#8221; (2008).<\/p>\n","protected":false},"excerpt":{"rendered":"<p>Romanas \u201ePrading\u0119 klajojan\u010diam sm\u0117lyje&#8221; pasakoja apie XI\u2013XII a. kur\u0161i\u0173 \u2013 dr\u0105si\u0173 j\u016brinink\u0173 ir pl\u0117\u0161ik\u0173, laiv\u0173 statytoj\u0173, amatinink\u0173 ir \u017eemdirbi\u0173 \u2013 gent\u012f. Toji gentis gyveno Baltijos paj\u016bryje, nuo Nemuno deltos iki Ventos vidurupio, plaukiojo Baltijos j\u016bra ir siaub\u0117 buvusi\u0173 \u0161io kra\u0161to u\u017ekariautoj\u0173 ir \u0161eiminink\u0173 dan\u0173 bei \u0161ved\u0173 viking\u0173 gyvenamas teritorijas. Ne veltui Jutlandijos (Danijos) pakran\u010di\u0173 ba\u017eny\u010diose dan\u0173 vikingai meld\u0117si \u201eDieve, saugok mus nuo kur\u0161i\u0173.&#8221; Romano veiksmas pl\u0117tojamas trijose vakarin\u0117se kur\u0161i\u0173 \u017eem\u0117se: Pilsote, M\u0117guvoje ir Duvzar\u0117je. \u0160i\u0173 \u017eemi\u0173 valdov\u0173 \u2013 konung\u0173 \u2013 gyvenimas ir veikla susipyn\u0119 \u012f sud\u0117ting\u0105 rezgin\u012f. \u0160alia laisv\u0173j\u0173 \u017emoni\u0173 \u010dia gyvuoja vergvaldyst\u0117, nesvetima ir daugpatyst\u0117 bei nesantuokiniai santykiai, o viename i\u0161 pagrindini\u0173 M\u0117guvos \u017eem\u0117s centr\u0173 \u2013 Palangoje ir jos uoste \u2013 \u012fsisi\u016bbuoja dramati\u0161ki \u012fvykiai. Klaip\u0117doje gyvenantis ir \u0161io kra\u0161to istorija rimtai besidomintis vokie\u010di\u0173 kilm\u0117s ra\u0161ytojas, ekonomistas, socialini\u0173 moksl\u0173 habilituotas daktaras, profesorius Rokas Flick (g. 1936) skaitytojams jau gerai \u017einomas kaip roman\u0173 trilogijos \u201e\u0160iaur\u0117s Sachara&#8221;, \u201ePaskutinis traukinys&#8221; ir \u201eEmma, pastoriaus dukt\u0117&#8221; autorius. Suk\u016br\u0119s nepaprastai intriguojant\u012f Pr\u016bsijos paveiksl\u0105, kuriuo skatina branginti istorin\u0119 atmint\u012f ir ugdyti garbing\u0105 po\u017ei\u016br\u012f \u012f gyvenim\u0105, autorius sulauk\u0117 didelio skaitytoj\u0173 ir kritik\u0173 d\u0117mesio, buvo apdovanotas \u012fvairiomis premijomis: tarptautinio literat\u016brinio rudens \u201ePrisijaukinkime \u017eod\u012f, pauk\u0161t\u012f, debes\u012f&#8230;&#8221; konkurse 2012 m. u\u017e romanus \u201e\u0160iaur\u0117s Sachara&#8221; ir \u201ePaskutinis traukinys&#8221; jam \u012fteikta Prozos nominacija, 2015 m. \u2013 Ievos Simonaityt\u0117s premija u\u017e roman\u0105 \u201eEmma, pastoriaus dukt\u0117&#8221;. Skaitytoj\u0173 d\u0117mesio taip pat sulauk\u0117 aistringai ir vaizdingai para\u0161yta autobiografin\u0117 apybrai\u017ea \u201eAtrastoji \u017eem\u0117&#8221; (2008).<\/p>\n","protected":false},"featured_media":18496,"comment_status":"open","ping_status":"closed","template":"","meta":{"_acf_changed":false,"site-sidebar-layout":"default","site-content-layout":"","ast-site-content-layout":"default","site-content-style":"default","site-sidebar-style":"default","ast-global-header-display":"","ast-banner-title-visibility":"","ast-main-header-display":"","ast-hfb-above-header-display":"","ast-hfb-below-header-display":"","ast-hfb-mobile-header-display":"","site-post-title":"","ast-breadcrumbs-content":"","ast-featured-img":"","footer-sml-layout":"","ast-disable-related-posts":"","theme-transparent-header-meta":"","adv-header-id-meta":"","stick-header-meta":"","header-above-stick-meta":"","header-main-stick-meta":"","header-below-stick-meta":"","astra-migrate-meta-layouts":"default","ast-page-background-enabled":"default","ast-page-background-meta":{"desktop":{"background-color":"","background-image":"","background-repeat":"repeat","background-position":"center center","background-size":"auto","background-attachment":"scroll","background-type":"","background-media":"","overlay-type":"","overlay-color":"","overlay-opacity":"","overlay-gradient":""},"tablet":{"background-color":"","background-image":"","background-repeat":"repeat","background-position":"center center","background-size":"auto","background-attachment":"scroll","background-type":"","background-media":"","overlay-type":"","overlay-color":"","overlay-opacity":"","overlay-gradient":""},"mobile":{"background-color":"","background-image":"","background-repeat":"repeat","background-position":"center center","background-size":"auto","background-attachment":"scroll","background-type":"","background-media":"","overlay-type":"","overlay-color":"","overlay-opacity":"","overlay-gradient":""}},"ast-content-background-meta":{"desktop":{"background-color":"var(--ast-global-color-4)","background-image":"","background-repeat":"repeat","background-position":"center center","background-size":"auto","background-attachment":"scroll","background-type":"","background-media":"","overlay-type":"","overlay-color":"","overlay-opacity":"","overlay-gradient":""},"tablet":{"background-color":"var(--ast-global-color-4)","background-image":"","background-repeat":"repeat","background-position":"center center","background-size":"auto","background-attachment":"scroll","background-type":"","background-media":"","overlay-type":"","overlay-color":"","overlay-opacity":"","overlay-gradient":""},"mobile":{"background-color":"var(--ast-global-color-4)","background-image":"","background-repeat":"repeat","background-position":"center center","background-size":"auto","background-attachment":"scroll","background-type":"","background-media":"","overlay-type":"","overlay-color":"","overlay-opacity":"","overlay-gradient":""}}},"product_brand":[],"product_cat":[31],"product_tag":[4243,2069,4242,2625,4241],"class_list":{"0":"post-18491","1":"product","2":"type-product","3":"status-publish","4":"has-post-thumbnail","6":"product_cat-grozine-literatura","7":"product_tag-baltijos-istorija","8":"product_tag-istorinis-romanas","9":"product_tag-kursiai","10":"product_tag-lietuva","11":"product_tag-rokas-flick","12":"desktop-align-left","13":"tablet-align-left","14":"mobile-align-left","16":"first","17":"outofstock","18":"shipping-taxable","19":"purchasable","20":"product-type-simple"},"acf":[],"yoast_head":"<!-- This site is optimized with the Yoast SEO plugin v27.4 - https:\/\/yoast.com\/product\/yoast-seo-wordpress\/ -->\n<title>Prading\u0119 klajojan\u010diam sm\u0117lyje<\/title>\n<meta name=\"description\" content=\"Romanas \u201ePrading\u0119 klajojan\u010diam sm\u0117lyje&quot; pasakoja apie XI\u2013XII a. kur\u0161i\u0173 \u2013 dr\u0105si\u0173 j\u016brinink\u0173 ir pl\u0117\u0161ik\u0173, laiv\u0173 statytoj\u0173, amatinink\u0173 ir \u017eemdirbi\u0173 \u2013 gent\u012f.\" \/>\n<meta name=\"robots\" content=\"index, follow, max-snippet:-1, max-image-preview:large, max-video-preview:-1\" \/>\n<link rel=\"canonical\" href=\"https:\/\/skaitytaknyga.lt\/en\/produktas\/pradinge-klajojanciam-smelyje\/\" \/>\n<meta property=\"og:locale\" content=\"en_GB\" \/>\n<meta property=\"og:locale:alternate\" content=\"lt_LT\" \/>\n<meta property=\"og:type\" content=\"article\" \/>\n<meta property=\"og:title\" content=\"Prading\u0119 klajojan\u010diam sm\u0117lyje\" \/>\n<meta property=\"og:description\" content=\"Romanas \u201ePrading\u0119 klajojan\u010diam sm\u0117lyje&quot; pasakoja apie XI\u2013XII a. kur\u0161i\u0173 \u2013 dr\u0105si\u0173 j\u016brinink\u0173 ir pl\u0117\u0161ik\u0173, laiv\u0173 statytoj\u0173, amatinink\u0173 ir \u017eemdirbi\u0173 \u2013 gent\u012f.\" \/>\n<meta property=\"og:url\" content=\"https:\/\/skaitytaknyga.lt\/en\/produktas\/pradinge-klajojanciam-smelyje\/\" \/>\n<meta property=\"og:site_name\" content=\"Skaitytaknyga\" \/>\n<meta property=\"article:publisher\" content=\"https:\/\/www.facebook.com\/skaitytaknyga\/\" \/>\n<meta property=\"article:modified_time\" content=\"2025-10-19T16:00:01+00:00\" \/>\n<meta property=\"og:image\" content=\"https:\/\/skaitytaknyga.lt\/wp-content\/uploads\/2025\/05\/Pradinge-klajojanciam-smelyje.webp\" \/>\n\t<meta property=\"og:image:width\" content=\"210\" \/>\n\t<meta property=\"og:image:height\" content=\"345\" \/>\n\t<meta property=\"og:image:type\" content=\"image\/webp\" \/>\n<meta name=\"twitter:card\" content=\"summary_large_image\" \/>\n<meta name=\"twitter:label1\" content=\"Estimated reading time\" \/>\n\t<meta name=\"twitter:data1\" content=\"1 minute\" \/>\n<script type=\"application\/ld+json\" class=\"yoast-schema-graph\">{\"@context\":\"https:\\\/\\\/schema.org\",\"@graph\":[{\"@type\":\"WebPage\",\"@id\":\"https:\\\/\\\/skaitytaknyga.lt\\\/produktas\\\/pradinge-klajojanciam-smelyje\\\/\",\"url\":\"https:\\\/\\\/skaitytaknyga.lt\\\/produktas\\\/pradinge-klajojanciam-smelyje\\\/\",\"name\":\"Prading\u0119 klajojan\u010diam sm\u0117lyje\",\"isPartOf\":{\"@id\":\"https:\\\/\\\/skaitytaknyga.lt\\\/#website\"},\"primaryImageOfPage\":{\"@id\":\"https:\\\/\\\/skaitytaknyga.lt\\\/produktas\\\/pradinge-klajojanciam-smelyje\\\/#primaryimage\"},\"image\":{\"@id\":\"https:\\\/\\\/skaitytaknyga.lt\\\/produktas\\\/pradinge-klajojanciam-smelyje\\\/#primaryimage\"},\"thumbnailUrl\":\"https:\\\/\\\/skaitytaknyga.lt\\\/wp-content\\\/uploads\\\/2025\\\/05\\\/Pradinge-klajojanciam-smelyje.webp\",\"datePublished\":\"2025-05-24T17:02:52+00:00\",\"dateModified\":\"2025-10-19T16:00:01+00:00\",\"description\":\"Romanas \u201ePrading\u0119 klajojan\u010diam sm\u0117lyje\\\" pasakoja apie XI\u2013XII a. kur\u0161i\u0173 \u2013 dr\u0105si\u0173 j\u016brinink\u0173 ir pl\u0117\u0161ik\u0173, laiv\u0173 statytoj\u0173, amatinink\u0173 ir \u017eemdirbi\u0173 \u2013 gent\u012f.\",\"breadcrumb\":{\"@id\":\"https:\\\/\\\/skaitytaknyga.lt\\\/produktas\\\/pradinge-klajojanciam-smelyje\\\/#breadcrumb\"},\"inLanguage\":\"en-GB\",\"potentialAction\":[{\"@type\":\"ReadAction\",\"target\":[\"https:\\\/\\\/skaitytaknyga.lt\\\/produktas\\\/pradinge-klajojanciam-smelyje\\\/\"]}]},{\"@type\":\"ImageObject\",\"inLanguage\":\"en-GB\",\"@id\":\"https:\\\/\\\/skaitytaknyga.lt\\\/produktas\\\/pradinge-klajojanciam-smelyje\\\/#primaryimage\",\"url\":\"https:\\\/\\\/skaitytaknyga.lt\\\/wp-content\\\/uploads\\\/2025\\\/05\\\/Pradinge-klajojanciam-smelyje.webp\",\"contentUrl\":\"https:\\\/\\\/skaitytaknyga.lt\\\/wp-content\\\/uploads\\\/2025\\\/05\\\/Pradinge-klajojanciam-smelyje.webp\",\"width\":210,\"height\":345,\"caption\":\"Prading\u0119 klajojan\u010diam sm\u0117lyje\"},{\"@type\":\"BreadcrumbList\",\"@id\":\"https:\\\/\\\/skaitytaknyga.lt\\\/produktas\\\/pradinge-klajojanciam-smelyje\\\/#breadcrumb\",\"itemListElement\":[{\"@type\":\"ListItem\",\"position\":1,\"name\":\"Home\",\"item\":\"https:\\\/\\\/skaitytaknyga.lt\\\/\"},{\"@type\":\"ListItem\",\"position\":2,\"name\":\"Parduotuv\u0117\",\"item\":\"https:\\\/\\\/skaitytaknyga.lt\\\/knygu-parduotuve\\\/\"},{\"@type\":\"ListItem\",\"position\":3,\"name\":\"Prading\u0119 klajojan\u010diam sm\u0117lyje\"}]},{\"@type\":\"WebSite\",\"@id\":\"https:\\\/\\\/skaitytaknyga.lt\\\/#website\",\"url\":\"https:\\\/\\\/skaitytaknyga.lt\\\/\",\"name\":\"skaitytaknyga.lt\",\"description\":\"Skaitytaknyga.lt \u2013 tai ma\u017eas \u0161eimos verslas, kuris prasid\u0117jo nuo meil\u0117s knygoms ir siekio i\u0161gelb\u0117ti knygas nuo likimo prie konteinerio. Kas vienam nereikalingas daiktas \u2013 kitam lobis, o mes esame tarpininkai, kurie padeda abiems tapti laimingesniems ???? \u017dinome kaip nelengva i\u0161gyventi ma\u017eiems verslams, tad nuo \u0161iol, \u010dia rasite ir kit\u0173, ma\u017e\u0173 \u0161eim\u0173 versl\u0173, rank\u0173 darbo, dovan\u0173 sau ir artimiesiems.\",\"publisher\":{\"@id\":\"https:\\\/\\\/skaitytaknyga.lt\\\/#organization\"},\"potentialAction\":[{\"@type\":\"SearchAction\",\"target\":{\"@type\":\"EntryPoint\",\"urlTemplate\":\"https:\\\/\\\/skaitytaknyga.lt\\\/?s={search_term_string}\"},\"query-input\":{\"@type\":\"PropertyValueSpecification\",\"valueRequired\":true,\"valueName\":\"search_term_string\"}}],\"inLanguage\":\"en-GB\"},{\"@type\":\"Organization\",\"@id\":\"https:\\\/\\\/skaitytaknyga.lt\\\/#organization\",\"name\":\"skaitytaknyga.lt\",\"url\":\"https:\\\/\\\/skaitytaknyga.lt\\\/\",\"logo\":{\"@type\":\"ImageObject\",\"inLanguage\":\"en-GB\",\"@id\":\"https:\\\/\\\/skaitytaknyga.lt\\\/#\\\/schema\\\/logo\\\/image\\\/\",\"url\":\"https:\\\/\\\/skaitytaknyga.lt\\\/wp-content\\\/uploads\\\/2024\\\/05\\\/cropped-cropped-cropped-02_00843_jt3bggkj1j3HLc7SyY6rEUpg.jpeg\",\"contentUrl\":\"https:\\\/\\\/skaitytaknyga.lt\\\/wp-content\\\/uploads\\\/2024\\\/05\\\/cropped-cropped-cropped-02_00843_jt3bggkj1j3HLc7SyY6rEUpg.jpeg\",\"width\":1600,\"height\":1600,\"caption\":\"skaitytaknyga.lt\"},\"image\":{\"@id\":\"https:\\\/\\\/skaitytaknyga.lt\\\/#\\\/schema\\\/logo\\\/image\\\/\"},\"sameAs\":[\"https:\\\/\\\/www.facebook.com\\\/skaitytaknyga\\\/\"]}]}<\/script>\n<!-- \/ Yoast SEO plugin. -->","yoast_head_json":{"title":"Prading\u0119 klajojan\u010diam sm\u0117lyje","description":"Romanas \u201ePrading\u0119 klajojan\u010diam sm\u0117lyje\" pasakoja apie XI\u2013XII a. kur\u0161i\u0173 \u2013 dr\u0105si\u0173 j\u016brinink\u0173 ir pl\u0117\u0161ik\u0173, laiv\u0173 statytoj\u0173, amatinink\u0173 ir \u017eemdirbi\u0173 \u2013 gent\u012f.","robots":{"index":"index","follow":"follow","max-snippet":"max-snippet:-1","max-image-preview":"max-image-preview:large","max-video-preview":"max-video-preview:-1"},"canonical":"https:\/\/skaitytaknyga.lt\/en\/produktas\/pradinge-klajojanciam-smelyje\/","og_locale":"en_GB","og_type":"article","og_title":"[:lt]Prading\u0119 klajojan\u010diam sm\u0117lyje[:] - Skaitytaknyga","og_description":"Romanas \u201ePrading\u0119 klajojan\u010diam sm\u0117lyje\" pasakoja apie XI\u2013XII a. kur\u0161i\u0173 \u2013 dr\u0105si\u0173 j\u016brinink\u0173 ir pl\u0117\u0161ik\u0173, laiv\u0173 statytoj\u0173, amatinink\u0173 ir \u017eemdirbi\u0173 \u2013 gent\u012f.","og_url":"https:\/\/skaitytaknyga.lt\/en\/produktas\/pradinge-klajojanciam-smelyje\/","og_site_name":"Skaitytaknyga","article_publisher":"https:\/\/www.facebook.com\/skaitytaknyga\/","article_modified_time":"2025-10-19T16:00:01+00:00","og_image":[{"width":210,"height":345,"url":"https:\/\/skaitytaknyga.lt\/wp-content\/uploads\/2025\/05\/Pradinge-klajojanciam-smelyje.webp","type":"image\/webp"}],"twitter_card":"summary_large_image","twitter_misc":{"Estimated reading time":"1 minute"},"schema":{"@context":"https:\/\/schema.org","@graph":[{"@type":"WebPage","@id":"https:\/\/skaitytaknyga.lt\/produktas\/pradinge-klajojanciam-smelyje\/","url":"https:\/\/skaitytaknyga.lt\/produktas\/pradinge-klajojanciam-smelyje\/","name":"Prading\u0119 klajojan\u010diam sm\u0117lyje","isPartOf":{"@id":"https:\/\/skaitytaknyga.lt\/#website"},"primaryImageOfPage":{"@id":"https:\/\/skaitytaknyga.lt\/produktas\/pradinge-klajojanciam-smelyje\/#primaryimage"},"image":{"@id":"https:\/\/skaitytaknyga.lt\/produktas\/pradinge-klajojanciam-smelyje\/#primaryimage"},"thumbnailUrl":"https:\/\/skaitytaknyga.lt\/wp-content\/uploads\/2025\/05\/Pradinge-klajojanciam-smelyje.webp","datePublished":"2025-05-24T17:02:52+00:00","dateModified":"2025-10-19T16:00:01+00:00","description":"Romanas \u201ePrading\u0119 klajojan\u010diam sm\u0117lyje\" pasakoja apie XI\u2013XII a. kur\u0161i\u0173 \u2013 dr\u0105si\u0173 j\u016brinink\u0173 ir pl\u0117\u0161ik\u0173, laiv\u0173 statytoj\u0173, amatinink\u0173 ir \u017eemdirbi\u0173 \u2013 gent\u012f.","breadcrumb":{"@id":"https:\/\/skaitytaknyga.lt\/produktas\/pradinge-klajojanciam-smelyje\/#breadcrumb"},"inLanguage":"en-GB","potentialAction":[{"@type":"ReadAction","target":["https:\/\/skaitytaknyga.lt\/produktas\/pradinge-klajojanciam-smelyje\/"]}]},{"@type":"ImageObject","inLanguage":"en-GB","@id":"https:\/\/skaitytaknyga.lt\/produktas\/pradinge-klajojanciam-smelyje\/#primaryimage","url":"https:\/\/skaitytaknyga.lt\/wp-content\/uploads\/2025\/05\/Pradinge-klajojanciam-smelyje.webp","contentUrl":"https:\/\/skaitytaknyga.lt\/wp-content\/uploads\/2025\/05\/Pradinge-klajojanciam-smelyje.webp","width":210,"height":345,"caption":"Prading\u0119 klajojan\u010diam sm\u0117lyje"},{"@type":"BreadcrumbList","@id":"https:\/\/skaitytaknyga.lt\/produktas\/pradinge-klajojanciam-smelyje\/#breadcrumb","itemListElement":[{"@type":"ListItem","position":1,"name":"Home","item":"https:\/\/skaitytaknyga.lt\/"},{"@type":"ListItem","position":2,"name":"Parduotuv\u0117","item":"https:\/\/skaitytaknyga.lt\/knygu-parduotuve\/"},{"@type":"ListItem","position":3,"name":"Prading\u0119 klajojan\u010diam sm\u0117lyje"}]},{"@type":"WebSite","@id":"https:\/\/skaitytaknyga.lt\/#website","url":"https:\/\/skaitytaknyga.lt\/","name":"skaitytaknyga.lt","description":"Skaitytaknyga.lt \u2013 tai ma\u017eas \u0161eimos verslas, kuris prasid\u0117jo nuo meil\u0117s knygoms ir siekio i\u0161gelb\u0117ti knygas nuo likimo prie konteinerio. Kas vienam nereikalingas daiktas \u2013 kitam lobis, o mes esame tarpininkai, kurie padeda abiems tapti laimingesniems ???? \u017dinome kaip nelengva i\u0161gyventi ma\u017eiems verslams, tad nuo \u0161iol, \u010dia rasite ir kit\u0173, ma\u017e\u0173 \u0161eim\u0173 versl\u0173, rank\u0173 darbo, dovan\u0173 sau ir artimiesiems.","publisher":{"@id":"https:\/\/skaitytaknyga.lt\/#organization"},"potentialAction":[{"@type":"SearchAction","target":{"@type":"EntryPoint","urlTemplate":"https:\/\/skaitytaknyga.lt\/?s={search_term_string}"},"query-input":{"@type":"PropertyValueSpecification","valueRequired":true,"valueName":"search_term_string"}}],"inLanguage":"en-GB"},{"@type":"Organization","@id":"https:\/\/skaitytaknyga.lt\/#organization","name":"skaitytaknyga.lt","url":"https:\/\/skaitytaknyga.lt\/","logo":{"@type":"ImageObject","inLanguage":"en-GB","@id":"https:\/\/skaitytaknyga.lt\/#\/schema\/logo\/image\/","url":"https:\/\/skaitytaknyga.lt\/wp-content\/uploads\/2024\/05\/cropped-cropped-cropped-02_00843_jt3bggkj1j3HLc7SyY6rEUpg.jpeg","contentUrl":"https:\/\/skaitytaknyga.lt\/wp-content\/uploads\/2024\/05\/cropped-cropped-cropped-02_00843_jt3bggkj1j3HLc7SyY6rEUpg.jpeg","width":1600,"height":1600,"caption":"skaitytaknyga.lt"},"image":{"@id":"https:\/\/skaitytaknyga.lt\/#\/schema\/logo\/image\/"},"sameAs":["https:\/\/www.facebook.com\/skaitytaknyga\/"]}]}},"_links":{"self":[{"href":"https:\/\/skaitytaknyga.lt\/en\/wp-json\/wp\/v2\/product\/18491","targetHints":{"allow":["GET"]}}],"collection":[{"href":"https:\/\/skaitytaknyga.lt\/en\/wp-json\/wp\/v2\/product"}],"about":[{"href":"https:\/\/skaitytaknyga.lt\/en\/wp-json\/wp\/v2\/types\/product"}],"replies":[{"embeddable":true,"href":"https:\/\/skaitytaknyga.lt\/en\/wp-json\/wp\/v2\/comments?post=18491"}],"wp:featuredmedia":[{"embeddable":true,"href":"https:\/\/skaitytaknyga.lt\/en\/wp-json\/wp\/v2\/media\/18496"}],"wp:attachment":[{"href":"https:\/\/skaitytaknyga.lt\/en\/wp-json\/wp\/v2\/media?parent=18491"}],"wp:term":[{"taxonomy":"product_brand","embeddable":true,"href":"https:\/\/skaitytaknyga.lt\/en\/wp-json\/wp\/v2\/product_brand?post=18491"},{"taxonomy":"product_cat","embeddable":true,"href":"https:\/\/skaitytaknyga.lt\/en\/wp-json\/wp\/v2\/product_cat?post=18491"},{"taxonomy":"product_tag","embeddable":true,"href":"https:\/\/skaitytaknyga.lt\/en\/wp-json\/wp\/v2\/product_tag?post=18491"}],"curies":[{"name":"wp","href":"https:\/\/api.w.org\/{rel}","templated":true}]}}