{"id":18486,"date":"2025-05-24T20:01:03","date_gmt":"2025-05-24T17:01:03","guid":{"rendered":"https:\/\/skaitytaknyga.lt\/?post_type=product&#038;p=18486"},"modified":"2025-12-20T17:53:08","modified_gmt":"2025-12-20T15:53:08","slug":"amzinai-zydek-atminimo-vysnia-knyga-apie-eugenija-simkunaite","status":"publish","type":"product","link":"https:\/\/skaitytaknyga.lt\/en\/produktas\/amzinai-zydek-atminimo-vysnia-knyga-apie-eugenija-simkunaite\/","title":{"rendered":"Am\u017einai \u017eyd\u0117k, Atminimo vy\u0161nia. Knyga apie Eugenij\u0105 \u0160imk\u016bnait\u0119"},"content":{"rendered":"<p>Eugenija \u0160imk\u016bnait\u0117 gyveno viena, bet ne vieni\u0161a &#8211; vis tarp \u017emoni\u0173 ir \u017emon\u0117se. Mok\u0117jo gyventi taip, kad ir \u0161iandien, pra\u0117jus de\u0161imtme\u010diui nuo jos mirties, \u017emon\u0117s atsimena jos darbus ir mini geru \u017eod\u017eiu,- ra\u0161oma \u0161ios knygos \u012f\u017eanginiame\u017eodyje.<\/p>\n<p>Pirmoje knygos dalyje spausdinami autobiografiniai E. \u0160imk\u016bnait\u0117s tekstai, jos prakalbos bei interviu. Antroje dalyje &#8211; \u017eymi\u0173 Lietuvos meninink\u0173, mokslinink\u0173, medik\u0173 bei kit\u0173 profesij\u0173 \u017emoni\u0173 atsiminimai apie susitikimus su nepakartojama ir \u017eavia asmenybe, \u017einiuone ir vaista\u017eolininke Eugenija \u0160imk\u016bnaite.<\/p>\n","protected":false},"excerpt":{"rendered":"<p>Eugenija \u0160imk\u016bnait\u0117 gyveno viena, bet ne vieni\u0161a &#8211; vis tarp \u017emoni\u0173 ir \u017emon\u0117se. Mok\u0117jo gyventi taip, kad ir \u0161iandien, pra\u0117jus de\u0161imtme\u010diui nuo jos mirties, \u017emon\u0117s atsimena jos darbus ir mini geru \u017eod\u017eiu,- ra\u0161oma \u0161ios knygos \u012f\u017eanginiame\u017eodyje. Pirmoje knygos dalyje spausdinami autobiografiniai E. \u0160imk\u016bnait\u0117s tekstai, jos prakalbos bei interviu. Antroje dalyje &#8211; \u017eymi\u0173 Lietuvos meninink\u0173, mokslinink\u0173, medik\u0173 bei kit\u0173 profesij\u0173 \u017emoni\u0173 atsiminimai apie susitikimus su nepakartojama ir \u017eavia asmenybe, \u017einiuone ir vaista\u017eolininke Eugenija \u0160imk\u016bnaite.<\/p>\n","protected":false},"featured_media":18487,"comment_status":"open","ping_status":"closed","template":"","meta":{"_acf_changed":false,"site-sidebar-layout":"default","site-content-layout":"","ast-site-content-layout":"default","site-content-style":"default","site-sidebar-style":"default","ast-global-header-display":"","ast-banner-title-visibility":"","ast-main-header-display":"","ast-hfb-above-header-display":"","ast-hfb-below-header-display":"","ast-hfb-mobile-header-display":"","site-post-title":"","ast-breadcrumbs-content":"","ast-featured-img":"","footer-sml-layout":"","ast-disable-related-posts":"","theme-transparent-header-meta":"","adv-header-id-meta":"","stick-header-meta":"","header-above-stick-meta":"","header-main-stick-meta":"","header-below-stick-meta":"","astra-migrate-meta-layouts":"default","ast-page-background-enabled":"default","ast-page-background-meta":{"desktop":{"background-color":"","background-image":"","background-repeat":"repeat","background-position":"center center","background-size":"auto","background-attachment":"scroll","background-type":"","background-media":"","overlay-type":"","overlay-color":"","overlay-opacity":"","overlay-gradient":""},"tablet":{"background-color":"","background-image":"","background-repeat":"repeat","background-position":"center center","background-size":"auto","background-attachment":"scroll","background-type":"","background-media":"","overlay-type":"","overlay-color":"","overlay-opacity":"","overlay-gradient":""},"mobile":{"background-color":"","background-image":"","background-repeat":"repeat","background-position":"center center","background-size":"auto","background-attachment":"scroll","background-type":"","background-media":"","overlay-type":"","overlay-color":"","overlay-opacity":"","overlay-gradient":""}},"ast-content-background-meta":{"desktop":{"background-color":"var(--ast-global-color-4)","background-image":"","background-repeat":"repeat","background-position":"center center","background-size":"auto","background-attachment":"scroll","background-type":"","background-media":"","overlay-type":"","overlay-color":"","overlay-opacity":"","overlay-gradient":""},"tablet":{"background-color":"var(--ast-global-color-4)","background-image":"","background-repeat":"repeat","background-position":"center center","background-size":"auto","background-attachment":"scroll","background-type":"","background-media":"","overlay-type":"","overlay-color":"","overlay-opacity":"","overlay-gradient":""},"mobile":{"background-color":"var(--ast-global-color-4)","background-image":"","background-repeat":"repeat","background-position":"center center","background-size":"auto","background-attachment":"scroll","background-type":"","background-media":"","overlay-type":"","overlay-color":"","overlay-opacity":"","overlay-gradient":""}}},"product_brand":[],"product_cat":[33],"product_tag":[4230,1349,4231,4233,4232],"class_list":{"0":"post-18486","1":"product","2":"type-product","3":"status-publish","4":"has-post-thumbnail","6":"product_cat-biografijos","7":"product_tag-alijusas-grebliunas","8":"product_tag-atsiminimai","9":"product_tag-eugenija-simkunaite","10":"product_tag-vaistazolininke","11":"product_tag-ziniuone","12":"desktop-align-left","13":"tablet-align-left","14":"mobile-align-left","16":"first","17":"instock","18":"shipping-taxable","19":"purchasable","20":"product-type-simple"},"acf":[],"yoast_head":"<!-- This site is optimized with the Yoast SEO plugin v27.4 - https:\/\/yoast.com\/product\/yoast-seo-wordpress\/ -->\n<title>Am\u017einai \u017eyd\u0117k, Atminimo vy\u0161nia. Knyga apie Eugenij\u0105 \u0160imk\u016bnait\u0119<\/title>\n<meta name=\"description\" content=\"Eugenija \u0160imk\u016bnait\u0117 gyveno viena, bet ne vieni\u0161a - vis tarp \u017emoni\u0173 ir \u017emon\u0117se. Mok\u0117jo gyventi taip, kad ir \u0161iandien, pra\u0117jus de\u0161imtme\u010diui nuo jos mirties,\" \/>\n<meta name=\"robots\" content=\"index, follow, max-snippet:-1, max-image-preview:large, max-video-preview:-1\" \/>\n<link rel=\"canonical\" href=\"https:\/\/skaitytaknyga.lt\/en\/produktas\/amzinai-zydek-atminimo-vysnia-knyga-apie-eugenija-simkunaite\/\" \/>\n<meta property=\"og:locale\" content=\"en_GB\" \/>\n<meta property=\"og:locale:alternate\" content=\"lt_LT\" \/>\n<meta property=\"og:type\" content=\"article\" \/>\n<meta property=\"og:title\" content=\"Am\u017einai \u017eyd\u0117k, Atminimo vy\u0161nia. Knyga apie Eugenij\u0105 \u0160imk\u016bnait\u0119\" \/>\n<meta property=\"og:description\" content=\"Eugenija \u0160imk\u016bnait\u0117 gyveno viena, bet ne vieni\u0161a - vis tarp \u017emoni\u0173 ir \u017emon\u0117se. Mok\u0117jo gyventi taip, kad ir \u0161iandien, pra\u0117jus de\u0161imtme\u010diui nuo jos mirties,\" \/>\n<meta property=\"og:url\" content=\"https:\/\/skaitytaknyga.lt\/en\/produktas\/amzinai-zydek-atminimo-vysnia-knyga-apie-eugenija-simkunaite\/\" \/>\n<meta property=\"og:site_name\" content=\"Skaitytaknyga\" \/>\n<meta property=\"article:publisher\" content=\"https:\/\/www.facebook.com\/skaitytaknyga\/\" \/>\n<meta property=\"article:modified_time\" content=\"2025-12-20T15:53:08+00:00\" \/>\n<meta property=\"og:image\" content=\"https:\/\/skaitytaknyga.lt\/wp-content\/uploads\/2025\/05\/Amzinai-zydek-Atminimo-vysnia.-Knyga-apie-Eugenija-Simkunaite.webp\" \/>\n\t<meta property=\"og:image:width\" content=\"529\" \/>\n\t<meta property=\"og:image:height\" content=\"801\" \/>\n\t<meta property=\"og:image:type\" content=\"image\/webp\" \/>\n<meta name=\"twitter:card\" content=\"summary_large_image\" \/>\n<script type=\"application\/ld+json\" class=\"yoast-schema-graph\">{\"@context\":\"https:\\\/\\\/schema.org\",\"@graph\":[{\"@type\":\"WebPage\",\"@id\":\"https:\\\/\\\/skaitytaknyga.lt\\\/produktas\\\/amzinai-zydek-atminimo-vysnia-knyga-apie-eugenija-simkunaite\\\/\",\"url\":\"https:\\\/\\\/skaitytaknyga.lt\\\/produktas\\\/amzinai-zydek-atminimo-vysnia-knyga-apie-eugenija-simkunaite\\\/\",\"name\":\"Am\u017einai \u017eyd\u0117k, Atminimo vy\u0161nia. Knyga apie Eugenij\u0105 \u0160imk\u016bnait\u0119\",\"isPartOf\":{\"@id\":\"https:\\\/\\\/skaitytaknyga.lt\\\/#website\"},\"primaryImageOfPage\":{\"@id\":\"https:\\\/\\\/skaitytaknyga.lt\\\/produktas\\\/amzinai-zydek-atminimo-vysnia-knyga-apie-eugenija-simkunaite\\\/#primaryimage\"},\"image\":{\"@id\":\"https:\\\/\\\/skaitytaknyga.lt\\\/produktas\\\/amzinai-zydek-atminimo-vysnia-knyga-apie-eugenija-simkunaite\\\/#primaryimage\"},\"thumbnailUrl\":\"https:\\\/\\\/skaitytaknyga.lt\\\/wp-content\\\/uploads\\\/2025\\\/05\\\/Amzinai-zydek-Atminimo-vysnia.-Knyga-apie-Eugenija-Simkunaite.webp\",\"datePublished\":\"2025-05-24T17:01:03+00:00\",\"dateModified\":\"2025-12-20T15:53:08+00:00\",\"description\":\"Eugenija \u0160imk\u016bnait\u0117 gyveno viena, bet ne vieni\u0161a - vis tarp \u017emoni\u0173 ir \u017emon\u0117se. Mok\u0117jo gyventi taip, kad ir \u0161iandien, pra\u0117jus de\u0161imtme\u010diui nuo jos mirties,\",\"breadcrumb\":{\"@id\":\"https:\\\/\\\/skaitytaknyga.lt\\\/produktas\\\/amzinai-zydek-atminimo-vysnia-knyga-apie-eugenija-simkunaite\\\/#breadcrumb\"},\"inLanguage\":\"en-GB\",\"potentialAction\":[{\"@type\":\"ReadAction\",\"target\":[\"https:\\\/\\\/skaitytaknyga.lt\\\/produktas\\\/amzinai-zydek-atminimo-vysnia-knyga-apie-eugenija-simkunaite\\\/\"]}]},{\"@type\":\"ImageObject\",\"inLanguage\":\"en-GB\",\"@id\":\"https:\\\/\\\/skaitytaknyga.lt\\\/produktas\\\/amzinai-zydek-atminimo-vysnia-knyga-apie-eugenija-simkunaite\\\/#primaryimage\",\"url\":\"https:\\\/\\\/skaitytaknyga.lt\\\/wp-content\\\/uploads\\\/2025\\\/05\\\/Amzinai-zydek-Atminimo-vysnia.-Knyga-apie-Eugenija-Simkunaite.webp\",\"contentUrl\":\"https:\\\/\\\/skaitytaknyga.lt\\\/wp-content\\\/uploads\\\/2025\\\/05\\\/Amzinai-zydek-Atminimo-vysnia.-Knyga-apie-Eugenija-Simkunaite.webp\",\"width\":529,\"height\":801,\"caption\":\"Am\u017einai \u017eyd\u0117k, Atminimo vy\u0161nia. Knyga apie Eugenij\u0105 \u0160imk\u016bnait\u0119\"},{\"@type\":\"BreadcrumbList\",\"@id\":\"https:\\\/\\\/skaitytaknyga.lt\\\/produktas\\\/amzinai-zydek-atminimo-vysnia-knyga-apie-eugenija-simkunaite\\\/#breadcrumb\",\"itemListElement\":[{\"@type\":\"ListItem\",\"position\":1,\"name\":\"Home\",\"item\":\"https:\\\/\\\/skaitytaknyga.lt\\\/\"},{\"@type\":\"ListItem\",\"position\":2,\"name\":\"Parduotuv\u0117\",\"item\":\"https:\\\/\\\/skaitytaknyga.lt\\\/knygu-parduotuve\\\/\"},{\"@type\":\"ListItem\",\"position\":3,\"name\":\"Am\u017einai \u017eyd\u0117k, Atminimo vy\u0161nia. Knyga apie Eugenij\u0105 \u0160imk\u016bnait\u0119\"}]},{\"@type\":\"WebSite\",\"@id\":\"https:\\\/\\\/skaitytaknyga.lt\\\/#website\",\"url\":\"https:\\\/\\\/skaitytaknyga.lt\\\/\",\"name\":\"skaitytaknyga.lt\",\"description\":\"Skaitytaknyga.lt \u2013 tai ma\u017eas \u0161eimos verslas, kuris prasid\u0117jo nuo meil\u0117s knygoms ir siekio i\u0161gelb\u0117ti knygas nuo likimo prie konteinerio. Kas vienam nereikalingas daiktas \u2013 kitam lobis, o mes esame tarpininkai, kurie padeda abiems tapti laimingesniems ???? \u017dinome kaip nelengva i\u0161gyventi ma\u017eiems verslams, tad nuo \u0161iol, \u010dia rasite ir kit\u0173, ma\u017e\u0173 \u0161eim\u0173 versl\u0173, rank\u0173 darbo, dovan\u0173 sau ir artimiesiems.\",\"publisher\":{\"@id\":\"https:\\\/\\\/skaitytaknyga.lt\\\/#organization\"},\"potentialAction\":[{\"@type\":\"SearchAction\",\"target\":{\"@type\":\"EntryPoint\",\"urlTemplate\":\"https:\\\/\\\/skaitytaknyga.lt\\\/?s={search_term_string}\"},\"query-input\":{\"@type\":\"PropertyValueSpecification\",\"valueRequired\":true,\"valueName\":\"search_term_string\"}}],\"inLanguage\":\"en-GB\"},{\"@type\":\"Organization\",\"@id\":\"https:\\\/\\\/skaitytaknyga.lt\\\/#organization\",\"name\":\"skaitytaknyga.lt\",\"url\":\"https:\\\/\\\/skaitytaknyga.lt\\\/\",\"logo\":{\"@type\":\"ImageObject\",\"inLanguage\":\"en-GB\",\"@id\":\"https:\\\/\\\/skaitytaknyga.lt\\\/#\\\/schema\\\/logo\\\/image\\\/\",\"url\":\"https:\\\/\\\/skaitytaknyga.lt\\\/wp-content\\\/uploads\\\/2024\\\/05\\\/cropped-cropped-cropped-02_00843_jt3bggkj1j3HLc7SyY6rEUpg.jpeg\",\"contentUrl\":\"https:\\\/\\\/skaitytaknyga.lt\\\/wp-content\\\/uploads\\\/2024\\\/05\\\/cropped-cropped-cropped-02_00843_jt3bggkj1j3HLc7SyY6rEUpg.jpeg\",\"width\":1600,\"height\":1600,\"caption\":\"skaitytaknyga.lt\"},\"image\":{\"@id\":\"https:\\\/\\\/skaitytaknyga.lt\\\/#\\\/schema\\\/logo\\\/image\\\/\"},\"sameAs\":[\"https:\\\/\\\/www.facebook.com\\\/skaitytaknyga\\\/\"]}]}<\/script>\n<!-- \/ Yoast SEO plugin. -->","yoast_head_json":{"title":"Am\u017einai \u017eyd\u0117k, Atminimo vy\u0161nia. Knyga apie Eugenij\u0105 \u0160imk\u016bnait\u0119","description":"Eugenija \u0160imk\u016bnait\u0117 gyveno viena, bet ne vieni\u0161a - vis tarp \u017emoni\u0173 ir \u017emon\u0117se. Mok\u0117jo gyventi taip, kad ir \u0161iandien, pra\u0117jus de\u0161imtme\u010diui nuo jos mirties,","robots":{"index":"index","follow":"follow","max-snippet":"max-snippet:-1","max-image-preview":"max-image-preview:large","max-video-preview":"max-video-preview:-1"},"canonical":"https:\/\/skaitytaknyga.lt\/en\/produktas\/amzinai-zydek-atminimo-vysnia-knyga-apie-eugenija-simkunaite\/","og_locale":"en_GB","og_type":"article","og_title":"[:lt]Am\u017einai \u017eyd\u0117k, Atminimo vy\u0161nia. Knyga apie Eugenij\u0105 \u0160imk\u016bnait\u0119[:] - Skaitytaknyga","og_description":"Eugenija \u0160imk\u016bnait\u0117 gyveno viena, bet ne vieni\u0161a - vis tarp \u017emoni\u0173 ir \u017emon\u0117se. Mok\u0117jo gyventi taip, kad ir \u0161iandien, pra\u0117jus de\u0161imtme\u010diui nuo jos mirties,","og_url":"https:\/\/skaitytaknyga.lt\/en\/produktas\/amzinai-zydek-atminimo-vysnia-knyga-apie-eugenija-simkunaite\/","og_site_name":"Skaitytaknyga","article_publisher":"https:\/\/www.facebook.com\/skaitytaknyga\/","article_modified_time":"2025-12-20T15:53:08+00:00","og_image":[{"width":529,"height":801,"url":"https:\/\/skaitytaknyga.lt\/wp-content\/uploads\/2025\/05\/Amzinai-zydek-Atminimo-vysnia.-Knyga-apie-Eugenija-Simkunaite.webp","type":"image\/webp"}],"twitter_card":"summary_large_image","schema":{"@context":"https:\/\/schema.org","@graph":[{"@type":"WebPage","@id":"https:\/\/skaitytaknyga.lt\/produktas\/amzinai-zydek-atminimo-vysnia-knyga-apie-eugenija-simkunaite\/","url":"https:\/\/skaitytaknyga.lt\/produktas\/amzinai-zydek-atminimo-vysnia-knyga-apie-eugenija-simkunaite\/","name":"Am\u017einai \u017eyd\u0117k, Atminimo vy\u0161nia. Knyga apie Eugenij\u0105 \u0160imk\u016bnait\u0119","isPartOf":{"@id":"https:\/\/skaitytaknyga.lt\/#website"},"primaryImageOfPage":{"@id":"https:\/\/skaitytaknyga.lt\/produktas\/amzinai-zydek-atminimo-vysnia-knyga-apie-eugenija-simkunaite\/#primaryimage"},"image":{"@id":"https:\/\/skaitytaknyga.lt\/produktas\/amzinai-zydek-atminimo-vysnia-knyga-apie-eugenija-simkunaite\/#primaryimage"},"thumbnailUrl":"https:\/\/skaitytaknyga.lt\/wp-content\/uploads\/2025\/05\/Amzinai-zydek-Atminimo-vysnia.-Knyga-apie-Eugenija-Simkunaite.webp","datePublished":"2025-05-24T17:01:03+00:00","dateModified":"2025-12-20T15:53:08+00:00","description":"Eugenija \u0160imk\u016bnait\u0117 gyveno viena, bet ne vieni\u0161a - vis tarp \u017emoni\u0173 ir \u017emon\u0117se. Mok\u0117jo gyventi taip, kad ir \u0161iandien, pra\u0117jus de\u0161imtme\u010diui nuo jos mirties,","breadcrumb":{"@id":"https:\/\/skaitytaknyga.lt\/produktas\/amzinai-zydek-atminimo-vysnia-knyga-apie-eugenija-simkunaite\/#breadcrumb"},"inLanguage":"en-GB","potentialAction":[{"@type":"ReadAction","target":["https:\/\/skaitytaknyga.lt\/produktas\/amzinai-zydek-atminimo-vysnia-knyga-apie-eugenija-simkunaite\/"]}]},{"@type":"ImageObject","inLanguage":"en-GB","@id":"https:\/\/skaitytaknyga.lt\/produktas\/amzinai-zydek-atminimo-vysnia-knyga-apie-eugenija-simkunaite\/#primaryimage","url":"https:\/\/skaitytaknyga.lt\/wp-content\/uploads\/2025\/05\/Amzinai-zydek-Atminimo-vysnia.-Knyga-apie-Eugenija-Simkunaite.webp","contentUrl":"https:\/\/skaitytaknyga.lt\/wp-content\/uploads\/2025\/05\/Amzinai-zydek-Atminimo-vysnia.-Knyga-apie-Eugenija-Simkunaite.webp","width":529,"height":801,"caption":"Am\u017einai \u017eyd\u0117k, Atminimo vy\u0161nia. Knyga apie Eugenij\u0105 \u0160imk\u016bnait\u0119"},{"@type":"BreadcrumbList","@id":"https:\/\/skaitytaknyga.lt\/produktas\/amzinai-zydek-atminimo-vysnia-knyga-apie-eugenija-simkunaite\/#breadcrumb","itemListElement":[{"@type":"ListItem","position":1,"name":"Home","item":"https:\/\/skaitytaknyga.lt\/"},{"@type":"ListItem","position":2,"name":"Parduotuv\u0117","item":"https:\/\/skaitytaknyga.lt\/knygu-parduotuve\/"},{"@type":"ListItem","position":3,"name":"Am\u017einai \u017eyd\u0117k, Atminimo vy\u0161nia. Knyga apie Eugenij\u0105 \u0160imk\u016bnait\u0119"}]},{"@type":"WebSite","@id":"https:\/\/skaitytaknyga.lt\/#website","url":"https:\/\/skaitytaknyga.lt\/","name":"skaitytaknyga.lt","description":"Skaitytaknyga.lt \u2013 tai ma\u017eas \u0161eimos verslas, kuris prasid\u0117jo nuo meil\u0117s knygoms ir siekio i\u0161gelb\u0117ti knygas nuo likimo prie konteinerio. Kas vienam nereikalingas daiktas \u2013 kitam lobis, o mes esame tarpininkai, kurie padeda abiems tapti laimingesniems ???? \u017dinome kaip nelengva i\u0161gyventi ma\u017eiems verslams, tad nuo \u0161iol, \u010dia rasite ir kit\u0173, ma\u017e\u0173 \u0161eim\u0173 versl\u0173, rank\u0173 darbo, dovan\u0173 sau ir artimiesiems.","publisher":{"@id":"https:\/\/skaitytaknyga.lt\/#organization"},"potentialAction":[{"@type":"SearchAction","target":{"@type":"EntryPoint","urlTemplate":"https:\/\/skaitytaknyga.lt\/?s={search_term_string}"},"query-input":{"@type":"PropertyValueSpecification","valueRequired":true,"valueName":"search_term_string"}}],"inLanguage":"en-GB"},{"@type":"Organization","@id":"https:\/\/skaitytaknyga.lt\/#organization","name":"skaitytaknyga.lt","url":"https:\/\/skaitytaknyga.lt\/","logo":{"@type":"ImageObject","inLanguage":"en-GB","@id":"https:\/\/skaitytaknyga.lt\/#\/schema\/logo\/image\/","url":"https:\/\/skaitytaknyga.lt\/wp-content\/uploads\/2024\/05\/cropped-cropped-cropped-02_00843_jt3bggkj1j3HLc7SyY6rEUpg.jpeg","contentUrl":"https:\/\/skaitytaknyga.lt\/wp-content\/uploads\/2024\/05\/cropped-cropped-cropped-02_00843_jt3bggkj1j3HLc7SyY6rEUpg.jpeg","width":1600,"height":1600,"caption":"skaitytaknyga.lt"},"image":{"@id":"https:\/\/skaitytaknyga.lt\/#\/schema\/logo\/image\/"},"sameAs":["https:\/\/www.facebook.com\/skaitytaknyga\/"]}]}},"_links":{"self":[{"href":"https:\/\/skaitytaknyga.lt\/en\/wp-json\/wp\/v2\/product\/18486","targetHints":{"allow":["GET"]}}],"collection":[{"href":"https:\/\/skaitytaknyga.lt\/en\/wp-json\/wp\/v2\/product"}],"about":[{"href":"https:\/\/skaitytaknyga.lt\/en\/wp-json\/wp\/v2\/types\/product"}],"replies":[{"embeddable":true,"href":"https:\/\/skaitytaknyga.lt\/en\/wp-json\/wp\/v2\/comments?post=18486"}],"wp:featuredmedia":[{"embeddable":true,"href":"https:\/\/skaitytaknyga.lt\/en\/wp-json\/wp\/v2\/media\/18487"}],"wp:attachment":[{"href":"https:\/\/skaitytaknyga.lt\/en\/wp-json\/wp\/v2\/media?parent=18486"}],"wp:term":[{"taxonomy":"product_brand","embeddable":true,"href":"https:\/\/skaitytaknyga.lt\/en\/wp-json\/wp\/v2\/product_brand?post=18486"},{"taxonomy":"product_cat","embeddable":true,"href":"https:\/\/skaitytaknyga.lt\/en\/wp-json\/wp\/v2\/product_cat?post=18486"},{"taxonomy":"product_tag","embeddable":true,"href":"https:\/\/skaitytaknyga.lt\/en\/wp-json\/wp\/v2\/product_tag?post=18486"}],"curies":[{"name":"wp","href":"https:\/\/api.w.org\/{rel}","templated":true}]}}