{"id":18479,"date":"2025-05-21T14:47:06","date_gmt":"2025-05-21T11:47:06","guid":{"rendered":"https:\/\/skaitytaknyga.lt\/?post_type=product&#038;p=18479"},"modified":"2025-09-05T10:43:12","modified_gmt":"2025-09-05T07:43:12","slug":"penkios-meiles-kalbos","status":"publish","type":"product","link":"https:\/\/skaitytaknyga.lt\/en\/produktas\/penkios-meiles-kalbos\/","title":{"rendered":"Penkios meil\u0117s kalbos"},"content":{"rendered":"<p>Kiekvienas i\u0161 m\u016bs\u0173 meil\u0119 i\u0161rei\u0161kiame ar j\u0105 priimame savo meil\u0117s kalba. Vieniems svarbu i\u0161girsti palaikymo \u017eod\u017eius ar kuo daugiau laiko praleisti kartu su mylimu \u017emogumi, kitiems u\u017etenka dovan\u0173, rodomo paslaugumo ar \u0161velnaus prisilietimo. Visa tai \u2013 penkios meil\u0117s kalbos.<\/p>\n<p>Remdamasis ilgamete \u0161eim\u0173 konsultavimo patirtimi ir iliustruodamas j\u0105 konkre\u010diais savo klient\u0173 pasakojimais, dr. Garis \u010capmanas i\u0161mokins jus ne tik patars, kaip jaustis mylimiems, bet ir i\u0161mokys myl\u0117ti.<\/p>\n<p><strong>\u201ePenkios meil\u0117s kalbos\u201c<\/strong>\u00a0\u2013 neabejotinai pakeis j\u016bs\u0173 santykius su mylimu \u017emogumi.<\/p>\n<p>\u017dmonijos gyvavimo variklis yra tro\u0161kimas b\u016bti artimam kam nors ir mylimam.<\/p>\n<p><strong>Dr. Garis \u010capmanas<\/strong>\u00a0\u2013 amerikie\u010di\u0173 pedagogas, pastorius, \u0161eim\u0173 konsultantas, radijo laid\u0173 ved\u0117jas.\u00a0<strong>Garis \u010capmanas<\/strong>\u00a0para\u0161\u0117 daugiau nei 20 knyg\u0173, ta\u010diau tarptautinio pripa\u017einimo sulauk\u0117 knygos \u201ePenkios meil\u0117s kalbos\u201c. \u201ePenkios meil\u0117s kalbos\u201c tapo bestseleriu ir i\u0161versta \u012f daugiau nei 35-ias kalbas.<\/p>\n","protected":false},"excerpt":{"rendered":"<p>Kiekvienas i\u0161 m\u016bs\u0173 meil\u0119 i\u0161rei\u0161kiame ar j\u0105 priimame savo meil\u0117s kalba. Vieniems svarbu i\u0161girsti palaikymo \u017eod\u017eius ar kuo daugiau laiko praleisti kartu su mylimu \u017emogumi, kitiems u\u017etenka dovan\u0173, rodomo paslaugumo ar \u0161velnaus prisilietimo. Visa tai \u2013 penkios meil\u0117s kalbos. Remdamasis ilgamete \u0161eim\u0173 konsultavimo patirtimi ir iliustruodamas j\u0105 konkre\u010diais savo klient\u0173 pasakojimais, dr. Garis \u010capmanas i\u0161mokins jus ne tik patars, kaip jaustis mylimiems, bet ir i\u0161mokys myl\u0117ti. \u201ePenkios meil\u0117s kalbos\u201c\u00a0\u2013 neabejotinai pakeis j\u016bs\u0173 santykius su mylimu \u017emogumi. \u017dmonijos gyvavimo variklis yra tro\u0161kimas b\u016bti artimam kam nors ir mylimam. Dr. Garis \u010capmanas\u00a0\u2013 amerikie\u010di\u0173 pedagogas, pastorius, \u0161eim\u0173 konsultantas, radijo laid\u0173 ved\u0117jas.\u00a0Garis \u010capmanas\u00a0para\u0161\u0117 daugiau nei 20 knyg\u0173, ta\u010diau tarptautinio pripa\u017einimo sulauk\u0117 knygos \u201ePenkios meil\u0117s kalbos\u201c. \u201ePenkios meil\u0117s kalbos\u201c tapo bestseleriu ir i\u0161versta \u012f daugiau nei 35-ias kalbas.<\/p>\n","protected":false},"featured_media":18481,"comment_status":"closed","ping_status":"closed","template":"","meta":{"_acf_changed":false,"site-sidebar-layout":"default","site-content-layout":"","ast-site-content-layout":"default","site-content-style":"default","site-sidebar-style":"default","ast-global-header-display":"","ast-banner-title-visibility":"","ast-main-header-display":"","ast-hfb-above-header-display":"","ast-hfb-below-header-display":"","ast-hfb-mobile-header-display":"","site-post-title":"","ast-breadcrumbs-content":"","ast-featured-img":"","footer-sml-layout":"","ast-disable-related-posts":"","theme-transparent-header-meta":"default","adv-header-id-meta":"","stick-header-meta":"","header-above-stick-meta":"","header-main-stick-meta":"","header-below-stick-meta":"","astra-migrate-meta-layouts":"set","ast-page-background-enabled":"default","ast-page-background-meta":{"desktop":{"background-color":"","background-image":"","background-repeat":"repeat","background-position":"center center","background-size":"auto","background-attachment":"scroll","background-type":"","background-media":"","overlay-type":"","overlay-color":"","overlay-opacity":"","overlay-gradient":""},"tablet":{"background-color":"","background-image":"","background-repeat":"repeat","background-position":"center center","background-size":"auto","background-attachment":"scroll","background-type":"","background-media":"","overlay-type":"","overlay-color":"","overlay-opacity":"","overlay-gradient":""},"mobile":{"background-color":"","background-image":"","background-repeat":"repeat","background-position":"center center","background-size":"auto","background-attachment":"scroll","background-type":"","background-media":"","overlay-type":"","overlay-color":"","overlay-opacity":"","overlay-gradient":""}},"ast-content-background-meta":{"desktop":{"background-color":"var(--ast-global-color-4)","background-image":"","background-repeat":"repeat","background-position":"center center","background-size":"auto","background-attachment":"scroll","background-type":"","background-media":"","overlay-type":"","overlay-color":"","overlay-opacity":"","overlay-gradient":""},"tablet":{"background-color":"var(--ast-global-color-4)","background-image":"","background-repeat":"repeat","background-position":"center center","background-size":"auto","background-attachment":"scroll","background-type":"","background-media":"","overlay-type":"","overlay-color":"","overlay-opacity":"","overlay-gradient":""},"mobile":{"background-color":"var(--ast-global-color-4)","background-image":"","background-repeat":"repeat","background-position":"center center","background-size":"auto","background-attachment":"scroll","background-type":"","background-media":"","overlay-type":"","overlay-color":"","overlay-opacity":"","overlay-gradient":""}}},"product_brand":[],"product_cat":[30],"product_tag":[2739,4261,1392,1417],"class_list":{"0":"post-18479","1":"product","2":"type-product","3":"status-publish","4":"has-post-thumbnail","6":"product_cat-psichologija-ir-saviugda","7":"product_tag-gary-chapman","8":"product_tag-meiles-kalba","9":"product_tag-psichologija","10":"product_tag-santykiai","11":"desktop-align-left","12":"tablet-align-left","13":"mobile-align-left","15":"first","16":"instock","17":"shipping-taxable","18":"purchasable","19":"product-type-simple"},"acf":[],"yoast_head":"<!-- This site is optimized with the Yoast SEO plugin v27.4 - https:\/\/yoast.com\/product\/yoast-seo-wordpress\/ -->\n<title>Penkios meil\u0117s kalbos<\/title>\n<meta name=\"description\" content=\"Remdamasis ilgamete patirtimi ir iliustruodamas j\u0105 klient\u0173 pasakojimais, dr. G. \u010capman i\u0161mokins, kaip jaustis mylimiems, bet ir i\u0161mokys myl\u0117ti.\" \/>\n<meta name=\"robots\" content=\"index, follow, max-snippet:-1, max-image-preview:large, max-video-preview:-1\" \/>\n<link rel=\"canonical\" href=\"https:\/\/skaitytaknyga.lt\/en\/produktas\/penkios-meiles-kalbos\/\" \/>\n<meta property=\"og:locale\" content=\"en_GB\" \/>\n<meta property=\"og:locale:alternate\" content=\"lt_LT\" \/>\n<meta property=\"og:type\" content=\"article\" \/>\n<meta property=\"og:title\" content=\"Penkios meil\u0117s kalbos\" \/>\n<meta property=\"og:description\" content=\"Remdamasis ilgamete patirtimi ir iliustruodamas j\u0105 klient\u0173 pasakojimais, dr. G. \u010capman i\u0161mokins, kaip jaustis mylimiems, bet ir i\u0161mokys myl\u0117ti.\" \/>\n<meta property=\"og:url\" content=\"https:\/\/skaitytaknyga.lt\/en\/produktas\/penkios-meiles-kalbos\/\" \/>\n<meta property=\"og:site_name\" content=\"Skaitytaknyga\" \/>\n<meta property=\"article:publisher\" content=\"https:\/\/www.facebook.com\/skaitytaknyga\/\" \/>\n<meta property=\"article:modified_time\" content=\"2025-09-05T07:43:12+00:00\" \/>\n<meta property=\"og:image\" content=\"https:\/\/skaitytaknyga.lt\/wp-content\/uploads\/2025\/05\/Penkios-meiles-kalbos.webp\" \/>\n\t<meta property=\"og:image:width\" content=\"380\" \/>\n\t<meta property=\"og:image:height\" content=\"600\" \/>\n\t<meta property=\"og:image:type\" content=\"image\/webp\" \/>\n<meta name=\"twitter:card\" content=\"summary_large_image\" \/>\n<meta name=\"twitter:label1\" content=\"Estimated reading time\" \/>\n\t<meta name=\"twitter:data1\" content=\"1 minute\" \/>\n<script type=\"application\/ld+json\" class=\"yoast-schema-graph\">{\"@context\":\"https:\\\/\\\/schema.org\",\"@graph\":[{\"@type\":\"WebPage\",\"@id\":\"https:\\\/\\\/skaitytaknyga.lt\\\/produktas\\\/penkios-meiles-kalbos\\\/\",\"url\":\"https:\\\/\\\/skaitytaknyga.lt\\\/produktas\\\/penkios-meiles-kalbos\\\/\",\"name\":\"Penkios meil\u0117s kalbos\",\"isPartOf\":{\"@id\":\"https:\\\/\\\/skaitytaknyga.lt\\\/#website\"},\"primaryImageOfPage\":{\"@id\":\"https:\\\/\\\/skaitytaknyga.lt\\\/produktas\\\/penkios-meiles-kalbos\\\/#primaryimage\"},\"image\":{\"@id\":\"https:\\\/\\\/skaitytaknyga.lt\\\/produktas\\\/penkios-meiles-kalbos\\\/#primaryimage\"},\"thumbnailUrl\":\"https:\\\/\\\/skaitytaknyga.lt\\\/wp-content\\\/uploads\\\/2025\\\/05\\\/Penkios-meiles-kalbos.webp\",\"datePublished\":\"2025-05-21T11:47:06+00:00\",\"dateModified\":\"2025-09-05T07:43:12+00:00\",\"description\":\"Remdamasis ilgamete patirtimi ir iliustruodamas j\u0105 klient\u0173 pasakojimais, dr. G. \u010capman i\u0161mokins, kaip jaustis mylimiems, bet ir i\u0161mokys myl\u0117ti.\",\"breadcrumb\":{\"@id\":\"https:\\\/\\\/skaitytaknyga.lt\\\/produktas\\\/penkios-meiles-kalbos\\\/#breadcrumb\"},\"inLanguage\":\"en-GB\",\"potentialAction\":[{\"@type\":\"ReadAction\",\"target\":[\"https:\\\/\\\/skaitytaknyga.lt\\\/produktas\\\/penkios-meiles-kalbos\\\/\"]}]},{\"@type\":\"ImageObject\",\"inLanguage\":\"en-GB\",\"@id\":\"https:\\\/\\\/skaitytaknyga.lt\\\/produktas\\\/penkios-meiles-kalbos\\\/#primaryimage\",\"url\":\"https:\\\/\\\/skaitytaknyga.lt\\\/wp-content\\\/uploads\\\/2025\\\/05\\\/Penkios-meiles-kalbos.webp\",\"contentUrl\":\"https:\\\/\\\/skaitytaknyga.lt\\\/wp-content\\\/uploads\\\/2025\\\/05\\\/Penkios-meiles-kalbos.webp\",\"width\":380,\"height\":600},{\"@type\":\"BreadcrumbList\",\"@id\":\"https:\\\/\\\/skaitytaknyga.lt\\\/produktas\\\/penkios-meiles-kalbos\\\/#breadcrumb\",\"itemListElement\":[{\"@type\":\"ListItem\",\"position\":1,\"name\":\"Home\",\"item\":\"https:\\\/\\\/skaitytaknyga.lt\\\/\"},{\"@type\":\"ListItem\",\"position\":2,\"name\":\"Parduotuv\u0117\",\"item\":\"https:\\\/\\\/skaitytaknyga.lt\\\/knygu-parduotuve\\\/\"},{\"@type\":\"ListItem\",\"position\":3,\"name\":\"Penkios meil\u0117s kalbos\"}]},{\"@type\":\"WebSite\",\"@id\":\"https:\\\/\\\/skaitytaknyga.lt\\\/#website\",\"url\":\"https:\\\/\\\/skaitytaknyga.lt\\\/\",\"name\":\"skaitytaknyga.lt\",\"description\":\"Skaitytaknyga.lt \u2013 tai ma\u017eas \u0161eimos verslas, kuris prasid\u0117jo nuo meil\u0117s knygoms ir siekio i\u0161gelb\u0117ti knygas nuo likimo prie konteinerio. Kas vienam nereikalingas daiktas \u2013 kitam lobis, o mes esame tarpininkai, kurie padeda abiems tapti laimingesniems ???? \u017dinome kaip nelengva i\u0161gyventi ma\u017eiems verslams, tad nuo \u0161iol, \u010dia rasite ir kit\u0173, ma\u017e\u0173 \u0161eim\u0173 versl\u0173, rank\u0173 darbo, dovan\u0173 sau ir artimiesiems.\",\"publisher\":{\"@id\":\"https:\\\/\\\/skaitytaknyga.lt\\\/#organization\"},\"potentialAction\":[{\"@type\":\"SearchAction\",\"target\":{\"@type\":\"EntryPoint\",\"urlTemplate\":\"https:\\\/\\\/skaitytaknyga.lt\\\/?s={search_term_string}\"},\"query-input\":{\"@type\":\"PropertyValueSpecification\",\"valueRequired\":true,\"valueName\":\"search_term_string\"}}],\"inLanguage\":\"en-GB\"},{\"@type\":\"Organization\",\"@id\":\"https:\\\/\\\/skaitytaknyga.lt\\\/#organization\",\"name\":\"skaitytaknyga.lt\",\"url\":\"https:\\\/\\\/skaitytaknyga.lt\\\/\",\"logo\":{\"@type\":\"ImageObject\",\"inLanguage\":\"en-GB\",\"@id\":\"https:\\\/\\\/skaitytaknyga.lt\\\/#\\\/schema\\\/logo\\\/image\\\/\",\"url\":\"https:\\\/\\\/skaitytaknyga.lt\\\/wp-content\\\/uploads\\\/2024\\\/05\\\/cropped-cropped-cropped-02_00843_jt3bggkj1j3HLc7SyY6rEUpg.jpeg\",\"contentUrl\":\"https:\\\/\\\/skaitytaknyga.lt\\\/wp-content\\\/uploads\\\/2024\\\/05\\\/cropped-cropped-cropped-02_00843_jt3bggkj1j3HLc7SyY6rEUpg.jpeg\",\"width\":1600,\"height\":1600,\"caption\":\"skaitytaknyga.lt\"},\"image\":{\"@id\":\"https:\\\/\\\/skaitytaknyga.lt\\\/#\\\/schema\\\/logo\\\/image\\\/\"},\"sameAs\":[\"https:\\\/\\\/www.facebook.com\\\/skaitytaknyga\\\/\"]}]}<\/script>\n<!-- \/ Yoast SEO plugin. -->","yoast_head_json":{"title":"Penkios meil\u0117s kalbos","description":"Remdamasis ilgamete patirtimi ir iliustruodamas j\u0105 klient\u0173 pasakojimais, dr. G. \u010capman i\u0161mokins, kaip jaustis mylimiems, bet ir i\u0161mokys myl\u0117ti.","robots":{"index":"index","follow":"follow","max-snippet":"max-snippet:-1","max-image-preview":"max-image-preview:large","max-video-preview":"max-video-preview:-1"},"canonical":"https:\/\/skaitytaknyga.lt\/en\/produktas\/penkios-meiles-kalbos\/","og_locale":"en_GB","og_type":"article","og_title":"[:lt]Penkios meil\u0117s kalbos[:] - Skaitytaknyga","og_description":"Remdamasis ilgamete patirtimi ir iliustruodamas j\u0105 klient\u0173 pasakojimais, dr. G. \u010capman i\u0161mokins, kaip jaustis mylimiems, bet ir i\u0161mokys myl\u0117ti.","og_url":"https:\/\/skaitytaknyga.lt\/en\/produktas\/penkios-meiles-kalbos\/","og_site_name":"Skaitytaknyga","article_publisher":"https:\/\/www.facebook.com\/skaitytaknyga\/","article_modified_time":"2025-09-05T07:43:12+00:00","og_image":[{"width":380,"height":600,"url":"https:\/\/skaitytaknyga.lt\/wp-content\/uploads\/2025\/05\/Penkios-meiles-kalbos.webp","type":"image\/webp"}],"twitter_card":"summary_large_image","twitter_misc":{"Estimated reading time":"1 minute"},"schema":{"@context":"https:\/\/schema.org","@graph":[{"@type":"WebPage","@id":"https:\/\/skaitytaknyga.lt\/produktas\/penkios-meiles-kalbos\/","url":"https:\/\/skaitytaknyga.lt\/produktas\/penkios-meiles-kalbos\/","name":"Penkios meil\u0117s kalbos","isPartOf":{"@id":"https:\/\/skaitytaknyga.lt\/#website"},"primaryImageOfPage":{"@id":"https:\/\/skaitytaknyga.lt\/produktas\/penkios-meiles-kalbos\/#primaryimage"},"image":{"@id":"https:\/\/skaitytaknyga.lt\/produktas\/penkios-meiles-kalbos\/#primaryimage"},"thumbnailUrl":"https:\/\/skaitytaknyga.lt\/wp-content\/uploads\/2025\/05\/Penkios-meiles-kalbos.webp","datePublished":"2025-05-21T11:47:06+00:00","dateModified":"2025-09-05T07:43:12+00:00","description":"Remdamasis ilgamete patirtimi ir iliustruodamas j\u0105 klient\u0173 pasakojimais, dr. G. \u010capman i\u0161mokins, kaip jaustis mylimiems, bet ir i\u0161mokys myl\u0117ti.","breadcrumb":{"@id":"https:\/\/skaitytaknyga.lt\/produktas\/penkios-meiles-kalbos\/#breadcrumb"},"inLanguage":"en-GB","potentialAction":[{"@type":"ReadAction","target":["https:\/\/skaitytaknyga.lt\/produktas\/penkios-meiles-kalbos\/"]}]},{"@type":"ImageObject","inLanguage":"en-GB","@id":"https:\/\/skaitytaknyga.lt\/produktas\/penkios-meiles-kalbos\/#primaryimage","url":"https:\/\/skaitytaknyga.lt\/wp-content\/uploads\/2025\/05\/Penkios-meiles-kalbos.webp","contentUrl":"https:\/\/skaitytaknyga.lt\/wp-content\/uploads\/2025\/05\/Penkios-meiles-kalbos.webp","width":380,"height":600},{"@type":"BreadcrumbList","@id":"https:\/\/skaitytaknyga.lt\/produktas\/penkios-meiles-kalbos\/#breadcrumb","itemListElement":[{"@type":"ListItem","position":1,"name":"Home","item":"https:\/\/skaitytaknyga.lt\/"},{"@type":"ListItem","position":2,"name":"Parduotuv\u0117","item":"https:\/\/skaitytaknyga.lt\/knygu-parduotuve\/"},{"@type":"ListItem","position":3,"name":"Penkios meil\u0117s kalbos"}]},{"@type":"WebSite","@id":"https:\/\/skaitytaknyga.lt\/#website","url":"https:\/\/skaitytaknyga.lt\/","name":"skaitytaknyga.lt","description":"Skaitytaknyga.lt \u2013 tai ma\u017eas \u0161eimos verslas, kuris prasid\u0117jo nuo meil\u0117s knygoms ir siekio i\u0161gelb\u0117ti knygas nuo likimo prie konteinerio. Kas vienam nereikalingas daiktas \u2013 kitam lobis, o mes esame tarpininkai, kurie padeda abiems tapti laimingesniems ???? \u017dinome kaip nelengva i\u0161gyventi ma\u017eiems verslams, tad nuo \u0161iol, \u010dia rasite ir kit\u0173, ma\u017e\u0173 \u0161eim\u0173 versl\u0173, rank\u0173 darbo, dovan\u0173 sau ir artimiesiems.","publisher":{"@id":"https:\/\/skaitytaknyga.lt\/#organization"},"potentialAction":[{"@type":"SearchAction","target":{"@type":"EntryPoint","urlTemplate":"https:\/\/skaitytaknyga.lt\/?s={search_term_string}"},"query-input":{"@type":"PropertyValueSpecification","valueRequired":true,"valueName":"search_term_string"}}],"inLanguage":"en-GB"},{"@type":"Organization","@id":"https:\/\/skaitytaknyga.lt\/#organization","name":"skaitytaknyga.lt","url":"https:\/\/skaitytaknyga.lt\/","logo":{"@type":"ImageObject","inLanguage":"en-GB","@id":"https:\/\/skaitytaknyga.lt\/#\/schema\/logo\/image\/","url":"https:\/\/skaitytaknyga.lt\/wp-content\/uploads\/2024\/05\/cropped-cropped-cropped-02_00843_jt3bggkj1j3HLc7SyY6rEUpg.jpeg","contentUrl":"https:\/\/skaitytaknyga.lt\/wp-content\/uploads\/2024\/05\/cropped-cropped-cropped-02_00843_jt3bggkj1j3HLc7SyY6rEUpg.jpeg","width":1600,"height":1600,"caption":"skaitytaknyga.lt"},"image":{"@id":"https:\/\/skaitytaknyga.lt\/#\/schema\/logo\/image\/"},"sameAs":["https:\/\/www.facebook.com\/skaitytaknyga\/"]}]}},"_links":{"self":[{"href":"https:\/\/skaitytaknyga.lt\/en\/wp-json\/wp\/v2\/product\/18479","targetHints":{"allow":["GET"]}}],"collection":[{"href":"https:\/\/skaitytaknyga.lt\/en\/wp-json\/wp\/v2\/product"}],"about":[{"href":"https:\/\/skaitytaknyga.lt\/en\/wp-json\/wp\/v2\/types\/product"}],"replies":[{"embeddable":true,"href":"https:\/\/skaitytaknyga.lt\/en\/wp-json\/wp\/v2\/comments?post=18479"}],"wp:featuredmedia":[{"embeddable":true,"href":"https:\/\/skaitytaknyga.lt\/en\/wp-json\/wp\/v2\/media\/18481"}],"wp:attachment":[{"href":"https:\/\/skaitytaknyga.lt\/en\/wp-json\/wp\/v2\/media?parent=18479"}],"wp:term":[{"taxonomy":"product_brand","embeddable":true,"href":"https:\/\/skaitytaknyga.lt\/en\/wp-json\/wp\/v2\/product_brand?post=18479"},{"taxonomy":"product_cat","embeddable":true,"href":"https:\/\/skaitytaknyga.lt\/en\/wp-json\/wp\/v2\/product_cat?post=18479"},{"taxonomy":"product_tag","embeddable":true,"href":"https:\/\/skaitytaknyga.lt\/en\/wp-json\/wp\/v2\/product_tag?post=18479"}],"curies":[{"name":"wp","href":"https:\/\/api.w.org\/{rel}","templated":true}]}}