{"id":18471,"date":"2025-05-21T14:15:58","date_gmt":"2025-05-21T11:15:58","guid":{"rendered":"https:\/\/skaitytaknyga.lt\/?post_type=product&#038;p=18471"},"modified":"2025-05-24T20:17:03","modified_gmt":"2025-05-24T17:17:03","slug":"zmogaus-pazinimas","status":"publish","type":"product","link":"https:\/\/skaitytaknyga.lt\/en\/produktas\/zmogaus-pazinimas\/","title":{"rendered":"\u017dmogaus pa\u017einimas"},"content":{"rendered":"<p>Kas mes? Kokia m\u016bs\u0173 prigimtis? Kur ir kod\u0117l mes einame? Atskleista u\u017e \u0161i\u0173 klausim\u0173 slypinti psichodinamika padar\u0117 \u0161i\u0105 knyg\u0105 populiari\u0105, svarbi\u0105 bei nauding\u0105. Ji pristato pagrindines A. Adler darb\u0173 temas. Vien\u0105 j\u0173 \u2013 jog mes visi esame priiman\u010dios sprendimus b\u016btyb\u0117s, atsakingos u\u017e savo veiksmus ir elges\u012f.\u00a0<strong>\u201e\u017dmogaus pa\u017einimas&#8221;<\/strong>\u00a0telkia d\u0117mes\u012f \u012f \u017emog\u0173 pasaulyje, kuris daro \u012ftak\u0105 ir pats yra veikiamas santyki\u0173 su kitais \u017emon\u0117mis.<\/p>\n<p>Analizuodamas tokias temas, kaip vaikas ir visuomen\u0117, subjektyvus pasaulio suvokimas, nerealumo aspektai, charakterio bruo\u017eai bei rai\u0161ka, jausmai ir emocijos, autorius pateikia savo sukurt\u0173 princip\u0173 praktin\u0119 reik\u0161m\u0119 kasdieniame gyvenime kontroliuojant santykius su kitais. Taigi autoriaus pagrindinis siekis \u2013 pad\u0117ti \u017emon\u0117ms gyventi efektyviai bei jausti, jog jie priklauso visuomenei.<\/p>\n<p><strong>Alfred Adler<\/strong>\u00a0(1870\u20131937) \u2013 austr\u0173 gydytojas, psichiatras, pasi\u017eym\u0117j\u0119s \u201eklinikiniu \u017evilgsniu&#8221;, i\u0161syk atpa\u017eindav\u0119s organin\u0119 lig\u0105 ir atsp\u0117dav\u0119s \u017emogaus b\u016bd\u0105 i\u0161 jo gyvenimo istorijos fragmento, prisiminimo, sapno. Suk\u016br\u0117 individualiosios psichologijos sistem\u0105. Atskleid\u0117 gimimo eili\u0161kumo svarb\u0105 formuojantis konkretiems asmenyb\u0117s bruo\u017eams, neprie\u017ei\u016bros ar lepinimo \u012ftak\u0105 vaiko vystymuisi, i\u0161k\u0117l\u0117 id\u0117j\u0105, kad pacientai turi b\u016bti tiriami ir gydomi atsi\u017evelgiant \u012f visumin\u012f \u017emogaus vaizd\u0105. Padar\u0117 didel\u012f poveik\u012f \u0161i\u0173 laik\u0173 asmenyb\u0117s teorijai ir psichoterapijai.<\/p>\n","protected":false},"excerpt":{"rendered":"<p>Kas mes? Kokia m\u016bs\u0173 prigimtis? Kur ir kod\u0117l mes einame? Atskleista u\u017e \u0161i\u0173 klausim\u0173 slypinti psichodinamika padar\u0117 \u0161i\u0105 knyg\u0105 populiari\u0105, svarbi\u0105 bei nauding\u0105. Ji pristato pagrindines A. Adler darb\u0173 temas. Vien\u0105 j\u0173 \u2013 jog mes visi esame priiman\u010dios sprendimus b\u016btyb\u0117s, atsakingos u\u017e savo veiksmus ir elges\u012f.\u00a0\u201e\u017dmogaus pa\u017einimas&#8221;\u00a0telkia d\u0117mes\u012f \u012f \u017emog\u0173 pasaulyje, kuris daro \u012ftak\u0105 ir pats yra veikiamas santyki\u0173 su kitais \u017emon\u0117mis. Analizuodamas tokias temas, kaip vaikas ir visuomen\u0117, subjektyvus pasaulio suvokimas, nerealumo aspektai, charakterio bruo\u017eai bei rai\u0161ka, jausmai ir emocijos, autorius pateikia savo sukurt\u0173 princip\u0173 praktin\u0119 reik\u0161m\u0119 kasdieniame gyvenime kontroliuojant santykius su kitais. Taigi autoriaus pagrindinis siekis \u2013 pad\u0117ti \u017emon\u0117ms gyventi efektyviai bei jausti, jog jie priklauso visuomenei. Alfred Adler\u00a0(1870\u20131937) \u2013 austr\u0173 gydytojas, psichiatras, pasi\u017eym\u0117j\u0119s \u201eklinikiniu \u017evilgsniu&#8221;, i\u0161syk atpa\u017eindav\u0119s organin\u0119 lig\u0105 ir atsp\u0117dav\u0119s \u017emogaus b\u016bd\u0105 i\u0161 jo gyvenimo istorijos fragmento, prisiminimo, sapno. Suk\u016br\u0117 individualiosios psichologijos sistem\u0105. Atskleid\u0117 gimimo eili\u0161kumo svarb\u0105 formuojantis konkretiems asmenyb\u0117s bruo\u017eams, neprie\u017ei\u016bros ar lepinimo \u012ftak\u0105 vaiko vystymuisi, i\u0161k\u0117l\u0117 id\u0117j\u0105, kad pacientai turi b\u016bti tiriami ir gydomi atsi\u017evelgiant \u012f visumin\u012f \u017emogaus vaizd\u0105. Padar\u0117 didel\u012f poveik\u012f \u0161i\u0173 laik\u0173 asmenyb\u0117s teorijai ir psichoterapijai.<\/p>\n","protected":false},"featured_media":18483,"comment_status":"open","ping_status":"closed","template":"","meta":{"_acf_changed":false,"site-sidebar-layout":"default","site-content-layout":"","ast-site-content-layout":"default","site-content-style":"default","site-sidebar-style":"default","ast-global-header-display":"","ast-banner-title-visibility":"","ast-main-header-display":"","ast-hfb-above-header-display":"","ast-hfb-below-header-display":"","ast-hfb-mobile-header-display":"","site-post-title":"","ast-breadcrumbs-content":"","ast-featured-img":"","footer-sml-layout":"","ast-disable-related-posts":"","theme-transparent-header-meta":"","adv-header-id-meta":"","stick-header-meta":"","header-above-stick-meta":"","header-main-stick-meta":"","header-below-stick-meta":"","astra-migrate-meta-layouts":"default","ast-page-background-enabled":"default","ast-page-background-meta":{"desktop":{"background-color":"","background-image":"","background-repeat":"repeat","background-position":"center center","background-size":"auto","background-attachment":"scroll","background-type":"","background-media":"","overlay-type":"","overlay-color":"","overlay-opacity":"","overlay-gradient":""},"tablet":{"background-color":"","background-image":"","background-repeat":"repeat","background-position":"center center","background-size":"auto","background-attachment":"scroll","background-type":"","background-media":"","overlay-type":"","overlay-color":"","overlay-opacity":"","overlay-gradient":""},"mobile":{"background-color":"","background-image":"","background-repeat":"repeat","background-position":"center center","background-size":"auto","background-attachment":"scroll","background-type":"","background-media":"","overlay-type":"","overlay-color":"","overlay-opacity":"","overlay-gradient":""}},"ast-content-background-meta":{"desktop":{"background-color":"var(--ast-global-color-4)","background-image":"","background-repeat":"repeat","background-position":"center center","background-size":"auto","background-attachment":"scroll","background-type":"","background-media":"","overlay-type":"","overlay-color":"","overlay-opacity":"","overlay-gradient":""},"tablet":{"background-color":"var(--ast-global-color-4)","background-image":"","background-repeat":"repeat","background-position":"center center","background-size":"auto","background-attachment":"scroll","background-type":"","background-media":"","overlay-type":"","overlay-color":"","overlay-opacity":"","overlay-gradient":""},"mobile":{"background-color":"var(--ast-global-color-4)","background-image":"","background-repeat":"repeat","background-position":"center center","background-size":"auto","background-attachment":"scroll","background-type":"","background-media":"","overlay-type":"","overlay-color":"","overlay-opacity":"","overlay-gradient":""}}},"product_brand":[],"product_cat":[15],"product_tag":[4260,1392,4259],"class_list":{"0":"post-18471","1":"product","2":"type-product","3":"status-publish","4":"has-post-thumbnail","6":"product_cat-uncategorized","7":"product_tag-alfred-adler","8":"product_tag-psichologija","9":"product_tag-zmogaus-pazinimas","10":"desktop-align-left","11":"tablet-align-left","12":"mobile-align-left","14":"first","15":"instock","16":"shipping-taxable","17":"purchasable","18":"product-type-simple"},"acf":[],"yoast_head":"<!-- This site is optimized with the Yoast SEO plugin v27.4 - https:\/\/yoast.com\/product\/yoast-seo-wordpress\/ -->\n<title>\u017dmogaus pa\u017einimas<\/title>\n<meta name=\"description\" content=\"Kas mes? Kokia m\u016bs\u0173 prigimtis? Kur ir kod\u0117l mes einame? Atskleista u\u017e \u0161i\u0173 klausim\u0173 slypinti psichodinamika padar\u0117 \u0161i\u0105 knyg\u0105 populiari\u0105, svarbi\u0105 bei\" \/>\n<meta name=\"robots\" content=\"index, follow, max-snippet:-1, max-image-preview:large, max-video-preview:-1\" \/>\n<link rel=\"canonical\" href=\"https:\/\/skaitytaknyga.lt\/en\/produktas\/zmogaus-pazinimas\/\" \/>\n<meta property=\"og:locale\" content=\"en_GB\" \/>\n<meta property=\"og:locale:alternate\" content=\"lt_LT\" \/>\n<meta property=\"og:type\" content=\"article\" \/>\n<meta property=\"og:title\" content=\"\u017dmogaus pa\u017einimas\" \/>\n<meta property=\"og:description\" content=\"Kas mes? Kokia m\u016bs\u0173 prigimtis? Kur ir kod\u0117l mes einame? Atskleista u\u017e \u0161i\u0173 klausim\u0173 slypinti psichodinamika padar\u0117 \u0161i\u0105 knyg\u0105 populiari\u0105, svarbi\u0105 bei\" \/>\n<meta property=\"og:url\" content=\"https:\/\/skaitytaknyga.lt\/en\/produktas\/zmogaus-pazinimas\/\" \/>\n<meta property=\"og:site_name\" content=\"Skaitytaknyga\" \/>\n<meta property=\"article:publisher\" content=\"https:\/\/www.facebook.com\/skaitytaknyga\/\" \/>\n<meta property=\"article:modified_time\" content=\"2025-05-24T17:17:03+00:00\" \/>\n<meta property=\"og:image\" content=\"https:\/\/skaitytaknyga.lt\/wp-content\/uploads\/2025\/05\/Zmogaus-pazinimas.webp\" \/>\n\t<meta property=\"og:image:width\" content=\"537\" \/>\n\t<meta property=\"og:image:height\" content=\"791\" \/>\n\t<meta property=\"og:image:type\" content=\"image\/webp\" \/>\n<meta name=\"twitter:card\" content=\"summary_large_image\" \/>\n<meta name=\"twitter:label1\" content=\"Estimated reading time\" \/>\n\t<meta name=\"twitter:data1\" content=\"1 minute\" \/>\n<script type=\"application\/ld+json\" class=\"yoast-schema-graph\">{\"@context\":\"https:\\\/\\\/schema.org\",\"@graph\":[{\"@type\":\"WebPage\",\"@id\":\"https:\\\/\\\/skaitytaknyga.lt\\\/produktas\\\/zmogaus-pazinimas\\\/\",\"url\":\"https:\\\/\\\/skaitytaknyga.lt\\\/produktas\\\/zmogaus-pazinimas\\\/\",\"name\":\"\u017dmogaus pa\u017einimas\",\"isPartOf\":{\"@id\":\"https:\\\/\\\/skaitytaknyga.lt\\\/#website\"},\"primaryImageOfPage\":{\"@id\":\"https:\\\/\\\/skaitytaknyga.lt\\\/produktas\\\/zmogaus-pazinimas\\\/#primaryimage\"},\"image\":{\"@id\":\"https:\\\/\\\/skaitytaknyga.lt\\\/produktas\\\/zmogaus-pazinimas\\\/#primaryimage\"},\"thumbnailUrl\":\"https:\\\/\\\/skaitytaknyga.lt\\\/wp-content\\\/uploads\\\/2025\\\/05\\\/Zmogaus-pazinimas.webp\",\"datePublished\":\"2025-05-21T11:15:58+00:00\",\"dateModified\":\"2025-05-24T17:17:03+00:00\",\"description\":\"Kas mes? Kokia m\u016bs\u0173 prigimtis? Kur ir kod\u0117l mes einame? Atskleista u\u017e \u0161i\u0173 klausim\u0173 slypinti psichodinamika padar\u0117 \u0161i\u0105 knyg\u0105 populiari\u0105, svarbi\u0105 bei\",\"breadcrumb\":{\"@id\":\"https:\\\/\\\/skaitytaknyga.lt\\\/produktas\\\/zmogaus-pazinimas\\\/#breadcrumb\"},\"inLanguage\":\"en-GB\",\"potentialAction\":[{\"@type\":\"ReadAction\",\"target\":[\"https:\\\/\\\/skaitytaknyga.lt\\\/produktas\\\/zmogaus-pazinimas\\\/\"]}]},{\"@type\":\"ImageObject\",\"inLanguage\":\"en-GB\",\"@id\":\"https:\\\/\\\/skaitytaknyga.lt\\\/produktas\\\/zmogaus-pazinimas\\\/#primaryimage\",\"url\":\"https:\\\/\\\/skaitytaknyga.lt\\\/wp-content\\\/uploads\\\/2025\\\/05\\\/Zmogaus-pazinimas.webp\",\"contentUrl\":\"https:\\\/\\\/skaitytaknyga.lt\\\/wp-content\\\/uploads\\\/2025\\\/05\\\/Zmogaus-pazinimas.webp\",\"width\":537,\"height\":791,\"caption\":\"\u017dmogaus pa\u017einimas\"},{\"@type\":\"BreadcrumbList\",\"@id\":\"https:\\\/\\\/skaitytaknyga.lt\\\/produktas\\\/zmogaus-pazinimas\\\/#breadcrumb\",\"itemListElement\":[{\"@type\":\"ListItem\",\"position\":1,\"name\":\"Home\",\"item\":\"https:\\\/\\\/skaitytaknyga.lt\\\/\"},{\"@type\":\"ListItem\",\"position\":2,\"name\":\"Parduotuv\u0117\",\"item\":\"https:\\\/\\\/skaitytaknyga.lt\\\/knygu-parduotuve\\\/\"},{\"@type\":\"ListItem\",\"position\":3,\"name\":\"\u017dmogaus pa\u017einimas\"}]},{\"@type\":\"WebSite\",\"@id\":\"https:\\\/\\\/skaitytaknyga.lt\\\/#website\",\"url\":\"https:\\\/\\\/skaitytaknyga.lt\\\/\",\"name\":\"skaitytaknyga.lt\",\"description\":\"Skaitytaknyga.lt \u2013 tai ma\u017eas \u0161eimos verslas, kuris prasid\u0117jo nuo meil\u0117s knygoms ir siekio i\u0161gelb\u0117ti knygas nuo likimo prie konteinerio. Kas vienam nereikalingas daiktas \u2013 kitam lobis, o mes esame tarpininkai, kurie padeda abiems tapti laimingesniems ???? \u017dinome kaip nelengva i\u0161gyventi ma\u017eiems verslams, tad nuo \u0161iol, \u010dia rasite ir kit\u0173, ma\u017e\u0173 \u0161eim\u0173 versl\u0173, rank\u0173 darbo, dovan\u0173 sau ir artimiesiems.\",\"publisher\":{\"@id\":\"https:\\\/\\\/skaitytaknyga.lt\\\/#organization\"},\"potentialAction\":[{\"@type\":\"SearchAction\",\"target\":{\"@type\":\"EntryPoint\",\"urlTemplate\":\"https:\\\/\\\/skaitytaknyga.lt\\\/?s={search_term_string}\"},\"query-input\":{\"@type\":\"PropertyValueSpecification\",\"valueRequired\":true,\"valueName\":\"search_term_string\"}}],\"inLanguage\":\"en-GB\"},{\"@type\":\"Organization\",\"@id\":\"https:\\\/\\\/skaitytaknyga.lt\\\/#organization\",\"name\":\"skaitytaknyga.lt\",\"url\":\"https:\\\/\\\/skaitytaknyga.lt\\\/\",\"logo\":{\"@type\":\"ImageObject\",\"inLanguage\":\"en-GB\",\"@id\":\"https:\\\/\\\/skaitytaknyga.lt\\\/#\\\/schema\\\/logo\\\/image\\\/\",\"url\":\"https:\\\/\\\/skaitytaknyga.lt\\\/wp-content\\\/uploads\\\/2024\\\/05\\\/cropped-cropped-cropped-02_00843_jt3bggkj1j3HLc7SyY6rEUpg.jpeg\",\"contentUrl\":\"https:\\\/\\\/skaitytaknyga.lt\\\/wp-content\\\/uploads\\\/2024\\\/05\\\/cropped-cropped-cropped-02_00843_jt3bggkj1j3HLc7SyY6rEUpg.jpeg\",\"width\":1600,\"height\":1600,\"caption\":\"skaitytaknyga.lt\"},\"image\":{\"@id\":\"https:\\\/\\\/skaitytaknyga.lt\\\/#\\\/schema\\\/logo\\\/image\\\/\"},\"sameAs\":[\"https:\\\/\\\/www.facebook.com\\\/skaitytaknyga\\\/\"]}]}<\/script>\n<!-- \/ Yoast SEO plugin. -->","yoast_head_json":{"title":"\u017dmogaus pa\u017einimas","description":"Kas mes? Kokia m\u016bs\u0173 prigimtis? Kur ir kod\u0117l mes einame? Atskleista u\u017e \u0161i\u0173 klausim\u0173 slypinti psichodinamika padar\u0117 \u0161i\u0105 knyg\u0105 populiari\u0105, svarbi\u0105 bei","robots":{"index":"index","follow":"follow","max-snippet":"max-snippet:-1","max-image-preview":"max-image-preview:large","max-video-preview":"max-video-preview:-1"},"canonical":"https:\/\/skaitytaknyga.lt\/en\/produktas\/zmogaus-pazinimas\/","og_locale":"en_GB","og_type":"article","og_title":"[:lt]\u017dmogaus pa\u017einimas[:] - Skaitytaknyga","og_description":"Kas mes? Kokia m\u016bs\u0173 prigimtis? Kur ir kod\u0117l mes einame? Atskleista u\u017e \u0161i\u0173 klausim\u0173 slypinti psichodinamika padar\u0117 \u0161i\u0105 knyg\u0105 populiari\u0105, svarbi\u0105 bei","og_url":"https:\/\/skaitytaknyga.lt\/en\/produktas\/zmogaus-pazinimas\/","og_site_name":"Skaitytaknyga","article_publisher":"https:\/\/www.facebook.com\/skaitytaknyga\/","article_modified_time":"2025-05-24T17:17:03+00:00","og_image":[{"width":537,"height":791,"url":"https:\/\/skaitytaknyga.lt\/wp-content\/uploads\/2025\/05\/Zmogaus-pazinimas.webp","type":"image\/webp"}],"twitter_card":"summary_large_image","twitter_misc":{"Estimated reading time":"1 minute"},"schema":{"@context":"https:\/\/schema.org","@graph":[{"@type":"WebPage","@id":"https:\/\/skaitytaknyga.lt\/produktas\/zmogaus-pazinimas\/","url":"https:\/\/skaitytaknyga.lt\/produktas\/zmogaus-pazinimas\/","name":"\u017dmogaus pa\u017einimas","isPartOf":{"@id":"https:\/\/skaitytaknyga.lt\/#website"},"primaryImageOfPage":{"@id":"https:\/\/skaitytaknyga.lt\/produktas\/zmogaus-pazinimas\/#primaryimage"},"image":{"@id":"https:\/\/skaitytaknyga.lt\/produktas\/zmogaus-pazinimas\/#primaryimage"},"thumbnailUrl":"https:\/\/skaitytaknyga.lt\/wp-content\/uploads\/2025\/05\/Zmogaus-pazinimas.webp","datePublished":"2025-05-21T11:15:58+00:00","dateModified":"2025-05-24T17:17:03+00:00","description":"Kas mes? Kokia m\u016bs\u0173 prigimtis? Kur ir kod\u0117l mes einame? Atskleista u\u017e \u0161i\u0173 klausim\u0173 slypinti psichodinamika padar\u0117 \u0161i\u0105 knyg\u0105 populiari\u0105, svarbi\u0105 bei","breadcrumb":{"@id":"https:\/\/skaitytaknyga.lt\/produktas\/zmogaus-pazinimas\/#breadcrumb"},"inLanguage":"en-GB","potentialAction":[{"@type":"ReadAction","target":["https:\/\/skaitytaknyga.lt\/produktas\/zmogaus-pazinimas\/"]}]},{"@type":"ImageObject","inLanguage":"en-GB","@id":"https:\/\/skaitytaknyga.lt\/produktas\/zmogaus-pazinimas\/#primaryimage","url":"https:\/\/skaitytaknyga.lt\/wp-content\/uploads\/2025\/05\/Zmogaus-pazinimas.webp","contentUrl":"https:\/\/skaitytaknyga.lt\/wp-content\/uploads\/2025\/05\/Zmogaus-pazinimas.webp","width":537,"height":791,"caption":"\u017dmogaus pa\u017einimas"},{"@type":"BreadcrumbList","@id":"https:\/\/skaitytaknyga.lt\/produktas\/zmogaus-pazinimas\/#breadcrumb","itemListElement":[{"@type":"ListItem","position":1,"name":"Home","item":"https:\/\/skaitytaknyga.lt\/"},{"@type":"ListItem","position":2,"name":"Parduotuv\u0117","item":"https:\/\/skaitytaknyga.lt\/knygu-parduotuve\/"},{"@type":"ListItem","position":3,"name":"\u017dmogaus pa\u017einimas"}]},{"@type":"WebSite","@id":"https:\/\/skaitytaknyga.lt\/#website","url":"https:\/\/skaitytaknyga.lt\/","name":"skaitytaknyga.lt","description":"Skaitytaknyga.lt \u2013 tai ma\u017eas \u0161eimos verslas, kuris prasid\u0117jo nuo meil\u0117s knygoms ir siekio i\u0161gelb\u0117ti knygas nuo likimo prie konteinerio. Kas vienam nereikalingas daiktas \u2013 kitam lobis, o mes esame tarpininkai, kurie padeda abiems tapti laimingesniems ???? \u017dinome kaip nelengva i\u0161gyventi ma\u017eiems verslams, tad nuo \u0161iol, \u010dia rasite ir kit\u0173, ma\u017e\u0173 \u0161eim\u0173 versl\u0173, rank\u0173 darbo, dovan\u0173 sau ir artimiesiems.","publisher":{"@id":"https:\/\/skaitytaknyga.lt\/#organization"},"potentialAction":[{"@type":"SearchAction","target":{"@type":"EntryPoint","urlTemplate":"https:\/\/skaitytaknyga.lt\/?s={search_term_string}"},"query-input":{"@type":"PropertyValueSpecification","valueRequired":true,"valueName":"search_term_string"}}],"inLanguage":"en-GB"},{"@type":"Organization","@id":"https:\/\/skaitytaknyga.lt\/#organization","name":"skaitytaknyga.lt","url":"https:\/\/skaitytaknyga.lt\/","logo":{"@type":"ImageObject","inLanguage":"en-GB","@id":"https:\/\/skaitytaknyga.lt\/#\/schema\/logo\/image\/","url":"https:\/\/skaitytaknyga.lt\/wp-content\/uploads\/2024\/05\/cropped-cropped-cropped-02_00843_jt3bggkj1j3HLc7SyY6rEUpg.jpeg","contentUrl":"https:\/\/skaitytaknyga.lt\/wp-content\/uploads\/2024\/05\/cropped-cropped-cropped-02_00843_jt3bggkj1j3HLc7SyY6rEUpg.jpeg","width":1600,"height":1600,"caption":"skaitytaknyga.lt"},"image":{"@id":"https:\/\/skaitytaknyga.lt\/#\/schema\/logo\/image\/"},"sameAs":["https:\/\/www.facebook.com\/skaitytaknyga\/"]}]}},"_links":{"self":[{"href":"https:\/\/skaitytaknyga.lt\/en\/wp-json\/wp\/v2\/product\/18471","targetHints":{"allow":["GET"]}}],"collection":[{"href":"https:\/\/skaitytaknyga.lt\/en\/wp-json\/wp\/v2\/product"}],"about":[{"href":"https:\/\/skaitytaknyga.lt\/en\/wp-json\/wp\/v2\/types\/product"}],"replies":[{"embeddable":true,"href":"https:\/\/skaitytaknyga.lt\/en\/wp-json\/wp\/v2\/comments?post=18471"}],"wp:featuredmedia":[{"embeddable":true,"href":"https:\/\/skaitytaknyga.lt\/en\/wp-json\/wp\/v2\/media\/18483"}],"wp:attachment":[{"href":"https:\/\/skaitytaknyga.lt\/en\/wp-json\/wp\/v2\/media?parent=18471"}],"wp:term":[{"taxonomy":"product_brand","embeddable":true,"href":"https:\/\/skaitytaknyga.lt\/en\/wp-json\/wp\/v2\/product_brand?post=18471"},{"taxonomy":"product_cat","embeddable":true,"href":"https:\/\/skaitytaknyga.lt\/en\/wp-json\/wp\/v2\/product_cat?post=18471"},{"taxonomy":"product_tag","embeddable":true,"href":"https:\/\/skaitytaknyga.lt\/en\/wp-json\/wp\/v2\/product_tag?post=18471"}],"curies":[{"name":"wp","href":"https:\/\/api.w.org\/{rel}","templated":true}]}}