{"id":18469,"date":"2025-05-21T14:15:56","date_gmt":"2025-05-21T11:15:56","guid":{"rendered":"https:\/\/skaitytaknyga.lt\/?post_type=product&#038;p=18469"},"modified":"2025-12-13T16:02:39","modified_gmt":"2025-12-13T14:02:39","slug":"naktinis-cirkas","status":"publish","type":"product","link":"https:\/\/skaitytaknyga.lt\/en\/produktas\/naktinis-cirkas\/","title":{"rendered":"Naktinis cirkas"},"content":{"rendered":"<p>\u0160is cirkas atvyksta netik\u0117tai, neprane\u0161\u0119s. Be i\u0161ankstini\u0173 skelbim\u0173. Tiesiog vakar jo nebuvo, o \u0161iandien jau yra. Ir atsidaro jis tik nakt\u012f. Palapin\u0117se su baltais ir juodais dry\u017eiais \u017ei\u016brov\u0173 laukia stebuklai, nuo kuri\u0173 gniau\u017eia kvap\u0105: ledinis sodas, labirintas i\u0161 debes\u0173, ugnimi kv\u0117puojantys popieriniai drakonai, gimnastai, telpantys \u012f nedideles stiklines d\u0117\u017ees&#8230;<\/p>\n<p>\u0160i\u0173 stebukl\u0173 autoriai \u2013 du jauni iliuzionistai, Selija ir Markas, ir \u0161is cirkas jiems \u2013 tik arena, kurioje grumiasi j\u0173dviej\u0173 vaizduot\u0117 ir galia. Nuo vaikyst\u0117s tik tokiam gyvenimui, tik tokiai dvikovai juos ruo\u0161\u0117 paslaptingi mokytojai, \u017eaid\u017eiantys neperprantam\u0105, jiems vieniems \u017einom\u0105 \u017eaidim\u0105. Ir Selija su Marku net nenumano, koki\u0105 \u0161io \u017eaidimo pabaig\u0105 j\u0173 mokytojai yra jiems sugalvoj\u0119&#8230;<\/p>\n<p>Selijos ir Marko dvikova nuo\u017emi. Ir visgi nutinka tai, ko niekas nelauk\u0117 \u2013 jaunuoliai \u012fsimyli vienas kit\u0105. Neapdairiai, beproti\u0161kai, stebuklingai \u2013 nuo j\u0173 meil\u0117s \u012fsi\u017eiebia \u017eiburiai, o kambarys \u012fkaista, kai j\u0173 rankos susilie\u010dia.<\/p>\n<p>Bet ar jaunuoli\u0173 meil\u0117s pakaks, kad b\u016bt\u0173 nutrauktas \u017eiaurus \u017eaidimas, nuo kurio priklauso ne tik j\u0173 pa\u010di\u0173, bet ir vis\u0173 cirke esan\u010di\u0173 \u2013 ir talenting\u0173 akrobat\u0173, ir net cirko savinink\u0173 \u2013 likimai?<\/p>\n<p>Romanas apie burtus ir meil\u0119, paker\u0117j\u0119s pasaulio skaitytojus \u012fsp\u016bdingu fantazijos pol\u0117kiu.<\/p>\n","protected":false},"excerpt":{"rendered":"<p>\u0160is cirkas atvyksta netik\u0117tai, neprane\u0161\u0119s. Be i\u0161ankstini\u0173 skelbim\u0173. Tiesiog vakar jo nebuvo, o \u0161iandien jau yra. Ir atsidaro jis tik nakt\u012f. Palapin\u0117se su baltais ir juodais dry\u017eiais \u017ei\u016brov\u0173 laukia stebuklai, nuo kuri\u0173 gniau\u017eia kvap\u0105: ledinis sodas, labirintas i\u0161 debes\u0173, ugnimi kv\u0117puojantys popieriniai drakonai, gimnastai, telpantys \u012f nedideles stiklines d\u0117\u017ees&#8230; \u0160i\u0173 stebukl\u0173 autoriai \u2013 du jauni iliuzionistai, Selija ir Markas, ir \u0161is cirkas jiems \u2013 tik arena, kurioje grumiasi j\u0173dviej\u0173 vaizduot\u0117 ir galia. Nuo vaikyst\u0117s tik tokiam gyvenimui, tik tokiai dvikovai juos ruo\u0161\u0117 paslaptingi mokytojai, \u017eaid\u017eiantys neperprantam\u0105, jiems vieniems \u017einom\u0105 \u017eaidim\u0105. Ir Selija su Marku net nenumano, koki\u0105 \u0161io \u017eaidimo pabaig\u0105 j\u0173 mokytojai yra jiems sugalvoj\u0119&#8230; Selijos ir Marko dvikova nuo\u017emi. Ir visgi nutinka tai, ko niekas nelauk\u0117 \u2013 jaunuoliai \u012fsimyli vienas kit\u0105. Neapdairiai, beproti\u0161kai, stebuklingai \u2013 nuo j\u0173 meil\u0117s \u012fsi\u017eiebia \u017eiburiai, o kambarys \u012fkaista, kai j\u0173 rankos susilie\u010dia. Bet ar jaunuoli\u0173 meil\u0117s pakaks, kad b\u016bt\u0173 nutrauktas \u017eiaurus \u017eaidimas, nuo kurio priklauso ne tik j\u0173 pa\u010di\u0173, bet ir vis\u0173 cirke esan\u010di\u0173 \u2013 ir talenting\u0173 akrobat\u0173, ir net cirko savinink\u0173 \u2013 likimai? Romanas apie burtus ir meil\u0119, paker\u0117j\u0119s pasaulio skaitytojus \u012fsp\u016bdingu fantazijos pol\u0117kiu.<\/p>\n","protected":false},"featured_media":18478,"comment_status":"open","ping_status":"closed","template":"","meta":{"_acf_changed":false,"site-sidebar-layout":"default","site-content-layout":"","ast-site-content-layout":"default","site-content-style":"default","site-sidebar-style":"default","ast-global-header-display":"","ast-banner-title-visibility":"","ast-main-header-display":"","ast-hfb-above-header-display":"","ast-hfb-below-header-display":"","ast-hfb-mobile-header-display":"","site-post-title":"","ast-breadcrumbs-content":"","ast-featured-img":"","footer-sml-layout":"","ast-disable-related-posts":"","theme-transparent-header-meta":"","adv-header-id-meta":"","stick-header-meta":"","header-above-stick-meta":"","header-main-stick-meta":"","header-below-stick-meta":"","astra-migrate-meta-layouts":"default","ast-page-background-enabled":"default","ast-page-background-meta":{"desktop":{"background-color":"","background-image":"","background-repeat":"repeat","background-position":"center center","background-size":"auto","background-attachment":"scroll","background-type":"","background-media":"","overlay-type":"","overlay-color":"","overlay-opacity":"","overlay-gradient":""},"tablet":{"background-color":"","background-image":"","background-repeat":"repeat","background-position":"center center","background-size":"auto","background-attachment":"scroll","background-type":"","background-media":"","overlay-type":"","overlay-color":"","overlay-opacity":"","overlay-gradient":""},"mobile":{"background-color":"","background-image":"","background-repeat":"repeat","background-position":"center center","background-size":"auto","background-attachment":"scroll","background-type":"","background-media":"","overlay-type":"","overlay-color":"","overlay-opacity":"","overlay-gradient":""}},"ast-content-background-meta":{"desktop":{"background-color":"var(--ast-global-color-4)","background-image":"","background-repeat":"repeat","background-position":"center center","background-size":"auto","background-attachment":"scroll","background-type":"","background-media":"","overlay-type":"","overlay-color":"","overlay-opacity":"","overlay-gradient":""},"tablet":{"background-color":"var(--ast-global-color-4)","background-image":"","background-repeat":"repeat","background-position":"center center","background-size":"auto","background-attachment":"scroll","background-type":"","background-media":"","overlay-type":"","overlay-color":"","overlay-opacity":"","overlay-gradient":""},"mobile":{"background-color":"var(--ast-global-color-4)","background-image":"","background-repeat":"repeat","background-position":"center center","background-size":"auto","background-attachment":"scroll","background-type":"","background-media":"","overlay-type":"","overlay-color":"","overlay-opacity":"","overlay-gradient":""}}},"product_brand":[],"product_cat":[15],"product_tag":[4257,1504,1755,1796],"class_list":{"0":"post-18469","1":"product","2":"type-product","3":"status-publish","4":"has-post-thumbnail","6":"product_cat-uncategorized","7":"product_tag-erin-morgenstern","8":"product_tag-fantastika","9":"product_tag-magija","10":"product_tag-meile","11":"desktop-align-left","12":"tablet-align-left","13":"mobile-align-left","15":"first","16":"instock","17":"shipping-taxable","18":"purchasable","19":"product-type-simple"},"acf":[],"yoast_head":"<!-- This site is optimized with the Yoast SEO plugin v27.4 - https:\/\/yoast.com\/product\/yoast-seo-wordpress\/ -->\n<title>Naktinis cirkas<\/title>\n<meta name=\"description\" content=\"\u0160is cirkas atvyksta netik\u0117tai, neprane\u0161\u0119s. Be i\u0161ankstini\u0173 skelbim\u0173. Tiesiog vakar jo nebuvo, o \u0161iandien jau yra. Ir atsidaro jis tik nakt\u012f. Palapin\u0117se su\" \/>\n<meta name=\"robots\" content=\"index, follow, max-snippet:-1, max-image-preview:large, max-video-preview:-1\" \/>\n<link rel=\"canonical\" href=\"https:\/\/skaitytaknyga.lt\/en\/produktas\/naktinis-cirkas\/\" \/>\n<meta property=\"og:locale\" content=\"en_GB\" \/>\n<meta property=\"og:locale:alternate\" content=\"lt_LT\" \/>\n<meta property=\"og:type\" content=\"article\" \/>\n<meta property=\"og:title\" content=\"Naktinis cirkas\" \/>\n<meta property=\"og:description\" content=\"\u0160is cirkas atvyksta netik\u0117tai, neprane\u0161\u0119s. Be i\u0161ankstini\u0173 skelbim\u0173. Tiesiog vakar jo nebuvo, o \u0161iandien jau yra. Ir atsidaro jis tik nakt\u012f. Palapin\u0117se su\" \/>\n<meta property=\"og:url\" content=\"https:\/\/skaitytaknyga.lt\/en\/produktas\/naktinis-cirkas\/\" \/>\n<meta property=\"og:site_name\" content=\"Skaitytaknyga\" \/>\n<meta property=\"article:publisher\" content=\"https:\/\/www.facebook.com\/skaitytaknyga\/\" \/>\n<meta property=\"article:modified_time\" content=\"2025-12-13T14:02:39+00:00\" \/>\n<meta property=\"og:image\" content=\"https:\/\/skaitytaknyga.lt\/wp-content\/uploads\/2025\/05\/Naktinis-cirkas.webp\" \/>\n\t<meta property=\"og:image:width\" content=\"362\" \/>\n\t<meta property=\"og:image:height\" content=\"593\" \/>\n\t<meta property=\"og:image:type\" content=\"image\/webp\" \/>\n<meta name=\"twitter:card\" content=\"summary_large_image\" \/>\n<meta name=\"twitter:label1\" content=\"Estimated reading time\" \/>\n\t<meta name=\"twitter:data1\" content=\"1 minute\" \/>\n<script type=\"application\/ld+json\" class=\"yoast-schema-graph\">{\"@context\":\"https:\\\/\\\/schema.org\",\"@graph\":[{\"@type\":\"WebPage\",\"@id\":\"https:\\\/\\\/skaitytaknyga.lt\\\/produktas\\\/naktinis-cirkas\\\/\",\"url\":\"https:\\\/\\\/skaitytaknyga.lt\\\/produktas\\\/naktinis-cirkas\\\/\",\"name\":\"Naktinis cirkas\",\"isPartOf\":{\"@id\":\"https:\\\/\\\/skaitytaknyga.lt\\\/#website\"},\"primaryImageOfPage\":{\"@id\":\"https:\\\/\\\/skaitytaknyga.lt\\\/produktas\\\/naktinis-cirkas\\\/#primaryimage\"},\"image\":{\"@id\":\"https:\\\/\\\/skaitytaknyga.lt\\\/produktas\\\/naktinis-cirkas\\\/#primaryimage\"},\"thumbnailUrl\":\"https:\\\/\\\/skaitytaknyga.lt\\\/wp-content\\\/uploads\\\/2025\\\/05\\\/Naktinis-cirkas.webp\",\"datePublished\":\"2025-05-21T11:15:56+00:00\",\"dateModified\":\"2025-12-13T14:02:39+00:00\",\"description\":\"\u0160is cirkas atvyksta netik\u0117tai, neprane\u0161\u0119s. Be i\u0161ankstini\u0173 skelbim\u0173. Tiesiog vakar jo nebuvo, o \u0161iandien jau yra. Ir atsidaro jis tik nakt\u012f. Palapin\u0117se su\",\"breadcrumb\":{\"@id\":\"https:\\\/\\\/skaitytaknyga.lt\\\/produktas\\\/naktinis-cirkas\\\/#breadcrumb\"},\"inLanguage\":\"en-GB\",\"potentialAction\":[{\"@type\":\"ReadAction\",\"target\":[\"https:\\\/\\\/skaitytaknyga.lt\\\/produktas\\\/naktinis-cirkas\\\/\"]}]},{\"@type\":\"ImageObject\",\"inLanguage\":\"en-GB\",\"@id\":\"https:\\\/\\\/skaitytaknyga.lt\\\/produktas\\\/naktinis-cirkas\\\/#primaryimage\",\"url\":\"https:\\\/\\\/skaitytaknyga.lt\\\/wp-content\\\/uploads\\\/2025\\\/05\\\/Naktinis-cirkas.webp\",\"contentUrl\":\"https:\\\/\\\/skaitytaknyga.lt\\\/wp-content\\\/uploads\\\/2025\\\/05\\\/Naktinis-cirkas.webp\",\"width\":362,\"height\":593,\"caption\":\"Naktinis cirkas\"},{\"@type\":\"BreadcrumbList\",\"@id\":\"https:\\\/\\\/skaitytaknyga.lt\\\/produktas\\\/naktinis-cirkas\\\/#breadcrumb\",\"itemListElement\":[{\"@type\":\"ListItem\",\"position\":1,\"name\":\"Home\",\"item\":\"https:\\\/\\\/skaitytaknyga.lt\\\/\"},{\"@type\":\"ListItem\",\"position\":2,\"name\":\"Parduotuv\u0117\",\"item\":\"https:\\\/\\\/skaitytaknyga.lt\\\/knygu-parduotuve\\\/\"},{\"@type\":\"ListItem\",\"position\":3,\"name\":\"Naktinis cirkas\"}]},{\"@type\":\"WebSite\",\"@id\":\"https:\\\/\\\/skaitytaknyga.lt\\\/#website\",\"url\":\"https:\\\/\\\/skaitytaknyga.lt\\\/\",\"name\":\"skaitytaknyga.lt\",\"description\":\"Skaitytaknyga.lt \u2013 tai ma\u017eas \u0161eimos verslas, kuris prasid\u0117jo nuo meil\u0117s knygoms ir siekio i\u0161gelb\u0117ti knygas nuo likimo prie konteinerio. Kas vienam nereikalingas daiktas \u2013 kitam lobis, o mes esame tarpininkai, kurie padeda abiems tapti laimingesniems ???? \u017dinome kaip nelengva i\u0161gyventi ma\u017eiems verslams, tad nuo \u0161iol, \u010dia rasite ir kit\u0173, ma\u017e\u0173 \u0161eim\u0173 versl\u0173, rank\u0173 darbo, dovan\u0173 sau ir artimiesiems.\",\"publisher\":{\"@id\":\"https:\\\/\\\/skaitytaknyga.lt\\\/#organization\"},\"potentialAction\":[{\"@type\":\"SearchAction\",\"target\":{\"@type\":\"EntryPoint\",\"urlTemplate\":\"https:\\\/\\\/skaitytaknyga.lt\\\/?s={search_term_string}\"},\"query-input\":{\"@type\":\"PropertyValueSpecification\",\"valueRequired\":true,\"valueName\":\"search_term_string\"}}],\"inLanguage\":\"en-GB\"},{\"@type\":\"Organization\",\"@id\":\"https:\\\/\\\/skaitytaknyga.lt\\\/#organization\",\"name\":\"skaitytaknyga.lt\",\"url\":\"https:\\\/\\\/skaitytaknyga.lt\\\/\",\"logo\":{\"@type\":\"ImageObject\",\"inLanguage\":\"en-GB\",\"@id\":\"https:\\\/\\\/skaitytaknyga.lt\\\/#\\\/schema\\\/logo\\\/image\\\/\",\"url\":\"https:\\\/\\\/skaitytaknyga.lt\\\/wp-content\\\/uploads\\\/2024\\\/05\\\/cropped-cropped-cropped-02_00843_jt3bggkj1j3HLc7SyY6rEUpg.jpeg\",\"contentUrl\":\"https:\\\/\\\/skaitytaknyga.lt\\\/wp-content\\\/uploads\\\/2024\\\/05\\\/cropped-cropped-cropped-02_00843_jt3bggkj1j3HLc7SyY6rEUpg.jpeg\",\"width\":1600,\"height\":1600,\"caption\":\"skaitytaknyga.lt\"},\"image\":{\"@id\":\"https:\\\/\\\/skaitytaknyga.lt\\\/#\\\/schema\\\/logo\\\/image\\\/\"},\"sameAs\":[\"https:\\\/\\\/www.facebook.com\\\/skaitytaknyga\\\/\"]}]}<\/script>\n<!-- \/ Yoast SEO plugin. -->","yoast_head_json":{"title":"Naktinis cirkas","description":"\u0160is cirkas atvyksta netik\u0117tai, neprane\u0161\u0119s. Be i\u0161ankstini\u0173 skelbim\u0173. Tiesiog vakar jo nebuvo, o \u0161iandien jau yra. Ir atsidaro jis tik nakt\u012f. Palapin\u0117se su","robots":{"index":"index","follow":"follow","max-snippet":"max-snippet:-1","max-image-preview":"max-image-preview:large","max-video-preview":"max-video-preview:-1"},"canonical":"https:\/\/skaitytaknyga.lt\/en\/produktas\/naktinis-cirkas\/","og_locale":"en_GB","og_type":"article","og_title":"[:lt]Naktinis cirkas[:] - Skaitytaknyga","og_description":"\u0160is cirkas atvyksta netik\u0117tai, neprane\u0161\u0119s. Be i\u0161ankstini\u0173 skelbim\u0173. Tiesiog vakar jo nebuvo, o \u0161iandien jau yra. Ir atsidaro jis tik nakt\u012f. Palapin\u0117se su","og_url":"https:\/\/skaitytaknyga.lt\/en\/produktas\/naktinis-cirkas\/","og_site_name":"Skaitytaknyga","article_publisher":"https:\/\/www.facebook.com\/skaitytaknyga\/","article_modified_time":"2025-12-13T14:02:39+00:00","og_image":[{"width":362,"height":593,"url":"https:\/\/skaitytaknyga.lt\/wp-content\/uploads\/2025\/05\/Naktinis-cirkas.webp","type":"image\/webp"}],"twitter_card":"summary_large_image","twitter_misc":{"Estimated reading time":"1 minute"},"schema":{"@context":"https:\/\/schema.org","@graph":[{"@type":"WebPage","@id":"https:\/\/skaitytaknyga.lt\/produktas\/naktinis-cirkas\/","url":"https:\/\/skaitytaknyga.lt\/produktas\/naktinis-cirkas\/","name":"Naktinis cirkas","isPartOf":{"@id":"https:\/\/skaitytaknyga.lt\/#website"},"primaryImageOfPage":{"@id":"https:\/\/skaitytaknyga.lt\/produktas\/naktinis-cirkas\/#primaryimage"},"image":{"@id":"https:\/\/skaitytaknyga.lt\/produktas\/naktinis-cirkas\/#primaryimage"},"thumbnailUrl":"https:\/\/skaitytaknyga.lt\/wp-content\/uploads\/2025\/05\/Naktinis-cirkas.webp","datePublished":"2025-05-21T11:15:56+00:00","dateModified":"2025-12-13T14:02:39+00:00","description":"\u0160is cirkas atvyksta netik\u0117tai, neprane\u0161\u0119s. Be i\u0161ankstini\u0173 skelbim\u0173. Tiesiog vakar jo nebuvo, o \u0161iandien jau yra. Ir atsidaro jis tik nakt\u012f. Palapin\u0117se su","breadcrumb":{"@id":"https:\/\/skaitytaknyga.lt\/produktas\/naktinis-cirkas\/#breadcrumb"},"inLanguage":"en-GB","potentialAction":[{"@type":"ReadAction","target":["https:\/\/skaitytaknyga.lt\/produktas\/naktinis-cirkas\/"]}]},{"@type":"ImageObject","inLanguage":"en-GB","@id":"https:\/\/skaitytaknyga.lt\/produktas\/naktinis-cirkas\/#primaryimage","url":"https:\/\/skaitytaknyga.lt\/wp-content\/uploads\/2025\/05\/Naktinis-cirkas.webp","contentUrl":"https:\/\/skaitytaknyga.lt\/wp-content\/uploads\/2025\/05\/Naktinis-cirkas.webp","width":362,"height":593,"caption":"Naktinis cirkas"},{"@type":"BreadcrumbList","@id":"https:\/\/skaitytaknyga.lt\/produktas\/naktinis-cirkas\/#breadcrumb","itemListElement":[{"@type":"ListItem","position":1,"name":"Home","item":"https:\/\/skaitytaknyga.lt\/"},{"@type":"ListItem","position":2,"name":"Parduotuv\u0117","item":"https:\/\/skaitytaknyga.lt\/knygu-parduotuve\/"},{"@type":"ListItem","position":3,"name":"Naktinis cirkas"}]},{"@type":"WebSite","@id":"https:\/\/skaitytaknyga.lt\/#website","url":"https:\/\/skaitytaknyga.lt\/","name":"skaitytaknyga.lt","description":"Skaitytaknyga.lt \u2013 tai ma\u017eas \u0161eimos verslas, kuris prasid\u0117jo nuo meil\u0117s knygoms ir siekio i\u0161gelb\u0117ti knygas nuo likimo prie konteinerio. Kas vienam nereikalingas daiktas \u2013 kitam lobis, o mes esame tarpininkai, kurie padeda abiems tapti laimingesniems ???? \u017dinome kaip nelengva i\u0161gyventi ma\u017eiems verslams, tad nuo \u0161iol, \u010dia rasite ir kit\u0173, ma\u017e\u0173 \u0161eim\u0173 versl\u0173, rank\u0173 darbo, dovan\u0173 sau ir artimiesiems.","publisher":{"@id":"https:\/\/skaitytaknyga.lt\/#organization"},"potentialAction":[{"@type":"SearchAction","target":{"@type":"EntryPoint","urlTemplate":"https:\/\/skaitytaknyga.lt\/?s={search_term_string}"},"query-input":{"@type":"PropertyValueSpecification","valueRequired":true,"valueName":"search_term_string"}}],"inLanguage":"en-GB"},{"@type":"Organization","@id":"https:\/\/skaitytaknyga.lt\/#organization","name":"skaitytaknyga.lt","url":"https:\/\/skaitytaknyga.lt\/","logo":{"@type":"ImageObject","inLanguage":"en-GB","@id":"https:\/\/skaitytaknyga.lt\/#\/schema\/logo\/image\/","url":"https:\/\/skaitytaknyga.lt\/wp-content\/uploads\/2024\/05\/cropped-cropped-cropped-02_00843_jt3bggkj1j3HLc7SyY6rEUpg.jpeg","contentUrl":"https:\/\/skaitytaknyga.lt\/wp-content\/uploads\/2024\/05\/cropped-cropped-cropped-02_00843_jt3bggkj1j3HLc7SyY6rEUpg.jpeg","width":1600,"height":1600,"caption":"skaitytaknyga.lt"},"image":{"@id":"https:\/\/skaitytaknyga.lt\/#\/schema\/logo\/image\/"},"sameAs":["https:\/\/www.facebook.com\/skaitytaknyga\/"]}]}},"_links":{"self":[{"href":"https:\/\/skaitytaknyga.lt\/en\/wp-json\/wp\/v2\/product\/18469","targetHints":{"allow":["GET"]}}],"collection":[{"href":"https:\/\/skaitytaknyga.lt\/en\/wp-json\/wp\/v2\/product"}],"about":[{"href":"https:\/\/skaitytaknyga.lt\/en\/wp-json\/wp\/v2\/types\/product"}],"replies":[{"embeddable":true,"href":"https:\/\/skaitytaknyga.lt\/en\/wp-json\/wp\/v2\/comments?post=18469"}],"wp:featuredmedia":[{"embeddable":true,"href":"https:\/\/skaitytaknyga.lt\/en\/wp-json\/wp\/v2\/media\/18478"}],"wp:attachment":[{"href":"https:\/\/skaitytaknyga.lt\/en\/wp-json\/wp\/v2\/media?parent=18469"}],"wp:term":[{"taxonomy":"product_brand","embeddable":true,"href":"https:\/\/skaitytaknyga.lt\/en\/wp-json\/wp\/v2\/product_brand?post=18469"},{"taxonomy":"product_cat","embeddable":true,"href":"https:\/\/skaitytaknyga.lt\/en\/wp-json\/wp\/v2\/product_cat?post=18469"},{"taxonomy":"product_tag","embeddable":true,"href":"https:\/\/skaitytaknyga.lt\/en\/wp-json\/wp\/v2\/product_tag?post=18469"}],"curies":[{"name":"wp","href":"https:\/\/api.w.org\/{rel}","templated":true}]}}