{"id":18467,"date":"2025-05-21T14:15:55","date_gmt":"2025-05-21T11:15:55","guid":{"rendered":"https:\/\/skaitytaknyga.lt\/?post_type=product&#038;p=18467"},"modified":"2025-05-24T20:16:55","modified_gmt":"2025-05-24T17:16:55","slug":"lietuvos-pilys-dvarai-rumai","status":"publish","type":"product","link":"https:\/\/skaitytaknyga.lt\/en\/produktas\/lietuvos-pilys-dvarai-rumai\/","title":{"rendered":"Lietuvos pilys, dvarai, r\u016bmai"},"content":{"rendered":"<p>Pa\u017eintin\u0117, reprezentacin\u0117 knyga-albumas\u00a0<strong>\u201eLietuvos pilys, dvarai, r\u016bmai&#8221;<\/strong>, supa\u017eindinantis su savitu Lietuvos kult\u016bros ir istorijos paveldu, miestieti\u0161k\u0105ja ir aristokrati\u0161k\u0105ja architekt\u016bra, \u2013 pilimis, dvarais ir r\u016bmais.<\/p>\n<p>\u012e\u017eangoje pateikiama istorini\u0173 \u017eini\u0173, apib\u016bdinama pili\u0173, r\u016bm\u0173 ir dvar\u0173 istorija bei tipologija, pasakojama apie \u0161i\u0173 architekt\u016bros ir istorijos paminkl\u0173 raid\u0105. Albumo dalyje pateikiama viena ar kelios kiekvieno pristatomo objekto nuotraukos ir jo apib\u016bdinimas. Tekst\u0173 autor\u0117 \u2013 dr. Rasa Butvilait\u0117, t\u0119stinio mokslini\u0173 tyrim\u0173 bei leidybos projekto \u201eLietuvos dvar\u0173 sodybos: atlasas&#8221; vadov\u0117, daugelio publikacij\u0173 dvar\u0173 tema autor\u0117.<\/p>\n<p>Svarbus leidinio komponentas yra nuotraukos, kuri\u0173 autorius \u2013 didel\u0119 patirt\u012f turintis kra\u0161tovaizd\u017eio ir architekt\u016bros fotografas\u00a0<strong>Raimondas Paknys<\/strong>. Buvo fotografuojama visa dvaro pastat\u0173 \u012fvairov\u0117, sen\u0173j\u0173 park\u0173 liku\u010diai. Stengtasi atskleisti konstrukcijos, fakt\u016bros, detal\u0117s gro\u017e\u012f, per detal\u0119 parodyti pastato istorij\u0105. Daugelis pili\u0173, r\u016bm\u0173, kai kurios dvar\u0173 sodybos tvarkomos ir pri\u017ei\u016brimos pavyzdingai, kitos sodybos, da\u017eniausiai nutolusios nuo didmies\u010di\u0173, nepasteb\u0117tos nyksta.<\/p>\n<p>Apie \u0161\u012f verting\u0105 paveldo klod\u0105 visuomen\u0117 \u017eino dar nepakankamai. Tad \u0161iuo leidiniu siekiama priminti unikal\u0173 Lietuvos kult\u016bros paveld\u0105, su\u017eadinti nor\u0105 pa\u017einti ir puosel\u0117ti dvar\u0173 sodybas ir dvar\u0173 kult\u016bros vertybes, skatinti mintis apie j\u0173 apsaug\u0105, atgaivinim\u0105 ir taip prisid\u0117ti prie \u0161io palikimo i\u0161saugojimo ir vert\u0117s atk\u016brimo.<\/p>\n","protected":false},"excerpt":{"rendered":"<p>Pa\u017eintin\u0117, reprezentacin\u0117 knyga-albumas\u00a0\u201eLietuvos pilys, dvarai, r\u016bmai&#8221;, supa\u017eindinantis su savitu Lietuvos kult\u016bros ir istorijos paveldu, miestieti\u0161k\u0105ja ir aristokrati\u0161k\u0105ja architekt\u016bra, \u2013 pilimis, dvarais ir r\u016bmais. \u012e\u017eangoje pateikiama istorini\u0173 \u017eini\u0173, apib\u016bdinama pili\u0173, r\u016bm\u0173 ir dvar\u0173 istorija bei tipologija, pasakojama apie \u0161i\u0173 architekt\u016bros ir istorijos paminkl\u0173 raid\u0105. Albumo dalyje pateikiama viena ar kelios kiekvieno pristatomo objekto nuotraukos ir jo apib\u016bdinimas. Tekst\u0173 autor\u0117 \u2013 dr. Rasa Butvilait\u0117, t\u0119stinio mokslini\u0173 tyrim\u0173 bei leidybos projekto \u201eLietuvos dvar\u0173 sodybos: atlasas&#8221; vadov\u0117, daugelio publikacij\u0173 dvar\u0173 tema autor\u0117. Svarbus leidinio komponentas yra nuotraukos, kuri\u0173 autorius \u2013 didel\u0119 patirt\u012f turintis kra\u0161tovaizd\u017eio ir architekt\u016bros fotografas\u00a0Raimondas Paknys. Buvo fotografuojama visa dvaro pastat\u0173 \u012fvairov\u0117, sen\u0173j\u0173 park\u0173 liku\u010diai. Stengtasi atskleisti konstrukcijos, fakt\u016bros, detal\u0117s gro\u017e\u012f, per detal\u0119 parodyti pastato istorij\u0105. Daugelis pili\u0173, r\u016bm\u0173, kai kurios dvar\u0173 sodybos tvarkomos ir pri\u017ei\u016brimos pavyzdingai, kitos sodybos, da\u017eniausiai nutolusios nuo didmies\u010di\u0173, nepasteb\u0117tos nyksta. Apie \u0161\u012f verting\u0105 paveldo klod\u0105 visuomen\u0117 \u017eino dar nepakankamai. Tad \u0161iuo leidiniu siekiama priminti unikal\u0173 Lietuvos kult\u016bros paveld\u0105, su\u017eadinti nor\u0105 pa\u017einti ir puosel\u0117ti dvar\u0173 sodybas ir dvar\u0173 kult\u016bros vertybes, skatinti mintis apie j\u0173 apsaug\u0105, atgaivinim\u0105 ir taip prisid\u0117ti prie \u0161io palikimo i\u0161saugojimo ir vert\u0117s atk\u016brimo.<\/p>\n","protected":false},"featured_media":18476,"comment_status":"open","ping_status":"closed","template":"","meta":{"_acf_changed":false,"site-sidebar-layout":"default","site-content-layout":"","ast-site-content-layout":"default","site-content-style":"default","site-sidebar-style":"default","ast-global-header-display":"","ast-banner-title-visibility":"","ast-main-header-display":"","ast-hfb-above-header-display":"","ast-hfb-below-header-display":"","ast-hfb-mobile-header-display":"","site-post-title":"","ast-breadcrumbs-content":"","ast-featured-img":"","footer-sml-layout":"","ast-disable-related-posts":"","theme-transparent-header-meta":"","adv-header-id-meta":"","stick-header-meta":"","header-above-stick-meta":"","header-main-stick-meta":"","header-below-stick-meta":"","astra-migrate-meta-layouts":"default","ast-page-background-enabled":"default","ast-page-background-meta":{"desktop":{"background-color":"","background-image":"","background-repeat":"repeat","background-position":"center center","background-size":"auto","background-attachment":"scroll","background-type":"","background-media":"","overlay-type":"","overlay-color":"","overlay-opacity":"","overlay-gradient":""},"tablet":{"background-color":"","background-image":"","background-repeat":"repeat","background-position":"center center","background-size":"auto","background-attachment":"scroll","background-type":"","background-media":"","overlay-type":"","overlay-color":"","overlay-opacity":"","overlay-gradient":""},"mobile":{"background-color":"","background-image":"","background-repeat":"repeat","background-position":"center center","background-size":"auto","background-attachment":"scroll","background-type":"","background-media":"","overlay-type":"","overlay-color":"","overlay-opacity":"","overlay-gradient":""}},"ast-content-background-meta":{"desktop":{"background-color":"var(--ast-global-color-4)","background-image":"","background-repeat":"repeat","background-position":"center center","background-size":"auto","background-attachment":"scroll","background-type":"","background-media":"","overlay-type":"","overlay-color":"","overlay-opacity":"","overlay-gradient":""},"tablet":{"background-color":"var(--ast-global-color-4)","background-image":"","background-repeat":"repeat","background-position":"center center","background-size":"auto","background-attachment":"scroll","background-type":"","background-media":"","overlay-type":"","overlay-color":"","overlay-opacity":"","overlay-gradient":""},"mobile":{"background-color":"var(--ast-global-color-4)","background-image":"","background-repeat":"repeat","background-position":"center center","background-size":"auto","background-attachment":"scroll","background-type":"","background-media":"","overlay-type":"","overlay-color":"","overlay-opacity":"","overlay-gradient":""}}},"product_brand":[],"product_cat":[15],"product_tag":[3410,4253,2625,3781,4252,4254,4255],"class_list":{"0":"post-18467","1":"product","2":"type-product","3":"status-publish","4":"has-post-thumbnail","6":"product_cat-uncategorized","7":"product_tag-architektura","8":"product_tag-dvarai","9":"product_tag-lietuva","10":"product_tag-paveldas","11":"product_tag-pilys","12":"product_tag-raimondas-paknys","13":"product_tag-rasa-butvilaite","14":"desktop-align-left","15":"tablet-align-left","16":"mobile-align-left","18":"first","19":"instock","20":"shipping-taxable","21":"purchasable","22":"product-type-simple"},"acf":[],"yoast_head":"<!-- This site is optimized with the Yoast SEO plugin v27.0 - https:\/\/yoast.com\/product\/yoast-seo-wordpress\/ -->\n<title>Lietuvos pilys, dvarai, r\u016bmai<\/title>\n<meta name=\"description\" content=\"Pa\u017eintin\u0117, reprezentacin\u0117 knyga-albumas\u00a0\u201eLietuvos pilys, dvarai, r\u016bmai&quot;, supa\u017eindinantis su savitu Lietuvos kult\u016bros ir istorijos paveldu, miestieti\u0161k\u0105ja\" \/>\n<meta name=\"robots\" content=\"index, follow, max-snippet:-1, max-image-preview:large, max-video-preview:-1\" \/>\n<link rel=\"canonical\" href=\"https:\/\/skaitytaknyga.lt\/en\/produktas\/lietuvos-pilys-dvarai-rumai\/\" \/>\n<meta property=\"og:locale\" content=\"en_GB\" \/>\n<meta property=\"og:locale:alternate\" content=\"lt_LT\" \/>\n<meta property=\"og:type\" content=\"article\" \/>\n<meta property=\"og:title\" content=\"Lietuvos pilys, dvarai, r\u016bmai\" \/>\n<meta property=\"og:description\" content=\"Pa\u017eintin\u0117, reprezentacin\u0117 knyga-albumas\u00a0\u201eLietuvos pilys, dvarai, r\u016bmai&quot;, supa\u017eindinantis su savitu Lietuvos kult\u016bros ir istorijos paveldu, miestieti\u0161k\u0105ja\" \/>\n<meta property=\"og:url\" content=\"https:\/\/skaitytaknyga.lt\/en\/produktas\/lietuvos-pilys-dvarai-rumai\/\" \/>\n<meta property=\"og:site_name\" content=\"Skaitytaknyga\" \/>\n<meta property=\"article:publisher\" content=\"https:\/\/www.facebook.com\/skaitytaknyga\/\" \/>\n<meta property=\"article:modified_time\" content=\"2025-05-24T17:16:55+00:00\" \/>\n<meta property=\"og:image\" content=\"https:\/\/skaitytaknyga.lt\/wp-content\/uploads\/2025\/05\/Lietuvos-pilys-dvarai-rumai.webp\" \/>\n\t<meta property=\"og:image:width\" content=\"389\" \/>\n\t<meta property=\"og:image:height\" content=\"450\" \/>\n\t<meta property=\"og:image:type\" content=\"image\/webp\" \/>\n<meta name=\"twitter:card\" content=\"summary_large_image\" \/>\n<meta name=\"twitter:label1\" content=\"Estimated reading time\" \/>\n\t<meta name=\"twitter:data1\" content=\"1 minute\" \/>\n<script type=\"application\/ld+json\" class=\"yoast-schema-graph\">{\"@context\":\"https:\/\/schema.org\",\"@graph\":[{\"@type\":\"WebPage\",\"@id\":\"https:\/\/skaitytaknyga.lt\/produktas\/lietuvos-pilys-dvarai-rumai\/\",\"url\":\"https:\/\/skaitytaknyga.lt\/produktas\/lietuvos-pilys-dvarai-rumai\/\",\"name\":\"Lietuvos pilys, dvarai, r\u016bmai\",\"isPartOf\":{\"@id\":\"https:\/\/skaitytaknyga.lt\/#website\"},\"primaryImageOfPage\":{\"@id\":\"https:\/\/skaitytaknyga.lt\/produktas\/lietuvos-pilys-dvarai-rumai\/#primaryimage\"},\"image\":{\"@id\":\"https:\/\/skaitytaknyga.lt\/produktas\/lietuvos-pilys-dvarai-rumai\/#primaryimage\"},\"thumbnailUrl\":\"https:\/\/skaitytaknyga.lt\/wp-content\/uploads\/2025\/05\/Lietuvos-pilys-dvarai-rumai.webp\",\"datePublished\":\"2025-05-21T11:15:55+00:00\",\"dateModified\":\"2025-05-24T17:16:55+00:00\",\"description\":\"Pa\u017eintin\u0117, reprezentacin\u0117 knyga-albumas\u00a0\u201eLietuvos pilys, dvarai, r\u016bmai\\\", supa\u017eindinantis su savitu Lietuvos kult\u016bros ir istorijos paveldu, miestieti\u0161k\u0105ja\",\"breadcrumb\":{\"@id\":\"https:\/\/skaitytaknyga.lt\/produktas\/lietuvos-pilys-dvarai-rumai\/#breadcrumb\"},\"inLanguage\":\"en-GB\",\"potentialAction\":[{\"@type\":\"ReadAction\",\"target\":[\"https:\/\/skaitytaknyga.lt\/produktas\/lietuvos-pilys-dvarai-rumai\/\"]}]},{\"@type\":\"ImageObject\",\"inLanguage\":\"en-GB\",\"@id\":\"https:\/\/skaitytaknyga.lt\/produktas\/lietuvos-pilys-dvarai-rumai\/#primaryimage\",\"url\":\"https:\/\/skaitytaknyga.lt\/wp-content\/uploads\/2025\/05\/Lietuvos-pilys-dvarai-rumai.webp\",\"contentUrl\":\"https:\/\/skaitytaknyga.lt\/wp-content\/uploads\/2025\/05\/Lietuvos-pilys-dvarai-rumai.webp\",\"width\":389,\"height\":450},{\"@type\":\"BreadcrumbList\",\"@id\":\"https:\/\/skaitytaknyga.lt\/produktas\/lietuvos-pilys-dvarai-rumai\/#breadcrumb\",\"itemListElement\":[{\"@type\":\"ListItem\",\"position\":1,\"name\":\"Home\",\"item\":\"https:\/\/skaitytaknyga.lt\/\"},{\"@type\":\"ListItem\",\"position\":2,\"name\":\"Parduotuv\u0117\",\"item\":\"https:\/\/skaitytaknyga.lt\/knygu-parduotuve\/\"},{\"@type\":\"ListItem\",\"position\":3,\"name\":\"Lietuvos pilys, dvarai, r\u016bmai\"}]},{\"@type\":\"WebSite\",\"@id\":\"https:\/\/skaitytaknyga.lt\/#website\",\"url\":\"https:\/\/skaitytaknyga.lt\/\",\"name\":\"skaitytaknyga.lt\",\"description\":\"Skaitytaknyga.lt \u2013 tai ma\u017eas \u0161eimos verslas, kuris prasid\u0117jo nuo meil\u0117s knygoms ir siekio i\u0161gelb\u0117ti knygas nuo likimo prie konteinerio. Kas vienam nereikalingas daiktas \u2013 kitam lobis, o mes esame tarpininkai, kurie padeda abiems tapti laimingesniems ???? \u017dinome kaip nelengva i\u0161gyventi ma\u017eiems verslams, tad nuo \u0161iol, \u010dia rasite ir kit\u0173, ma\u017e\u0173 \u0161eim\u0173 versl\u0173, rank\u0173 darbo, dovan\u0173 sau ir artimiesiems.\",\"publisher\":{\"@id\":\"https:\/\/skaitytaknyga.lt\/#organization\"},\"potentialAction\":[{\"@type\":\"SearchAction\",\"target\":{\"@type\":\"EntryPoint\",\"urlTemplate\":\"https:\/\/skaitytaknyga.lt\/?s={search_term_string}\"},\"query-input\":{\"@type\":\"PropertyValueSpecification\",\"valueRequired\":true,\"valueName\":\"search_term_string\"}}],\"inLanguage\":\"en-GB\"},{\"@type\":\"Organization\",\"@id\":\"https:\/\/skaitytaknyga.lt\/#organization\",\"name\":\"skaitytaknyga.lt\",\"url\":\"https:\/\/skaitytaknyga.lt\/\",\"logo\":{\"@type\":\"ImageObject\",\"inLanguage\":\"en-GB\",\"@id\":\"https:\/\/skaitytaknyga.lt\/#\/schema\/logo\/image\/\",\"url\":\"https:\/\/skaitytaknyga.lt\/wp-content\/uploads\/2024\/05\/cropped-cropped-cropped-02_00843_jt3bggkj1j3HLc7SyY6rEUpg.jpeg\",\"contentUrl\":\"https:\/\/skaitytaknyga.lt\/wp-content\/uploads\/2024\/05\/cropped-cropped-cropped-02_00843_jt3bggkj1j3HLc7SyY6rEUpg.jpeg\",\"width\":1600,\"height\":1600,\"caption\":\"skaitytaknyga.lt\"},\"image\":{\"@id\":\"https:\/\/skaitytaknyga.lt\/#\/schema\/logo\/image\/\"},\"sameAs\":[\"https:\/\/www.facebook.com\/skaitytaknyga\/\"]}]}<\/script>\n<!-- \/ Yoast SEO plugin. -->","yoast_head_json":{"title":"Lietuvos pilys, dvarai, r\u016bmai","description":"Pa\u017eintin\u0117, reprezentacin\u0117 knyga-albumas\u00a0\u201eLietuvos pilys, dvarai, r\u016bmai\", supa\u017eindinantis su savitu Lietuvos kult\u016bros ir istorijos paveldu, miestieti\u0161k\u0105ja","robots":{"index":"index","follow":"follow","max-snippet":"max-snippet:-1","max-image-preview":"max-image-preview:large","max-video-preview":"max-video-preview:-1"},"canonical":"https:\/\/skaitytaknyga.lt\/en\/produktas\/lietuvos-pilys-dvarai-rumai\/","og_locale":"en_GB","og_type":"article","og_title":"[:lt]Lietuvos pilys, dvarai, r\u016bmai[:] - Skaitytaknyga","og_description":"Pa\u017eintin\u0117, reprezentacin\u0117 knyga-albumas\u00a0\u201eLietuvos pilys, dvarai, r\u016bmai\", supa\u017eindinantis su savitu Lietuvos kult\u016bros ir istorijos paveldu, miestieti\u0161k\u0105ja","og_url":"https:\/\/skaitytaknyga.lt\/en\/produktas\/lietuvos-pilys-dvarai-rumai\/","og_site_name":"Skaitytaknyga","article_publisher":"https:\/\/www.facebook.com\/skaitytaknyga\/","article_modified_time":"2025-05-24T17:16:55+00:00","og_image":[{"width":389,"height":450,"url":"https:\/\/skaitytaknyga.lt\/wp-content\/uploads\/2025\/05\/Lietuvos-pilys-dvarai-rumai.webp","type":"image\/webp"}],"twitter_card":"summary_large_image","twitter_misc":{"Estimated reading time":"1 minute"},"schema":{"@context":"https:\/\/schema.org","@graph":[{"@type":"WebPage","@id":"https:\/\/skaitytaknyga.lt\/produktas\/lietuvos-pilys-dvarai-rumai\/","url":"https:\/\/skaitytaknyga.lt\/produktas\/lietuvos-pilys-dvarai-rumai\/","name":"Lietuvos pilys, dvarai, r\u016bmai","isPartOf":{"@id":"https:\/\/skaitytaknyga.lt\/#website"},"primaryImageOfPage":{"@id":"https:\/\/skaitytaknyga.lt\/produktas\/lietuvos-pilys-dvarai-rumai\/#primaryimage"},"image":{"@id":"https:\/\/skaitytaknyga.lt\/produktas\/lietuvos-pilys-dvarai-rumai\/#primaryimage"},"thumbnailUrl":"https:\/\/skaitytaknyga.lt\/wp-content\/uploads\/2025\/05\/Lietuvos-pilys-dvarai-rumai.webp","datePublished":"2025-05-21T11:15:55+00:00","dateModified":"2025-05-24T17:16:55+00:00","description":"Pa\u017eintin\u0117, reprezentacin\u0117 knyga-albumas\u00a0\u201eLietuvos pilys, dvarai, r\u016bmai\", supa\u017eindinantis su savitu Lietuvos kult\u016bros ir istorijos paveldu, miestieti\u0161k\u0105ja","breadcrumb":{"@id":"https:\/\/skaitytaknyga.lt\/produktas\/lietuvos-pilys-dvarai-rumai\/#breadcrumb"},"inLanguage":"en-GB","potentialAction":[{"@type":"ReadAction","target":["https:\/\/skaitytaknyga.lt\/produktas\/lietuvos-pilys-dvarai-rumai\/"]}]},{"@type":"ImageObject","inLanguage":"en-GB","@id":"https:\/\/skaitytaknyga.lt\/produktas\/lietuvos-pilys-dvarai-rumai\/#primaryimage","url":"https:\/\/skaitytaknyga.lt\/wp-content\/uploads\/2025\/05\/Lietuvos-pilys-dvarai-rumai.webp","contentUrl":"https:\/\/skaitytaknyga.lt\/wp-content\/uploads\/2025\/05\/Lietuvos-pilys-dvarai-rumai.webp","width":389,"height":450},{"@type":"BreadcrumbList","@id":"https:\/\/skaitytaknyga.lt\/produktas\/lietuvos-pilys-dvarai-rumai\/#breadcrumb","itemListElement":[{"@type":"ListItem","position":1,"name":"Home","item":"https:\/\/skaitytaknyga.lt\/"},{"@type":"ListItem","position":2,"name":"Parduotuv\u0117","item":"https:\/\/skaitytaknyga.lt\/knygu-parduotuve\/"},{"@type":"ListItem","position":3,"name":"Lietuvos pilys, dvarai, r\u016bmai"}]},{"@type":"WebSite","@id":"https:\/\/skaitytaknyga.lt\/#website","url":"https:\/\/skaitytaknyga.lt\/","name":"skaitytaknyga.lt","description":"Skaitytaknyga.lt \u2013 tai ma\u017eas \u0161eimos verslas, kuris prasid\u0117jo nuo meil\u0117s knygoms ir siekio i\u0161gelb\u0117ti knygas nuo likimo prie konteinerio. Kas vienam nereikalingas daiktas \u2013 kitam lobis, o mes esame tarpininkai, kurie padeda abiems tapti laimingesniems ???? \u017dinome kaip nelengva i\u0161gyventi ma\u017eiems verslams, tad nuo \u0161iol, \u010dia rasite ir kit\u0173, ma\u017e\u0173 \u0161eim\u0173 versl\u0173, rank\u0173 darbo, dovan\u0173 sau ir artimiesiems.","publisher":{"@id":"https:\/\/skaitytaknyga.lt\/#organization"},"potentialAction":[{"@type":"SearchAction","target":{"@type":"EntryPoint","urlTemplate":"https:\/\/skaitytaknyga.lt\/?s={search_term_string}"},"query-input":{"@type":"PropertyValueSpecification","valueRequired":true,"valueName":"search_term_string"}}],"inLanguage":"en-GB"},{"@type":"Organization","@id":"https:\/\/skaitytaknyga.lt\/#organization","name":"skaitytaknyga.lt","url":"https:\/\/skaitytaknyga.lt\/","logo":{"@type":"ImageObject","inLanguage":"en-GB","@id":"https:\/\/skaitytaknyga.lt\/#\/schema\/logo\/image\/","url":"https:\/\/skaitytaknyga.lt\/wp-content\/uploads\/2024\/05\/cropped-cropped-cropped-02_00843_jt3bggkj1j3HLc7SyY6rEUpg.jpeg","contentUrl":"https:\/\/skaitytaknyga.lt\/wp-content\/uploads\/2024\/05\/cropped-cropped-cropped-02_00843_jt3bggkj1j3HLc7SyY6rEUpg.jpeg","width":1600,"height":1600,"caption":"skaitytaknyga.lt"},"image":{"@id":"https:\/\/skaitytaknyga.lt\/#\/schema\/logo\/image\/"},"sameAs":["https:\/\/www.facebook.com\/skaitytaknyga\/"]}]}},"_links":{"self":[{"href":"https:\/\/skaitytaknyga.lt\/en\/wp-json\/wp\/v2\/product\/18467","targetHints":{"allow":["GET"]}}],"collection":[{"href":"https:\/\/skaitytaknyga.lt\/en\/wp-json\/wp\/v2\/product"}],"about":[{"href":"https:\/\/skaitytaknyga.lt\/en\/wp-json\/wp\/v2\/types\/product"}],"replies":[{"embeddable":true,"href":"https:\/\/skaitytaknyga.lt\/en\/wp-json\/wp\/v2\/comments?post=18467"}],"wp:featuredmedia":[{"embeddable":true,"href":"https:\/\/skaitytaknyga.lt\/en\/wp-json\/wp\/v2\/media\/18476"}],"wp:attachment":[{"href":"https:\/\/skaitytaknyga.lt\/en\/wp-json\/wp\/v2\/media?parent=18467"}],"wp:term":[{"taxonomy":"product_brand","embeddable":true,"href":"https:\/\/skaitytaknyga.lt\/en\/wp-json\/wp\/v2\/product_brand?post=18467"},{"taxonomy":"product_cat","embeddable":true,"href":"https:\/\/skaitytaknyga.lt\/en\/wp-json\/wp\/v2\/product_cat?post=18467"},{"taxonomy":"product_tag","embeddable":true,"href":"https:\/\/skaitytaknyga.lt\/en\/wp-json\/wp\/v2\/product_tag?post=18467"}],"curies":[{"name":"wp","href":"https:\/\/api.w.org\/{rel}","templated":true}]}}