{"id":18460,"date":"2025-05-19T10:33:36","date_gmt":"2025-05-19T07:33:36","guid":{"rendered":"https:\/\/skaitytaknyga.lt\/?post_type=product&#038;p=18460"},"modified":"2025-05-24T20:16:55","modified_gmt":"2025-05-24T17:16:55","slug":"dvylika-zingsniu-ir-dvylika-tradiciju","status":"publish","type":"product","link":"https:\/\/skaitytaknyga.lt\/en\/produktas\/dvylika-zingsniu-ir-dvylika-tradiciju\/","title":{"rendered":"Dvylika \u017eingsni\u0173 ir dvylika tradicij\u0173"},"content":{"rendered":"<p>Anoniminiai alkoholikai (AA) \u2013 tai pasaulin\u0117 draugija vienijanti daugiau negu milijon\u0105 nari\u0173, vyr\u0173 ir moter\u0173, siekian\u010di\u0173 drauge spr\u0119sti savo problemas ir pad\u0117ti tiems, kurie stengiasi pagyti nuo seniai \u017einomos paslaptingos ligos, vadinamos alkoholizmu.<\/p>\n<p>\u0160i knyga yra apie Anonimini\u0173 alkoholik\u0173 Dvylika \u017eingsni\u0173 ir Dvylika tradicij\u0173. Joje nuodugniai supa\u017eindinama su principais, kuri\u0173 laikydamiesi AA nariai pasveiksta, taip pat ir su principais, kuriais AA draugija grind\u017eia savo veikl\u0105.<\/p>\n<p>Dvylika \u017eingsni\u0173 \u2013 tai visuma i\u0161 esm\u0117s dvasini\u0173 princip\u0173, kurie, taikomi kasdieniniame AA gyvenime, padeda ligoniui atsikratyti potraukio gerti ir tapti laimingu, naudingu \u017emogumi.<\/p>\n<p>Dvylika tradicij\u0173 sudaro pa\u010dos AA draugijos gyvenimo pamat\u0105. \u0160ios tradicijos rodo, kaip i\u0161laikyti AA vienyb\u0119, palaikyti santykius su aplinkiniais, padeda draugijai gyvuoti ir tvirt\u0117ti.<\/p>\n<p>Nors si\u016blomos apybrai\u017eos para\u0161ytos AA nariams, daugelis draugijos bi\u010diuli\u0173 mano, kad jos gal\u0117t\u0173 sudominti kur kas daugiau skaitytoj\u0173 ir b\u016bti taikomos pla\u010diau.<\/p>\n<p>Nema\u017eai \u017emoni\u0173, kurie n\u0117ra alkoholikai, sako, jog, vadovaudamiesi Dvylika \u017eingsni\u0173, jie sugeb\u0117jo i\u0161spr\u0119sti daugel\u012f rimt\u0173 gyvenimo problem\u0173. J\u0173 nuomone, Dvylika \u017eingsni\u0173 \u2013 tai ne \u0161iaip programa alkoholikui gr\u012f\u017eti \u012f blaiv\u0173 gyvenim\u0105, bet ir laimingo, produktyvaus gyvenimo kelias daugeliui \u017emoni\u0173, nepaisant geria jie ar ne.<\/p>\n","protected":false},"excerpt":{"rendered":"<p>Anoniminiai alkoholikai (AA) \u2013 tai pasaulin\u0117 draugija vienijanti daugiau negu milijon\u0105 nari\u0173, vyr\u0173 ir moter\u0173, siekian\u010di\u0173 drauge spr\u0119sti savo problemas ir pad\u0117ti tiems, kurie stengiasi pagyti nuo seniai \u017einomos paslaptingos ligos, vadinamos alkoholizmu. \u0160i knyga yra apie Anonimini\u0173 alkoholik\u0173 Dvylika \u017eingsni\u0173 ir Dvylika tradicij\u0173. Joje nuodugniai supa\u017eindinama su principais, kuri\u0173 laikydamiesi AA nariai pasveiksta, taip pat ir su principais, kuriais AA draugija grind\u017eia savo veikl\u0105. Dvylika \u017eingsni\u0173 \u2013 tai visuma i\u0161 esm\u0117s dvasini\u0173 princip\u0173, kurie, taikomi kasdieniniame AA gyvenime, padeda ligoniui atsikratyti potraukio gerti ir tapti laimingu, naudingu \u017emogumi. Dvylika tradicij\u0173 sudaro pa\u010dos AA draugijos gyvenimo pamat\u0105. \u0160ios tradicijos rodo, kaip i\u0161laikyti AA vienyb\u0119, palaikyti santykius su aplinkiniais, padeda draugijai gyvuoti ir tvirt\u0117ti. Nors si\u016blomos apybrai\u017eos para\u0161ytos AA nariams, daugelis draugijos bi\u010diuli\u0173 mano, kad jos gal\u0117t\u0173 sudominti kur kas daugiau skaitytoj\u0173 ir b\u016bti taikomos pla\u010diau. Nema\u017eai \u017emoni\u0173, kurie n\u0117ra alkoholikai, sako, jog, vadovaudamiesi Dvylika \u017eingsni\u0173, jie sugeb\u0117jo i\u0161spr\u0119sti daugel\u012f rimt\u0173 gyvenimo problem\u0173. J\u0173 nuomone, Dvylika \u017eingsni\u0173 \u2013 tai ne \u0161iaip programa alkoholikui gr\u012f\u017eti \u012f blaiv\u0173 gyvenim\u0105, bet ir laimingo, produktyvaus gyvenimo kelias daugeliui \u017emoni\u0173, nepaisant geria jie ar ne.<\/p>\n","protected":false},"featured_media":18474,"comment_status":"open","ping_status":"closed","template":"","meta":{"_acf_changed":false,"site-sidebar-layout":"default","site-content-layout":"","ast-site-content-layout":"default","site-content-style":"default","site-sidebar-style":"default","ast-global-header-display":"","ast-banner-title-visibility":"","ast-main-header-display":"","ast-hfb-above-header-display":"","ast-hfb-below-header-display":"","ast-hfb-mobile-header-display":"","site-post-title":"","ast-breadcrumbs-content":"","ast-featured-img":"","footer-sml-layout":"","ast-disable-related-posts":"","theme-transparent-header-meta":"","adv-header-id-meta":"","stick-header-meta":"","header-above-stick-meta":"","header-main-stick-meta":"","header-below-stick-meta":"","astra-migrate-meta-layouts":"default","ast-page-background-enabled":"default","ast-page-background-meta":{"desktop":{"background-color":"","background-image":"","background-repeat":"repeat","background-position":"center center","background-size":"auto","background-attachment":"scroll","background-type":"","background-media":"","overlay-type":"","overlay-color":"","overlay-opacity":"","overlay-gradient":""},"tablet":{"background-color":"","background-image":"","background-repeat":"repeat","background-position":"center center","background-size":"auto","background-attachment":"scroll","background-type":"","background-media":"","overlay-type":"","overlay-color":"","overlay-opacity":"","overlay-gradient":""},"mobile":{"background-color":"","background-image":"","background-repeat":"repeat","background-position":"center center","background-size":"auto","background-attachment":"scroll","background-type":"","background-media":"","overlay-type":"","overlay-color":"","overlay-opacity":"","overlay-gradient":""}},"ast-content-background-meta":{"desktop":{"background-color":"var(--ast-global-color-4)","background-image":"","background-repeat":"repeat","background-position":"center center","background-size":"auto","background-attachment":"scroll","background-type":"","background-media":"","overlay-type":"","overlay-color":"","overlay-opacity":"","overlay-gradient":""},"tablet":{"background-color":"var(--ast-global-color-4)","background-image":"","background-repeat":"repeat","background-position":"center center","background-size":"auto","background-attachment":"scroll","background-type":"","background-media":"","overlay-type":"","overlay-color":"","overlay-opacity":"","overlay-gradient":""},"mobile":{"background-color":"var(--ast-global-color-4)","background-image":"","background-repeat":"repeat","background-position":"center center","background-size":"auto","background-attachment":"scroll","background-type":"","background-media":"","overlay-type":"","overlay-color":"","overlay-opacity":"","overlay-gradient":""}}},"product_brand":[],"product_cat":[15],"product_tag":[4248,4249,1697,2027],"class_list":{"0":"post-18460","1":"product","2":"type-product","3":"status-publish","4":"has-post-thumbnail","6":"product_cat-uncategorized","7":"product_tag-anoniminiai-alkoholikai","8":"product_tag-dvylika-zingsniu","9":"product_tag-priklausomybes","10":"product_tag-savipagalba","11":"desktop-align-left","12":"tablet-align-left","13":"mobile-align-left","15":"first","16":"instock","17":"shipping-taxable","18":"purchasable","19":"product-type-simple"},"acf":[],"yoast_head":"<!-- This site is optimized with the Yoast SEO plugin v27.4 - https:\/\/yoast.com\/product\/yoast-seo-wordpress\/ -->\n<title>Dvylika \u017eingsni\u0173 ir dvylika tradicij\u0173<\/title>\n<meta name=\"description\" content=\"Anoniminiai alkoholikai (AA) \u2013 tai pasaulin\u0117 draugija vienijanti daugiau negu milijon\u0105 nari\u0173, vyr\u0173 ir moter\u0173, siekian\u010di\u0173 drauge spr\u0119sti savo problemas ir\" \/>\n<meta name=\"robots\" content=\"index, follow, max-snippet:-1, max-image-preview:large, max-video-preview:-1\" \/>\n<link rel=\"canonical\" href=\"https:\/\/skaitytaknyga.lt\/en\/produktas\/dvylika-zingsniu-ir-dvylika-tradiciju\/\" \/>\n<meta property=\"og:locale\" content=\"en_GB\" \/>\n<meta property=\"og:locale:alternate\" content=\"lt_LT\" \/>\n<meta property=\"og:type\" content=\"article\" \/>\n<meta property=\"og:title\" content=\"Dvylika \u017eingsni\u0173 ir dvylika tradicij\u0173\" \/>\n<meta property=\"og:description\" content=\"Anoniminiai alkoholikai (AA) \u2013 tai pasaulin\u0117 draugija vienijanti daugiau negu milijon\u0105 nari\u0173, vyr\u0173 ir moter\u0173, siekian\u010di\u0173 drauge spr\u0119sti savo problemas ir\" \/>\n<meta property=\"og:url\" content=\"https:\/\/skaitytaknyga.lt\/en\/produktas\/dvylika-zingsniu-ir-dvylika-tradiciju\/\" \/>\n<meta property=\"og:site_name\" content=\"Skaitytaknyga\" \/>\n<meta property=\"article:publisher\" content=\"https:\/\/www.facebook.com\/skaitytaknyga\/\" \/>\n<meta property=\"article:modified_time\" content=\"2025-05-24T17:16:55+00:00\" \/>\n<meta property=\"og:image\" content=\"https:\/\/skaitytaknyga.lt\/wp-content\/uploads\/2025\/05\/Dvylika-zingsniu-ir-dvylika-tradiciju.jpg\" \/>\n\t<meta property=\"og:image:width\" content=\"431\" \/>\n\t<meta property=\"og:image:height\" content=\"575\" \/>\n\t<meta property=\"og:image:type\" content=\"image\/jpeg\" \/>\n<meta name=\"twitter:card\" content=\"summary_large_image\" \/>\n<meta name=\"twitter:label1\" content=\"Estimated reading time\" \/>\n\t<meta name=\"twitter:data1\" content=\"1 minute\" \/>\n<script type=\"application\/ld+json\" class=\"yoast-schema-graph\">{\"@context\":\"https:\\\/\\\/schema.org\",\"@graph\":[{\"@type\":\"WebPage\",\"@id\":\"https:\\\/\\\/skaitytaknyga.lt\\\/produktas\\\/dvylika-zingsniu-ir-dvylika-tradiciju\\\/\",\"url\":\"https:\\\/\\\/skaitytaknyga.lt\\\/produktas\\\/dvylika-zingsniu-ir-dvylika-tradiciju\\\/\",\"name\":\"Dvylika \u017eingsni\u0173 ir dvylika tradicij\u0173\",\"isPartOf\":{\"@id\":\"https:\\\/\\\/skaitytaknyga.lt\\\/#website\"},\"primaryImageOfPage\":{\"@id\":\"https:\\\/\\\/skaitytaknyga.lt\\\/produktas\\\/dvylika-zingsniu-ir-dvylika-tradiciju\\\/#primaryimage\"},\"image\":{\"@id\":\"https:\\\/\\\/skaitytaknyga.lt\\\/produktas\\\/dvylika-zingsniu-ir-dvylika-tradiciju\\\/#primaryimage\"},\"thumbnailUrl\":\"https:\\\/\\\/skaitytaknyga.lt\\\/wp-content\\\/uploads\\\/2025\\\/05\\\/Dvylika-zingsniu-ir-dvylika-tradiciju.jpg\",\"datePublished\":\"2025-05-19T07:33:36+00:00\",\"dateModified\":\"2025-05-24T17:16:55+00:00\",\"description\":\"Anoniminiai alkoholikai (AA) \u2013 tai pasaulin\u0117 draugija vienijanti daugiau negu milijon\u0105 nari\u0173, vyr\u0173 ir moter\u0173, siekian\u010di\u0173 drauge spr\u0119sti savo problemas ir\",\"breadcrumb\":{\"@id\":\"https:\\\/\\\/skaitytaknyga.lt\\\/produktas\\\/dvylika-zingsniu-ir-dvylika-tradiciju\\\/#breadcrumb\"},\"inLanguage\":\"en-GB\",\"potentialAction\":[{\"@type\":\"ReadAction\",\"target\":[\"https:\\\/\\\/skaitytaknyga.lt\\\/produktas\\\/dvylika-zingsniu-ir-dvylika-tradiciju\\\/\"]}]},{\"@type\":\"ImageObject\",\"inLanguage\":\"en-GB\",\"@id\":\"https:\\\/\\\/skaitytaknyga.lt\\\/produktas\\\/dvylika-zingsniu-ir-dvylika-tradiciju\\\/#primaryimage\",\"url\":\"https:\\\/\\\/skaitytaknyga.lt\\\/wp-content\\\/uploads\\\/2025\\\/05\\\/Dvylika-zingsniu-ir-dvylika-tradiciju.jpg\",\"contentUrl\":\"https:\\\/\\\/skaitytaknyga.lt\\\/wp-content\\\/uploads\\\/2025\\\/05\\\/Dvylika-zingsniu-ir-dvylika-tradiciju.jpg\",\"width\":431,\"height\":575,\"caption\":\"Dvylika \u017eingsni\u0173 ir dvylika tradicij\u0173\"},{\"@type\":\"BreadcrumbList\",\"@id\":\"https:\\\/\\\/skaitytaknyga.lt\\\/produktas\\\/dvylika-zingsniu-ir-dvylika-tradiciju\\\/#breadcrumb\",\"itemListElement\":[{\"@type\":\"ListItem\",\"position\":1,\"name\":\"Home\",\"item\":\"https:\\\/\\\/skaitytaknyga.lt\\\/\"},{\"@type\":\"ListItem\",\"position\":2,\"name\":\"Parduotuv\u0117\",\"item\":\"https:\\\/\\\/skaitytaknyga.lt\\\/knygu-parduotuve\\\/\"},{\"@type\":\"ListItem\",\"position\":3,\"name\":\"Dvylika \u017eingsni\u0173 ir dvylika tradicij\u0173\"}]},{\"@type\":\"WebSite\",\"@id\":\"https:\\\/\\\/skaitytaknyga.lt\\\/#website\",\"url\":\"https:\\\/\\\/skaitytaknyga.lt\\\/\",\"name\":\"skaitytaknyga.lt\",\"description\":\"Skaitytaknyga.lt \u2013 tai ma\u017eas \u0161eimos verslas, kuris prasid\u0117jo nuo meil\u0117s knygoms ir siekio i\u0161gelb\u0117ti knygas nuo likimo prie konteinerio. Kas vienam nereikalingas daiktas \u2013 kitam lobis, o mes esame tarpininkai, kurie padeda abiems tapti laimingesniems ???? \u017dinome kaip nelengva i\u0161gyventi ma\u017eiems verslams, tad nuo \u0161iol, \u010dia rasite ir kit\u0173, ma\u017e\u0173 \u0161eim\u0173 versl\u0173, rank\u0173 darbo, dovan\u0173 sau ir artimiesiems.\",\"publisher\":{\"@id\":\"https:\\\/\\\/skaitytaknyga.lt\\\/#organization\"},\"potentialAction\":[{\"@type\":\"SearchAction\",\"target\":{\"@type\":\"EntryPoint\",\"urlTemplate\":\"https:\\\/\\\/skaitytaknyga.lt\\\/?s={search_term_string}\"},\"query-input\":{\"@type\":\"PropertyValueSpecification\",\"valueRequired\":true,\"valueName\":\"search_term_string\"}}],\"inLanguage\":\"en-GB\"},{\"@type\":\"Organization\",\"@id\":\"https:\\\/\\\/skaitytaknyga.lt\\\/#organization\",\"name\":\"skaitytaknyga.lt\",\"url\":\"https:\\\/\\\/skaitytaknyga.lt\\\/\",\"logo\":{\"@type\":\"ImageObject\",\"inLanguage\":\"en-GB\",\"@id\":\"https:\\\/\\\/skaitytaknyga.lt\\\/#\\\/schema\\\/logo\\\/image\\\/\",\"url\":\"https:\\\/\\\/skaitytaknyga.lt\\\/wp-content\\\/uploads\\\/2024\\\/05\\\/cropped-cropped-cropped-02_00843_jt3bggkj1j3HLc7SyY6rEUpg.jpeg\",\"contentUrl\":\"https:\\\/\\\/skaitytaknyga.lt\\\/wp-content\\\/uploads\\\/2024\\\/05\\\/cropped-cropped-cropped-02_00843_jt3bggkj1j3HLc7SyY6rEUpg.jpeg\",\"width\":1600,\"height\":1600,\"caption\":\"skaitytaknyga.lt\"},\"image\":{\"@id\":\"https:\\\/\\\/skaitytaknyga.lt\\\/#\\\/schema\\\/logo\\\/image\\\/\"},\"sameAs\":[\"https:\\\/\\\/www.facebook.com\\\/skaitytaknyga\\\/\"]}]}<\/script>\n<!-- \/ Yoast SEO plugin. -->","yoast_head_json":{"title":"Dvylika \u017eingsni\u0173 ir dvylika tradicij\u0173","description":"Anoniminiai alkoholikai (AA) \u2013 tai pasaulin\u0117 draugija vienijanti daugiau negu milijon\u0105 nari\u0173, vyr\u0173 ir moter\u0173, siekian\u010di\u0173 drauge spr\u0119sti savo problemas ir","robots":{"index":"index","follow":"follow","max-snippet":"max-snippet:-1","max-image-preview":"max-image-preview:large","max-video-preview":"max-video-preview:-1"},"canonical":"https:\/\/skaitytaknyga.lt\/en\/produktas\/dvylika-zingsniu-ir-dvylika-tradiciju\/","og_locale":"en_GB","og_type":"article","og_title":"[:lt]Dvylika \u017eingsni\u0173 ir dvylika tradicij\u0173[:] - Skaitytaknyga","og_description":"Anoniminiai alkoholikai (AA) \u2013 tai pasaulin\u0117 draugija vienijanti daugiau negu milijon\u0105 nari\u0173, vyr\u0173 ir moter\u0173, siekian\u010di\u0173 drauge spr\u0119sti savo problemas ir","og_url":"https:\/\/skaitytaknyga.lt\/en\/produktas\/dvylika-zingsniu-ir-dvylika-tradiciju\/","og_site_name":"Skaitytaknyga","article_publisher":"https:\/\/www.facebook.com\/skaitytaknyga\/","article_modified_time":"2025-05-24T17:16:55+00:00","og_image":[{"width":431,"height":575,"url":"https:\/\/skaitytaknyga.lt\/wp-content\/uploads\/2025\/05\/Dvylika-zingsniu-ir-dvylika-tradiciju.jpg","type":"image\/jpeg"}],"twitter_card":"summary_large_image","twitter_misc":{"Estimated reading time":"1 minute"},"schema":{"@context":"https:\/\/schema.org","@graph":[{"@type":"WebPage","@id":"https:\/\/skaitytaknyga.lt\/produktas\/dvylika-zingsniu-ir-dvylika-tradiciju\/","url":"https:\/\/skaitytaknyga.lt\/produktas\/dvylika-zingsniu-ir-dvylika-tradiciju\/","name":"Dvylika \u017eingsni\u0173 ir dvylika tradicij\u0173","isPartOf":{"@id":"https:\/\/skaitytaknyga.lt\/#website"},"primaryImageOfPage":{"@id":"https:\/\/skaitytaknyga.lt\/produktas\/dvylika-zingsniu-ir-dvylika-tradiciju\/#primaryimage"},"image":{"@id":"https:\/\/skaitytaknyga.lt\/produktas\/dvylika-zingsniu-ir-dvylika-tradiciju\/#primaryimage"},"thumbnailUrl":"https:\/\/skaitytaknyga.lt\/wp-content\/uploads\/2025\/05\/Dvylika-zingsniu-ir-dvylika-tradiciju.jpg","datePublished":"2025-05-19T07:33:36+00:00","dateModified":"2025-05-24T17:16:55+00:00","description":"Anoniminiai alkoholikai (AA) \u2013 tai pasaulin\u0117 draugija vienijanti daugiau negu milijon\u0105 nari\u0173, vyr\u0173 ir moter\u0173, siekian\u010di\u0173 drauge spr\u0119sti savo problemas ir","breadcrumb":{"@id":"https:\/\/skaitytaknyga.lt\/produktas\/dvylika-zingsniu-ir-dvylika-tradiciju\/#breadcrumb"},"inLanguage":"en-GB","potentialAction":[{"@type":"ReadAction","target":["https:\/\/skaitytaknyga.lt\/produktas\/dvylika-zingsniu-ir-dvylika-tradiciju\/"]}]},{"@type":"ImageObject","inLanguage":"en-GB","@id":"https:\/\/skaitytaknyga.lt\/produktas\/dvylika-zingsniu-ir-dvylika-tradiciju\/#primaryimage","url":"https:\/\/skaitytaknyga.lt\/wp-content\/uploads\/2025\/05\/Dvylika-zingsniu-ir-dvylika-tradiciju.jpg","contentUrl":"https:\/\/skaitytaknyga.lt\/wp-content\/uploads\/2025\/05\/Dvylika-zingsniu-ir-dvylika-tradiciju.jpg","width":431,"height":575,"caption":"Dvylika \u017eingsni\u0173 ir dvylika tradicij\u0173"},{"@type":"BreadcrumbList","@id":"https:\/\/skaitytaknyga.lt\/produktas\/dvylika-zingsniu-ir-dvylika-tradiciju\/#breadcrumb","itemListElement":[{"@type":"ListItem","position":1,"name":"Home","item":"https:\/\/skaitytaknyga.lt\/"},{"@type":"ListItem","position":2,"name":"Parduotuv\u0117","item":"https:\/\/skaitytaknyga.lt\/knygu-parduotuve\/"},{"@type":"ListItem","position":3,"name":"Dvylika \u017eingsni\u0173 ir dvylika tradicij\u0173"}]},{"@type":"WebSite","@id":"https:\/\/skaitytaknyga.lt\/#website","url":"https:\/\/skaitytaknyga.lt\/","name":"skaitytaknyga.lt","description":"Skaitytaknyga.lt \u2013 tai ma\u017eas \u0161eimos verslas, kuris prasid\u0117jo nuo meil\u0117s knygoms ir siekio i\u0161gelb\u0117ti knygas nuo likimo prie konteinerio. Kas vienam nereikalingas daiktas \u2013 kitam lobis, o mes esame tarpininkai, kurie padeda abiems tapti laimingesniems ???? \u017dinome kaip nelengva i\u0161gyventi ma\u017eiems verslams, tad nuo \u0161iol, \u010dia rasite ir kit\u0173, ma\u017e\u0173 \u0161eim\u0173 versl\u0173, rank\u0173 darbo, dovan\u0173 sau ir artimiesiems.","publisher":{"@id":"https:\/\/skaitytaknyga.lt\/#organization"},"potentialAction":[{"@type":"SearchAction","target":{"@type":"EntryPoint","urlTemplate":"https:\/\/skaitytaknyga.lt\/?s={search_term_string}"},"query-input":{"@type":"PropertyValueSpecification","valueRequired":true,"valueName":"search_term_string"}}],"inLanguage":"en-GB"},{"@type":"Organization","@id":"https:\/\/skaitytaknyga.lt\/#organization","name":"skaitytaknyga.lt","url":"https:\/\/skaitytaknyga.lt\/","logo":{"@type":"ImageObject","inLanguage":"en-GB","@id":"https:\/\/skaitytaknyga.lt\/#\/schema\/logo\/image\/","url":"https:\/\/skaitytaknyga.lt\/wp-content\/uploads\/2024\/05\/cropped-cropped-cropped-02_00843_jt3bggkj1j3HLc7SyY6rEUpg.jpeg","contentUrl":"https:\/\/skaitytaknyga.lt\/wp-content\/uploads\/2024\/05\/cropped-cropped-cropped-02_00843_jt3bggkj1j3HLc7SyY6rEUpg.jpeg","width":1600,"height":1600,"caption":"skaitytaknyga.lt"},"image":{"@id":"https:\/\/skaitytaknyga.lt\/#\/schema\/logo\/image\/"},"sameAs":["https:\/\/www.facebook.com\/skaitytaknyga\/"]}]}},"_links":{"self":[{"href":"https:\/\/skaitytaknyga.lt\/en\/wp-json\/wp\/v2\/product\/18460","targetHints":{"allow":["GET"]}}],"collection":[{"href":"https:\/\/skaitytaknyga.lt\/en\/wp-json\/wp\/v2\/product"}],"about":[{"href":"https:\/\/skaitytaknyga.lt\/en\/wp-json\/wp\/v2\/types\/product"}],"replies":[{"embeddable":true,"href":"https:\/\/skaitytaknyga.lt\/en\/wp-json\/wp\/v2\/comments?post=18460"}],"wp:featuredmedia":[{"embeddable":true,"href":"https:\/\/skaitytaknyga.lt\/en\/wp-json\/wp\/v2\/media\/18474"}],"wp:attachment":[{"href":"https:\/\/skaitytaknyga.lt\/en\/wp-json\/wp\/v2\/media?parent=18460"}],"wp:term":[{"taxonomy":"product_brand","embeddable":true,"href":"https:\/\/skaitytaknyga.lt\/en\/wp-json\/wp\/v2\/product_brand?post=18460"},{"taxonomy":"product_cat","embeddable":true,"href":"https:\/\/skaitytaknyga.lt\/en\/wp-json\/wp\/v2\/product_cat?post=18460"},{"taxonomy":"product_tag","embeddable":true,"href":"https:\/\/skaitytaknyga.lt\/en\/wp-json\/wp\/v2\/product_tag?post=18460"}],"curies":[{"name":"wp","href":"https:\/\/api.w.org\/{rel}","templated":true}]}}