{"id":18459,"date":"2025-05-19T10:33:36","date_gmt":"2025-05-19T07:33:36","guid":{"rendered":"https:\/\/skaitytaknyga.lt\/?post_type=product&#038;p=18459"},"modified":"2025-07-07T09:26:44","modified_gmt":"2025-07-07T06:26:44","slug":"andzelinos-paklodes","status":"publish","type":"product","link":"https:\/\/skaitytaknyga.lt\/en\/produktas\/andzelinos-paklodes\/","title":{"rendered":"And\u017eelinos paklod\u0117s"},"content":{"rendered":"<p>A\u0161 atsid\u016briau gl\u0117byje vyro, kurio prie\u0161 keturis m\u0117nesius dar nepa\u017einojau; ta\u010diau kaitau gl\u0117byje vyro, kuris mane atgaivino, tik\u0117jo manim ir, nors man vis gyvenim\u0105 tr\u016bko pasitik\u0117jimo savimi, neabejojau, kad myl\u0117jo mane toki\u0105, kokia esu, ger\u0105 ir blog\u0105. Galvojau, kad mudu galim tapti i\u0161skirtine pora, nes mokame derintis prie kito, esame \u012fsimyl\u0117j\u0119, aistringi, lakios vaizduot\u0117s, \u017eingeid\u016bs ir turim aib\u0119 kit\u0173 savybi\u0173. Maniau, kad t\u0105 pa\u010di\u0105 minut\u0119 visk\u0105 mes\u010diau ir i\u0161ei\u010diau su juo, nesvarbu, kur, ta\u010diau \u017einodama, kad pagaliau atsiskleisiu kaip moteris ir kaip asmenyb\u0117. Ta galimyb\u0117 man prilygo pasui, tiltui \u012f svajones ir tro\u0161kimus&#8230;<\/p>\n","protected":false},"excerpt":{"rendered":"<p>A\u0161 atsid\u016briau gl\u0117byje vyro, kurio prie\u0161 keturis m\u0117nesius dar nepa\u017einojau; ta\u010diau kaitau gl\u0117byje vyro, kuris mane atgaivino, tik\u0117jo manim ir, nors man vis gyvenim\u0105 tr\u016bko pasitik\u0117jimo savimi, neabejojau, kad myl\u0117jo mane toki\u0105, kokia esu, ger\u0105 ir blog\u0105. Galvojau, kad mudu galim tapti i\u0161skirtine pora, nes mokame derintis prie kito, esame \u012fsimyl\u0117j\u0119, aistringi, lakios vaizduot\u0117s, \u017eingeid\u016bs ir turim aib\u0119 kit\u0173 savybi\u0173. Maniau, kad t\u0105 pa\u010di\u0105 minut\u0119 visk\u0105 mes\u010diau ir i\u0161ei\u010diau su juo, nesvarbu, kur, ta\u010diau \u017einodama, kad pagaliau atsiskleisiu kaip moteris ir kaip asmenyb\u0117. Ta galimyb\u0117 man prilygo pasui, tiltui \u012f svajones ir tro\u0161kimus&#8230;<\/p>\n","protected":false},"featured_media":18473,"comment_status":"open","ping_status":"closed","template":"","meta":{"_acf_changed":false,"site-sidebar-layout":"default","site-content-layout":"","ast-site-content-layout":"default","site-content-style":"default","site-sidebar-style":"default","ast-global-header-display":"","ast-banner-title-visibility":"","ast-main-header-display":"","ast-hfb-above-header-display":"","ast-hfb-below-header-display":"","ast-hfb-mobile-header-display":"","site-post-title":"","ast-breadcrumbs-content":"","ast-featured-img":"","footer-sml-layout":"","ast-disable-related-posts":"","theme-transparent-header-meta":"","adv-header-id-meta":"","stick-header-meta":"","header-above-stick-meta":"","header-main-stick-meta":"","header-below-stick-meta":"","astra-migrate-meta-layouts":"default","ast-page-background-enabled":"default","ast-page-background-meta":{"desktop":{"background-color":"","background-image":"","background-repeat":"repeat","background-position":"center center","background-size":"auto","background-attachment":"scroll","background-type":"","background-media":"","overlay-type":"","overlay-color":"","overlay-opacity":"","overlay-gradient":""},"tablet":{"background-color":"","background-image":"","background-repeat":"repeat","background-position":"center center","background-size":"auto","background-attachment":"scroll","background-type":"","background-media":"","overlay-type":"","overlay-color":"","overlay-opacity":"","overlay-gradient":""},"mobile":{"background-color":"","background-image":"","background-repeat":"repeat","background-position":"center center","background-size":"auto","background-attachment":"scroll","background-type":"","background-media":"","overlay-type":"","overlay-color":"","overlay-opacity":"","overlay-gradient":""}},"ast-content-background-meta":{"desktop":{"background-color":"var(--ast-global-color-4)","background-image":"","background-repeat":"repeat","background-position":"center center","background-size":"auto","background-attachment":"scroll","background-type":"","background-media":"","overlay-type":"","overlay-color":"","overlay-opacity":"","overlay-gradient":""},"tablet":{"background-color":"var(--ast-global-color-4)","background-image":"","background-repeat":"repeat","background-position":"center center","background-size":"auto","background-attachment":"scroll","background-type":"","background-media":"","overlay-type":"","overlay-color":"","overlay-opacity":"","overlay-gradient":""},"mobile":{"background-color":"var(--ast-global-color-4)","background-image":"","background-repeat":"repeat","background-position":"center center","background-size":"auto","background-attachment":"scroll","background-type":"","background-media":"","overlay-type":"","overlay-color":"","overlay-opacity":"","overlay-gradient":""}}},"product_brand":[],"product_cat":[31],"product_tag":[4247,1796,1745],"class_list":{"0":"post-18459","1":"product","2":"type-product","3":"status-publish","4":"has-post-thumbnail","6":"product_cat-grozine-literatura","7":"product_tag-joan-plaza","8":"product_tag-meile","9":"product_tag-romanas","10":"desktop-align-left","11":"tablet-align-left","12":"mobile-align-left","14":"first","15":"instock","16":"shipping-taxable","17":"purchasable","18":"product-type-simple"},"acf":[],"yoast_head":"<!-- This site is optimized with the Yoast SEO plugin v27.0 - https:\/\/yoast.com\/product\/yoast-seo-wordpress\/ -->\n<title>And\u017eelinos paklod\u0117s<\/title>\n<meta name=\"description\" content=\"A\u0161 atsid\u016briau gl\u0117byje vyro, kurio prie\u0161 keturis m\u0117nesius dar nepa\u017einojau; ta\u010diau kaitau gl\u0117byje vyro, kuris mane atgaivino, tik\u0117jo manim ir, nors man vis\" \/>\n<meta name=\"robots\" content=\"index, follow, max-snippet:-1, max-image-preview:large, max-video-preview:-1\" \/>\n<link rel=\"canonical\" href=\"https:\/\/skaitytaknyga.lt\/en\/produktas\/andzelinos-paklodes\/\" \/>\n<meta property=\"og:locale\" content=\"en_GB\" \/>\n<meta property=\"og:locale:alternate\" content=\"lt_LT\" \/>\n<meta property=\"og:type\" content=\"article\" \/>\n<meta property=\"og:title\" content=\"And\u017eelinos paklod\u0117s\" \/>\n<meta property=\"og:description\" content=\"A\u0161 atsid\u016briau gl\u0117byje vyro, kurio prie\u0161 keturis m\u0117nesius dar nepa\u017einojau; ta\u010diau kaitau gl\u0117byje vyro, kuris mane atgaivino, tik\u0117jo manim ir, nors man vis\" \/>\n<meta property=\"og:url\" content=\"https:\/\/skaitytaknyga.lt\/en\/produktas\/andzelinos-paklodes\/\" \/>\n<meta property=\"og:site_name\" content=\"Skaitytaknyga\" \/>\n<meta property=\"article:publisher\" content=\"https:\/\/www.facebook.com\/skaitytaknyga\/\" \/>\n<meta property=\"article:modified_time\" content=\"2025-07-07T06:26:44+00:00\" \/>\n<meta property=\"og:image\" content=\"https:\/\/skaitytaknyga.lt\/wp-content\/uploads\/2025\/05\/Andzelinos-paklodes-e1747826348221.webp\" \/>\n\t<meta property=\"og:image:width\" content=\"375\" \/>\n\t<meta property=\"og:image:height\" content=\"546\" \/>\n\t<meta property=\"og:image:type\" content=\"image\/webp\" \/>\n<meta name=\"twitter:card\" content=\"summary_large_image\" \/>\n<meta name=\"twitter:label1\" content=\"Estimated reading time\" \/>\n\t<meta name=\"twitter:data1\" content=\"1 minute\" \/>\n<script type=\"application\/ld+json\" class=\"yoast-schema-graph\">{\"@context\":\"https:\/\/schema.org\",\"@graph\":[{\"@type\":\"WebPage\",\"@id\":\"https:\/\/skaitytaknyga.lt\/produktas\/andzelinos-paklodes\/\",\"url\":\"https:\/\/skaitytaknyga.lt\/produktas\/andzelinos-paklodes\/\",\"name\":\"And\u017eelinos paklod\u0117s\",\"isPartOf\":{\"@id\":\"https:\/\/skaitytaknyga.lt\/#website\"},\"primaryImageOfPage\":{\"@id\":\"https:\/\/skaitytaknyga.lt\/produktas\/andzelinos-paklodes\/#primaryimage\"},\"image\":{\"@id\":\"https:\/\/skaitytaknyga.lt\/produktas\/andzelinos-paklodes\/#primaryimage\"},\"thumbnailUrl\":\"https:\/\/skaitytaknyga.lt\/wp-content\/uploads\/2025\/05\/Andzelinos-paklodes-e1747826348221.webp\",\"datePublished\":\"2025-05-19T07:33:36+00:00\",\"dateModified\":\"2025-07-07T06:26:44+00:00\",\"description\":\"A\u0161 atsid\u016briau gl\u0117byje vyro, kurio prie\u0161 keturis m\u0117nesius dar nepa\u017einojau; ta\u010diau kaitau gl\u0117byje vyro, kuris mane atgaivino, tik\u0117jo manim ir, nors man vis\",\"breadcrumb\":{\"@id\":\"https:\/\/skaitytaknyga.lt\/produktas\/andzelinos-paklodes\/#breadcrumb\"},\"inLanguage\":\"en-GB\",\"potentialAction\":[{\"@type\":\"ReadAction\",\"target\":[\"https:\/\/skaitytaknyga.lt\/produktas\/andzelinos-paklodes\/\"]}]},{\"@type\":\"ImageObject\",\"inLanguage\":\"en-GB\",\"@id\":\"https:\/\/skaitytaknyga.lt\/produktas\/andzelinos-paklodes\/#primaryimage\",\"url\":\"https:\/\/skaitytaknyga.lt\/wp-content\/uploads\/2025\/05\/Andzelinos-paklodes-e1747826348221.webp\",\"contentUrl\":\"https:\/\/skaitytaknyga.lt\/wp-content\/uploads\/2025\/05\/Andzelinos-paklodes-e1747826348221.webp\",\"width\":375,\"height\":546,\"caption\":\"And\u017eelinos paklod\u0117s\"},{\"@type\":\"BreadcrumbList\",\"@id\":\"https:\/\/skaitytaknyga.lt\/produktas\/andzelinos-paklodes\/#breadcrumb\",\"itemListElement\":[{\"@type\":\"ListItem\",\"position\":1,\"name\":\"Home\",\"item\":\"https:\/\/skaitytaknyga.lt\/\"},{\"@type\":\"ListItem\",\"position\":2,\"name\":\"Parduotuv\u0117\",\"item\":\"https:\/\/skaitytaknyga.lt\/knygu-parduotuve\/\"},{\"@type\":\"ListItem\",\"position\":3,\"name\":\"And\u017eelinos paklod\u0117s\"}]},{\"@type\":\"WebSite\",\"@id\":\"https:\/\/skaitytaknyga.lt\/#website\",\"url\":\"https:\/\/skaitytaknyga.lt\/\",\"name\":\"skaitytaknyga.lt\",\"description\":\"Skaitytaknyga.lt \u2013 tai ma\u017eas \u0161eimos verslas, kuris prasid\u0117jo nuo meil\u0117s knygoms ir siekio i\u0161gelb\u0117ti knygas nuo likimo prie konteinerio. Kas vienam nereikalingas daiktas \u2013 kitam lobis, o mes esame tarpininkai, kurie padeda abiems tapti laimingesniems ???? \u017dinome kaip nelengva i\u0161gyventi ma\u017eiems verslams, tad nuo \u0161iol, \u010dia rasite ir kit\u0173, ma\u017e\u0173 \u0161eim\u0173 versl\u0173, rank\u0173 darbo, dovan\u0173 sau ir artimiesiems.\",\"publisher\":{\"@id\":\"https:\/\/skaitytaknyga.lt\/#organization\"},\"potentialAction\":[{\"@type\":\"SearchAction\",\"target\":{\"@type\":\"EntryPoint\",\"urlTemplate\":\"https:\/\/skaitytaknyga.lt\/?s={search_term_string}\"},\"query-input\":{\"@type\":\"PropertyValueSpecification\",\"valueRequired\":true,\"valueName\":\"search_term_string\"}}],\"inLanguage\":\"en-GB\"},{\"@type\":\"Organization\",\"@id\":\"https:\/\/skaitytaknyga.lt\/#organization\",\"name\":\"skaitytaknyga.lt\",\"url\":\"https:\/\/skaitytaknyga.lt\/\",\"logo\":{\"@type\":\"ImageObject\",\"inLanguage\":\"en-GB\",\"@id\":\"https:\/\/skaitytaknyga.lt\/#\/schema\/logo\/image\/\",\"url\":\"https:\/\/skaitytaknyga.lt\/wp-content\/uploads\/2024\/05\/cropped-cropped-cropped-02_00843_jt3bggkj1j3HLc7SyY6rEUpg.jpeg\",\"contentUrl\":\"https:\/\/skaitytaknyga.lt\/wp-content\/uploads\/2024\/05\/cropped-cropped-cropped-02_00843_jt3bggkj1j3HLc7SyY6rEUpg.jpeg\",\"width\":1600,\"height\":1600,\"caption\":\"skaitytaknyga.lt\"},\"image\":{\"@id\":\"https:\/\/skaitytaknyga.lt\/#\/schema\/logo\/image\/\"},\"sameAs\":[\"https:\/\/www.facebook.com\/skaitytaknyga\/\"]}]}<\/script>\n<!-- \/ Yoast SEO plugin. -->","yoast_head_json":{"title":"And\u017eelinos paklod\u0117s","description":"A\u0161 atsid\u016briau gl\u0117byje vyro, kurio prie\u0161 keturis m\u0117nesius dar nepa\u017einojau; ta\u010diau kaitau gl\u0117byje vyro, kuris mane atgaivino, tik\u0117jo manim ir, nors man vis","robots":{"index":"index","follow":"follow","max-snippet":"max-snippet:-1","max-image-preview":"max-image-preview:large","max-video-preview":"max-video-preview:-1"},"canonical":"https:\/\/skaitytaknyga.lt\/en\/produktas\/andzelinos-paklodes\/","og_locale":"en_GB","og_type":"article","og_title":"[:lt]And\u017eelinos paklod\u0117s[:] - Skaitytaknyga","og_description":"A\u0161 atsid\u016briau gl\u0117byje vyro, kurio prie\u0161 keturis m\u0117nesius dar nepa\u017einojau; ta\u010diau kaitau gl\u0117byje vyro, kuris mane atgaivino, tik\u0117jo manim ir, nors man vis","og_url":"https:\/\/skaitytaknyga.lt\/en\/produktas\/andzelinos-paklodes\/","og_site_name":"Skaitytaknyga","article_publisher":"https:\/\/www.facebook.com\/skaitytaknyga\/","article_modified_time":"2025-07-07T06:26:44+00:00","og_image":[{"width":375,"height":546,"url":"https:\/\/skaitytaknyga.lt\/wp-content\/uploads\/2025\/05\/Andzelinos-paklodes-e1747826348221.webp","type":"image\/webp"}],"twitter_card":"summary_large_image","twitter_misc":{"Estimated reading time":"1 minute"},"schema":{"@context":"https:\/\/schema.org","@graph":[{"@type":"WebPage","@id":"https:\/\/skaitytaknyga.lt\/produktas\/andzelinos-paklodes\/","url":"https:\/\/skaitytaknyga.lt\/produktas\/andzelinos-paklodes\/","name":"And\u017eelinos paklod\u0117s","isPartOf":{"@id":"https:\/\/skaitytaknyga.lt\/#website"},"primaryImageOfPage":{"@id":"https:\/\/skaitytaknyga.lt\/produktas\/andzelinos-paklodes\/#primaryimage"},"image":{"@id":"https:\/\/skaitytaknyga.lt\/produktas\/andzelinos-paklodes\/#primaryimage"},"thumbnailUrl":"https:\/\/skaitytaknyga.lt\/wp-content\/uploads\/2025\/05\/Andzelinos-paklodes-e1747826348221.webp","datePublished":"2025-05-19T07:33:36+00:00","dateModified":"2025-07-07T06:26:44+00:00","description":"A\u0161 atsid\u016briau gl\u0117byje vyro, kurio prie\u0161 keturis m\u0117nesius dar nepa\u017einojau; ta\u010diau kaitau gl\u0117byje vyro, kuris mane atgaivino, tik\u0117jo manim ir, nors man vis","breadcrumb":{"@id":"https:\/\/skaitytaknyga.lt\/produktas\/andzelinos-paklodes\/#breadcrumb"},"inLanguage":"en-GB","potentialAction":[{"@type":"ReadAction","target":["https:\/\/skaitytaknyga.lt\/produktas\/andzelinos-paklodes\/"]}]},{"@type":"ImageObject","inLanguage":"en-GB","@id":"https:\/\/skaitytaknyga.lt\/produktas\/andzelinos-paklodes\/#primaryimage","url":"https:\/\/skaitytaknyga.lt\/wp-content\/uploads\/2025\/05\/Andzelinos-paklodes-e1747826348221.webp","contentUrl":"https:\/\/skaitytaknyga.lt\/wp-content\/uploads\/2025\/05\/Andzelinos-paklodes-e1747826348221.webp","width":375,"height":546,"caption":"And\u017eelinos paklod\u0117s"},{"@type":"BreadcrumbList","@id":"https:\/\/skaitytaknyga.lt\/produktas\/andzelinos-paklodes\/#breadcrumb","itemListElement":[{"@type":"ListItem","position":1,"name":"Home","item":"https:\/\/skaitytaknyga.lt\/"},{"@type":"ListItem","position":2,"name":"Parduotuv\u0117","item":"https:\/\/skaitytaknyga.lt\/knygu-parduotuve\/"},{"@type":"ListItem","position":3,"name":"And\u017eelinos paklod\u0117s"}]},{"@type":"WebSite","@id":"https:\/\/skaitytaknyga.lt\/#website","url":"https:\/\/skaitytaknyga.lt\/","name":"skaitytaknyga.lt","description":"Skaitytaknyga.lt \u2013 tai ma\u017eas \u0161eimos verslas, kuris prasid\u0117jo nuo meil\u0117s knygoms ir siekio i\u0161gelb\u0117ti knygas nuo likimo prie konteinerio. Kas vienam nereikalingas daiktas \u2013 kitam lobis, o mes esame tarpininkai, kurie padeda abiems tapti laimingesniems ???? \u017dinome kaip nelengva i\u0161gyventi ma\u017eiems verslams, tad nuo \u0161iol, \u010dia rasite ir kit\u0173, ma\u017e\u0173 \u0161eim\u0173 versl\u0173, rank\u0173 darbo, dovan\u0173 sau ir artimiesiems.","publisher":{"@id":"https:\/\/skaitytaknyga.lt\/#organization"},"potentialAction":[{"@type":"SearchAction","target":{"@type":"EntryPoint","urlTemplate":"https:\/\/skaitytaknyga.lt\/?s={search_term_string}"},"query-input":{"@type":"PropertyValueSpecification","valueRequired":true,"valueName":"search_term_string"}}],"inLanguage":"en-GB"},{"@type":"Organization","@id":"https:\/\/skaitytaknyga.lt\/#organization","name":"skaitytaknyga.lt","url":"https:\/\/skaitytaknyga.lt\/","logo":{"@type":"ImageObject","inLanguage":"en-GB","@id":"https:\/\/skaitytaknyga.lt\/#\/schema\/logo\/image\/","url":"https:\/\/skaitytaknyga.lt\/wp-content\/uploads\/2024\/05\/cropped-cropped-cropped-02_00843_jt3bggkj1j3HLc7SyY6rEUpg.jpeg","contentUrl":"https:\/\/skaitytaknyga.lt\/wp-content\/uploads\/2024\/05\/cropped-cropped-cropped-02_00843_jt3bggkj1j3HLc7SyY6rEUpg.jpeg","width":1600,"height":1600,"caption":"skaitytaknyga.lt"},"image":{"@id":"https:\/\/skaitytaknyga.lt\/#\/schema\/logo\/image\/"},"sameAs":["https:\/\/www.facebook.com\/skaitytaknyga\/"]}]}},"_links":{"self":[{"href":"https:\/\/skaitytaknyga.lt\/en\/wp-json\/wp\/v2\/product\/18459","targetHints":{"allow":["GET"]}}],"collection":[{"href":"https:\/\/skaitytaknyga.lt\/en\/wp-json\/wp\/v2\/product"}],"about":[{"href":"https:\/\/skaitytaknyga.lt\/en\/wp-json\/wp\/v2\/types\/product"}],"replies":[{"embeddable":true,"href":"https:\/\/skaitytaknyga.lt\/en\/wp-json\/wp\/v2\/comments?post=18459"}],"wp:featuredmedia":[{"embeddable":true,"href":"https:\/\/skaitytaknyga.lt\/en\/wp-json\/wp\/v2\/media\/18473"}],"wp:attachment":[{"href":"https:\/\/skaitytaknyga.lt\/en\/wp-json\/wp\/v2\/media?parent=18459"}],"wp:term":[{"taxonomy":"product_brand","embeddable":true,"href":"https:\/\/skaitytaknyga.lt\/en\/wp-json\/wp\/v2\/product_brand?post=18459"},{"taxonomy":"product_cat","embeddable":true,"href":"https:\/\/skaitytaknyga.lt\/en\/wp-json\/wp\/v2\/product_cat?post=18459"},{"taxonomy":"product_tag","embeddable":true,"href":"https:\/\/skaitytaknyga.lt\/en\/wp-json\/wp\/v2\/product_tag?post=18459"}],"curies":[{"name":"wp","href":"https:\/\/api.w.org\/{rel}","templated":true}]}}