{"id":18458,"date":"2025-05-19T10:33:36","date_gmt":"2025-05-19T07:33:36","guid":{"rendered":"https:\/\/skaitytaknyga.lt\/?post_type=product&#038;p=18458"},"modified":"2025-07-07T09:26:44","modified_gmt":"2025-07-07T06:26:44","slug":"simto-zingsniu-kelione-nuo-bombejaus-iki-paryziaus","status":"publish","type":"product","link":"https:\/\/skaitytaknyga.lt\/en\/produktas\/simto-zingsniu-kelione-nuo-bombejaus-iki-paryziaus\/","title":{"rendered":"\u0160imto \u017eingsni\u0173 kelion\u0117. Nuo Bomb\u0117jaus iki Pary\u017eiaus"},"content":{"rendered":"<p><strong>\u201e\u0160imto \u017eingsni\u0173 kelion\u0117\u201c<\/strong>\u00a0\u2013 tarptautinis bestseleris, alsuojantis spalvomis, prieskoniais ir kvapais, atskleid\u017eiantis kult\u016br\u0173 skirtumus, bet vienijantis visus, kam nesvetimas geras skonis&#8230;<\/p>\n<p>\u012e nuo\u0161al\u0173 Pranc\u016bzijos miestel\u012f Liumjer\u0105 netik\u0117tai u\u017eklysta triuk\u0161minga ind\u0173 Had\u017ei\u0173 \u0161eima. Miestelis gars\u0117ja dvi \u201eMichelin\u201c \u017evaig\u017edutes turin\u010diu prabangiu restoranu ir did\u017eiuojasi jo savininke madam Malori. Tad argi neakipl\u0117\u0161i\u0161ka atvyk\u0117liams atidaryti kariu kvepiant\u012f indi\u0161k\u0105 restoran\u0105 tiesiog kitoje gatv\u0117s pus\u0117je?<\/p>\n<p>Paskelbtas restoran\u0173 karas netrunka atskleisti jaunojo Hasano Had\u017eio, kur\u012f nuo vaikyst\u0117s lyd\u0117jo u\u017eburiantys virtuv\u0117s kvapai ir senelio restorano Bomb\u0117juje triuk\u0161mas, kulinarinius talentus. Jis \u2013 ne paprastas vir\u0117jas, jis \u2013 tikras menininkas.<\/p>\n<p>Rafinuoto skonio madam Malori i\u0161 karto \u012f\u017evelgia jaunuolio galimybes. \u0160imtas \u017eingsni\u0173 skiria jos subtili\u0105 ir pra\u0161matni\u0105 pranc\u016bz\u0173 virtuv\u0119 nuo a\u0161traus skonio indi\u0161ko restorano. Dar daugiau \u017eingsni\u0173 tarp Liumjero ir Pary\u017eiaus, \u012f kur\u012f Hasanas pakvie\u010diamas. Bet ar i\u0161keliauti nesutrukdys romanti\u0161ki jausmai \u017eaviajai kolegei Margaretai&#8230;<\/p>\n<p>Romanas\u00a0<strong>\u201e\u0160imto \u017eingsni\u0173 kelion\u0117\u201c<\/strong>\u00a0\u2013 tai ne tik Hasano kelion\u0117 i\u0161 Bomb\u0117jaus \u012f Pary\u017eiaus Haute cuisine, bet ir \u012f pat\u012f save.<\/p>\n","protected":false},"excerpt":{"rendered":"<p>\u201e\u0160imto \u017eingsni\u0173 kelion\u0117\u201c\u00a0\u2013 tarptautinis bestseleris, alsuojantis spalvomis, prieskoniais ir kvapais, atskleid\u017eiantis kult\u016br\u0173 skirtumus, bet vienijantis visus, kam nesvetimas geras skonis&#8230; \u012e nuo\u0161al\u0173 Pranc\u016bzijos miestel\u012f Liumjer\u0105 netik\u0117tai u\u017eklysta triuk\u0161minga ind\u0173 Had\u017ei\u0173 \u0161eima. Miestelis gars\u0117ja dvi \u201eMichelin\u201c \u017evaig\u017edutes turin\u010diu prabangiu restoranu ir did\u017eiuojasi jo savininke madam Malori. Tad argi neakipl\u0117\u0161i\u0161ka atvyk\u0117liams atidaryti kariu kvepiant\u012f indi\u0161k\u0105 restoran\u0105 tiesiog kitoje gatv\u0117s pus\u0117je? Paskelbtas restoran\u0173 karas netrunka atskleisti jaunojo Hasano Had\u017eio, kur\u012f nuo vaikyst\u0117s lyd\u0117jo u\u017eburiantys virtuv\u0117s kvapai ir senelio restorano Bomb\u0117juje triuk\u0161mas, kulinarinius talentus. Jis \u2013 ne paprastas vir\u0117jas, jis \u2013 tikras menininkas. Rafinuoto skonio madam Malori i\u0161 karto \u012f\u017evelgia jaunuolio galimybes. \u0160imtas \u017eingsni\u0173 skiria jos subtili\u0105 ir pra\u0161matni\u0105 pranc\u016bz\u0173 virtuv\u0119 nuo a\u0161traus skonio indi\u0161ko restorano. Dar daugiau \u017eingsni\u0173 tarp Liumjero ir Pary\u017eiaus, \u012f kur\u012f Hasanas pakvie\u010diamas. Bet ar i\u0161keliauti nesutrukdys romanti\u0161ki jausmai \u017eaviajai kolegei Margaretai&#8230; Romanas\u00a0\u201e\u0160imto \u017eingsni\u0173 kelion\u0117\u201c\u00a0\u2013 tai ne tik Hasano kelion\u0117 i\u0161 Bomb\u0117jaus \u012f Pary\u017eiaus Haute cuisine, bet ir \u012f pat\u012f save.<\/p>\n","protected":false},"featured_media":18472,"comment_status":"open","ping_status":"closed","template":"","meta":{"_acf_changed":false,"site-sidebar-layout":"default","site-content-layout":"","ast-site-content-layout":"default","site-content-style":"default","site-sidebar-style":"default","ast-global-header-display":"","ast-banner-title-visibility":"","ast-main-header-display":"","ast-hfb-above-header-display":"","ast-hfb-below-header-display":"","ast-hfb-mobile-header-display":"","site-post-title":"","ast-breadcrumbs-content":"","ast-featured-img":"","footer-sml-layout":"","ast-disable-related-posts":"","theme-transparent-header-meta":"","adv-header-id-meta":"","stick-header-meta":"","header-above-stick-meta":"","header-main-stick-meta":"","header-below-stick-meta":"","astra-migrate-meta-layouts":"default","ast-page-background-enabled":"default","ast-page-background-meta":{"desktop":{"background-color":"","background-image":"","background-repeat":"repeat","background-position":"center center","background-size":"auto","background-attachment":"scroll","background-type":"","background-media":"","overlay-type":"","overlay-color":"","overlay-opacity":"","overlay-gradient":""},"tablet":{"background-color":"","background-image":"","background-repeat":"repeat","background-position":"center center","background-size":"auto","background-attachment":"scroll","background-type":"","background-media":"","overlay-type":"","overlay-color":"","overlay-opacity":"","overlay-gradient":""},"mobile":{"background-color":"","background-image":"","background-repeat":"repeat","background-position":"center center","background-size":"auto","background-attachment":"scroll","background-type":"","background-media":"","overlay-type":"","overlay-color":"","overlay-opacity":"","overlay-gradient":""}},"ast-content-background-meta":{"desktop":{"background-color":"var(--ast-global-color-4)","background-image":"","background-repeat":"repeat","background-position":"center center","background-size":"auto","background-attachment":"scroll","background-type":"","background-media":"","overlay-type":"","overlay-color":"","overlay-opacity":"","overlay-gradient":""},"tablet":{"background-color":"var(--ast-global-color-4)","background-image":"","background-repeat":"repeat","background-position":"center center","background-size":"auto","background-attachment":"scroll","background-type":"","background-media":"","overlay-type":"","overlay-color":"","overlay-opacity":"","overlay-gradient":""},"mobile":{"background-color":"var(--ast-global-color-4)","background-image":"","background-repeat":"repeat","background-position":"center center","background-size":"auto","background-attachment":"scroll","background-type":"","background-media":"","overlay-type":"","overlay-color":"","overlay-opacity":"","overlay-gradient":""}}},"product_brand":[],"product_cat":[31],"product_tag":[4245,1445,1881,2831,4246],"class_list":{"0":"post-18458","1":"product","2":"type-product","3":"status-publish","4":"has-post-thumbnail","6":"product_cat-grozine-literatura","7":"product_tag-indija","8":"product_tag-keliones","9":"product_tag-kulinarija","10":"product_tag-prancuzija","11":"product_tag-richard-c-morais","12":"desktop-align-left","13":"tablet-align-left","14":"mobile-align-left","16":"first","17":"instock","18":"shipping-taxable","19":"purchasable","20":"product-type-simple"},"acf":[],"yoast_head":"<!-- This site is optimized with the Yoast SEO plugin v27.0 - https:\/\/yoast.com\/product\/yoast-seo-wordpress\/ -->\n<title>\u0160imto \u017eingsni\u0173 kelion\u0117. Nuo Bomb\u0117jaus iki Pary\u017eiaus<\/title>\n<meta name=\"description\" content=\"\u201e\u0160imto \u017eingsni\u0173 kelion\u0117\u201c\u00a0\u2013 tarptautinis bestseleris, alsuojantis spalvomis, prieskoniais ir kvapais, atskleid\u017eiantis kult\u016br\u0173 skirtumus, bet vienijantis\" \/>\n<meta name=\"robots\" content=\"index, follow, max-snippet:-1, max-image-preview:large, max-video-preview:-1\" \/>\n<link rel=\"canonical\" href=\"https:\/\/skaitytaknyga.lt\/en\/produktas\/simto-zingsniu-kelione-nuo-bombejaus-iki-paryziaus\/\" \/>\n<meta property=\"og:locale\" content=\"en_GB\" \/>\n<meta property=\"og:locale:alternate\" content=\"lt_LT\" \/>\n<meta property=\"og:type\" content=\"article\" \/>\n<meta property=\"og:title\" content=\"\u0160imto \u017eingsni\u0173 kelion\u0117. Nuo Bomb\u0117jaus iki Pary\u017eiaus\" \/>\n<meta property=\"og:description\" content=\"\u201e\u0160imto \u017eingsni\u0173 kelion\u0117\u201c\u00a0\u2013 tarptautinis bestseleris, alsuojantis spalvomis, prieskoniais ir kvapais, atskleid\u017eiantis kult\u016br\u0173 skirtumus, bet vienijantis\" \/>\n<meta property=\"og:url\" content=\"https:\/\/skaitytaknyga.lt\/en\/produktas\/simto-zingsniu-kelione-nuo-bombejaus-iki-paryziaus\/\" \/>\n<meta property=\"og:site_name\" content=\"Skaitytaknyga\" \/>\n<meta property=\"article:publisher\" content=\"https:\/\/www.facebook.com\/skaitytaknyga\/\" \/>\n<meta property=\"article:modified_time\" content=\"2025-07-07T06:26:44+00:00\" \/>\n<meta property=\"og:image\" content=\"https:\/\/skaitytaknyga.lt\/wp-content\/uploads\/2025\/05\/Simto-zingsniu-kelione.-Nuo-Bombejaus-iki-Paryziaus.webp\" \/>\n\t<meta property=\"og:image:width\" content=\"534\" \/>\n\t<meta property=\"og:image:height\" content=\"801\" \/>\n\t<meta property=\"og:image:type\" content=\"image\/webp\" \/>\n<meta name=\"twitter:card\" content=\"summary_large_image\" \/>\n<meta name=\"twitter:label1\" content=\"Estimated reading time\" \/>\n\t<meta name=\"twitter:data1\" content=\"1 minute\" \/>\n<script type=\"application\/ld+json\" class=\"yoast-schema-graph\">{\"@context\":\"https:\/\/schema.org\",\"@graph\":[{\"@type\":\"WebPage\",\"@id\":\"https:\/\/skaitytaknyga.lt\/produktas\/simto-zingsniu-kelione-nuo-bombejaus-iki-paryziaus\/\",\"url\":\"https:\/\/skaitytaknyga.lt\/produktas\/simto-zingsniu-kelione-nuo-bombejaus-iki-paryziaus\/\",\"name\":\"\u0160imto \u017eingsni\u0173 kelion\u0117. Nuo Bomb\u0117jaus iki Pary\u017eiaus\",\"isPartOf\":{\"@id\":\"https:\/\/skaitytaknyga.lt\/#website\"},\"primaryImageOfPage\":{\"@id\":\"https:\/\/skaitytaknyga.lt\/produktas\/simto-zingsniu-kelione-nuo-bombejaus-iki-paryziaus\/#primaryimage\"},\"image\":{\"@id\":\"https:\/\/skaitytaknyga.lt\/produktas\/simto-zingsniu-kelione-nuo-bombejaus-iki-paryziaus\/#primaryimage\"},\"thumbnailUrl\":\"https:\/\/skaitytaknyga.lt\/wp-content\/uploads\/2025\/05\/Simto-zingsniu-kelione.-Nuo-Bombejaus-iki-Paryziaus.webp\",\"datePublished\":\"2025-05-19T07:33:36+00:00\",\"dateModified\":\"2025-07-07T06:26:44+00:00\",\"description\":\"\u201e\u0160imto \u017eingsni\u0173 kelion\u0117\u201c\u00a0\u2013 tarptautinis bestseleris, alsuojantis spalvomis, prieskoniais ir kvapais, atskleid\u017eiantis kult\u016br\u0173 skirtumus, bet vienijantis\",\"breadcrumb\":{\"@id\":\"https:\/\/skaitytaknyga.lt\/produktas\/simto-zingsniu-kelione-nuo-bombejaus-iki-paryziaus\/#breadcrumb\"},\"inLanguage\":\"en-GB\",\"potentialAction\":[{\"@type\":\"ReadAction\",\"target\":[\"https:\/\/skaitytaknyga.lt\/produktas\/simto-zingsniu-kelione-nuo-bombejaus-iki-paryziaus\/\"]}]},{\"@type\":\"ImageObject\",\"inLanguage\":\"en-GB\",\"@id\":\"https:\/\/skaitytaknyga.lt\/produktas\/simto-zingsniu-kelione-nuo-bombejaus-iki-paryziaus\/#primaryimage\",\"url\":\"https:\/\/skaitytaknyga.lt\/wp-content\/uploads\/2025\/05\/Simto-zingsniu-kelione.-Nuo-Bombejaus-iki-Paryziaus.webp\",\"contentUrl\":\"https:\/\/skaitytaknyga.lt\/wp-content\/uploads\/2025\/05\/Simto-zingsniu-kelione.-Nuo-Bombejaus-iki-Paryziaus.webp\",\"width\":534,\"height\":801,\"caption\":\"\u0160imto \u017eingsni\u0173 kelion\u0117. Nuo Bomb\u0117jaus iki Pary\u017eiaus\"},{\"@type\":\"BreadcrumbList\",\"@id\":\"https:\/\/skaitytaknyga.lt\/produktas\/simto-zingsniu-kelione-nuo-bombejaus-iki-paryziaus\/#breadcrumb\",\"itemListElement\":[{\"@type\":\"ListItem\",\"position\":1,\"name\":\"Home\",\"item\":\"https:\/\/skaitytaknyga.lt\/\"},{\"@type\":\"ListItem\",\"position\":2,\"name\":\"Parduotuv\u0117\",\"item\":\"https:\/\/skaitytaknyga.lt\/knygu-parduotuve\/\"},{\"@type\":\"ListItem\",\"position\":3,\"name\":\"\u0160imto \u017eingsni\u0173 kelion\u0117. Nuo Bomb\u0117jaus iki Pary\u017eiaus\"}]},{\"@type\":\"WebSite\",\"@id\":\"https:\/\/skaitytaknyga.lt\/#website\",\"url\":\"https:\/\/skaitytaknyga.lt\/\",\"name\":\"skaitytaknyga.lt\",\"description\":\"Skaitytaknyga.lt \u2013 tai ma\u017eas \u0161eimos verslas, kuris prasid\u0117jo nuo meil\u0117s knygoms ir siekio i\u0161gelb\u0117ti knygas nuo likimo prie konteinerio. Kas vienam nereikalingas daiktas \u2013 kitam lobis, o mes esame tarpininkai, kurie padeda abiems tapti laimingesniems ???? \u017dinome kaip nelengva i\u0161gyventi ma\u017eiems verslams, tad nuo \u0161iol, \u010dia rasite ir kit\u0173, ma\u017e\u0173 \u0161eim\u0173 versl\u0173, rank\u0173 darbo, dovan\u0173 sau ir artimiesiems.\",\"publisher\":{\"@id\":\"https:\/\/skaitytaknyga.lt\/#organization\"},\"potentialAction\":[{\"@type\":\"SearchAction\",\"target\":{\"@type\":\"EntryPoint\",\"urlTemplate\":\"https:\/\/skaitytaknyga.lt\/?s={search_term_string}\"},\"query-input\":{\"@type\":\"PropertyValueSpecification\",\"valueRequired\":true,\"valueName\":\"search_term_string\"}}],\"inLanguage\":\"en-GB\"},{\"@type\":\"Organization\",\"@id\":\"https:\/\/skaitytaknyga.lt\/#organization\",\"name\":\"skaitytaknyga.lt\",\"url\":\"https:\/\/skaitytaknyga.lt\/\",\"logo\":{\"@type\":\"ImageObject\",\"inLanguage\":\"en-GB\",\"@id\":\"https:\/\/skaitytaknyga.lt\/#\/schema\/logo\/image\/\",\"url\":\"https:\/\/skaitytaknyga.lt\/wp-content\/uploads\/2024\/05\/cropped-cropped-cropped-02_00843_jt3bggkj1j3HLc7SyY6rEUpg.jpeg\",\"contentUrl\":\"https:\/\/skaitytaknyga.lt\/wp-content\/uploads\/2024\/05\/cropped-cropped-cropped-02_00843_jt3bggkj1j3HLc7SyY6rEUpg.jpeg\",\"width\":1600,\"height\":1600,\"caption\":\"skaitytaknyga.lt\"},\"image\":{\"@id\":\"https:\/\/skaitytaknyga.lt\/#\/schema\/logo\/image\/\"},\"sameAs\":[\"https:\/\/www.facebook.com\/skaitytaknyga\/\"]}]}<\/script>\n<!-- \/ Yoast SEO plugin. -->","yoast_head_json":{"title":"\u0160imto \u017eingsni\u0173 kelion\u0117. Nuo Bomb\u0117jaus iki Pary\u017eiaus","description":"\u201e\u0160imto \u017eingsni\u0173 kelion\u0117\u201c\u00a0\u2013 tarptautinis bestseleris, alsuojantis spalvomis, prieskoniais ir kvapais, atskleid\u017eiantis kult\u016br\u0173 skirtumus, bet vienijantis","robots":{"index":"index","follow":"follow","max-snippet":"max-snippet:-1","max-image-preview":"max-image-preview:large","max-video-preview":"max-video-preview:-1"},"canonical":"https:\/\/skaitytaknyga.lt\/en\/produktas\/simto-zingsniu-kelione-nuo-bombejaus-iki-paryziaus\/","og_locale":"en_GB","og_type":"article","og_title":"[:lt]\u0160imto \u017eingsni\u0173 kelion\u0117. Nuo Bomb\u0117jaus iki Pary\u017eiaus[:] - Skaitytaknyga","og_description":"\u201e\u0160imto \u017eingsni\u0173 kelion\u0117\u201c\u00a0\u2013 tarptautinis bestseleris, alsuojantis spalvomis, prieskoniais ir kvapais, atskleid\u017eiantis kult\u016br\u0173 skirtumus, bet vienijantis","og_url":"https:\/\/skaitytaknyga.lt\/en\/produktas\/simto-zingsniu-kelione-nuo-bombejaus-iki-paryziaus\/","og_site_name":"Skaitytaknyga","article_publisher":"https:\/\/www.facebook.com\/skaitytaknyga\/","article_modified_time":"2025-07-07T06:26:44+00:00","og_image":[{"width":534,"height":801,"url":"https:\/\/skaitytaknyga.lt\/wp-content\/uploads\/2025\/05\/Simto-zingsniu-kelione.-Nuo-Bombejaus-iki-Paryziaus.webp","type":"image\/webp"}],"twitter_card":"summary_large_image","twitter_misc":{"Estimated reading time":"1 minute"},"schema":{"@context":"https:\/\/schema.org","@graph":[{"@type":"WebPage","@id":"https:\/\/skaitytaknyga.lt\/produktas\/simto-zingsniu-kelione-nuo-bombejaus-iki-paryziaus\/","url":"https:\/\/skaitytaknyga.lt\/produktas\/simto-zingsniu-kelione-nuo-bombejaus-iki-paryziaus\/","name":"\u0160imto \u017eingsni\u0173 kelion\u0117. Nuo Bomb\u0117jaus iki Pary\u017eiaus","isPartOf":{"@id":"https:\/\/skaitytaknyga.lt\/#website"},"primaryImageOfPage":{"@id":"https:\/\/skaitytaknyga.lt\/produktas\/simto-zingsniu-kelione-nuo-bombejaus-iki-paryziaus\/#primaryimage"},"image":{"@id":"https:\/\/skaitytaknyga.lt\/produktas\/simto-zingsniu-kelione-nuo-bombejaus-iki-paryziaus\/#primaryimage"},"thumbnailUrl":"https:\/\/skaitytaknyga.lt\/wp-content\/uploads\/2025\/05\/Simto-zingsniu-kelione.-Nuo-Bombejaus-iki-Paryziaus.webp","datePublished":"2025-05-19T07:33:36+00:00","dateModified":"2025-07-07T06:26:44+00:00","description":"\u201e\u0160imto \u017eingsni\u0173 kelion\u0117\u201c\u00a0\u2013 tarptautinis bestseleris, alsuojantis spalvomis, prieskoniais ir kvapais, atskleid\u017eiantis kult\u016br\u0173 skirtumus, bet vienijantis","breadcrumb":{"@id":"https:\/\/skaitytaknyga.lt\/produktas\/simto-zingsniu-kelione-nuo-bombejaus-iki-paryziaus\/#breadcrumb"},"inLanguage":"en-GB","potentialAction":[{"@type":"ReadAction","target":["https:\/\/skaitytaknyga.lt\/produktas\/simto-zingsniu-kelione-nuo-bombejaus-iki-paryziaus\/"]}]},{"@type":"ImageObject","inLanguage":"en-GB","@id":"https:\/\/skaitytaknyga.lt\/produktas\/simto-zingsniu-kelione-nuo-bombejaus-iki-paryziaus\/#primaryimage","url":"https:\/\/skaitytaknyga.lt\/wp-content\/uploads\/2025\/05\/Simto-zingsniu-kelione.-Nuo-Bombejaus-iki-Paryziaus.webp","contentUrl":"https:\/\/skaitytaknyga.lt\/wp-content\/uploads\/2025\/05\/Simto-zingsniu-kelione.-Nuo-Bombejaus-iki-Paryziaus.webp","width":534,"height":801,"caption":"\u0160imto \u017eingsni\u0173 kelion\u0117. Nuo Bomb\u0117jaus iki Pary\u017eiaus"},{"@type":"BreadcrumbList","@id":"https:\/\/skaitytaknyga.lt\/produktas\/simto-zingsniu-kelione-nuo-bombejaus-iki-paryziaus\/#breadcrumb","itemListElement":[{"@type":"ListItem","position":1,"name":"Home","item":"https:\/\/skaitytaknyga.lt\/"},{"@type":"ListItem","position":2,"name":"Parduotuv\u0117","item":"https:\/\/skaitytaknyga.lt\/knygu-parduotuve\/"},{"@type":"ListItem","position":3,"name":"\u0160imto \u017eingsni\u0173 kelion\u0117. Nuo Bomb\u0117jaus iki Pary\u017eiaus"}]},{"@type":"WebSite","@id":"https:\/\/skaitytaknyga.lt\/#website","url":"https:\/\/skaitytaknyga.lt\/","name":"skaitytaknyga.lt","description":"Skaitytaknyga.lt \u2013 tai ma\u017eas \u0161eimos verslas, kuris prasid\u0117jo nuo meil\u0117s knygoms ir siekio i\u0161gelb\u0117ti knygas nuo likimo prie konteinerio. Kas vienam nereikalingas daiktas \u2013 kitam lobis, o mes esame tarpininkai, kurie padeda abiems tapti laimingesniems ???? \u017dinome kaip nelengva i\u0161gyventi ma\u017eiems verslams, tad nuo \u0161iol, \u010dia rasite ir kit\u0173, ma\u017e\u0173 \u0161eim\u0173 versl\u0173, rank\u0173 darbo, dovan\u0173 sau ir artimiesiems.","publisher":{"@id":"https:\/\/skaitytaknyga.lt\/#organization"},"potentialAction":[{"@type":"SearchAction","target":{"@type":"EntryPoint","urlTemplate":"https:\/\/skaitytaknyga.lt\/?s={search_term_string}"},"query-input":{"@type":"PropertyValueSpecification","valueRequired":true,"valueName":"search_term_string"}}],"inLanguage":"en-GB"},{"@type":"Organization","@id":"https:\/\/skaitytaknyga.lt\/#organization","name":"skaitytaknyga.lt","url":"https:\/\/skaitytaknyga.lt\/","logo":{"@type":"ImageObject","inLanguage":"en-GB","@id":"https:\/\/skaitytaknyga.lt\/#\/schema\/logo\/image\/","url":"https:\/\/skaitytaknyga.lt\/wp-content\/uploads\/2024\/05\/cropped-cropped-cropped-02_00843_jt3bggkj1j3HLc7SyY6rEUpg.jpeg","contentUrl":"https:\/\/skaitytaknyga.lt\/wp-content\/uploads\/2024\/05\/cropped-cropped-cropped-02_00843_jt3bggkj1j3HLc7SyY6rEUpg.jpeg","width":1600,"height":1600,"caption":"skaitytaknyga.lt"},"image":{"@id":"https:\/\/skaitytaknyga.lt\/#\/schema\/logo\/image\/"},"sameAs":["https:\/\/www.facebook.com\/skaitytaknyga\/"]}]}},"_links":{"self":[{"href":"https:\/\/skaitytaknyga.lt\/en\/wp-json\/wp\/v2\/product\/18458","targetHints":{"allow":["GET"]}}],"collection":[{"href":"https:\/\/skaitytaknyga.lt\/en\/wp-json\/wp\/v2\/product"}],"about":[{"href":"https:\/\/skaitytaknyga.lt\/en\/wp-json\/wp\/v2\/types\/product"}],"replies":[{"embeddable":true,"href":"https:\/\/skaitytaknyga.lt\/en\/wp-json\/wp\/v2\/comments?post=18458"}],"wp:featuredmedia":[{"embeddable":true,"href":"https:\/\/skaitytaknyga.lt\/en\/wp-json\/wp\/v2\/media\/18472"}],"wp:attachment":[{"href":"https:\/\/skaitytaknyga.lt\/en\/wp-json\/wp\/v2\/media?parent=18458"}],"wp:term":[{"taxonomy":"product_brand","embeddable":true,"href":"https:\/\/skaitytaknyga.lt\/en\/wp-json\/wp\/v2\/product_brand?post=18458"},{"taxonomy":"product_cat","embeddable":true,"href":"https:\/\/skaitytaknyga.lt\/en\/wp-json\/wp\/v2\/product_cat?post=18458"},{"taxonomy":"product_tag","embeddable":true,"href":"https:\/\/skaitytaknyga.lt\/en\/wp-json\/wp\/v2\/product_tag?post=18458"}],"curies":[{"name":"wp","href":"https:\/\/api.w.org\/{rel}","templated":true}]}}