{"id":18457,"date":"2025-05-19T10:33:35","date_gmt":"2025-05-19T07:33:35","guid":{"rendered":"https:\/\/skaitytaknyga.lt\/?post_type=product&#038;p=18457"},"modified":"2025-05-21T14:40:09","modified_gmt":"2025-05-21T11:40:09","slug":"lietuvos-metrika-5-knyga-1427-1506","status":"publish","type":"product","link":"https:\/\/skaitytaknyga.lt\/en\/produktas\/lietuvos-metrika-5-knyga-1427-1506\/","title":{"rendered":"Lietuvos Metrika (5 knyga). 1427-1506"},"content":{"rendered":"<p>LDK ra\u0161tin\u0117je jau nuo XV am\u017eiaus vidurio buvo paliekami \u012fvairiausi\u0173 jos i\u0161duodam\u0173 dokument\u0173 tekst\u0173 nuora\u0161ai. LDK kanclerio Leono Sapiegos \u012fsakym\u0173 apie 1594 m. visa iki tol LDK ra\u0161tin\u0117je susikaupusi ra\u0161tvedybas bei archyvin\u0117 dokumentacija, kurios did\u017eioji dauguma nuo da\u017eno naudojimo tapo pana\u0161i \u012f apirusias knygas, prad\u0117ta perra\u0161in\u0117ti \u012f knygas-kopijas. \u0160is darbas u\u017etruko apie de\u0161imt met\u0173, ra\u0161tin\u0117je susikaupusi dokumentacija buvo perra\u0161yta \u012f ma\u017edaug 190 Lietuvos Metrikos knyg\u0173-kopij\u0173. Originalioji LDK ra\u0161tin\u0117s dokumentacija &#8211; &#8220;knygos&#8221; buvo paliktos saugoti \u017demutin\u0117s pilies r\u016bmuose ir, deja, per XVII a. karus bei suirutes \u017euvo. Lietuvos Metrikos XV-XVI a. knygos-kopijos liko LDR ra\u0161tin\u0117s \u017einioje ir kartu su v\u0117lesn\u0117mis, XVII-XVIII a. susikaupusiomis originaliomis knygomis buvo i\u0161saugotos iki m\u016bs\u0173 dien\u0173. \u0160ioje knygoje spausdinami 1427-1506 met\u0173 dokumentai.<\/p>\n","protected":false},"excerpt":{"rendered":"<p>LDK ra\u0161tin\u0117je jau nuo XV am\u017eiaus vidurio buvo paliekami \u012fvairiausi\u0173 jos i\u0161duodam\u0173 dokument\u0173 tekst\u0173 nuora\u0161ai. LDK kanclerio Leono Sapiegos \u012fsakym\u0173 apie 1594 m. visa iki tol LDK ra\u0161tin\u0117je susikaupusi ra\u0161tvedybas bei archyvin\u0117 dokumentacija, kurios did\u017eioji dauguma nuo da\u017eno naudojimo tapo pana\u0161i \u012f apirusias knygas, prad\u0117ta perra\u0161in\u0117ti \u012f knygas-kopijas. \u0160is darbas u\u017etruko apie de\u0161imt met\u0173, ra\u0161tin\u0117je susikaupusi dokumentacija buvo perra\u0161yta \u012f ma\u017edaug 190 Lietuvos Metrikos knyg\u0173-kopij\u0173. Originalioji LDK ra\u0161tin\u0117s dokumentacija &#8211; &#8220;knygos&#8221; buvo paliktos saugoti \u017demutin\u0117s pilies r\u016bmuose ir, deja, per XVII a. karus bei suirutes \u017euvo. Lietuvos Metrikos XV-XVI a. knygos-kopijos liko LDR ra\u0161tin\u0117s \u017einioje ir kartu su v\u0117lesn\u0117mis, XVII-XVIII a. susikaupusiomis originaliomis knygomis buvo i\u0161saugotos iki m\u016bs\u0173 dien\u0173. \u0160ioje knygoje spausdinami 1427-1506 met\u0173 dokumentai.<\/p>\n","protected":false},"featured_media":18462,"comment_status":"open","ping_status":"closed","template":"","meta":{"_acf_changed":false,"site-sidebar-layout":"default","site-content-layout":"","ast-site-content-layout":"default","site-content-style":"default","site-sidebar-style":"default","ast-global-header-display":"","ast-banner-title-visibility":"","ast-main-header-display":"","ast-hfb-above-header-display":"","ast-hfb-below-header-display":"","ast-hfb-mobile-header-display":"","site-post-title":"","ast-breadcrumbs-content":"","ast-featured-img":"","footer-sml-layout":"","ast-disable-related-posts":"","theme-transparent-header-meta":"","adv-header-id-meta":"","stick-header-meta":"","header-above-stick-meta":"","header-main-stick-meta":"","header-below-stick-meta":"","astra-migrate-meta-layouts":"default","ast-page-background-enabled":"default","ast-page-background-meta":{"desktop":{"background-color":"","background-image":"","background-repeat":"repeat","background-position":"center center","background-size":"auto","background-attachment":"scroll","background-type":"","background-media":"","overlay-type":"","overlay-color":"","overlay-opacity":"","overlay-gradient":""},"tablet":{"background-color":"","background-image":"","background-repeat":"repeat","background-position":"center center","background-size":"auto","background-attachment":"scroll","background-type":"","background-media":"","overlay-type":"","overlay-color":"","overlay-opacity":"","overlay-gradient":""},"mobile":{"background-color":"","background-image":"","background-repeat":"repeat","background-position":"center center","background-size":"auto","background-attachment":"scroll","background-type":"","background-media":"","overlay-type":"","overlay-color":"","overlay-opacity":"","overlay-gradient":""}},"ast-content-background-meta":{"desktop":{"background-color":"var(--ast-global-color-4)","background-image":"","background-repeat":"repeat","background-position":"center center","background-size":"auto","background-attachment":"scroll","background-type":"","background-media":"","overlay-type":"","overlay-color":"","overlay-opacity":"","overlay-gradient":""},"tablet":{"background-color":"var(--ast-global-color-4)","background-image":"","background-repeat":"repeat","background-position":"center center","background-size":"auto","background-attachment":"scroll","background-type":"","background-media":"","overlay-type":"","overlay-color":"","overlay-opacity":"","overlay-gradient":""},"mobile":{"background-color":"var(--ast-global-color-4)","background-image":"","background-repeat":"repeat","background-position":"center center","background-size":"auto","background-attachment":"scroll","background-type":"","background-media":"","overlay-type":"","overlay-color":"","overlay-opacity":"","overlay-gradient":""}}},"product_brand":[],"product_cat":[15],"product_tag":[3315,2228,3968,3440],"class_list":{"0":"post-18457","1":"product","2":"type-product","3":"status-publish","4":"has-post-thumbnail","6":"product_cat-uncategorized","7":"product_tag-dokumentai","8":"product_tag-lietuvos-istorija","9":"product_tag-xv-a","10":"product_tag-xvi-a","11":"desktop-align-left","12":"tablet-align-left","13":"mobile-align-left","15":"first","16":"instock","17":"shipping-taxable","18":"purchasable","19":"product-type-simple"},"acf":[],"yoast_head":"<!-- This site is optimized with the Yoast SEO plugin v27.4 - https:\/\/yoast.com\/product\/yoast-seo-wordpress\/ -->\n<title>Lietuvos Metrika (5 knyga). 1427-1506<\/title>\n<meta name=\"description\" content=\"LDK ra\u0161tin\u0117je jau nuo XV am\u017eiaus vidurio buvo paliekami \u012fvairiausi\u0173 jos i\u0161duodam\u0173 dokument\u0173 tekst\u0173 nuora\u0161ai. LDK kanclerio Leono Sapiegos \u012fsakym\u0173 apie\" \/>\n<meta name=\"robots\" content=\"index, follow, max-snippet:-1, max-image-preview:large, max-video-preview:-1\" \/>\n<link rel=\"canonical\" href=\"https:\/\/skaitytaknyga.lt\/en\/produktas\/lietuvos-metrika-5-knyga-1427-1506\/\" \/>\n<meta property=\"og:locale\" content=\"en_GB\" \/>\n<meta property=\"og:locale:alternate\" content=\"lt_LT\" \/>\n<meta property=\"og:type\" content=\"article\" \/>\n<meta property=\"og:title\" content=\"Lietuvos Metrika (5 knyga). 1427-1506\" \/>\n<meta property=\"og:description\" content=\"LDK ra\u0161tin\u0117je jau nuo XV am\u017eiaus vidurio buvo paliekami \u012fvairiausi\u0173 jos i\u0161duodam\u0173 dokument\u0173 tekst\u0173 nuora\u0161ai. LDK kanclerio Leono Sapiegos \u012fsakym\u0173 apie\" \/>\n<meta property=\"og:url\" content=\"https:\/\/skaitytaknyga.lt\/en\/produktas\/lietuvos-metrika-5-knyga-1427-1506\/\" \/>\n<meta property=\"og:site_name\" content=\"Skaitytaknyga\" \/>\n<meta property=\"article:publisher\" content=\"https:\/\/www.facebook.com\/skaitytaknyga\/\" \/>\n<meta property=\"article:modified_time\" content=\"2025-05-21T11:40:09+00:00\" \/>\n<meta property=\"og:image\" content=\"https:\/\/skaitytaknyga.lt\/wp-content\/uploads\/2025\/05\/Lietuvos-Metrika-5-knyga.-1427-1506-e1747640120585.webp\" \/>\n\t<meta property=\"og:image:width\" content=\"502\" \/>\n\t<meta property=\"og:image:height\" content=\"709\" \/>\n\t<meta property=\"og:image:type\" content=\"image\/webp\" \/>\n<meta name=\"twitter:card\" content=\"summary_large_image\" \/>\n<meta name=\"twitter:label1\" content=\"Estimated reading time\" \/>\n\t<meta name=\"twitter:data1\" content=\"1 minute\" \/>\n<script type=\"application\/ld+json\" class=\"yoast-schema-graph\">{\"@context\":\"https:\\\/\\\/schema.org\",\"@graph\":[{\"@type\":\"WebPage\",\"@id\":\"https:\\\/\\\/skaitytaknyga.lt\\\/produktas\\\/lietuvos-metrika-5-knyga-1427-1506\\\/\",\"url\":\"https:\\\/\\\/skaitytaknyga.lt\\\/produktas\\\/lietuvos-metrika-5-knyga-1427-1506\\\/\",\"name\":\"Lietuvos Metrika (5 knyga). 1427-1506\",\"isPartOf\":{\"@id\":\"https:\\\/\\\/skaitytaknyga.lt\\\/#website\"},\"primaryImageOfPage\":{\"@id\":\"https:\\\/\\\/skaitytaknyga.lt\\\/produktas\\\/lietuvos-metrika-5-knyga-1427-1506\\\/#primaryimage\"},\"image\":{\"@id\":\"https:\\\/\\\/skaitytaknyga.lt\\\/produktas\\\/lietuvos-metrika-5-knyga-1427-1506\\\/#primaryimage\"},\"thumbnailUrl\":\"https:\\\/\\\/skaitytaknyga.lt\\\/wp-content\\\/uploads\\\/2025\\\/05\\\/Lietuvos-Metrika-5-knyga.-1427-1506-e1747640120585.webp\",\"datePublished\":\"2025-05-19T07:33:35+00:00\",\"dateModified\":\"2025-05-21T11:40:09+00:00\",\"description\":\"LDK ra\u0161tin\u0117je jau nuo XV am\u017eiaus vidurio buvo paliekami \u012fvairiausi\u0173 jos i\u0161duodam\u0173 dokument\u0173 tekst\u0173 nuora\u0161ai. LDK kanclerio Leono Sapiegos \u012fsakym\u0173 apie\",\"breadcrumb\":{\"@id\":\"https:\\\/\\\/skaitytaknyga.lt\\\/produktas\\\/lietuvos-metrika-5-knyga-1427-1506\\\/#breadcrumb\"},\"inLanguage\":\"en-GB\",\"potentialAction\":[{\"@type\":\"ReadAction\",\"target\":[\"https:\\\/\\\/skaitytaknyga.lt\\\/produktas\\\/lietuvos-metrika-5-knyga-1427-1506\\\/\"]}]},{\"@type\":\"ImageObject\",\"inLanguage\":\"en-GB\",\"@id\":\"https:\\\/\\\/skaitytaknyga.lt\\\/produktas\\\/lietuvos-metrika-5-knyga-1427-1506\\\/#primaryimage\",\"url\":\"https:\\\/\\\/skaitytaknyga.lt\\\/wp-content\\\/uploads\\\/2025\\\/05\\\/Lietuvos-Metrika-5-knyga.-1427-1506-e1747640120585.webp\",\"contentUrl\":\"https:\\\/\\\/skaitytaknyga.lt\\\/wp-content\\\/uploads\\\/2025\\\/05\\\/Lietuvos-Metrika-5-knyga.-1427-1506-e1747640120585.webp\",\"width\":502,\"height\":709,\"caption\":\"Lietuvos Metrika (5 knyga). 1427-1506\"},{\"@type\":\"BreadcrumbList\",\"@id\":\"https:\\\/\\\/skaitytaknyga.lt\\\/produktas\\\/lietuvos-metrika-5-knyga-1427-1506\\\/#breadcrumb\",\"itemListElement\":[{\"@type\":\"ListItem\",\"position\":1,\"name\":\"Home\",\"item\":\"https:\\\/\\\/skaitytaknyga.lt\\\/\"},{\"@type\":\"ListItem\",\"position\":2,\"name\":\"Parduotuv\u0117\",\"item\":\"https:\\\/\\\/skaitytaknyga.lt\\\/knygu-parduotuve\\\/\"},{\"@type\":\"ListItem\",\"position\":3,\"name\":\"Lietuvos Metrika (5 knyga). 1427-1506\"}]},{\"@type\":\"WebSite\",\"@id\":\"https:\\\/\\\/skaitytaknyga.lt\\\/#website\",\"url\":\"https:\\\/\\\/skaitytaknyga.lt\\\/\",\"name\":\"skaitytaknyga.lt\",\"description\":\"Skaitytaknyga.lt \u2013 tai ma\u017eas \u0161eimos verslas, kuris prasid\u0117jo nuo meil\u0117s knygoms ir siekio i\u0161gelb\u0117ti knygas nuo likimo prie konteinerio. Kas vienam nereikalingas daiktas \u2013 kitam lobis, o mes esame tarpininkai, kurie padeda abiems tapti laimingesniems ???? \u017dinome kaip nelengva i\u0161gyventi ma\u017eiems verslams, tad nuo \u0161iol, \u010dia rasite ir kit\u0173, ma\u017e\u0173 \u0161eim\u0173 versl\u0173, rank\u0173 darbo, dovan\u0173 sau ir artimiesiems.\",\"publisher\":{\"@id\":\"https:\\\/\\\/skaitytaknyga.lt\\\/#organization\"},\"potentialAction\":[{\"@type\":\"SearchAction\",\"target\":{\"@type\":\"EntryPoint\",\"urlTemplate\":\"https:\\\/\\\/skaitytaknyga.lt\\\/?s={search_term_string}\"},\"query-input\":{\"@type\":\"PropertyValueSpecification\",\"valueRequired\":true,\"valueName\":\"search_term_string\"}}],\"inLanguage\":\"en-GB\"},{\"@type\":\"Organization\",\"@id\":\"https:\\\/\\\/skaitytaknyga.lt\\\/#organization\",\"name\":\"skaitytaknyga.lt\",\"url\":\"https:\\\/\\\/skaitytaknyga.lt\\\/\",\"logo\":{\"@type\":\"ImageObject\",\"inLanguage\":\"en-GB\",\"@id\":\"https:\\\/\\\/skaitytaknyga.lt\\\/#\\\/schema\\\/logo\\\/image\\\/\",\"url\":\"https:\\\/\\\/skaitytaknyga.lt\\\/wp-content\\\/uploads\\\/2024\\\/05\\\/cropped-cropped-cropped-02_00843_jt3bggkj1j3HLc7SyY6rEUpg.jpeg\",\"contentUrl\":\"https:\\\/\\\/skaitytaknyga.lt\\\/wp-content\\\/uploads\\\/2024\\\/05\\\/cropped-cropped-cropped-02_00843_jt3bggkj1j3HLc7SyY6rEUpg.jpeg\",\"width\":1600,\"height\":1600,\"caption\":\"skaitytaknyga.lt\"},\"image\":{\"@id\":\"https:\\\/\\\/skaitytaknyga.lt\\\/#\\\/schema\\\/logo\\\/image\\\/\"},\"sameAs\":[\"https:\\\/\\\/www.facebook.com\\\/skaitytaknyga\\\/\"]}]}<\/script>\n<!-- \/ Yoast SEO plugin. -->","yoast_head_json":{"title":"Lietuvos Metrika (5 knyga). 1427-1506","description":"LDK ra\u0161tin\u0117je jau nuo XV am\u017eiaus vidurio buvo paliekami \u012fvairiausi\u0173 jos i\u0161duodam\u0173 dokument\u0173 tekst\u0173 nuora\u0161ai. LDK kanclerio Leono Sapiegos \u012fsakym\u0173 apie","robots":{"index":"index","follow":"follow","max-snippet":"max-snippet:-1","max-image-preview":"max-image-preview:large","max-video-preview":"max-video-preview:-1"},"canonical":"https:\/\/skaitytaknyga.lt\/en\/produktas\/lietuvos-metrika-5-knyga-1427-1506\/","og_locale":"en_GB","og_type":"article","og_title":"[:lt]Lietuvos Metrika (5 knyga). 1427-1506[:] - Skaitytaknyga","og_description":"LDK ra\u0161tin\u0117je jau nuo XV am\u017eiaus vidurio buvo paliekami \u012fvairiausi\u0173 jos i\u0161duodam\u0173 dokument\u0173 tekst\u0173 nuora\u0161ai. LDK kanclerio Leono Sapiegos \u012fsakym\u0173 apie","og_url":"https:\/\/skaitytaknyga.lt\/en\/produktas\/lietuvos-metrika-5-knyga-1427-1506\/","og_site_name":"Skaitytaknyga","article_publisher":"https:\/\/www.facebook.com\/skaitytaknyga\/","article_modified_time":"2025-05-21T11:40:09+00:00","og_image":[{"width":502,"height":709,"url":"https:\/\/skaitytaknyga.lt\/wp-content\/uploads\/2025\/05\/Lietuvos-Metrika-5-knyga.-1427-1506-e1747640120585.webp","type":"image\/webp"}],"twitter_card":"summary_large_image","twitter_misc":{"Estimated reading time":"1 minute"},"schema":{"@context":"https:\/\/schema.org","@graph":[{"@type":"WebPage","@id":"https:\/\/skaitytaknyga.lt\/produktas\/lietuvos-metrika-5-knyga-1427-1506\/","url":"https:\/\/skaitytaknyga.lt\/produktas\/lietuvos-metrika-5-knyga-1427-1506\/","name":"Lietuvos Metrika (5 knyga). 1427-1506","isPartOf":{"@id":"https:\/\/skaitytaknyga.lt\/#website"},"primaryImageOfPage":{"@id":"https:\/\/skaitytaknyga.lt\/produktas\/lietuvos-metrika-5-knyga-1427-1506\/#primaryimage"},"image":{"@id":"https:\/\/skaitytaknyga.lt\/produktas\/lietuvos-metrika-5-knyga-1427-1506\/#primaryimage"},"thumbnailUrl":"https:\/\/skaitytaknyga.lt\/wp-content\/uploads\/2025\/05\/Lietuvos-Metrika-5-knyga.-1427-1506-e1747640120585.webp","datePublished":"2025-05-19T07:33:35+00:00","dateModified":"2025-05-21T11:40:09+00:00","description":"LDK ra\u0161tin\u0117je jau nuo XV am\u017eiaus vidurio buvo paliekami \u012fvairiausi\u0173 jos i\u0161duodam\u0173 dokument\u0173 tekst\u0173 nuora\u0161ai. LDK kanclerio Leono Sapiegos \u012fsakym\u0173 apie","breadcrumb":{"@id":"https:\/\/skaitytaknyga.lt\/produktas\/lietuvos-metrika-5-knyga-1427-1506\/#breadcrumb"},"inLanguage":"en-GB","potentialAction":[{"@type":"ReadAction","target":["https:\/\/skaitytaknyga.lt\/produktas\/lietuvos-metrika-5-knyga-1427-1506\/"]}]},{"@type":"ImageObject","inLanguage":"en-GB","@id":"https:\/\/skaitytaknyga.lt\/produktas\/lietuvos-metrika-5-knyga-1427-1506\/#primaryimage","url":"https:\/\/skaitytaknyga.lt\/wp-content\/uploads\/2025\/05\/Lietuvos-Metrika-5-knyga.-1427-1506-e1747640120585.webp","contentUrl":"https:\/\/skaitytaknyga.lt\/wp-content\/uploads\/2025\/05\/Lietuvos-Metrika-5-knyga.-1427-1506-e1747640120585.webp","width":502,"height":709,"caption":"Lietuvos Metrika (5 knyga). 1427-1506"},{"@type":"BreadcrumbList","@id":"https:\/\/skaitytaknyga.lt\/produktas\/lietuvos-metrika-5-knyga-1427-1506\/#breadcrumb","itemListElement":[{"@type":"ListItem","position":1,"name":"Home","item":"https:\/\/skaitytaknyga.lt\/"},{"@type":"ListItem","position":2,"name":"Parduotuv\u0117","item":"https:\/\/skaitytaknyga.lt\/knygu-parduotuve\/"},{"@type":"ListItem","position":3,"name":"Lietuvos Metrika (5 knyga). 1427-1506"}]},{"@type":"WebSite","@id":"https:\/\/skaitytaknyga.lt\/#website","url":"https:\/\/skaitytaknyga.lt\/","name":"skaitytaknyga.lt","description":"Skaitytaknyga.lt \u2013 tai ma\u017eas \u0161eimos verslas, kuris prasid\u0117jo nuo meil\u0117s knygoms ir siekio i\u0161gelb\u0117ti knygas nuo likimo prie konteinerio. Kas vienam nereikalingas daiktas \u2013 kitam lobis, o mes esame tarpininkai, kurie padeda abiems tapti laimingesniems ???? \u017dinome kaip nelengva i\u0161gyventi ma\u017eiems verslams, tad nuo \u0161iol, \u010dia rasite ir kit\u0173, ma\u017e\u0173 \u0161eim\u0173 versl\u0173, rank\u0173 darbo, dovan\u0173 sau ir artimiesiems.","publisher":{"@id":"https:\/\/skaitytaknyga.lt\/#organization"},"potentialAction":[{"@type":"SearchAction","target":{"@type":"EntryPoint","urlTemplate":"https:\/\/skaitytaknyga.lt\/?s={search_term_string}"},"query-input":{"@type":"PropertyValueSpecification","valueRequired":true,"valueName":"search_term_string"}}],"inLanguage":"en-GB"},{"@type":"Organization","@id":"https:\/\/skaitytaknyga.lt\/#organization","name":"skaitytaknyga.lt","url":"https:\/\/skaitytaknyga.lt\/","logo":{"@type":"ImageObject","inLanguage":"en-GB","@id":"https:\/\/skaitytaknyga.lt\/#\/schema\/logo\/image\/","url":"https:\/\/skaitytaknyga.lt\/wp-content\/uploads\/2024\/05\/cropped-cropped-cropped-02_00843_jt3bggkj1j3HLc7SyY6rEUpg.jpeg","contentUrl":"https:\/\/skaitytaknyga.lt\/wp-content\/uploads\/2024\/05\/cropped-cropped-cropped-02_00843_jt3bggkj1j3HLc7SyY6rEUpg.jpeg","width":1600,"height":1600,"caption":"skaitytaknyga.lt"},"image":{"@id":"https:\/\/skaitytaknyga.lt\/#\/schema\/logo\/image\/"},"sameAs":["https:\/\/www.facebook.com\/skaitytaknyga\/"]}]}},"_links":{"self":[{"href":"https:\/\/skaitytaknyga.lt\/en\/wp-json\/wp\/v2\/product\/18457","targetHints":{"allow":["GET"]}}],"collection":[{"href":"https:\/\/skaitytaknyga.lt\/en\/wp-json\/wp\/v2\/product"}],"about":[{"href":"https:\/\/skaitytaknyga.lt\/en\/wp-json\/wp\/v2\/types\/product"}],"replies":[{"embeddable":true,"href":"https:\/\/skaitytaknyga.lt\/en\/wp-json\/wp\/v2\/comments?post=18457"}],"wp:featuredmedia":[{"embeddable":true,"href":"https:\/\/skaitytaknyga.lt\/en\/wp-json\/wp\/v2\/media\/18462"}],"wp:attachment":[{"href":"https:\/\/skaitytaknyga.lt\/en\/wp-json\/wp\/v2\/media?parent=18457"}],"wp:term":[{"taxonomy":"product_brand","embeddable":true,"href":"https:\/\/skaitytaknyga.lt\/en\/wp-json\/wp\/v2\/product_brand?post=18457"},{"taxonomy":"product_cat","embeddable":true,"href":"https:\/\/skaitytaknyga.lt\/en\/wp-json\/wp\/v2\/product_cat?post=18457"},{"taxonomy":"product_tag","embeddable":true,"href":"https:\/\/skaitytaknyga.lt\/en\/wp-json\/wp\/v2\/product_tag?post=18457"}],"curies":[{"name":"wp","href":"https:\/\/api.w.org\/{rel}","templated":true}]}}