{"id":18449,"date":"2025-05-19T10:02:25","date_gmt":"2025-05-19T07:02:25","guid":{"rendered":"https:\/\/skaitytaknyga.lt\/?post_type=product&#038;p=18449"},"modified":"2025-05-22T20:25:50","modified_gmt":"2025-05-22T17:25:50","slug":"nacionalines-etikos-griuvesiai-arba-kaip-nuzudyti-valstybe","status":"publish","type":"product","link":"https:\/\/skaitytaknyga.lt\/en\/produktas\/nacionalines-etikos-griuvesiai-arba-kaip-nuzudyti-valstybe\/","title":{"rendered":"Nacionalin\u0117s etikos griuv\u0117siai, arba kaip nu\u017eudyti valstyb\u0119"},"content":{"rendered":"<p>Nacionalin\u0117s etikos princip\u0173 nesilaikymas rodo, kad lietuvi\u0173 inteligencija n\u0117ra pilietin\u0117s nepriklausomyb\u0117s k\u016br\u0117ja, nebuvo ji ir politin\u0117s nepriklausomyb\u0117s atrama. Labai nedaug inteligent\u0173 \u0161iuo at\u017evilgiu elg\u0117si ir elgiasi kitaip.<\/p>\n<p>XX-XXI a. sand\u016broje lietuvi\u0173 bendruomen\u0117 patyr\u0117 nema\u017eai tiek pakilim\u0173, tiek nuopuoli\u0173. Viena vertus, paprasti \u017emon\u0117s, siekdami kilnaus tikslo, nugal\u0117jo baim\u0119 ir tapo tikrais dvasios aristokratais, atvedusiais savo bendruomen\u0119 \u012f tokias auk\u0161tumas, apie kurias iki tol tik svajota.<\/p>\n<p>Antra vertus, \u012fvyko diametraliai prie\u0161ingas l\u016b\u017eis &#8211; nema\u017ea dalis intelektual\u0173, &#8220;pamir\u0161\u0119&#8221; savo kaip nacionalin\u0117s etikos serg\u0117toj\u0173 vaidmen\u012f, nusirito iki dvasios proletar\u0173 lygio.<\/p>\n","protected":false},"excerpt":{"rendered":"<p>Nacionalin\u0117s etikos princip\u0173 nesilaikymas rodo, kad lietuvi\u0173 inteligencija n\u0117ra pilietin\u0117s nepriklausomyb\u0117s k\u016br\u0117ja, nebuvo ji ir politin\u0117s nepriklausomyb\u0117s atrama. Labai nedaug inteligent\u0173 \u0161iuo at\u017evilgiu elg\u0117si ir elgiasi kitaip. XX-XXI a. sand\u016broje lietuvi\u0173 bendruomen\u0117 patyr\u0117 nema\u017eai tiek pakilim\u0173, tiek nuopuoli\u0173. Viena vertus, paprasti \u017emon\u0117s, siekdami kilnaus tikslo, nugal\u0117jo baim\u0119 ir tapo tikrais dvasios aristokratais, atvedusiais savo bendruomen\u0119 \u012f tokias auk\u0161tumas, apie kurias iki tol tik svajota. Antra vertus, \u012fvyko diametraliai prie\u0161ingas l\u016b\u017eis &#8211; nema\u017ea dalis intelektual\u0173, &#8220;pamir\u0161\u0119&#8221; savo kaip nacionalin\u0117s etikos serg\u0117toj\u0173 vaidmen\u012f, nusirito iki dvasios proletar\u0173 lygio.<\/p>\n","protected":false},"featured_media":18454,"comment_status":"open","ping_status":"closed","template":"","meta":{"_acf_changed":false,"site-sidebar-layout":"default","site-content-layout":"","ast-site-content-layout":"default","site-content-style":"default","site-sidebar-style":"default","ast-global-header-display":"","ast-banner-title-visibility":"","ast-main-header-display":"","ast-hfb-above-header-display":"","ast-hfb-below-header-display":"","ast-hfb-mobile-header-display":"","site-post-title":"","ast-breadcrumbs-content":"","ast-featured-img":"","footer-sml-layout":"","ast-disable-related-posts":"","theme-transparent-header-meta":"","adv-header-id-meta":"","stick-header-meta":"","header-above-stick-meta":"","header-main-stick-meta":"","header-below-stick-meta":"","astra-migrate-meta-layouts":"default","ast-page-background-enabled":"default","ast-page-background-meta":{"desktop":{"background-color":"","background-image":"","background-repeat":"repeat","background-position":"center center","background-size":"auto","background-attachment":"scroll","background-type":"","background-media":"","overlay-type":"","overlay-color":"","overlay-opacity":"","overlay-gradient":""},"tablet":{"background-color":"","background-image":"","background-repeat":"repeat","background-position":"center center","background-size":"auto","background-attachment":"scroll","background-type":"","background-media":"","overlay-type":"","overlay-color":"","overlay-opacity":"","overlay-gradient":""},"mobile":{"background-color":"","background-image":"","background-repeat":"repeat","background-position":"center center","background-size":"auto","background-attachment":"scroll","background-type":"","background-media":"","overlay-type":"","overlay-color":"","overlay-opacity":"","overlay-gradient":""}},"ast-content-background-meta":{"desktop":{"background-color":"var(--ast-global-color-4)","background-image":"","background-repeat":"repeat","background-position":"center center","background-size":"auto","background-attachment":"scroll","background-type":"","background-media":"","overlay-type":"","overlay-color":"","overlay-opacity":"","overlay-gradient":""},"tablet":{"background-color":"var(--ast-global-color-4)","background-image":"","background-repeat":"repeat","background-position":"center center","background-size":"auto","background-attachment":"scroll","background-type":"","background-media":"","overlay-type":"","overlay-color":"","overlay-opacity":"","overlay-gradient":""},"mobile":{"background-color":"var(--ast-global-color-4)","background-image":"","background-repeat":"repeat","background-position":"center center","background-size":"auto","background-attachment":"scroll","background-type":"","background-media":"","overlay-type":"","overlay-color":"","overlay-opacity":"","overlay-gradient":""}}},"product_brand":[],"product_cat":[15],"product_tag":[3963,3962,2625,3961],"class_list":{"0":"post-18449","1":"product","2":"type-product","3":"status-publish","4":"has-post-thumbnail","6":"product_cat-uncategorized","7":"product_tag-egle-wittig-marcinkeviciute","8":"product_tag-intelektualai","9":"product_tag-lietuva","10":"product_tag-nacionaline-etika","11":"desktop-align-left","12":"tablet-align-left","13":"mobile-align-left","15":"first","16":"instock","17":"shipping-taxable","18":"purchasable","19":"product-type-simple"},"acf":[],"yoast_head":"<!-- This site is optimized with the Yoast SEO plugin v27.0 - https:\/\/yoast.com\/product\/yoast-seo-wordpress\/ -->\n<title>Nacionalin\u0117s etikos griuv\u0117siai, arba kaip nu\u017eudyti valstyb\u0119<\/title>\n<meta name=\"description\" content=\"Nacionalin\u0117s etikos princip\u0173 nesilaikymas rodo, kad lietuvi\u0173 inteligencija n\u0117ra pilietin\u0117s nepriklausomyb\u0117s k\u016br\u0117ja, nebuvo ji ir politin\u0117s\" \/>\n<meta name=\"robots\" content=\"index, follow, max-snippet:-1, max-image-preview:large, max-video-preview:-1\" \/>\n<link rel=\"canonical\" href=\"https:\/\/skaitytaknyga.lt\/en\/produktas\/nacionalines-etikos-griuvesiai-arba-kaip-nuzudyti-valstybe\/\" \/>\n<meta property=\"og:locale\" content=\"en_GB\" \/>\n<meta property=\"og:locale:alternate\" content=\"lt_LT\" \/>\n<meta property=\"og:type\" content=\"article\" \/>\n<meta property=\"og:title\" content=\"Nacionalin\u0117s etikos griuv\u0117siai, arba kaip nu\u017eudyti valstyb\u0119\" \/>\n<meta property=\"og:description\" content=\"Nacionalin\u0117s etikos princip\u0173 nesilaikymas rodo, kad lietuvi\u0173 inteligencija n\u0117ra pilietin\u0117s nepriklausomyb\u0117s k\u016br\u0117ja, nebuvo ji ir politin\u0117s\" \/>\n<meta property=\"og:url\" content=\"https:\/\/skaitytaknyga.lt\/en\/produktas\/nacionalines-etikos-griuvesiai-arba-kaip-nuzudyti-valstybe\/\" \/>\n<meta property=\"og:site_name\" content=\"Skaitytaknyga\" \/>\n<meta property=\"article:publisher\" content=\"https:\/\/www.facebook.com\/skaitytaknyga\/\" \/>\n<meta property=\"article:modified_time\" content=\"2025-05-22T17:25:50+00:00\" \/>\n<meta property=\"og:image\" content=\"https:\/\/skaitytaknyga.lt\/wp-content\/uploads\/2025\/05\/Nacionalines-etikos-griuvesiai-arba-kaip-nuzudyti-valstybe.webp\" \/>\n\t<meta property=\"og:image:width\" content=\"537\" \/>\n\t<meta property=\"og:image:height\" content=\"801\" \/>\n\t<meta property=\"og:image:type\" content=\"image\/webp\" \/>\n<meta name=\"twitter:card\" content=\"summary_large_image\" \/>\n<meta name=\"twitter:label1\" content=\"Estimated reading time\" \/>\n\t<meta name=\"twitter:data1\" content=\"1 minute\" \/>\n<script type=\"application\/ld+json\" class=\"yoast-schema-graph\">{\"@context\":\"https:\/\/schema.org\",\"@graph\":[{\"@type\":\"WebPage\",\"@id\":\"https:\/\/skaitytaknyga.lt\/produktas\/nacionalines-etikos-griuvesiai-arba-kaip-nuzudyti-valstybe\/\",\"url\":\"https:\/\/skaitytaknyga.lt\/produktas\/nacionalines-etikos-griuvesiai-arba-kaip-nuzudyti-valstybe\/\",\"name\":\"Nacionalin\u0117s etikos griuv\u0117siai, arba kaip nu\u017eudyti valstyb\u0119\",\"isPartOf\":{\"@id\":\"https:\/\/skaitytaknyga.lt\/#website\"},\"primaryImageOfPage\":{\"@id\":\"https:\/\/skaitytaknyga.lt\/produktas\/nacionalines-etikos-griuvesiai-arba-kaip-nuzudyti-valstybe\/#primaryimage\"},\"image\":{\"@id\":\"https:\/\/skaitytaknyga.lt\/produktas\/nacionalines-etikos-griuvesiai-arba-kaip-nuzudyti-valstybe\/#primaryimage\"},\"thumbnailUrl\":\"https:\/\/skaitytaknyga.lt\/wp-content\/uploads\/2025\/05\/Nacionalines-etikos-griuvesiai-arba-kaip-nuzudyti-valstybe.webp\",\"datePublished\":\"2025-05-19T07:02:25+00:00\",\"dateModified\":\"2025-05-22T17:25:50+00:00\",\"description\":\"Nacionalin\u0117s etikos princip\u0173 nesilaikymas rodo, kad lietuvi\u0173 inteligencija n\u0117ra pilietin\u0117s nepriklausomyb\u0117s k\u016br\u0117ja, nebuvo ji ir politin\u0117s\",\"breadcrumb\":{\"@id\":\"https:\/\/skaitytaknyga.lt\/produktas\/nacionalines-etikos-griuvesiai-arba-kaip-nuzudyti-valstybe\/#breadcrumb\"},\"inLanguage\":\"en-GB\",\"potentialAction\":[{\"@type\":\"ReadAction\",\"target\":[\"https:\/\/skaitytaknyga.lt\/produktas\/nacionalines-etikos-griuvesiai-arba-kaip-nuzudyti-valstybe\/\"]}]},{\"@type\":\"ImageObject\",\"inLanguage\":\"en-GB\",\"@id\":\"https:\/\/skaitytaknyga.lt\/produktas\/nacionalines-etikos-griuvesiai-arba-kaip-nuzudyti-valstybe\/#primaryimage\",\"url\":\"https:\/\/skaitytaknyga.lt\/wp-content\/uploads\/2025\/05\/Nacionalines-etikos-griuvesiai-arba-kaip-nuzudyti-valstybe.webp\",\"contentUrl\":\"https:\/\/skaitytaknyga.lt\/wp-content\/uploads\/2025\/05\/Nacionalines-etikos-griuvesiai-arba-kaip-nuzudyti-valstybe.webp\",\"width\":537,\"height\":801,\"caption\":\"Nacionalin\u0117s etikos griuv\u0117siai, arba kaip nu\u017eudyti valstyb\u0119\"},{\"@type\":\"BreadcrumbList\",\"@id\":\"https:\/\/skaitytaknyga.lt\/produktas\/nacionalines-etikos-griuvesiai-arba-kaip-nuzudyti-valstybe\/#breadcrumb\",\"itemListElement\":[{\"@type\":\"ListItem\",\"position\":1,\"name\":\"Home\",\"item\":\"https:\/\/skaitytaknyga.lt\/\"},{\"@type\":\"ListItem\",\"position\":2,\"name\":\"Parduotuv\u0117\",\"item\":\"https:\/\/skaitytaknyga.lt\/knygu-parduotuve\/\"},{\"@type\":\"ListItem\",\"position\":3,\"name\":\"Nacionalin\u0117s etikos griuv\u0117siai, arba kaip nu\u017eudyti valstyb\u0119\"}]},{\"@type\":\"WebSite\",\"@id\":\"https:\/\/skaitytaknyga.lt\/#website\",\"url\":\"https:\/\/skaitytaknyga.lt\/\",\"name\":\"skaitytaknyga.lt\",\"description\":\"Skaitytaknyga.lt \u2013 tai ma\u017eas \u0161eimos verslas, kuris prasid\u0117jo nuo meil\u0117s knygoms ir siekio i\u0161gelb\u0117ti knygas nuo likimo prie konteinerio. Kas vienam nereikalingas daiktas \u2013 kitam lobis, o mes esame tarpininkai, kurie padeda abiems tapti laimingesniems ???? \u017dinome kaip nelengva i\u0161gyventi ma\u017eiems verslams, tad nuo \u0161iol, \u010dia rasite ir kit\u0173, ma\u017e\u0173 \u0161eim\u0173 versl\u0173, rank\u0173 darbo, dovan\u0173 sau ir artimiesiems.\",\"publisher\":{\"@id\":\"https:\/\/skaitytaknyga.lt\/#organization\"},\"potentialAction\":[{\"@type\":\"SearchAction\",\"target\":{\"@type\":\"EntryPoint\",\"urlTemplate\":\"https:\/\/skaitytaknyga.lt\/?s={search_term_string}\"},\"query-input\":{\"@type\":\"PropertyValueSpecification\",\"valueRequired\":true,\"valueName\":\"search_term_string\"}}],\"inLanguage\":\"en-GB\"},{\"@type\":\"Organization\",\"@id\":\"https:\/\/skaitytaknyga.lt\/#organization\",\"name\":\"skaitytaknyga.lt\",\"url\":\"https:\/\/skaitytaknyga.lt\/\",\"logo\":{\"@type\":\"ImageObject\",\"inLanguage\":\"en-GB\",\"@id\":\"https:\/\/skaitytaknyga.lt\/#\/schema\/logo\/image\/\",\"url\":\"https:\/\/skaitytaknyga.lt\/wp-content\/uploads\/2024\/05\/cropped-cropped-cropped-02_00843_jt3bggkj1j3HLc7SyY6rEUpg.jpeg\",\"contentUrl\":\"https:\/\/skaitytaknyga.lt\/wp-content\/uploads\/2024\/05\/cropped-cropped-cropped-02_00843_jt3bggkj1j3HLc7SyY6rEUpg.jpeg\",\"width\":1600,\"height\":1600,\"caption\":\"skaitytaknyga.lt\"},\"image\":{\"@id\":\"https:\/\/skaitytaknyga.lt\/#\/schema\/logo\/image\/\"},\"sameAs\":[\"https:\/\/www.facebook.com\/skaitytaknyga\/\"]}]}<\/script>\n<!-- \/ Yoast SEO plugin. -->","yoast_head_json":{"title":"Nacionalin\u0117s etikos griuv\u0117siai, arba kaip nu\u017eudyti valstyb\u0119","description":"Nacionalin\u0117s etikos princip\u0173 nesilaikymas rodo, kad lietuvi\u0173 inteligencija n\u0117ra pilietin\u0117s nepriklausomyb\u0117s k\u016br\u0117ja, nebuvo ji ir politin\u0117s","robots":{"index":"index","follow":"follow","max-snippet":"max-snippet:-1","max-image-preview":"max-image-preview:large","max-video-preview":"max-video-preview:-1"},"canonical":"https:\/\/skaitytaknyga.lt\/en\/produktas\/nacionalines-etikos-griuvesiai-arba-kaip-nuzudyti-valstybe\/","og_locale":"en_GB","og_type":"article","og_title":"[:lt]Nacionalin\u0117s etikos griuv\u0117siai, arba kaip nu\u017eudyti valstyb\u0119[:] - Skaitytaknyga","og_description":"Nacionalin\u0117s etikos princip\u0173 nesilaikymas rodo, kad lietuvi\u0173 inteligencija n\u0117ra pilietin\u0117s nepriklausomyb\u0117s k\u016br\u0117ja, nebuvo ji ir politin\u0117s","og_url":"https:\/\/skaitytaknyga.lt\/en\/produktas\/nacionalines-etikos-griuvesiai-arba-kaip-nuzudyti-valstybe\/","og_site_name":"Skaitytaknyga","article_publisher":"https:\/\/www.facebook.com\/skaitytaknyga\/","article_modified_time":"2025-05-22T17:25:50+00:00","og_image":[{"width":537,"height":801,"url":"https:\/\/skaitytaknyga.lt\/wp-content\/uploads\/2025\/05\/Nacionalines-etikos-griuvesiai-arba-kaip-nuzudyti-valstybe.webp","type":"image\/webp"}],"twitter_card":"summary_large_image","twitter_misc":{"Estimated reading time":"1 minute"},"schema":{"@context":"https:\/\/schema.org","@graph":[{"@type":"WebPage","@id":"https:\/\/skaitytaknyga.lt\/produktas\/nacionalines-etikos-griuvesiai-arba-kaip-nuzudyti-valstybe\/","url":"https:\/\/skaitytaknyga.lt\/produktas\/nacionalines-etikos-griuvesiai-arba-kaip-nuzudyti-valstybe\/","name":"Nacionalin\u0117s etikos griuv\u0117siai, arba kaip nu\u017eudyti valstyb\u0119","isPartOf":{"@id":"https:\/\/skaitytaknyga.lt\/#website"},"primaryImageOfPage":{"@id":"https:\/\/skaitytaknyga.lt\/produktas\/nacionalines-etikos-griuvesiai-arba-kaip-nuzudyti-valstybe\/#primaryimage"},"image":{"@id":"https:\/\/skaitytaknyga.lt\/produktas\/nacionalines-etikos-griuvesiai-arba-kaip-nuzudyti-valstybe\/#primaryimage"},"thumbnailUrl":"https:\/\/skaitytaknyga.lt\/wp-content\/uploads\/2025\/05\/Nacionalines-etikos-griuvesiai-arba-kaip-nuzudyti-valstybe.webp","datePublished":"2025-05-19T07:02:25+00:00","dateModified":"2025-05-22T17:25:50+00:00","description":"Nacionalin\u0117s etikos princip\u0173 nesilaikymas rodo, kad lietuvi\u0173 inteligencija n\u0117ra pilietin\u0117s nepriklausomyb\u0117s k\u016br\u0117ja, nebuvo ji ir politin\u0117s","breadcrumb":{"@id":"https:\/\/skaitytaknyga.lt\/produktas\/nacionalines-etikos-griuvesiai-arba-kaip-nuzudyti-valstybe\/#breadcrumb"},"inLanguage":"en-GB","potentialAction":[{"@type":"ReadAction","target":["https:\/\/skaitytaknyga.lt\/produktas\/nacionalines-etikos-griuvesiai-arba-kaip-nuzudyti-valstybe\/"]}]},{"@type":"ImageObject","inLanguage":"en-GB","@id":"https:\/\/skaitytaknyga.lt\/produktas\/nacionalines-etikos-griuvesiai-arba-kaip-nuzudyti-valstybe\/#primaryimage","url":"https:\/\/skaitytaknyga.lt\/wp-content\/uploads\/2025\/05\/Nacionalines-etikos-griuvesiai-arba-kaip-nuzudyti-valstybe.webp","contentUrl":"https:\/\/skaitytaknyga.lt\/wp-content\/uploads\/2025\/05\/Nacionalines-etikos-griuvesiai-arba-kaip-nuzudyti-valstybe.webp","width":537,"height":801,"caption":"Nacionalin\u0117s etikos griuv\u0117siai, arba kaip nu\u017eudyti valstyb\u0119"},{"@type":"BreadcrumbList","@id":"https:\/\/skaitytaknyga.lt\/produktas\/nacionalines-etikos-griuvesiai-arba-kaip-nuzudyti-valstybe\/#breadcrumb","itemListElement":[{"@type":"ListItem","position":1,"name":"Home","item":"https:\/\/skaitytaknyga.lt\/"},{"@type":"ListItem","position":2,"name":"Parduotuv\u0117","item":"https:\/\/skaitytaknyga.lt\/knygu-parduotuve\/"},{"@type":"ListItem","position":3,"name":"Nacionalin\u0117s etikos griuv\u0117siai, arba kaip nu\u017eudyti valstyb\u0119"}]},{"@type":"WebSite","@id":"https:\/\/skaitytaknyga.lt\/#website","url":"https:\/\/skaitytaknyga.lt\/","name":"skaitytaknyga.lt","description":"Skaitytaknyga.lt \u2013 tai ma\u017eas \u0161eimos verslas, kuris prasid\u0117jo nuo meil\u0117s knygoms ir siekio i\u0161gelb\u0117ti knygas nuo likimo prie konteinerio. Kas vienam nereikalingas daiktas \u2013 kitam lobis, o mes esame tarpininkai, kurie padeda abiems tapti laimingesniems ???? \u017dinome kaip nelengva i\u0161gyventi ma\u017eiems verslams, tad nuo \u0161iol, \u010dia rasite ir kit\u0173, ma\u017e\u0173 \u0161eim\u0173 versl\u0173, rank\u0173 darbo, dovan\u0173 sau ir artimiesiems.","publisher":{"@id":"https:\/\/skaitytaknyga.lt\/#organization"},"potentialAction":[{"@type":"SearchAction","target":{"@type":"EntryPoint","urlTemplate":"https:\/\/skaitytaknyga.lt\/?s={search_term_string}"},"query-input":{"@type":"PropertyValueSpecification","valueRequired":true,"valueName":"search_term_string"}}],"inLanguage":"en-GB"},{"@type":"Organization","@id":"https:\/\/skaitytaknyga.lt\/#organization","name":"skaitytaknyga.lt","url":"https:\/\/skaitytaknyga.lt\/","logo":{"@type":"ImageObject","inLanguage":"en-GB","@id":"https:\/\/skaitytaknyga.lt\/#\/schema\/logo\/image\/","url":"https:\/\/skaitytaknyga.lt\/wp-content\/uploads\/2024\/05\/cropped-cropped-cropped-02_00843_jt3bggkj1j3HLc7SyY6rEUpg.jpeg","contentUrl":"https:\/\/skaitytaknyga.lt\/wp-content\/uploads\/2024\/05\/cropped-cropped-cropped-02_00843_jt3bggkj1j3HLc7SyY6rEUpg.jpeg","width":1600,"height":1600,"caption":"skaitytaknyga.lt"},"image":{"@id":"https:\/\/skaitytaknyga.lt\/#\/schema\/logo\/image\/"},"sameAs":["https:\/\/www.facebook.com\/skaitytaknyga\/"]}]}},"_links":{"self":[{"href":"https:\/\/skaitytaknyga.lt\/en\/wp-json\/wp\/v2\/product\/18449","targetHints":{"allow":["GET"]}}],"collection":[{"href":"https:\/\/skaitytaknyga.lt\/en\/wp-json\/wp\/v2\/product"}],"about":[{"href":"https:\/\/skaitytaknyga.lt\/en\/wp-json\/wp\/v2\/types\/product"}],"replies":[{"embeddable":true,"href":"https:\/\/skaitytaknyga.lt\/en\/wp-json\/wp\/v2\/comments?post=18449"}],"wp:featuredmedia":[{"embeddable":true,"href":"https:\/\/skaitytaknyga.lt\/en\/wp-json\/wp\/v2\/media\/18454"}],"wp:attachment":[{"href":"https:\/\/skaitytaknyga.lt\/en\/wp-json\/wp\/v2\/media?parent=18449"}],"wp:term":[{"taxonomy":"product_brand","embeddable":true,"href":"https:\/\/skaitytaknyga.lt\/en\/wp-json\/wp\/v2\/product_brand?post=18449"},{"taxonomy":"product_cat","embeddable":true,"href":"https:\/\/skaitytaknyga.lt\/en\/wp-json\/wp\/v2\/product_cat?post=18449"},{"taxonomy":"product_tag","embeddable":true,"href":"https:\/\/skaitytaknyga.lt\/en\/wp-json\/wp\/v2\/product_tag?post=18449"}],"curies":[{"name":"wp","href":"https:\/\/api.w.org\/{rel}","templated":true}]}}