{"id":18448,"date":"2025-05-19T10:02:25","date_gmt":"2025-05-19T07:02:25","guid":{"rendered":"https:\/\/skaitytaknyga.lt\/?post_type=product&#038;p=18448"},"modified":"2025-12-14T20:33:53","modified_gmt":"2025-12-14T18:33:53","slug":"vilkas-keicia-spalva","status":"publish","type":"product","link":"https:\/\/skaitytaknyga.lt\/en\/produktas\/vilkas-keicia-spalva\/","title":{"rendered":"Vilkas kei\u010dia spalv\u0105"},"content":{"rendered":"<p>\u0160\u012fryt Vilkas i\u0161 lovos i\u0161lipo ne ta koja.<\/p>\n<p>Jis nebenori b\u016bti juodas ir nusprend\u017eia pakeisti spalv\u0105.<\/p>\n<p>Ta\u010diau pasirodo, kad tai padaryti n\u0117ra taip paprasta, kaip jis \u012fsivaizdavo\u2026<\/p>\n<p>Knygel\u0117 \u201eVilkas kei\u010dia spalv\u0105\u201c moko, kad save reikia priimti tok\u012f, koks esi. Skaitydamas nuotaiking\u0105 istorij\u0105 vaikas i\u0161moks pa\u017einti spalvas ir savait\u0117s dienas.<\/p>\n<p>2009 metais Pranc\u016bzijos vaik\u0173 ra\u0161ytoja Orianne Lallemand ir dailinink\u0117 El\u00e9onore Thuillier suk\u016br\u0117 vaiki\u0161k\u0173 knyg\u0173 persona\u017e\u0105 Vilk\u0105, kuris apsigyveno po \u201eAuzou&#8221; leidyklos stogu. Nuo to laiko Vilko nuotykiai pranc\u016bz\u0173 kalba jau apra\u0161yti 11-oje istorij\u0173. Pasileid\u0119s \u012f kelion\u0119 po pasaul\u012f, Vilkas seniai per\u017eeng\u0117 gimtosios Pranc\u016bzijos sienas ir jau pasiek\u0117 20 \u0161ali\u0173, \u0161ios serijos knygel\u0117s i\u0161verstos \u012f 16 kalb\u0173. Skirting\u0173 \u0161ali\u0173 ir kult\u016br\u0173 vaikai taip pam\u0117go Vilko istorijas, kad jos nuolat u\u017eima auk\u0161\u010diausias vietas parduodamiausi\u0173 knyg\u0173 s\u0105ra\u0161uose.<\/p>\n<p>M\u016bs\u0173 istorij\u0173 Vilkas \u2013 ne vieni\u0161as ir \u017eiaurus \u017ev\u0117ris, kuriuo g\u0105sdinami vaikai. Jis gyvena Tolimajame mi\u0161ke ir yra visi\u0161kai nepiktas, netgi atvirk\u0161\u010diai \u2013 Vilkas draugi\u0161kas, simpati\u0161kas ir mielas. \u0160iek tiek naivus, d\u0117l to visuomet patenka \u012f komi\u0161kas situacijas. Draugi\u0161kas, tod\u0117l j\u012f visuomet lydi ger\u0173 draug\u0173 kompanija. Na, ties\u0105 sakant, jis kiek bambeklis \u2013 tai vienintelis jo tr\u016bkumas.<\/p>\n<p>Vaikai lengvai susitapatins su \u0161iuo veik\u0117ju, nes Vilkas \u012f juos pana\u0161us: niurna, kvailioja, d\u017ei\u016bgauja, \u017eaid\u017eia\u2026 Knygeli\u0173 tikslas \u2013 linksminti vaikus, kartu padedant jiems augti ir mokytis: i\u0161mokti pa\u017einti spalvas, savait\u0117s dienas, pasaulio \u0161alis, miestus, gyv\u016bnus\u2026<\/p>\n","protected":false},"excerpt":{"rendered":"<p>\u0160\u012fryt Vilkas i\u0161 lovos i\u0161lipo ne ta koja. Jis nebenori b\u016bti juodas ir nusprend\u017eia pakeisti spalv\u0105. Ta\u010diau pasirodo, kad tai padaryti n\u0117ra taip paprasta, kaip jis \u012fsivaizdavo\u2026 Knygel\u0117 \u201eVilkas kei\u010dia spalv\u0105\u201c moko, kad save reikia priimti tok\u012f, koks esi. Skaitydamas nuotaiking\u0105 istorij\u0105 vaikas i\u0161moks pa\u017einti spalvas ir savait\u0117s dienas. 2009 metais Pranc\u016bzijos vaik\u0173 ra\u0161ytoja Orianne Lallemand ir dailinink\u0117 El\u00e9onore Thuillier suk\u016br\u0117 vaiki\u0161k\u0173 knyg\u0173 persona\u017e\u0105 Vilk\u0105, kuris apsigyveno po \u201eAuzou&#8221; leidyklos stogu. Nuo to laiko Vilko nuotykiai pranc\u016bz\u0173 kalba jau apra\u0161yti 11-oje istorij\u0173. Pasileid\u0119s \u012f kelion\u0119 po pasaul\u012f, Vilkas seniai per\u017eeng\u0117 gimtosios Pranc\u016bzijos sienas ir jau pasiek\u0117 20 \u0161ali\u0173, \u0161ios serijos knygel\u0117s i\u0161verstos \u012f 16 kalb\u0173. Skirting\u0173 \u0161ali\u0173 ir kult\u016br\u0173 vaikai taip pam\u0117go Vilko istorijas, kad jos nuolat u\u017eima auk\u0161\u010diausias vietas parduodamiausi\u0173 knyg\u0173 s\u0105ra\u0161uose. M\u016bs\u0173 istorij\u0173 Vilkas \u2013 ne vieni\u0161as ir \u017eiaurus \u017ev\u0117ris, kuriuo g\u0105sdinami vaikai. Jis gyvena Tolimajame mi\u0161ke ir yra visi\u0161kai nepiktas, netgi atvirk\u0161\u010diai \u2013 Vilkas draugi\u0161kas, simpati\u0161kas ir mielas. \u0160iek tiek naivus, d\u0117l to visuomet patenka \u012f komi\u0161kas situacijas. Draugi\u0161kas, tod\u0117l j\u012f visuomet lydi ger\u0173 draug\u0173 kompanija. Na, ties\u0105 sakant, jis kiek bambeklis \u2013 tai vienintelis jo tr\u016bkumas. Vaikai lengvai susitapatins su \u0161iuo veik\u0117ju, nes Vilkas \u012f juos pana\u0161us: niurna, kvailioja, d\u017ei\u016bgauja, \u017eaid\u017eia\u2026 Knygeli\u0173 tikslas \u2013 linksminti vaikus, kartu padedant jiems augti ir mokytis: i\u0161mokti pa\u017einti spalvas, savait\u0117s dienas, pasaulio \u0161alis, miestus, gyv\u016bnus\u2026<\/p>\n","protected":false},"featured_media":18453,"comment_status":"open","ping_status":"closed","template":"","meta":{"_acf_changed":false,"site-sidebar-layout":"default","site-content-layout":"","ast-site-content-layout":"default","site-content-style":"default","site-sidebar-style":"default","ast-global-header-display":"","ast-banner-title-visibility":"","ast-main-header-display":"","ast-hfb-above-header-display":"","ast-hfb-below-header-display":"","ast-hfb-mobile-header-display":"","site-post-title":"","ast-breadcrumbs-content":"","ast-featured-img":"","footer-sml-layout":"","ast-disable-related-posts":"","theme-transparent-header-meta":"","adv-header-id-meta":"","stick-header-meta":"","header-above-stick-meta":"","header-main-stick-meta":"","header-below-stick-meta":"","astra-migrate-meta-layouts":"default","ast-page-background-enabled":"default","ast-page-background-meta":{"desktop":{"background-color":"","background-image":"","background-repeat":"repeat","background-position":"center center","background-size":"auto","background-attachment":"scroll","background-type":"","background-media":"","overlay-type":"","overlay-color":"","overlay-opacity":"","overlay-gradient":""},"tablet":{"background-color":"","background-image":"","background-repeat":"repeat","background-position":"center center","background-size":"auto","background-attachment":"scroll","background-type":"","background-media":"","overlay-type":"","overlay-color":"","overlay-opacity":"","overlay-gradient":""},"mobile":{"background-color":"","background-image":"","background-repeat":"repeat","background-position":"center center","background-size":"auto","background-attachment":"scroll","background-type":"","background-media":"","overlay-type":"","overlay-color":"","overlay-opacity":"","overlay-gradient":""}},"ast-content-background-meta":{"desktop":{"background-color":"var(--ast-global-color-4)","background-image":"","background-repeat":"repeat","background-position":"center center","background-size":"auto","background-attachment":"scroll","background-type":"","background-media":"","overlay-type":"","overlay-color":"","overlay-opacity":"","overlay-gradient":""},"tablet":{"background-color":"var(--ast-global-color-4)","background-image":"","background-repeat":"repeat","background-position":"center center","background-size":"auto","background-attachment":"scroll","background-type":"","background-media":"","overlay-type":"","overlay-color":"","overlay-opacity":"","overlay-gradient":""},"mobile":{"background-color":"var(--ast-global-color-4)","background-image":"","background-repeat":"repeat","background-position":"center center","background-size":"auto","background-attachment":"scroll","background-type":"","background-media":"","overlay-type":"","overlay-color":"","overlay-opacity":"","overlay-gradient":""}}},"product_brand":[],"product_cat":[15],"product_tag":[3960,3958,3957,1785,3959],"class_list":{"0":"post-18448","1":"product","2":"type-product","3":"status-publish","4":"has-post-thumbnail","6":"product_cat-uncategorized","7":"product_tag-prancuzu-autores","8":"product_tag-savaites-dienos","9":"product_tag-spalvos","10":"product_tag-vaikams","11":"product_tag-vilkas","12":"desktop-align-left","13":"tablet-align-left","14":"mobile-align-left","16":"first","17":"outofstock","18":"shipping-taxable","19":"purchasable","20":"product-type-simple"},"acf":[],"yoast_head":"<!-- This site is optimized with the Yoast SEO plugin v27.4 - https:\/\/yoast.com\/product\/yoast-seo-wordpress\/ -->\n<title>Vilkas kei\u010dia spalv\u0105<\/title>\n<meta name=\"description\" content=\"\u0160\u012fryt Vilkas i\u0161 lovos i\u0161lipo ne ta koja. Jis nebenori b\u016bti juodas ir nusprend\u017eia pakeisti spalv\u0105. Ta\u010diau pasirodo, kad tai padaryti n\u0117ra taip paprasta,\" \/>\n<meta name=\"robots\" content=\"index, follow, max-snippet:-1, max-image-preview:large, max-video-preview:-1\" \/>\n<link rel=\"canonical\" href=\"https:\/\/skaitytaknyga.lt\/en\/produktas\/vilkas-keicia-spalva\/\" \/>\n<meta property=\"og:locale\" content=\"en_GB\" \/>\n<meta property=\"og:locale:alternate\" content=\"lt_LT\" \/>\n<meta property=\"og:type\" content=\"article\" \/>\n<meta property=\"og:title\" content=\"Vilkas kei\u010dia spalv\u0105\" \/>\n<meta property=\"og:description\" content=\"\u0160\u012fryt Vilkas i\u0161 lovos i\u0161lipo ne ta koja. Jis nebenori b\u016bti juodas ir nusprend\u017eia pakeisti spalv\u0105. Ta\u010diau pasirodo, kad tai padaryti n\u0117ra taip paprasta,\" \/>\n<meta property=\"og:url\" content=\"https:\/\/skaitytaknyga.lt\/en\/produktas\/vilkas-keicia-spalva\/\" \/>\n<meta property=\"og:site_name\" content=\"Skaitytaknyga\" \/>\n<meta property=\"article:publisher\" content=\"https:\/\/www.facebook.com\/skaitytaknyga\/\" \/>\n<meta property=\"article:modified_time\" content=\"2025-12-14T18:33:53+00:00\" \/>\n<meta property=\"og:image\" content=\"https:\/\/skaitytaknyga.lt\/wp-content\/uploads\/2025\/05\/Vilkas-keicia-spalva.webp\" \/>\n\t<meta property=\"og:image:width\" content=\"801\" \/>\n\t<meta property=\"og:image:height\" content=\"801\" \/>\n\t<meta property=\"og:image:type\" content=\"image\/webp\" \/>\n<meta name=\"twitter:card\" content=\"summary_large_image\" \/>\n<meta name=\"twitter:label1\" content=\"Estimated reading time\" \/>\n\t<meta name=\"twitter:data1\" content=\"1 minute\" \/>\n<script type=\"application\/ld+json\" class=\"yoast-schema-graph\">{\"@context\":\"https:\\\/\\\/schema.org\",\"@graph\":[{\"@type\":\"WebPage\",\"@id\":\"https:\\\/\\\/skaitytaknyga.lt\\\/produktas\\\/vilkas-keicia-spalva\\\/\",\"url\":\"https:\\\/\\\/skaitytaknyga.lt\\\/produktas\\\/vilkas-keicia-spalva\\\/\",\"name\":\"Vilkas kei\u010dia spalv\u0105\",\"isPartOf\":{\"@id\":\"https:\\\/\\\/skaitytaknyga.lt\\\/#website\"},\"primaryImageOfPage\":{\"@id\":\"https:\\\/\\\/skaitytaknyga.lt\\\/produktas\\\/vilkas-keicia-spalva\\\/#primaryimage\"},\"image\":{\"@id\":\"https:\\\/\\\/skaitytaknyga.lt\\\/produktas\\\/vilkas-keicia-spalva\\\/#primaryimage\"},\"thumbnailUrl\":\"https:\\\/\\\/skaitytaknyga.lt\\\/wp-content\\\/uploads\\\/2025\\\/05\\\/Vilkas-keicia-spalva.webp\",\"datePublished\":\"2025-05-19T07:02:25+00:00\",\"dateModified\":\"2025-12-14T18:33:53+00:00\",\"description\":\"\u0160\u012fryt Vilkas i\u0161 lovos i\u0161lipo ne ta koja. Jis nebenori b\u016bti juodas ir nusprend\u017eia pakeisti spalv\u0105. Ta\u010diau pasirodo, kad tai padaryti n\u0117ra taip paprasta,\",\"breadcrumb\":{\"@id\":\"https:\\\/\\\/skaitytaknyga.lt\\\/produktas\\\/vilkas-keicia-spalva\\\/#breadcrumb\"},\"inLanguage\":\"en-GB\",\"potentialAction\":[{\"@type\":\"ReadAction\",\"target\":[\"https:\\\/\\\/skaitytaknyga.lt\\\/produktas\\\/vilkas-keicia-spalva\\\/\"]}]},{\"@type\":\"ImageObject\",\"inLanguage\":\"en-GB\",\"@id\":\"https:\\\/\\\/skaitytaknyga.lt\\\/produktas\\\/vilkas-keicia-spalva\\\/#primaryimage\",\"url\":\"https:\\\/\\\/skaitytaknyga.lt\\\/wp-content\\\/uploads\\\/2025\\\/05\\\/Vilkas-keicia-spalva.webp\",\"contentUrl\":\"https:\\\/\\\/skaitytaknyga.lt\\\/wp-content\\\/uploads\\\/2025\\\/05\\\/Vilkas-keicia-spalva.webp\",\"width\":801,\"height\":801,\"caption\":\"Vilkas kei\u010dia spalv\u0105\"},{\"@type\":\"BreadcrumbList\",\"@id\":\"https:\\\/\\\/skaitytaknyga.lt\\\/produktas\\\/vilkas-keicia-spalva\\\/#breadcrumb\",\"itemListElement\":[{\"@type\":\"ListItem\",\"position\":1,\"name\":\"Home\",\"item\":\"https:\\\/\\\/skaitytaknyga.lt\\\/\"},{\"@type\":\"ListItem\",\"position\":2,\"name\":\"Parduotuv\u0117\",\"item\":\"https:\\\/\\\/skaitytaknyga.lt\\\/knygu-parduotuve\\\/\"},{\"@type\":\"ListItem\",\"position\":3,\"name\":\"Vilkas kei\u010dia spalv\u0105\"}]},{\"@type\":\"WebSite\",\"@id\":\"https:\\\/\\\/skaitytaknyga.lt\\\/#website\",\"url\":\"https:\\\/\\\/skaitytaknyga.lt\\\/\",\"name\":\"skaitytaknyga.lt\",\"description\":\"Skaitytaknyga.lt \u2013 tai ma\u017eas \u0161eimos verslas, kuris prasid\u0117jo nuo meil\u0117s knygoms ir siekio i\u0161gelb\u0117ti knygas nuo likimo prie konteinerio. Kas vienam nereikalingas daiktas \u2013 kitam lobis, o mes esame tarpininkai, kurie padeda abiems tapti laimingesniems ???? \u017dinome kaip nelengva i\u0161gyventi ma\u017eiems verslams, tad nuo \u0161iol, \u010dia rasite ir kit\u0173, ma\u017e\u0173 \u0161eim\u0173 versl\u0173, rank\u0173 darbo, dovan\u0173 sau ir artimiesiems.\",\"publisher\":{\"@id\":\"https:\\\/\\\/skaitytaknyga.lt\\\/#organization\"},\"potentialAction\":[{\"@type\":\"SearchAction\",\"target\":{\"@type\":\"EntryPoint\",\"urlTemplate\":\"https:\\\/\\\/skaitytaknyga.lt\\\/?s={search_term_string}\"},\"query-input\":{\"@type\":\"PropertyValueSpecification\",\"valueRequired\":true,\"valueName\":\"search_term_string\"}}],\"inLanguage\":\"en-GB\"},{\"@type\":\"Organization\",\"@id\":\"https:\\\/\\\/skaitytaknyga.lt\\\/#organization\",\"name\":\"skaitytaknyga.lt\",\"url\":\"https:\\\/\\\/skaitytaknyga.lt\\\/\",\"logo\":{\"@type\":\"ImageObject\",\"inLanguage\":\"en-GB\",\"@id\":\"https:\\\/\\\/skaitytaknyga.lt\\\/#\\\/schema\\\/logo\\\/image\\\/\",\"url\":\"https:\\\/\\\/skaitytaknyga.lt\\\/wp-content\\\/uploads\\\/2024\\\/05\\\/cropped-cropped-cropped-02_00843_jt3bggkj1j3HLc7SyY6rEUpg.jpeg\",\"contentUrl\":\"https:\\\/\\\/skaitytaknyga.lt\\\/wp-content\\\/uploads\\\/2024\\\/05\\\/cropped-cropped-cropped-02_00843_jt3bggkj1j3HLc7SyY6rEUpg.jpeg\",\"width\":1600,\"height\":1600,\"caption\":\"skaitytaknyga.lt\"},\"image\":{\"@id\":\"https:\\\/\\\/skaitytaknyga.lt\\\/#\\\/schema\\\/logo\\\/image\\\/\"},\"sameAs\":[\"https:\\\/\\\/www.facebook.com\\\/skaitytaknyga\\\/\"]}]}<\/script>\n<!-- \/ Yoast SEO plugin. -->","yoast_head_json":{"title":"Vilkas kei\u010dia spalv\u0105","description":"\u0160\u012fryt Vilkas i\u0161 lovos i\u0161lipo ne ta koja. Jis nebenori b\u016bti juodas ir nusprend\u017eia pakeisti spalv\u0105. Ta\u010diau pasirodo, kad tai padaryti n\u0117ra taip paprasta,","robots":{"index":"index","follow":"follow","max-snippet":"max-snippet:-1","max-image-preview":"max-image-preview:large","max-video-preview":"max-video-preview:-1"},"canonical":"https:\/\/skaitytaknyga.lt\/en\/produktas\/vilkas-keicia-spalva\/","og_locale":"en_GB","og_type":"article","og_title":"[:lt]Vilkas kei\u010dia spalv\u0105[:] - Skaitytaknyga","og_description":"\u0160\u012fryt Vilkas i\u0161 lovos i\u0161lipo ne ta koja. Jis nebenori b\u016bti juodas ir nusprend\u017eia pakeisti spalv\u0105. Ta\u010diau pasirodo, kad tai padaryti n\u0117ra taip paprasta,","og_url":"https:\/\/skaitytaknyga.lt\/en\/produktas\/vilkas-keicia-spalva\/","og_site_name":"Skaitytaknyga","article_publisher":"https:\/\/www.facebook.com\/skaitytaknyga\/","article_modified_time":"2025-12-14T18:33:53+00:00","og_image":[{"width":801,"height":801,"url":"https:\/\/skaitytaknyga.lt\/wp-content\/uploads\/2025\/05\/Vilkas-keicia-spalva.webp","type":"image\/webp"}],"twitter_card":"summary_large_image","twitter_misc":{"Estimated reading time":"1 minute"},"schema":{"@context":"https:\/\/schema.org","@graph":[{"@type":"WebPage","@id":"https:\/\/skaitytaknyga.lt\/produktas\/vilkas-keicia-spalva\/","url":"https:\/\/skaitytaknyga.lt\/produktas\/vilkas-keicia-spalva\/","name":"Vilkas kei\u010dia spalv\u0105","isPartOf":{"@id":"https:\/\/skaitytaknyga.lt\/#website"},"primaryImageOfPage":{"@id":"https:\/\/skaitytaknyga.lt\/produktas\/vilkas-keicia-spalva\/#primaryimage"},"image":{"@id":"https:\/\/skaitytaknyga.lt\/produktas\/vilkas-keicia-spalva\/#primaryimage"},"thumbnailUrl":"https:\/\/skaitytaknyga.lt\/wp-content\/uploads\/2025\/05\/Vilkas-keicia-spalva.webp","datePublished":"2025-05-19T07:02:25+00:00","dateModified":"2025-12-14T18:33:53+00:00","description":"\u0160\u012fryt Vilkas i\u0161 lovos i\u0161lipo ne ta koja. Jis nebenori b\u016bti juodas ir nusprend\u017eia pakeisti spalv\u0105. Ta\u010diau pasirodo, kad tai padaryti n\u0117ra taip paprasta,","breadcrumb":{"@id":"https:\/\/skaitytaknyga.lt\/produktas\/vilkas-keicia-spalva\/#breadcrumb"},"inLanguage":"en-GB","potentialAction":[{"@type":"ReadAction","target":["https:\/\/skaitytaknyga.lt\/produktas\/vilkas-keicia-spalva\/"]}]},{"@type":"ImageObject","inLanguage":"en-GB","@id":"https:\/\/skaitytaknyga.lt\/produktas\/vilkas-keicia-spalva\/#primaryimage","url":"https:\/\/skaitytaknyga.lt\/wp-content\/uploads\/2025\/05\/Vilkas-keicia-spalva.webp","contentUrl":"https:\/\/skaitytaknyga.lt\/wp-content\/uploads\/2025\/05\/Vilkas-keicia-spalva.webp","width":801,"height":801,"caption":"Vilkas kei\u010dia spalv\u0105"},{"@type":"BreadcrumbList","@id":"https:\/\/skaitytaknyga.lt\/produktas\/vilkas-keicia-spalva\/#breadcrumb","itemListElement":[{"@type":"ListItem","position":1,"name":"Home","item":"https:\/\/skaitytaknyga.lt\/"},{"@type":"ListItem","position":2,"name":"Parduotuv\u0117","item":"https:\/\/skaitytaknyga.lt\/knygu-parduotuve\/"},{"@type":"ListItem","position":3,"name":"Vilkas kei\u010dia spalv\u0105"}]},{"@type":"WebSite","@id":"https:\/\/skaitytaknyga.lt\/#website","url":"https:\/\/skaitytaknyga.lt\/","name":"skaitytaknyga.lt","description":"Skaitytaknyga.lt \u2013 tai ma\u017eas \u0161eimos verslas, kuris prasid\u0117jo nuo meil\u0117s knygoms ir siekio i\u0161gelb\u0117ti knygas nuo likimo prie konteinerio. Kas vienam nereikalingas daiktas \u2013 kitam lobis, o mes esame tarpininkai, kurie padeda abiems tapti laimingesniems ???? \u017dinome kaip nelengva i\u0161gyventi ma\u017eiems verslams, tad nuo \u0161iol, \u010dia rasite ir kit\u0173, ma\u017e\u0173 \u0161eim\u0173 versl\u0173, rank\u0173 darbo, dovan\u0173 sau ir artimiesiems.","publisher":{"@id":"https:\/\/skaitytaknyga.lt\/#organization"},"potentialAction":[{"@type":"SearchAction","target":{"@type":"EntryPoint","urlTemplate":"https:\/\/skaitytaknyga.lt\/?s={search_term_string}"},"query-input":{"@type":"PropertyValueSpecification","valueRequired":true,"valueName":"search_term_string"}}],"inLanguage":"en-GB"},{"@type":"Organization","@id":"https:\/\/skaitytaknyga.lt\/#organization","name":"skaitytaknyga.lt","url":"https:\/\/skaitytaknyga.lt\/","logo":{"@type":"ImageObject","inLanguage":"en-GB","@id":"https:\/\/skaitytaknyga.lt\/#\/schema\/logo\/image\/","url":"https:\/\/skaitytaknyga.lt\/wp-content\/uploads\/2024\/05\/cropped-cropped-cropped-02_00843_jt3bggkj1j3HLc7SyY6rEUpg.jpeg","contentUrl":"https:\/\/skaitytaknyga.lt\/wp-content\/uploads\/2024\/05\/cropped-cropped-cropped-02_00843_jt3bggkj1j3HLc7SyY6rEUpg.jpeg","width":1600,"height":1600,"caption":"skaitytaknyga.lt"},"image":{"@id":"https:\/\/skaitytaknyga.lt\/#\/schema\/logo\/image\/"},"sameAs":["https:\/\/www.facebook.com\/skaitytaknyga\/"]}]}},"_links":{"self":[{"href":"https:\/\/skaitytaknyga.lt\/en\/wp-json\/wp\/v2\/product\/18448","targetHints":{"allow":["GET"]}}],"collection":[{"href":"https:\/\/skaitytaknyga.lt\/en\/wp-json\/wp\/v2\/product"}],"about":[{"href":"https:\/\/skaitytaknyga.lt\/en\/wp-json\/wp\/v2\/types\/product"}],"replies":[{"embeddable":true,"href":"https:\/\/skaitytaknyga.lt\/en\/wp-json\/wp\/v2\/comments?post=18448"}],"wp:featuredmedia":[{"embeddable":true,"href":"https:\/\/skaitytaknyga.lt\/en\/wp-json\/wp\/v2\/media\/18453"}],"wp:attachment":[{"href":"https:\/\/skaitytaknyga.lt\/en\/wp-json\/wp\/v2\/media?parent=18448"}],"wp:term":[{"taxonomy":"product_brand","embeddable":true,"href":"https:\/\/skaitytaknyga.lt\/en\/wp-json\/wp\/v2\/product_brand?post=18448"},{"taxonomy":"product_cat","embeddable":true,"href":"https:\/\/skaitytaknyga.lt\/en\/wp-json\/wp\/v2\/product_cat?post=18448"},{"taxonomy":"product_tag","embeddable":true,"href":"https:\/\/skaitytaknyga.lt\/en\/wp-json\/wp\/v2\/product_tag?post=18448"}],"curies":[{"name":"wp","href":"https:\/\/api.w.org\/{rel}","templated":true}]}}