{"id":18440,"date":"2025-05-19T09:48:17","date_gmt":"2025-05-19T06:48:17","guid":{"rendered":"https:\/\/skaitytaknyga.lt\/?post_type=product&#038;p=18440"},"modified":"2025-05-21T14:41:49","modified_gmt":"2025-05-21T11:41:49","slug":"kurybiniu-stiliu-pedsakais-pokalbiai-su-muzikais","status":"publish","type":"product","link":"https:\/\/skaitytaknyga.lt\/en\/produktas\/kurybiniu-stiliu-pedsakais-pokalbiai-su-muzikais\/","title":{"rendered":"K\u016brybini\u0173 stili\u0173 p\u0117dsakais: pokalbiai su muzikais"},"content":{"rendered":"<p>Monografijoje atsiveria \u012fdomiausi\u0173 XX a. lietuvi\u0173 muzik\u0173 mintys, id\u0117jos, vertybi\u0173 skal\u0117, stiliaus paie\u0161kos, k\u016brybos dvasia. Knyga patraukli nuotrauk\u0173 gausa, kompozitori\u0173 Osvaldo Balakausko ir Broniaus Kutavi\u010diaus pie\u0161iniais.<\/p>\n","protected":false},"excerpt":{"rendered":"<p>Monografijoje atsiveria \u012fdomiausi\u0173 XX a. lietuvi\u0173 muzik\u0173 mintys, id\u0117jos, vertybi\u0173 skal\u0117, stiliaus paie\u0161kos, k\u016brybos dvasia. Knyga patraukli nuotrauk\u0173 gausa, kompozitori\u0173 Osvaldo Balakausko ir Broniaus Kutavi\u010diaus pie\u0161iniais.<\/p>\n","protected":false},"featured_media":18445,"comment_status":"open","ping_status":"closed","template":"","meta":{"_acf_changed":false,"site-sidebar-layout":"default","site-content-layout":"","ast-site-content-layout":"default","site-content-style":"default","site-sidebar-style":"default","ast-global-header-display":"","ast-banner-title-visibility":"","ast-main-header-display":"","ast-hfb-above-header-display":"","ast-hfb-below-header-display":"","ast-hfb-mobile-header-display":"","site-post-title":"","ast-breadcrumbs-content":"","ast-featured-img":"","footer-sml-layout":"","ast-disable-related-posts":"","theme-transparent-header-meta":"","adv-header-id-meta":"","stick-header-meta":"","header-above-stick-meta":"","header-main-stick-meta":"","header-below-stick-meta":"","astra-migrate-meta-layouts":"default","ast-page-background-enabled":"default","ast-page-background-meta":{"desktop":{"background-color":"","background-image":"","background-repeat":"repeat","background-position":"center center","background-size":"auto","background-attachment":"scroll","background-type":"","background-media":"","overlay-type":"","overlay-color":"","overlay-opacity":"","overlay-gradient":""},"tablet":{"background-color":"","background-image":"","background-repeat":"repeat","background-position":"center center","background-size":"auto","background-attachment":"scroll","background-type":"","background-media":"","overlay-type":"","overlay-color":"","overlay-opacity":"","overlay-gradient":""},"mobile":{"background-color":"","background-image":"","background-repeat":"repeat","background-position":"center center","background-size":"auto","background-attachment":"scroll","background-type":"","background-media":"","overlay-type":"","overlay-color":"","overlay-opacity":"","overlay-gradient":""}},"ast-content-background-meta":{"desktop":{"background-color":"var(--ast-global-color-4)","background-image":"","background-repeat":"repeat","background-position":"center center","background-size":"auto","background-attachment":"scroll","background-type":"","background-media":"","overlay-type":"","overlay-color":"","overlay-opacity":"","overlay-gradient":""},"tablet":{"background-color":"var(--ast-global-color-4)","background-image":"","background-repeat":"repeat","background-position":"center center","background-size":"auto","background-attachment":"scroll","background-type":"","background-media":"","overlay-type":"","overlay-color":"","overlay-opacity":"","overlay-gradient":""},"mobile":{"background-color":"var(--ast-global-color-4)","background-image":"","background-repeat":"repeat","background-position":"center center","background-size":"auto","background-attachment":"scroll","background-type":"","background-media":"","overlay-type":"","overlay-color":"","overlay-opacity":"","overlay-gradient":""}}},"product_brand":[],"product_cat":[15],"product_tag":[3007,3952,2898,3876,3953],"class_list":{"0":"post-18440","1":"product","2":"type-product","3":"status-publish","4":"has-post-thumbnail","6":"product_cat-uncategorized","7":"product_tag-kuryba","8":"product_tag-lietuviu-muzikai","9":"product_tag-muzika","10":"product_tag-pokalbiai","11":"product_tag-ruta-gaidamaviciute","12":"desktop-align-left","13":"tablet-align-left","14":"mobile-align-left","16":"first","17":"instock","18":"shipping-taxable","19":"purchasable","20":"product-type-simple"},"acf":[],"yoast_head":"<!-- This site is optimized with the Yoast SEO plugin v27.0 - https:\/\/yoast.com\/product\/yoast-seo-wordpress\/ -->\n<title>K\u016brybini\u0173 stili\u0173 p\u0117dsakais: pokalbiai su muzikais<\/title>\n<meta name=\"description\" content=\"Monografijoje atsiveria \u012fdomiausi\u0173 XX a. lietuvi\u0173 muzik\u0173 mintys, id\u0117jos, vertybi\u0173 skal\u0117, stiliaus paie\u0161kos, k\u016brybos dvasia. Knyga patraukli nuotrauk\u0173\" \/>\n<meta name=\"robots\" content=\"index, follow, max-snippet:-1, max-image-preview:large, max-video-preview:-1\" \/>\n<link rel=\"canonical\" href=\"https:\/\/skaitytaknyga.lt\/en\/produktas\/kurybiniu-stiliu-pedsakais-pokalbiai-su-muzikais\/\" \/>\n<meta property=\"og:locale\" content=\"en_GB\" \/>\n<meta property=\"og:locale:alternate\" content=\"lt_LT\" \/>\n<meta property=\"og:type\" content=\"article\" \/>\n<meta property=\"og:title\" content=\"K\u016brybini\u0173 stili\u0173 p\u0117dsakais: pokalbiai su muzikais\" \/>\n<meta property=\"og:description\" content=\"Monografijoje atsiveria \u012fdomiausi\u0173 XX a. lietuvi\u0173 muzik\u0173 mintys, id\u0117jos, vertybi\u0173 skal\u0117, stiliaus paie\u0161kos, k\u016brybos dvasia. Knyga patraukli nuotrauk\u0173\" \/>\n<meta property=\"og:url\" content=\"https:\/\/skaitytaknyga.lt\/en\/produktas\/kurybiniu-stiliu-pedsakais-pokalbiai-su-muzikais\/\" \/>\n<meta property=\"og:site_name\" content=\"Skaitytaknyga\" \/>\n<meta property=\"article:publisher\" content=\"https:\/\/www.facebook.com\/skaitytaknyga\/\" \/>\n<meta property=\"article:modified_time\" content=\"2025-05-21T11:41:49+00:00\" \/>\n<meta property=\"og:image\" content=\"https:\/\/skaitytaknyga.lt\/wp-content\/uploads\/2025\/05\/Kurybiniu-stiliu-pedsakais-pokalbiai-su-muzikais-1.jpg\" \/>\n\t<meta property=\"og:image:width\" content=\"260\" \/>\n\t<meta property=\"og:image:height\" content=\"396\" \/>\n\t<meta property=\"og:image:type\" content=\"image\/jpeg\" \/>\n<meta name=\"twitter:card\" content=\"summary_large_image\" \/>\n<script type=\"application\/ld+json\" class=\"yoast-schema-graph\">{\"@context\":\"https:\/\/schema.org\",\"@graph\":[{\"@type\":\"WebPage\",\"@id\":\"https:\/\/skaitytaknyga.lt\/produktas\/kurybiniu-stiliu-pedsakais-pokalbiai-su-muzikais\/\",\"url\":\"https:\/\/skaitytaknyga.lt\/produktas\/kurybiniu-stiliu-pedsakais-pokalbiai-su-muzikais\/\",\"name\":\"K\u016brybini\u0173 stili\u0173 p\u0117dsakais: pokalbiai su muzikais\",\"isPartOf\":{\"@id\":\"https:\/\/skaitytaknyga.lt\/#website\"},\"primaryImageOfPage\":{\"@id\":\"https:\/\/skaitytaknyga.lt\/produktas\/kurybiniu-stiliu-pedsakais-pokalbiai-su-muzikais\/#primaryimage\"},\"image\":{\"@id\":\"https:\/\/skaitytaknyga.lt\/produktas\/kurybiniu-stiliu-pedsakais-pokalbiai-su-muzikais\/#primaryimage\"},\"thumbnailUrl\":\"https:\/\/skaitytaknyga.lt\/wp-content\/uploads\/2025\/05\/Kurybiniu-stiliu-pedsakais-pokalbiai-su-muzikais-1.jpg\",\"datePublished\":\"2025-05-19T06:48:17+00:00\",\"dateModified\":\"2025-05-21T11:41:49+00:00\",\"description\":\"Monografijoje atsiveria \u012fdomiausi\u0173 XX a. lietuvi\u0173 muzik\u0173 mintys, id\u0117jos, vertybi\u0173 skal\u0117, stiliaus paie\u0161kos, k\u016brybos dvasia. Knyga patraukli nuotrauk\u0173\",\"breadcrumb\":{\"@id\":\"https:\/\/skaitytaknyga.lt\/produktas\/kurybiniu-stiliu-pedsakais-pokalbiai-su-muzikais\/#breadcrumb\"},\"inLanguage\":\"en-GB\",\"potentialAction\":[{\"@type\":\"ReadAction\",\"target\":[\"https:\/\/skaitytaknyga.lt\/produktas\/kurybiniu-stiliu-pedsakais-pokalbiai-su-muzikais\/\"]}]},{\"@type\":\"ImageObject\",\"inLanguage\":\"en-GB\",\"@id\":\"https:\/\/skaitytaknyga.lt\/produktas\/kurybiniu-stiliu-pedsakais-pokalbiai-su-muzikais\/#primaryimage\",\"url\":\"https:\/\/skaitytaknyga.lt\/wp-content\/uploads\/2025\/05\/Kurybiniu-stiliu-pedsakais-pokalbiai-su-muzikais-1.jpg\",\"contentUrl\":\"https:\/\/skaitytaknyga.lt\/wp-content\/uploads\/2025\/05\/Kurybiniu-stiliu-pedsakais-pokalbiai-su-muzikais-1.jpg\",\"width\":260,\"height\":396,\"caption\":\"K\u016brybini\u0173 stili\u0173 p\u0117dsakais: pokalbiai su muzikais\"},{\"@type\":\"BreadcrumbList\",\"@id\":\"https:\/\/skaitytaknyga.lt\/produktas\/kurybiniu-stiliu-pedsakais-pokalbiai-su-muzikais\/#breadcrumb\",\"itemListElement\":[{\"@type\":\"ListItem\",\"position\":1,\"name\":\"Home\",\"item\":\"https:\/\/skaitytaknyga.lt\/\"},{\"@type\":\"ListItem\",\"position\":2,\"name\":\"Parduotuv\u0117\",\"item\":\"https:\/\/skaitytaknyga.lt\/knygu-parduotuve\/\"},{\"@type\":\"ListItem\",\"position\":3,\"name\":\"K\u016brybini\u0173 stili\u0173 p\u0117dsakais: pokalbiai su muzikais\"}]},{\"@type\":\"WebSite\",\"@id\":\"https:\/\/skaitytaknyga.lt\/#website\",\"url\":\"https:\/\/skaitytaknyga.lt\/\",\"name\":\"skaitytaknyga.lt\",\"description\":\"Skaitytaknyga.lt \u2013 tai ma\u017eas \u0161eimos verslas, kuris prasid\u0117jo nuo meil\u0117s knygoms ir siekio i\u0161gelb\u0117ti knygas nuo likimo prie konteinerio. Kas vienam nereikalingas daiktas \u2013 kitam lobis, o mes esame tarpininkai, kurie padeda abiems tapti laimingesniems ???? \u017dinome kaip nelengva i\u0161gyventi ma\u017eiems verslams, tad nuo \u0161iol, \u010dia rasite ir kit\u0173, ma\u017e\u0173 \u0161eim\u0173 versl\u0173, rank\u0173 darbo, dovan\u0173 sau ir artimiesiems.\",\"publisher\":{\"@id\":\"https:\/\/skaitytaknyga.lt\/#organization\"},\"potentialAction\":[{\"@type\":\"SearchAction\",\"target\":{\"@type\":\"EntryPoint\",\"urlTemplate\":\"https:\/\/skaitytaknyga.lt\/?s={search_term_string}\"},\"query-input\":{\"@type\":\"PropertyValueSpecification\",\"valueRequired\":true,\"valueName\":\"search_term_string\"}}],\"inLanguage\":\"en-GB\"},{\"@type\":\"Organization\",\"@id\":\"https:\/\/skaitytaknyga.lt\/#organization\",\"name\":\"skaitytaknyga.lt\",\"url\":\"https:\/\/skaitytaknyga.lt\/\",\"logo\":{\"@type\":\"ImageObject\",\"inLanguage\":\"en-GB\",\"@id\":\"https:\/\/skaitytaknyga.lt\/#\/schema\/logo\/image\/\",\"url\":\"https:\/\/skaitytaknyga.lt\/wp-content\/uploads\/2024\/05\/cropped-cropped-cropped-02_00843_jt3bggkj1j3HLc7SyY6rEUpg.jpeg\",\"contentUrl\":\"https:\/\/skaitytaknyga.lt\/wp-content\/uploads\/2024\/05\/cropped-cropped-cropped-02_00843_jt3bggkj1j3HLc7SyY6rEUpg.jpeg\",\"width\":1600,\"height\":1600,\"caption\":\"skaitytaknyga.lt\"},\"image\":{\"@id\":\"https:\/\/skaitytaknyga.lt\/#\/schema\/logo\/image\/\"},\"sameAs\":[\"https:\/\/www.facebook.com\/skaitytaknyga\/\"]}]}<\/script>\n<!-- \/ Yoast SEO plugin. -->","yoast_head_json":{"title":"K\u016brybini\u0173 stili\u0173 p\u0117dsakais: pokalbiai su muzikais","description":"Monografijoje atsiveria \u012fdomiausi\u0173 XX a. lietuvi\u0173 muzik\u0173 mintys, id\u0117jos, vertybi\u0173 skal\u0117, stiliaus paie\u0161kos, k\u016brybos dvasia. Knyga patraukli nuotrauk\u0173","robots":{"index":"index","follow":"follow","max-snippet":"max-snippet:-1","max-image-preview":"max-image-preview:large","max-video-preview":"max-video-preview:-1"},"canonical":"https:\/\/skaitytaknyga.lt\/en\/produktas\/kurybiniu-stiliu-pedsakais-pokalbiai-su-muzikais\/","og_locale":"en_GB","og_type":"article","og_title":"[:lt]K\u016brybini\u0173 stili\u0173 p\u0117dsakais: pokalbiai su muzikais[:] - Skaitytaknyga","og_description":"Monografijoje atsiveria \u012fdomiausi\u0173 XX a. lietuvi\u0173 muzik\u0173 mintys, id\u0117jos, vertybi\u0173 skal\u0117, stiliaus paie\u0161kos, k\u016brybos dvasia. Knyga patraukli nuotrauk\u0173","og_url":"https:\/\/skaitytaknyga.lt\/en\/produktas\/kurybiniu-stiliu-pedsakais-pokalbiai-su-muzikais\/","og_site_name":"Skaitytaknyga","article_publisher":"https:\/\/www.facebook.com\/skaitytaknyga\/","article_modified_time":"2025-05-21T11:41:49+00:00","og_image":[{"width":260,"height":396,"url":"https:\/\/skaitytaknyga.lt\/wp-content\/uploads\/2025\/05\/Kurybiniu-stiliu-pedsakais-pokalbiai-su-muzikais-1.jpg","type":"image\/jpeg"}],"twitter_card":"summary_large_image","schema":{"@context":"https:\/\/schema.org","@graph":[{"@type":"WebPage","@id":"https:\/\/skaitytaknyga.lt\/produktas\/kurybiniu-stiliu-pedsakais-pokalbiai-su-muzikais\/","url":"https:\/\/skaitytaknyga.lt\/produktas\/kurybiniu-stiliu-pedsakais-pokalbiai-su-muzikais\/","name":"K\u016brybini\u0173 stili\u0173 p\u0117dsakais: pokalbiai su muzikais","isPartOf":{"@id":"https:\/\/skaitytaknyga.lt\/#website"},"primaryImageOfPage":{"@id":"https:\/\/skaitytaknyga.lt\/produktas\/kurybiniu-stiliu-pedsakais-pokalbiai-su-muzikais\/#primaryimage"},"image":{"@id":"https:\/\/skaitytaknyga.lt\/produktas\/kurybiniu-stiliu-pedsakais-pokalbiai-su-muzikais\/#primaryimage"},"thumbnailUrl":"https:\/\/skaitytaknyga.lt\/wp-content\/uploads\/2025\/05\/Kurybiniu-stiliu-pedsakais-pokalbiai-su-muzikais-1.jpg","datePublished":"2025-05-19T06:48:17+00:00","dateModified":"2025-05-21T11:41:49+00:00","description":"Monografijoje atsiveria \u012fdomiausi\u0173 XX a. lietuvi\u0173 muzik\u0173 mintys, id\u0117jos, vertybi\u0173 skal\u0117, stiliaus paie\u0161kos, k\u016brybos dvasia. Knyga patraukli nuotrauk\u0173","breadcrumb":{"@id":"https:\/\/skaitytaknyga.lt\/produktas\/kurybiniu-stiliu-pedsakais-pokalbiai-su-muzikais\/#breadcrumb"},"inLanguage":"en-GB","potentialAction":[{"@type":"ReadAction","target":["https:\/\/skaitytaknyga.lt\/produktas\/kurybiniu-stiliu-pedsakais-pokalbiai-su-muzikais\/"]}]},{"@type":"ImageObject","inLanguage":"en-GB","@id":"https:\/\/skaitytaknyga.lt\/produktas\/kurybiniu-stiliu-pedsakais-pokalbiai-su-muzikais\/#primaryimage","url":"https:\/\/skaitytaknyga.lt\/wp-content\/uploads\/2025\/05\/Kurybiniu-stiliu-pedsakais-pokalbiai-su-muzikais-1.jpg","contentUrl":"https:\/\/skaitytaknyga.lt\/wp-content\/uploads\/2025\/05\/Kurybiniu-stiliu-pedsakais-pokalbiai-su-muzikais-1.jpg","width":260,"height":396,"caption":"K\u016brybini\u0173 stili\u0173 p\u0117dsakais: pokalbiai su muzikais"},{"@type":"BreadcrumbList","@id":"https:\/\/skaitytaknyga.lt\/produktas\/kurybiniu-stiliu-pedsakais-pokalbiai-su-muzikais\/#breadcrumb","itemListElement":[{"@type":"ListItem","position":1,"name":"Home","item":"https:\/\/skaitytaknyga.lt\/"},{"@type":"ListItem","position":2,"name":"Parduotuv\u0117","item":"https:\/\/skaitytaknyga.lt\/knygu-parduotuve\/"},{"@type":"ListItem","position":3,"name":"K\u016brybini\u0173 stili\u0173 p\u0117dsakais: pokalbiai su muzikais"}]},{"@type":"WebSite","@id":"https:\/\/skaitytaknyga.lt\/#website","url":"https:\/\/skaitytaknyga.lt\/","name":"skaitytaknyga.lt","description":"Skaitytaknyga.lt \u2013 tai ma\u017eas \u0161eimos verslas, kuris prasid\u0117jo nuo meil\u0117s knygoms ir siekio i\u0161gelb\u0117ti knygas nuo likimo prie konteinerio. Kas vienam nereikalingas daiktas \u2013 kitam lobis, o mes esame tarpininkai, kurie padeda abiems tapti laimingesniems ???? \u017dinome kaip nelengva i\u0161gyventi ma\u017eiems verslams, tad nuo \u0161iol, \u010dia rasite ir kit\u0173, ma\u017e\u0173 \u0161eim\u0173 versl\u0173, rank\u0173 darbo, dovan\u0173 sau ir artimiesiems.","publisher":{"@id":"https:\/\/skaitytaknyga.lt\/#organization"},"potentialAction":[{"@type":"SearchAction","target":{"@type":"EntryPoint","urlTemplate":"https:\/\/skaitytaknyga.lt\/?s={search_term_string}"},"query-input":{"@type":"PropertyValueSpecification","valueRequired":true,"valueName":"search_term_string"}}],"inLanguage":"en-GB"},{"@type":"Organization","@id":"https:\/\/skaitytaknyga.lt\/#organization","name":"skaitytaknyga.lt","url":"https:\/\/skaitytaknyga.lt\/","logo":{"@type":"ImageObject","inLanguage":"en-GB","@id":"https:\/\/skaitytaknyga.lt\/#\/schema\/logo\/image\/","url":"https:\/\/skaitytaknyga.lt\/wp-content\/uploads\/2024\/05\/cropped-cropped-cropped-02_00843_jt3bggkj1j3HLc7SyY6rEUpg.jpeg","contentUrl":"https:\/\/skaitytaknyga.lt\/wp-content\/uploads\/2024\/05\/cropped-cropped-cropped-02_00843_jt3bggkj1j3HLc7SyY6rEUpg.jpeg","width":1600,"height":1600,"caption":"skaitytaknyga.lt"},"image":{"@id":"https:\/\/skaitytaknyga.lt\/#\/schema\/logo\/image\/"},"sameAs":["https:\/\/www.facebook.com\/skaitytaknyga\/"]}]}},"_links":{"self":[{"href":"https:\/\/skaitytaknyga.lt\/en\/wp-json\/wp\/v2\/product\/18440","targetHints":{"allow":["GET"]}}],"collection":[{"href":"https:\/\/skaitytaknyga.lt\/en\/wp-json\/wp\/v2\/product"}],"about":[{"href":"https:\/\/skaitytaknyga.lt\/en\/wp-json\/wp\/v2\/types\/product"}],"replies":[{"embeddable":true,"href":"https:\/\/skaitytaknyga.lt\/en\/wp-json\/wp\/v2\/comments?post=18440"}],"wp:featuredmedia":[{"embeddable":true,"href":"https:\/\/skaitytaknyga.lt\/en\/wp-json\/wp\/v2\/media\/18445"}],"wp:attachment":[{"href":"https:\/\/skaitytaknyga.lt\/en\/wp-json\/wp\/v2\/media?parent=18440"}],"wp:term":[{"taxonomy":"product_brand","embeddable":true,"href":"https:\/\/skaitytaknyga.lt\/en\/wp-json\/wp\/v2\/product_brand?post=18440"},{"taxonomy":"product_cat","embeddable":true,"href":"https:\/\/skaitytaknyga.lt\/en\/wp-json\/wp\/v2\/product_cat?post=18440"},{"taxonomy":"product_tag","embeddable":true,"href":"https:\/\/skaitytaknyga.lt\/en\/wp-json\/wp\/v2\/product_tag?post=18440"}],"curies":[{"name":"wp","href":"https:\/\/api.w.org\/{rel}","templated":true}]}}