{"id":18439,"date":"2025-05-19T09:48:16","date_gmt":"2025-05-19T06:48:16","guid":{"rendered":"https:\/\/skaitytaknyga.lt\/?post_type=product&#038;p=18439"},"modified":"2025-05-21T14:41:49","modified_gmt":"2025-05-21T11:41:49","slug":"ka-turi-zinoti-kiekvienas-issilavines-zmogus","status":"publish","type":"product","link":"https:\/\/skaitytaknyga.lt\/en\/produktas\/ka-turi-zinoti-kiekvienas-issilavines-zmogus\/","title":{"rendered":"K\u0105 turi \u017einoti kiekvienas i\u0161silavin\u0119s \u017emogus"},"content":{"rendered":"<p><strong>Dietrichas Schwanitzas<\/strong>\u00a0iki 1997 m. buvo Hamburgo universiteto angl\u0173 literat\u016bros profesorius. Svarbiausi jo veikalai \u2013 \u201eUniversiteto miestelis\u201c (Der Campus), \u201eAngl\u0173 kult\u016bros istorija\u201c (Englische Kulturgeschichte), \u201e\u0160eiloko sindromas\u201c (Das Shylock-Syndrom), romanas Der Zirkel.<\/p>\n<p>Kartais atrodo, kad sk\u0119stame informacijos ir \u017eini\u0173 sraute, bet neapr\u0117piame visumos ir nesuvokiame prie\u017eastini\u0173 kult\u016bros raidos ry\u0161i\u0173. M\u016bs\u0173 \u017einios pri\u0117jo kry\u017ekel\u0119, m\u016bs\u0173 ugdymas i\u0161gyvena kriz\u0119 ir \u0161aukte \u0161aukiasi sistemos. \u0160is vadovas, privalomas kiekvienam, nenorin\u010diam apsikvailinti geroje kompanijoje, para\u0161ytas ne akademinio m\u0105stytojo, o \u0161maik\u0161taus, originaliai \u2013 kartais kontroversi\u0161kai \u2013 m\u0105stan\u010dio erudito. Jam pavyko apr\u0117pti ir susisteminti tai, kas atrodyt\u0173, neapr\u0117piama vieno \u017emogaus vienoje knygoje.<\/p>\n<p>D. Schwanitzas nagrin\u0117ja: antik\u0105 ir Senojo bei Naujojo testamento epizodus, Europos valstybi\u0173 \u0161eimos susidarym\u0105 ir epochinius jos istorijos momentus (revoliucijas, did\u017ei\u0105sias katastrofas, demokratijos atsiradim\u0105), literat\u016bros, dail\u0117s ir muzikos \u0161edevrus, mokslo atradimus, filosofin\u0117s minties, ideologij\u0173 ir pasaul\u0117\u017ei\u016br\u0173 raid\u0105, knygos kult\u016br\u0105, mokyklas ir universitetus.<\/p>\n<p>Autorius ie\u0161ko atsakymo \u012f klausimus: keik kult\u016bros pa\u017einimas padeda mums pa\u017einti pa\u010dius save? Kod\u0117l \u0161iuolaikin\u0117 visuomen\u0117, valstyb\u0117, mokslas, demokratija ir valdymo sistema susik\u016br\u0117 b\u016btent Europoje? Kod\u0117l taip svarbu artimiau susipa\u017einti su Don Kichotu, Hamletu, Faustu? K\u0105 pasak\u0117 Martinas Heidegeris, ko mes iki tol ne\u017einojome? Kur buvo pas\u0105mon\u0117 iki Sigmundo Freudo?<\/p>\n<p>Chronologin\u0117 Europos \u012fvyki\u0173 lentel\u0117, s\u0105ra\u0161as knyg\u0173, kurios pakeit\u0117 pasaul\u012f, ir vard\u0173 rodykl\u0117 ypa\u010d padidina \u0161ios knygos vert\u0119.<\/p>\n","protected":false},"excerpt":{"rendered":"<p>Dietrichas Schwanitzas\u00a0iki 1997 m. buvo Hamburgo universiteto angl\u0173 literat\u016bros profesorius. Svarbiausi jo veikalai \u2013 \u201eUniversiteto miestelis\u201c (Der Campus), \u201eAngl\u0173 kult\u016bros istorija\u201c (Englische Kulturgeschichte), \u201e\u0160eiloko sindromas\u201c (Das Shylock-Syndrom), romanas Der Zirkel. Kartais atrodo, kad sk\u0119stame informacijos ir \u017eini\u0173 sraute, bet neapr\u0117piame visumos ir nesuvokiame prie\u017eastini\u0173 kult\u016bros raidos ry\u0161i\u0173. M\u016bs\u0173 \u017einios pri\u0117jo kry\u017ekel\u0119, m\u016bs\u0173 ugdymas i\u0161gyvena kriz\u0119 ir \u0161aukte \u0161aukiasi sistemos. \u0160is vadovas, privalomas kiekvienam, nenorin\u010diam apsikvailinti geroje kompanijoje, para\u0161ytas ne akademinio m\u0105stytojo, o \u0161maik\u0161taus, originaliai \u2013 kartais kontroversi\u0161kai \u2013 m\u0105stan\u010dio erudito. Jam pavyko apr\u0117pti ir susisteminti tai, kas atrodyt\u0173, neapr\u0117piama vieno \u017emogaus vienoje knygoje. D. Schwanitzas nagrin\u0117ja: antik\u0105 ir Senojo bei Naujojo testamento epizodus, Europos valstybi\u0173 \u0161eimos susidarym\u0105 ir epochinius jos istorijos momentus (revoliucijas, did\u017ei\u0105sias katastrofas, demokratijos atsiradim\u0105), literat\u016bros, dail\u0117s ir muzikos \u0161edevrus, mokslo atradimus, filosofin\u0117s minties, ideologij\u0173 ir pasaul\u0117\u017ei\u016br\u0173 raid\u0105, knygos kult\u016br\u0105, mokyklas ir universitetus. Autorius ie\u0161ko atsakymo \u012f klausimus: keik kult\u016bros pa\u017einimas padeda mums pa\u017einti pa\u010dius save? Kod\u0117l \u0161iuolaikin\u0117 visuomen\u0117, valstyb\u0117, mokslas, demokratija ir valdymo sistema susik\u016br\u0117 b\u016btent Europoje? Kod\u0117l taip svarbu artimiau susipa\u017einti su Don Kichotu, Hamletu, Faustu? K\u0105 pasak\u0117 Martinas Heidegeris, ko mes iki tol ne\u017einojome? Kur buvo pas\u0105mon\u0117 iki Sigmundo Freudo? Chronologin\u0117 Europos \u012fvyki\u0173 lentel\u0117, s\u0105ra\u0161as knyg\u0173, kurios pakeit\u0117 pasaul\u012f, ir vard\u0173 rodykl\u0117 ypa\u010d padidina \u0161ios knygos vert\u0119.<\/p>\n","protected":false},"featured_media":18444,"comment_status":"open","ping_status":"closed","template":"","meta":{"_acf_changed":false,"site-sidebar-layout":"default","site-content-layout":"","ast-site-content-layout":"default","site-content-style":"default","site-sidebar-style":"default","ast-global-header-display":"","ast-banner-title-visibility":"","ast-main-header-display":"","ast-hfb-above-header-display":"","ast-hfb-below-header-display":"","ast-hfb-mobile-header-display":"","site-post-title":"","ast-breadcrumbs-content":"","ast-featured-img":"","footer-sml-layout":"","ast-disable-related-posts":"","theme-transparent-header-meta":"","adv-header-id-meta":"","stick-header-meta":"","header-above-stick-meta":"","header-main-stick-meta":"","header-below-stick-meta":"","astra-migrate-meta-layouts":"default","ast-page-background-enabled":"default","ast-page-background-meta":{"desktop":{"background-color":"","background-image":"","background-repeat":"repeat","background-position":"center center","background-size":"auto","background-attachment":"scroll","background-type":"","background-media":"","overlay-type":"","overlay-color":"","overlay-opacity":"","overlay-gradient":""},"tablet":{"background-color":"","background-image":"","background-repeat":"repeat","background-position":"center center","background-size":"auto","background-attachment":"scroll","background-type":"","background-media":"","overlay-type":"","overlay-color":"","overlay-opacity":"","overlay-gradient":""},"mobile":{"background-color":"","background-image":"","background-repeat":"repeat","background-position":"center center","background-size":"auto","background-attachment":"scroll","background-type":"","background-media":"","overlay-type":"","overlay-color":"","overlay-opacity":"","overlay-gradient":""}},"ast-content-background-meta":{"desktop":{"background-color":"var(--ast-global-color-4)","background-image":"","background-repeat":"repeat","background-position":"center center","background-size":"auto","background-attachment":"scroll","background-type":"","background-media":"","overlay-type":"","overlay-color":"","overlay-opacity":"","overlay-gradient":""},"tablet":{"background-color":"var(--ast-global-color-4)","background-image":"","background-repeat":"repeat","background-position":"center center","background-size":"auto","background-attachment":"scroll","background-type":"","background-media":"","overlay-type":"","overlay-color":"","overlay-opacity":"","overlay-gradient":""},"mobile":{"background-color":"var(--ast-global-color-4)","background-image":"","background-repeat":"repeat","background-position":"center center","background-size":"auto","background-attachment":"scroll","background-type":"","background-media":"","overlay-type":"","overlay-color":"","overlay-opacity":"","overlay-gradient":""}}},"product_brand":[],"product_cat":[15],"product_tag":[3951,2996,1467,2376,1492],"class_list":{"0":"post-18439","1":"product","2":"type-product","3":"status-publish","4":"has-post-thumbnail","6":"product_cat-uncategorized","7":"product_tag-dietrich-schwanitz","8":"product_tag-europos-istorija","9":"product_tag-filosofija","10":"product_tag-kultura","11":"product_tag-literatura","12":"desktop-align-left","13":"tablet-align-left","14":"mobile-align-left","16":"first","17":"instock","18":"shipping-taxable","19":"purchasable","20":"product-type-simple"},"acf":[],"yoast_head":"<!-- This site is optimized with the Yoast SEO plugin v27.4 - https:\/\/yoast.com\/product\/yoast-seo-wordpress\/ -->\n<title>K\u0105 turi \u017einoti kiekvienas i\u0161silavin\u0119s \u017emogus<\/title>\n<meta name=\"description\" content=\"Dietrichas Schwanitzas\u00a0iki 1997 m. buvo Hamburgo universiteto angl\u0173 literat\u016bros profesorius. Svarbiausi jo veikalai \u2013 \u201eUniversiteto miestelis\u201c (Der\" \/>\n<meta name=\"robots\" content=\"index, follow, max-snippet:-1, max-image-preview:large, max-video-preview:-1\" \/>\n<link rel=\"canonical\" href=\"https:\/\/skaitytaknyga.lt\/en\/produktas\/ka-turi-zinoti-kiekvienas-issilavines-zmogus\/\" \/>\n<meta property=\"og:locale\" content=\"en_GB\" \/>\n<meta property=\"og:locale:alternate\" content=\"lt_LT\" \/>\n<meta property=\"og:type\" content=\"article\" \/>\n<meta property=\"og:title\" content=\"K\u0105 turi \u017einoti kiekvienas i\u0161silavin\u0119s \u017emogus\" \/>\n<meta property=\"og:description\" content=\"Dietrichas Schwanitzas\u00a0iki 1997 m. buvo Hamburgo universiteto angl\u0173 literat\u016bros profesorius. Svarbiausi jo veikalai \u2013 \u201eUniversiteto miestelis\u201c (Der\" \/>\n<meta property=\"og:url\" content=\"https:\/\/skaitytaknyga.lt\/en\/produktas\/ka-turi-zinoti-kiekvienas-issilavines-zmogus\/\" \/>\n<meta property=\"og:site_name\" content=\"Skaitytaknyga\" \/>\n<meta property=\"article:publisher\" content=\"https:\/\/www.facebook.com\/skaitytaknyga\/\" \/>\n<meta property=\"article:modified_time\" content=\"2025-05-21T11:41:49+00:00\" \/>\n<meta property=\"og:image\" content=\"https:\/\/skaitytaknyga.lt\/wp-content\/uploads\/2025\/05\/Ka-turi-zinoti-kiekvienas-issilavines-zmogus.webp\" \/>\n\t<meta property=\"og:image:width\" content=\"479\" \/>\n\t<meta property=\"og:image:height\" content=\"719\" \/>\n\t<meta property=\"og:image:type\" content=\"image\/webp\" \/>\n<meta name=\"twitter:card\" content=\"summary_large_image\" \/>\n<meta name=\"twitter:label1\" content=\"Estimated reading time\" \/>\n\t<meta name=\"twitter:data1\" content=\"1 minute\" \/>\n<script type=\"application\/ld+json\" class=\"yoast-schema-graph\">{\"@context\":\"https:\\\/\\\/schema.org\",\"@graph\":[{\"@type\":\"WebPage\",\"@id\":\"https:\\\/\\\/skaitytaknyga.lt\\\/produktas\\\/ka-turi-zinoti-kiekvienas-issilavines-zmogus\\\/\",\"url\":\"https:\\\/\\\/skaitytaknyga.lt\\\/produktas\\\/ka-turi-zinoti-kiekvienas-issilavines-zmogus\\\/\",\"name\":\"K\u0105 turi \u017einoti kiekvienas i\u0161silavin\u0119s \u017emogus\",\"isPartOf\":{\"@id\":\"https:\\\/\\\/skaitytaknyga.lt\\\/#website\"},\"primaryImageOfPage\":{\"@id\":\"https:\\\/\\\/skaitytaknyga.lt\\\/produktas\\\/ka-turi-zinoti-kiekvienas-issilavines-zmogus\\\/#primaryimage\"},\"image\":{\"@id\":\"https:\\\/\\\/skaitytaknyga.lt\\\/produktas\\\/ka-turi-zinoti-kiekvienas-issilavines-zmogus\\\/#primaryimage\"},\"thumbnailUrl\":\"https:\\\/\\\/skaitytaknyga.lt\\\/wp-content\\\/uploads\\\/2025\\\/05\\\/Ka-turi-zinoti-kiekvienas-issilavines-zmogus.webp\",\"datePublished\":\"2025-05-19T06:48:16+00:00\",\"dateModified\":\"2025-05-21T11:41:49+00:00\",\"description\":\"Dietrichas Schwanitzas\u00a0iki 1997 m. buvo Hamburgo universiteto angl\u0173 literat\u016bros profesorius. Svarbiausi jo veikalai \u2013 \u201eUniversiteto miestelis\u201c (Der\",\"breadcrumb\":{\"@id\":\"https:\\\/\\\/skaitytaknyga.lt\\\/produktas\\\/ka-turi-zinoti-kiekvienas-issilavines-zmogus\\\/#breadcrumb\"},\"inLanguage\":\"en-GB\",\"potentialAction\":[{\"@type\":\"ReadAction\",\"target\":[\"https:\\\/\\\/skaitytaknyga.lt\\\/produktas\\\/ka-turi-zinoti-kiekvienas-issilavines-zmogus\\\/\"]}]},{\"@type\":\"ImageObject\",\"inLanguage\":\"en-GB\",\"@id\":\"https:\\\/\\\/skaitytaknyga.lt\\\/produktas\\\/ka-turi-zinoti-kiekvienas-issilavines-zmogus\\\/#primaryimage\",\"url\":\"https:\\\/\\\/skaitytaknyga.lt\\\/wp-content\\\/uploads\\\/2025\\\/05\\\/Ka-turi-zinoti-kiekvienas-issilavines-zmogus.webp\",\"contentUrl\":\"https:\\\/\\\/skaitytaknyga.lt\\\/wp-content\\\/uploads\\\/2025\\\/05\\\/Ka-turi-zinoti-kiekvienas-issilavines-zmogus.webp\",\"width\":479,\"height\":719},{\"@type\":\"BreadcrumbList\",\"@id\":\"https:\\\/\\\/skaitytaknyga.lt\\\/produktas\\\/ka-turi-zinoti-kiekvienas-issilavines-zmogus\\\/#breadcrumb\",\"itemListElement\":[{\"@type\":\"ListItem\",\"position\":1,\"name\":\"Home\",\"item\":\"https:\\\/\\\/skaitytaknyga.lt\\\/\"},{\"@type\":\"ListItem\",\"position\":2,\"name\":\"Parduotuv\u0117\",\"item\":\"https:\\\/\\\/skaitytaknyga.lt\\\/knygu-parduotuve\\\/\"},{\"@type\":\"ListItem\",\"position\":3,\"name\":\"K\u0105 turi \u017einoti kiekvienas i\u0161silavin\u0119s \u017emogus\"}]},{\"@type\":\"WebSite\",\"@id\":\"https:\\\/\\\/skaitytaknyga.lt\\\/#website\",\"url\":\"https:\\\/\\\/skaitytaknyga.lt\\\/\",\"name\":\"skaitytaknyga.lt\",\"description\":\"Skaitytaknyga.lt \u2013 tai ma\u017eas \u0161eimos verslas, kuris prasid\u0117jo nuo meil\u0117s knygoms ir siekio i\u0161gelb\u0117ti knygas nuo likimo prie konteinerio. Kas vienam nereikalingas daiktas \u2013 kitam lobis, o mes esame tarpininkai, kurie padeda abiems tapti laimingesniems ???? \u017dinome kaip nelengva i\u0161gyventi ma\u017eiems verslams, tad nuo \u0161iol, \u010dia rasite ir kit\u0173, ma\u017e\u0173 \u0161eim\u0173 versl\u0173, rank\u0173 darbo, dovan\u0173 sau ir artimiesiems.\",\"publisher\":{\"@id\":\"https:\\\/\\\/skaitytaknyga.lt\\\/#organization\"},\"potentialAction\":[{\"@type\":\"SearchAction\",\"target\":{\"@type\":\"EntryPoint\",\"urlTemplate\":\"https:\\\/\\\/skaitytaknyga.lt\\\/?s={search_term_string}\"},\"query-input\":{\"@type\":\"PropertyValueSpecification\",\"valueRequired\":true,\"valueName\":\"search_term_string\"}}],\"inLanguage\":\"en-GB\"},{\"@type\":\"Organization\",\"@id\":\"https:\\\/\\\/skaitytaknyga.lt\\\/#organization\",\"name\":\"skaitytaknyga.lt\",\"url\":\"https:\\\/\\\/skaitytaknyga.lt\\\/\",\"logo\":{\"@type\":\"ImageObject\",\"inLanguage\":\"en-GB\",\"@id\":\"https:\\\/\\\/skaitytaknyga.lt\\\/#\\\/schema\\\/logo\\\/image\\\/\",\"url\":\"https:\\\/\\\/skaitytaknyga.lt\\\/wp-content\\\/uploads\\\/2024\\\/05\\\/cropped-cropped-cropped-02_00843_jt3bggkj1j3HLc7SyY6rEUpg.jpeg\",\"contentUrl\":\"https:\\\/\\\/skaitytaknyga.lt\\\/wp-content\\\/uploads\\\/2024\\\/05\\\/cropped-cropped-cropped-02_00843_jt3bggkj1j3HLc7SyY6rEUpg.jpeg\",\"width\":1600,\"height\":1600,\"caption\":\"skaitytaknyga.lt\"},\"image\":{\"@id\":\"https:\\\/\\\/skaitytaknyga.lt\\\/#\\\/schema\\\/logo\\\/image\\\/\"},\"sameAs\":[\"https:\\\/\\\/www.facebook.com\\\/skaitytaknyga\\\/\"]}]}<\/script>\n<!-- \/ Yoast SEO plugin. -->","yoast_head_json":{"title":"K\u0105 turi \u017einoti kiekvienas i\u0161silavin\u0119s \u017emogus","description":"Dietrichas Schwanitzas\u00a0iki 1997 m. buvo Hamburgo universiteto angl\u0173 literat\u016bros profesorius. Svarbiausi jo veikalai \u2013 \u201eUniversiteto miestelis\u201c (Der","robots":{"index":"index","follow":"follow","max-snippet":"max-snippet:-1","max-image-preview":"max-image-preview:large","max-video-preview":"max-video-preview:-1"},"canonical":"https:\/\/skaitytaknyga.lt\/en\/produktas\/ka-turi-zinoti-kiekvienas-issilavines-zmogus\/","og_locale":"en_GB","og_type":"article","og_title":"[:lt]K\u0105 turi \u017einoti kiekvienas i\u0161silavin\u0119s \u017emogus[:] - Skaitytaknyga","og_description":"Dietrichas Schwanitzas\u00a0iki 1997 m. buvo Hamburgo universiteto angl\u0173 literat\u016bros profesorius. Svarbiausi jo veikalai \u2013 \u201eUniversiteto miestelis\u201c (Der","og_url":"https:\/\/skaitytaknyga.lt\/en\/produktas\/ka-turi-zinoti-kiekvienas-issilavines-zmogus\/","og_site_name":"Skaitytaknyga","article_publisher":"https:\/\/www.facebook.com\/skaitytaknyga\/","article_modified_time":"2025-05-21T11:41:49+00:00","og_image":[{"width":479,"height":719,"url":"https:\/\/skaitytaknyga.lt\/wp-content\/uploads\/2025\/05\/Ka-turi-zinoti-kiekvienas-issilavines-zmogus.webp","type":"image\/webp"}],"twitter_card":"summary_large_image","twitter_misc":{"Estimated reading time":"1 minute"},"schema":{"@context":"https:\/\/schema.org","@graph":[{"@type":"WebPage","@id":"https:\/\/skaitytaknyga.lt\/produktas\/ka-turi-zinoti-kiekvienas-issilavines-zmogus\/","url":"https:\/\/skaitytaknyga.lt\/produktas\/ka-turi-zinoti-kiekvienas-issilavines-zmogus\/","name":"K\u0105 turi \u017einoti kiekvienas i\u0161silavin\u0119s \u017emogus","isPartOf":{"@id":"https:\/\/skaitytaknyga.lt\/#website"},"primaryImageOfPage":{"@id":"https:\/\/skaitytaknyga.lt\/produktas\/ka-turi-zinoti-kiekvienas-issilavines-zmogus\/#primaryimage"},"image":{"@id":"https:\/\/skaitytaknyga.lt\/produktas\/ka-turi-zinoti-kiekvienas-issilavines-zmogus\/#primaryimage"},"thumbnailUrl":"https:\/\/skaitytaknyga.lt\/wp-content\/uploads\/2025\/05\/Ka-turi-zinoti-kiekvienas-issilavines-zmogus.webp","datePublished":"2025-05-19T06:48:16+00:00","dateModified":"2025-05-21T11:41:49+00:00","description":"Dietrichas Schwanitzas\u00a0iki 1997 m. buvo Hamburgo universiteto angl\u0173 literat\u016bros profesorius. Svarbiausi jo veikalai \u2013 \u201eUniversiteto miestelis\u201c (Der","breadcrumb":{"@id":"https:\/\/skaitytaknyga.lt\/produktas\/ka-turi-zinoti-kiekvienas-issilavines-zmogus\/#breadcrumb"},"inLanguage":"en-GB","potentialAction":[{"@type":"ReadAction","target":["https:\/\/skaitytaknyga.lt\/produktas\/ka-turi-zinoti-kiekvienas-issilavines-zmogus\/"]}]},{"@type":"ImageObject","inLanguage":"en-GB","@id":"https:\/\/skaitytaknyga.lt\/produktas\/ka-turi-zinoti-kiekvienas-issilavines-zmogus\/#primaryimage","url":"https:\/\/skaitytaknyga.lt\/wp-content\/uploads\/2025\/05\/Ka-turi-zinoti-kiekvienas-issilavines-zmogus.webp","contentUrl":"https:\/\/skaitytaknyga.lt\/wp-content\/uploads\/2025\/05\/Ka-turi-zinoti-kiekvienas-issilavines-zmogus.webp","width":479,"height":719},{"@type":"BreadcrumbList","@id":"https:\/\/skaitytaknyga.lt\/produktas\/ka-turi-zinoti-kiekvienas-issilavines-zmogus\/#breadcrumb","itemListElement":[{"@type":"ListItem","position":1,"name":"Home","item":"https:\/\/skaitytaknyga.lt\/"},{"@type":"ListItem","position":2,"name":"Parduotuv\u0117","item":"https:\/\/skaitytaknyga.lt\/knygu-parduotuve\/"},{"@type":"ListItem","position":3,"name":"K\u0105 turi \u017einoti kiekvienas i\u0161silavin\u0119s \u017emogus"}]},{"@type":"WebSite","@id":"https:\/\/skaitytaknyga.lt\/#website","url":"https:\/\/skaitytaknyga.lt\/","name":"skaitytaknyga.lt","description":"Skaitytaknyga.lt \u2013 tai ma\u017eas \u0161eimos verslas, kuris prasid\u0117jo nuo meil\u0117s knygoms ir siekio i\u0161gelb\u0117ti knygas nuo likimo prie konteinerio. Kas vienam nereikalingas daiktas \u2013 kitam lobis, o mes esame tarpininkai, kurie padeda abiems tapti laimingesniems ???? \u017dinome kaip nelengva i\u0161gyventi ma\u017eiems verslams, tad nuo \u0161iol, \u010dia rasite ir kit\u0173, ma\u017e\u0173 \u0161eim\u0173 versl\u0173, rank\u0173 darbo, dovan\u0173 sau ir artimiesiems.","publisher":{"@id":"https:\/\/skaitytaknyga.lt\/#organization"},"potentialAction":[{"@type":"SearchAction","target":{"@type":"EntryPoint","urlTemplate":"https:\/\/skaitytaknyga.lt\/?s={search_term_string}"},"query-input":{"@type":"PropertyValueSpecification","valueRequired":true,"valueName":"search_term_string"}}],"inLanguage":"en-GB"},{"@type":"Organization","@id":"https:\/\/skaitytaknyga.lt\/#organization","name":"skaitytaknyga.lt","url":"https:\/\/skaitytaknyga.lt\/","logo":{"@type":"ImageObject","inLanguage":"en-GB","@id":"https:\/\/skaitytaknyga.lt\/#\/schema\/logo\/image\/","url":"https:\/\/skaitytaknyga.lt\/wp-content\/uploads\/2024\/05\/cropped-cropped-cropped-02_00843_jt3bggkj1j3HLc7SyY6rEUpg.jpeg","contentUrl":"https:\/\/skaitytaknyga.lt\/wp-content\/uploads\/2024\/05\/cropped-cropped-cropped-02_00843_jt3bggkj1j3HLc7SyY6rEUpg.jpeg","width":1600,"height":1600,"caption":"skaitytaknyga.lt"},"image":{"@id":"https:\/\/skaitytaknyga.lt\/#\/schema\/logo\/image\/"},"sameAs":["https:\/\/www.facebook.com\/skaitytaknyga\/"]}]}},"_links":{"self":[{"href":"https:\/\/skaitytaknyga.lt\/en\/wp-json\/wp\/v2\/product\/18439","targetHints":{"allow":["GET"]}}],"collection":[{"href":"https:\/\/skaitytaknyga.lt\/en\/wp-json\/wp\/v2\/product"}],"about":[{"href":"https:\/\/skaitytaknyga.lt\/en\/wp-json\/wp\/v2\/types\/product"}],"replies":[{"embeddable":true,"href":"https:\/\/skaitytaknyga.lt\/en\/wp-json\/wp\/v2\/comments?post=18439"}],"wp:featuredmedia":[{"embeddable":true,"href":"https:\/\/skaitytaknyga.lt\/en\/wp-json\/wp\/v2\/media\/18444"}],"wp:attachment":[{"href":"https:\/\/skaitytaknyga.lt\/en\/wp-json\/wp\/v2\/media?parent=18439"}],"wp:term":[{"taxonomy":"product_brand","embeddable":true,"href":"https:\/\/skaitytaknyga.lt\/en\/wp-json\/wp\/v2\/product_brand?post=18439"},{"taxonomy":"product_cat","embeddable":true,"href":"https:\/\/skaitytaknyga.lt\/en\/wp-json\/wp\/v2\/product_cat?post=18439"},{"taxonomy":"product_tag","embeddable":true,"href":"https:\/\/skaitytaknyga.lt\/en\/wp-json\/wp\/v2\/product_tag?post=18439"}],"curies":[{"name":"wp","href":"https:\/\/api.w.org\/{rel}","templated":true}]}}