{"id":18430,"date":"2025-05-19T09:26:43","date_gmt":"2025-05-19T06:26:43","guid":{"rendered":"https:\/\/skaitytaknyga.lt\/?post_type=product&#038;p=18430"},"modified":"2025-05-28T19:13:35","modified_gmt":"2025-05-28T16:13:35","slug":"su-sajudziu-uz-lietuva","status":"publish","type":"product","link":"https:\/\/skaitytaknyga.lt\/en\/produktas\/su-sajudziu-uz-lietuva\/","title":{"rendered":"Su s\u0105j\u016bd\u017eiu u\u017e Lietuv\u0105 (su defektu)"},"content":{"rendered":"<p>\u0160ioje knygoje apra\u0161oma S\u0105j\u016bd\u017eio veikla nuo jo susik\u016brimo iki pergal\u0117s rinkimuose \u012f Auk\u0161\u010diausi\u0105j\u0105 Taryb\u0105, kuri 1990 m. kovo 11 d. paskelb\u0117 atstatanti Lietuvos nepriklausom\u0105 valstyb\u0119. Pasiremiant dokumentais ir asmeniniais prisiminimais, gausiai iliustruota knyga pasakoja apie S\u0105j\u016bd\u017eio kaip visuomeninio-politinio jud\u0117jimo organizacin\u0119 veikl\u0105, apie taik\u0173 nepriklausomyb\u0117s atk\u016brimo keli\u0105, apie santykiu su LKP vadovybe, Maskva ir u\u017esieniu.<\/p>\n","protected":false},"excerpt":{"rendered":"<p>\u0160ioje knygoje apra\u0161oma S\u0105j\u016bd\u017eio veikla nuo jo susik\u016brimo iki pergal\u0117s rinkimuose \u012f Auk\u0161\u010diausi\u0105j\u0105 Taryb\u0105, kuri 1990 m. kovo 11 d. paskelb\u0117 atstatanti Lietuvos nepriklausom\u0105 valstyb\u0119. Pasiremiant dokumentais ir asmeniniais prisiminimais, gausiai iliustruota knyga pasakoja apie S\u0105j\u016bd\u017eio kaip visuomeninio-politinio jud\u0117jimo organizacin\u0119 veikl\u0105, apie taik\u0173 nepriklausomyb\u0117s atk\u016brimo keli\u0105, apie santykiu su LKP vadovybe, Maskva ir u\u017esieniu.<\/p>\n","protected":false},"featured_media":18435,"comment_status":"open","ping_status":"closed","template":"","meta":{"_acf_changed":false,"site-sidebar-layout":"default","site-content-layout":"","ast-site-content-layout":"default","site-content-style":"default","site-sidebar-style":"default","ast-global-header-display":"","ast-banner-title-visibility":"","ast-main-header-display":"","ast-hfb-above-header-display":"","ast-hfb-below-header-display":"","ast-hfb-mobile-header-display":"","site-post-title":"","ast-breadcrumbs-content":"","ast-featured-img":"","footer-sml-layout":"","ast-disable-related-posts":"","theme-transparent-header-meta":"","adv-header-id-meta":"","stick-header-meta":"","header-above-stick-meta":"","header-main-stick-meta":"","header-below-stick-meta":"","astra-migrate-meta-layouts":"default","ast-page-background-enabled":"default","ast-page-background-meta":{"desktop":{"background-color":"","background-image":"","background-repeat":"repeat","background-position":"center center","background-size":"auto","background-attachment":"scroll","background-type":"","background-media":"","overlay-type":"","overlay-color":"","overlay-opacity":"","overlay-gradient":""},"tablet":{"background-color":"","background-image":"","background-repeat":"repeat","background-position":"center center","background-size":"auto","background-attachment":"scroll","background-type":"","background-media":"","overlay-type":"","overlay-color":"","overlay-opacity":"","overlay-gradient":""},"mobile":{"background-color":"","background-image":"","background-repeat":"repeat","background-position":"center center","background-size":"auto","background-attachment":"scroll","background-type":"","background-media":"","overlay-type":"","overlay-color":"","overlay-opacity":"","overlay-gradient":""}},"ast-content-background-meta":{"desktop":{"background-color":"var(--ast-global-color-4)","background-image":"","background-repeat":"repeat","background-position":"center center","background-size":"auto","background-attachment":"scroll","background-type":"","background-media":"","overlay-type":"","overlay-color":"","overlay-opacity":"","overlay-gradient":""},"tablet":{"background-color":"var(--ast-global-color-4)","background-image":"","background-repeat":"repeat","background-position":"center center","background-size":"auto","background-attachment":"scroll","background-type":"","background-media":"","overlay-type":"","overlay-color":"","overlay-opacity":"","overlay-gradient":""},"mobile":{"background-color":"var(--ast-global-color-4)","background-image":"","background-repeat":"repeat","background-position":"center center","background-size":"auto","background-attachment":"scroll","background-type":"","background-media":"","overlay-type":"","overlay-color":"","overlay-opacity":"","overlay-gradient":""}}},"product_brand":[],"product_cat":[15],"product_tag":[2228,2752,2395,2880,3942],"class_list":{"0":"post-18430","1":"product","2":"type-product","3":"status-publish","4":"has-post-thumbnail","6":"product_cat-uncategorized","7":"product_tag-lietuvos-istorija","8":"product_tag-nepriklausomybe","9":"product_tag-politika","10":"product_tag-sajudis","11":"product_tag-virgilijus-cepaitis","12":"desktop-align-left","13":"tablet-align-left","14":"mobile-align-left","16":"first","17":"instock","18":"shipping-taxable","19":"purchasable","20":"product-type-simple"},"acf":[],"yoast_head":"<!-- This site is optimized with the Yoast SEO plugin v27.0 - https:\/\/yoast.com\/product\/yoast-seo-wordpress\/ -->\n<title>Su s\u0105j\u016bd\u017eiu u\u017e Lietuv\u0105 (su defektu)<\/title>\n<meta name=\"description\" content=\"\u0160ioje knygoje apra\u0161oma S\u0105j\u016bd\u017eio veikla nuo jo susik\u016brimo iki pergal\u0117s rinkimuose \u012f Auk\u0161\u010diausi\u0105j\u0105 Taryb\u0105, kuri 1990 m. kovo 11 d. paskelb\u0117 atstatanti\" \/>\n<meta name=\"robots\" content=\"index, follow, max-snippet:-1, max-image-preview:large, max-video-preview:-1\" \/>\n<link rel=\"canonical\" href=\"https:\/\/skaitytaknyga.lt\/en\/produktas\/su-sajudziu-uz-lietuva\/\" \/>\n<meta property=\"og:locale\" content=\"en_GB\" \/>\n<meta property=\"og:locale:alternate\" content=\"lt_LT\" \/>\n<meta property=\"og:type\" content=\"article\" \/>\n<meta property=\"og:title\" content=\"Su s\u0105j\u016bd\u017eiu u\u017e Lietuv\u0105 (su defektu)\" \/>\n<meta property=\"og:description\" content=\"\u0160ioje knygoje apra\u0161oma S\u0105j\u016bd\u017eio veikla nuo jo susik\u016brimo iki pergal\u0117s rinkimuose \u012f Auk\u0161\u010diausi\u0105j\u0105 Taryb\u0105, kuri 1990 m. kovo 11 d. paskelb\u0117 atstatanti\" \/>\n<meta property=\"og:url\" content=\"https:\/\/skaitytaknyga.lt\/en\/produktas\/su-sajudziu-uz-lietuva\/\" \/>\n<meta property=\"og:site_name\" content=\"Skaitytaknyga\" \/>\n<meta property=\"article:publisher\" content=\"https:\/\/www.facebook.com\/skaitytaknyga\/\" \/>\n<meta property=\"article:modified_time\" content=\"2025-05-28T16:13:35+00:00\" \/>\n<meta property=\"og:image\" content=\"https:\/\/skaitytaknyga.lt\/wp-content\/uploads\/2025\/05\/Su-sajudziu-uz-Lietuva.webp\" \/>\n\t<meta property=\"og:image:width\" content=\"512\" \/>\n\t<meta property=\"og:image:height\" content=\"801\" \/>\n\t<meta property=\"og:image:type\" content=\"image\/webp\" \/>\n<meta name=\"twitter:card\" content=\"summary_large_image\" \/>\n<script type=\"application\/ld+json\" class=\"yoast-schema-graph\">{\"@context\":\"https:\/\/schema.org\",\"@graph\":[{\"@type\":\"WebPage\",\"@id\":\"https:\/\/skaitytaknyga.lt\/produktas\/su-sajudziu-uz-lietuva\/\",\"url\":\"https:\/\/skaitytaknyga.lt\/produktas\/su-sajudziu-uz-lietuva\/\",\"name\":\"Su s\u0105j\u016bd\u017eiu u\u017e Lietuv\u0105 (su defektu)\",\"isPartOf\":{\"@id\":\"https:\/\/skaitytaknyga.lt\/#website\"},\"primaryImageOfPage\":{\"@id\":\"https:\/\/skaitytaknyga.lt\/produktas\/su-sajudziu-uz-lietuva\/#primaryimage\"},\"image\":{\"@id\":\"https:\/\/skaitytaknyga.lt\/produktas\/su-sajudziu-uz-lietuva\/#primaryimage\"},\"thumbnailUrl\":\"https:\/\/skaitytaknyga.lt\/wp-content\/uploads\/2025\/05\/Su-sajudziu-uz-Lietuva.webp\",\"datePublished\":\"2025-05-19T06:26:43+00:00\",\"dateModified\":\"2025-05-28T16:13:35+00:00\",\"description\":\"\u0160ioje knygoje apra\u0161oma S\u0105j\u016bd\u017eio veikla nuo jo susik\u016brimo iki pergal\u0117s rinkimuose \u012f Auk\u0161\u010diausi\u0105j\u0105 Taryb\u0105, kuri 1990 m. kovo 11 d. paskelb\u0117 atstatanti\",\"breadcrumb\":{\"@id\":\"https:\/\/skaitytaknyga.lt\/produktas\/su-sajudziu-uz-lietuva\/#breadcrumb\"},\"inLanguage\":\"en-GB\",\"potentialAction\":[{\"@type\":\"ReadAction\",\"target\":[\"https:\/\/skaitytaknyga.lt\/produktas\/su-sajudziu-uz-lietuva\/\"]}]},{\"@type\":\"ImageObject\",\"inLanguage\":\"en-GB\",\"@id\":\"https:\/\/skaitytaknyga.lt\/produktas\/su-sajudziu-uz-lietuva\/#primaryimage\",\"url\":\"https:\/\/skaitytaknyga.lt\/wp-content\/uploads\/2025\/05\/Su-sajudziu-uz-Lietuva.webp\",\"contentUrl\":\"https:\/\/skaitytaknyga.lt\/wp-content\/uploads\/2025\/05\/Su-sajudziu-uz-Lietuva.webp\",\"width\":512,\"height\":801,\"caption\":\"Su s\u0105j\u016bd\u017eiu u\u017e Lietuv\u0105\"},{\"@type\":\"BreadcrumbList\",\"@id\":\"https:\/\/skaitytaknyga.lt\/produktas\/su-sajudziu-uz-lietuva\/#breadcrumb\",\"itemListElement\":[{\"@type\":\"ListItem\",\"position\":1,\"name\":\"Home\",\"item\":\"https:\/\/skaitytaknyga.lt\/\"},{\"@type\":\"ListItem\",\"position\":2,\"name\":\"Parduotuv\u0117\",\"item\":\"https:\/\/skaitytaknyga.lt\/knygu-parduotuve\/\"},{\"@type\":\"ListItem\",\"position\":3,\"name\":\"Su s\u0105j\u016bd\u017eiu u\u017e Lietuv\u0105 (su defektu)\"}]},{\"@type\":\"WebSite\",\"@id\":\"https:\/\/skaitytaknyga.lt\/#website\",\"url\":\"https:\/\/skaitytaknyga.lt\/\",\"name\":\"skaitytaknyga.lt\",\"description\":\"Skaitytaknyga.lt \u2013 tai ma\u017eas \u0161eimos verslas, kuris prasid\u0117jo nuo meil\u0117s knygoms ir siekio i\u0161gelb\u0117ti knygas nuo likimo prie konteinerio. Kas vienam nereikalingas daiktas \u2013 kitam lobis, o mes esame tarpininkai, kurie padeda abiems tapti laimingesniems ???? \u017dinome kaip nelengva i\u0161gyventi ma\u017eiems verslams, tad nuo \u0161iol, \u010dia rasite ir kit\u0173, ma\u017e\u0173 \u0161eim\u0173 versl\u0173, rank\u0173 darbo, dovan\u0173 sau ir artimiesiems.\",\"publisher\":{\"@id\":\"https:\/\/skaitytaknyga.lt\/#organization\"},\"potentialAction\":[{\"@type\":\"SearchAction\",\"target\":{\"@type\":\"EntryPoint\",\"urlTemplate\":\"https:\/\/skaitytaknyga.lt\/?s={search_term_string}\"},\"query-input\":{\"@type\":\"PropertyValueSpecification\",\"valueRequired\":true,\"valueName\":\"search_term_string\"}}],\"inLanguage\":\"en-GB\"},{\"@type\":\"Organization\",\"@id\":\"https:\/\/skaitytaknyga.lt\/#organization\",\"name\":\"skaitytaknyga.lt\",\"url\":\"https:\/\/skaitytaknyga.lt\/\",\"logo\":{\"@type\":\"ImageObject\",\"inLanguage\":\"en-GB\",\"@id\":\"https:\/\/skaitytaknyga.lt\/#\/schema\/logo\/image\/\",\"url\":\"https:\/\/skaitytaknyga.lt\/wp-content\/uploads\/2024\/05\/cropped-cropped-cropped-02_00843_jt3bggkj1j3HLc7SyY6rEUpg.jpeg\",\"contentUrl\":\"https:\/\/skaitytaknyga.lt\/wp-content\/uploads\/2024\/05\/cropped-cropped-cropped-02_00843_jt3bggkj1j3HLc7SyY6rEUpg.jpeg\",\"width\":1600,\"height\":1600,\"caption\":\"skaitytaknyga.lt\"},\"image\":{\"@id\":\"https:\/\/skaitytaknyga.lt\/#\/schema\/logo\/image\/\"},\"sameAs\":[\"https:\/\/www.facebook.com\/skaitytaknyga\/\"]}]}<\/script>\n<!-- \/ Yoast SEO plugin. -->","yoast_head_json":{"title":"Su s\u0105j\u016bd\u017eiu u\u017e Lietuv\u0105 (su defektu)","description":"\u0160ioje knygoje apra\u0161oma S\u0105j\u016bd\u017eio veikla nuo jo susik\u016brimo iki pergal\u0117s rinkimuose \u012f Auk\u0161\u010diausi\u0105j\u0105 Taryb\u0105, kuri 1990 m. kovo 11 d. paskelb\u0117 atstatanti","robots":{"index":"index","follow":"follow","max-snippet":"max-snippet:-1","max-image-preview":"max-image-preview:large","max-video-preview":"max-video-preview:-1"},"canonical":"https:\/\/skaitytaknyga.lt\/en\/produktas\/su-sajudziu-uz-lietuva\/","og_locale":"en_GB","og_type":"article","og_title":"[:lt]Su s\u0105j\u016bd\u017eiu u\u017e Lietuv\u0105 (su defektu)[:] - Skaitytaknyga","og_description":"\u0160ioje knygoje apra\u0161oma S\u0105j\u016bd\u017eio veikla nuo jo susik\u016brimo iki pergal\u0117s rinkimuose \u012f Auk\u0161\u010diausi\u0105j\u0105 Taryb\u0105, kuri 1990 m. kovo 11 d. paskelb\u0117 atstatanti","og_url":"https:\/\/skaitytaknyga.lt\/en\/produktas\/su-sajudziu-uz-lietuva\/","og_site_name":"Skaitytaknyga","article_publisher":"https:\/\/www.facebook.com\/skaitytaknyga\/","article_modified_time":"2025-05-28T16:13:35+00:00","og_image":[{"width":512,"height":801,"url":"https:\/\/skaitytaknyga.lt\/wp-content\/uploads\/2025\/05\/Su-sajudziu-uz-Lietuva.webp","type":"image\/webp"}],"twitter_card":"summary_large_image","schema":{"@context":"https:\/\/schema.org","@graph":[{"@type":"WebPage","@id":"https:\/\/skaitytaknyga.lt\/produktas\/su-sajudziu-uz-lietuva\/","url":"https:\/\/skaitytaknyga.lt\/produktas\/su-sajudziu-uz-lietuva\/","name":"Su s\u0105j\u016bd\u017eiu u\u017e Lietuv\u0105 (su defektu)","isPartOf":{"@id":"https:\/\/skaitytaknyga.lt\/#website"},"primaryImageOfPage":{"@id":"https:\/\/skaitytaknyga.lt\/produktas\/su-sajudziu-uz-lietuva\/#primaryimage"},"image":{"@id":"https:\/\/skaitytaknyga.lt\/produktas\/su-sajudziu-uz-lietuva\/#primaryimage"},"thumbnailUrl":"https:\/\/skaitytaknyga.lt\/wp-content\/uploads\/2025\/05\/Su-sajudziu-uz-Lietuva.webp","datePublished":"2025-05-19T06:26:43+00:00","dateModified":"2025-05-28T16:13:35+00:00","description":"\u0160ioje knygoje apra\u0161oma S\u0105j\u016bd\u017eio veikla nuo jo susik\u016brimo iki pergal\u0117s rinkimuose \u012f Auk\u0161\u010diausi\u0105j\u0105 Taryb\u0105, kuri 1990 m. kovo 11 d. paskelb\u0117 atstatanti","breadcrumb":{"@id":"https:\/\/skaitytaknyga.lt\/produktas\/su-sajudziu-uz-lietuva\/#breadcrumb"},"inLanguage":"en-GB","potentialAction":[{"@type":"ReadAction","target":["https:\/\/skaitytaknyga.lt\/produktas\/su-sajudziu-uz-lietuva\/"]}]},{"@type":"ImageObject","inLanguage":"en-GB","@id":"https:\/\/skaitytaknyga.lt\/produktas\/su-sajudziu-uz-lietuva\/#primaryimage","url":"https:\/\/skaitytaknyga.lt\/wp-content\/uploads\/2025\/05\/Su-sajudziu-uz-Lietuva.webp","contentUrl":"https:\/\/skaitytaknyga.lt\/wp-content\/uploads\/2025\/05\/Su-sajudziu-uz-Lietuva.webp","width":512,"height":801,"caption":"Su s\u0105j\u016bd\u017eiu u\u017e Lietuv\u0105"},{"@type":"BreadcrumbList","@id":"https:\/\/skaitytaknyga.lt\/produktas\/su-sajudziu-uz-lietuva\/#breadcrumb","itemListElement":[{"@type":"ListItem","position":1,"name":"Home","item":"https:\/\/skaitytaknyga.lt\/"},{"@type":"ListItem","position":2,"name":"Parduotuv\u0117","item":"https:\/\/skaitytaknyga.lt\/knygu-parduotuve\/"},{"@type":"ListItem","position":3,"name":"Su s\u0105j\u016bd\u017eiu u\u017e Lietuv\u0105 (su defektu)"}]},{"@type":"WebSite","@id":"https:\/\/skaitytaknyga.lt\/#website","url":"https:\/\/skaitytaknyga.lt\/","name":"skaitytaknyga.lt","description":"Skaitytaknyga.lt \u2013 tai ma\u017eas \u0161eimos verslas, kuris prasid\u0117jo nuo meil\u0117s knygoms ir siekio i\u0161gelb\u0117ti knygas nuo likimo prie konteinerio. Kas vienam nereikalingas daiktas \u2013 kitam lobis, o mes esame tarpininkai, kurie padeda abiems tapti laimingesniems ???? \u017dinome kaip nelengva i\u0161gyventi ma\u017eiems verslams, tad nuo \u0161iol, \u010dia rasite ir kit\u0173, ma\u017e\u0173 \u0161eim\u0173 versl\u0173, rank\u0173 darbo, dovan\u0173 sau ir artimiesiems.","publisher":{"@id":"https:\/\/skaitytaknyga.lt\/#organization"},"potentialAction":[{"@type":"SearchAction","target":{"@type":"EntryPoint","urlTemplate":"https:\/\/skaitytaknyga.lt\/?s={search_term_string}"},"query-input":{"@type":"PropertyValueSpecification","valueRequired":true,"valueName":"search_term_string"}}],"inLanguage":"en-GB"},{"@type":"Organization","@id":"https:\/\/skaitytaknyga.lt\/#organization","name":"skaitytaknyga.lt","url":"https:\/\/skaitytaknyga.lt\/","logo":{"@type":"ImageObject","inLanguage":"en-GB","@id":"https:\/\/skaitytaknyga.lt\/#\/schema\/logo\/image\/","url":"https:\/\/skaitytaknyga.lt\/wp-content\/uploads\/2024\/05\/cropped-cropped-cropped-02_00843_jt3bggkj1j3HLc7SyY6rEUpg.jpeg","contentUrl":"https:\/\/skaitytaknyga.lt\/wp-content\/uploads\/2024\/05\/cropped-cropped-cropped-02_00843_jt3bggkj1j3HLc7SyY6rEUpg.jpeg","width":1600,"height":1600,"caption":"skaitytaknyga.lt"},"image":{"@id":"https:\/\/skaitytaknyga.lt\/#\/schema\/logo\/image\/"},"sameAs":["https:\/\/www.facebook.com\/skaitytaknyga\/"]}]}},"_links":{"self":[{"href":"https:\/\/skaitytaknyga.lt\/en\/wp-json\/wp\/v2\/product\/18430","targetHints":{"allow":["GET"]}}],"collection":[{"href":"https:\/\/skaitytaknyga.lt\/en\/wp-json\/wp\/v2\/product"}],"about":[{"href":"https:\/\/skaitytaknyga.lt\/en\/wp-json\/wp\/v2\/types\/product"}],"replies":[{"embeddable":true,"href":"https:\/\/skaitytaknyga.lt\/en\/wp-json\/wp\/v2\/comments?post=18430"}],"wp:featuredmedia":[{"embeddable":true,"href":"https:\/\/skaitytaknyga.lt\/en\/wp-json\/wp\/v2\/media\/18435"}],"wp:attachment":[{"href":"https:\/\/skaitytaknyga.lt\/en\/wp-json\/wp\/v2\/media?parent=18430"}],"wp:term":[{"taxonomy":"product_brand","embeddable":true,"href":"https:\/\/skaitytaknyga.lt\/en\/wp-json\/wp\/v2\/product_brand?post=18430"},{"taxonomy":"product_cat","embeddable":true,"href":"https:\/\/skaitytaknyga.lt\/en\/wp-json\/wp\/v2\/product_cat?post=18430"},{"taxonomy":"product_tag","embeddable":true,"href":"https:\/\/skaitytaknyga.lt\/en\/wp-json\/wp\/v2\/product_tag?post=18430"}],"curies":[{"name":"wp","href":"https:\/\/api.w.org\/{rel}","templated":true}]}}