{"id":18423,"date":"2025-05-18T19:20:01","date_gmt":"2025-05-18T16:20:01","guid":{"rendered":"https:\/\/skaitytaknyga.lt\/?post_type=product&#038;p=18423"},"modified":"2025-05-19T11:10:17","modified_gmt":"2025-05-19T08:10:17","slug":"juodoji-komunizmo-knyga","status":"publish","type":"product","link":"https:\/\/skaitytaknyga.lt\/en\/produktas\/juodoji-komunizmo-knyga\/","title":{"rendered":"Juodoji komunizmo knyga"},"content":{"rendered":"<p>\u201eJuodoji komunizmo knyga\u201c \u2013 knyga apie komunistini\u0173 re\u017eim\u0173 istorij\u0105, trukusi\u0105 80 met\u0173 ir ap\u0117musi\u0105 kone tre\u010ddal\u012f \u017emonijos. Apra\u0161omas komunizmo \u012fsigal\u0117jimas Rusijoje, Kominterno veikla, nes\u0117kmingi m\u0117ginimai sukelti revoliucijas kitose Europos \u0161alyse, atskleid\u017eiama komunist\u0173 veikla Azijoje, Afrikoje, Lotyn\u0173 Amerikoje, Afganistane.<\/p>\n<p>Gaus\u016bs autori\u0173 surinkti liudijimai, faktai, archyv\u0173 dokumentai patvirtina, kad komunistin\u0117 sistema per vis\u0105 gyvavimo laikotarp\u012f buvo nusikalstama ir i\u0161 pat prad\u017ei\u0173 r\u0117m\u0117si teroru. Komunizmo nusikaltimus vis dar gaubia tyla, jie nesusilauk\u0117 nei istorinio, nei moralinio \u012fvertinimo.<\/p>\n<p>\u0160i knyga \u2013 pirmasis Vakar\u0173 pasaulio m\u0117ginimas sudaryti komunizmo auk\u0173 s\u0105ra\u0161\u0105. I\u0161leista jau 29 \u0161alyse.<\/p>\n","protected":false},"excerpt":{"rendered":"<p>\u201eJuodoji komunizmo knyga\u201c \u2013 knyga apie komunistini\u0173 re\u017eim\u0173 istorij\u0105, trukusi\u0105 80 met\u0173 ir ap\u0117musi\u0105 kone tre\u010ddal\u012f \u017emonijos. Apra\u0161omas komunizmo \u012fsigal\u0117jimas Rusijoje, Kominterno veikla, nes\u0117kmingi m\u0117ginimai sukelti revoliucijas kitose Europos \u0161alyse, atskleid\u017eiama komunist\u0173 veikla Azijoje, Afrikoje, Lotyn\u0173 Amerikoje, Afganistane. Gaus\u016bs autori\u0173 surinkti liudijimai, faktai, archyv\u0173 dokumentai patvirtina, kad komunistin\u0117 sistema per vis\u0105 gyvavimo laikotarp\u012f buvo nusikalstama ir i\u0161 pat prad\u017ei\u0173 r\u0117m\u0117si teroru. Komunizmo nusikaltimus vis dar gaubia tyla, jie nesusilauk\u0117 nei istorinio, nei moralinio \u012fvertinimo. \u0160i knyga \u2013 pirmasis Vakar\u0173 pasaulio m\u0117ginimas sudaryti komunizmo auk\u0173 s\u0105ra\u0161\u0105. I\u0161leista jau 29 \u0161alyse.<\/p>\n","protected":false},"featured_media":18425,"comment_status":"open","ping_status":"closed","template":"","meta":{"_acf_changed":false,"site-sidebar-layout":"default","site-content-layout":"","ast-site-content-layout":"default","site-content-style":"default","site-sidebar-style":"default","ast-global-header-display":"","ast-banner-title-visibility":"","ast-main-header-display":"","ast-hfb-above-header-display":"","ast-hfb-below-header-display":"","ast-hfb-mobile-header-display":"","site-post-title":"","ast-breadcrumbs-content":"","ast-featured-img":"","footer-sml-layout":"","ast-disable-related-posts":"","theme-transparent-header-meta":"","adv-header-id-meta":"","stick-header-meta":"","header-above-stick-meta":"","header-main-stick-meta":"","header-below-stick-meta":"","astra-migrate-meta-layouts":"default","ast-page-background-enabled":"default","ast-page-background-meta":{"desktop":{"background-color":"","background-image":"","background-repeat":"repeat","background-position":"center center","background-size":"auto","background-attachment":"scroll","background-type":"","background-media":"","overlay-type":"","overlay-color":"","overlay-opacity":"","overlay-gradient":""},"tablet":{"background-color":"","background-image":"","background-repeat":"repeat","background-position":"center center","background-size":"auto","background-attachment":"scroll","background-type":"","background-media":"","overlay-type":"","overlay-color":"","overlay-opacity":"","overlay-gradient":""},"mobile":{"background-color":"","background-image":"","background-repeat":"repeat","background-position":"center center","background-size":"auto","background-attachment":"scroll","background-type":"","background-media":"","overlay-type":"","overlay-color":"","overlay-opacity":"","overlay-gradient":""}},"ast-content-background-meta":{"desktop":{"background-color":"var(--ast-global-color-4)","background-image":"","background-repeat":"repeat","background-position":"center center","background-size":"auto","background-attachment":"scroll","background-type":"","background-media":"","overlay-type":"","overlay-color":"","overlay-opacity":"","overlay-gradient":""},"tablet":{"background-color":"var(--ast-global-color-4)","background-image":"","background-repeat":"repeat","background-position":"center center","background-size":"auto","background-attachment":"scroll","background-type":"","background-media":"","overlay-type":"","overlay-color":"","overlay-opacity":"","overlay-gradient":""},"mobile":{"background-color":"var(--ast-global-color-4)","background-image":"","background-repeat":"repeat","background-position":"center center","background-size":"auto","background-attachment":"scroll","background-type":"","background-media":"","overlay-type":"","overlay-color":"","overlay-opacity":"","overlay-gradient":""}}},"product_brand":[],"product_cat":[15],"product_tag":[3925,2239,3926,3927,3928,3374,3929,1749,3930,3931],"class_list":{"0":"post-18423","1":"product","2":"type-product","3":"status-publish","4":"has-post-thumbnail","6":"product_cat-uncategorized","7":"product_tag-andrzej-paczkowski","8":"product_tag-ltistorija","9":"product_tag-jean-louis-margolin","10":"product_tag-jean-louis-panne","11":"product_tag-karel-bartosek","12":"product_tag-komunizmas","13":"product_tag-nicolas-werth","14":"product_tag-sovietmetis","15":"product_tag-stephane-courtois","16":"product_tag-totalitarizmas","17":"desktop-align-left","18":"tablet-align-left","19":"mobile-align-left","21":"first","22":"instock","23":"shipping-taxable","24":"purchasable","25":"product-type-simple"},"acf":[],"yoast_head":"<!-- This site is optimized with the Yoast SEO plugin v27.0 - https:\/\/yoast.com\/product\/yoast-seo-wordpress\/ -->\n<title>Juodoji komunizmo knyga<\/title>\n<meta name=\"description\" content=\"\u201eJuodoji komunizmo knyga\u201c \u2013 knyga apie komunistini\u0173 re\u017eim\u0173 istorij\u0105, trukusi\u0105 80 met\u0173 ir ap\u0117musi\u0105 kone tre\u010ddal\u012f \u017emonijos. Apra\u0161omas komunizmo \u012fsigal\u0117jimas\" \/>\n<meta name=\"robots\" content=\"index, follow, max-snippet:-1, max-image-preview:large, max-video-preview:-1\" \/>\n<link rel=\"canonical\" href=\"https:\/\/skaitytaknyga.lt\/en\/produktas\/juodoji-komunizmo-knyga\/\" \/>\n<meta property=\"og:locale\" content=\"en_GB\" \/>\n<meta property=\"og:locale:alternate\" content=\"lt_LT\" \/>\n<meta property=\"og:type\" content=\"article\" \/>\n<meta property=\"og:title\" content=\"Juodoji komunizmo knyga\" \/>\n<meta property=\"og:description\" content=\"\u201eJuodoji komunizmo knyga\u201c \u2013 knyga apie komunistini\u0173 re\u017eim\u0173 istorij\u0105, trukusi\u0105 80 met\u0173 ir ap\u0117musi\u0105 kone tre\u010ddal\u012f \u017emonijos. Apra\u0161omas komunizmo \u012fsigal\u0117jimas\" \/>\n<meta property=\"og:url\" content=\"https:\/\/skaitytaknyga.lt\/en\/produktas\/juodoji-komunizmo-knyga\/\" \/>\n<meta property=\"og:site_name\" content=\"Skaitytaknyga\" \/>\n<meta property=\"article:publisher\" content=\"https:\/\/www.facebook.com\/skaitytaknyga\/\" \/>\n<meta property=\"article:modified_time\" content=\"2025-05-19T08:10:17+00:00\" \/>\n<meta property=\"og:image\" content=\"https:\/\/skaitytaknyga.lt\/wp-content\/uploads\/2025\/05\/Juodoji-komunizmo-knyga.webp\" \/>\n\t<meta property=\"og:image:width\" content=\"295\" \/>\n\t<meta property=\"og:image:height\" content=\"460\" \/>\n\t<meta property=\"og:image:type\" content=\"image\/webp\" \/>\n<meta name=\"twitter:card\" content=\"summary_large_image\" \/>\n<meta name=\"twitter:label1\" content=\"Estimated reading time\" \/>\n\t<meta name=\"twitter:data1\" content=\"1 minute\" \/>\n<script type=\"application\/ld+json\" class=\"yoast-schema-graph\">{\"@context\":\"https:\/\/schema.org\",\"@graph\":[{\"@type\":\"WebPage\",\"@id\":\"https:\/\/skaitytaknyga.lt\/produktas\/juodoji-komunizmo-knyga\/\",\"url\":\"https:\/\/skaitytaknyga.lt\/produktas\/juodoji-komunizmo-knyga\/\",\"name\":\"Juodoji komunizmo knyga\",\"isPartOf\":{\"@id\":\"https:\/\/skaitytaknyga.lt\/#website\"},\"primaryImageOfPage\":{\"@id\":\"https:\/\/skaitytaknyga.lt\/produktas\/juodoji-komunizmo-knyga\/#primaryimage\"},\"image\":{\"@id\":\"https:\/\/skaitytaknyga.lt\/produktas\/juodoji-komunizmo-knyga\/#primaryimage\"},\"thumbnailUrl\":\"https:\/\/skaitytaknyga.lt\/wp-content\/uploads\/2025\/05\/Juodoji-komunizmo-knyga.webp\",\"datePublished\":\"2025-05-18T16:20:01+00:00\",\"dateModified\":\"2025-05-19T08:10:17+00:00\",\"description\":\"\u201eJuodoji komunizmo knyga\u201c \u2013 knyga apie komunistini\u0173 re\u017eim\u0173 istorij\u0105, trukusi\u0105 80 met\u0173 ir ap\u0117musi\u0105 kone tre\u010ddal\u012f \u017emonijos. Apra\u0161omas komunizmo \u012fsigal\u0117jimas\",\"breadcrumb\":{\"@id\":\"https:\/\/skaitytaknyga.lt\/produktas\/juodoji-komunizmo-knyga\/#breadcrumb\"},\"inLanguage\":\"en-GB\",\"potentialAction\":[{\"@type\":\"ReadAction\",\"target\":[\"https:\/\/skaitytaknyga.lt\/produktas\/juodoji-komunizmo-knyga\/\"]}]},{\"@type\":\"ImageObject\",\"inLanguage\":\"en-GB\",\"@id\":\"https:\/\/skaitytaknyga.lt\/produktas\/juodoji-komunizmo-knyga\/#primaryimage\",\"url\":\"https:\/\/skaitytaknyga.lt\/wp-content\/uploads\/2025\/05\/Juodoji-komunizmo-knyga.webp\",\"contentUrl\":\"https:\/\/skaitytaknyga.lt\/wp-content\/uploads\/2025\/05\/Juodoji-komunizmo-knyga.webp\",\"width\":295,\"height\":460,\"caption\":\"Juodoji komunizmo knyga\"},{\"@type\":\"BreadcrumbList\",\"@id\":\"https:\/\/skaitytaknyga.lt\/produktas\/juodoji-komunizmo-knyga\/#breadcrumb\",\"itemListElement\":[{\"@type\":\"ListItem\",\"position\":1,\"name\":\"Home\",\"item\":\"https:\/\/skaitytaknyga.lt\/\"},{\"@type\":\"ListItem\",\"position\":2,\"name\":\"Parduotuv\u0117\",\"item\":\"https:\/\/skaitytaknyga.lt\/knygu-parduotuve\/\"},{\"@type\":\"ListItem\",\"position\":3,\"name\":\"Juodoji komunizmo knyga\"}]},{\"@type\":\"WebSite\",\"@id\":\"https:\/\/skaitytaknyga.lt\/#website\",\"url\":\"https:\/\/skaitytaknyga.lt\/\",\"name\":\"skaitytaknyga.lt\",\"description\":\"Skaitytaknyga.lt \u2013 tai ma\u017eas \u0161eimos verslas, kuris prasid\u0117jo nuo meil\u0117s knygoms ir siekio i\u0161gelb\u0117ti knygas nuo likimo prie konteinerio. Kas vienam nereikalingas daiktas \u2013 kitam lobis, o mes esame tarpininkai, kurie padeda abiems tapti laimingesniems ???? \u017dinome kaip nelengva i\u0161gyventi ma\u017eiems verslams, tad nuo \u0161iol, \u010dia rasite ir kit\u0173, ma\u017e\u0173 \u0161eim\u0173 versl\u0173, rank\u0173 darbo, dovan\u0173 sau ir artimiesiems.\",\"publisher\":{\"@id\":\"https:\/\/skaitytaknyga.lt\/#organization\"},\"potentialAction\":[{\"@type\":\"SearchAction\",\"target\":{\"@type\":\"EntryPoint\",\"urlTemplate\":\"https:\/\/skaitytaknyga.lt\/?s={search_term_string}\"},\"query-input\":{\"@type\":\"PropertyValueSpecification\",\"valueRequired\":true,\"valueName\":\"search_term_string\"}}],\"inLanguage\":\"en-GB\"},{\"@type\":\"Organization\",\"@id\":\"https:\/\/skaitytaknyga.lt\/#organization\",\"name\":\"skaitytaknyga.lt\",\"url\":\"https:\/\/skaitytaknyga.lt\/\",\"logo\":{\"@type\":\"ImageObject\",\"inLanguage\":\"en-GB\",\"@id\":\"https:\/\/skaitytaknyga.lt\/#\/schema\/logo\/image\/\",\"url\":\"https:\/\/skaitytaknyga.lt\/wp-content\/uploads\/2024\/05\/cropped-cropped-cropped-02_00843_jt3bggkj1j3HLc7SyY6rEUpg.jpeg\",\"contentUrl\":\"https:\/\/skaitytaknyga.lt\/wp-content\/uploads\/2024\/05\/cropped-cropped-cropped-02_00843_jt3bggkj1j3HLc7SyY6rEUpg.jpeg\",\"width\":1600,\"height\":1600,\"caption\":\"skaitytaknyga.lt\"},\"image\":{\"@id\":\"https:\/\/skaitytaknyga.lt\/#\/schema\/logo\/image\/\"},\"sameAs\":[\"https:\/\/www.facebook.com\/skaitytaknyga\/\"]}]}<\/script>\n<!-- \/ Yoast SEO plugin. -->","yoast_head_json":{"title":"Juodoji komunizmo knyga","description":"\u201eJuodoji komunizmo knyga\u201c \u2013 knyga apie komunistini\u0173 re\u017eim\u0173 istorij\u0105, trukusi\u0105 80 met\u0173 ir ap\u0117musi\u0105 kone tre\u010ddal\u012f \u017emonijos. Apra\u0161omas komunizmo \u012fsigal\u0117jimas","robots":{"index":"index","follow":"follow","max-snippet":"max-snippet:-1","max-image-preview":"max-image-preview:large","max-video-preview":"max-video-preview:-1"},"canonical":"https:\/\/skaitytaknyga.lt\/en\/produktas\/juodoji-komunizmo-knyga\/","og_locale":"en_GB","og_type":"article","og_title":"[:lt]Juodoji komunizmo knyga[:] - Skaitytaknyga","og_description":"\u201eJuodoji komunizmo knyga\u201c \u2013 knyga apie komunistini\u0173 re\u017eim\u0173 istorij\u0105, trukusi\u0105 80 met\u0173 ir ap\u0117musi\u0105 kone tre\u010ddal\u012f \u017emonijos. Apra\u0161omas komunizmo \u012fsigal\u0117jimas","og_url":"https:\/\/skaitytaknyga.lt\/en\/produktas\/juodoji-komunizmo-knyga\/","og_site_name":"Skaitytaknyga","article_publisher":"https:\/\/www.facebook.com\/skaitytaknyga\/","article_modified_time":"2025-05-19T08:10:17+00:00","og_image":[{"width":295,"height":460,"url":"https:\/\/skaitytaknyga.lt\/wp-content\/uploads\/2025\/05\/Juodoji-komunizmo-knyga.webp","type":"image\/webp"}],"twitter_card":"summary_large_image","twitter_misc":{"Estimated reading time":"1 minute"},"schema":{"@context":"https:\/\/schema.org","@graph":[{"@type":"WebPage","@id":"https:\/\/skaitytaknyga.lt\/produktas\/juodoji-komunizmo-knyga\/","url":"https:\/\/skaitytaknyga.lt\/produktas\/juodoji-komunizmo-knyga\/","name":"Juodoji komunizmo knyga","isPartOf":{"@id":"https:\/\/skaitytaknyga.lt\/#website"},"primaryImageOfPage":{"@id":"https:\/\/skaitytaknyga.lt\/produktas\/juodoji-komunizmo-knyga\/#primaryimage"},"image":{"@id":"https:\/\/skaitytaknyga.lt\/produktas\/juodoji-komunizmo-knyga\/#primaryimage"},"thumbnailUrl":"https:\/\/skaitytaknyga.lt\/wp-content\/uploads\/2025\/05\/Juodoji-komunizmo-knyga.webp","datePublished":"2025-05-18T16:20:01+00:00","dateModified":"2025-05-19T08:10:17+00:00","description":"\u201eJuodoji komunizmo knyga\u201c \u2013 knyga apie komunistini\u0173 re\u017eim\u0173 istorij\u0105, trukusi\u0105 80 met\u0173 ir ap\u0117musi\u0105 kone tre\u010ddal\u012f \u017emonijos. Apra\u0161omas komunizmo \u012fsigal\u0117jimas","breadcrumb":{"@id":"https:\/\/skaitytaknyga.lt\/produktas\/juodoji-komunizmo-knyga\/#breadcrumb"},"inLanguage":"en-GB","potentialAction":[{"@type":"ReadAction","target":["https:\/\/skaitytaknyga.lt\/produktas\/juodoji-komunizmo-knyga\/"]}]},{"@type":"ImageObject","inLanguage":"en-GB","@id":"https:\/\/skaitytaknyga.lt\/produktas\/juodoji-komunizmo-knyga\/#primaryimage","url":"https:\/\/skaitytaknyga.lt\/wp-content\/uploads\/2025\/05\/Juodoji-komunizmo-knyga.webp","contentUrl":"https:\/\/skaitytaknyga.lt\/wp-content\/uploads\/2025\/05\/Juodoji-komunizmo-knyga.webp","width":295,"height":460,"caption":"Juodoji komunizmo knyga"},{"@type":"BreadcrumbList","@id":"https:\/\/skaitytaknyga.lt\/produktas\/juodoji-komunizmo-knyga\/#breadcrumb","itemListElement":[{"@type":"ListItem","position":1,"name":"Home","item":"https:\/\/skaitytaknyga.lt\/"},{"@type":"ListItem","position":2,"name":"Parduotuv\u0117","item":"https:\/\/skaitytaknyga.lt\/knygu-parduotuve\/"},{"@type":"ListItem","position":3,"name":"Juodoji komunizmo knyga"}]},{"@type":"WebSite","@id":"https:\/\/skaitytaknyga.lt\/#website","url":"https:\/\/skaitytaknyga.lt\/","name":"skaitytaknyga.lt","description":"Skaitytaknyga.lt \u2013 tai ma\u017eas \u0161eimos verslas, kuris prasid\u0117jo nuo meil\u0117s knygoms ir siekio i\u0161gelb\u0117ti knygas nuo likimo prie konteinerio. Kas vienam nereikalingas daiktas \u2013 kitam lobis, o mes esame tarpininkai, kurie padeda abiems tapti laimingesniems ???? \u017dinome kaip nelengva i\u0161gyventi ma\u017eiems verslams, tad nuo \u0161iol, \u010dia rasite ir kit\u0173, ma\u017e\u0173 \u0161eim\u0173 versl\u0173, rank\u0173 darbo, dovan\u0173 sau ir artimiesiems.","publisher":{"@id":"https:\/\/skaitytaknyga.lt\/#organization"},"potentialAction":[{"@type":"SearchAction","target":{"@type":"EntryPoint","urlTemplate":"https:\/\/skaitytaknyga.lt\/?s={search_term_string}"},"query-input":{"@type":"PropertyValueSpecification","valueRequired":true,"valueName":"search_term_string"}}],"inLanguage":"en-GB"},{"@type":"Organization","@id":"https:\/\/skaitytaknyga.lt\/#organization","name":"skaitytaknyga.lt","url":"https:\/\/skaitytaknyga.lt\/","logo":{"@type":"ImageObject","inLanguage":"en-GB","@id":"https:\/\/skaitytaknyga.lt\/#\/schema\/logo\/image\/","url":"https:\/\/skaitytaknyga.lt\/wp-content\/uploads\/2024\/05\/cropped-cropped-cropped-02_00843_jt3bggkj1j3HLc7SyY6rEUpg.jpeg","contentUrl":"https:\/\/skaitytaknyga.lt\/wp-content\/uploads\/2024\/05\/cropped-cropped-cropped-02_00843_jt3bggkj1j3HLc7SyY6rEUpg.jpeg","width":1600,"height":1600,"caption":"skaitytaknyga.lt"},"image":{"@id":"https:\/\/skaitytaknyga.lt\/#\/schema\/logo\/image\/"},"sameAs":["https:\/\/www.facebook.com\/skaitytaknyga\/"]}]}},"_links":{"self":[{"href":"https:\/\/skaitytaknyga.lt\/en\/wp-json\/wp\/v2\/product\/18423","targetHints":{"allow":["GET"]}}],"collection":[{"href":"https:\/\/skaitytaknyga.lt\/en\/wp-json\/wp\/v2\/product"}],"about":[{"href":"https:\/\/skaitytaknyga.lt\/en\/wp-json\/wp\/v2\/types\/product"}],"replies":[{"embeddable":true,"href":"https:\/\/skaitytaknyga.lt\/en\/wp-json\/wp\/v2\/comments?post=18423"}],"wp:featuredmedia":[{"embeddable":true,"href":"https:\/\/skaitytaknyga.lt\/en\/wp-json\/wp\/v2\/media\/18425"}],"wp:attachment":[{"href":"https:\/\/skaitytaknyga.lt\/en\/wp-json\/wp\/v2\/media?parent=18423"}],"wp:term":[{"taxonomy":"product_brand","embeddable":true,"href":"https:\/\/skaitytaknyga.lt\/en\/wp-json\/wp\/v2\/product_brand?post=18423"},{"taxonomy":"product_cat","embeddable":true,"href":"https:\/\/skaitytaknyga.lt\/en\/wp-json\/wp\/v2\/product_cat?post=18423"},{"taxonomy":"product_tag","embeddable":true,"href":"https:\/\/skaitytaknyga.lt\/en\/wp-json\/wp\/v2\/product_tag?post=18423"}],"curies":[{"name":"wp","href":"https:\/\/api.w.org\/{rel}","templated":true}]}}