{"id":18421,"date":"2025-05-18T19:19:04","date_gmt":"2025-05-18T16:19:04","guid":{"rendered":"https:\/\/skaitytaknyga.lt\/?post_type=product&#038;p=18421"},"modified":"2025-05-19T09:39:54","modified_gmt":"2025-05-19T06:39:54","slug":"istorija-kalba-suvokimas","status":"publish","type":"product","link":"https:\/\/skaitytaknyga.lt\/en\/produktas\/istorija-kalba-suvokimas\/","title":{"rendered":"Istorija, kalba, suvokimas"},"content":{"rendered":"<p><strong>Algis Mick\u016bnas<\/strong>\u00a0\u2013 vienas i\u0161 daugiausiai ra\u0161an\u010di\u0173 ir spausdinan\u010di\u0173 m\u016bs\u0173 \ufb01losof\u0173, jo knyg\u0173 ir straipsni\u0173 lentyna vis ilg\u0117ja, atverdama naujus jo m\u0105stymo plotus ir klodus. Naujausioje knygoje<strong>\u00a0\u201eIstorija, suvokimas, kalba&#8221;<\/strong>\u00a0nagrin\u0117jamos Vakar\u0173 \ufb01loso\ufb01nio m\u0105stymo kolizijos, susijusios su istorin\u0117s s\u0105mon\u0117s rastimi, raida ir pl\u0117tra iki pat m\u016bs\u0173 dien\u0173. A. Mick\u016bnas sutelkia \u017evilgsn\u012f \u012f \u0161i\u0105 daugialyp\u0119 problematik\u0105, lemian\u010di\u0105 dabart\u012f ir, kiek paj\u0117giame \u012f\u017evelgti, ateit\u012f.<\/p>\n","protected":false},"excerpt":{"rendered":"<p>Algis Mick\u016bnas\u00a0\u2013 vienas i\u0161 daugiausiai ra\u0161an\u010di\u0173 ir spausdinan\u010di\u0173 m\u016bs\u0173 \ufb01losof\u0173, jo knyg\u0173 ir straipsni\u0173 lentyna vis ilg\u0117ja, atverdama naujus jo m\u0105stymo plotus ir klodus. Naujausioje knygoje\u00a0\u201eIstorija, suvokimas, kalba&#8221;\u00a0nagrin\u0117jamos Vakar\u0173 \ufb01loso\ufb01nio m\u0105stymo kolizijos, susijusios su istorin\u0117s s\u0105mon\u0117s rastimi, raida ir pl\u0117tra iki pat m\u016bs\u0173 dien\u0173. A. Mick\u016bnas sutelkia \u017evilgsn\u012f \u012f \u0161i\u0105 daugialyp\u0119 problematik\u0105, lemian\u010di\u0105 dabart\u012f ir, kiek paj\u0117giame \u012f\u017evelgti, ateit\u012f.<\/p>\n","protected":false},"featured_media":18424,"comment_status":"open","ping_status":"closed","template":"","meta":{"_acf_changed":false,"site-sidebar-layout":"default","site-content-layout":"","ast-site-content-layout":"default","site-content-style":"default","site-sidebar-style":"default","ast-global-header-display":"","ast-banner-title-visibility":"","ast-main-header-display":"","ast-hfb-above-header-display":"","ast-hfb-below-header-display":"","ast-hfb-mobile-header-display":"","site-post-title":"","ast-breadcrumbs-content":"","ast-featured-img":"","footer-sml-layout":"","ast-disable-related-posts":"","theme-transparent-header-meta":"","adv-header-id-meta":"","stick-header-meta":"","header-above-stick-meta":"","header-main-stick-meta":"","header-below-stick-meta":"","astra-migrate-meta-layouts":"default","ast-page-background-enabled":"default","ast-page-background-meta":{"desktop":{"background-color":"","background-image":"","background-repeat":"repeat","background-position":"center center","background-size":"auto","background-attachment":"scroll","background-type":"","background-media":"","overlay-type":"","overlay-color":"","overlay-opacity":"","overlay-gradient":""},"tablet":{"background-color":"","background-image":"","background-repeat":"repeat","background-position":"center center","background-size":"auto","background-attachment":"scroll","background-type":"","background-media":"","overlay-type":"","overlay-color":"","overlay-opacity":"","overlay-gradient":""},"mobile":{"background-color":"","background-image":"","background-repeat":"repeat","background-position":"center center","background-size":"auto","background-attachment":"scroll","background-type":"","background-media":"","overlay-type":"","overlay-color":"","overlay-opacity":"","overlay-gradient":""}},"ast-content-background-meta":{"desktop":{"background-color":"var(--ast-global-color-4)","background-image":"","background-repeat":"repeat","background-position":"center center","background-size":"auto","background-attachment":"scroll","background-type":"","background-media":"","overlay-type":"","overlay-color":"","overlay-opacity":"","overlay-gradient":""},"tablet":{"background-color":"var(--ast-global-color-4)","background-image":"","background-repeat":"repeat","background-position":"center center","background-size":"auto","background-attachment":"scroll","background-type":"","background-media":"","overlay-type":"","overlay-color":"","overlay-opacity":"","overlay-gradient":""},"mobile":{"background-color":"var(--ast-global-color-4)","background-image":"","background-repeat":"repeat","background-position":"center center","background-size":"auto","background-attachment":"scroll","background-type":"","background-media":"","overlay-type":"","overlay-color":"","overlay-opacity":"","overlay-gradient":""}}},"product_brand":[],"product_cat":[15],"product_tag":[3816,1467,2239,1465],"class_list":{"0":"post-18421","1":"product","2":"type-product","3":"status-publish","4":"has-post-thumbnail","6":"product_cat-uncategorized","7":"product_tag-algis-mickunas","8":"product_tag-filosofija","9":"product_tag-ltistorija","10":"product_tag-kalbotyra","11":"desktop-align-left","12":"tablet-align-left","13":"mobile-align-left","15":"first","16":"instock","17":"shipping-taxable","18":"purchasable","19":"product-type-simple"},"acf":[],"yoast_head":"<!-- This site is optimized with the Yoast SEO plugin v27.0 - https:\/\/yoast.com\/product\/yoast-seo-wordpress\/ -->\n<title>Istorija, kalba, suvokimas<\/title>\n<meta name=\"description\" content=\"Algis Mick\u016bnas\u00a0\u2013 vienas i\u0161 daugiausiai ra\u0161an\u010di\u0173 ir spausdinan\u010di\u0173 m\u016bs\u0173 \ufb01losof\u0173, jo knyg\u0173 ir straipsni\u0173 lentyna vis ilg\u0117ja, atverdama naujus jo m\u0105stymo\" \/>\n<meta name=\"robots\" content=\"index, follow, max-snippet:-1, max-image-preview:large, max-video-preview:-1\" \/>\n<link rel=\"canonical\" href=\"https:\/\/skaitytaknyga.lt\/en\/produktas\/istorija-kalba-suvokimas\/\" \/>\n<meta property=\"og:locale\" content=\"en_GB\" \/>\n<meta property=\"og:locale:alternate\" content=\"lt_LT\" \/>\n<meta property=\"og:type\" content=\"article\" \/>\n<meta property=\"og:title\" content=\"Istorija, kalba, suvokimas\" \/>\n<meta property=\"og:description\" content=\"Algis Mick\u016bnas\u00a0\u2013 vienas i\u0161 daugiausiai ra\u0161an\u010di\u0173 ir spausdinan\u010di\u0173 m\u016bs\u0173 \ufb01losof\u0173, jo knyg\u0173 ir straipsni\u0173 lentyna vis ilg\u0117ja, atverdama naujus jo m\u0105stymo\" \/>\n<meta property=\"og:url\" content=\"https:\/\/skaitytaknyga.lt\/en\/produktas\/istorija-kalba-suvokimas\/\" \/>\n<meta property=\"og:site_name\" content=\"Skaitytaknyga\" \/>\n<meta property=\"article:publisher\" content=\"https:\/\/www.facebook.com\/skaitytaknyga\/\" \/>\n<meta property=\"article:modified_time\" content=\"2025-05-19T06:39:54+00:00\" \/>\n<meta property=\"og:image\" content=\"https:\/\/skaitytaknyga.lt\/wp-content\/uploads\/2025\/05\/Istorija-kalba-suvokimas.webp\" \/>\n\t<meta property=\"og:image:width\" content=\"567\" \/>\n\t<meta property=\"og:image:height\" content=\"801\" \/>\n\t<meta property=\"og:image:type\" content=\"image\/webp\" \/>\n<meta name=\"twitter:card\" content=\"summary_large_image\" \/>\n<script type=\"application\/ld+json\" class=\"yoast-schema-graph\">{\"@context\":\"https:\/\/schema.org\",\"@graph\":[{\"@type\":\"WebPage\",\"@id\":\"https:\/\/skaitytaknyga.lt\/produktas\/istorija-kalba-suvokimas\/\",\"url\":\"https:\/\/skaitytaknyga.lt\/produktas\/istorija-kalba-suvokimas\/\",\"name\":\"Istorija, kalba, suvokimas\",\"isPartOf\":{\"@id\":\"https:\/\/skaitytaknyga.lt\/#website\"},\"primaryImageOfPage\":{\"@id\":\"https:\/\/skaitytaknyga.lt\/produktas\/istorija-kalba-suvokimas\/#primaryimage\"},\"image\":{\"@id\":\"https:\/\/skaitytaknyga.lt\/produktas\/istorija-kalba-suvokimas\/#primaryimage\"},\"thumbnailUrl\":\"https:\/\/skaitytaknyga.lt\/wp-content\/uploads\/2025\/05\/Istorija-kalba-suvokimas.webp\",\"datePublished\":\"2025-05-18T16:19:04+00:00\",\"dateModified\":\"2025-05-19T06:39:54+00:00\",\"description\":\"Algis Mick\u016bnas\u00a0\u2013 vienas i\u0161 daugiausiai ra\u0161an\u010di\u0173 ir spausdinan\u010di\u0173 m\u016bs\u0173 \ufb01losof\u0173, jo knyg\u0173 ir straipsni\u0173 lentyna vis ilg\u0117ja, atverdama naujus jo m\u0105stymo\",\"breadcrumb\":{\"@id\":\"https:\/\/skaitytaknyga.lt\/produktas\/istorija-kalba-suvokimas\/#breadcrumb\"},\"inLanguage\":\"en-GB\",\"potentialAction\":[{\"@type\":\"ReadAction\",\"target\":[\"https:\/\/skaitytaknyga.lt\/produktas\/istorija-kalba-suvokimas\/\"]}]},{\"@type\":\"ImageObject\",\"inLanguage\":\"en-GB\",\"@id\":\"https:\/\/skaitytaknyga.lt\/produktas\/istorija-kalba-suvokimas\/#primaryimage\",\"url\":\"https:\/\/skaitytaknyga.lt\/wp-content\/uploads\/2025\/05\/Istorija-kalba-suvokimas.webp\",\"contentUrl\":\"https:\/\/skaitytaknyga.lt\/wp-content\/uploads\/2025\/05\/Istorija-kalba-suvokimas.webp\",\"width\":567,\"height\":801,\"caption\":\"Istorija, kalba, suvokimas\"},{\"@type\":\"BreadcrumbList\",\"@id\":\"https:\/\/skaitytaknyga.lt\/produktas\/istorija-kalba-suvokimas\/#breadcrumb\",\"itemListElement\":[{\"@type\":\"ListItem\",\"position\":1,\"name\":\"Home\",\"item\":\"https:\/\/skaitytaknyga.lt\/\"},{\"@type\":\"ListItem\",\"position\":2,\"name\":\"Parduotuv\u0117\",\"item\":\"https:\/\/skaitytaknyga.lt\/knygu-parduotuve\/\"},{\"@type\":\"ListItem\",\"position\":3,\"name\":\"Istorija, kalba, suvokimas\"}]},{\"@type\":\"WebSite\",\"@id\":\"https:\/\/skaitytaknyga.lt\/#website\",\"url\":\"https:\/\/skaitytaknyga.lt\/\",\"name\":\"skaitytaknyga.lt\",\"description\":\"Skaitytaknyga.lt \u2013 tai ma\u017eas \u0161eimos verslas, kuris prasid\u0117jo nuo meil\u0117s knygoms ir siekio i\u0161gelb\u0117ti knygas nuo likimo prie konteinerio. Kas vienam nereikalingas daiktas \u2013 kitam lobis, o mes esame tarpininkai, kurie padeda abiems tapti laimingesniems ???? \u017dinome kaip nelengva i\u0161gyventi ma\u017eiems verslams, tad nuo \u0161iol, \u010dia rasite ir kit\u0173, ma\u017e\u0173 \u0161eim\u0173 versl\u0173, rank\u0173 darbo, dovan\u0173 sau ir artimiesiems.\",\"publisher\":{\"@id\":\"https:\/\/skaitytaknyga.lt\/#organization\"},\"potentialAction\":[{\"@type\":\"SearchAction\",\"target\":{\"@type\":\"EntryPoint\",\"urlTemplate\":\"https:\/\/skaitytaknyga.lt\/?s={search_term_string}\"},\"query-input\":{\"@type\":\"PropertyValueSpecification\",\"valueRequired\":true,\"valueName\":\"search_term_string\"}}],\"inLanguage\":\"en-GB\"},{\"@type\":\"Organization\",\"@id\":\"https:\/\/skaitytaknyga.lt\/#organization\",\"name\":\"skaitytaknyga.lt\",\"url\":\"https:\/\/skaitytaknyga.lt\/\",\"logo\":{\"@type\":\"ImageObject\",\"inLanguage\":\"en-GB\",\"@id\":\"https:\/\/skaitytaknyga.lt\/#\/schema\/logo\/image\/\",\"url\":\"https:\/\/skaitytaknyga.lt\/wp-content\/uploads\/2024\/05\/cropped-cropped-cropped-02_00843_jt3bggkj1j3HLc7SyY6rEUpg.jpeg\",\"contentUrl\":\"https:\/\/skaitytaknyga.lt\/wp-content\/uploads\/2024\/05\/cropped-cropped-cropped-02_00843_jt3bggkj1j3HLc7SyY6rEUpg.jpeg\",\"width\":1600,\"height\":1600,\"caption\":\"skaitytaknyga.lt\"},\"image\":{\"@id\":\"https:\/\/skaitytaknyga.lt\/#\/schema\/logo\/image\/\"},\"sameAs\":[\"https:\/\/www.facebook.com\/skaitytaknyga\/\"]}]}<\/script>\n<!-- \/ Yoast SEO plugin. -->","yoast_head_json":{"title":"Istorija, kalba, suvokimas","description":"Algis Mick\u016bnas\u00a0\u2013 vienas i\u0161 daugiausiai ra\u0161an\u010di\u0173 ir spausdinan\u010di\u0173 m\u016bs\u0173 \ufb01losof\u0173, jo knyg\u0173 ir straipsni\u0173 lentyna vis ilg\u0117ja, atverdama naujus jo m\u0105stymo","robots":{"index":"index","follow":"follow","max-snippet":"max-snippet:-1","max-image-preview":"max-image-preview:large","max-video-preview":"max-video-preview:-1"},"canonical":"https:\/\/skaitytaknyga.lt\/en\/produktas\/istorija-kalba-suvokimas\/","og_locale":"en_GB","og_type":"article","og_title":"[:lt]Istorija, kalba, suvokimas[:] - Skaitytaknyga","og_description":"Algis Mick\u016bnas\u00a0\u2013 vienas i\u0161 daugiausiai ra\u0161an\u010di\u0173 ir spausdinan\u010di\u0173 m\u016bs\u0173 \ufb01losof\u0173, jo knyg\u0173 ir straipsni\u0173 lentyna vis ilg\u0117ja, atverdama naujus jo m\u0105stymo","og_url":"https:\/\/skaitytaknyga.lt\/en\/produktas\/istorija-kalba-suvokimas\/","og_site_name":"Skaitytaknyga","article_publisher":"https:\/\/www.facebook.com\/skaitytaknyga\/","article_modified_time":"2025-05-19T06:39:54+00:00","og_image":[{"width":567,"height":801,"url":"https:\/\/skaitytaknyga.lt\/wp-content\/uploads\/2025\/05\/Istorija-kalba-suvokimas.webp","type":"image\/webp"}],"twitter_card":"summary_large_image","schema":{"@context":"https:\/\/schema.org","@graph":[{"@type":"WebPage","@id":"https:\/\/skaitytaknyga.lt\/produktas\/istorija-kalba-suvokimas\/","url":"https:\/\/skaitytaknyga.lt\/produktas\/istorija-kalba-suvokimas\/","name":"Istorija, kalba, suvokimas","isPartOf":{"@id":"https:\/\/skaitytaknyga.lt\/#website"},"primaryImageOfPage":{"@id":"https:\/\/skaitytaknyga.lt\/produktas\/istorija-kalba-suvokimas\/#primaryimage"},"image":{"@id":"https:\/\/skaitytaknyga.lt\/produktas\/istorija-kalba-suvokimas\/#primaryimage"},"thumbnailUrl":"https:\/\/skaitytaknyga.lt\/wp-content\/uploads\/2025\/05\/Istorija-kalba-suvokimas.webp","datePublished":"2025-05-18T16:19:04+00:00","dateModified":"2025-05-19T06:39:54+00:00","description":"Algis Mick\u016bnas\u00a0\u2013 vienas i\u0161 daugiausiai ra\u0161an\u010di\u0173 ir spausdinan\u010di\u0173 m\u016bs\u0173 \ufb01losof\u0173, jo knyg\u0173 ir straipsni\u0173 lentyna vis ilg\u0117ja, atverdama naujus jo m\u0105stymo","breadcrumb":{"@id":"https:\/\/skaitytaknyga.lt\/produktas\/istorija-kalba-suvokimas\/#breadcrumb"},"inLanguage":"en-GB","potentialAction":[{"@type":"ReadAction","target":["https:\/\/skaitytaknyga.lt\/produktas\/istorija-kalba-suvokimas\/"]}]},{"@type":"ImageObject","inLanguage":"en-GB","@id":"https:\/\/skaitytaknyga.lt\/produktas\/istorija-kalba-suvokimas\/#primaryimage","url":"https:\/\/skaitytaknyga.lt\/wp-content\/uploads\/2025\/05\/Istorija-kalba-suvokimas.webp","contentUrl":"https:\/\/skaitytaknyga.lt\/wp-content\/uploads\/2025\/05\/Istorija-kalba-suvokimas.webp","width":567,"height":801,"caption":"Istorija, kalba, suvokimas"},{"@type":"BreadcrumbList","@id":"https:\/\/skaitytaknyga.lt\/produktas\/istorija-kalba-suvokimas\/#breadcrumb","itemListElement":[{"@type":"ListItem","position":1,"name":"Home","item":"https:\/\/skaitytaknyga.lt\/"},{"@type":"ListItem","position":2,"name":"Parduotuv\u0117","item":"https:\/\/skaitytaknyga.lt\/knygu-parduotuve\/"},{"@type":"ListItem","position":3,"name":"Istorija, kalba, suvokimas"}]},{"@type":"WebSite","@id":"https:\/\/skaitytaknyga.lt\/#website","url":"https:\/\/skaitytaknyga.lt\/","name":"skaitytaknyga.lt","description":"Skaitytaknyga.lt \u2013 tai ma\u017eas \u0161eimos verslas, kuris prasid\u0117jo nuo meil\u0117s knygoms ir siekio i\u0161gelb\u0117ti knygas nuo likimo prie konteinerio. Kas vienam nereikalingas daiktas \u2013 kitam lobis, o mes esame tarpininkai, kurie padeda abiems tapti laimingesniems ???? \u017dinome kaip nelengva i\u0161gyventi ma\u017eiems verslams, tad nuo \u0161iol, \u010dia rasite ir kit\u0173, ma\u017e\u0173 \u0161eim\u0173 versl\u0173, rank\u0173 darbo, dovan\u0173 sau ir artimiesiems.","publisher":{"@id":"https:\/\/skaitytaknyga.lt\/#organization"},"potentialAction":[{"@type":"SearchAction","target":{"@type":"EntryPoint","urlTemplate":"https:\/\/skaitytaknyga.lt\/?s={search_term_string}"},"query-input":{"@type":"PropertyValueSpecification","valueRequired":true,"valueName":"search_term_string"}}],"inLanguage":"en-GB"},{"@type":"Organization","@id":"https:\/\/skaitytaknyga.lt\/#organization","name":"skaitytaknyga.lt","url":"https:\/\/skaitytaknyga.lt\/","logo":{"@type":"ImageObject","inLanguage":"en-GB","@id":"https:\/\/skaitytaknyga.lt\/#\/schema\/logo\/image\/","url":"https:\/\/skaitytaknyga.lt\/wp-content\/uploads\/2024\/05\/cropped-cropped-cropped-02_00843_jt3bggkj1j3HLc7SyY6rEUpg.jpeg","contentUrl":"https:\/\/skaitytaknyga.lt\/wp-content\/uploads\/2024\/05\/cropped-cropped-cropped-02_00843_jt3bggkj1j3HLc7SyY6rEUpg.jpeg","width":1600,"height":1600,"caption":"skaitytaknyga.lt"},"image":{"@id":"https:\/\/skaitytaknyga.lt\/#\/schema\/logo\/image\/"},"sameAs":["https:\/\/www.facebook.com\/skaitytaknyga\/"]}]}},"_links":{"self":[{"href":"https:\/\/skaitytaknyga.lt\/en\/wp-json\/wp\/v2\/product\/18421","targetHints":{"allow":["GET"]}}],"collection":[{"href":"https:\/\/skaitytaknyga.lt\/en\/wp-json\/wp\/v2\/product"}],"about":[{"href":"https:\/\/skaitytaknyga.lt\/en\/wp-json\/wp\/v2\/types\/product"}],"replies":[{"embeddable":true,"href":"https:\/\/skaitytaknyga.lt\/en\/wp-json\/wp\/v2\/comments?post=18421"}],"wp:featuredmedia":[{"embeddable":true,"href":"https:\/\/skaitytaknyga.lt\/en\/wp-json\/wp\/v2\/media\/18424"}],"wp:attachment":[{"href":"https:\/\/skaitytaknyga.lt\/en\/wp-json\/wp\/v2\/media?parent=18421"}],"wp:term":[{"taxonomy":"product_brand","embeddable":true,"href":"https:\/\/skaitytaknyga.lt\/en\/wp-json\/wp\/v2\/product_brand?post=18421"},{"taxonomy":"product_cat","embeddable":true,"href":"https:\/\/skaitytaknyga.lt\/en\/wp-json\/wp\/v2\/product_cat?post=18421"},{"taxonomy":"product_tag","embeddable":true,"href":"https:\/\/skaitytaknyga.lt\/en\/wp-json\/wp\/v2\/product_tag?post=18421"}],"curies":[{"name":"wp","href":"https:\/\/api.w.org\/{rel}","templated":true}]}}