{"id":18417,"date":"2025-05-18T19:13:30","date_gmt":"2025-05-18T16:13:30","guid":{"rendered":"https:\/\/skaitytaknyga.lt\/?post_type=product&#038;p=18417"},"modified":"2026-03-18T14:59:45","modified_gmt":"2026-03-18T12:59:45","slug":"pasipriesinimo-istorija-1944-1953-m-kopija","status":"publish","type":"product","link":"https:\/\/skaitytaknyga.lt\/en\/produktas\/pasipriesinimo-istorija-1944-1953-m-kopija\/","title":{"rendered":"Pasiprie\u0161inimo istorija 1944-1953 m."},"content":{"rendered":"<div class=\"book-descript-wrapper\">\n<section class=\"product-descript more-content-wrapper\">\n<div class=\"\">\n<p>Nijol\u0117s Ga\u0161kait\u0117s-\u017demaitien\u0117s knyga \u2013 vienas pirm\u0173j\u0173 m\u0117ginim\u0173 po saugumo archyv\u0173 atidarymo sintetiniu \u017evilgsniu apr\u0117pti partizan\u0173 kovas. Nors para\u0161yta lengvu stiliumi, \u0161i svarbi knyga pateikia apibendrint\u0105, nuodugnia archyv\u0173 analize pagr\u012fst\u0105 laisv\u0117s kov\u0173 vaizd\u0105. D\u0117l temos opumo ji gali sulaukti priekai\u0161t\u0173 ir i\u0161 kair\u0117s, ir i\u0161 de\u0161in\u0117s. Pirmieji bus nepatenkinti \u0161ia knyga apskritai, antrieji \u2013 kad per daug pasikliaujama sovietiniais dokumentais, ypa\u010d d\u0117l partizan\u0173 ir i\u0161tremt\u0173 \u017emoni\u0173 skai\u010diaus. Bet abiem atvejais pagrindin\u0117 kritikos versm\u0117 b\u016bt\u0173 i\u0161ankstin\u0117 nuostata, kurios nepaveikia nei racional\u016bs argumentai, nei konkret\u016bs duomenys. Ta\u010diau knyga pravers visiems norintiems susipa\u017einti su \u0161iuo i\u0161skirtiniu Lietuvos istorijos tarpsniu.<\/p>\n<\/div>\n<\/section>\n<\/div>\n","protected":false},"excerpt":{"rendered":"<div class=\"book-descript-wrapper\">\n<section class=\"product-descript more-content-wrapper\">\n<div class=\"\">\n<p>Nijol\u0117s Ga\u0161kait\u0117s-\u017demaitien\u0117s knyga \u2013 vienas pirm\u0173j\u0173 m\u0117ginim\u0173 po saugumo archyv\u0173 atidarymo sintetiniu \u017evilgsniu apr\u0117pti partizan\u0173 kovas. Nors para\u0161yta lengvu stiliumi, \u0161i svarbi knyga pateikia apibendrint\u0105, nuodugnia archyv\u0173 analize pagr\u012fst\u0105 laisv\u0117s kov\u0173 vaizd\u0105. D\u0117l temos opumo ji gali sulaukti priekai\u0161t\u0173 ir i\u0161 kair\u0117s, ir i\u0161 de\u0161in\u0117s. Pirmieji bus nepatenkinti \u0161ia knyga apskritai, antrieji \u2013 kad per daug pasikliaujama sovietiniais dokumentais, ypa\u010d d\u0117l partizan\u0173 ir i\u0161tremt\u0173 \u017emoni\u0173 skai\u010diaus. Bet abiem atvejais pagrindin\u0117 kritikos versm\u0117 b\u016bt\u0173 i\u0161ankstin\u0117 nuostata, kurios nepaveikia nei racional\u016bs argumentai, nei konkret\u016bs duomenys. Ta\u010diau knyga pravers visiems norintiems susipa\u017einti su \u0161iuo i\u0161skirtiniu Lietuvos istorijos tarpsniu.<\/p>\n<\/div>\n<\/section>\n<\/div>\n","protected":false},"featured_media":18418,"comment_status":"closed","ping_status":"closed","template":"","meta":{"_acf_changed":false,"site-sidebar-layout":"default","site-content-layout":"","ast-site-content-layout":"default","site-content-style":"default","site-sidebar-style":"default","ast-global-header-display":"","ast-banner-title-visibility":"","ast-main-header-display":"","ast-hfb-above-header-display":"","ast-hfb-below-header-display":"","ast-hfb-mobile-header-display":"","site-post-title":"","ast-breadcrumbs-content":"","ast-featured-img":"","footer-sml-layout":"","ast-disable-related-posts":"","theme-transparent-header-meta":"","adv-header-id-meta":"","stick-header-meta":"","header-above-stick-meta":"","header-main-stick-meta":"","header-below-stick-meta":"","astra-migrate-meta-layouts":"default","ast-page-background-enabled":"default","ast-page-background-meta":{"desktop":{"background-color":"","background-image":"","background-repeat":"repeat","background-position":"center center","background-size":"auto","background-attachment":"scroll","background-type":"","background-media":"","overlay-type":"","overlay-color":"","overlay-opacity":"","overlay-gradient":""},"tablet":{"background-color":"","background-image":"","background-repeat":"repeat","background-position":"center center","background-size":"auto","background-attachment":"scroll","background-type":"","background-media":"","overlay-type":"","overlay-color":"","overlay-opacity":"","overlay-gradient":""},"mobile":{"background-color":"","background-image":"","background-repeat":"repeat","background-position":"center center","background-size":"auto","background-attachment":"scroll","background-type":"","background-media":"","overlay-type":"","overlay-color":"","overlay-opacity":"","overlay-gradient":""}},"ast-content-background-meta":{"desktop":{"background-color":"var(--ast-global-color-4)","background-image":"","background-repeat":"repeat","background-position":"center center","background-size":"auto","background-attachment":"scroll","background-type":"","background-media":"","overlay-type":"","overlay-color":"","overlay-opacity":"","overlay-gradient":""},"tablet":{"background-color":"var(--ast-global-color-4)","background-image":"","background-repeat":"repeat","background-position":"center center","background-size":"auto","background-attachment":"scroll","background-type":"","background-media":"","overlay-type":"","overlay-color":"","overlay-opacity":"","overlay-gradient":""},"mobile":{"background-color":"var(--ast-global-color-4)","background-image":"","background-repeat":"repeat","background-position":"center center","background-size":"auto","background-attachment":"scroll","background-type":"","background-media":"","overlay-type":"","overlay-color":"","overlay-opacity":"","overlay-gradient":""}}},"product_brand":[],"product_cat":[9862,174],"product_tag":[3815,2221,2224,2225,2445,3814],"class_list":{"0":"post-18417","1":"product","2":"type-product","3":"status-publish","4":"has-post-thumbnail","6":"product_cat-lietuvos-istorija","7":"product_cat-istorija-ir-politologija","8":"product_tag-algis-kaseta","9":"product_tag-dalia-kuodyte","10":"product_tag-istorija","11":"product_tag-partizanai","12":"product_tag-pasipriesinimas","13":"product_tag-pokaris","14":"desktop-align-left","15":"tablet-align-left","16":"mobile-align-left","18":"first","19":"instock","20":"shipping-taxable","21":"purchasable","22":"product-type-simple"},"acf":[],"yoast_head":"<!-- This site is optimized with the Yoast SEO plugin v27.0 - https:\/\/yoast.com\/product\/yoast-seo-wordpress\/ -->\n<title>Pasiprie\u0161inimo istorija 1944-1953 m.<\/title>\n<meta name=\"description\" content=\"Nijol\u0117s Ga\u0161kait\u0117s-\u017demaitien\u0117s knyga \u2013 vienas pirm\u0173j\u0173 m\u0117ginim\u0173 po saugumo archyv\u0173 atidarymo sintetiniu \u017evilgsniu apr\u0117pti partizan\u0173 kovas. Nors para\u0161yta lengvu stiliumi, \u0161i svarbi knyga pateikia apibendrint\u0105, nuodugnia archyv\u0173 analize pagr\u012fst\u0105 laisv\u0117s kov\u0173 vaizd\u0105. D\u0117l temos opumo ji gali sulaukti priekai\u0161t\u0173 ir i\u0161 kair\u0117s, ir i\u0161 de\u0161in\u0117s. Pirmieji bus nepatenkinti \u0161ia knyga apskritai, antrieji \u2013 kad per daug pasikliaujama sovietiniais dokumentais, ypa\u010d d\u0117l partizan\u0173 ir i\u0161tremt\u0173 \u017emoni\u0173 skai\u010diaus. Bet abiem atvejais pagrindin\u0117 kritikos versm\u0117 b\u016bt\u0173 i\u0161ankstin\u0117 nuostata, kurios nepaveikia nei racional\u016bs argumentai, nei konkret\u016bs duomenys. Ta\u010diau knyga pravers visiems norintiems susipa\u017einti su \u0161iuo i\u0161skirtiniu Lietuvos istorijos tarpsniu.\" \/>\n<meta name=\"robots\" content=\"index, follow, max-snippet:-1, max-image-preview:large, max-video-preview:-1\" \/>\n<link rel=\"canonical\" href=\"https:\/\/skaitytaknyga.lt\/en\/produktas\/pasipriesinimo-istorija-1944-1953-m-kopija\/\" \/>\n<meta property=\"og:locale\" content=\"en_GB\" \/>\n<meta property=\"og:locale:alternate\" content=\"lt_LT\" \/>\n<meta property=\"og:type\" content=\"article\" \/>\n<meta property=\"og:title\" content=\"Pasiprie\u0161inimo istorija 1944-1953 m.\" \/>\n<meta property=\"og:description\" content=\"Nijol\u0117s Ga\u0161kait\u0117s-\u017demaitien\u0117s knyga \u2013 vienas pirm\u0173j\u0173 m\u0117ginim\u0173 po saugumo archyv\u0173 atidarymo sintetiniu \u017evilgsniu apr\u0117pti partizan\u0173 kovas. Nors para\u0161yta lengvu stiliumi, \u0161i svarbi knyga pateikia apibendrint\u0105, nuodugnia archyv\u0173 analize pagr\u012fst\u0105 laisv\u0117s kov\u0173 vaizd\u0105. D\u0117l temos opumo ji gali sulaukti priekai\u0161t\u0173 ir i\u0161 kair\u0117s, ir i\u0161 de\u0161in\u0117s. Pirmieji bus nepatenkinti \u0161ia knyga apskritai, antrieji \u2013 kad per daug pasikliaujama sovietiniais dokumentais, ypa\u010d d\u0117l partizan\u0173 ir i\u0161tremt\u0173 \u017emoni\u0173 skai\u010diaus. Bet abiem atvejais pagrindin\u0117 kritikos versm\u0117 b\u016bt\u0173 i\u0161ankstin\u0117 nuostata, kurios nepaveikia nei racional\u016bs argumentai, nei konkret\u016bs duomenys. Ta\u010diau knyga pravers visiems norintiems susipa\u017einti su \u0161iuo i\u0161skirtiniu Lietuvos istorijos tarpsniu.\" \/>\n<meta property=\"og:url\" content=\"https:\/\/skaitytaknyga.lt\/en\/produktas\/pasipriesinimo-istorija-1944-1953-m-kopija\/\" \/>\n<meta property=\"og:site_name\" content=\"Skaitytaknyga\" \/>\n<meta property=\"article:publisher\" content=\"https:\/\/www.facebook.com\/skaitytaknyga\/\" \/>\n<meta property=\"article:modified_time\" content=\"2026-03-18T12:59:45+00:00\" \/>\n<meta property=\"og:image\" content=\"https:\/\/skaitytaknyga.lt\/wp-content\/uploads\/2025\/05\/Laisves-kovos-1944\u20131953-metais.webp\" \/>\n\t<meta property=\"og:image:width\" content=\"256\" \/>\n\t<meta property=\"og:image:height\" content=\"388\" \/>\n\t<meta property=\"og:image:type\" content=\"image\/webp\" \/>\n<meta name=\"twitter:card\" content=\"summary_large_image\" \/>\n<meta name=\"twitter:label1\" content=\"Estimated reading time\" \/>\n\t<meta name=\"twitter:data1\" content=\"1 minute\" \/>\n<script type=\"application\/ld+json\" class=\"yoast-schema-graph\">{\"@context\":\"https:\/\/schema.org\",\"@graph\":[{\"@type\":\"WebPage\",\"@id\":\"https:\/\/skaitytaknyga.lt\/produktas\/pasipriesinimo-istorija-1944-1953-m-kopija\/\",\"url\":\"https:\/\/skaitytaknyga.lt\/produktas\/pasipriesinimo-istorija-1944-1953-m-kopija\/\",\"name\":\"Pasiprie\u0161inimo istorija 1944-1953 m.\",\"isPartOf\":{\"@id\":\"https:\/\/skaitytaknyga.lt\/#website\"},\"primaryImageOfPage\":{\"@id\":\"https:\/\/skaitytaknyga.lt\/produktas\/pasipriesinimo-istorija-1944-1953-m-kopija\/#primaryimage\"},\"image\":{\"@id\":\"https:\/\/skaitytaknyga.lt\/produktas\/pasipriesinimo-istorija-1944-1953-m-kopija\/#primaryimage\"},\"thumbnailUrl\":\"https:\/\/skaitytaknyga.lt\/wp-content\/uploads\/2025\/05\/Laisves-kovos-1944\u20131953-metais.webp\",\"datePublished\":\"2025-05-18T16:13:30+00:00\",\"dateModified\":\"2026-03-18T12:59:45+00:00\",\"description\":\"Nijol\u0117s Ga\u0161kait\u0117s-\u017demaitien\u0117s knyga \u2013 vienas pirm\u0173j\u0173 m\u0117ginim\u0173 po saugumo archyv\u0173 atidarymo sintetiniu \u017evilgsniu apr\u0117pti partizan\u0173 kovas. Nors para\u0161yta lengvu stiliumi, \u0161i svarbi knyga pateikia apibendrint\u0105, nuodugnia archyv\u0173 analize pagr\u012fst\u0105 laisv\u0117s kov\u0173 vaizd\u0105. D\u0117l temos opumo ji gali sulaukti priekai\u0161t\u0173 ir i\u0161 kair\u0117s, ir i\u0161 de\u0161in\u0117s. Pirmieji bus nepatenkinti \u0161ia knyga apskritai, antrieji \u2013 kad per daug pasikliaujama sovietiniais dokumentais, ypa\u010d d\u0117l partizan\u0173 ir i\u0161tremt\u0173 \u017emoni\u0173 skai\u010diaus. Bet abiem atvejais pagrindin\u0117 kritikos versm\u0117 b\u016bt\u0173 i\u0161ankstin\u0117 nuostata, kurios nepaveikia nei racional\u016bs argumentai, nei konkret\u016bs duomenys. Ta\u010diau knyga pravers visiems norintiems susipa\u017einti su \u0161iuo i\u0161skirtiniu Lietuvos istorijos tarpsniu.\",\"breadcrumb\":{\"@id\":\"https:\/\/skaitytaknyga.lt\/produktas\/pasipriesinimo-istorija-1944-1953-m-kopija\/#breadcrumb\"},\"inLanguage\":\"en-GB\",\"potentialAction\":[{\"@type\":\"ReadAction\",\"target\":[\"https:\/\/skaitytaknyga.lt\/produktas\/pasipriesinimo-istorija-1944-1953-m-kopija\/\"]}]},{\"@type\":\"ImageObject\",\"inLanguage\":\"en-GB\",\"@id\":\"https:\/\/skaitytaknyga.lt\/produktas\/pasipriesinimo-istorija-1944-1953-m-kopija\/#primaryimage\",\"url\":\"https:\/\/skaitytaknyga.lt\/wp-content\/uploads\/2025\/05\/Laisves-kovos-1944\u20131953-metais.webp\",\"contentUrl\":\"https:\/\/skaitytaknyga.lt\/wp-content\/uploads\/2025\/05\/Laisves-kovos-1944\u20131953-metais.webp\",\"width\":256,\"height\":388,\"caption\":\"Laisv\u0117s kovos 1944\u20131953 metais\"},{\"@type\":\"BreadcrumbList\",\"@id\":\"https:\/\/skaitytaknyga.lt\/produktas\/pasipriesinimo-istorija-1944-1953-m-kopija\/#breadcrumb\",\"itemListElement\":[{\"@type\":\"ListItem\",\"position\":1,\"name\":\"Home\",\"item\":\"https:\/\/skaitytaknyga.lt\/\"},{\"@type\":\"ListItem\",\"position\":2,\"name\":\"Parduotuv\u0117\",\"item\":\"https:\/\/skaitytaknyga.lt\/knygu-parduotuve\/\"},{\"@type\":\"ListItem\",\"position\":3,\"name\":\"Pasiprie\u0161inimo istorija 1944-1953 m.\"}]},{\"@type\":\"WebSite\",\"@id\":\"https:\/\/skaitytaknyga.lt\/#website\",\"url\":\"https:\/\/skaitytaknyga.lt\/\",\"name\":\"skaitytaknyga.lt\",\"description\":\"Skaitytaknyga.lt \u2013 tai ma\u017eas \u0161eimos verslas, kuris prasid\u0117jo nuo meil\u0117s knygoms ir siekio i\u0161gelb\u0117ti knygas nuo likimo prie konteinerio. Kas vienam nereikalingas daiktas \u2013 kitam lobis, o mes esame tarpininkai, kurie padeda abiems tapti laimingesniems ???? \u017dinome kaip nelengva i\u0161gyventi ma\u017eiems verslams, tad nuo \u0161iol, \u010dia rasite ir kit\u0173, ma\u017e\u0173 \u0161eim\u0173 versl\u0173, rank\u0173 darbo, dovan\u0173 sau ir artimiesiems.\",\"publisher\":{\"@id\":\"https:\/\/skaitytaknyga.lt\/#organization\"},\"potentialAction\":[{\"@type\":\"SearchAction\",\"target\":{\"@type\":\"EntryPoint\",\"urlTemplate\":\"https:\/\/skaitytaknyga.lt\/?s={search_term_string}\"},\"query-input\":{\"@type\":\"PropertyValueSpecification\",\"valueRequired\":true,\"valueName\":\"search_term_string\"}}],\"inLanguage\":\"en-GB\"},{\"@type\":\"Organization\",\"@id\":\"https:\/\/skaitytaknyga.lt\/#organization\",\"name\":\"skaitytaknyga.lt\",\"url\":\"https:\/\/skaitytaknyga.lt\/\",\"logo\":{\"@type\":\"ImageObject\",\"inLanguage\":\"en-GB\",\"@id\":\"https:\/\/skaitytaknyga.lt\/#\/schema\/logo\/image\/\",\"url\":\"https:\/\/skaitytaknyga.lt\/wp-content\/uploads\/2024\/05\/cropped-cropped-cropped-02_00843_jt3bggkj1j3HLc7SyY6rEUpg.jpeg\",\"contentUrl\":\"https:\/\/skaitytaknyga.lt\/wp-content\/uploads\/2024\/05\/cropped-cropped-cropped-02_00843_jt3bggkj1j3HLc7SyY6rEUpg.jpeg\",\"width\":1600,\"height\":1600,\"caption\":\"skaitytaknyga.lt\"},\"image\":{\"@id\":\"https:\/\/skaitytaknyga.lt\/#\/schema\/logo\/image\/\"},\"sameAs\":[\"https:\/\/www.facebook.com\/skaitytaknyga\/\"]}]}<\/script>\n<!-- \/ Yoast SEO plugin. -->","yoast_head_json":{"title":"Pasiprie\u0161inimo istorija 1944-1953 m.","description":"Nijol\u0117s Ga\u0161kait\u0117s-\u017demaitien\u0117s knyga \u2013 vienas pirm\u0173j\u0173 m\u0117ginim\u0173 po saugumo archyv\u0173 atidarymo sintetiniu \u017evilgsniu apr\u0117pti partizan\u0173 kovas. Nors para\u0161yta lengvu stiliumi, \u0161i svarbi knyga pateikia apibendrint\u0105, nuodugnia archyv\u0173 analize pagr\u012fst\u0105 laisv\u0117s kov\u0173 vaizd\u0105. D\u0117l temos opumo ji gali sulaukti priekai\u0161t\u0173 ir i\u0161 kair\u0117s, ir i\u0161 de\u0161in\u0117s. Pirmieji bus nepatenkinti \u0161ia knyga apskritai, antrieji \u2013 kad per daug pasikliaujama sovietiniais dokumentais, ypa\u010d d\u0117l partizan\u0173 ir i\u0161tremt\u0173 \u017emoni\u0173 skai\u010diaus. Bet abiem atvejais pagrindin\u0117 kritikos versm\u0117 b\u016bt\u0173 i\u0161ankstin\u0117 nuostata, kurios nepaveikia nei racional\u016bs argumentai, nei konkret\u016bs duomenys. Ta\u010diau knyga pravers visiems norintiems susipa\u017einti su \u0161iuo i\u0161skirtiniu Lietuvos istorijos tarpsniu.","robots":{"index":"index","follow":"follow","max-snippet":"max-snippet:-1","max-image-preview":"max-image-preview:large","max-video-preview":"max-video-preview:-1"},"canonical":"https:\/\/skaitytaknyga.lt\/en\/produktas\/pasipriesinimo-istorija-1944-1953-m-kopija\/","og_locale":"en_GB","og_type":"article","og_title":"[:lt]Pasiprie\u0161inimo istorija 1944-1953 m.[:] - Skaitytaknyga","og_description":"Nijol\u0117s Ga\u0161kait\u0117s-\u017demaitien\u0117s knyga \u2013 vienas pirm\u0173j\u0173 m\u0117ginim\u0173 po saugumo archyv\u0173 atidarymo sintetiniu \u017evilgsniu apr\u0117pti partizan\u0173 kovas. Nors para\u0161yta lengvu stiliumi, \u0161i svarbi knyga pateikia apibendrint\u0105, nuodugnia archyv\u0173 analize pagr\u012fst\u0105 laisv\u0117s kov\u0173 vaizd\u0105. D\u0117l temos opumo ji gali sulaukti priekai\u0161t\u0173 ir i\u0161 kair\u0117s, ir i\u0161 de\u0161in\u0117s. Pirmieji bus nepatenkinti \u0161ia knyga apskritai, antrieji \u2013 kad per daug pasikliaujama sovietiniais dokumentais, ypa\u010d d\u0117l partizan\u0173 ir i\u0161tremt\u0173 \u017emoni\u0173 skai\u010diaus. Bet abiem atvejais pagrindin\u0117 kritikos versm\u0117 b\u016bt\u0173 i\u0161ankstin\u0117 nuostata, kurios nepaveikia nei racional\u016bs argumentai, nei konkret\u016bs duomenys. Ta\u010diau knyga pravers visiems norintiems susipa\u017einti su \u0161iuo i\u0161skirtiniu Lietuvos istorijos tarpsniu.","og_url":"https:\/\/skaitytaknyga.lt\/en\/produktas\/pasipriesinimo-istorija-1944-1953-m-kopija\/","og_site_name":"Skaitytaknyga","article_publisher":"https:\/\/www.facebook.com\/skaitytaknyga\/","article_modified_time":"2026-03-18T12:59:45+00:00","og_image":[{"width":256,"height":388,"url":"https:\/\/skaitytaknyga.lt\/wp-content\/uploads\/2025\/05\/Laisves-kovos-1944\u20131953-metais.webp","type":"image\/webp"}],"twitter_card":"summary_large_image","twitter_misc":{"Estimated reading time":"1 minute"},"schema":{"@context":"https:\/\/schema.org","@graph":[{"@type":"WebPage","@id":"https:\/\/skaitytaknyga.lt\/produktas\/pasipriesinimo-istorija-1944-1953-m-kopija\/","url":"https:\/\/skaitytaknyga.lt\/produktas\/pasipriesinimo-istorija-1944-1953-m-kopija\/","name":"Pasiprie\u0161inimo istorija 1944-1953 m.","isPartOf":{"@id":"https:\/\/skaitytaknyga.lt\/#website"},"primaryImageOfPage":{"@id":"https:\/\/skaitytaknyga.lt\/produktas\/pasipriesinimo-istorija-1944-1953-m-kopija\/#primaryimage"},"image":{"@id":"https:\/\/skaitytaknyga.lt\/produktas\/pasipriesinimo-istorija-1944-1953-m-kopija\/#primaryimage"},"thumbnailUrl":"https:\/\/skaitytaknyga.lt\/wp-content\/uploads\/2025\/05\/Laisves-kovos-1944\u20131953-metais.webp","datePublished":"2025-05-18T16:13:30+00:00","dateModified":"2026-03-18T12:59:45+00:00","description":"Nijol\u0117s Ga\u0161kait\u0117s-\u017demaitien\u0117s knyga \u2013 vienas pirm\u0173j\u0173 m\u0117ginim\u0173 po saugumo archyv\u0173 atidarymo sintetiniu \u017evilgsniu apr\u0117pti partizan\u0173 kovas. Nors para\u0161yta lengvu stiliumi, \u0161i svarbi knyga pateikia apibendrint\u0105, nuodugnia archyv\u0173 analize pagr\u012fst\u0105 laisv\u0117s kov\u0173 vaizd\u0105. D\u0117l temos opumo ji gali sulaukti priekai\u0161t\u0173 ir i\u0161 kair\u0117s, ir i\u0161 de\u0161in\u0117s. Pirmieji bus nepatenkinti \u0161ia knyga apskritai, antrieji \u2013 kad per daug pasikliaujama sovietiniais dokumentais, ypa\u010d d\u0117l partizan\u0173 ir i\u0161tremt\u0173 \u017emoni\u0173 skai\u010diaus. Bet abiem atvejais pagrindin\u0117 kritikos versm\u0117 b\u016bt\u0173 i\u0161ankstin\u0117 nuostata, kurios nepaveikia nei racional\u016bs argumentai, nei konkret\u016bs duomenys. Ta\u010diau knyga pravers visiems norintiems susipa\u017einti su \u0161iuo i\u0161skirtiniu Lietuvos istorijos tarpsniu.","breadcrumb":{"@id":"https:\/\/skaitytaknyga.lt\/produktas\/pasipriesinimo-istorija-1944-1953-m-kopija\/#breadcrumb"},"inLanguage":"en-GB","potentialAction":[{"@type":"ReadAction","target":["https:\/\/skaitytaknyga.lt\/produktas\/pasipriesinimo-istorija-1944-1953-m-kopija\/"]}]},{"@type":"ImageObject","inLanguage":"en-GB","@id":"https:\/\/skaitytaknyga.lt\/produktas\/pasipriesinimo-istorija-1944-1953-m-kopija\/#primaryimage","url":"https:\/\/skaitytaknyga.lt\/wp-content\/uploads\/2025\/05\/Laisves-kovos-1944\u20131953-metais.webp","contentUrl":"https:\/\/skaitytaknyga.lt\/wp-content\/uploads\/2025\/05\/Laisves-kovos-1944\u20131953-metais.webp","width":256,"height":388,"caption":"Laisv\u0117s kovos 1944\u20131953 metais"},{"@type":"BreadcrumbList","@id":"https:\/\/skaitytaknyga.lt\/produktas\/pasipriesinimo-istorija-1944-1953-m-kopija\/#breadcrumb","itemListElement":[{"@type":"ListItem","position":1,"name":"Home","item":"https:\/\/skaitytaknyga.lt\/"},{"@type":"ListItem","position":2,"name":"Parduotuv\u0117","item":"https:\/\/skaitytaknyga.lt\/knygu-parduotuve\/"},{"@type":"ListItem","position":3,"name":"Pasiprie\u0161inimo istorija 1944-1953 m."}]},{"@type":"WebSite","@id":"https:\/\/skaitytaknyga.lt\/#website","url":"https:\/\/skaitytaknyga.lt\/","name":"skaitytaknyga.lt","description":"Skaitytaknyga.lt \u2013 tai ma\u017eas \u0161eimos verslas, kuris prasid\u0117jo nuo meil\u0117s knygoms ir siekio i\u0161gelb\u0117ti knygas nuo likimo prie konteinerio. Kas vienam nereikalingas daiktas \u2013 kitam lobis, o mes esame tarpininkai, kurie padeda abiems tapti laimingesniems ???? \u017dinome kaip nelengva i\u0161gyventi ma\u017eiems verslams, tad nuo \u0161iol, \u010dia rasite ir kit\u0173, ma\u017e\u0173 \u0161eim\u0173 versl\u0173, rank\u0173 darbo, dovan\u0173 sau ir artimiesiems.","publisher":{"@id":"https:\/\/skaitytaknyga.lt\/#organization"},"potentialAction":[{"@type":"SearchAction","target":{"@type":"EntryPoint","urlTemplate":"https:\/\/skaitytaknyga.lt\/?s={search_term_string}"},"query-input":{"@type":"PropertyValueSpecification","valueRequired":true,"valueName":"search_term_string"}}],"inLanguage":"en-GB"},{"@type":"Organization","@id":"https:\/\/skaitytaknyga.lt\/#organization","name":"skaitytaknyga.lt","url":"https:\/\/skaitytaknyga.lt\/","logo":{"@type":"ImageObject","inLanguage":"en-GB","@id":"https:\/\/skaitytaknyga.lt\/#\/schema\/logo\/image\/","url":"https:\/\/skaitytaknyga.lt\/wp-content\/uploads\/2024\/05\/cropped-cropped-cropped-02_00843_jt3bggkj1j3HLc7SyY6rEUpg.jpeg","contentUrl":"https:\/\/skaitytaknyga.lt\/wp-content\/uploads\/2024\/05\/cropped-cropped-cropped-02_00843_jt3bggkj1j3HLc7SyY6rEUpg.jpeg","width":1600,"height":1600,"caption":"skaitytaknyga.lt"},"image":{"@id":"https:\/\/skaitytaknyga.lt\/#\/schema\/logo\/image\/"},"sameAs":["https:\/\/www.facebook.com\/skaitytaknyga\/"]}]}},"_links":{"self":[{"href":"https:\/\/skaitytaknyga.lt\/en\/wp-json\/wp\/v2\/product\/18417","targetHints":{"allow":["GET"]}}],"collection":[{"href":"https:\/\/skaitytaknyga.lt\/en\/wp-json\/wp\/v2\/product"}],"about":[{"href":"https:\/\/skaitytaknyga.lt\/en\/wp-json\/wp\/v2\/types\/product"}],"replies":[{"embeddable":true,"href":"https:\/\/skaitytaknyga.lt\/en\/wp-json\/wp\/v2\/comments?post=18417"}],"wp:featuredmedia":[{"embeddable":true,"href":"https:\/\/skaitytaknyga.lt\/en\/wp-json\/wp\/v2\/media\/18418"}],"wp:attachment":[{"href":"https:\/\/skaitytaknyga.lt\/en\/wp-json\/wp\/v2\/media?parent=18417"}],"wp:term":[{"taxonomy":"product_brand","embeddable":true,"href":"https:\/\/skaitytaknyga.lt\/en\/wp-json\/wp\/v2\/product_brand?post=18417"},{"taxonomy":"product_cat","embeddable":true,"href":"https:\/\/skaitytaknyga.lt\/en\/wp-json\/wp\/v2\/product_cat?post=18417"},{"taxonomy":"product_tag","embeddable":true,"href":"https:\/\/skaitytaknyga.lt\/en\/wp-json\/wp\/v2\/product_tag?post=18417"}],"curies":[{"name":"wp","href":"https:\/\/api.w.org\/{rel}","templated":true}]}}