{"id":18416,"date":"2025-05-18T19:03:03","date_gmt":"2025-05-18T16:03:03","guid":{"rendered":"https:\/\/skaitytaknyga.lt\/?post_type=product&#038;p=18416"},"modified":"2025-05-19T09:39:54","modified_gmt":"2025-05-19T06:39:54","slug":"1863-1864-metu-sausio-sukilimas-kovu-svajoniu-apie-laisve-ir-neissipildziusiu-vilciu-metas","status":"publish","type":"product","link":"https:\/\/skaitytaknyga.lt\/en\/produktas\/1863-1864-metu-sausio-sukilimas-kovu-svajoniu-apie-laisve-ir-neissipildziusiu-vilciu-metas\/","title":{"rendered":"1863\u20131864 met\u0173 Sausio sukilimas. Kov\u0173, svajoni\u0173 apie laisv\u0119 ir nei\u0161sipild\u017eiusi\u0173 vil\u010di\u0173 metas"},"content":{"rendered":"<p>Knyga vainikuoja ankstesnius ilgalaikius autor\u0117s tyrimus, skirtus sukilimo istorijai. Kita vertus, \u0161i knyga yra dar vienas Lenkijos istorik\u0173 bandymas para\u0161yti bendr\u0105 sukilimo istorij\u0105<\/p>\n","protected":false},"excerpt":{"rendered":"<p>Knyga vainikuoja ankstesnius ilgalaikius autor\u0117s tyrimus, skirtus sukilimo istorijai. Kita vertus, \u0161i knyga yra dar vienas Lenkijos istorik\u0173 bandymas para\u0161yti bendr\u0105 sukilimo istorij\u0105<\/p>\n","protected":false},"featured_media":18380,"comment_status":"open","ping_status":"closed","template":"","meta":{"_acf_changed":false,"site-sidebar-layout":"default","site-content-layout":"","ast-site-content-layout":"default","site-content-style":"default","site-sidebar-style":"default","ast-global-header-display":"","ast-banner-title-visibility":"","ast-main-header-display":"","ast-hfb-above-header-display":"","ast-hfb-below-header-display":"","ast-hfb-mobile-header-display":"","site-post-title":"","ast-breadcrumbs-content":"","ast-featured-img":"","footer-sml-layout":"","ast-disable-related-posts":"","theme-transparent-header-meta":"","adv-header-id-meta":"","stick-header-meta":"","header-above-stick-meta":"","header-main-stick-meta":"","header-below-stick-meta":"","astra-migrate-meta-layouts":"default","ast-page-background-enabled":"default","ast-page-background-meta":{"desktop":{"background-color":"","background-image":"","background-repeat":"repeat","background-position":"center center","background-size":"auto","background-attachment":"scroll","background-type":"","background-media":"","overlay-type":"","overlay-color":"","overlay-opacity":"","overlay-gradient":""},"tablet":{"background-color":"","background-image":"","background-repeat":"repeat","background-position":"center center","background-size":"auto","background-attachment":"scroll","background-type":"","background-media":"","overlay-type":"","overlay-color":"","overlay-opacity":"","overlay-gradient":""},"mobile":{"background-color":"","background-image":"","background-repeat":"repeat","background-position":"center center","background-size":"auto","background-attachment":"scroll","background-type":"","background-media":"","overlay-type":"","overlay-color":"","overlay-opacity":"","overlay-gradient":""}},"ast-content-background-meta":{"desktop":{"background-color":"var(--ast-global-color-4)","background-image":"","background-repeat":"repeat","background-position":"center center","background-size":"auto","background-attachment":"scroll","background-type":"","background-media":"","overlay-type":"","overlay-color":"","overlay-opacity":"","overlay-gradient":""},"tablet":{"background-color":"var(--ast-global-color-4)","background-image":"","background-repeat":"repeat","background-position":"center center","background-size":"auto","background-attachment":"scroll","background-type":"","background-media":"","overlay-type":"","overlay-color":"","overlay-opacity":"","overlay-gradient":""},"mobile":{"background-color":"var(--ast-global-color-4)","background-image":"","background-repeat":"repeat","background-position":"center center","background-size":"auto","background-attachment":"scroll","background-type":"","background-media":"","overlay-type":"","overlay-color":"","overlay-opacity":"","overlay-gradient":""}}},"product_brand":[],"product_cat":[15],"product_tag":[3813,2871,3812,3811,3057],"class_list":{"0":"post-18416","1":"product","2":"type-product","3":"status-publish","4":"has-post-thumbnail","6":"product_cat-uncategorized","7":"product_tag-alicja-kulecka","8":"product_tag-laisves-kovos","9":"product_tag-lenkijos-lietuvos-istorija","10":"product_tag-sausio-sukilimas","11":"product_tag-xix-a","12":"desktop-align-left","13":"tablet-align-left","14":"mobile-align-left","16":"first","17":"instock","18":"shipping-taxable","19":"purchasable","20":"product-type-simple"},"acf":[],"yoast_head":"<!-- This site is optimized with the Yoast SEO plugin v27.0 - https:\/\/yoast.com\/product\/yoast-seo-wordpress\/ -->\n<title>1863\u20131864 met\u0173 Sausio sukilimas. Kov\u0173, svajoni\u0173 apie laisv\u0119 ir nei\u0161sipild\u017eiusi\u0173 vil\u010di\u0173 metas<\/title>\n<meta name=\"description\" content=\"Knyga vainikuoja ankstesnius ilgalaikius autor\u0117s tyrimus, skirtus sukilimo istorijai. Kita vertus, \u0161i knyga yra dar vienas Lenkijos istorik\u0173 bandymas\" \/>\n<meta name=\"robots\" content=\"index, follow, max-snippet:-1, max-image-preview:large, max-video-preview:-1\" \/>\n<link rel=\"canonical\" href=\"https:\/\/skaitytaknyga.lt\/en\/produktas\/1863-1864-metu-sausio-sukilimas-kovu-svajoniu-apie-laisve-ir-neissipildziusiu-vilciu-metas\/\" \/>\n<meta property=\"og:locale\" content=\"en_GB\" \/>\n<meta property=\"og:locale:alternate\" content=\"lt_LT\" \/>\n<meta property=\"og:type\" content=\"article\" \/>\n<meta property=\"og:title\" content=\"1863\u20131864 met\u0173 Sausio sukilimas. Kov\u0173, svajoni\u0173 apie laisv\u0119 ir nei\u0161sipild\u017eiusi\u0173 vil\u010di\u0173 metas\" \/>\n<meta property=\"og:description\" content=\"Knyga vainikuoja ankstesnius ilgalaikius autor\u0117s tyrimus, skirtus sukilimo istorijai. Kita vertus, \u0161i knyga yra dar vienas Lenkijos istorik\u0173 bandymas\" \/>\n<meta property=\"og:url\" content=\"https:\/\/skaitytaknyga.lt\/en\/produktas\/1863-1864-metu-sausio-sukilimas-kovu-svajoniu-apie-laisve-ir-neissipildziusiu-vilciu-metas\/\" \/>\n<meta property=\"og:site_name\" content=\"Skaitytaknyga\" \/>\n<meta property=\"article:publisher\" content=\"https:\/\/www.facebook.com\/skaitytaknyga\/\" \/>\n<meta property=\"article:modified_time\" content=\"2025-05-19T06:39:54+00:00\" \/>\n<meta property=\"og:image\" content=\"https:\/\/skaitytaknyga.lt\/wp-content\/uploads\/2025\/05\/1863\u20131864-metu-Sausio-sukilimas.-Kovu-svajoniu-apie-laisve-ir-neissipildziusiu-vilciu-metas.webp\" \/>\n\t<meta property=\"og:image:width\" content=\"303\" \/>\n\t<meta property=\"og:image:height\" content=\"476\" \/>\n\t<meta property=\"og:image:type\" content=\"image\/webp\" \/>\n<meta name=\"twitter:card\" content=\"summary_large_image\" \/>\n<script type=\"application\/ld+json\" class=\"yoast-schema-graph\">{\"@context\":\"https:\/\/schema.org\",\"@graph\":[{\"@type\":\"WebPage\",\"@id\":\"https:\/\/skaitytaknyga.lt\/produktas\/1863-1864-metu-sausio-sukilimas-kovu-svajoniu-apie-laisve-ir-neissipildziusiu-vilciu-metas\/\",\"url\":\"https:\/\/skaitytaknyga.lt\/produktas\/1863-1864-metu-sausio-sukilimas-kovu-svajoniu-apie-laisve-ir-neissipildziusiu-vilciu-metas\/\",\"name\":\"1863\u20131864 met\u0173 Sausio sukilimas. Kov\u0173, svajoni\u0173 apie laisv\u0119 ir nei\u0161sipild\u017eiusi\u0173 vil\u010di\u0173 metas\",\"isPartOf\":{\"@id\":\"https:\/\/skaitytaknyga.lt\/#website\"},\"primaryImageOfPage\":{\"@id\":\"https:\/\/skaitytaknyga.lt\/produktas\/1863-1864-metu-sausio-sukilimas-kovu-svajoniu-apie-laisve-ir-neissipildziusiu-vilciu-metas\/#primaryimage\"},\"image\":{\"@id\":\"https:\/\/skaitytaknyga.lt\/produktas\/1863-1864-metu-sausio-sukilimas-kovu-svajoniu-apie-laisve-ir-neissipildziusiu-vilciu-metas\/#primaryimage\"},\"thumbnailUrl\":\"https:\/\/skaitytaknyga.lt\/wp-content\/uploads\/2025\/05\/1863\u20131864-metu-Sausio-sukilimas.-Kovu-svajoniu-apie-laisve-ir-neissipildziusiu-vilciu-metas.webp\",\"datePublished\":\"2025-05-18T16:03:03+00:00\",\"dateModified\":\"2025-05-19T06:39:54+00:00\",\"description\":\"Knyga vainikuoja ankstesnius ilgalaikius autor\u0117s tyrimus, skirtus sukilimo istorijai. Kita vertus, \u0161i knyga yra dar vienas Lenkijos istorik\u0173 bandymas\",\"breadcrumb\":{\"@id\":\"https:\/\/skaitytaknyga.lt\/produktas\/1863-1864-metu-sausio-sukilimas-kovu-svajoniu-apie-laisve-ir-neissipildziusiu-vilciu-metas\/#breadcrumb\"},\"inLanguage\":\"en-GB\",\"potentialAction\":[{\"@type\":\"ReadAction\",\"target\":[\"https:\/\/skaitytaknyga.lt\/produktas\/1863-1864-metu-sausio-sukilimas-kovu-svajoniu-apie-laisve-ir-neissipildziusiu-vilciu-metas\/\"]}]},{\"@type\":\"ImageObject\",\"inLanguage\":\"en-GB\",\"@id\":\"https:\/\/skaitytaknyga.lt\/produktas\/1863-1864-metu-sausio-sukilimas-kovu-svajoniu-apie-laisve-ir-neissipildziusiu-vilciu-metas\/#primaryimage\",\"url\":\"https:\/\/skaitytaknyga.lt\/wp-content\/uploads\/2025\/05\/1863\u20131864-metu-Sausio-sukilimas.-Kovu-svajoniu-apie-laisve-ir-neissipildziusiu-vilciu-metas.webp\",\"contentUrl\":\"https:\/\/skaitytaknyga.lt\/wp-content\/uploads\/2025\/05\/1863\u20131864-metu-Sausio-sukilimas.-Kovu-svajoniu-apie-laisve-ir-neissipildziusiu-vilciu-metas.webp\",\"width\":303,\"height\":476,\"caption\":\"1863\u20131864 met\u0173 Sausio sukilimas. Kov\u0173, svajoni\u0173 apie laisv\u0119 ir nei\u0161sipild\u017eiusi\u0173 vil\u010di\u0173 metas\"},{\"@type\":\"BreadcrumbList\",\"@id\":\"https:\/\/skaitytaknyga.lt\/produktas\/1863-1864-metu-sausio-sukilimas-kovu-svajoniu-apie-laisve-ir-neissipildziusiu-vilciu-metas\/#breadcrumb\",\"itemListElement\":[{\"@type\":\"ListItem\",\"position\":1,\"name\":\"Home\",\"item\":\"https:\/\/skaitytaknyga.lt\/\"},{\"@type\":\"ListItem\",\"position\":2,\"name\":\"Parduotuv\u0117\",\"item\":\"https:\/\/skaitytaknyga.lt\/knygu-parduotuve\/\"},{\"@type\":\"ListItem\",\"position\":3,\"name\":\"1863\u20131864 met\u0173 Sausio sukilimas. Kov\u0173, svajoni\u0173 apie laisv\u0119 ir nei\u0161sipild\u017eiusi\u0173 vil\u010di\u0173 metas\"}]},{\"@type\":\"WebSite\",\"@id\":\"https:\/\/skaitytaknyga.lt\/#website\",\"url\":\"https:\/\/skaitytaknyga.lt\/\",\"name\":\"skaitytaknyga.lt\",\"description\":\"Skaitytaknyga.lt \u2013 tai ma\u017eas \u0161eimos verslas, kuris prasid\u0117jo nuo meil\u0117s knygoms ir siekio i\u0161gelb\u0117ti knygas nuo likimo prie konteinerio. Kas vienam nereikalingas daiktas \u2013 kitam lobis, o mes esame tarpininkai, kurie padeda abiems tapti laimingesniems ???? \u017dinome kaip nelengva i\u0161gyventi ma\u017eiems verslams, tad nuo \u0161iol, \u010dia rasite ir kit\u0173, ma\u017e\u0173 \u0161eim\u0173 versl\u0173, rank\u0173 darbo, dovan\u0173 sau ir artimiesiems.\",\"publisher\":{\"@id\":\"https:\/\/skaitytaknyga.lt\/#organization\"},\"potentialAction\":[{\"@type\":\"SearchAction\",\"target\":{\"@type\":\"EntryPoint\",\"urlTemplate\":\"https:\/\/skaitytaknyga.lt\/?s={search_term_string}\"},\"query-input\":{\"@type\":\"PropertyValueSpecification\",\"valueRequired\":true,\"valueName\":\"search_term_string\"}}],\"inLanguage\":\"en-GB\"},{\"@type\":\"Organization\",\"@id\":\"https:\/\/skaitytaknyga.lt\/#organization\",\"name\":\"skaitytaknyga.lt\",\"url\":\"https:\/\/skaitytaknyga.lt\/\",\"logo\":{\"@type\":\"ImageObject\",\"inLanguage\":\"en-GB\",\"@id\":\"https:\/\/skaitytaknyga.lt\/#\/schema\/logo\/image\/\",\"url\":\"https:\/\/skaitytaknyga.lt\/wp-content\/uploads\/2024\/05\/cropped-cropped-cropped-02_00843_jt3bggkj1j3HLc7SyY6rEUpg.jpeg\",\"contentUrl\":\"https:\/\/skaitytaknyga.lt\/wp-content\/uploads\/2024\/05\/cropped-cropped-cropped-02_00843_jt3bggkj1j3HLc7SyY6rEUpg.jpeg\",\"width\":1600,\"height\":1600,\"caption\":\"skaitytaknyga.lt\"},\"image\":{\"@id\":\"https:\/\/skaitytaknyga.lt\/#\/schema\/logo\/image\/\"},\"sameAs\":[\"https:\/\/www.facebook.com\/skaitytaknyga\/\"]}]}<\/script>\n<!-- \/ Yoast SEO plugin. -->","yoast_head_json":{"title":"1863\u20131864 met\u0173 Sausio sukilimas. Kov\u0173, svajoni\u0173 apie laisv\u0119 ir nei\u0161sipild\u017eiusi\u0173 vil\u010di\u0173 metas","description":"Knyga vainikuoja ankstesnius ilgalaikius autor\u0117s tyrimus, skirtus sukilimo istorijai. Kita vertus, \u0161i knyga yra dar vienas Lenkijos istorik\u0173 bandymas","robots":{"index":"index","follow":"follow","max-snippet":"max-snippet:-1","max-image-preview":"max-image-preview:large","max-video-preview":"max-video-preview:-1"},"canonical":"https:\/\/skaitytaknyga.lt\/en\/produktas\/1863-1864-metu-sausio-sukilimas-kovu-svajoniu-apie-laisve-ir-neissipildziusiu-vilciu-metas\/","og_locale":"en_GB","og_type":"article","og_title":"[:lt]1863\u20131864 met\u0173 Sausio sukilimas. Kov\u0173, svajoni\u0173 apie laisv\u0119 ir nei\u0161sipild\u017eiusi\u0173 vil\u010di\u0173 metas[:] - Skaitytaknyga","og_description":"Knyga vainikuoja ankstesnius ilgalaikius autor\u0117s tyrimus, skirtus sukilimo istorijai. Kita vertus, \u0161i knyga yra dar vienas Lenkijos istorik\u0173 bandymas","og_url":"https:\/\/skaitytaknyga.lt\/en\/produktas\/1863-1864-metu-sausio-sukilimas-kovu-svajoniu-apie-laisve-ir-neissipildziusiu-vilciu-metas\/","og_site_name":"Skaitytaknyga","article_publisher":"https:\/\/www.facebook.com\/skaitytaknyga\/","article_modified_time":"2025-05-19T06:39:54+00:00","og_image":[{"width":303,"height":476,"url":"https:\/\/skaitytaknyga.lt\/wp-content\/uploads\/2025\/05\/1863\u20131864-metu-Sausio-sukilimas.-Kovu-svajoniu-apie-laisve-ir-neissipildziusiu-vilciu-metas.webp","type":"image\/webp"}],"twitter_card":"summary_large_image","schema":{"@context":"https:\/\/schema.org","@graph":[{"@type":"WebPage","@id":"https:\/\/skaitytaknyga.lt\/produktas\/1863-1864-metu-sausio-sukilimas-kovu-svajoniu-apie-laisve-ir-neissipildziusiu-vilciu-metas\/","url":"https:\/\/skaitytaknyga.lt\/produktas\/1863-1864-metu-sausio-sukilimas-kovu-svajoniu-apie-laisve-ir-neissipildziusiu-vilciu-metas\/","name":"1863\u20131864 met\u0173 Sausio sukilimas. Kov\u0173, svajoni\u0173 apie laisv\u0119 ir nei\u0161sipild\u017eiusi\u0173 vil\u010di\u0173 metas","isPartOf":{"@id":"https:\/\/skaitytaknyga.lt\/#website"},"primaryImageOfPage":{"@id":"https:\/\/skaitytaknyga.lt\/produktas\/1863-1864-metu-sausio-sukilimas-kovu-svajoniu-apie-laisve-ir-neissipildziusiu-vilciu-metas\/#primaryimage"},"image":{"@id":"https:\/\/skaitytaknyga.lt\/produktas\/1863-1864-metu-sausio-sukilimas-kovu-svajoniu-apie-laisve-ir-neissipildziusiu-vilciu-metas\/#primaryimage"},"thumbnailUrl":"https:\/\/skaitytaknyga.lt\/wp-content\/uploads\/2025\/05\/1863\u20131864-metu-Sausio-sukilimas.-Kovu-svajoniu-apie-laisve-ir-neissipildziusiu-vilciu-metas.webp","datePublished":"2025-05-18T16:03:03+00:00","dateModified":"2025-05-19T06:39:54+00:00","description":"Knyga vainikuoja ankstesnius ilgalaikius autor\u0117s tyrimus, skirtus sukilimo istorijai. Kita vertus, \u0161i knyga yra dar vienas Lenkijos istorik\u0173 bandymas","breadcrumb":{"@id":"https:\/\/skaitytaknyga.lt\/produktas\/1863-1864-metu-sausio-sukilimas-kovu-svajoniu-apie-laisve-ir-neissipildziusiu-vilciu-metas\/#breadcrumb"},"inLanguage":"en-GB","potentialAction":[{"@type":"ReadAction","target":["https:\/\/skaitytaknyga.lt\/produktas\/1863-1864-metu-sausio-sukilimas-kovu-svajoniu-apie-laisve-ir-neissipildziusiu-vilciu-metas\/"]}]},{"@type":"ImageObject","inLanguage":"en-GB","@id":"https:\/\/skaitytaknyga.lt\/produktas\/1863-1864-metu-sausio-sukilimas-kovu-svajoniu-apie-laisve-ir-neissipildziusiu-vilciu-metas\/#primaryimage","url":"https:\/\/skaitytaknyga.lt\/wp-content\/uploads\/2025\/05\/1863\u20131864-metu-Sausio-sukilimas.-Kovu-svajoniu-apie-laisve-ir-neissipildziusiu-vilciu-metas.webp","contentUrl":"https:\/\/skaitytaknyga.lt\/wp-content\/uploads\/2025\/05\/1863\u20131864-metu-Sausio-sukilimas.-Kovu-svajoniu-apie-laisve-ir-neissipildziusiu-vilciu-metas.webp","width":303,"height":476,"caption":"1863\u20131864 met\u0173 Sausio sukilimas. Kov\u0173, svajoni\u0173 apie laisv\u0119 ir nei\u0161sipild\u017eiusi\u0173 vil\u010di\u0173 metas"},{"@type":"BreadcrumbList","@id":"https:\/\/skaitytaknyga.lt\/produktas\/1863-1864-metu-sausio-sukilimas-kovu-svajoniu-apie-laisve-ir-neissipildziusiu-vilciu-metas\/#breadcrumb","itemListElement":[{"@type":"ListItem","position":1,"name":"Home","item":"https:\/\/skaitytaknyga.lt\/"},{"@type":"ListItem","position":2,"name":"Parduotuv\u0117","item":"https:\/\/skaitytaknyga.lt\/knygu-parduotuve\/"},{"@type":"ListItem","position":3,"name":"1863\u20131864 met\u0173 Sausio sukilimas. Kov\u0173, svajoni\u0173 apie laisv\u0119 ir nei\u0161sipild\u017eiusi\u0173 vil\u010di\u0173 metas"}]},{"@type":"WebSite","@id":"https:\/\/skaitytaknyga.lt\/#website","url":"https:\/\/skaitytaknyga.lt\/","name":"skaitytaknyga.lt","description":"Skaitytaknyga.lt \u2013 tai ma\u017eas \u0161eimos verslas, kuris prasid\u0117jo nuo meil\u0117s knygoms ir siekio i\u0161gelb\u0117ti knygas nuo likimo prie konteinerio. Kas vienam nereikalingas daiktas \u2013 kitam lobis, o mes esame tarpininkai, kurie padeda abiems tapti laimingesniems ???? \u017dinome kaip nelengva i\u0161gyventi ma\u017eiems verslams, tad nuo \u0161iol, \u010dia rasite ir kit\u0173, ma\u017e\u0173 \u0161eim\u0173 versl\u0173, rank\u0173 darbo, dovan\u0173 sau ir artimiesiems.","publisher":{"@id":"https:\/\/skaitytaknyga.lt\/#organization"},"potentialAction":[{"@type":"SearchAction","target":{"@type":"EntryPoint","urlTemplate":"https:\/\/skaitytaknyga.lt\/?s={search_term_string}"},"query-input":{"@type":"PropertyValueSpecification","valueRequired":true,"valueName":"search_term_string"}}],"inLanguage":"en-GB"},{"@type":"Organization","@id":"https:\/\/skaitytaknyga.lt\/#organization","name":"skaitytaknyga.lt","url":"https:\/\/skaitytaknyga.lt\/","logo":{"@type":"ImageObject","inLanguage":"en-GB","@id":"https:\/\/skaitytaknyga.lt\/#\/schema\/logo\/image\/","url":"https:\/\/skaitytaknyga.lt\/wp-content\/uploads\/2024\/05\/cropped-cropped-cropped-02_00843_jt3bggkj1j3HLc7SyY6rEUpg.jpeg","contentUrl":"https:\/\/skaitytaknyga.lt\/wp-content\/uploads\/2024\/05\/cropped-cropped-cropped-02_00843_jt3bggkj1j3HLc7SyY6rEUpg.jpeg","width":1600,"height":1600,"caption":"skaitytaknyga.lt"},"image":{"@id":"https:\/\/skaitytaknyga.lt\/#\/schema\/logo\/image\/"},"sameAs":["https:\/\/www.facebook.com\/skaitytaknyga\/"]}]}},"_links":{"self":[{"href":"https:\/\/skaitytaknyga.lt\/en\/wp-json\/wp\/v2\/product\/18416","targetHints":{"allow":["GET"]}}],"collection":[{"href":"https:\/\/skaitytaknyga.lt\/en\/wp-json\/wp\/v2\/product"}],"about":[{"href":"https:\/\/skaitytaknyga.lt\/en\/wp-json\/wp\/v2\/types\/product"}],"replies":[{"embeddable":true,"href":"https:\/\/skaitytaknyga.lt\/en\/wp-json\/wp\/v2\/comments?post=18416"}],"wp:featuredmedia":[{"embeddable":true,"href":"https:\/\/skaitytaknyga.lt\/en\/wp-json\/wp\/v2\/media\/18380"}],"wp:attachment":[{"href":"https:\/\/skaitytaknyga.lt\/en\/wp-json\/wp\/v2\/media?parent=18416"}],"wp:term":[{"taxonomy":"product_brand","embeddable":true,"href":"https:\/\/skaitytaknyga.lt\/en\/wp-json\/wp\/v2\/product_brand?post=18416"},{"taxonomy":"product_cat","embeddable":true,"href":"https:\/\/skaitytaknyga.lt\/en\/wp-json\/wp\/v2\/product_cat?post=18416"},{"taxonomy":"product_tag","embeddable":true,"href":"https:\/\/skaitytaknyga.lt\/en\/wp-json\/wp\/v2\/product_tag?post=18416"}],"curies":[{"name":"wp","href":"https:\/\/api.w.org\/{rel}","templated":true}]}}