{"id":18404,"date":"2025-05-18T18:33:51","date_gmt":"2025-05-18T15:33:51","guid":{"rendered":"https:\/\/skaitytaknyga.lt\/?post_type=product&#038;p=18404"},"modified":"2025-05-22T21:45:22","modified_gmt":"2025-05-22T18:45:22","slug":"pamilk-liga-savo-pasamones-paslaptys","status":"publish","type":"product","link":"https:\/\/skaitytaknyga.lt\/en\/produktas\/pamilk-liga-savo-pasamones-paslaptys\/","title":{"rendered":"Pamilk lig\u0105 savo. Pas\u0105mon\u0117s paslaptys"},"content":{"rendered":"<p>Valerijus Sinelnikovas \u2013 \u017einomas psichoterapeutas, psichologas ir homeopatas. Jis yra unikali\u0173, ta\u010diau paprast\u0173 ir be galo veiksming\u0173 gydom\u0173j\u0173 metodik\u0173 autorius. Jo psichoterapiniai metodai pad\u0117jo t\u016bkstan\u010diams \u017emoni\u0173 susigr\u0105\u017einti sveikat\u0105, pakelti asmeninio gyvenimo gerov\u0119, patirti gyvenimo d\u017eiaugsm\u0105.<\/p>\n<p>Valerijaus Sinelnikovo knygos moko, kaip, pa\u017eadinus pas\u0105mon\u0117s galias, atsikratyti kalt\u0117s jausmo, \u012fveikti depresij\u0105 ir pavyd\u0105, i\u0161sigydyti nuo daugyb\u0117s susirgim\u0173, kaip u\u017ekirsti jiems keli\u0105 ir siekti laim\u0117s. Knyga turi gydom\u0173j\u0173 gali\u0173 ir pradeda veikti pozityviai nuo tos akimirkos, kai tik J\u016bs paimsite j\u0105 \u012f rankas.<\/p>\n","protected":false},"excerpt":{"rendered":"<p>Valerijus Sinelnikovas \u2013 \u017einomas psichoterapeutas, psichologas ir homeopatas. Jis yra unikali\u0173, ta\u010diau paprast\u0173 ir be galo veiksming\u0173 gydom\u0173j\u0173 metodik\u0173 autorius. Jo psichoterapiniai metodai pad\u0117jo t\u016bkstan\u010diams \u017emoni\u0173 susigr\u0105\u017einti sveikat\u0105, pakelti asmeninio gyvenimo gerov\u0119, patirti gyvenimo d\u017eiaugsm\u0105. Valerijaus Sinelnikovo knygos moko, kaip, pa\u017eadinus pas\u0105mon\u0117s galias, atsikratyti kalt\u0117s jausmo, \u012fveikti depresij\u0105 ir pavyd\u0105, i\u0161sigydyti nuo daugyb\u0117s susirgim\u0173, kaip u\u017ekirsti jiems keli\u0105 ir siekti laim\u0117s. Knyga turi gydom\u0173j\u0173 gali\u0173 ir pradeda veikti pozityviai nuo tos akimirkos, kai tik J\u016bs paimsite j\u0105 \u012f rankas.<\/p>\n","protected":false},"featured_media":18405,"comment_status":"open","ping_status":"closed","template":"","meta":{"_acf_changed":false,"site-sidebar-layout":"default","site-content-layout":"","ast-site-content-layout":"default","site-content-style":"default","site-sidebar-style":"default","ast-global-header-display":"","ast-banner-title-visibility":"","ast-main-header-display":"","ast-hfb-above-header-display":"","ast-hfb-below-header-display":"","ast-hfb-mobile-header-display":"","site-post-title":"","ast-breadcrumbs-content":"","ast-featured-img":"","footer-sml-layout":"","ast-disable-related-posts":"","theme-transparent-header-meta":"","adv-header-id-meta":"","stick-header-meta":"","header-above-stick-meta":"","header-main-stick-meta":"","header-below-stick-meta":"","astra-migrate-meta-layouts":"default","ast-page-background-enabled":"default","ast-page-background-meta":{"desktop":{"background-color":"","background-image":"","background-repeat":"repeat","background-position":"center center","background-size":"auto","background-attachment":"scroll","background-type":"","background-media":"","overlay-type":"","overlay-color":"","overlay-opacity":"","overlay-gradient":""},"tablet":{"background-color":"","background-image":"","background-repeat":"repeat","background-position":"center center","background-size":"auto","background-attachment":"scroll","background-type":"","background-media":"","overlay-type":"","overlay-color":"","overlay-opacity":"","overlay-gradient":""},"mobile":{"background-color":"","background-image":"","background-repeat":"repeat","background-position":"center center","background-size":"auto","background-attachment":"scroll","background-type":"","background-media":"","overlay-type":"","overlay-color":"","overlay-opacity":"","overlay-gradient":""}},"ast-content-background-meta":{"desktop":{"background-color":"var(--ast-global-color-4)","background-image":"","background-repeat":"repeat","background-position":"center center","background-size":"auto","background-attachment":"scroll","background-type":"","background-media":"","overlay-type":"","overlay-color":"","overlay-opacity":"","overlay-gradient":""},"tablet":{"background-color":"var(--ast-global-color-4)","background-image":"","background-repeat":"repeat","background-position":"center center","background-size":"auto","background-attachment":"scroll","background-type":"","background-media":"","overlay-type":"","overlay-color":"","overlay-opacity":"","overlay-gradient":""},"mobile":{"background-color":"var(--ast-global-color-4)","background-image":"","background-repeat":"repeat","background-position":"center center","background-size":"auto","background-attachment":"scroll","background-type":"","background-media":"","overlay-type":"","overlay-color":"","overlay-opacity":"","overlay-gradient":""}}},"product_brand":[],"product_cat":[15],"product_tag":[1392,2561,1680,3799],"class_list":{"0":"post-18404","1":"product","2":"type-product","3":"status-publish","4":"has-post-thumbnail","6":"product_cat-uncategorized","7":"product_tag-psichologija","8":"product_tag-saves-pazinimas","9":"product_tag-sveikata","10":"product_tag-valerijus-sinelnikovas","11":"desktop-align-left","12":"tablet-align-left","13":"mobile-align-left","15":"first","16":"outofstock","17":"shipping-taxable","18":"purchasable","19":"product-type-simple"},"acf":[],"yoast_head":"<!-- This site is optimized with the Yoast SEO plugin v27.4 - https:\/\/yoast.com\/product\/yoast-seo-wordpress\/ -->\n<title>Pamilk lig\u0105 savo. Pas\u0105mon\u0117s paslaptys<\/title>\n<meta name=\"description\" content=\"Valerijus Sinelnikovas \u2013 \u017einomas psichoterapeutas, psichologas ir homeopatas. Jis yra unikali\u0173, ta\u010diau paprast\u0173 ir be galo veiksming\u0173 gydom\u0173j\u0173 metodik\u0173\" \/>\n<meta name=\"robots\" content=\"index, follow, max-snippet:-1, max-image-preview:large, max-video-preview:-1\" \/>\n<link rel=\"canonical\" href=\"https:\/\/skaitytaknyga.lt\/en\/produktas\/pamilk-liga-savo-pasamones-paslaptys\/\" \/>\n<meta property=\"og:locale\" content=\"en_GB\" \/>\n<meta property=\"og:locale:alternate\" content=\"lt_LT\" \/>\n<meta property=\"og:type\" content=\"article\" \/>\n<meta property=\"og:title\" content=\"Pamilk lig\u0105 savo. Pas\u0105mon\u0117s paslaptys\" \/>\n<meta property=\"og:description\" content=\"Valerijus Sinelnikovas \u2013 \u017einomas psichoterapeutas, psichologas ir homeopatas. Jis yra unikali\u0173, ta\u010diau paprast\u0173 ir be galo veiksming\u0173 gydom\u0173j\u0173 metodik\u0173\" \/>\n<meta property=\"og:url\" content=\"https:\/\/skaitytaknyga.lt\/en\/produktas\/pamilk-liga-savo-pasamones-paslaptys\/\" \/>\n<meta property=\"og:site_name\" content=\"Skaitytaknyga\" \/>\n<meta property=\"article:publisher\" content=\"https:\/\/www.facebook.com\/skaitytaknyga\/\" \/>\n<meta property=\"article:modified_time\" content=\"2025-05-22T18:45:22+00:00\" \/>\n<meta property=\"og:image\" content=\"https:\/\/skaitytaknyga.lt\/wp-content\/uploads\/2025\/05\/Pamilk-liga-savo.-Pasamones-paslaptys.webp\" \/>\n\t<meta property=\"og:image:width\" content=\"415\" \/>\n\t<meta property=\"og:image:height\" content=\"594\" \/>\n\t<meta property=\"og:image:type\" content=\"image\/webp\" \/>\n<meta name=\"twitter:card\" content=\"summary_large_image\" \/>\n<script type=\"application\/ld+json\" class=\"yoast-schema-graph\">{\"@context\":\"https:\\\/\\\/schema.org\",\"@graph\":[{\"@type\":\"WebPage\",\"@id\":\"https:\\\/\\\/skaitytaknyga.lt\\\/produktas\\\/pamilk-liga-savo-pasamones-paslaptys\\\/\",\"url\":\"https:\\\/\\\/skaitytaknyga.lt\\\/produktas\\\/pamilk-liga-savo-pasamones-paslaptys\\\/\",\"name\":\"Pamilk lig\u0105 savo. Pas\u0105mon\u0117s paslaptys\",\"isPartOf\":{\"@id\":\"https:\\\/\\\/skaitytaknyga.lt\\\/#website\"},\"primaryImageOfPage\":{\"@id\":\"https:\\\/\\\/skaitytaknyga.lt\\\/produktas\\\/pamilk-liga-savo-pasamones-paslaptys\\\/#primaryimage\"},\"image\":{\"@id\":\"https:\\\/\\\/skaitytaknyga.lt\\\/produktas\\\/pamilk-liga-savo-pasamones-paslaptys\\\/#primaryimage\"},\"thumbnailUrl\":\"https:\\\/\\\/skaitytaknyga.lt\\\/wp-content\\\/uploads\\\/2025\\\/05\\\/Pamilk-liga-savo.-Pasamones-paslaptys.webp\",\"datePublished\":\"2025-05-18T15:33:51+00:00\",\"dateModified\":\"2025-05-22T18:45:22+00:00\",\"description\":\"Valerijus Sinelnikovas \u2013 \u017einomas psichoterapeutas, psichologas ir homeopatas. Jis yra unikali\u0173, ta\u010diau paprast\u0173 ir be galo veiksming\u0173 gydom\u0173j\u0173 metodik\u0173\",\"breadcrumb\":{\"@id\":\"https:\\\/\\\/skaitytaknyga.lt\\\/produktas\\\/pamilk-liga-savo-pasamones-paslaptys\\\/#breadcrumb\"},\"inLanguage\":\"en-GB\",\"potentialAction\":[{\"@type\":\"ReadAction\",\"target\":[\"https:\\\/\\\/skaitytaknyga.lt\\\/produktas\\\/pamilk-liga-savo-pasamones-paslaptys\\\/\"]}]},{\"@type\":\"ImageObject\",\"inLanguage\":\"en-GB\",\"@id\":\"https:\\\/\\\/skaitytaknyga.lt\\\/produktas\\\/pamilk-liga-savo-pasamones-paslaptys\\\/#primaryimage\",\"url\":\"https:\\\/\\\/skaitytaknyga.lt\\\/wp-content\\\/uploads\\\/2025\\\/05\\\/Pamilk-liga-savo.-Pasamones-paslaptys.webp\",\"contentUrl\":\"https:\\\/\\\/skaitytaknyga.lt\\\/wp-content\\\/uploads\\\/2025\\\/05\\\/Pamilk-liga-savo.-Pasamones-paslaptys.webp\",\"width\":415,\"height\":594,\"caption\":\"Pamilk lig\u0105 savo. Pas\u0105mon\u0117s paslaptys\"},{\"@type\":\"BreadcrumbList\",\"@id\":\"https:\\\/\\\/skaitytaknyga.lt\\\/produktas\\\/pamilk-liga-savo-pasamones-paslaptys\\\/#breadcrumb\",\"itemListElement\":[{\"@type\":\"ListItem\",\"position\":1,\"name\":\"Home\",\"item\":\"https:\\\/\\\/skaitytaknyga.lt\\\/\"},{\"@type\":\"ListItem\",\"position\":2,\"name\":\"Parduotuv\u0117\",\"item\":\"https:\\\/\\\/skaitytaknyga.lt\\\/knygu-parduotuve\\\/\"},{\"@type\":\"ListItem\",\"position\":3,\"name\":\"Pamilk lig\u0105 savo. Pas\u0105mon\u0117s paslaptys\"}]},{\"@type\":\"WebSite\",\"@id\":\"https:\\\/\\\/skaitytaknyga.lt\\\/#website\",\"url\":\"https:\\\/\\\/skaitytaknyga.lt\\\/\",\"name\":\"skaitytaknyga.lt\",\"description\":\"Skaitytaknyga.lt \u2013 tai ma\u017eas \u0161eimos verslas, kuris prasid\u0117jo nuo meil\u0117s knygoms ir siekio i\u0161gelb\u0117ti knygas nuo likimo prie konteinerio. Kas vienam nereikalingas daiktas \u2013 kitam lobis, o mes esame tarpininkai, kurie padeda abiems tapti laimingesniems ???? \u017dinome kaip nelengva i\u0161gyventi ma\u017eiems verslams, tad nuo \u0161iol, \u010dia rasite ir kit\u0173, ma\u017e\u0173 \u0161eim\u0173 versl\u0173, rank\u0173 darbo, dovan\u0173 sau ir artimiesiems.\",\"publisher\":{\"@id\":\"https:\\\/\\\/skaitytaknyga.lt\\\/#organization\"},\"potentialAction\":[{\"@type\":\"SearchAction\",\"target\":{\"@type\":\"EntryPoint\",\"urlTemplate\":\"https:\\\/\\\/skaitytaknyga.lt\\\/?s={search_term_string}\"},\"query-input\":{\"@type\":\"PropertyValueSpecification\",\"valueRequired\":true,\"valueName\":\"search_term_string\"}}],\"inLanguage\":\"en-GB\"},{\"@type\":\"Organization\",\"@id\":\"https:\\\/\\\/skaitytaknyga.lt\\\/#organization\",\"name\":\"skaitytaknyga.lt\",\"url\":\"https:\\\/\\\/skaitytaknyga.lt\\\/\",\"logo\":{\"@type\":\"ImageObject\",\"inLanguage\":\"en-GB\",\"@id\":\"https:\\\/\\\/skaitytaknyga.lt\\\/#\\\/schema\\\/logo\\\/image\\\/\",\"url\":\"https:\\\/\\\/skaitytaknyga.lt\\\/wp-content\\\/uploads\\\/2024\\\/05\\\/cropped-cropped-cropped-02_00843_jt3bggkj1j3HLc7SyY6rEUpg.jpeg\",\"contentUrl\":\"https:\\\/\\\/skaitytaknyga.lt\\\/wp-content\\\/uploads\\\/2024\\\/05\\\/cropped-cropped-cropped-02_00843_jt3bggkj1j3HLc7SyY6rEUpg.jpeg\",\"width\":1600,\"height\":1600,\"caption\":\"skaitytaknyga.lt\"},\"image\":{\"@id\":\"https:\\\/\\\/skaitytaknyga.lt\\\/#\\\/schema\\\/logo\\\/image\\\/\"},\"sameAs\":[\"https:\\\/\\\/www.facebook.com\\\/skaitytaknyga\\\/\"]}]}<\/script>\n<!-- \/ Yoast SEO plugin. -->","yoast_head_json":{"title":"Pamilk lig\u0105 savo. Pas\u0105mon\u0117s paslaptys","description":"Valerijus Sinelnikovas \u2013 \u017einomas psichoterapeutas, psichologas ir homeopatas. Jis yra unikali\u0173, ta\u010diau paprast\u0173 ir be galo veiksming\u0173 gydom\u0173j\u0173 metodik\u0173","robots":{"index":"index","follow":"follow","max-snippet":"max-snippet:-1","max-image-preview":"max-image-preview:large","max-video-preview":"max-video-preview:-1"},"canonical":"https:\/\/skaitytaknyga.lt\/en\/produktas\/pamilk-liga-savo-pasamones-paslaptys\/","og_locale":"en_GB","og_type":"article","og_title":"[:lt]Pamilk lig\u0105 savo. Pas\u0105mon\u0117s paslaptys[:] - Skaitytaknyga","og_description":"Valerijus Sinelnikovas \u2013 \u017einomas psichoterapeutas, psichologas ir homeopatas. Jis yra unikali\u0173, ta\u010diau paprast\u0173 ir be galo veiksming\u0173 gydom\u0173j\u0173 metodik\u0173","og_url":"https:\/\/skaitytaknyga.lt\/en\/produktas\/pamilk-liga-savo-pasamones-paslaptys\/","og_site_name":"Skaitytaknyga","article_publisher":"https:\/\/www.facebook.com\/skaitytaknyga\/","article_modified_time":"2025-05-22T18:45:22+00:00","og_image":[{"width":415,"height":594,"url":"https:\/\/skaitytaknyga.lt\/wp-content\/uploads\/2025\/05\/Pamilk-liga-savo.-Pasamones-paslaptys.webp","type":"image\/webp"}],"twitter_card":"summary_large_image","schema":{"@context":"https:\/\/schema.org","@graph":[{"@type":"WebPage","@id":"https:\/\/skaitytaknyga.lt\/produktas\/pamilk-liga-savo-pasamones-paslaptys\/","url":"https:\/\/skaitytaknyga.lt\/produktas\/pamilk-liga-savo-pasamones-paslaptys\/","name":"Pamilk lig\u0105 savo. Pas\u0105mon\u0117s paslaptys","isPartOf":{"@id":"https:\/\/skaitytaknyga.lt\/#website"},"primaryImageOfPage":{"@id":"https:\/\/skaitytaknyga.lt\/produktas\/pamilk-liga-savo-pasamones-paslaptys\/#primaryimage"},"image":{"@id":"https:\/\/skaitytaknyga.lt\/produktas\/pamilk-liga-savo-pasamones-paslaptys\/#primaryimage"},"thumbnailUrl":"https:\/\/skaitytaknyga.lt\/wp-content\/uploads\/2025\/05\/Pamilk-liga-savo.-Pasamones-paslaptys.webp","datePublished":"2025-05-18T15:33:51+00:00","dateModified":"2025-05-22T18:45:22+00:00","description":"Valerijus Sinelnikovas \u2013 \u017einomas psichoterapeutas, psichologas ir homeopatas. Jis yra unikali\u0173, ta\u010diau paprast\u0173 ir be galo veiksming\u0173 gydom\u0173j\u0173 metodik\u0173","breadcrumb":{"@id":"https:\/\/skaitytaknyga.lt\/produktas\/pamilk-liga-savo-pasamones-paslaptys\/#breadcrumb"},"inLanguage":"en-GB","potentialAction":[{"@type":"ReadAction","target":["https:\/\/skaitytaknyga.lt\/produktas\/pamilk-liga-savo-pasamones-paslaptys\/"]}]},{"@type":"ImageObject","inLanguage":"en-GB","@id":"https:\/\/skaitytaknyga.lt\/produktas\/pamilk-liga-savo-pasamones-paslaptys\/#primaryimage","url":"https:\/\/skaitytaknyga.lt\/wp-content\/uploads\/2025\/05\/Pamilk-liga-savo.-Pasamones-paslaptys.webp","contentUrl":"https:\/\/skaitytaknyga.lt\/wp-content\/uploads\/2025\/05\/Pamilk-liga-savo.-Pasamones-paslaptys.webp","width":415,"height":594,"caption":"Pamilk lig\u0105 savo. Pas\u0105mon\u0117s paslaptys"},{"@type":"BreadcrumbList","@id":"https:\/\/skaitytaknyga.lt\/produktas\/pamilk-liga-savo-pasamones-paslaptys\/#breadcrumb","itemListElement":[{"@type":"ListItem","position":1,"name":"Home","item":"https:\/\/skaitytaknyga.lt\/"},{"@type":"ListItem","position":2,"name":"Parduotuv\u0117","item":"https:\/\/skaitytaknyga.lt\/knygu-parduotuve\/"},{"@type":"ListItem","position":3,"name":"Pamilk lig\u0105 savo. Pas\u0105mon\u0117s paslaptys"}]},{"@type":"WebSite","@id":"https:\/\/skaitytaknyga.lt\/#website","url":"https:\/\/skaitytaknyga.lt\/","name":"skaitytaknyga.lt","description":"Skaitytaknyga.lt \u2013 tai ma\u017eas \u0161eimos verslas, kuris prasid\u0117jo nuo meil\u0117s knygoms ir siekio i\u0161gelb\u0117ti knygas nuo likimo prie konteinerio. Kas vienam nereikalingas daiktas \u2013 kitam lobis, o mes esame tarpininkai, kurie padeda abiems tapti laimingesniems ???? \u017dinome kaip nelengva i\u0161gyventi ma\u017eiems verslams, tad nuo \u0161iol, \u010dia rasite ir kit\u0173, ma\u017e\u0173 \u0161eim\u0173 versl\u0173, rank\u0173 darbo, dovan\u0173 sau ir artimiesiems.","publisher":{"@id":"https:\/\/skaitytaknyga.lt\/#organization"},"potentialAction":[{"@type":"SearchAction","target":{"@type":"EntryPoint","urlTemplate":"https:\/\/skaitytaknyga.lt\/?s={search_term_string}"},"query-input":{"@type":"PropertyValueSpecification","valueRequired":true,"valueName":"search_term_string"}}],"inLanguage":"en-GB"},{"@type":"Organization","@id":"https:\/\/skaitytaknyga.lt\/#organization","name":"skaitytaknyga.lt","url":"https:\/\/skaitytaknyga.lt\/","logo":{"@type":"ImageObject","inLanguage":"en-GB","@id":"https:\/\/skaitytaknyga.lt\/#\/schema\/logo\/image\/","url":"https:\/\/skaitytaknyga.lt\/wp-content\/uploads\/2024\/05\/cropped-cropped-cropped-02_00843_jt3bggkj1j3HLc7SyY6rEUpg.jpeg","contentUrl":"https:\/\/skaitytaknyga.lt\/wp-content\/uploads\/2024\/05\/cropped-cropped-cropped-02_00843_jt3bggkj1j3HLc7SyY6rEUpg.jpeg","width":1600,"height":1600,"caption":"skaitytaknyga.lt"},"image":{"@id":"https:\/\/skaitytaknyga.lt\/#\/schema\/logo\/image\/"},"sameAs":["https:\/\/www.facebook.com\/skaitytaknyga\/"]}]}},"_links":{"self":[{"href":"https:\/\/skaitytaknyga.lt\/en\/wp-json\/wp\/v2\/product\/18404","targetHints":{"allow":["GET"]}}],"collection":[{"href":"https:\/\/skaitytaknyga.lt\/en\/wp-json\/wp\/v2\/product"}],"about":[{"href":"https:\/\/skaitytaknyga.lt\/en\/wp-json\/wp\/v2\/types\/product"}],"replies":[{"embeddable":true,"href":"https:\/\/skaitytaknyga.lt\/en\/wp-json\/wp\/v2\/comments?post=18404"}],"wp:featuredmedia":[{"embeddable":true,"href":"https:\/\/skaitytaknyga.lt\/en\/wp-json\/wp\/v2\/media\/18405"}],"wp:attachment":[{"href":"https:\/\/skaitytaknyga.lt\/en\/wp-json\/wp\/v2\/media?parent=18404"}],"wp:term":[{"taxonomy":"product_brand","embeddable":true,"href":"https:\/\/skaitytaknyga.lt\/en\/wp-json\/wp\/v2\/product_brand?post=18404"},{"taxonomy":"product_cat","embeddable":true,"href":"https:\/\/skaitytaknyga.lt\/en\/wp-json\/wp\/v2\/product_cat?post=18404"},{"taxonomy":"product_tag","embeddable":true,"href":"https:\/\/skaitytaknyga.lt\/en\/wp-json\/wp\/v2\/product_tag?post=18404"}],"curies":[{"name":"wp","href":"https:\/\/api.w.org\/{rel}","templated":true}]}}