{"id":18398,"date":"2025-05-18T18:25:22","date_gmt":"2025-05-18T15:25:22","guid":{"rendered":"https:\/\/skaitytaknyga.lt\/?post_type=product&#038;p=18398"},"modified":"2025-05-19T09:39:45","modified_gmt":"2025-05-19T06:39:45","slug":"sumanaus-zarnyno-dieta","status":"publish","type":"product","link":"https:\/\/skaitytaknyga.lt\/en\/produktas\/sumanaus-zarnyno-dieta\/","title":{"rendered":"Sumanaus \u017earnyno dieta"},"content":{"rendered":"<div>\u0160ioje novatori\u0161koje knygoje akivaizd\u017eiai demonstruojama, kad menkavertis maistas ir nesaikingai vartojami antibiotikai sunaikina did\u017eiul\u012f kiek\u012f bakterij\u0173 ir pasmerkia mus \u0161iuolaikiniam marui \u2014 alergin\u0117ms ligoms, tam tikr\u0173 maisto produkt\u0173 netoleravimui ir nutukimui.<\/div>\n<div><\/div>\n<div>Remdamasis naujausiais tyrimais dr. Mosley pateikia moksli\u0161kai pagr\u012fstus b\u016bdus, kaip kontroliuoti potrauk\u012f maistui, pagerinti nuotaik\u0105 ir numesti svorio, padidinant mikrobiomo \u012fvairov\u0119 ir sveikat\u0105 palaikan\u010di\u0173 ger\u0173j\u0173 bakterij\u0173 kiek\u012f.<\/div>\n<div><\/div>\n<div>\u201eA\u0161 esu vienas i\u0161 nedaugelio \u017emoni\u0173, ma\u010diusi\u0173, kaip funkcionuoja m\u016bs\u0173 \u017earnynas, ir galiu nuo\u0161ird\u017eiai pasakyti, kad tai buvo viena nuostabiausi\u0173 ir informatyviausi\u0173 patir\u010di\u0173 mano mokslin\u0117je karjeroje. \u0160ioje knygoje pasakoju, koki\u0105 \u012ftak\u0105 \u017earnynas daro jums ir kaip galite j\u012f paveikti\u201c, \u2014 sako dr. Michaelas Mosley.<\/div>\n<div><\/div>\n<div>\u201eSumanaus \u017earnyno diet\u0105\u201c para\u0161\u0117 vienas garsiausi\u0173 pasaulyje \u017earnyno sveikatos specialist\u0173. Dabar skaitytojai gali laikytis mitybos plano, suprasdami, kod\u0117l jis yra veiksmingas.<\/div>\n<div>\u2013 Profesorius Barry Marshall, Nobelio medicinos premijos laim\u0117tojas<\/div>\n<div><\/div>\n<div>Apie autori\u0173<\/div>\n<div>Dr. Michaelas Mosley yra knyg\u0173 \u201eSumanaus \u017earnyno dieta\u201c ir \u201e8 savai\u010di\u0173 glikemij\u0105 ma\u017einanti dieta\u201c autorius. Kartu su Mimi Spencer jis para\u0161\u0117 bestseler\u012f \u201eDieta 5:2\u201c, kuris buvo i\u0161leistas 32 pasaulio kalbomis, o su Peta Bee \u2014 knyg\u0105 Fast Exercise, taip pat \u012fvad\u0105 Mimi Spencer ir dr. Sarah Schenker knygai The Fast Diet Cookbook. Michaelas Mosley mok\u0117si gydytojo profesijos Londono karali\u0161kosios ligonin\u0117s medicinos mokykloje. V\u0117liau prad\u0117jo dirbti BBC mokslo srities \u017eurnalistu, prodiuseriu, o neseniai tapo garsiu laid\u0173 ved\u0117ju. Jis laim\u0117jo daugyb\u0119 televizijos apdovanojim\u0173, tarp j\u0173 ir Karali\u0161kosios televizijos draugijos (RTS), o Britanijos medik\u0173 asociacijos buvo paskelbtas met\u0173 medicinos \u017eurnalistu.<\/div>\n","protected":false},"excerpt":{"rendered":"<p>\u0160ioje novatori\u0161koje knygoje akivaizd\u017eiai demonstruojama, kad menkavertis maistas ir nesaikingai vartojami antibiotikai sunaikina did\u017eiul\u012f kiek\u012f bakterij\u0173 ir pasmerkia mus \u0161iuolaikiniam marui \u2014 alergin\u0117ms ligoms, tam tikr\u0173 maisto produkt\u0173 netoleravimui ir nutukimui. Remdamasis naujausiais tyrimais dr. Mosley pateikia moksli\u0161kai pagr\u012fstus b\u016bdus, kaip kontroliuoti potrauk\u012f maistui, pagerinti nuotaik\u0105 ir numesti svorio, padidinant mikrobiomo \u012fvairov\u0119 ir sveikat\u0105 palaikan\u010di\u0173 ger\u0173j\u0173 bakterij\u0173 kiek\u012f. \u201eA\u0161 esu vienas i\u0161 nedaugelio \u017emoni\u0173, ma\u010diusi\u0173, kaip funkcionuoja m\u016bs\u0173 \u017earnynas, ir galiu nuo\u0161ird\u017eiai pasakyti, kad tai buvo viena nuostabiausi\u0173 ir informatyviausi\u0173 patir\u010di\u0173 mano mokslin\u0117je karjeroje. \u0160ioje knygoje pasakoju, koki\u0105 \u012ftak\u0105 \u017earnynas daro jums ir kaip galite j\u012f paveikti\u201c, \u2014 sako dr. Michaelas Mosley. \u201eSumanaus \u017earnyno diet\u0105\u201c para\u0161\u0117 vienas garsiausi\u0173 pasaulyje \u017earnyno sveikatos specialist\u0173. Dabar skaitytojai gali laikytis mitybos plano, suprasdami, kod\u0117l jis yra veiksmingas. \u2013 Profesorius Barry Marshall, Nobelio medicinos premijos laim\u0117tojas Apie autori\u0173 Dr. Michaelas Mosley yra knyg\u0173 \u201eSumanaus \u017earnyno dieta\u201c ir \u201e8 savai\u010di\u0173 glikemij\u0105 ma\u017einanti dieta\u201c autorius. Kartu su Mimi Spencer jis para\u0161\u0117 bestseler\u012f \u201eDieta 5:2\u201c, kuris buvo i\u0161leistas 32 pasaulio kalbomis, o su Peta Bee \u2014 knyg\u0105 Fast Exercise, taip pat \u012fvad\u0105 Mimi Spencer ir dr. Sarah Schenker knygai The Fast Diet Cookbook. Michaelas Mosley mok\u0117si gydytojo profesijos Londono karali\u0161kosios ligonin\u0117s medicinos mokykloje. V\u0117liau prad\u0117jo dirbti BBC mokslo srities \u017eurnalistu, prodiuseriu, o neseniai tapo garsiu laid\u0173 ved\u0117ju. Jis laim\u0117jo daugyb\u0119 televizijos apdovanojim\u0173, tarp j\u0173 ir Karali\u0161kosios televizijos draugijos (RTS), o Britanijos medik\u0173 asociacijos buvo paskelbtas met\u0173 medicinos \u017eurnalistu.<\/p>\n","protected":false},"featured_media":18399,"comment_status":"open","ping_status":"closed","template":"","meta":{"_acf_changed":false,"site-sidebar-layout":"default","site-content-layout":"","ast-site-content-layout":"default","site-content-style":"default","site-sidebar-style":"default","ast-global-header-display":"","ast-banner-title-visibility":"","ast-main-header-display":"","ast-hfb-above-header-display":"","ast-hfb-below-header-display":"","ast-hfb-mobile-header-display":"","site-post-title":"","ast-breadcrumbs-content":"","ast-featured-img":"","footer-sml-layout":"","ast-disable-related-posts":"","theme-transparent-header-meta":"","adv-header-id-meta":"","stick-header-meta":"","header-above-stick-meta":"","header-main-stick-meta":"","header-below-stick-meta":"","astra-migrate-meta-layouts":"default","ast-page-background-enabled":"default","ast-page-background-meta":{"desktop":{"background-color":"","background-image":"","background-repeat":"repeat","background-position":"center center","background-size":"auto","background-attachment":"scroll","background-type":"","background-media":"","overlay-type":"","overlay-color":"","overlay-opacity":"","overlay-gradient":""},"tablet":{"background-color":"","background-image":"","background-repeat":"repeat","background-position":"center center","background-size":"auto","background-attachment":"scroll","background-type":"","background-media":"","overlay-type":"","overlay-color":"","overlay-opacity":"","overlay-gradient":""},"mobile":{"background-color":"","background-image":"","background-repeat":"repeat","background-position":"center center","background-size":"auto","background-attachment":"scroll","background-type":"","background-media":"","overlay-type":"","overlay-color":"","overlay-opacity":"","overlay-gradient":""}},"ast-content-background-meta":{"desktop":{"background-color":"var(--ast-global-color-4)","background-image":"","background-repeat":"repeat","background-position":"center center","background-size":"auto","background-attachment":"scroll","background-type":"","background-media":"","overlay-type":"","overlay-color":"","overlay-opacity":"","overlay-gradient":""},"tablet":{"background-color":"var(--ast-global-color-4)","background-image":"","background-repeat":"repeat","background-position":"center center","background-size":"auto","background-attachment":"scroll","background-type":"","background-media":"","overlay-type":"","overlay-color":"","overlay-opacity":"","overlay-gradient":""},"mobile":{"background-color":"var(--ast-global-color-4)","background-image":"","background-repeat":"repeat","background-position":"center center","background-size":"auto","background-attachment":"scroll","background-type":"","background-media":"","overlay-type":"","overlay-color":"","overlay-opacity":"","overlay-gradient":""}}},"product_brand":[],"product_cat":[15],"product_tag":[2194,3792,2196,3793,3791],"class_list":{"0":"post-18398","1":"product","2":"type-product","3":"status-publish","4":"has-post-thumbnail","6":"product_cat-uncategorized","7":"product_tag-michael-mosley","8":"product_tag-mikroflora","9":"product_tag-mityba","10":"product_tag-mokslas-apie-sveikata","11":"product_tag-zarnynas","12":"desktop-align-left","13":"tablet-align-left","14":"mobile-align-left","16":"first","17":"instock","18":"shipping-taxable","19":"purchasable","20":"product-type-simple"},"acf":[],"yoast_head":"<!-- This site is optimized with the Yoast SEO plugin v27.0 - https:\/\/yoast.com\/product\/yoast-seo-wordpress\/ -->\n<title>Sumanaus \u017earnyno dieta<\/title>\n<meta name=\"description\" content=\"\u0160ioje novatori\u0161koje knygoje akivaizd\u017eiai demonstruojama, kad menkavertis maistas ir nesaikingai vartojami antibiotikai sunaikina did\u017eiul\u012f kiek\u012f bakterij\u0173\" \/>\n<meta name=\"robots\" content=\"index, follow, max-snippet:-1, max-image-preview:large, max-video-preview:-1\" \/>\n<link rel=\"canonical\" href=\"https:\/\/skaitytaknyga.lt\/en\/produktas\/sumanaus-zarnyno-dieta\/\" \/>\n<meta property=\"og:locale\" content=\"en_GB\" \/>\n<meta property=\"og:locale:alternate\" content=\"lt_LT\" \/>\n<meta property=\"og:type\" content=\"article\" \/>\n<meta property=\"og:title\" content=\"Sumanaus \u017earnyno dieta\" \/>\n<meta property=\"og:description\" content=\"\u0160ioje novatori\u0161koje knygoje akivaizd\u017eiai demonstruojama, kad menkavertis maistas ir nesaikingai vartojami antibiotikai sunaikina did\u017eiul\u012f kiek\u012f bakterij\u0173\" \/>\n<meta property=\"og:url\" content=\"https:\/\/skaitytaknyga.lt\/en\/produktas\/sumanaus-zarnyno-dieta\/\" \/>\n<meta property=\"og:site_name\" content=\"Skaitytaknyga\" \/>\n<meta property=\"article:publisher\" content=\"https:\/\/www.facebook.com\/skaitytaknyga\/\" \/>\n<meta property=\"article:modified_time\" content=\"2025-05-19T06:39:45+00:00\" \/>\n<meta property=\"og:image\" content=\"https:\/\/skaitytaknyga.lt\/wp-content\/uploads\/2025\/05\/Sumanaus-zarnyno-dieta.webp\" \/>\n\t<meta property=\"og:image:width\" content=\"500\" \/>\n\t<meta property=\"og:image:height\" content=\"697\" \/>\n\t<meta property=\"og:image:type\" content=\"image\/webp\" \/>\n<meta name=\"twitter:card\" content=\"summary_large_image\" \/>\n<meta name=\"twitter:label1\" content=\"Estimated reading time\" \/>\n\t<meta name=\"twitter:data1\" content=\"1 minute\" \/>\n<script type=\"application\/ld+json\" class=\"yoast-schema-graph\">{\"@context\":\"https:\/\/schema.org\",\"@graph\":[{\"@type\":\"WebPage\",\"@id\":\"https:\/\/skaitytaknyga.lt\/produktas\/sumanaus-zarnyno-dieta\/\",\"url\":\"https:\/\/skaitytaknyga.lt\/produktas\/sumanaus-zarnyno-dieta\/\",\"name\":\"Sumanaus \u017earnyno dieta\",\"isPartOf\":{\"@id\":\"https:\/\/skaitytaknyga.lt\/#website\"},\"primaryImageOfPage\":{\"@id\":\"https:\/\/skaitytaknyga.lt\/produktas\/sumanaus-zarnyno-dieta\/#primaryimage\"},\"image\":{\"@id\":\"https:\/\/skaitytaknyga.lt\/produktas\/sumanaus-zarnyno-dieta\/#primaryimage\"},\"thumbnailUrl\":\"https:\/\/skaitytaknyga.lt\/wp-content\/uploads\/2025\/05\/Sumanaus-zarnyno-dieta.webp\",\"datePublished\":\"2025-05-18T15:25:22+00:00\",\"dateModified\":\"2025-05-19T06:39:45+00:00\",\"description\":\"\u0160ioje novatori\u0161koje knygoje akivaizd\u017eiai demonstruojama, kad menkavertis maistas ir nesaikingai vartojami antibiotikai sunaikina did\u017eiul\u012f kiek\u012f bakterij\u0173\",\"breadcrumb\":{\"@id\":\"https:\/\/skaitytaknyga.lt\/produktas\/sumanaus-zarnyno-dieta\/#breadcrumb\"},\"inLanguage\":\"en-GB\",\"potentialAction\":[{\"@type\":\"ReadAction\",\"target\":[\"https:\/\/skaitytaknyga.lt\/produktas\/sumanaus-zarnyno-dieta\/\"]}]},{\"@type\":\"ImageObject\",\"inLanguage\":\"en-GB\",\"@id\":\"https:\/\/skaitytaknyga.lt\/produktas\/sumanaus-zarnyno-dieta\/#primaryimage\",\"url\":\"https:\/\/skaitytaknyga.lt\/wp-content\/uploads\/2025\/05\/Sumanaus-zarnyno-dieta.webp\",\"contentUrl\":\"https:\/\/skaitytaknyga.lt\/wp-content\/uploads\/2025\/05\/Sumanaus-zarnyno-dieta.webp\",\"width\":500,\"height\":697,\"caption\":\"Sumanaus \u017earnyno dieta\"},{\"@type\":\"BreadcrumbList\",\"@id\":\"https:\/\/skaitytaknyga.lt\/produktas\/sumanaus-zarnyno-dieta\/#breadcrumb\",\"itemListElement\":[{\"@type\":\"ListItem\",\"position\":1,\"name\":\"Home\",\"item\":\"https:\/\/skaitytaknyga.lt\/\"},{\"@type\":\"ListItem\",\"position\":2,\"name\":\"Parduotuv\u0117\",\"item\":\"https:\/\/skaitytaknyga.lt\/knygu-parduotuve\/\"},{\"@type\":\"ListItem\",\"position\":3,\"name\":\"Sumanaus \u017earnyno dieta\"}]},{\"@type\":\"WebSite\",\"@id\":\"https:\/\/skaitytaknyga.lt\/#website\",\"url\":\"https:\/\/skaitytaknyga.lt\/\",\"name\":\"skaitytaknyga.lt\",\"description\":\"Skaitytaknyga.lt \u2013 tai ma\u017eas \u0161eimos verslas, kuris prasid\u0117jo nuo meil\u0117s knygoms ir siekio i\u0161gelb\u0117ti knygas nuo likimo prie konteinerio. Kas vienam nereikalingas daiktas \u2013 kitam lobis, o mes esame tarpininkai, kurie padeda abiems tapti laimingesniems ???? \u017dinome kaip nelengva i\u0161gyventi ma\u017eiems verslams, tad nuo \u0161iol, \u010dia rasite ir kit\u0173, ma\u017e\u0173 \u0161eim\u0173 versl\u0173, rank\u0173 darbo, dovan\u0173 sau ir artimiesiems.\",\"publisher\":{\"@id\":\"https:\/\/skaitytaknyga.lt\/#organization\"},\"potentialAction\":[{\"@type\":\"SearchAction\",\"target\":{\"@type\":\"EntryPoint\",\"urlTemplate\":\"https:\/\/skaitytaknyga.lt\/?s={search_term_string}\"},\"query-input\":{\"@type\":\"PropertyValueSpecification\",\"valueRequired\":true,\"valueName\":\"search_term_string\"}}],\"inLanguage\":\"en-GB\"},{\"@type\":\"Organization\",\"@id\":\"https:\/\/skaitytaknyga.lt\/#organization\",\"name\":\"skaitytaknyga.lt\",\"url\":\"https:\/\/skaitytaknyga.lt\/\",\"logo\":{\"@type\":\"ImageObject\",\"inLanguage\":\"en-GB\",\"@id\":\"https:\/\/skaitytaknyga.lt\/#\/schema\/logo\/image\/\",\"url\":\"https:\/\/skaitytaknyga.lt\/wp-content\/uploads\/2024\/05\/cropped-cropped-cropped-02_00843_jt3bggkj1j3HLc7SyY6rEUpg.jpeg\",\"contentUrl\":\"https:\/\/skaitytaknyga.lt\/wp-content\/uploads\/2024\/05\/cropped-cropped-cropped-02_00843_jt3bggkj1j3HLc7SyY6rEUpg.jpeg\",\"width\":1600,\"height\":1600,\"caption\":\"skaitytaknyga.lt\"},\"image\":{\"@id\":\"https:\/\/skaitytaknyga.lt\/#\/schema\/logo\/image\/\"},\"sameAs\":[\"https:\/\/www.facebook.com\/skaitytaknyga\/\"]}]}<\/script>\n<!-- \/ Yoast SEO plugin. -->","yoast_head_json":{"title":"Sumanaus \u017earnyno dieta","description":"\u0160ioje novatori\u0161koje knygoje akivaizd\u017eiai demonstruojama, kad menkavertis maistas ir nesaikingai vartojami antibiotikai sunaikina did\u017eiul\u012f kiek\u012f bakterij\u0173","robots":{"index":"index","follow":"follow","max-snippet":"max-snippet:-1","max-image-preview":"max-image-preview:large","max-video-preview":"max-video-preview:-1"},"canonical":"https:\/\/skaitytaknyga.lt\/en\/produktas\/sumanaus-zarnyno-dieta\/","og_locale":"en_GB","og_type":"article","og_title":"[:lt]Sumanaus \u017earnyno dieta[:] - Skaitytaknyga","og_description":"\u0160ioje novatori\u0161koje knygoje akivaizd\u017eiai demonstruojama, kad menkavertis maistas ir nesaikingai vartojami antibiotikai sunaikina did\u017eiul\u012f kiek\u012f bakterij\u0173","og_url":"https:\/\/skaitytaknyga.lt\/en\/produktas\/sumanaus-zarnyno-dieta\/","og_site_name":"Skaitytaknyga","article_publisher":"https:\/\/www.facebook.com\/skaitytaknyga\/","article_modified_time":"2025-05-19T06:39:45+00:00","og_image":[{"width":500,"height":697,"url":"https:\/\/skaitytaknyga.lt\/wp-content\/uploads\/2025\/05\/Sumanaus-zarnyno-dieta.webp","type":"image\/webp"}],"twitter_card":"summary_large_image","twitter_misc":{"Estimated reading time":"1 minute"},"schema":{"@context":"https:\/\/schema.org","@graph":[{"@type":"WebPage","@id":"https:\/\/skaitytaknyga.lt\/produktas\/sumanaus-zarnyno-dieta\/","url":"https:\/\/skaitytaknyga.lt\/produktas\/sumanaus-zarnyno-dieta\/","name":"Sumanaus \u017earnyno dieta","isPartOf":{"@id":"https:\/\/skaitytaknyga.lt\/#website"},"primaryImageOfPage":{"@id":"https:\/\/skaitytaknyga.lt\/produktas\/sumanaus-zarnyno-dieta\/#primaryimage"},"image":{"@id":"https:\/\/skaitytaknyga.lt\/produktas\/sumanaus-zarnyno-dieta\/#primaryimage"},"thumbnailUrl":"https:\/\/skaitytaknyga.lt\/wp-content\/uploads\/2025\/05\/Sumanaus-zarnyno-dieta.webp","datePublished":"2025-05-18T15:25:22+00:00","dateModified":"2025-05-19T06:39:45+00:00","description":"\u0160ioje novatori\u0161koje knygoje akivaizd\u017eiai demonstruojama, kad menkavertis maistas ir nesaikingai vartojami antibiotikai sunaikina did\u017eiul\u012f kiek\u012f bakterij\u0173","breadcrumb":{"@id":"https:\/\/skaitytaknyga.lt\/produktas\/sumanaus-zarnyno-dieta\/#breadcrumb"},"inLanguage":"en-GB","potentialAction":[{"@type":"ReadAction","target":["https:\/\/skaitytaknyga.lt\/produktas\/sumanaus-zarnyno-dieta\/"]}]},{"@type":"ImageObject","inLanguage":"en-GB","@id":"https:\/\/skaitytaknyga.lt\/produktas\/sumanaus-zarnyno-dieta\/#primaryimage","url":"https:\/\/skaitytaknyga.lt\/wp-content\/uploads\/2025\/05\/Sumanaus-zarnyno-dieta.webp","contentUrl":"https:\/\/skaitytaknyga.lt\/wp-content\/uploads\/2025\/05\/Sumanaus-zarnyno-dieta.webp","width":500,"height":697,"caption":"Sumanaus \u017earnyno dieta"},{"@type":"BreadcrumbList","@id":"https:\/\/skaitytaknyga.lt\/produktas\/sumanaus-zarnyno-dieta\/#breadcrumb","itemListElement":[{"@type":"ListItem","position":1,"name":"Home","item":"https:\/\/skaitytaknyga.lt\/"},{"@type":"ListItem","position":2,"name":"Parduotuv\u0117","item":"https:\/\/skaitytaknyga.lt\/knygu-parduotuve\/"},{"@type":"ListItem","position":3,"name":"Sumanaus \u017earnyno dieta"}]},{"@type":"WebSite","@id":"https:\/\/skaitytaknyga.lt\/#website","url":"https:\/\/skaitytaknyga.lt\/","name":"skaitytaknyga.lt","description":"Skaitytaknyga.lt \u2013 tai ma\u017eas \u0161eimos verslas, kuris prasid\u0117jo nuo meil\u0117s knygoms ir siekio i\u0161gelb\u0117ti knygas nuo likimo prie konteinerio. Kas vienam nereikalingas daiktas \u2013 kitam lobis, o mes esame tarpininkai, kurie padeda abiems tapti laimingesniems ???? \u017dinome kaip nelengva i\u0161gyventi ma\u017eiems verslams, tad nuo \u0161iol, \u010dia rasite ir kit\u0173, ma\u017e\u0173 \u0161eim\u0173 versl\u0173, rank\u0173 darbo, dovan\u0173 sau ir artimiesiems.","publisher":{"@id":"https:\/\/skaitytaknyga.lt\/#organization"},"potentialAction":[{"@type":"SearchAction","target":{"@type":"EntryPoint","urlTemplate":"https:\/\/skaitytaknyga.lt\/?s={search_term_string}"},"query-input":{"@type":"PropertyValueSpecification","valueRequired":true,"valueName":"search_term_string"}}],"inLanguage":"en-GB"},{"@type":"Organization","@id":"https:\/\/skaitytaknyga.lt\/#organization","name":"skaitytaknyga.lt","url":"https:\/\/skaitytaknyga.lt\/","logo":{"@type":"ImageObject","inLanguage":"en-GB","@id":"https:\/\/skaitytaknyga.lt\/#\/schema\/logo\/image\/","url":"https:\/\/skaitytaknyga.lt\/wp-content\/uploads\/2024\/05\/cropped-cropped-cropped-02_00843_jt3bggkj1j3HLc7SyY6rEUpg.jpeg","contentUrl":"https:\/\/skaitytaknyga.lt\/wp-content\/uploads\/2024\/05\/cropped-cropped-cropped-02_00843_jt3bggkj1j3HLc7SyY6rEUpg.jpeg","width":1600,"height":1600,"caption":"skaitytaknyga.lt"},"image":{"@id":"https:\/\/skaitytaknyga.lt\/#\/schema\/logo\/image\/"},"sameAs":["https:\/\/www.facebook.com\/skaitytaknyga\/"]}]}},"_links":{"self":[{"href":"https:\/\/skaitytaknyga.lt\/en\/wp-json\/wp\/v2\/product\/18398","targetHints":{"allow":["GET"]}}],"collection":[{"href":"https:\/\/skaitytaknyga.lt\/en\/wp-json\/wp\/v2\/product"}],"about":[{"href":"https:\/\/skaitytaknyga.lt\/en\/wp-json\/wp\/v2\/types\/product"}],"replies":[{"embeddable":true,"href":"https:\/\/skaitytaknyga.lt\/en\/wp-json\/wp\/v2\/comments?post=18398"}],"wp:featuredmedia":[{"embeddable":true,"href":"https:\/\/skaitytaknyga.lt\/en\/wp-json\/wp\/v2\/media\/18399"}],"wp:attachment":[{"href":"https:\/\/skaitytaknyga.lt\/en\/wp-json\/wp\/v2\/media?parent=18398"}],"wp:term":[{"taxonomy":"product_brand","embeddable":true,"href":"https:\/\/skaitytaknyga.lt\/en\/wp-json\/wp\/v2\/product_brand?post=18398"},{"taxonomy":"product_cat","embeddable":true,"href":"https:\/\/skaitytaknyga.lt\/en\/wp-json\/wp\/v2\/product_cat?post=18398"},{"taxonomy":"product_tag","embeddable":true,"href":"https:\/\/skaitytaknyga.lt\/en\/wp-json\/wp\/v2\/product_tag?post=18398"}],"curies":[{"name":"wp","href":"https:\/\/api.w.org\/{rel}","templated":true}]}}