{"id":18396,"date":"2025-05-18T18:24:34","date_gmt":"2025-05-18T15:24:34","guid":{"rendered":"https:\/\/skaitytaknyga.lt\/?post_type=product&#038;p=18396"},"modified":"2025-10-07T08:12:30","modified_gmt":"2025-10-07T05:12:30","slug":"ivaldyk-pinigu-zaidima","status":"publish","type":"product","link":"https:\/\/skaitytaknyga.lt\/en\/produktas\/ivaldyk-pinigu-zaidima\/","title":{"rendered":"\u012evaldyk pinig\u0173 \u017eaidim\u0105"},"content":{"rendered":"<p><strong>\u201e\u012evaldyk pinig\u0173 \u017eaidim\u0105\u201c \u2013\u00a0<\/strong>knyga, kurios lauk\u0117 milijonai \u017emoni\u0173.<strong><br \/>\n<\/strong>Knyga, kuri per artimiausius de\u0161imtme\u010dius pakeis milijon\u0173 gyvenimus.<\/p>\n<p><strong>Tonis Robinsas<\/strong>\u00a0mok\u0117 daugiau negu 50 milijon\u0173 \u017emoni\u0173 i\u0161 daugiau negu 100 pasaulio \u0161ali\u0173. Apie keturi milijonai yra dalyvav\u0119 jo vestuose renginiuose.\u00a0<a><strong>Oprah Winfrey<\/strong><\/a>\u00a0vadina\u00a0<strong>Ton\u012f Robins\u0105<\/strong>\u00a0\u201esuper\u017emogumi, kuris yra did\u017ei\u0173 poky\u010di\u0173 katalizatorius\u201c.<\/p>\n<p>XX am\u017eiaus pabaigoje\u00a0<strong>Tonis Robinsas<\/strong>\u00a0i\u0161gars\u0117jo knygomis\u00a0<a>\u201ePa\u017eadink savyje mil\u017ein\u0105\u201c<\/a>\u00a0ir\u00a0<a>\u201eNeribota galia\u201c<\/a>. \u0160i nauja knyga, kuri\u0105 dabar laikote rankose, para\u0161yta po 20 met\u0173 pertraukos. Autorius \u010dia nagrin\u0117ja tem\u0105, kuri svarbi daugumai i\u0161 m\u016bs\u0173 \u2013 kaip susikurti finansin\u012f saugum\u0105 ir nepriklausomyb\u0119 ir kaip i\u0161vengti t\u0173 problem\u0173, su kuriomis nuolatos susiduria de\u0161imtys milijon\u0173 Vakar\u0173 pasaulio gyventoj\u0173.<\/p>\n<p>Sud\u0117tingas finansines koncepcijas\u00a0<strong>Tonis Robinsas<\/strong>\u00a0d\u0117sto labai ai\u0161kia, paprasta ir suprantama kalba. Per \u0161ios knygos puslapius jis veda skaitytojus \u012f finansin\u0119 laisv\u0119, i\u0161sklaido mitus, kurie trukd\u0117 mums siekti materialios gerov\u0117s, ir gyvais pavyzd\u017eiais rodo, kaip tvarkytis su \u012fvairiais \u0161iame kelyje laukian\u010diais i\u0161\u0161\u016bkiais.<\/p>\n<p>Knyga\u00a0<strong>\u201e\u012evaldyk pinig\u0173 \u017eaidim\u0105\u201c<\/strong>\u00a0atsakys \u012f klausimus:<\/p>\n<ul>\n<li>Kaip susikurti pajam\u0173 \u0161altin\u012f, kuris nei\u0161sekt\u0173 vis\u0105 gyvenim\u0105<\/li>\n<li>Kaip pasiekti finansin\u0119 laisv\u0119 ir nepriklausomyb\u0119 net jei u\u017esibr\u0117\u017e\u0117te \u0161\u012f tiksl\u0105 v\u0117liau nei kiti<\/li>\n<li>Kokios strategijos geriausiems investicini\u0173 fond\u0173 valdytojams leid\u017eia laim\u0117ti net tada, kai rinkos smunka<\/li>\n<li>Kaip investuoti, kad gautum\u0117te tik peln\u0105 ir niekada nepatirtum\u0117te nuostoli\u0173<\/li>\n<\/ul>\n","protected":false},"excerpt":{"rendered":"<p>\u201e\u012evaldyk pinig\u0173 \u017eaidim\u0105\u201c \u2013\u00a0knyga, kurios lauk\u0117 milijonai \u017emoni\u0173. Knyga, kuri per artimiausius de\u0161imtme\u010dius pakeis milijon\u0173 gyvenimus. Tonis Robinsas\u00a0mok\u0117 daugiau negu 50 milijon\u0173 \u017emoni\u0173 i\u0161 daugiau negu 100 pasaulio \u0161ali\u0173. Apie keturi milijonai yra dalyvav\u0119 jo vestuose renginiuose.\u00a0Oprah Winfrey\u00a0vadina\u00a0Ton\u012f Robins\u0105\u00a0\u201esuper\u017emogumi, kuris yra did\u017ei\u0173 poky\u010di\u0173 katalizatorius\u201c. XX am\u017eiaus pabaigoje\u00a0Tonis Robinsas\u00a0i\u0161gars\u0117jo knygomis\u00a0\u201ePa\u017eadink savyje mil\u017ein\u0105\u201c\u00a0ir\u00a0\u201eNeribota galia\u201c. \u0160i nauja knyga, kuri\u0105 dabar laikote rankose, para\u0161yta po 20 met\u0173 pertraukos. Autorius \u010dia nagrin\u0117ja tem\u0105, kuri svarbi daugumai i\u0161 m\u016bs\u0173 \u2013 kaip susikurti finansin\u012f saugum\u0105 ir nepriklausomyb\u0119 ir kaip i\u0161vengti t\u0173 problem\u0173, su kuriomis nuolatos susiduria de\u0161imtys milijon\u0173 Vakar\u0173 pasaulio gyventoj\u0173. Sud\u0117tingas finansines koncepcijas\u00a0Tonis Robinsas\u00a0d\u0117sto labai ai\u0161kia, paprasta ir suprantama kalba. Per \u0161ios knygos puslapius jis veda skaitytojus \u012f finansin\u0119 laisv\u0119, i\u0161sklaido mitus, kurie trukd\u0117 mums siekti materialios gerov\u0117s, ir gyvais pavyzd\u017eiais rodo, kaip tvarkytis su \u012fvairiais \u0161iame kelyje laukian\u010diais i\u0161\u0161\u016bkiais. Knyga\u00a0\u201e\u012evaldyk pinig\u0173 \u017eaidim\u0105\u201c\u00a0atsakys \u012f klausimus: Kaip susikurti pajam\u0173 \u0161altin\u012f, kuris nei\u0161sekt\u0173 vis\u0105 gyvenim\u0105 Kaip pasiekti finansin\u0119 laisv\u0119 ir nepriklausomyb\u0119 net jei u\u017esibr\u0117\u017e\u0117te \u0161\u012f tiksl\u0105 v\u0117liau nei kiti Kokios strategijos geriausiems investicini\u0173 fond\u0173 valdytojams leid\u017eia laim\u0117ti net tada, kai rinkos smunka Kaip investuoti, kad gautum\u0117te tik peln\u0105 ir niekada nepatirtum\u0117te nuostoli\u0173<\/p>\n","protected":false},"featured_media":18397,"comment_status":"open","ping_status":"closed","template":"","meta":{"_acf_changed":false,"site-sidebar-layout":"default","site-content-layout":"","ast-site-content-layout":"default","site-content-style":"default","site-sidebar-style":"default","ast-global-header-display":"","ast-banner-title-visibility":"","ast-main-header-display":"","ast-hfb-above-header-display":"","ast-hfb-below-header-display":"","ast-hfb-mobile-header-display":"","site-post-title":"","ast-breadcrumbs-content":"","ast-featured-img":"","footer-sml-layout":"","ast-disable-related-posts":"","theme-transparent-header-meta":"","adv-header-id-meta":"","stick-header-meta":"","header-above-stick-meta":"","header-main-stick-meta":"","header-below-stick-meta":"","astra-migrate-meta-layouts":"default","ast-page-background-enabled":"default","ast-page-background-meta":{"desktop":{"background-color":"","background-image":"","background-repeat":"repeat","background-position":"center center","background-size":"auto","background-attachment":"scroll","background-type":"","background-media":"","overlay-type":"","overlay-color":"","overlay-opacity":"","overlay-gradient":""},"tablet":{"background-color":"","background-image":"","background-repeat":"repeat","background-position":"center center","background-size":"auto","background-attachment":"scroll","background-type":"","background-media":"","overlay-type":"","overlay-color":"","overlay-opacity":"","overlay-gradient":""},"mobile":{"background-color":"","background-image":"","background-repeat":"repeat","background-position":"center center","background-size":"auto","background-attachment":"scroll","background-type":"","background-media":"","overlay-type":"","overlay-color":"","overlay-opacity":"","overlay-gradient":""}},"ast-content-background-meta":{"desktop":{"background-color":"var(--ast-global-color-4)","background-image":"","background-repeat":"repeat","background-position":"center center","background-size":"auto","background-attachment":"scroll","background-type":"","background-media":"","overlay-type":"","overlay-color":"","overlay-opacity":"","overlay-gradient":""},"tablet":{"background-color":"var(--ast-global-color-4)","background-image":"","background-repeat":"repeat","background-position":"center center","background-size":"auto","background-attachment":"scroll","background-type":"","background-media":"","overlay-type":"","overlay-color":"","overlay-opacity":"","overlay-gradient":""},"mobile":{"background-color":"var(--ast-global-color-4)","background-image":"","background-repeat":"repeat","background-position":"center center","background-size":"auto","background-attachment":"scroll","background-type":"","background-media":"","overlay-type":"","overlay-color":"","overlay-opacity":"","overlay-gradient":""}}},"product_brand":[],"product_cat":[26],"product_tag":[1399,2301,3788,3790,3789],"class_list":{"0":"post-18396","1":"product","2":"type-product","3":"status-publish","4":"has-post-thumbnail","6":"product_cat-verslas-vadyba-ir-finansai","7":"product_tag-asmeninis-tobulejimas","8":"product_tag-finansai","9":"product_tag-savikontrole","10":"product_tag-tony-robbins","11":"product_tag-turtas","12":"desktop-align-left","13":"tablet-align-left","14":"mobile-align-left","16":"first","17":"outofstock","18":"shipping-taxable","19":"purchasable","20":"product-type-simple"},"acf":[],"yoast_head":"<!-- This site is optimized with the Yoast SEO plugin v27.0 - https:\/\/yoast.com\/product\/yoast-seo-wordpress\/ -->\n<title>\u012evaldyk pinig\u0173 \u017eaidim\u0105<\/title>\n<meta name=\"description\" content=\"\u201e\u012evaldyk pinig\u0173 \u017eaidim\u0105\u201c \u2013\u00a0knyga, kurios lauk\u0117 milijonai \u017emoni\u0173. Knyga, kuri per artimiausius de\u0161imtme\u010dius pakeis milijon\u0173 gyvenimus. Tonis Robinsas\u00a0mok\u0117\" \/>\n<meta name=\"robots\" content=\"index, follow, max-snippet:-1, max-image-preview:large, max-video-preview:-1\" \/>\n<link rel=\"canonical\" href=\"https:\/\/skaitytaknyga.lt\/en\/produktas\/ivaldyk-pinigu-zaidima\/\" \/>\n<meta property=\"og:locale\" content=\"en_GB\" \/>\n<meta property=\"og:locale:alternate\" content=\"lt_LT\" \/>\n<meta property=\"og:type\" content=\"article\" \/>\n<meta property=\"og:title\" content=\"\u012evaldyk pinig\u0173 \u017eaidim\u0105\" \/>\n<meta property=\"og:description\" content=\"\u201e\u012evaldyk pinig\u0173 \u017eaidim\u0105\u201c \u2013\u00a0knyga, kurios lauk\u0117 milijonai \u017emoni\u0173. Knyga, kuri per artimiausius de\u0161imtme\u010dius pakeis milijon\u0173 gyvenimus. Tonis Robinsas\u00a0mok\u0117\" \/>\n<meta property=\"og:url\" content=\"https:\/\/skaitytaknyga.lt\/en\/produktas\/ivaldyk-pinigu-zaidima\/\" \/>\n<meta property=\"og:site_name\" content=\"Skaitytaknyga\" \/>\n<meta property=\"article:publisher\" content=\"https:\/\/www.facebook.com\/skaitytaknyga\/\" \/>\n<meta property=\"article:modified_time\" content=\"2025-10-07T05:12:30+00:00\" \/>\n<meta property=\"og:image\" content=\"https:\/\/skaitytaknyga.lt\/wp-content\/uploads\/2025\/05\/Ivaldyk-pinigu-zaidima.webp\" \/>\n\t<meta property=\"og:image:width\" content=\"558\" \/>\n\t<meta property=\"og:image:height\" content=\"801\" \/>\n\t<meta property=\"og:image:type\" content=\"image\/webp\" \/>\n<meta name=\"twitter:card\" content=\"summary_large_image\" \/>\n<meta name=\"twitter:label1\" content=\"Estimated reading time\" \/>\n\t<meta name=\"twitter:data1\" content=\"1 minute\" \/>\n<script type=\"application\/ld+json\" class=\"yoast-schema-graph\">{\"@context\":\"https:\/\/schema.org\",\"@graph\":[{\"@type\":\"WebPage\",\"@id\":\"https:\/\/skaitytaknyga.lt\/produktas\/ivaldyk-pinigu-zaidima\/\",\"url\":\"https:\/\/skaitytaknyga.lt\/produktas\/ivaldyk-pinigu-zaidima\/\",\"name\":\"\u012evaldyk pinig\u0173 \u017eaidim\u0105\",\"isPartOf\":{\"@id\":\"https:\/\/skaitytaknyga.lt\/#website\"},\"primaryImageOfPage\":{\"@id\":\"https:\/\/skaitytaknyga.lt\/produktas\/ivaldyk-pinigu-zaidima\/#primaryimage\"},\"image\":{\"@id\":\"https:\/\/skaitytaknyga.lt\/produktas\/ivaldyk-pinigu-zaidima\/#primaryimage\"},\"thumbnailUrl\":\"https:\/\/skaitytaknyga.lt\/wp-content\/uploads\/2025\/05\/Ivaldyk-pinigu-zaidima.webp\",\"datePublished\":\"2025-05-18T15:24:34+00:00\",\"dateModified\":\"2025-10-07T05:12:30+00:00\",\"description\":\"\u201e\u012evaldyk pinig\u0173 \u017eaidim\u0105\u201c \u2013\u00a0knyga, kurios lauk\u0117 milijonai \u017emoni\u0173. Knyga, kuri per artimiausius de\u0161imtme\u010dius pakeis milijon\u0173 gyvenimus. Tonis Robinsas\u00a0mok\u0117\",\"breadcrumb\":{\"@id\":\"https:\/\/skaitytaknyga.lt\/produktas\/ivaldyk-pinigu-zaidima\/#breadcrumb\"},\"inLanguage\":\"en-GB\",\"potentialAction\":[{\"@type\":\"ReadAction\",\"target\":[\"https:\/\/skaitytaknyga.lt\/produktas\/ivaldyk-pinigu-zaidima\/\"]}]},{\"@type\":\"ImageObject\",\"inLanguage\":\"en-GB\",\"@id\":\"https:\/\/skaitytaknyga.lt\/produktas\/ivaldyk-pinigu-zaidima\/#primaryimage\",\"url\":\"https:\/\/skaitytaknyga.lt\/wp-content\/uploads\/2025\/05\/Ivaldyk-pinigu-zaidima.webp\",\"contentUrl\":\"https:\/\/skaitytaknyga.lt\/wp-content\/uploads\/2025\/05\/Ivaldyk-pinigu-zaidima.webp\",\"width\":558,\"height\":801,\"caption\":\"\u012evaldyk pinig\u0173 \u017eaidim\u0105\"},{\"@type\":\"BreadcrumbList\",\"@id\":\"https:\/\/skaitytaknyga.lt\/produktas\/ivaldyk-pinigu-zaidima\/#breadcrumb\",\"itemListElement\":[{\"@type\":\"ListItem\",\"position\":1,\"name\":\"Home\",\"item\":\"https:\/\/skaitytaknyga.lt\/\"},{\"@type\":\"ListItem\",\"position\":2,\"name\":\"Parduotuv\u0117\",\"item\":\"https:\/\/skaitytaknyga.lt\/knygu-parduotuve\/\"},{\"@type\":\"ListItem\",\"position\":3,\"name\":\"\u012evaldyk pinig\u0173 \u017eaidim\u0105\"}]},{\"@type\":\"WebSite\",\"@id\":\"https:\/\/skaitytaknyga.lt\/#website\",\"url\":\"https:\/\/skaitytaknyga.lt\/\",\"name\":\"skaitytaknyga.lt\",\"description\":\"Skaitytaknyga.lt \u2013 tai ma\u017eas \u0161eimos verslas, kuris prasid\u0117jo nuo meil\u0117s knygoms ir siekio i\u0161gelb\u0117ti knygas nuo likimo prie konteinerio. Kas vienam nereikalingas daiktas \u2013 kitam lobis, o mes esame tarpininkai, kurie padeda abiems tapti laimingesniems ???? \u017dinome kaip nelengva i\u0161gyventi ma\u017eiems verslams, tad nuo \u0161iol, \u010dia rasite ir kit\u0173, ma\u017e\u0173 \u0161eim\u0173 versl\u0173, rank\u0173 darbo, dovan\u0173 sau ir artimiesiems.\",\"publisher\":{\"@id\":\"https:\/\/skaitytaknyga.lt\/#organization\"},\"potentialAction\":[{\"@type\":\"SearchAction\",\"target\":{\"@type\":\"EntryPoint\",\"urlTemplate\":\"https:\/\/skaitytaknyga.lt\/?s={search_term_string}\"},\"query-input\":{\"@type\":\"PropertyValueSpecification\",\"valueRequired\":true,\"valueName\":\"search_term_string\"}}],\"inLanguage\":\"en-GB\"},{\"@type\":\"Organization\",\"@id\":\"https:\/\/skaitytaknyga.lt\/#organization\",\"name\":\"skaitytaknyga.lt\",\"url\":\"https:\/\/skaitytaknyga.lt\/\",\"logo\":{\"@type\":\"ImageObject\",\"inLanguage\":\"en-GB\",\"@id\":\"https:\/\/skaitytaknyga.lt\/#\/schema\/logo\/image\/\",\"url\":\"https:\/\/skaitytaknyga.lt\/wp-content\/uploads\/2024\/05\/cropped-cropped-cropped-02_00843_jt3bggkj1j3HLc7SyY6rEUpg.jpeg\",\"contentUrl\":\"https:\/\/skaitytaknyga.lt\/wp-content\/uploads\/2024\/05\/cropped-cropped-cropped-02_00843_jt3bggkj1j3HLc7SyY6rEUpg.jpeg\",\"width\":1600,\"height\":1600,\"caption\":\"skaitytaknyga.lt\"},\"image\":{\"@id\":\"https:\/\/skaitytaknyga.lt\/#\/schema\/logo\/image\/\"},\"sameAs\":[\"https:\/\/www.facebook.com\/skaitytaknyga\/\"]}]}<\/script>\n<!-- \/ Yoast SEO plugin. -->","yoast_head_json":{"title":"\u012evaldyk pinig\u0173 \u017eaidim\u0105","description":"\u201e\u012evaldyk pinig\u0173 \u017eaidim\u0105\u201c \u2013\u00a0knyga, kurios lauk\u0117 milijonai \u017emoni\u0173. Knyga, kuri per artimiausius de\u0161imtme\u010dius pakeis milijon\u0173 gyvenimus. Tonis Robinsas\u00a0mok\u0117","robots":{"index":"index","follow":"follow","max-snippet":"max-snippet:-1","max-image-preview":"max-image-preview:large","max-video-preview":"max-video-preview:-1"},"canonical":"https:\/\/skaitytaknyga.lt\/en\/produktas\/ivaldyk-pinigu-zaidima\/","og_locale":"en_GB","og_type":"article","og_title":"[:lt]\u012evaldyk pinig\u0173 \u017eaidim\u0105[:] - Skaitytaknyga","og_description":"\u201e\u012evaldyk pinig\u0173 \u017eaidim\u0105\u201c \u2013\u00a0knyga, kurios lauk\u0117 milijonai \u017emoni\u0173. Knyga, kuri per artimiausius de\u0161imtme\u010dius pakeis milijon\u0173 gyvenimus. Tonis Robinsas\u00a0mok\u0117","og_url":"https:\/\/skaitytaknyga.lt\/en\/produktas\/ivaldyk-pinigu-zaidima\/","og_site_name":"Skaitytaknyga","article_publisher":"https:\/\/www.facebook.com\/skaitytaknyga\/","article_modified_time":"2025-10-07T05:12:30+00:00","og_image":[{"width":558,"height":801,"url":"https:\/\/skaitytaknyga.lt\/wp-content\/uploads\/2025\/05\/Ivaldyk-pinigu-zaidima.webp","type":"image\/webp"}],"twitter_card":"summary_large_image","twitter_misc":{"Estimated reading time":"1 minute"},"schema":{"@context":"https:\/\/schema.org","@graph":[{"@type":"WebPage","@id":"https:\/\/skaitytaknyga.lt\/produktas\/ivaldyk-pinigu-zaidima\/","url":"https:\/\/skaitytaknyga.lt\/produktas\/ivaldyk-pinigu-zaidima\/","name":"\u012evaldyk pinig\u0173 \u017eaidim\u0105","isPartOf":{"@id":"https:\/\/skaitytaknyga.lt\/#website"},"primaryImageOfPage":{"@id":"https:\/\/skaitytaknyga.lt\/produktas\/ivaldyk-pinigu-zaidima\/#primaryimage"},"image":{"@id":"https:\/\/skaitytaknyga.lt\/produktas\/ivaldyk-pinigu-zaidima\/#primaryimage"},"thumbnailUrl":"https:\/\/skaitytaknyga.lt\/wp-content\/uploads\/2025\/05\/Ivaldyk-pinigu-zaidima.webp","datePublished":"2025-05-18T15:24:34+00:00","dateModified":"2025-10-07T05:12:30+00:00","description":"\u201e\u012evaldyk pinig\u0173 \u017eaidim\u0105\u201c \u2013\u00a0knyga, kurios lauk\u0117 milijonai \u017emoni\u0173. Knyga, kuri per artimiausius de\u0161imtme\u010dius pakeis milijon\u0173 gyvenimus. Tonis Robinsas\u00a0mok\u0117","breadcrumb":{"@id":"https:\/\/skaitytaknyga.lt\/produktas\/ivaldyk-pinigu-zaidima\/#breadcrumb"},"inLanguage":"en-GB","potentialAction":[{"@type":"ReadAction","target":["https:\/\/skaitytaknyga.lt\/produktas\/ivaldyk-pinigu-zaidima\/"]}]},{"@type":"ImageObject","inLanguage":"en-GB","@id":"https:\/\/skaitytaknyga.lt\/produktas\/ivaldyk-pinigu-zaidima\/#primaryimage","url":"https:\/\/skaitytaknyga.lt\/wp-content\/uploads\/2025\/05\/Ivaldyk-pinigu-zaidima.webp","contentUrl":"https:\/\/skaitytaknyga.lt\/wp-content\/uploads\/2025\/05\/Ivaldyk-pinigu-zaidima.webp","width":558,"height":801,"caption":"\u012evaldyk pinig\u0173 \u017eaidim\u0105"},{"@type":"BreadcrumbList","@id":"https:\/\/skaitytaknyga.lt\/produktas\/ivaldyk-pinigu-zaidima\/#breadcrumb","itemListElement":[{"@type":"ListItem","position":1,"name":"Home","item":"https:\/\/skaitytaknyga.lt\/"},{"@type":"ListItem","position":2,"name":"Parduotuv\u0117","item":"https:\/\/skaitytaknyga.lt\/knygu-parduotuve\/"},{"@type":"ListItem","position":3,"name":"\u012evaldyk pinig\u0173 \u017eaidim\u0105"}]},{"@type":"WebSite","@id":"https:\/\/skaitytaknyga.lt\/#website","url":"https:\/\/skaitytaknyga.lt\/","name":"skaitytaknyga.lt","description":"Skaitytaknyga.lt \u2013 tai ma\u017eas \u0161eimos verslas, kuris prasid\u0117jo nuo meil\u0117s knygoms ir siekio i\u0161gelb\u0117ti knygas nuo likimo prie konteinerio. Kas vienam nereikalingas daiktas \u2013 kitam lobis, o mes esame tarpininkai, kurie padeda abiems tapti laimingesniems ???? \u017dinome kaip nelengva i\u0161gyventi ma\u017eiems verslams, tad nuo \u0161iol, \u010dia rasite ir kit\u0173, ma\u017e\u0173 \u0161eim\u0173 versl\u0173, rank\u0173 darbo, dovan\u0173 sau ir artimiesiems.","publisher":{"@id":"https:\/\/skaitytaknyga.lt\/#organization"},"potentialAction":[{"@type":"SearchAction","target":{"@type":"EntryPoint","urlTemplate":"https:\/\/skaitytaknyga.lt\/?s={search_term_string}"},"query-input":{"@type":"PropertyValueSpecification","valueRequired":true,"valueName":"search_term_string"}}],"inLanguage":"en-GB"},{"@type":"Organization","@id":"https:\/\/skaitytaknyga.lt\/#organization","name":"skaitytaknyga.lt","url":"https:\/\/skaitytaknyga.lt\/","logo":{"@type":"ImageObject","inLanguage":"en-GB","@id":"https:\/\/skaitytaknyga.lt\/#\/schema\/logo\/image\/","url":"https:\/\/skaitytaknyga.lt\/wp-content\/uploads\/2024\/05\/cropped-cropped-cropped-02_00843_jt3bggkj1j3HLc7SyY6rEUpg.jpeg","contentUrl":"https:\/\/skaitytaknyga.lt\/wp-content\/uploads\/2024\/05\/cropped-cropped-cropped-02_00843_jt3bggkj1j3HLc7SyY6rEUpg.jpeg","width":1600,"height":1600,"caption":"skaitytaknyga.lt"},"image":{"@id":"https:\/\/skaitytaknyga.lt\/#\/schema\/logo\/image\/"},"sameAs":["https:\/\/www.facebook.com\/skaitytaknyga\/"]}]}},"_links":{"self":[{"href":"https:\/\/skaitytaknyga.lt\/en\/wp-json\/wp\/v2\/product\/18396","targetHints":{"allow":["GET"]}}],"collection":[{"href":"https:\/\/skaitytaknyga.lt\/en\/wp-json\/wp\/v2\/product"}],"about":[{"href":"https:\/\/skaitytaknyga.lt\/en\/wp-json\/wp\/v2\/types\/product"}],"replies":[{"embeddable":true,"href":"https:\/\/skaitytaknyga.lt\/en\/wp-json\/wp\/v2\/comments?post=18396"}],"wp:featuredmedia":[{"embeddable":true,"href":"https:\/\/skaitytaknyga.lt\/en\/wp-json\/wp\/v2\/media\/18397"}],"wp:attachment":[{"href":"https:\/\/skaitytaknyga.lt\/en\/wp-json\/wp\/v2\/media?parent=18396"}],"wp:term":[{"taxonomy":"product_brand","embeddable":true,"href":"https:\/\/skaitytaknyga.lt\/en\/wp-json\/wp\/v2\/product_brand?post=18396"},{"taxonomy":"product_cat","embeddable":true,"href":"https:\/\/skaitytaknyga.lt\/en\/wp-json\/wp\/v2\/product_cat?post=18396"},{"taxonomy":"product_tag","embeddable":true,"href":"https:\/\/skaitytaknyga.lt\/en\/wp-json\/wp\/v2\/product_tag?post=18396"}],"curies":[{"name":"wp","href":"https:\/\/api.w.org\/{rel}","templated":true}]}}