{"id":18392,"date":"2025-05-18T18:12:34","date_gmt":"2025-05-18T15:12:34","guid":{"rendered":"https:\/\/skaitytaknyga.lt\/?post_type=product&#038;p=18392"},"modified":"2026-02-15T20:15:45","modified_gmt":"2026-02-15T18:15:45","slug":"ribos-kada-sakyti-taip-kaip-sakyti-ne-kad-patys-tvarkytumete-savo-gyvenima","status":"publish","type":"product","link":"https:\/\/skaitytaknyga.lt\/en\/produktas\/ribos-kada-sakyti-taip-kaip-sakyti-ne-kad-patys-tvarkytumete-savo-gyvenima\/","title":{"rendered":"Ribos. Kada sakyti \u201etaip\u201c, kaip sakyti \u201ene\u201c, kad patys tvarkytum\u0117te savo gyvenim\u0105"},"content":{"rendered":"<p>Jei norite gyventi sveikai ir harmoningai, privalote i\u0161siai\u0161kinti savo ribas.<\/p>\n<div class=\"description\">\n<div class=\"std\">Ribos \u2013 tai asmenin\u0117s atsakomyb\u0117s linijos, kurios apibr\u0117\u017eia, kas mes esame ir kas ne. Ribos \u012ftakoja visas gyvenimo sritis: fizin\u0117s ribos padeda mums nustatyti, kas ir kokiomis aplinkyb\u0117mis gali mus liesti, protin\u0117s ribos suteikia mums laisv\u0119 tur\u0117ti savo mintis ir nuomon\u0119, emocin\u0117s ribos padeda mums suvaldyti savo emocijas ir atsiriboti nuo \u017ealing\u0173 ir manipuliatyvi\u0173 kit\u0173 asmen\u0173 emocij\u0173, dvasin\u0117s ribos padeda mums atskirti Dievo vali\u0105 nuo m\u016bs\u0173 pa\u010di\u0173 valios ir atnaujinti pagarb\u0105 savo K\u016br\u0117jui. \u017dmon\u0117s da\u017enai taip stengiasi b\u016bti mylin\u010diais ir nesavanaud\u017eiais, kad u\u017emir\u0161ta savo pa\u010di\u0173 ribas ir ribotum\u0105.<\/div>\n<div class=\"std\"><\/div>\n<div class=\"std\">Susid\u016br\u0119 su rib\u0173 stoka savo gyvenime, jie klausia:<\/div>\n<div class=\"std\">\n<ul>\n<li>Ar galiu nustatyti ribas ir likti mylin\u010diu \u017emogumi?<\/li>\n<li>Kokios ribos yra teisingos?<\/li>\n<li>Ar mano ribos negali nuli\u016bdinti arba \u012fskaudinti kit\u0173 \u017emoni\u0173?<\/li>\n<li>Kaip atsakyti asmeniui, kuris pra\u0161o mano laiko, meil\u0117s, energijos ar pinig\u0173?<\/li>\n<li>Kod\u0117l jau\u010diu kalt\u0119, kai bandau nustatyti ribas?<\/li>\n<\/ul>\n<p><strong>Dr. Henry Cloud ir Dr. John Townsend\u00a0<\/strong>pateikia atsakymus \u012f \u0161iuos ir kitus sunkius klausimus ir parodo, kaip nustatyti sveikas ribas santykiuose su t\u0117vais, sutuoktiniu, vaikais, draugais, bendradarbiais ir net pa\u010diu savimi.<\/div>\n<\/div>\n","protected":false},"excerpt":{"rendered":"<p>Jei norite gyventi sveikai ir harmoningai, privalote i\u0161siai\u0161kinti savo ribas. Ribos \u2013 tai asmenin\u0117s atsakomyb\u0117s linijos, kurios apibr\u0117\u017eia, kas mes esame ir kas ne. Ribos \u012ftakoja visas gyvenimo sritis: fizin\u0117s ribos padeda mums nustatyti, kas ir kokiomis aplinkyb\u0117mis gali mus liesti, protin\u0117s ribos suteikia mums laisv\u0119 tur\u0117ti savo mintis ir nuomon\u0119, emocin\u0117s ribos padeda mums suvaldyti savo emocijas ir atsiriboti nuo \u017ealing\u0173 ir manipuliatyvi\u0173 kit\u0173 asmen\u0173 emocij\u0173, dvasin\u0117s ribos padeda mums atskirti Dievo vali\u0105 nuo m\u016bs\u0173 pa\u010di\u0173 valios ir atnaujinti pagarb\u0105 savo K\u016br\u0117jui. \u017dmon\u0117s da\u017enai taip stengiasi b\u016bti mylin\u010diais ir nesavanaud\u017eiais, kad u\u017emir\u0161ta savo pa\u010di\u0173 ribas ir ribotum\u0105. Susid\u016br\u0119 su rib\u0173 stoka savo gyvenime, jie klausia: Ar galiu nustatyti ribas ir likti mylin\u010diu \u017emogumi? Kokios ribos yra teisingos? Ar mano ribos negali nuli\u016bdinti arba \u012fskaudinti kit\u0173 \u017emoni\u0173? Kaip atsakyti asmeniui, kuris pra\u0161o mano laiko, meil\u0117s, energijos ar pinig\u0173? Kod\u0117l jau\u010diu kalt\u0119, kai bandau nustatyti ribas? Dr. Henry Cloud ir Dr. John Townsend\u00a0pateikia atsakymus \u012f \u0161iuos ir kitus sunkius klausimus ir parodo, kaip nustatyti sveikas ribas santykiuose su t\u0117vais, sutuoktiniu, vaikais, draugais, bendradarbiais ir net pa\u010diu savimi.<\/p>\n","protected":false},"featured_media":18393,"comment_status":"open","ping_status":"closed","template":"","meta":{"_acf_changed":false,"site-sidebar-layout":"default","site-content-layout":"","ast-site-content-layout":"default","site-content-style":"default","site-sidebar-style":"default","ast-global-header-display":"","ast-banner-title-visibility":"","ast-main-header-display":"","ast-hfb-above-header-display":"","ast-hfb-below-header-display":"","ast-hfb-mobile-header-display":"","site-post-title":"","ast-breadcrumbs-content":"","ast-featured-img":"","footer-sml-layout":"","ast-disable-related-posts":"","theme-transparent-header-meta":"","adv-header-id-meta":"","stick-header-meta":"","header-above-stick-meta":"","header-main-stick-meta":"","header-below-stick-meta":"","astra-migrate-meta-layouts":"default","ast-page-background-enabled":"default","ast-page-background-meta":{"desktop":{"background-color":"","background-image":"","background-repeat":"repeat","background-position":"center center","background-size":"auto","background-attachment":"scroll","background-type":"","background-media":"","overlay-type":"","overlay-color":"","overlay-opacity":"","overlay-gradient":""},"tablet":{"background-color":"","background-image":"","background-repeat":"repeat","background-position":"center center","background-size":"auto","background-attachment":"scroll","background-type":"","background-media":"","overlay-type":"","overlay-color":"","overlay-opacity":"","overlay-gradient":""},"mobile":{"background-color":"","background-image":"","background-repeat":"repeat","background-position":"center center","background-size":"auto","background-attachment":"scroll","background-type":"","background-media":"","overlay-type":"","overlay-color":"","overlay-opacity":"","overlay-gradient":""}},"ast-content-background-meta":{"desktop":{"background-color":"var(--ast-global-color-4)","background-image":"","background-repeat":"repeat","background-position":"center center","background-size":"auto","background-attachment":"scroll","background-type":"","background-media":"","overlay-type":"","overlay-color":"","overlay-opacity":"","overlay-gradient":""},"tablet":{"background-color":"var(--ast-global-color-4)","background-image":"","background-repeat":"repeat","background-position":"center center","background-size":"auto","background-attachment":"scroll","background-type":"","background-media":"","overlay-type":"","overlay-color":"","overlay-opacity":"","overlay-gradient":""},"mobile":{"background-color":"var(--ast-global-color-4)","background-image":"","background-repeat":"repeat","background-position":"center center","background-size":"auto","background-attachment":"scroll","background-type":"","background-media":"","overlay-type":"","overlay-color":"","overlay-opacity":"","overlay-gradient":""}}},"product_brand":[],"product_cat":[15],"product_tag":[3322,1397,3784,3785,1392,3783],"class_list":{"0":"post-18392","1":"product","2":"type-product","3":"status-publish","4":"has-post-thumbnail","6":"product_cat-uncategorized","7":"product_tag-asmeniniai-santykiai","8":"product_tag-emocinis-intelektas","9":"product_tag-henry-cloud","10":"product_tag-john-townsend","11":"product_tag-psichologija","12":"product_tag-ribos","13":"desktop-align-left","14":"tablet-align-left","15":"mobile-align-left","17":"first","18":"outofstock","19":"shipping-taxable","20":"purchasable","21":"product-type-simple"},"acf":[],"yoast_head":"<!-- This site is optimized with the Yoast SEO plugin v27.0 - https:\/\/yoast.com\/product\/yoast-seo-wordpress\/ -->\n<title>Ribos. Kada sakyti \u201etaip\u201c, kaip sakyti \u201ene\u201c, kad patys tvarkytum\u0117te savo gyvenim\u0105<\/title>\n<meta name=\"description\" content=\"Jei norite gyventi sveikai ir harmoningai, privalote i\u0161siai\u0161kinti savo ribas. Ribos \u2013 tai asmenin\u0117s atsakomyb\u0117s linijos, kurios apibr\u0117\u017eia, kas mes esame\" \/>\n<meta name=\"robots\" content=\"index, follow, max-snippet:-1, max-image-preview:large, max-video-preview:-1\" \/>\n<link rel=\"canonical\" href=\"https:\/\/skaitytaknyga.lt\/en\/produktas\/ribos-kada-sakyti-taip-kaip-sakyti-ne-kad-patys-tvarkytumete-savo-gyvenima\/\" \/>\n<meta property=\"og:locale\" content=\"en_GB\" \/>\n<meta property=\"og:locale:alternate\" content=\"lt_LT\" \/>\n<meta property=\"og:type\" content=\"article\" \/>\n<meta property=\"og:title\" content=\"Ribos. Kada sakyti \u201etaip\u201c, kaip sakyti \u201ene\u201c, kad patys tvarkytum\u0117te savo gyvenim\u0105\" \/>\n<meta property=\"og:description\" content=\"Jei norite gyventi sveikai ir harmoningai, privalote i\u0161siai\u0161kinti savo ribas. Ribos \u2013 tai asmenin\u0117s atsakomyb\u0117s linijos, kurios apibr\u0117\u017eia, kas mes esame\" \/>\n<meta property=\"og:url\" content=\"https:\/\/skaitytaknyga.lt\/en\/produktas\/ribos-kada-sakyti-taip-kaip-sakyti-ne-kad-patys-tvarkytumete-savo-gyvenima\/\" \/>\n<meta property=\"og:site_name\" content=\"Skaitytaknyga\" \/>\n<meta property=\"article:publisher\" content=\"https:\/\/www.facebook.com\/skaitytaknyga\/\" \/>\n<meta property=\"article:modified_time\" content=\"2026-02-15T18:15:45+00:00\" \/>\n<meta property=\"og:image\" content=\"https:\/\/skaitytaknyga.lt\/wp-content\/uploads\/2025\/05\/Ribos.-Kada-sakyti-\u201etaip-kaip-sakyti-\u201ene-kad-patys-tvarkytumete-savo-gyvenima.webp\" \/>\n\t<meta property=\"og:image:width\" content=\"566\" \/>\n\t<meta property=\"og:image:height\" content=\"801\" \/>\n\t<meta property=\"og:image:type\" content=\"image\/webp\" \/>\n<meta name=\"twitter:card\" content=\"summary_large_image\" \/>\n<meta name=\"twitter:label1\" content=\"Estimated reading time\" \/>\n\t<meta name=\"twitter:data1\" content=\"1 minute\" \/>\n<script type=\"application\/ld+json\" class=\"yoast-schema-graph\">{\"@context\":\"https:\/\/schema.org\",\"@graph\":[{\"@type\":\"WebPage\",\"@id\":\"https:\/\/skaitytaknyga.lt\/produktas\/ribos-kada-sakyti-taip-kaip-sakyti-ne-kad-patys-tvarkytumete-savo-gyvenima\/\",\"url\":\"https:\/\/skaitytaknyga.lt\/produktas\/ribos-kada-sakyti-taip-kaip-sakyti-ne-kad-patys-tvarkytumete-savo-gyvenima\/\",\"name\":\"Ribos. Kada sakyti \u201etaip\u201c, kaip sakyti \u201ene\u201c, kad patys tvarkytum\u0117te savo gyvenim\u0105\",\"isPartOf\":{\"@id\":\"https:\/\/skaitytaknyga.lt\/#website\"},\"primaryImageOfPage\":{\"@id\":\"https:\/\/skaitytaknyga.lt\/produktas\/ribos-kada-sakyti-taip-kaip-sakyti-ne-kad-patys-tvarkytumete-savo-gyvenima\/#primaryimage\"},\"image\":{\"@id\":\"https:\/\/skaitytaknyga.lt\/produktas\/ribos-kada-sakyti-taip-kaip-sakyti-ne-kad-patys-tvarkytumete-savo-gyvenima\/#primaryimage\"},\"thumbnailUrl\":\"https:\/\/skaitytaknyga.lt\/wp-content\/uploads\/2025\/05\/Ribos.-Kada-sakyti-\u201etaip-kaip-sakyti-\u201ene-kad-patys-tvarkytumete-savo-gyvenima.webp\",\"datePublished\":\"2025-05-18T15:12:34+00:00\",\"dateModified\":\"2026-02-15T18:15:45+00:00\",\"description\":\"Jei norite gyventi sveikai ir harmoningai, privalote i\u0161siai\u0161kinti savo ribas. Ribos \u2013 tai asmenin\u0117s atsakomyb\u0117s linijos, kurios apibr\u0117\u017eia, kas mes esame\",\"breadcrumb\":{\"@id\":\"https:\/\/skaitytaknyga.lt\/produktas\/ribos-kada-sakyti-taip-kaip-sakyti-ne-kad-patys-tvarkytumete-savo-gyvenima\/#breadcrumb\"},\"inLanguage\":\"en-GB\",\"potentialAction\":[{\"@type\":\"ReadAction\",\"target\":[\"https:\/\/skaitytaknyga.lt\/produktas\/ribos-kada-sakyti-taip-kaip-sakyti-ne-kad-patys-tvarkytumete-savo-gyvenima\/\"]}]},{\"@type\":\"ImageObject\",\"inLanguage\":\"en-GB\",\"@id\":\"https:\/\/skaitytaknyga.lt\/produktas\/ribos-kada-sakyti-taip-kaip-sakyti-ne-kad-patys-tvarkytumete-savo-gyvenima\/#primaryimage\",\"url\":\"https:\/\/skaitytaknyga.lt\/wp-content\/uploads\/2025\/05\/Ribos.-Kada-sakyti-\u201etaip-kaip-sakyti-\u201ene-kad-patys-tvarkytumete-savo-gyvenima.webp\",\"contentUrl\":\"https:\/\/skaitytaknyga.lt\/wp-content\/uploads\/2025\/05\/Ribos.-Kada-sakyti-\u201etaip-kaip-sakyti-\u201ene-kad-patys-tvarkytumete-savo-gyvenima.webp\",\"width\":566,\"height\":801,\"caption\":\"Ribos. Kada sakyti \u201etaip\u201c, kaip sakyti \u201ene\u201c, kad patys tvarkytum\u0117te savo gyvenim\u0105\"},{\"@type\":\"BreadcrumbList\",\"@id\":\"https:\/\/skaitytaknyga.lt\/produktas\/ribos-kada-sakyti-taip-kaip-sakyti-ne-kad-patys-tvarkytumete-savo-gyvenima\/#breadcrumb\",\"itemListElement\":[{\"@type\":\"ListItem\",\"position\":1,\"name\":\"Home\",\"item\":\"https:\/\/skaitytaknyga.lt\/\"},{\"@type\":\"ListItem\",\"position\":2,\"name\":\"Parduotuv\u0117\",\"item\":\"https:\/\/skaitytaknyga.lt\/knygu-parduotuve\/\"},{\"@type\":\"ListItem\",\"position\":3,\"name\":\"Ribos. Kada sakyti \u201etaip\u201c, kaip sakyti \u201ene\u201c, kad patys tvarkytum\u0117te savo gyvenim\u0105\"}]},{\"@type\":\"WebSite\",\"@id\":\"https:\/\/skaitytaknyga.lt\/#website\",\"url\":\"https:\/\/skaitytaknyga.lt\/\",\"name\":\"skaitytaknyga.lt\",\"description\":\"Skaitytaknyga.lt \u2013 tai ma\u017eas \u0161eimos verslas, kuris prasid\u0117jo nuo meil\u0117s knygoms ir siekio i\u0161gelb\u0117ti knygas nuo likimo prie konteinerio. Kas vienam nereikalingas daiktas \u2013 kitam lobis, o mes esame tarpininkai, kurie padeda abiems tapti laimingesniems ???? \u017dinome kaip nelengva i\u0161gyventi ma\u017eiems verslams, tad nuo \u0161iol, \u010dia rasite ir kit\u0173, ma\u017e\u0173 \u0161eim\u0173 versl\u0173, rank\u0173 darbo, dovan\u0173 sau ir artimiesiems.\",\"publisher\":{\"@id\":\"https:\/\/skaitytaknyga.lt\/#organization\"},\"potentialAction\":[{\"@type\":\"SearchAction\",\"target\":{\"@type\":\"EntryPoint\",\"urlTemplate\":\"https:\/\/skaitytaknyga.lt\/?s={search_term_string}\"},\"query-input\":{\"@type\":\"PropertyValueSpecification\",\"valueRequired\":true,\"valueName\":\"search_term_string\"}}],\"inLanguage\":\"en-GB\"},{\"@type\":\"Organization\",\"@id\":\"https:\/\/skaitytaknyga.lt\/#organization\",\"name\":\"skaitytaknyga.lt\",\"url\":\"https:\/\/skaitytaknyga.lt\/\",\"logo\":{\"@type\":\"ImageObject\",\"inLanguage\":\"en-GB\",\"@id\":\"https:\/\/skaitytaknyga.lt\/#\/schema\/logo\/image\/\",\"url\":\"https:\/\/skaitytaknyga.lt\/wp-content\/uploads\/2024\/05\/cropped-cropped-cropped-02_00843_jt3bggkj1j3HLc7SyY6rEUpg.jpeg\",\"contentUrl\":\"https:\/\/skaitytaknyga.lt\/wp-content\/uploads\/2024\/05\/cropped-cropped-cropped-02_00843_jt3bggkj1j3HLc7SyY6rEUpg.jpeg\",\"width\":1600,\"height\":1600,\"caption\":\"skaitytaknyga.lt\"},\"image\":{\"@id\":\"https:\/\/skaitytaknyga.lt\/#\/schema\/logo\/image\/\"},\"sameAs\":[\"https:\/\/www.facebook.com\/skaitytaknyga\/\"]}]}<\/script>\n<!-- \/ Yoast SEO plugin. -->","yoast_head_json":{"title":"Ribos. Kada sakyti \u201etaip\u201c, kaip sakyti \u201ene\u201c, kad patys tvarkytum\u0117te savo gyvenim\u0105","description":"Jei norite gyventi sveikai ir harmoningai, privalote i\u0161siai\u0161kinti savo ribas. Ribos \u2013 tai asmenin\u0117s atsakomyb\u0117s linijos, kurios apibr\u0117\u017eia, kas mes esame","robots":{"index":"index","follow":"follow","max-snippet":"max-snippet:-1","max-image-preview":"max-image-preview:large","max-video-preview":"max-video-preview:-1"},"canonical":"https:\/\/skaitytaknyga.lt\/en\/produktas\/ribos-kada-sakyti-taip-kaip-sakyti-ne-kad-patys-tvarkytumete-savo-gyvenima\/","og_locale":"en_GB","og_type":"article","og_title":"[:lt]Ribos. Kada sakyti \u201etaip\u201c, kaip sakyti \u201ene\u201c, kad patys tvarkytum\u0117te savo gyvenim\u0105[:] - Skaitytaknyga","og_description":"Jei norite gyventi sveikai ir harmoningai, privalote i\u0161siai\u0161kinti savo ribas. Ribos \u2013 tai asmenin\u0117s atsakomyb\u0117s linijos, kurios apibr\u0117\u017eia, kas mes esame","og_url":"https:\/\/skaitytaknyga.lt\/en\/produktas\/ribos-kada-sakyti-taip-kaip-sakyti-ne-kad-patys-tvarkytumete-savo-gyvenima\/","og_site_name":"Skaitytaknyga","article_publisher":"https:\/\/www.facebook.com\/skaitytaknyga\/","article_modified_time":"2026-02-15T18:15:45+00:00","og_image":[{"width":566,"height":801,"url":"https:\/\/skaitytaknyga.lt\/wp-content\/uploads\/2025\/05\/Ribos.-Kada-sakyti-\u201etaip-kaip-sakyti-\u201ene-kad-patys-tvarkytumete-savo-gyvenima.webp","type":"image\/webp"}],"twitter_card":"summary_large_image","twitter_misc":{"Estimated reading time":"1 minute"},"schema":{"@context":"https:\/\/schema.org","@graph":[{"@type":"WebPage","@id":"https:\/\/skaitytaknyga.lt\/produktas\/ribos-kada-sakyti-taip-kaip-sakyti-ne-kad-patys-tvarkytumete-savo-gyvenima\/","url":"https:\/\/skaitytaknyga.lt\/produktas\/ribos-kada-sakyti-taip-kaip-sakyti-ne-kad-patys-tvarkytumete-savo-gyvenima\/","name":"Ribos. Kada sakyti \u201etaip\u201c, kaip sakyti \u201ene\u201c, kad patys tvarkytum\u0117te savo gyvenim\u0105","isPartOf":{"@id":"https:\/\/skaitytaknyga.lt\/#website"},"primaryImageOfPage":{"@id":"https:\/\/skaitytaknyga.lt\/produktas\/ribos-kada-sakyti-taip-kaip-sakyti-ne-kad-patys-tvarkytumete-savo-gyvenima\/#primaryimage"},"image":{"@id":"https:\/\/skaitytaknyga.lt\/produktas\/ribos-kada-sakyti-taip-kaip-sakyti-ne-kad-patys-tvarkytumete-savo-gyvenima\/#primaryimage"},"thumbnailUrl":"https:\/\/skaitytaknyga.lt\/wp-content\/uploads\/2025\/05\/Ribos.-Kada-sakyti-\u201etaip-kaip-sakyti-\u201ene-kad-patys-tvarkytumete-savo-gyvenima.webp","datePublished":"2025-05-18T15:12:34+00:00","dateModified":"2026-02-15T18:15:45+00:00","description":"Jei norite gyventi sveikai ir harmoningai, privalote i\u0161siai\u0161kinti savo ribas. Ribos \u2013 tai asmenin\u0117s atsakomyb\u0117s linijos, kurios apibr\u0117\u017eia, kas mes esame","breadcrumb":{"@id":"https:\/\/skaitytaknyga.lt\/produktas\/ribos-kada-sakyti-taip-kaip-sakyti-ne-kad-patys-tvarkytumete-savo-gyvenima\/#breadcrumb"},"inLanguage":"en-GB","potentialAction":[{"@type":"ReadAction","target":["https:\/\/skaitytaknyga.lt\/produktas\/ribos-kada-sakyti-taip-kaip-sakyti-ne-kad-patys-tvarkytumete-savo-gyvenima\/"]}]},{"@type":"ImageObject","inLanguage":"en-GB","@id":"https:\/\/skaitytaknyga.lt\/produktas\/ribos-kada-sakyti-taip-kaip-sakyti-ne-kad-patys-tvarkytumete-savo-gyvenima\/#primaryimage","url":"https:\/\/skaitytaknyga.lt\/wp-content\/uploads\/2025\/05\/Ribos.-Kada-sakyti-\u201etaip-kaip-sakyti-\u201ene-kad-patys-tvarkytumete-savo-gyvenima.webp","contentUrl":"https:\/\/skaitytaknyga.lt\/wp-content\/uploads\/2025\/05\/Ribos.-Kada-sakyti-\u201etaip-kaip-sakyti-\u201ene-kad-patys-tvarkytumete-savo-gyvenima.webp","width":566,"height":801,"caption":"Ribos. Kada sakyti \u201etaip\u201c, kaip sakyti \u201ene\u201c, kad patys tvarkytum\u0117te savo gyvenim\u0105"},{"@type":"BreadcrumbList","@id":"https:\/\/skaitytaknyga.lt\/produktas\/ribos-kada-sakyti-taip-kaip-sakyti-ne-kad-patys-tvarkytumete-savo-gyvenima\/#breadcrumb","itemListElement":[{"@type":"ListItem","position":1,"name":"Home","item":"https:\/\/skaitytaknyga.lt\/"},{"@type":"ListItem","position":2,"name":"Parduotuv\u0117","item":"https:\/\/skaitytaknyga.lt\/knygu-parduotuve\/"},{"@type":"ListItem","position":3,"name":"Ribos. Kada sakyti \u201etaip\u201c, kaip sakyti \u201ene\u201c, kad patys tvarkytum\u0117te savo gyvenim\u0105"}]},{"@type":"WebSite","@id":"https:\/\/skaitytaknyga.lt\/#website","url":"https:\/\/skaitytaknyga.lt\/","name":"skaitytaknyga.lt","description":"Skaitytaknyga.lt \u2013 tai ma\u017eas \u0161eimos verslas, kuris prasid\u0117jo nuo meil\u0117s knygoms ir siekio i\u0161gelb\u0117ti knygas nuo likimo prie konteinerio. Kas vienam nereikalingas daiktas \u2013 kitam lobis, o mes esame tarpininkai, kurie padeda abiems tapti laimingesniems ???? \u017dinome kaip nelengva i\u0161gyventi ma\u017eiems verslams, tad nuo \u0161iol, \u010dia rasite ir kit\u0173, ma\u017e\u0173 \u0161eim\u0173 versl\u0173, rank\u0173 darbo, dovan\u0173 sau ir artimiesiems.","publisher":{"@id":"https:\/\/skaitytaknyga.lt\/#organization"},"potentialAction":[{"@type":"SearchAction","target":{"@type":"EntryPoint","urlTemplate":"https:\/\/skaitytaknyga.lt\/?s={search_term_string}"},"query-input":{"@type":"PropertyValueSpecification","valueRequired":true,"valueName":"search_term_string"}}],"inLanguage":"en-GB"},{"@type":"Organization","@id":"https:\/\/skaitytaknyga.lt\/#organization","name":"skaitytaknyga.lt","url":"https:\/\/skaitytaknyga.lt\/","logo":{"@type":"ImageObject","inLanguage":"en-GB","@id":"https:\/\/skaitytaknyga.lt\/#\/schema\/logo\/image\/","url":"https:\/\/skaitytaknyga.lt\/wp-content\/uploads\/2024\/05\/cropped-cropped-cropped-02_00843_jt3bggkj1j3HLc7SyY6rEUpg.jpeg","contentUrl":"https:\/\/skaitytaknyga.lt\/wp-content\/uploads\/2024\/05\/cropped-cropped-cropped-02_00843_jt3bggkj1j3HLc7SyY6rEUpg.jpeg","width":1600,"height":1600,"caption":"skaitytaknyga.lt"},"image":{"@id":"https:\/\/skaitytaknyga.lt\/#\/schema\/logo\/image\/"},"sameAs":["https:\/\/www.facebook.com\/skaitytaknyga\/"]}]}},"_links":{"self":[{"href":"https:\/\/skaitytaknyga.lt\/en\/wp-json\/wp\/v2\/product\/18392","targetHints":{"allow":["GET"]}}],"collection":[{"href":"https:\/\/skaitytaknyga.lt\/en\/wp-json\/wp\/v2\/product"}],"about":[{"href":"https:\/\/skaitytaknyga.lt\/en\/wp-json\/wp\/v2\/types\/product"}],"replies":[{"embeddable":true,"href":"https:\/\/skaitytaknyga.lt\/en\/wp-json\/wp\/v2\/comments?post=18392"}],"wp:featuredmedia":[{"embeddable":true,"href":"https:\/\/skaitytaknyga.lt\/en\/wp-json\/wp\/v2\/media\/18393"}],"wp:attachment":[{"href":"https:\/\/skaitytaknyga.lt\/en\/wp-json\/wp\/v2\/media?parent=18392"}],"wp:term":[{"taxonomy":"product_brand","embeddable":true,"href":"https:\/\/skaitytaknyga.lt\/en\/wp-json\/wp\/v2\/product_brand?post=18392"},{"taxonomy":"product_cat","embeddable":true,"href":"https:\/\/skaitytaknyga.lt\/en\/wp-json\/wp\/v2\/product_cat?post=18392"},{"taxonomy":"product_tag","embeddable":true,"href":"https:\/\/skaitytaknyga.lt\/en\/wp-json\/wp\/v2\/product_tag?post=18392"}],"curies":[{"name":"wp","href":"https:\/\/api.w.org\/{rel}","templated":true}]}}