{"id":18388,"date":"2025-05-18T18:05:56","date_gmt":"2025-05-18T15:05:56","guid":{"rendered":"https:\/\/skaitytaknyga.lt\/?post_type=product&#038;p=18388"},"modified":"2025-05-19T09:39:36","modified_gmt":"2025-05-19T06:39:36","slug":"nebijok-gyventi","status":"publish","type":"product","link":"https:\/\/skaitytaknyga.lt\/en\/produktas\/nebijok-gyventi\/","title":{"rendered":"Nebijok gyventi!"},"content":{"rendered":"<p>Knygoje\u00a0<strong>\u201eNebijok gyventi&#8221;\u00a0<\/strong>pateikta i\u0161sami ir paprasta saviugdos programa, kuri pad\u0117s jums pakeisti daugel\u012f savo gyvenimo sri\u010di\u0173. Jei laikysit\u0117s programos punkt\u0173, tapsite sveikesni, ramesni, labiau patenkinti, nebijosite u\u017esibr\u0117\u017eti dideli\u0173 tiksl\u0173. Programos paskirtis yra pad\u0117ti jums realizuoti tikr\u0105sias savo galimybes.<\/p>\n<p><em>Seniai jau nor\u0117jau pra\u0161yti knyg\u0105 \u201eNebijok gyventi&#8221;&#8230; Tai i\u0161samus vadovas, pad\u0117siantis jums atskleisti tikr\u0105sias savo galimybes ir pakilti \u012f s\u0117km\u0117s auk\u0161tumas&#8230; Visi galime lavintis ir tobul\u0117ti, jei tik vadovausim\u0117s didingo gyvenimo filosofija ir \u012fvaldysime saviugdos metodus.&#8221;<\/em><br \/>\nRobin Sharma<\/p>\n<p>\u0160ioje nepaprastoje knygoje\u00a0<strong>\u201e<a class=\"listitem4\">Nebijok gyventi&#8221;\u00a0<\/a><\/strong>su\u017einosite:<br \/>\n\u2022 Du \u0161imtus laimingo gyvenimo paslap\u010di\u0173<br \/>\n\u2022 Daug proto, dvasios ir k\u016bno lavinimo b\u016bd\u0173<br \/>\n\u2022 Tiksl\u0173 u\u017esibr\u0117\u017eimo formul\u0119<br \/>\n\u2022 Kaip moko siekti s\u0117km\u0117s Ryt\u0173 ir Vakar\u0173 i\u0161mintis<\/p>\n<p>J\u016bs i\u0161moksite:<br \/>\n\u2022 Atsikratyti \u017ealing\u0173 \u012fpro\u010di\u0173<br \/>\n\u2022 U\u017emegzti tvirtus ir ilgalaikius santykius<br \/>\n\u2022 Neskub\u0117ti ir visur sp\u0117ti<br \/>\n\u2022 Ramiai gyventi sumai\u0161tingame \u0161i\u0173 dien\u0173 pasaulyje<\/p>\n","protected":false},"excerpt":{"rendered":"<p>Knygoje\u00a0\u201eNebijok gyventi&#8221;\u00a0pateikta i\u0161sami ir paprasta saviugdos programa, kuri pad\u0117s jums pakeisti daugel\u012f savo gyvenimo sri\u010di\u0173. Jei laikysit\u0117s programos punkt\u0173, tapsite sveikesni, ramesni, labiau patenkinti, nebijosite u\u017esibr\u0117\u017eti dideli\u0173 tiksl\u0173. Programos paskirtis yra pad\u0117ti jums realizuoti tikr\u0105sias savo galimybes. Seniai jau nor\u0117jau pra\u0161yti knyg\u0105 \u201eNebijok gyventi&#8221;&#8230; Tai i\u0161samus vadovas, pad\u0117siantis jums atskleisti tikr\u0105sias savo galimybes ir pakilti \u012f s\u0117km\u0117s auk\u0161tumas&#8230; Visi galime lavintis ir tobul\u0117ti, jei tik vadovausim\u0117s didingo gyvenimo filosofija ir \u012fvaldysime saviugdos metodus.&#8221; Robin Sharma \u0160ioje nepaprastoje knygoje\u00a0\u201eNebijok gyventi&#8221;\u00a0su\u017einosite: \u2022 Du \u0161imtus laimingo gyvenimo paslap\u010di\u0173 \u2022 Daug proto, dvasios ir k\u016bno lavinimo b\u016bd\u0173 \u2022 Tiksl\u0173 u\u017esibr\u0117\u017eimo formul\u0119 \u2022 Kaip moko siekti s\u0117km\u0117s Ryt\u0173 ir Vakar\u0173 i\u0161mintis J\u016bs i\u0161moksite: \u2022 Atsikratyti \u017ealing\u0173 \u012fpro\u010di\u0173 \u2022 U\u017emegzti tvirtus ir ilgalaikius santykius \u2022 Neskub\u0117ti ir visur sp\u0117ti \u2022 Ramiai gyventi sumai\u0161tingame \u0161i\u0173 dien\u0173 pasaulyje<\/p>\n","protected":false},"featured_media":18391,"comment_status":"open","ping_status":"closed","template":"","meta":{"_acf_changed":false,"site-sidebar-layout":"default","site-content-layout":"","ast-site-content-layout":"default","site-content-style":"default","site-sidebar-style":"default","ast-global-header-display":"","ast-banner-title-visibility":"","ast-main-header-display":"","ast-hfb-above-header-display":"","ast-hfb-below-header-display":"","ast-hfb-mobile-header-display":"","site-post-title":"","ast-breadcrumbs-content":"","ast-featured-img":"","footer-sml-layout":"","ast-disable-related-posts":"","theme-transparent-header-meta":"","adv-header-id-meta":"","stick-header-meta":"","header-above-stick-meta":"","header-main-stick-meta":"","header-below-stick-meta":"","astra-migrate-meta-layouts":"default","ast-page-background-enabled":"default","ast-page-background-meta":{"desktop":{"background-color":"","background-image":"","background-repeat":"repeat","background-position":"center center","background-size":"auto","background-attachment":"scroll","background-type":"","background-media":"","overlay-type":"","overlay-color":"","overlay-opacity":"","overlay-gradient":""},"tablet":{"background-color":"","background-image":"","background-repeat":"repeat","background-position":"center center","background-size":"auto","background-attachment":"scroll","background-type":"","background-media":"","overlay-type":"","overlay-color":"","overlay-opacity":"","overlay-gradient":""},"mobile":{"background-color":"","background-image":"","background-repeat":"repeat","background-position":"center center","background-size":"auto","background-attachment":"scroll","background-type":"","background-media":"","overlay-type":"","overlay-color":"","overlay-opacity":"","overlay-gradient":""}},"ast-content-background-meta":{"desktop":{"background-color":"var(--ast-global-color-4)","background-image":"","background-repeat":"repeat","background-position":"center center","background-size":"auto","background-attachment":"scroll","background-type":"","background-media":"","overlay-type":"","overlay-color":"","overlay-opacity":"","overlay-gradient":""},"tablet":{"background-color":"var(--ast-global-color-4)","background-image":"","background-repeat":"repeat","background-position":"center center","background-size":"auto","background-attachment":"scroll","background-type":"","background-media":"","overlay-type":"","overlay-color":"","overlay-opacity":"","overlay-gradient":""},"mobile":{"background-color":"var(--ast-global-color-4)","background-image":"","background-repeat":"repeat","background-position":"center center","background-size":"auto","background-attachment":"scroll","background-type":"","background-media":"","overlay-type":"","overlay-color":"","overlay-opacity":"","overlay-gradient":""}}},"product_brand":[],"product_cat":[15],"product_tag":[1627,1409,3666,3118],"class_list":{"0":"post-18388","1":"product","2":"type-product","3":"status-publish","4":"has-post-thumbnail","6":"product_cat-uncategorized","7":"product_tag-gyvenimo-prasme","8":"product_tag-motyvacija","9":"product_tag-pokyciai","10":"product_tag-robin-s-sharma","11":"desktop-align-left","12":"tablet-align-left","13":"mobile-align-left","15":"first","16":"instock","17":"shipping-taxable","18":"purchasable","19":"product-type-simple"},"acf":[],"yoast_head":"<!-- This site is optimized with the Yoast SEO plugin v27.0 - https:\/\/yoast.com\/product\/yoast-seo-wordpress\/ -->\n<title>Nebijok gyventi!<\/title>\n<meta name=\"description\" content=\"Knygoje\u00a0\u201eNebijok gyventi&quot;\u00a0pateikta i\u0161sami ir paprasta saviugdos programa, kuri pad\u0117s jums pakeisti daugel\u012f savo gyvenimo sri\u010di\u0173. Jei laikysit\u0117s programos\" \/>\n<meta name=\"robots\" content=\"index, follow, max-snippet:-1, max-image-preview:large, max-video-preview:-1\" \/>\n<link rel=\"canonical\" href=\"https:\/\/skaitytaknyga.lt\/en\/produktas\/nebijok-gyventi\/\" \/>\n<meta property=\"og:locale\" content=\"en_GB\" \/>\n<meta property=\"og:locale:alternate\" content=\"lt_LT\" \/>\n<meta property=\"og:type\" content=\"article\" \/>\n<meta property=\"og:title\" content=\"Nebijok gyventi!\" \/>\n<meta property=\"og:description\" content=\"Knygoje\u00a0\u201eNebijok gyventi&quot;\u00a0pateikta i\u0161sami ir paprasta saviugdos programa, kuri pad\u0117s jums pakeisti daugel\u012f savo gyvenimo sri\u010di\u0173. Jei laikysit\u0117s programos\" \/>\n<meta property=\"og:url\" content=\"https:\/\/skaitytaknyga.lt\/en\/produktas\/nebijok-gyventi\/\" \/>\n<meta property=\"og:site_name\" content=\"Skaitytaknyga\" \/>\n<meta property=\"article:publisher\" content=\"https:\/\/www.facebook.com\/skaitytaknyga\/\" \/>\n<meta property=\"article:modified_time\" content=\"2025-05-19T06:39:36+00:00\" \/>\n<meta property=\"og:image\" content=\"https:\/\/skaitytaknyga.lt\/wp-content\/uploads\/2025\/05\/Nebijok-gyventi.webp\" \/>\n\t<meta property=\"og:image:width\" content=\"550\" \/>\n\t<meta property=\"og:image:height\" content=\"801\" \/>\n\t<meta property=\"og:image:type\" content=\"image\/webp\" \/>\n<meta name=\"twitter:card\" content=\"summary_large_image\" \/>\n<meta name=\"twitter:label1\" content=\"Estimated reading time\" \/>\n\t<meta name=\"twitter:data1\" content=\"1 minute\" \/>\n<script type=\"application\/ld+json\" class=\"yoast-schema-graph\">{\"@context\":\"https:\/\/schema.org\",\"@graph\":[{\"@type\":\"WebPage\",\"@id\":\"https:\/\/skaitytaknyga.lt\/produktas\/nebijok-gyventi\/\",\"url\":\"https:\/\/skaitytaknyga.lt\/produktas\/nebijok-gyventi\/\",\"name\":\"Nebijok gyventi!\",\"isPartOf\":{\"@id\":\"https:\/\/skaitytaknyga.lt\/#website\"},\"primaryImageOfPage\":{\"@id\":\"https:\/\/skaitytaknyga.lt\/produktas\/nebijok-gyventi\/#primaryimage\"},\"image\":{\"@id\":\"https:\/\/skaitytaknyga.lt\/produktas\/nebijok-gyventi\/#primaryimage\"},\"thumbnailUrl\":\"https:\/\/skaitytaknyga.lt\/wp-content\/uploads\/2025\/05\/Nebijok-gyventi.webp\",\"datePublished\":\"2025-05-18T15:05:56+00:00\",\"dateModified\":\"2025-05-19T06:39:36+00:00\",\"description\":\"Knygoje\u00a0\u201eNebijok gyventi\\\"\u00a0pateikta i\u0161sami ir paprasta saviugdos programa, kuri pad\u0117s jums pakeisti daugel\u012f savo gyvenimo sri\u010di\u0173. Jei laikysit\u0117s programos\",\"breadcrumb\":{\"@id\":\"https:\/\/skaitytaknyga.lt\/produktas\/nebijok-gyventi\/#breadcrumb\"},\"inLanguage\":\"en-GB\",\"potentialAction\":[{\"@type\":\"ReadAction\",\"target\":[\"https:\/\/skaitytaknyga.lt\/produktas\/nebijok-gyventi\/\"]}]},{\"@type\":\"ImageObject\",\"inLanguage\":\"en-GB\",\"@id\":\"https:\/\/skaitytaknyga.lt\/produktas\/nebijok-gyventi\/#primaryimage\",\"url\":\"https:\/\/skaitytaknyga.lt\/wp-content\/uploads\/2025\/05\/Nebijok-gyventi.webp\",\"contentUrl\":\"https:\/\/skaitytaknyga.lt\/wp-content\/uploads\/2025\/05\/Nebijok-gyventi.webp\",\"width\":550,\"height\":801,\"caption\":\"Nebijok gyventi!\"},{\"@type\":\"BreadcrumbList\",\"@id\":\"https:\/\/skaitytaknyga.lt\/produktas\/nebijok-gyventi\/#breadcrumb\",\"itemListElement\":[{\"@type\":\"ListItem\",\"position\":1,\"name\":\"Home\",\"item\":\"https:\/\/skaitytaknyga.lt\/\"},{\"@type\":\"ListItem\",\"position\":2,\"name\":\"Parduotuv\u0117\",\"item\":\"https:\/\/skaitytaknyga.lt\/knygu-parduotuve\/\"},{\"@type\":\"ListItem\",\"position\":3,\"name\":\"Nebijok gyventi!\"}]},{\"@type\":\"WebSite\",\"@id\":\"https:\/\/skaitytaknyga.lt\/#website\",\"url\":\"https:\/\/skaitytaknyga.lt\/\",\"name\":\"skaitytaknyga.lt\",\"description\":\"Skaitytaknyga.lt \u2013 tai ma\u017eas \u0161eimos verslas, kuris prasid\u0117jo nuo meil\u0117s knygoms ir siekio i\u0161gelb\u0117ti knygas nuo likimo prie konteinerio. Kas vienam nereikalingas daiktas \u2013 kitam lobis, o mes esame tarpininkai, kurie padeda abiems tapti laimingesniems ???? \u017dinome kaip nelengva i\u0161gyventi ma\u017eiems verslams, tad nuo \u0161iol, \u010dia rasite ir kit\u0173, ma\u017e\u0173 \u0161eim\u0173 versl\u0173, rank\u0173 darbo, dovan\u0173 sau ir artimiesiems.\",\"publisher\":{\"@id\":\"https:\/\/skaitytaknyga.lt\/#organization\"},\"potentialAction\":[{\"@type\":\"SearchAction\",\"target\":{\"@type\":\"EntryPoint\",\"urlTemplate\":\"https:\/\/skaitytaknyga.lt\/?s={search_term_string}\"},\"query-input\":{\"@type\":\"PropertyValueSpecification\",\"valueRequired\":true,\"valueName\":\"search_term_string\"}}],\"inLanguage\":\"en-GB\"},{\"@type\":\"Organization\",\"@id\":\"https:\/\/skaitytaknyga.lt\/#organization\",\"name\":\"skaitytaknyga.lt\",\"url\":\"https:\/\/skaitytaknyga.lt\/\",\"logo\":{\"@type\":\"ImageObject\",\"inLanguage\":\"en-GB\",\"@id\":\"https:\/\/skaitytaknyga.lt\/#\/schema\/logo\/image\/\",\"url\":\"https:\/\/skaitytaknyga.lt\/wp-content\/uploads\/2024\/05\/cropped-cropped-cropped-02_00843_jt3bggkj1j3HLc7SyY6rEUpg.jpeg\",\"contentUrl\":\"https:\/\/skaitytaknyga.lt\/wp-content\/uploads\/2024\/05\/cropped-cropped-cropped-02_00843_jt3bggkj1j3HLc7SyY6rEUpg.jpeg\",\"width\":1600,\"height\":1600,\"caption\":\"skaitytaknyga.lt\"},\"image\":{\"@id\":\"https:\/\/skaitytaknyga.lt\/#\/schema\/logo\/image\/\"},\"sameAs\":[\"https:\/\/www.facebook.com\/skaitytaknyga\/\"]}]}<\/script>\n<!-- \/ Yoast SEO plugin. -->","yoast_head_json":{"title":"Nebijok gyventi!","description":"Knygoje\u00a0\u201eNebijok gyventi\"\u00a0pateikta i\u0161sami ir paprasta saviugdos programa, kuri pad\u0117s jums pakeisti daugel\u012f savo gyvenimo sri\u010di\u0173. Jei laikysit\u0117s programos","robots":{"index":"index","follow":"follow","max-snippet":"max-snippet:-1","max-image-preview":"max-image-preview:large","max-video-preview":"max-video-preview:-1"},"canonical":"https:\/\/skaitytaknyga.lt\/en\/produktas\/nebijok-gyventi\/","og_locale":"en_GB","og_type":"article","og_title":"[:lt]Nebijok gyventi![:] - Skaitytaknyga","og_description":"Knygoje\u00a0\u201eNebijok gyventi\"\u00a0pateikta i\u0161sami ir paprasta saviugdos programa, kuri pad\u0117s jums pakeisti daugel\u012f savo gyvenimo sri\u010di\u0173. Jei laikysit\u0117s programos","og_url":"https:\/\/skaitytaknyga.lt\/en\/produktas\/nebijok-gyventi\/","og_site_name":"Skaitytaknyga","article_publisher":"https:\/\/www.facebook.com\/skaitytaknyga\/","article_modified_time":"2025-05-19T06:39:36+00:00","og_image":[{"width":550,"height":801,"url":"https:\/\/skaitytaknyga.lt\/wp-content\/uploads\/2025\/05\/Nebijok-gyventi.webp","type":"image\/webp"}],"twitter_card":"summary_large_image","twitter_misc":{"Estimated reading time":"1 minute"},"schema":{"@context":"https:\/\/schema.org","@graph":[{"@type":"WebPage","@id":"https:\/\/skaitytaknyga.lt\/produktas\/nebijok-gyventi\/","url":"https:\/\/skaitytaknyga.lt\/produktas\/nebijok-gyventi\/","name":"Nebijok gyventi!","isPartOf":{"@id":"https:\/\/skaitytaknyga.lt\/#website"},"primaryImageOfPage":{"@id":"https:\/\/skaitytaknyga.lt\/produktas\/nebijok-gyventi\/#primaryimage"},"image":{"@id":"https:\/\/skaitytaknyga.lt\/produktas\/nebijok-gyventi\/#primaryimage"},"thumbnailUrl":"https:\/\/skaitytaknyga.lt\/wp-content\/uploads\/2025\/05\/Nebijok-gyventi.webp","datePublished":"2025-05-18T15:05:56+00:00","dateModified":"2025-05-19T06:39:36+00:00","description":"Knygoje\u00a0\u201eNebijok gyventi\"\u00a0pateikta i\u0161sami ir paprasta saviugdos programa, kuri pad\u0117s jums pakeisti daugel\u012f savo gyvenimo sri\u010di\u0173. Jei laikysit\u0117s programos","breadcrumb":{"@id":"https:\/\/skaitytaknyga.lt\/produktas\/nebijok-gyventi\/#breadcrumb"},"inLanguage":"en-GB","potentialAction":[{"@type":"ReadAction","target":["https:\/\/skaitytaknyga.lt\/produktas\/nebijok-gyventi\/"]}]},{"@type":"ImageObject","inLanguage":"en-GB","@id":"https:\/\/skaitytaknyga.lt\/produktas\/nebijok-gyventi\/#primaryimage","url":"https:\/\/skaitytaknyga.lt\/wp-content\/uploads\/2025\/05\/Nebijok-gyventi.webp","contentUrl":"https:\/\/skaitytaknyga.lt\/wp-content\/uploads\/2025\/05\/Nebijok-gyventi.webp","width":550,"height":801,"caption":"Nebijok gyventi!"},{"@type":"BreadcrumbList","@id":"https:\/\/skaitytaknyga.lt\/produktas\/nebijok-gyventi\/#breadcrumb","itemListElement":[{"@type":"ListItem","position":1,"name":"Home","item":"https:\/\/skaitytaknyga.lt\/"},{"@type":"ListItem","position":2,"name":"Parduotuv\u0117","item":"https:\/\/skaitytaknyga.lt\/knygu-parduotuve\/"},{"@type":"ListItem","position":3,"name":"Nebijok gyventi!"}]},{"@type":"WebSite","@id":"https:\/\/skaitytaknyga.lt\/#website","url":"https:\/\/skaitytaknyga.lt\/","name":"skaitytaknyga.lt","description":"Skaitytaknyga.lt \u2013 tai ma\u017eas \u0161eimos verslas, kuris prasid\u0117jo nuo meil\u0117s knygoms ir siekio i\u0161gelb\u0117ti knygas nuo likimo prie konteinerio. Kas vienam nereikalingas daiktas \u2013 kitam lobis, o mes esame tarpininkai, kurie padeda abiems tapti laimingesniems ???? \u017dinome kaip nelengva i\u0161gyventi ma\u017eiems verslams, tad nuo \u0161iol, \u010dia rasite ir kit\u0173, ma\u017e\u0173 \u0161eim\u0173 versl\u0173, rank\u0173 darbo, dovan\u0173 sau ir artimiesiems.","publisher":{"@id":"https:\/\/skaitytaknyga.lt\/#organization"},"potentialAction":[{"@type":"SearchAction","target":{"@type":"EntryPoint","urlTemplate":"https:\/\/skaitytaknyga.lt\/?s={search_term_string}"},"query-input":{"@type":"PropertyValueSpecification","valueRequired":true,"valueName":"search_term_string"}}],"inLanguage":"en-GB"},{"@type":"Organization","@id":"https:\/\/skaitytaknyga.lt\/#organization","name":"skaitytaknyga.lt","url":"https:\/\/skaitytaknyga.lt\/","logo":{"@type":"ImageObject","inLanguage":"en-GB","@id":"https:\/\/skaitytaknyga.lt\/#\/schema\/logo\/image\/","url":"https:\/\/skaitytaknyga.lt\/wp-content\/uploads\/2024\/05\/cropped-cropped-cropped-02_00843_jt3bggkj1j3HLc7SyY6rEUpg.jpeg","contentUrl":"https:\/\/skaitytaknyga.lt\/wp-content\/uploads\/2024\/05\/cropped-cropped-cropped-02_00843_jt3bggkj1j3HLc7SyY6rEUpg.jpeg","width":1600,"height":1600,"caption":"skaitytaknyga.lt"},"image":{"@id":"https:\/\/skaitytaknyga.lt\/#\/schema\/logo\/image\/"},"sameAs":["https:\/\/www.facebook.com\/skaitytaknyga\/"]}]}},"_links":{"self":[{"href":"https:\/\/skaitytaknyga.lt\/en\/wp-json\/wp\/v2\/product\/18388","targetHints":{"allow":["GET"]}}],"collection":[{"href":"https:\/\/skaitytaknyga.lt\/en\/wp-json\/wp\/v2\/product"}],"about":[{"href":"https:\/\/skaitytaknyga.lt\/en\/wp-json\/wp\/v2\/types\/product"}],"replies":[{"embeddable":true,"href":"https:\/\/skaitytaknyga.lt\/en\/wp-json\/wp\/v2\/comments?post=18388"}],"wp:featuredmedia":[{"embeddable":true,"href":"https:\/\/skaitytaknyga.lt\/en\/wp-json\/wp\/v2\/media\/18391"}],"wp:attachment":[{"href":"https:\/\/skaitytaknyga.lt\/en\/wp-json\/wp\/v2\/media?parent=18388"}],"wp:term":[{"taxonomy":"product_brand","embeddable":true,"href":"https:\/\/skaitytaknyga.lt\/en\/wp-json\/wp\/v2\/product_brand?post=18388"},{"taxonomy":"product_cat","embeddable":true,"href":"https:\/\/skaitytaknyga.lt\/en\/wp-json\/wp\/v2\/product_cat?post=18388"},{"taxonomy":"product_tag","embeddable":true,"href":"https:\/\/skaitytaknyga.lt\/en\/wp-json\/wp\/v2\/product_tag?post=18388"}],"curies":[{"name":"wp","href":"https:\/\/api.w.org\/{rel}","templated":true}]}}