{"id":18386,"date":"2025-05-18T18:05:56","date_gmt":"2025-05-18T15:05:56","guid":{"rendered":"https:\/\/skaitytaknyga.lt\/?post_type=product&#038;p=18386"},"modified":"2025-05-19T09:39:36","modified_gmt":"2025-05-19T06:39:36","slug":"pradekite-kur-esate","status":"publish","type":"product","link":"https:\/\/skaitytaknyga.lt\/en\/produktas\/pradekite-kur-esate\/","title":{"rendered":"Prad\u0117kite, kur esate"},"content":{"rendered":"<p>\u0160i knyga yra autoriaus i\u0161pa\u017eintis apie savo nueit\u0105 keli\u0105. Krisas Gardneris labai nuo\u0161ird\u017eiai, detaliai ir be joki\u0173 pagra\u017einim\u0173 pasakoja, kaip jam pavyko pakilti \u012f verslo s\u0117km\u0117s vir\u0161\u016bn\u0119 ir kokias pamokas jis tur\u0117jo i\u0161mokti, kad tai gal\u0173 gale \u012fvykt\u0173. U\u017eaug\u0119s aplinkoje, kuri \u201enieko gero ne\u017ead\u0117jo\u201c, jis labai anksti susik\u016br\u0117 \u0161viesi\u0105 vizij\u0105 ir paskui nepailsdamas jos siek\u0117 &#8211; \u201ekal\u0117 savo priekal\u0105\u201c, kaip sako jis pats, ir pad\u0117jo tai daryti kitiems.<\/p>\n<p>Krisas Gardneris sako &#8211; ir iliustruoja tai gyvais pavyzd\u017eiais \u2013 kad net sunkiomis s\u0105ligomis m\u016bs\u0173 galimyb\u0117s niekur nedingsta ir kad mes visada galime \u201esiekti savo tolimiausios \u017evaig\u017ed\u0117s\u201c.<\/p>\n","protected":false},"excerpt":{"rendered":"<p>\u0160i knyga yra autoriaus i\u0161pa\u017eintis apie savo nueit\u0105 keli\u0105. Krisas Gardneris labai nuo\u0161ird\u017eiai, detaliai ir be joki\u0173 pagra\u017einim\u0173 pasakoja, kaip jam pavyko pakilti \u012f verslo s\u0117km\u0117s vir\u0161\u016bn\u0119 ir kokias pamokas jis tur\u0117jo i\u0161mokti, kad tai gal\u0173 gale \u012fvykt\u0173. U\u017eaug\u0119s aplinkoje, kuri \u201enieko gero ne\u017ead\u0117jo\u201c, jis labai anksti susik\u016br\u0117 \u0161viesi\u0105 vizij\u0105 ir paskui nepailsdamas jos siek\u0117 &#8211; \u201ekal\u0117 savo priekal\u0105\u201c, kaip sako jis pats, ir pad\u0117jo tai daryti kitiems. Krisas Gardneris sako &#8211; ir iliustruoja tai gyvais pavyzd\u017eiais \u2013 kad net sunkiomis s\u0105ligomis m\u016bs\u0173 galimyb\u0117s niekur nedingsta ir kad mes visada galime \u201esiekti savo tolimiausios \u017evaig\u017ed\u0117s\u201c.<\/p>\n","protected":false},"featured_media":18389,"comment_status":"open","ping_status":"closed","template":"","meta":{"_acf_changed":false,"site-sidebar-layout":"default","site-content-layout":"","ast-site-content-layout":"default","site-content-style":"default","site-sidebar-style":"default","ast-global-header-display":"","ast-banner-title-visibility":"","ast-main-header-display":"","ast-hfb-above-header-display":"","ast-hfb-below-header-display":"","ast-hfb-mobile-header-display":"","site-post-title":"","ast-breadcrumbs-content":"","ast-featured-img":"","footer-sml-layout":"","ast-disable-related-posts":"","theme-transparent-header-meta":"","adv-header-id-meta":"","stick-header-meta":"","header-above-stick-meta":"","header-main-stick-meta":"","header-below-stick-meta":"","astra-migrate-meta-layouts":"default","ast-page-background-enabled":"default","ast-page-background-meta":{"desktop":{"background-color":"","background-image":"","background-repeat":"repeat","background-position":"center center","background-size":"auto","background-attachment":"scroll","background-type":"","background-media":"","overlay-type":"","overlay-color":"","overlay-opacity":"","overlay-gradient":""},"tablet":{"background-color":"","background-image":"","background-repeat":"repeat","background-position":"center center","background-size":"auto","background-attachment":"scroll","background-type":"","background-media":"","overlay-type":"","overlay-color":"","overlay-opacity":"","overlay-gradient":""},"mobile":{"background-color":"","background-image":"","background-repeat":"repeat","background-position":"center center","background-size":"auto","background-attachment":"scroll","background-type":"","background-media":"","overlay-type":"","overlay-color":"","overlay-opacity":"","overlay-gradient":""}},"ast-content-background-meta":{"desktop":{"background-color":"var(--ast-global-color-4)","background-image":"","background-repeat":"repeat","background-position":"center center","background-size":"auto","background-attachment":"scroll","background-type":"","background-media":"","overlay-type":"","overlay-color":"","overlay-opacity":"","overlay-gradient":""},"tablet":{"background-color":"var(--ast-global-color-4)","background-image":"","background-repeat":"repeat","background-position":"center center","background-size":"auto","background-attachment":"scroll","background-type":"","background-media":"","overlay-type":"","overlay-color":"","overlay-opacity":"","overlay-gradient":""},"mobile":{"background-color":"var(--ast-global-color-4)","background-image":"","background-repeat":"repeat","background-position":"center center","background-size":"auto","background-attachment":"scroll","background-type":"","background-media":"","overlay-type":"","overlay-color":"","overlay-opacity":"","overlay-gradient":""}}},"product_brand":[],"product_cat":[15],"product_tag":[3780,3779,1409,1601],"class_list":{"0":"post-18386","1":"product","2":"type-product","3":"status-publish","4":"has-post-thumbnail","6":"product_cat-uncategorized","7":"product_tag-chris-gardner","8":"product_tag-gyvenimo-istorija","9":"product_tag-motyvacija","10":"product_tag-verslumas","11":"desktop-align-left","12":"tablet-align-left","13":"mobile-align-left","15":"first","16":"instock","17":"shipping-taxable","18":"purchasable","19":"product-type-simple"},"acf":[],"yoast_head":"<!-- This site is optimized with the Yoast SEO plugin v27.0 - https:\/\/yoast.com\/product\/yoast-seo-wordpress\/ -->\n<title>Prad\u0117kite, kur esate<\/title>\n<meta name=\"description\" content=\"\u0160i knyga yra autoriaus i\u0161pa\u017eintis apie savo nueit\u0105 keli\u0105. Krisas Gardneris labai nuo\u0161ird\u017eiai, detaliai ir be joki\u0173 pagra\u017einim\u0173 pasakoja, kaip jam pavyko\" \/>\n<meta name=\"robots\" content=\"index, follow, max-snippet:-1, max-image-preview:large, max-video-preview:-1\" \/>\n<link rel=\"canonical\" href=\"https:\/\/skaitytaknyga.lt\/en\/produktas\/pradekite-kur-esate\/\" \/>\n<meta property=\"og:locale\" content=\"en_GB\" \/>\n<meta property=\"og:locale:alternate\" content=\"lt_LT\" \/>\n<meta property=\"og:type\" content=\"article\" \/>\n<meta property=\"og:title\" content=\"Prad\u0117kite, kur esate\" \/>\n<meta property=\"og:description\" content=\"\u0160i knyga yra autoriaus i\u0161pa\u017eintis apie savo nueit\u0105 keli\u0105. Krisas Gardneris labai nuo\u0161ird\u017eiai, detaliai ir be joki\u0173 pagra\u017einim\u0173 pasakoja, kaip jam pavyko\" \/>\n<meta property=\"og:url\" content=\"https:\/\/skaitytaknyga.lt\/en\/produktas\/pradekite-kur-esate\/\" \/>\n<meta property=\"og:site_name\" content=\"Skaitytaknyga\" \/>\n<meta property=\"article:publisher\" content=\"https:\/\/www.facebook.com\/skaitytaknyga\/\" \/>\n<meta property=\"article:modified_time\" content=\"2025-05-19T06:39:36+00:00\" \/>\n<meta property=\"og:image\" content=\"https:\/\/skaitytaknyga.lt\/wp-content\/uploads\/2025\/05\/Pradekite-kur-esate.jpg\" \/>\n\t<meta property=\"og:image:width\" content=\"314\" \/>\n\t<meta property=\"og:image:height\" content=\"450\" \/>\n\t<meta property=\"og:image:type\" content=\"image\/jpeg\" \/>\n<meta name=\"twitter:card\" content=\"summary_large_image\" \/>\n<meta name=\"twitter:label1\" content=\"Estimated reading time\" \/>\n\t<meta name=\"twitter:data1\" content=\"1 minute\" \/>\n<script type=\"application\/ld+json\" class=\"yoast-schema-graph\">{\"@context\":\"https:\/\/schema.org\",\"@graph\":[{\"@type\":\"WebPage\",\"@id\":\"https:\/\/skaitytaknyga.lt\/produktas\/pradekite-kur-esate\/\",\"url\":\"https:\/\/skaitytaknyga.lt\/produktas\/pradekite-kur-esate\/\",\"name\":\"Prad\u0117kite, kur esate\",\"isPartOf\":{\"@id\":\"https:\/\/skaitytaknyga.lt\/#website\"},\"primaryImageOfPage\":{\"@id\":\"https:\/\/skaitytaknyga.lt\/produktas\/pradekite-kur-esate\/#primaryimage\"},\"image\":{\"@id\":\"https:\/\/skaitytaknyga.lt\/produktas\/pradekite-kur-esate\/#primaryimage\"},\"thumbnailUrl\":\"https:\/\/skaitytaknyga.lt\/wp-content\/uploads\/2025\/05\/Pradekite-kur-esate.jpg\",\"datePublished\":\"2025-05-18T15:05:56+00:00\",\"dateModified\":\"2025-05-19T06:39:36+00:00\",\"description\":\"\u0160i knyga yra autoriaus i\u0161pa\u017eintis apie savo nueit\u0105 keli\u0105. Krisas Gardneris labai nuo\u0161ird\u017eiai, detaliai ir be joki\u0173 pagra\u017einim\u0173 pasakoja, kaip jam pavyko\",\"breadcrumb\":{\"@id\":\"https:\/\/skaitytaknyga.lt\/produktas\/pradekite-kur-esate\/#breadcrumb\"},\"inLanguage\":\"en-GB\",\"potentialAction\":[{\"@type\":\"ReadAction\",\"target\":[\"https:\/\/skaitytaknyga.lt\/produktas\/pradekite-kur-esate\/\"]}]},{\"@type\":\"ImageObject\",\"inLanguage\":\"en-GB\",\"@id\":\"https:\/\/skaitytaknyga.lt\/produktas\/pradekite-kur-esate\/#primaryimage\",\"url\":\"https:\/\/skaitytaknyga.lt\/wp-content\/uploads\/2025\/05\/Pradekite-kur-esate.jpg\",\"contentUrl\":\"https:\/\/skaitytaknyga.lt\/wp-content\/uploads\/2025\/05\/Pradekite-kur-esate.jpg\",\"width\":314,\"height\":450,\"caption\":\"Prad\u0117kite, kur esate\"},{\"@type\":\"BreadcrumbList\",\"@id\":\"https:\/\/skaitytaknyga.lt\/produktas\/pradekite-kur-esate\/#breadcrumb\",\"itemListElement\":[{\"@type\":\"ListItem\",\"position\":1,\"name\":\"Home\",\"item\":\"https:\/\/skaitytaknyga.lt\/\"},{\"@type\":\"ListItem\",\"position\":2,\"name\":\"Parduotuv\u0117\",\"item\":\"https:\/\/skaitytaknyga.lt\/knygu-parduotuve\/\"},{\"@type\":\"ListItem\",\"position\":3,\"name\":\"Prad\u0117kite, kur esate\"}]},{\"@type\":\"WebSite\",\"@id\":\"https:\/\/skaitytaknyga.lt\/#website\",\"url\":\"https:\/\/skaitytaknyga.lt\/\",\"name\":\"skaitytaknyga.lt\",\"description\":\"Skaitytaknyga.lt \u2013 tai ma\u017eas \u0161eimos verslas, kuris prasid\u0117jo nuo meil\u0117s knygoms ir siekio i\u0161gelb\u0117ti knygas nuo likimo prie konteinerio. Kas vienam nereikalingas daiktas \u2013 kitam lobis, o mes esame tarpininkai, kurie padeda abiems tapti laimingesniems ???? \u017dinome kaip nelengva i\u0161gyventi ma\u017eiems verslams, tad nuo \u0161iol, \u010dia rasite ir kit\u0173, ma\u017e\u0173 \u0161eim\u0173 versl\u0173, rank\u0173 darbo, dovan\u0173 sau ir artimiesiems.\",\"publisher\":{\"@id\":\"https:\/\/skaitytaknyga.lt\/#organization\"},\"potentialAction\":[{\"@type\":\"SearchAction\",\"target\":{\"@type\":\"EntryPoint\",\"urlTemplate\":\"https:\/\/skaitytaknyga.lt\/?s={search_term_string}\"},\"query-input\":{\"@type\":\"PropertyValueSpecification\",\"valueRequired\":true,\"valueName\":\"search_term_string\"}}],\"inLanguage\":\"en-GB\"},{\"@type\":\"Organization\",\"@id\":\"https:\/\/skaitytaknyga.lt\/#organization\",\"name\":\"skaitytaknyga.lt\",\"url\":\"https:\/\/skaitytaknyga.lt\/\",\"logo\":{\"@type\":\"ImageObject\",\"inLanguage\":\"en-GB\",\"@id\":\"https:\/\/skaitytaknyga.lt\/#\/schema\/logo\/image\/\",\"url\":\"https:\/\/skaitytaknyga.lt\/wp-content\/uploads\/2024\/05\/cropped-cropped-cropped-02_00843_jt3bggkj1j3HLc7SyY6rEUpg.jpeg\",\"contentUrl\":\"https:\/\/skaitytaknyga.lt\/wp-content\/uploads\/2024\/05\/cropped-cropped-cropped-02_00843_jt3bggkj1j3HLc7SyY6rEUpg.jpeg\",\"width\":1600,\"height\":1600,\"caption\":\"skaitytaknyga.lt\"},\"image\":{\"@id\":\"https:\/\/skaitytaknyga.lt\/#\/schema\/logo\/image\/\"},\"sameAs\":[\"https:\/\/www.facebook.com\/skaitytaknyga\/\"]}]}<\/script>\n<!-- \/ Yoast SEO plugin. -->","yoast_head_json":{"title":"Prad\u0117kite, kur esate","description":"\u0160i knyga yra autoriaus i\u0161pa\u017eintis apie savo nueit\u0105 keli\u0105. Krisas Gardneris labai nuo\u0161ird\u017eiai, detaliai ir be joki\u0173 pagra\u017einim\u0173 pasakoja, kaip jam pavyko","robots":{"index":"index","follow":"follow","max-snippet":"max-snippet:-1","max-image-preview":"max-image-preview:large","max-video-preview":"max-video-preview:-1"},"canonical":"https:\/\/skaitytaknyga.lt\/en\/produktas\/pradekite-kur-esate\/","og_locale":"en_GB","og_type":"article","og_title":"[:lt]Prad\u0117kite, kur esate[:] - Skaitytaknyga","og_description":"\u0160i knyga yra autoriaus i\u0161pa\u017eintis apie savo nueit\u0105 keli\u0105. Krisas Gardneris labai nuo\u0161ird\u017eiai, detaliai ir be joki\u0173 pagra\u017einim\u0173 pasakoja, kaip jam pavyko","og_url":"https:\/\/skaitytaknyga.lt\/en\/produktas\/pradekite-kur-esate\/","og_site_name":"Skaitytaknyga","article_publisher":"https:\/\/www.facebook.com\/skaitytaknyga\/","article_modified_time":"2025-05-19T06:39:36+00:00","og_image":[{"width":314,"height":450,"url":"https:\/\/skaitytaknyga.lt\/wp-content\/uploads\/2025\/05\/Pradekite-kur-esate.jpg","type":"image\/jpeg"}],"twitter_card":"summary_large_image","twitter_misc":{"Estimated reading time":"1 minute"},"schema":{"@context":"https:\/\/schema.org","@graph":[{"@type":"WebPage","@id":"https:\/\/skaitytaknyga.lt\/produktas\/pradekite-kur-esate\/","url":"https:\/\/skaitytaknyga.lt\/produktas\/pradekite-kur-esate\/","name":"Prad\u0117kite, kur esate","isPartOf":{"@id":"https:\/\/skaitytaknyga.lt\/#website"},"primaryImageOfPage":{"@id":"https:\/\/skaitytaknyga.lt\/produktas\/pradekite-kur-esate\/#primaryimage"},"image":{"@id":"https:\/\/skaitytaknyga.lt\/produktas\/pradekite-kur-esate\/#primaryimage"},"thumbnailUrl":"https:\/\/skaitytaknyga.lt\/wp-content\/uploads\/2025\/05\/Pradekite-kur-esate.jpg","datePublished":"2025-05-18T15:05:56+00:00","dateModified":"2025-05-19T06:39:36+00:00","description":"\u0160i knyga yra autoriaus i\u0161pa\u017eintis apie savo nueit\u0105 keli\u0105. Krisas Gardneris labai nuo\u0161ird\u017eiai, detaliai ir be joki\u0173 pagra\u017einim\u0173 pasakoja, kaip jam pavyko","breadcrumb":{"@id":"https:\/\/skaitytaknyga.lt\/produktas\/pradekite-kur-esate\/#breadcrumb"},"inLanguage":"en-GB","potentialAction":[{"@type":"ReadAction","target":["https:\/\/skaitytaknyga.lt\/produktas\/pradekite-kur-esate\/"]}]},{"@type":"ImageObject","inLanguage":"en-GB","@id":"https:\/\/skaitytaknyga.lt\/produktas\/pradekite-kur-esate\/#primaryimage","url":"https:\/\/skaitytaknyga.lt\/wp-content\/uploads\/2025\/05\/Pradekite-kur-esate.jpg","contentUrl":"https:\/\/skaitytaknyga.lt\/wp-content\/uploads\/2025\/05\/Pradekite-kur-esate.jpg","width":314,"height":450,"caption":"Prad\u0117kite, kur esate"},{"@type":"BreadcrumbList","@id":"https:\/\/skaitytaknyga.lt\/produktas\/pradekite-kur-esate\/#breadcrumb","itemListElement":[{"@type":"ListItem","position":1,"name":"Home","item":"https:\/\/skaitytaknyga.lt\/"},{"@type":"ListItem","position":2,"name":"Parduotuv\u0117","item":"https:\/\/skaitytaknyga.lt\/knygu-parduotuve\/"},{"@type":"ListItem","position":3,"name":"Prad\u0117kite, kur esate"}]},{"@type":"WebSite","@id":"https:\/\/skaitytaknyga.lt\/#website","url":"https:\/\/skaitytaknyga.lt\/","name":"skaitytaknyga.lt","description":"Skaitytaknyga.lt \u2013 tai ma\u017eas \u0161eimos verslas, kuris prasid\u0117jo nuo meil\u0117s knygoms ir siekio i\u0161gelb\u0117ti knygas nuo likimo prie konteinerio. Kas vienam nereikalingas daiktas \u2013 kitam lobis, o mes esame tarpininkai, kurie padeda abiems tapti laimingesniems ???? \u017dinome kaip nelengva i\u0161gyventi ma\u017eiems verslams, tad nuo \u0161iol, \u010dia rasite ir kit\u0173, ma\u017e\u0173 \u0161eim\u0173 versl\u0173, rank\u0173 darbo, dovan\u0173 sau ir artimiesiems.","publisher":{"@id":"https:\/\/skaitytaknyga.lt\/#organization"},"potentialAction":[{"@type":"SearchAction","target":{"@type":"EntryPoint","urlTemplate":"https:\/\/skaitytaknyga.lt\/?s={search_term_string}"},"query-input":{"@type":"PropertyValueSpecification","valueRequired":true,"valueName":"search_term_string"}}],"inLanguage":"en-GB"},{"@type":"Organization","@id":"https:\/\/skaitytaknyga.lt\/#organization","name":"skaitytaknyga.lt","url":"https:\/\/skaitytaknyga.lt\/","logo":{"@type":"ImageObject","inLanguage":"en-GB","@id":"https:\/\/skaitytaknyga.lt\/#\/schema\/logo\/image\/","url":"https:\/\/skaitytaknyga.lt\/wp-content\/uploads\/2024\/05\/cropped-cropped-cropped-02_00843_jt3bggkj1j3HLc7SyY6rEUpg.jpeg","contentUrl":"https:\/\/skaitytaknyga.lt\/wp-content\/uploads\/2024\/05\/cropped-cropped-cropped-02_00843_jt3bggkj1j3HLc7SyY6rEUpg.jpeg","width":1600,"height":1600,"caption":"skaitytaknyga.lt"},"image":{"@id":"https:\/\/skaitytaknyga.lt\/#\/schema\/logo\/image\/"},"sameAs":["https:\/\/www.facebook.com\/skaitytaknyga\/"]}]}},"_links":{"self":[{"href":"https:\/\/skaitytaknyga.lt\/en\/wp-json\/wp\/v2\/product\/18386","targetHints":{"allow":["GET"]}}],"collection":[{"href":"https:\/\/skaitytaknyga.lt\/en\/wp-json\/wp\/v2\/product"}],"about":[{"href":"https:\/\/skaitytaknyga.lt\/en\/wp-json\/wp\/v2\/types\/product"}],"replies":[{"embeddable":true,"href":"https:\/\/skaitytaknyga.lt\/en\/wp-json\/wp\/v2\/comments?post=18386"}],"wp:featuredmedia":[{"embeddable":true,"href":"https:\/\/skaitytaknyga.lt\/en\/wp-json\/wp\/v2\/media\/18389"}],"wp:attachment":[{"href":"https:\/\/skaitytaknyga.lt\/en\/wp-json\/wp\/v2\/media?parent=18386"}],"wp:term":[{"taxonomy":"product_brand","embeddable":true,"href":"https:\/\/skaitytaknyga.lt\/en\/wp-json\/wp\/v2\/product_brand?post=18386"},{"taxonomy":"product_cat","embeddable":true,"href":"https:\/\/skaitytaknyga.lt\/en\/wp-json\/wp\/v2\/product_cat?post=18386"},{"taxonomy":"product_tag","embeddable":true,"href":"https:\/\/skaitytaknyga.lt\/en\/wp-json\/wp\/v2\/product_tag?post=18386"}],"curies":[{"name":"wp","href":"https:\/\/api.w.org\/{rel}","templated":true}]}}