{"id":18383,"date":"2025-05-18T18:01:59","date_gmt":"2025-05-18T15:01:59","guid":{"rendered":"https:\/\/skaitytaknyga.lt\/?post_type=product&#038;p=18383"},"modified":"2025-05-30T08:03:01","modified_gmt":"2025-05-30T05:03:01","slug":"gyvenimas-susirgus-veziu-ir-patarimai-kaip-nesusirgti","status":"publish","type":"product","link":"https:\/\/skaitytaknyga.lt\/en\/produktas\/gyvenimas-susirgus-veziu-ir-patarimai-kaip-nesusirgti\/","title":{"rendered":"Gyvenimas susirgus v\u0117\u017eiu ir patarimai, kaip nesusirgti"},"content":{"rendered":"<p>Daugumai kyla klausimas, kaip maisto gaminimo b\u016bdas, kosmetika, elektromagnetin\u0117 spinduliuot\u0117 ar aplinkos tar\u0161a atsiliepia sveikatai. Kembrid\u017eo profesorius Robert Thomas visus knygos teiginius pagrind\u017eia publikuotais moksliniais tyrimais, savo ir dar 23 knygos bendraautori\u0173 daugiamete patirtimi gydant onkologines ligas. Jungtin\u0117je Karalyst\u0117je gyvenantis Prof.\u00a0<strong>Robert Thomas<\/strong>\u00a0Lietuvoje 2017 \u2013 2019 metais skait\u0117 prane\u0161imus Nacionaliniame v\u0117\u017eio institute, Kauno klinikose, Santaros klinikose, Seime, susitiko su de\u0161imtimis gydymo \u012fstaig\u0173 vadov\u0173 ir t\u016bkstan\u010diais onkologini\u0173 pacient\u0173. \u0160ioje knygoje sud\u0117ta informacija apima daugiau nei 100 val. profesoriaus paskait\u0173 kurs\u0105.<\/p>\n<p>Pirmoje knygos dalyje detaliai apra\u0161oma, kod\u0117l ir kada atsiranda v\u0117\u017eys. Jei atsivert\u0117te \u0161i\u0105 knyg\u0105 ie\u0161kodami praktini\u0173 patarim\u0173, j\u0105 skaityti prad\u0117kite nuo 2 dalies (6 skyriaus). Versdami \u0161i\u0105 knyg\u0105 i\u0161 angl\u0173 kalbos adaptavome Lietuvai, pa\u0161alindami neaktuali\u0105 su Jungtin\u0117s Karalyst\u0117s sveikatos sistema susijusia informacij\u0105 ir papildydami patarimais, kurie aktualiausi lietuviams. Tikim\u0117s, kad \u0161i knyga bus praktiniu vadovu ne tik kovojantiems su onkologine liga, bet ir norintiems nuo jos apsisaugoti.<\/p>\n<p>\u0160ioje knygoje rasite daugiau naudingos informacijos nei metus laiko nar\u0161ydami internete. Ta\u010diau knyga n\u0117ra lengvai skaitoma. Paprast\u0173 patarim\u0173 apie v\u0117\u017e\u012f pilnas internetas. Norint atskirti faktus nuo gand\u0173 skaitytojai argument\u0173 pagalba \u012fsitikins, kad mus supanti aplinka, m\u016bs\u0173 mityba ir fizinis k\u016bnas yra nuolat veikiami chemini\u0173 ir fizikini\u0173 proces\u0173, o juos perprasti prireiks ir proto mank\u0161tos.<\/p>\n<p>Knygoje nauding\u0173 patarim\u0173 ir mokslini\u0173 argument\u0173 ras ir \u0161eimos gydytojai, ir onkologai, ir dietologai. Tai pirmasis lietuvi\u0173 kalba leid\u017eiamas susistemintas v\u0117\u017eio \u017einynas.<\/p>\n","protected":false},"excerpt":{"rendered":"<p>Daugumai kyla klausimas, kaip maisto gaminimo b\u016bdas, kosmetika, elektromagnetin\u0117 spinduliuot\u0117 ar aplinkos tar\u0161a atsiliepia sveikatai. Kembrid\u017eo profesorius Robert Thomas visus knygos teiginius pagrind\u017eia publikuotais moksliniais tyrimais, savo ir dar 23 knygos bendraautori\u0173 daugiamete patirtimi gydant onkologines ligas. Jungtin\u0117je Karalyst\u0117je gyvenantis Prof.\u00a0Robert Thomas\u00a0Lietuvoje 2017 \u2013 2019 metais skait\u0117 prane\u0161imus Nacionaliniame v\u0117\u017eio institute, Kauno klinikose, Santaros klinikose, Seime, susitiko su de\u0161imtimis gydymo \u012fstaig\u0173 vadov\u0173 ir t\u016bkstan\u010diais onkologini\u0173 pacient\u0173. \u0160ioje knygoje sud\u0117ta informacija apima daugiau nei 100 val. profesoriaus paskait\u0173 kurs\u0105. Pirmoje knygos dalyje detaliai apra\u0161oma, kod\u0117l ir kada atsiranda v\u0117\u017eys. Jei atsivert\u0117te \u0161i\u0105 knyg\u0105 ie\u0161kodami praktini\u0173 patarim\u0173, j\u0105 skaityti prad\u0117kite nuo 2 dalies (6 skyriaus). Versdami \u0161i\u0105 knyg\u0105 i\u0161 angl\u0173 kalbos adaptavome Lietuvai, pa\u0161alindami neaktuali\u0105 su Jungtin\u0117s Karalyst\u0117s sveikatos sistema susijusia informacij\u0105 ir papildydami patarimais, kurie aktualiausi lietuviams. Tikim\u0117s, kad \u0161i knyga bus praktiniu vadovu ne tik kovojantiems su onkologine liga, bet ir norintiems nuo jos apsisaugoti. \u0160ioje knygoje rasite daugiau naudingos informacijos nei metus laiko nar\u0161ydami internete. Ta\u010diau knyga n\u0117ra lengvai skaitoma. Paprast\u0173 patarim\u0173 apie v\u0117\u017e\u012f pilnas internetas. Norint atskirti faktus nuo gand\u0173 skaitytojai argument\u0173 pagalba \u012fsitikins, kad mus supanti aplinka, m\u016bs\u0173 mityba ir fizinis k\u016bnas yra nuolat veikiami chemini\u0173 ir fizikini\u0173 proces\u0173, o juos perprasti prireiks ir proto mank\u0161tos. Knygoje nauding\u0173 patarim\u0173 ir mokslini\u0173 argument\u0173 ras ir \u0161eimos gydytojai, ir onkologai, ir dietologai. Tai pirmasis lietuvi\u0173 kalba leid\u017eiamas susistemintas v\u0117\u017eio \u017einynas.<\/p>\n","protected":false},"featured_media":18385,"comment_status":"open","ping_status":"closed","template":"","meta":{"_acf_changed":false,"site-sidebar-layout":"default","site-content-layout":"","ast-site-content-layout":"default","site-content-style":"default","site-sidebar-style":"default","ast-global-header-display":"","ast-banner-title-visibility":"","ast-main-header-display":"","ast-hfb-above-header-display":"","ast-hfb-below-header-display":"","ast-hfb-mobile-header-display":"","site-post-title":"","ast-breadcrumbs-content":"","ast-featured-img":"","footer-sml-layout":"","ast-disable-related-posts":"","theme-transparent-header-meta":"","adv-header-id-meta":"","stick-header-meta":"","header-above-stick-meta":"","header-main-stick-meta":"","header-below-stick-meta":"","astra-migrate-meta-layouts":"default","ast-page-background-enabled":"default","ast-page-background-meta":{"desktop":{"background-color":"","background-image":"","background-repeat":"repeat","background-position":"center center","background-size":"auto","background-attachment":"scroll","background-type":"","background-media":"","overlay-type":"","overlay-color":"","overlay-opacity":"","overlay-gradient":""},"tablet":{"background-color":"","background-image":"","background-repeat":"repeat","background-position":"center center","background-size":"auto","background-attachment":"scroll","background-type":"","background-media":"","overlay-type":"","overlay-color":"","overlay-opacity":"","overlay-gradient":""},"mobile":{"background-color":"","background-image":"","background-repeat":"repeat","background-position":"center center","background-size":"auto","background-attachment":"scroll","background-type":"","background-media":"","overlay-type":"","overlay-color":"","overlay-opacity":"","overlay-gradient":""}},"ast-content-background-meta":{"desktop":{"background-color":"var(--ast-global-color-4)","background-image":"","background-repeat":"repeat","background-position":"center center","background-size":"auto","background-attachment":"scroll","background-type":"","background-media":"","overlay-type":"","overlay-color":"","overlay-opacity":"","overlay-gradient":""},"tablet":{"background-color":"var(--ast-global-color-4)","background-image":"","background-repeat":"repeat","background-position":"center center","background-size":"auto","background-attachment":"scroll","background-type":"","background-media":"","overlay-type":"","overlay-color":"","overlay-opacity":"","overlay-gradient":""},"mobile":{"background-color":"var(--ast-global-color-4)","background-image":"","background-repeat":"repeat","background-position":"center center","background-size":"auto","background-attachment":"scroll","background-type":"","background-media":"","overlay-type":"","overlay-color":"","overlay-opacity":"","overlay-gradient":""}}},"product_brand":[],"product_cat":[15],"product_tag":[2546,3776,3778,1680,3777],"class_list":{"0":"post-18383","1":"product","2":"type-product","3":"status-publish","4":"has-post-thumbnail","6":"product_cat-uncategorized","7":"product_tag-gyvensena","8":"product_tag-onkologija","9":"product_tag-robert-thomas","10":"product_tag-sveikata","11":"product_tag-vezio-prevencija","12":"desktop-align-left","13":"tablet-align-left","14":"mobile-align-left","16":"first","17":"outofstock","18":"shipping-taxable","19":"purchasable","20":"product-type-simple"},"acf":[],"yoast_head":"<!-- This site is optimized with the Yoast SEO plugin v27.4 - https:\/\/yoast.com\/product\/yoast-seo-wordpress\/ -->\n<title>Gyvenimas susirgus v\u0117\u017eiu ir patarimai, kaip nesusirgti<\/title>\n<meta name=\"description\" content=\"Daugumai kyla klausimas, kaip maisto gaminimo b\u016bdas, kosmetika, elektromagnetin\u0117 spinduliuot\u0117 ar aplinkos tar\u0161a atsiliepia sveikatai. Kembrid\u017eo\" \/>\n<meta name=\"robots\" content=\"index, follow, max-snippet:-1, max-image-preview:large, max-video-preview:-1\" \/>\n<link rel=\"canonical\" href=\"https:\/\/skaitytaknyga.lt\/en\/produktas\/gyvenimas-susirgus-veziu-ir-patarimai-kaip-nesusirgti\/\" \/>\n<meta property=\"og:locale\" content=\"en_GB\" \/>\n<meta property=\"og:locale:alternate\" content=\"lt_LT\" \/>\n<meta property=\"og:type\" content=\"article\" \/>\n<meta property=\"og:title\" content=\"Gyvenimas susirgus v\u0117\u017eiu ir patarimai, kaip nesusirgti\" \/>\n<meta property=\"og:description\" content=\"Daugumai kyla klausimas, kaip maisto gaminimo b\u016bdas, kosmetika, elektromagnetin\u0117 spinduliuot\u0117 ar aplinkos tar\u0161a atsiliepia sveikatai. Kembrid\u017eo\" \/>\n<meta property=\"og:url\" content=\"https:\/\/skaitytaknyga.lt\/en\/produktas\/gyvenimas-susirgus-veziu-ir-patarimai-kaip-nesusirgti\/\" \/>\n<meta property=\"og:site_name\" content=\"Skaitytaknyga\" \/>\n<meta property=\"article:publisher\" content=\"https:\/\/www.facebook.com\/skaitytaknyga\/\" \/>\n<meta property=\"article:modified_time\" content=\"2025-05-30T05:03:01+00:00\" \/>\n<meta property=\"og:image\" content=\"https:\/\/skaitytaknyga.lt\/wp-content\/uploads\/2025\/05\/Gyvenimas-susirgus-veziu-ir-patarimai-kaip-nesusirgti.webp\" \/>\n\t<meta property=\"og:image:width\" content=\"523\" \/>\n\t<meta property=\"og:image:height\" content=\"801\" \/>\n\t<meta property=\"og:image:type\" content=\"image\/webp\" \/>\n<meta name=\"twitter:card\" content=\"summary_large_image\" \/>\n<meta name=\"twitter:label1\" content=\"Estimated reading time\" \/>\n\t<meta name=\"twitter:data1\" content=\"1 minute\" \/>\n<script type=\"application\/ld+json\" class=\"yoast-schema-graph\">{\"@context\":\"https:\\\/\\\/schema.org\",\"@graph\":[{\"@type\":\"WebPage\",\"@id\":\"https:\\\/\\\/skaitytaknyga.lt\\\/produktas\\\/gyvenimas-susirgus-veziu-ir-patarimai-kaip-nesusirgti\\\/\",\"url\":\"https:\\\/\\\/skaitytaknyga.lt\\\/produktas\\\/gyvenimas-susirgus-veziu-ir-patarimai-kaip-nesusirgti\\\/\",\"name\":\"Gyvenimas susirgus v\u0117\u017eiu ir patarimai, kaip nesusirgti\",\"isPartOf\":{\"@id\":\"https:\\\/\\\/skaitytaknyga.lt\\\/#website\"},\"primaryImageOfPage\":{\"@id\":\"https:\\\/\\\/skaitytaknyga.lt\\\/produktas\\\/gyvenimas-susirgus-veziu-ir-patarimai-kaip-nesusirgti\\\/#primaryimage\"},\"image\":{\"@id\":\"https:\\\/\\\/skaitytaknyga.lt\\\/produktas\\\/gyvenimas-susirgus-veziu-ir-patarimai-kaip-nesusirgti\\\/#primaryimage\"},\"thumbnailUrl\":\"https:\\\/\\\/skaitytaknyga.lt\\\/wp-content\\\/uploads\\\/2025\\\/05\\\/Gyvenimas-susirgus-veziu-ir-patarimai-kaip-nesusirgti.webp\",\"datePublished\":\"2025-05-18T15:01:59+00:00\",\"dateModified\":\"2025-05-30T05:03:01+00:00\",\"description\":\"Daugumai kyla klausimas, kaip maisto gaminimo b\u016bdas, kosmetika, elektromagnetin\u0117 spinduliuot\u0117 ar aplinkos tar\u0161a atsiliepia sveikatai. Kembrid\u017eo\",\"breadcrumb\":{\"@id\":\"https:\\\/\\\/skaitytaknyga.lt\\\/produktas\\\/gyvenimas-susirgus-veziu-ir-patarimai-kaip-nesusirgti\\\/#breadcrumb\"},\"inLanguage\":\"en-GB\",\"potentialAction\":[{\"@type\":\"ReadAction\",\"target\":[\"https:\\\/\\\/skaitytaknyga.lt\\\/produktas\\\/gyvenimas-susirgus-veziu-ir-patarimai-kaip-nesusirgti\\\/\"]}]},{\"@type\":\"ImageObject\",\"inLanguage\":\"en-GB\",\"@id\":\"https:\\\/\\\/skaitytaknyga.lt\\\/produktas\\\/gyvenimas-susirgus-veziu-ir-patarimai-kaip-nesusirgti\\\/#primaryimage\",\"url\":\"https:\\\/\\\/skaitytaknyga.lt\\\/wp-content\\\/uploads\\\/2025\\\/05\\\/Gyvenimas-susirgus-veziu-ir-patarimai-kaip-nesusirgti.webp\",\"contentUrl\":\"https:\\\/\\\/skaitytaknyga.lt\\\/wp-content\\\/uploads\\\/2025\\\/05\\\/Gyvenimas-susirgus-veziu-ir-patarimai-kaip-nesusirgti.webp\",\"width\":523,\"height\":801,\"caption\":\"Gyvenimas susirgus v\u0117\u017eiu ir patarimai, kaip nesusirgti\"},{\"@type\":\"BreadcrumbList\",\"@id\":\"https:\\\/\\\/skaitytaknyga.lt\\\/produktas\\\/gyvenimas-susirgus-veziu-ir-patarimai-kaip-nesusirgti\\\/#breadcrumb\",\"itemListElement\":[{\"@type\":\"ListItem\",\"position\":1,\"name\":\"Home\",\"item\":\"https:\\\/\\\/skaitytaknyga.lt\\\/\"},{\"@type\":\"ListItem\",\"position\":2,\"name\":\"Parduotuv\u0117\",\"item\":\"https:\\\/\\\/skaitytaknyga.lt\\\/knygu-parduotuve\\\/\"},{\"@type\":\"ListItem\",\"position\":3,\"name\":\"Gyvenimas susirgus v\u0117\u017eiu ir patarimai, kaip nesusirgti\"}]},{\"@type\":\"WebSite\",\"@id\":\"https:\\\/\\\/skaitytaknyga.lt\\\/#website\",\"url\":\"https:\\\/\\\/skaitytaknyga.lt\\\/\",\"name\":\"skaitytaknyga.lt\",\"description\":\"Skaitytaknyga.lt \u2013 tai ma\u017eas \u0161eimos verslas, kuris prasid\u0117jo nuo meil\u0117s knygoms ir siekio i\u0161gelb\u0117ti knygas nuo likimo prie konteinerio. Kas vienam nereikalingas daiktas \u2013 kitam lobis, o mes esame tarpininkai, kurie padeda abiems tapti laimingesniems ???? \u017dinome kaip nelengva i\u0161gyventi ma\u017eiems verslams, tad nuo \u0161iol, \u010dia rasite ir kit\u0173, ma\u017e\u0173 \u0161eim\u0173 versl\u0173, rank\u0173 darbo, dovan\u0173 sau ir artimiesiems.\",\"publisher\":{\"@id\":\"https:\\\/\\\/skaitytaknyga.lt\\\/#organization\"},\"potentialAction\":[{\"@type\":\"SearchAction\",\"target\":{\"@type\":\"EntryPoint\",\"urlTemplate\":\"https:\\\/\\\/skaitytaknyga.lt\\\/?s={search_term_string}\"},\"query-input\":{\"@type\":\"PropertyValueSpecification\",\"valueRequired\":true,\"valueName\":\"search_term_string\"}}],\"inLanguage\":\"en-GB\"},{\"@type\":\"Organization\",\"@id\":\"https:\\\/\\\/skaitytaknyga.lt\\\/#organization\",\"name\":\"skaitytaknyga.lt\",\"url\":\"https:\\\/\\\/skaitytaknyga.lt\\\/\",\"logo\":{\"@type\":\"ImageObject\",\"inLanguage\":\"en-GB\",\"@id\":\"https:\\\/\\\/skaitytaknyga.lt\\\/#\\\/schema\\\/logo\\\/image\\\/\",\"url\":\"https:\\\/\\\/skaitytaknyga.lt\\\/wp-content\\\/uploads\\\/2024\\\/05\\\/cropped-cropped-cropped-02_00843_jt3bggkj1j3HLc7SyY6rEUpg.jpeg\",\"contentUrl\":\"https:\\\/\\\/skaitytaknyga.lt\\\/wp-content\\\/uploads\\\/2024\\\/05\\\/cropped-cropped-cropped-02_00843_jt3bggkj1j3HLc7SyY6rEUpg.jpeg\",\"width\":1600,\"height\":1600,\"caption\":\"skaitytaknyga.lt\"},\"image\":{\"@id\":\"https:\\\/\\\/skaitytaknyga.lt\\\/#\\\/schema\\\/logo\\\/image\\\/\"},\"sameAs\":[\"https:\\\/\\\/www.facebook.com\\\/skaitytaknyga\\\/\"]}]}<\/script>\n<!-- \/ Yoast SEO plugin. -->","yoast_head_json":{"title":"Gyvenimas susirgus v\u0117\u017eiu ir patarimai, kaip nesusirgti","description":"Daugumai kyla klausimas, kaip maisto gaminimo b\u016bdas, kosmetika, elektromagnetin\u0117 spinduliuot\u0117 ar aplinkos tar\u0161a atsiliepia sveikatai. Kembrid\u017eo","robots":{"index":"index","follow":"follow","max-snippet":"max-snippet:-1","max-image-preview":"max-image-preview:large","max-video-preview":"max-video-preview:-1"},"canonical":"https:\/\/skaitytaknyga.lt\/en\/produktas\/gyvenimas-susirgus-veziu-ir-patarimai-kaip-nesusirgti\/","og_locale":"en_GB","og_type":"article","og_title":"[:lt]Gyvenimas susirgus v\u0117\u017eiu ir patarimai, kaip nesusirgti[:] - Skaitytaknyga","og_description":"Daugumai kyla klausimas, kaip maisto gaminimo b\u016bdas, kosmetika, elektromagnetin\u0117 spinduliuot\u0117 ar aplinkos tar\u0161a atsiliepia sveikatai. Kembrid\u017eo","og_url":"https:\/\/skaitytaknyga.lt\/en\/produktas\/gyvenimas-susirgus-veziu-ir-patarimai-kaip-nesusirgti\/","og_site_name":"Skaitytaknyga","article_publisher":"https:\/\/www.facebook.com\/skaitytaknyga\/","article_modified_time":"2025-05-30T05:03:01+00:00","og_image":[{"width":523,"height":801,"url":"https:\/\/skaitytaknyga.lt\/wp-content\/uploads\/2025\/05\/Gyvenimas-susirgus-veziu-ir-patarimai-kaip-nesusirgti.webp","type":"image\/webp"}],"twitter_card":"summary_large_image","twitter_misc":{"Estimated reading time":"1 minute"},"schema":{"@context":"https:\/\/schema.org","@graph":[{"@type":"WebPage","@id":"https:\/\/skaitytaknyga.lt\/produktas\/gyvenimas-susirgus-veziu-ir-patarimai-kaip-nesusirgti\/","url":"https:\/\/skaitytaknyga.lt\/produktas\/gyvenimas-susirgus-veziu-ir-patarimai-kaip-nesusirgti\/","name":"Gyvenimas susirgus v\u0117\u017eiu ir patarimai, kaip nesusirgti","isPartOf":{"@id":"https:\/\/skaitytaknyga.lt\/#website"},"primaryImageOfPage":{"@id":"https:\/\/skaitytaknyga.lt\/produktas\/gyvenimas-susirgus-veziu-ir-patarimai-kaip-nesusirgti\/#primaryimage"},"image":{"@id":"https:\/\/skaitytaknyga.lt\/produktas\/gyvenimas-susirgus-veziu-ir-patarimai-kaip-nesusirgti\/#primaryimage"},"thumbnailUrl":"https:\/\/skaitytaknyga.lt\/wp-content\/uploads\/2025\/05\/Gyvenimas-susirgus-veziu-ir-patarimai-kaip-nesusirgti.webp","datePublished":"2025-05-18T15:01:59+00:00","dateModified":"2025-05-30T05:03:01+00:00","description":"Daugumai kyla klausimas, kaip maisto gaminimo b\u016bdas, kosmetika, elektromagnetin\u0117 spinduliuot\u0117 ar aplinkos tar\u0161a atsiliepia sveikatai. Kembrid\u017eo","breadcrumb":{"@id":"https:\/\/skaitytaknyga.lt\/produktas\/gyvenimas-susirgus-veziu-ir-patarimai-kaip-nesusirgti\/#breadcrumb"},"inLanguage":"en-GB","potentialAction":[{"@type":"ReadAction","target":["https:\/\/skaitytaknyga.lt\/produktas\/gyvenimas-susirgus-veziu-ir-patarimai-kaip-nesusirgti\/"]}]},{"@type":"ImageObject","inLanguage":"en-GB","@id":"https:\/\/skaitytaknyga.lt\/produktas\/gyvenimas-susirgus-veziu-ir-patarimai-kaip-nesusirgti\/#primaryimage","url":"https:\/\/skaitytaknyga.lt\/wp-content\/uploads\/2025\/05\/Gyvenimas-susirgus-veziu-ir-patarimai-kaip-nesusirgti.webp","contentUrl":"https:\/\/skaitytaknyga.lt\/wp-content\/uploads\/2025\/05\/Gyvenimas-susirgus-veziu-ir-patarimai-kaip-nesusirgti.webp","width":523,"height":801,"caption":"Gyvenimas susirgus v\u0117\u017eiu ir patarimai, kaip nesusirgti"},{"@type":"BreadcrumbList","@id":"https:\/\/skaitytaknyga.lt\/produktas\/gyvenimas-susirgus-veziu-ir-patarimai-kaip-nesusirgti\/#breadcrumb","itemListElement":[{"@type":"ListItem","position":1,"name":"Home","item":"https:\/\/skaitytaknyga.lt\/"},{"@type":"ListItem","position":2,"name":"Parduotuv\u0117","item":"https:\/\/skaitytaknyga.lt\/knygu-parduotuve\/"},{"@type":"ListItem","position":3,"name":"Gyvenimas susirgus v\u0117\u017eiu ir patarimai, kaip nesusirgti"}]},{"@type":"WebSite","@id":"https:\/\/skaitytaknyga.lt\/#website","url":"https:\/\/skaitytaknyga.lt\/","name":"skaitytaknyga.lt","description":"Skaitytaknyga.lt \u2013 tai ma\u017eas \u0161eimos verslas, kuris prasid\u0117jo nuo meil\u0117s knygoms ir siekio i\u0161gelb\u0117ti knygas nuo likimo prie konteinerio. Kas vienam nereikalingas daiktas \u2013 kitam lobis, o mes esame tarpininkai, kurie padeda abiems tapti laimingesniems ???? \u017dinome kaip nelengva i\u0161gyventi ma\u017eiems verslams, tad nuo \u0161iol, \u010dia rasite ir kit\u0173, ma\u017e\u0173 \u0161eim\u0173 versl\u0173, rank\u0173 darbo, dovan\u0173 sau ir artimiesiems.","publisher":{"@id":"https:\/\/skaitytaknyga.lt\/#organization"},"potentialAction":[{"@type":"SearchAction","target":{"@type":"EntryPoint","urlTemplate":"https:\/\/skaitytaknyga.lt\/?s={search_term_string}"},"query-input":{"@type":"PropertyValueSpecification","valueRequired":true,"valueName":"search_term_string"}}],"inLanguage":"en-GB"},{"@type":"Organization","@id":"https:\/\/skaitytaknyga.lt\/#organization","name":"skaitytaknyga.lt","url":"https:\/\/skaitytaknyga.lt\/","logo":{"@type":"ImageObject","inLanguage":"en-GB","@id":"https:\/\/skaitytaknyga.lt\/#\/schema\/logo\/image\/","url":"https:\/\/skaitytaknyga.lt\/wp-content\/uploads\/2024\/05\/cropped-cropped-cropped-02_00843_jt3bggkj1j3HLc7SyY6rEUpg.jpeg","contentUrl":"https:\/\/skaitytaknyga.lt\/wp-content\/uploads\/2024\/05\/cropped-cropped-cropped-02_00843_jt3bggkj1j3HLc7SyY6rEUpg.jpeg","width":1600,"height":1600,"caption":"skaitytaknyga.lt"},"image":{"@id":"https:\/\/skaitytaknyga.lt\/#\/schema\/logo\/image\/"},"sameAs":["https:\/\/www.facebook.com\/skaitytaknyga\/"]}]}},"_links":{"self":[{"href":"https:\/\/skaitytaknyga.lt\/en\/wp-json\/wp\/v2\/product\/18383","targetHints":{"allow":["GET"]}}],"collection":[{"href":"https:\/\/skaitytaknyga.lt\/en\/wp-json\/wp\/v2\/product"}],"about":[{"href":"https:\/\/skaitytaknyga.lt\/en\/wp-json\/wp\/v2\/types\/product"}],"replies":[{"embeddable":true,"href":"https:\/\/skaitytaknyga.lt\/en\/wp-json\/wp\/v2\/comments?post=18383"}],"wp:featuredmedia":[{"embeddable":true,"href":"https:\/\/skaitytaknyga.lt\/en\/wp-json\/wp\/v2\/media\/18385"}],"wp:attachment":[{"href":"https:\/\/skaitytaknyga.lt\/en\/wp-json\/wp\/v2\/media?parent=18383"}],"wp:term":[{"taxonomy":"product_brand","embeddable":true,"href":"https:\/\/skaitytaknyga.lt\/en\/wp-json\/wp\/v2\/product_brand?post=18383"},{"taxonomy":"product_cat","embeddable":true,"href":"https:\/\/skaitytaknyga.lt\/en\/wp-json\/wp\/v2\/product_cat?post=18383"},{"taxonomy":"product_tag","embeddable":true,"href":"https:\/\/skaitytaknyga.lt\/en\/wp-json\/wp\/v2\/product_tag?post=18383"}],"curies":[{"name":"wp","href":"https:\/\/api.w.org\/{rel}","templated":true}]}}