{"id":18382,"date":"2025-05-18T18:01:59","date_gmt":"2025-05-18T15:01:59","guid":{"rendered":"https:\/\/skaitytaknyga.lt\/?post_type=product&#038;p=18382"},"modified":"2025-05-19T09:39:36","modified_gmt":"2025-05-19T06:39:36","slug":"septynios-galimybes-kaip-saugotis-vezio-pasikartojimo","status":"publish","type":"product","link":"https:\/\/skaitytaknyga.lt\/en\/produktas\/septynios-galimybes-kaip-saugotis-vezio-pasikartojimo\/","title":{"rendered":"Septynios galimyb\u0117s: kaip saugotis v\u0117\u017eio pasikartojimo"},"content":{"rendered":"<p><strong>Juozas Ruolia<\/strong>\u00a0\u2013 Lietuvos did\u017eiojo kunigaik\u0161\u010dio Gedimino ordino Riterio kry\u017eiaus kavalierius, nusipeln\u0119s Lietuvos sveikatos apsaugos darbuotojas, oficialiai pripa\u017eintas fitoterapeutas, u\u017esiimantis klinikine praktika onkologijos srityje.<\/p>\n<p>\u201e\u0160ioje knygoje su Jumis dalijuosi nuo v\u0117\u017eio saugan\u010diais fitoterapiniais receptais, kuriuos suk\u016briau per 30 profesin\u0117s patirties met\u0173.<\/p>\n<p>Nors v\u0117\u017eys klastinga liga, bet, patik\u0117kit, tai dar n\u0117ra mirties nuosprendis. Rimtai ir laiku gydant pirmos bei antros stadijos v\u0117\u017e\u012f, liga da\u017enai atsitraukia.<\/p>\n<p>Diagnozavus lig\u0105 vis\u0173 pirma b\u016btina pereiti visus tradicinius v\u0117\u017eio gydymo etapus. Gydym\u0105 \u017eoliniais preparatais kaip papildom\u0105 b\u016bd\u0105 si\u016blau tik pabaigus tradicin\u012f gydym\u0105.&#8221;<\/p>\n<p>Juozas Ruolia<\/p>\n<p>VERTA ATSIMINTI<\/p>\n<p>Kivis, avokadas, obuolys ir rauginti kop\u016bstai \u2013 moters apsauga nuo kr\u016bties v\u0117\u017eio.<\/p>\n<p>J\u016br\u0173 kop\u016bstai \u2013 tai visa Mendelejevo lentel\u0117.<\/p>\n<p>Selenas \u2013 tobuliausias pagalbininkas v\u0117\u017einius genus paveld\u0117jusiems \u017emon\u0117ms.<\/p>\n<p>Propolis \u2013 vienas stipriausi\u0173 nat\u016brali\u0173 antibiotik\u0173.<\/p>\n<p>\u201eKnyga, su\u0161ildyta Juozo Ruolios meile fitoterapijai, remiasi autoriaus mok\u0117jimu ir \u017einojimu. J. Ruolia \u0161ioje knygoje kalba apie kompleksinio gydymo program\u0105 nuo v\u0117\u017eio atkry\u010dio, si\u016blo priemones, ne tik slopinan\u010dias auglio augim\u0105, bet ir stiprinan\u010dias imunitet\u0105, organizmo sistem\u0173 veikl\u0105, gerinan\u010dias onkologini\u0173 ligoni\u0173 gyvenimo kokyb\u0119.<\/p>\n","protected":false},"excerpt":{"rendered":"<p>Juozas Ruolia\u00a0\u2013 Lietuvos did\u017eiojo kunigaik\u0161\u010dio Gedimino ordino Riterio kry\u017eiaus kavalierius, nusipeln\u0119s Lietuvos sveikatos apsaugos darbuotojas, oficialiai pripa\u017eintas fitoterapeutas, u\u017esiimantis klinikine praktika onkologijos srityje. \u201e\u0160ioje knygoje su Jumis dalijuosi nuo v\u0117\u017eio saugan\u010diais fitoterapiniais receptais, kuriuos suk\u016briau per 30 profesin\u0117s patirties met\u0173. Nors v\u0117\u017eys klastinga liga, bet, patik\u0117kit, tai dar n\u0117ra mirties nuosprendis. Rimtai ir laiku gydant pirmos bei antros stadijos v\u0117\u017e\u012f, liga da\u017enai atsitraukia. Diagnozavus lig\u0105 vis\u0173 pirma b\u016btina pereiti visus tradicinius v\u0117\u017eio gydymo etapus. Gydym\u0105 \u017eoliniais preparatais kaip papildom\u0105 b\u016bd\u0105 si\u016blau tik pabaigus tradicin\u012f gydym\u0105.&#8221; Juozas Ruolia VERTA ATSIMINTI Kivis, avokadas, obuolys ir rauginti kop\u016bstai \u2013 moters apsauga nuo kr\u016bties v\u0117\u017eio. J\u016br\u0173 kop\u016bstai \u2013 tai visa Mendelejevo lentel\u0117. Selenas \u2013 tobuliausias pagalbininkas v\u0117\u017einius genus paveld\u0117jusiems \u017emon\u0117ms. Propolis \u2013 vienas stipriausi\u0173 nat\u016brali\u0173 antibiotik\u0173. \u201eKnyga, su\u0161ildyta Juozo Ruolios meile fitoterapijai, remiasi autoriaus mok\u0117jimu ir \u017einojimu. J. Ruolia \u0161ioje knygoje kalba apie kompleksinio gydymo program\u0105 nuo v\u0117\u017eio atkry\u010dio, si\u016blo priemones, ne tik slopinan\u010dias auglio augim\u0105, bet ir stiprinan\u010dias imunitet\u0105, organizmo sistem\u0173 veikl\u0105, gerinan\u010dias onkologini\u0173 ligoni\u0173 gyvenimo kokyb\u0119.<\/p>\n","protected":false},"featured_media":18384,"comment_status":"open","ping_status":"closed","template":"","meta":{"_acf_changed":false,"site-sidebar-layout":"default","site-content-layout":"","ast-site-content-layout":"default","site-content-style":"default","site-sidebar-style":"default","ast-global-header-display":"","ast-banner-title-visibility":"","ast-main-header-display":"","ast-hfb-above-header-display":"","ast-hfb-below-header-display":"","ast-hfb-mobile-header-display":"","site-post-title":"","ast-breadcrumbs-content":"","ast-featured-img":"","footer-sml-layout":"","ast-disable-related-posts":"","theme-transparent-header-meta":"","adv-header-id-meta":"","stick-header-meta":"","header-above-stick-meta":"","header-main-stick-meta":"","header-below-stick-meta":"","astra-migrate-meta-layouts":"default","ast-page-background-enabled":"default","ast-page-background-meta":{"desktop":{"background-color":"","background-image":"","background-repeat":"repeat","background-position":"center center","background-size":"auto","background-attachment":"scroll","background-type":"","background-media":"","overlay-type":"","overlay-color":"","overlay-opacity":"","overlay-gradient":""},"tablet":{"background-color":"","background-image":"","background-repeat":"repeat","background-position":"center center","background-size":"auto","background-attachment":"scroll","background-type":"","background-media":"","overlay-type":"","overlay-color":"","overlay-opacity":"","overlay-gradient":""},"mobile":{"background-color":"","background-image":"","background-repeat":"repeat","background-position":"center center","background-size":"auto","background-attachment":"scroll","background-type":"","background-media":"","overlay-type":"","overlay-color":"","overlay-opacity":"","overlay-gradient":""}},"ast-content-background-meta":{"desktop":{"background-color":"var(--ast-global-color-4)","background-image":"","background-repeat":"repeat","background-position":"center center","background-size":"auto","background-attachment":"scroll","background-type":"","background-media":"","overlay-type":"","overlay-color":"","overlay-opacity":"","overlay-gradient":""},"tablet":{"background-color":"var(--ast-global-color-4)","background-image":"","background-repeat":"repeat","background-position":"center center","background-size":"auto","background-attachment":"scroll","background-type":"","background-media":"","overlay-type":"","overlay-color":"","overlay-opacity":"","overlay-gradient":""},"mobile":{"background-color":"var(--ast-global-color-4)","background-image":"","background-repeat":"repeat","background-position":"center center","background-size":"auto","background-attachment":"scroll","background-type":"","background-media":"","overlay-type":"","overlay-color":"","overlay-opacity":"","overlay-gradient":""}}},"product_brand":[],"product_cat":[15],"product_tag":[3775,3773,3774,1680],"class_list":{"0":"post-18382","1":"product","2":"type-product","3":"status-publish","4":"has-post-thumbnail","6":"product_cat-uncategorized","7":"product_tag-juozas-ruolia","8":"product_tag-naturalus-budai","9":"product_tag-onkologijos-profilaktika","10":"product_tag-sveikata","11":"desktop-align-left","12":"tablet-align-left","13":"mobile-align-left","15":"first","16":"instock","17":"shipping-taxable","18":"purchasable","19":"product-type-simple"},"acf":[],"yoast_head":"<!-- This site is optimized with the Yoast SEO plugin v27.4 - https:\/\/yoast.com\/product\/yoast-seo-wordpress\/ -->\n<title>Septynios galimyb\u0117s: kaip saugotis v\u0117\u017eio pasikartojimo<\/title>\n<meta name=\"description\" content=\"Juozas Ruolia\u00a0\u2013 Lietuvos did\u017eiojo kunigaik\u0161\u010dio Gedimino ordino Riterio kry\u017eiaus kavalierius, nusipeln\u0119s Lietuvos sveikatos apsaugos darbuotojas,\" \/>\n<meta name=\"robots\" content=\"index, follow, max-snippet:-1, max-image-preview:large, max-video-preview:-1\" \/>\n<link rel=\"canonical\" href=\"https:\/\/skaitytaknyga.lt\/en\/produktas\/septynios-galimybes-kaip-saugotis-vezio-pasikartojimo\/\" \/>\n<meta property=\"og:locale\" content=\"en_GB\" \/>\n<meta property=\"og:locale:alternate\" content=\"lt_LT\" \/>\n<meta property=\"og:type\" content=\"article\" \/>\n<meta property=\"og:title\" content=\"Septynios galimyb\u0117s: kaip saugotis v\u0117\u017eio pasikartojimo\" \/>\n<meta property=\"og:description\" content=\"Juozas Ruolia\u00a0\u2013 Lietuvos did\u017eiojo kunigaik\u0161\u010dio Gedimino ordino Riterio kry\u017eiaus kavalierius, nusipeln\u0119s Lietuvos sveikatos apsaugos darbuotojas,\" \/>\n<meta property=\"og:url\" content=\"https:\/\/skaitytaknyga.lt\/en\/produktas\/septynios-galimybes-kaip-saugotis-vezio-pasikartojimo\/\" \/>\n<meta property=\"og:site_name\" content=\"Skaitytaknyga\" \/>\n<meta property=\"article:publisher\" content=\"https:\/\/www.facebook.com\/skaitytaknyga\/\" \/>\n<meta property=\"article:modified_time\" content=\"2025-05-19T06:39:36+00:00\" \/>\n<meta property=\"og:image\" content=\"https:\/\/skaitytaknyga.lt\/wp-content\/uploads\/2025\/05\/Septynios-galimybes-kaip-saugotis-vezio-pasikartojimo.webp\" \/>\n\t<meta property=\"og:image:width\" content=\"402\" \/>\n\t<meta property=\"og:image:height\" content=\"600\" \/>\n\t<meta property=\"og:image:type\" content=\"image\/webp\" \/>\n<meta name=\"twitter:card\" content=\"summary_large_image\" \/>\n<meta name=\"twitter:label1\" content=\"Estimated reading time\" \/>\n\t<meta name=\"twitter:data1\" content=\"1 minute\" \/>\n<script type=\"application\/ld+json\" class=\"yoast-schema-graph\">{\"@context\":\"https:\\\/\\\/schema.org\",\"@graph\":[{\"@type\":\"WebPage\",\"@id\":\"https:\\\/\\\/skaitytaknyga.lt\\\/produktas\\\/septynios-galimybes-kaip-saugotis-vezio-pasikartojimo\\\/\",\"url\":\"https:\\\/\\\/skaitytaknyga.lt\\\/produktas\\\/septynios-galimybes-kaip-saugotis-vezio-pasikartojimo\\\/\",\"name\":\"Septynios galimyb\u0117s: kaip saugotis v\u0117\u017eio pasikartojimo\",\"isPartOf\":{\"@id\":\"https:\\\/\\\/skaitytaknyga.lt\\\/#website\"},\"primaryImageOfPage\":{\"@id\":\"https:\\\/\\\/skaitytaknyga.lt\\\/produktas\\\/septynios-galimybes-kaip-saugotis-vezio-pasikartojimo\\\/#primaryimage\"},\"image\":{\"@id\":\"https:\\\/\\\/skaitytaknyga.lt\\\/produktas\\\/septynios-galimybes-kaip-saugotis-vezio-pasikartojimo\\\/#primaryimage\"},\"thumbnailUrl\":\"https:\\\/\\\/skaitytaknyga.lt\\\/wp-content\\\/uploads\\\/2025\\\/05\\\/Septynios-galimybes-kaip-saugotis-vezio-pasikartojimo.webp\",\"datePublished\":\"2025-05-18T15:01:59+00:00\",\"dateModified\":\"2025-05-19T06:39:36+00:00\",\"description\":\"Juozas Ruolia\u00a0\u2013 Lietuvos did\u017eiojo kunigaik\u0161\u010dio Gedimino ordino Riterio kry\u017eiaus kavalierius, nusipeln\u0119s Lietuvos sveikatos apsaugos darbuotojas,\",\"breadcrumb\":{\"@id\":\"https:\\\/\\\/skaitytaknyga.lt\\\/produktas\\\/septynios-galimybes-kaip-saugotis-vezio-pasikartojimo\\\/#breadcrumb\"},\"inLanguage\":\"en-GB\",\"potentialAction\":[{\"@type\":\"ReadAction\",\"target\":[\"https:\\\/\\\/skaitytaknyga.lt\\\/produktas\\\/septynios-galimybes-kaip-saugotis-vezio-pasikartojimo\\\/\"]}]},{\"@type\":\"ImageObject\",\"inLanguage\":\"en-GB\",\"@id\":\"https:\\\/\\\/skaitytaknyga.lt\\\/produktas\\\/septynios-galimybes-kaip-saugotis-vezio-pasikartojimo\\\/#primaryimage\",\"url\":\"https:\\\/\\\/skaitytaknyga.lt\\\/wp-content\\\/uploads\\\/2025\\\/05\\\/Septynios-galimybes-kaip-saugotis-vezio-pasikartojimo.webp\",\"contentUrl\":\"https:\\\/\\\/skaitytaknyga.lt\\\/wp-content\\\/uploads\\\/2025\\\/05\\\/Septynios-galimybes-kaip-saugotis-vezio-pasikartojimo.webp\",\"width\":402,\"height\":600,\"caption\":\"Septynios galimyb\u0117s: kaip saugotis v\u0117\u017eio pasikartojimo\"},{\"@type\":\"BreadcrumbList\",\"@id\":\"https:\\\/\\\/skaitytaknyga.lt\\\/produktas\\\/septynios-galimybes-kaip-saugotis-vezio-pasikartojimo\\\/#breadcrumb\",\"itemListElement\":[{\"@type\":\"ListItem\",\"position\":1,\"name\":\"Home\",\"item\":\"https:\\\/\\\/skaitytaknyga.lt\\\/\"},{\"@type\":\"ListItem\",\"position\":2,\"name\":\"Parduotuv\u0117\",\"item\":\"https:\\\/\\\/skaitytaknyga.lt\\\/knygu-parduotuve\\\/\"},{\"@type\":\"ListItem\",\"position\":3,\"name\":\"Septynios galimyb\u0117s: kaip saugotis v\u0117\u017eio pasikartojimo\"}]},{\"@type\":\"WebSite\",\"@id\":\"https:\\\/\\\/skaitytaknyga.lt\\\/#website\",\"url\":\"https:\\\/\\\/skaitytaknyga.lt\\\/\",\"name\":\"skaitytaknyga.lt\",\"description\":\"Skaitytaknyga.lt \u2013 tai ma\u017eas \u0161eimos verslas, kuris prasid\u0117jo nuo meil\u0117s knygoms ir siekio i\u0161gelb\u0117ti knygas nuo likimo prie konteinerio. Kas vienam nereikalingas daiktas \u2013 kitam lobis, o mes esame tarpininkai, kurie padeda abiems tapti laimingesniems ???? \u017dinome kaip nelengva i\u0161gyventi ma\u017eiems verslams, tad nuo \u0161iol, \u010dia rasite ir kit\u0173, ma\u017e\u0173 \u0161eim\u0173 versl\u0173, rank\u0173 darbo, dovan\u0173 sau ir artimiesiems.\",\"publisher\":{\"@id\":\"https:\\\/\\\/skaitytaknyga.lt\\\/#organization\"},\"potentialAction\":[{\"@type\":\"SearchAction\",\"target\":{\"@type\":\"EntryPoint\",\"urlTemplate\":\"https:\\\/\\\/skaitytaknyga.lt\\\/?s={search_term_string}\"},\"query-input\":{\"@type\":\"PropertyValueSpecification\",\"valueRequired\":true,\"valueName\":\"search_term_string\"}}],\"inLanguage\":\"en-GB\"},{\"@type\":\"Organization\",\"@id\":\"https:\\\/\\\/skaitytaknyga.lt\\\/#organization\",\"name\":\"skaitytaknyga.lt\",\"url\":\"https:\\\/\\\/skaitytaknyga.lt\\\/\",\"logo\":{\"@type\":\"ImageObject\",\"inLanguage\":\"en-GB\",\"@id\":\"https:\\\/\\\/skaitytaknyga.lt\\\/#\\\/schema\\\/logo\\\/image\\\/\",\"url\":\"https:\\\/\\\/skaitytaknyga.lt\\\/wp-content\\\/uploads\\\/2024\\\/05\\\/cropped-cropped-cropped-02_00843_jt3bggkj1j3HLc7SyY6rEUpg.jpeg\",\"contentUrl\":\"https:\\\/\\\/skaitytaknyga.lt\\\/wp-content\\\/uploads\\\/2024\\\/05\\\/cropped-cropped-cropped-02_00843_jt3bggkj1j3HLc7SyY6rEUpg.jpeg\",\"width\":1600,\"height\":1600,\"caption\":\"skaitytaknyga.lt\"},\"image\":{\"@id\":\"https:\\\/\\\/skaitytaknyga.lt\\\/#\\\/schema\\\/logo\\\/image\\\/\"},\"sameAs\":[\"https:\\\/\\\/www.facebook.com\\\/skaitytaknyga\\\/\"]}]}<\/script>\n<!-- \/ Yoast SEO plugin. -->","yoast_head_json":{"title":"Septynios galimyb\u0117s: kaip saugotis v\u0117\u017eio pasikartojimo","description":"Juozas Ruolia\u00a0\u2013 Lietuvos did\u017eiojo kunigaik\u0161\u010dio Gedimino ordino Riterio kry\u017eiaus kavalierius, nusipeln\u0119s Lietuvos sveikatos apsaugos darbuotojas,","robots":{"index":"index","follow":"follow","max-snippet":"max-snippet:-1","max-image-preview":"max-image-preview:large","max-video-preview":"max-video-preview:-1"},"canonical":"https:\/\/skaitytaknyga.lt\/en\/produktas\/septynios-galimybes-kaip-saugotis-vezio-pasikartojimo\/","og_locale":"en_GB","og_type":"article","og_title":"[:lt]Septynios galimyb\u0117s: kaip saugotis v\u0117\u017eio pasikartojimo[:] - Skaitytaknyga","og_description":"Juozas Ruolia\u00a0\u2013 Lietuvos did\u017eiojo kunigaik\u0161\u010dio Gedimino ordino Riterio kry\u017eiaus kavalierius, nusipeln\u0119s Lietuvos sveikatos apsaugos darbuotojas,","og_url":"https:\/\/skaitytaknyga.lt\/en\/produktas\/septynios-galimybes-kaip-saugotis-vezio-pasikartojimo\/","og_site_name":"Skaitytaknyga","article_publisher":"https:\/\/www.facebook.com\/skaitytaknyga\/","article_modified_time":"2025-05-19T06:39:36+00:00","og_image":[{"width":402,"height":600,"url":"https:\/\/skaitytaknyga.lt\/wp-content\/uploads\/2025\/05\/Septynios-galimybes-kaip-saugotis-vezio-pasikartojimo.webp","type":"image\/webp"}],"twitter_card":"summary_large_image","twitter_misc":{"Estimated reading time":"1 minute"},"schema":{"@context":"https:\/\/schema.org","@graph":[{"@type":"WebPage","@id":"https:\/\/skaitytaknyga.lt\/produktas\/septynios-galimybes-kaip-saugotis-vezio-pasikartojimo\/","url":"https:\/\/skaitytaknyga.lt\/produktas\/septynios-galimybes-kaip-saugotis-vezio-pasikartojimo\/","name":"Septynios galimyb\u0117s: kaip saugotis v\u0117\u017eio pasikartojimo","isPartOf":{"@id":"https:\/\/skaitytaknyga.lt\/#website"},"primaryImageOfPage":{"@id":"https:\/\/skaitytaknyga.lt\/produktas\/septynios-galimybes-kaip-saugotis-vezio-pasikartojimo\/#primaryimage"},"image":{"@id":"https:\/\/skaitytaknyga.lt\/produktas\/septynios-galimybes-kaip-saugotis-vezio-pasikartojimo\/#primaryimage"},"thumbnailUrl":"https:\/\/skaitytaknyga.lt\/wp-content\/uploads\/2025\/05\/Septynios-galimybes-kaip-saugotis-vezio-pasikartojimo.webp","datePublished":"2025-05-18T15:01:59+00:00","dateModified":"2025-05-19T06:39:36+00:00","description":"Juozas Ruolia\u00a0\u2013 Lietuvos did\u017eiojo kunigaik\u0161\u010dio Gedimino ordino Riterio kry\u017eiaus kavalierius, nusipeln\u0119s Lietuvos sveikatos apsaugos darbuotojas,","breadcrumb":{"@id":"https:\/\/skaitytaknyga.lt\/produktas\/septynios-galimybes-kaip-saugotis-vezio-pasikartojimo\/#breadcrumb"},"inLanguage":"en-GB","potentialAction":[{"@type":"ReadAction","target":["https:\/\/skaitytaknyga.lt\/produktas\/septynios-galimybes-kaip-saugotis-vezio-pasikartojimo\/"]}]},{"@type":"ImageObject","inLanguage":"en-GB","@id":"https:\/\/skaitytaknyga.lt\/produktas\/septynios-galimybes-kaip-saugotis-vezio-pasikartojimo\/#primaryimage","url":"https:\/\/skaitytaknyga.lt\/wp-content\/uploads\/2025\/05\/Septynios-galimybes-kaip-saugotis-vezio-pasikartojimo.webp","contentUrl":"https:\/\/skaitytaknyga.lt\/wp-content\/uploads\/2025\/05\/Septynios-galimybes-kaip-saugotis-vezio-pasikartojimo.webp","width":402,"height":600,"caption":"Septynios galimyb\u0117s: kaip saugotis v\u0117\u017eio pasikartojimo"},{"@type":"BreadcrumbList","@id":"https:\/\/skaitytaknyga.lt\/produktas\/septynios-galimybes-kaip-saugotis-vezio-pasikartojimo\/#breadcrumb","itemListElement":[{"@type":"ListItem","position":1,"name":"Home","item":"https:\/\/skaitytaknyga.lt\/"},{"@type":"ListItem","position":2,"name":"Parduotuv\u0117","item":"https:\/\/skaitytaknyga.lt\/knygu-parduotuve\/"},{"@type":"ListItem","position":3,"name":"Septynios galimyb\u0117s: kaip saugotis v\u0117\u017eio pasikartojimo"}]},{"@type":"WebSite","@id":"https:\/\/skaitytaknyga.lt\/#website","url":"https:\/\/skaitytaknyga.lt\/","name":"skaitytaknyga.lt","description":"Skaitytaknyga.lt \u2013 tai ma\u017eas \u0161eimos verslas, kuris prasid\u0117jo nuo meil\u0117s knygoms ir siekio i\u0161gelb\u0117ti knygas nuo likimo prie konteinerio. Kas vienam nereikalingas daiktas \u2013 kitam lobis, o mes esame tarpininkai, kurie padeda abiems tapti laimingesniems ???? \u017dinome kaip nelengva i\u0161gyventi ma\u017eiems verslams, tad nuo \u0161iol, \u010dia rasite ir kit\u0173, ma\u017e\u0173 \u0161eim\u0173 versl\u0173, rank\u0173 darbo, dovan\u0173 sau ir artimiesiems.","publisher":{"@id":"https:\/\/skaitytaknyga.lt\/#organization"},"potentialAction":[{"@type":"SearchAction","target":{"@type":"EntryPoint","urlTemplate":"https:\/\/skaitytaknyga.lt\/?s={search_term_string}"},"query-input":{"@type":"PropertyValueSpecification","valueRequired":true,"valueName":"search_term_string"}}],"inLanguage":"en-GB"},{"@type":"Organization","@id":"https:\/\/skaitytaknyga.lt\/#organization","name":"skaitytaknyga.lt","url":"https:\/\/skaitytaknyga.lt\/","logo":{"@type":"ImageObject","inLanguage":"en-GB","@id":"https:\/\/skaitytaknyga.lt\/#\/schema\/logo\/image\/","url":"https:\/\/skaitytaknyga.lt\/wp-content\/uploads\/2024\/05\/cropped-cropped-cropped-02_00843_jt3bggkj1j3HLc7SyY6rEUpg.jpeg","contentUrl":"https:\/\/skaitytaknyga.lt\/wp-content\/uploads\/2024\/05\/cropped-cropped-cropped-02_00843_jt3bggkj1j3HLc7SyY6rEUpg.jpeg","width":1600,"height":1600,"caption":"skaitytaknyga.lt"},"image":{"@id":"https:\/\/skaitytaknyga.lt\/#\/schema\/logo\/image\/"},"sameAs":["https:\/\/www.facebook.com\/skaitytaknyga\/"]}]}},"_links":{"self":[{"href":"https:\/\/skaitytaknyga.lt\/en\/wp-json\/wp\/v2\/product\/18382","targetHints":{"allow":["GET"]}}],"collection":[{"href":"https:\/\/skaitytaknyga.lt\/en\/wp-json\/wp\/v2\/product"}],"about":[{"href":"https:\/\/skaitytaknyga.lt\/en\/wp-json\/wp\/v2\/types\/product"}],"replies":[{"embeddable":true,"href":"https:\/\/skaitytaknyga.lt\/en\/wp-json\/wp\/v2\/comments?post=18382"}],"wp:featuredmedia":[{"embeddable":true,"href":"https:\/\/skaitytaknyga.lt\/en\/wp-json\/wp\/v2\/media\/18384"}],"wp:attachment":[{"href":"https:\/\/skaitytaknyga.lt\/en\/wp-json\/wp\/v2\/media?parent=18382"}],"wp:term":[{"taxonomy":"product_brand","embeddable":true,"href":"https:\/\/skaitytaknyga.lt\/en\/wp-json\/wp\/v2\/product_brand?post=18382"},{"taxonomy":"product_cat","embeddable":true,"href":"https:\/\/skaitytaknyga.lt\/en\/wp-json\/wp\/v2\/product_cat?post=18382"},{"taxonomy":"product_tag","embeddable":true,"href":"https:\/\/skaitytaknyga.lt\/en\/wp-json\/wp\/v2\/product_tag?post=18382"}],"curies":[{"name":"wp","href":"https:\/\/api.w.org\/{rel}","templated":true}]}}