{"id":18351,"date":"2025-05-15T10:23:19","date_gmt":"2025-05-15T07:23:19","guid":{"rendered":"https:\/\/skaitytaknyga.lt\/?post_type=product&#038;p=18351"},"modified":"2025-05-15T21:17:32","modified_gmt":"2025-05-15T18:17:32","slug":"dievo-zaislas-lenkijos-istorija-i-tomas","status":"publish","type":"product","link":"https:\/\/skaitytaknyga.lt\/en\/produktas\/dievo-zaislas-lenkijos-istorija-i-tomas\/","title":{"rendered":"Dievo \u017eaislas: Lenkijos istorija I tomas"},"content":{"rendered":"<p><strong>Norman Davies<\/strong>\u00a0\u2013 vienas \u017eymiausi\u0173 brit\u0173 istorik\u0173, pasaulyje pripa\u017eintas Europos istorijos tyrin\u0117tojas. Kvalifikuotai, originaliai para\u0161yta jo Lenkijos istorijos sintez\u0117 tapo labai populiari postkomunistin\u0117je Lenkijoje ir kitose \u0161alyse. Tai \u012fdomus socialin\u0117s politin\u0117s raidos tyrin\u0117jimas, skiriamas ne vien specialistams, bet ir platesniam skaitytoj\u0173 ratui. M\u016bs\u0173 skaitytojus sudomis Lietuvos realij\u0173 vertinimai. I tomas, apimantis laikotarp\u012f iki 1795-\u0173j\u0173, i\u0161\u0117jo 1998 m. II tomas t\u0119sia pasakojim\u0105 iki XX am\u017eiaus paskutini\u0173j\u0173 de\u0161imtme\u010di\u0173.<\/p>\n","protected":false},"excerpt":{"rendered":"<p>Norman Davies\u00a0\u2013 vienas \u017eymiausi\u0173 brit\u0173 istorik\u0173, pasaulyje pripa\u017eintas Europos istorijos tyrin\u0117tojas. Kvalifikuotai, originaliai para\u0161yta jo Lenkijos istorijos sintez\u0117 tapo labai populiari postkomunistin\u0117je Lenkijoje ir kitose \u0161alyse. Tai \u012fdomus socialin\u0117s politin\u0117s raidos tyrin\u0117jimas, skiriamas ne vien specialistams, bet ir platesniam skaitytoj\u0173 ratui. M\u016bs\u0173 skaitytojus sudomis Lietuvos realij\u0173 vertinimai. I tomas, apimantis laikotarp\u012f iki 1795-\u0173j\u0173, i\u0161\u0117jo 1998 m. II tomas t\u0119sia pasakojim\u0105 iki XX am\u017eiaus paskutini\u0173j\u0173 de\u0161imtme\u010di\u0173.<\/p>\n","protected":false},"featured_media":18356,"comment_status":"open","ping_status":"closed","template":"","meta":{"_acf_changed":false,"site-sidebar-layout":"default","site-content-layout":"","ast-site-content-layout":"default","site-content-style":"default","site-sidebar-style":"default","ast-global-header-display":"","ast-banner-title-visibility":"","ast-main-header-display":"","ast-hfb-above-header-display":"","ast-hfb-below-header-display":"","ast-hfb-mobile-header-display":"","site-post-title":"","ast-breadcrumbs-content":"","ast-featured-img":"","footer-sml-layout":"","ast-disable-related-posts":"","theme-transparent-header-meta":"","adv-header-id-meta":"","stick-header-meta":"","header-above-stick-meta":"","header-main-stick-meta":"","header-below-stick-meta":"","astra-migrate-meta-layouts":"default","ast-page-background-enabled":"default","ast-page-background-meta":{"desktop":{"background-color":"","background-image":"","background-repeat":"repeat","background-position":"center center","background-size":"auto","background-attachment":"scroll","background-type":"","background-media":"","overlay-type":"","overlay-color":"","overlay-opacity":"","overlay-gradient":""},"tablet":{"background-color":"","background-image":"","background-repeat":"repeat","background-position":"center center","background-size":"auto","background-attachment":"scroll","background-type":"","background-media":"","overlay-type":"","overlay-color":"","overlay-opacity":"","overlay-gradient":""},"mobile":{"background-color":"","background-image":"","background-repeat":"repeat","background-position":"center center","background-size":"auto","background-attachment":"scroll","background-type":"","background-media":"","overlay-type":"","overlay-color":"","overlay-opacity":"","overlay-gradient":""}},"ast-content-background-meta":{"desktop":{"background-color":"var(--ast-global-color-4)","background-image":"","background-repeat":"repeat","background-position":"center center","background-size":"auto","background-attachment":"scroll","background-type":"","background-media":"","overlay-type":"","overlay-color":"","overlay-opacity":"","overlay-gradient":""},"tablet":{"background-color":"var(--ast-global-color-4)","background-image":"","background-repeat":"repeat","background-position":"center center","background-size":"auto","background-attachment":"scroll","background-type":"","background-media":"","overlay-type":"","overlay-color":"","overlay-opacity":"","overlay-gradient":""},"mobile":{"background-color":"var(--ast-global-color-4)","background-image":"","background-repeat":"repeat","background-position":"center center","background-size":"auto","background-attachment":"scroll","background-type":"","background-media":"","overlay-type":"","overlay-color":"","overlay-opacity":"","overlay-gradient":""}}},"product_brand":[],"product_cat":[15],"product_tag":[2996,2995,2999,2994,2998,3000,2997],"class_list":{"0":"post-18351","1":"product","2":"type-product","3":"status-publish","4":"has-post-thumbnail","6":"product_cat-uncategorized","7":"product_tag-europos-istorija","8":"product_tag-lenkijos-istorija","9":"product_tag-lietuvos-realijos","10":"product_tag-norman-davies","11":"product_tag-politine-raida","12":"product_tag-postkomunistine-lenkija","13":"product_tag-socialine-raida","14":"desktop-align-left","15":"tablet-align-left","16":"mobile-align-left","18":"first","19":"outofstock","20":"shipping-taxable","21":"purchasable","22":"product-type-simple"},"acf":[],"yoast_head":"<!-- This site is optimized with the Yoast SEO plugin v27.0 - https:\/\/yoast.com\/product\/yoast-seo-wordpress\/ -->\n<title>Dievo \u017eaislas: Lenkijos istorija I tomas<\/title>\n<meta name=\"description\" content=\"Norman Davies\u00a0\u2013 vienas \u017eymiausi\u0173 brit\u0173 istorik\u0173, pasaulyje pripa\u017eintas Europos istorijos tyrin\u0117tojas. Kvalifikuotai, originaliai para\u0161yta jo Lenkijos\" \/>\n<meta name=\"robots\" content=\"index, follow, max-snippet:-1, max-image-preview:large, max-video-preview:-1\" \/>\n<link rel=\"canonical\" href=\"https:\/\/skaitytaknyga.lt\/en\/produktas\/dievo-zaislas-lenkijos-istorija-i-tomas\/\" \/>\n<meta property=\"og:locale\" content=\"en_GB\" \/>\n<meta property=\"og:locale:alternate\" content=\"lt_LT\" \/>\n<meta property=\"og:type\" content=\"article\" \/>\n<meta property=\"og:title\" content=\"Dievo \u017eaislas: Lenkijos istorija I tomas\" \/>\n<meta property=\"og:description\" content=\"Norman Davies\u00a0\u2013 vienas \u017eymiausi\u0173 brit\u0173 istorik\u0173, pasaulyje pripa\u017eintas Europos istorijos tyrin\u0117tojas. Kvalifikuotai, originaliai para\u0161yta jo Lenkijos\" \/>\n<meta property=\"og:url\" content=\"https:\/\/skaitytaknyga.lt\/en\/produktas\/dievo-zaislas-lenkijos-istorija-i-tomas\/\" \/>\n<meta property=\"og:site_name\" content=\"Skaitytaknyga\" \/>\n<meta property=\"article:publisher\" content=\"https:\/\/www.facebook.com\/skaitytaknyga\/\" \/>\n<meta property=\"article:modified_time\" content=\"2025-05-15T18:17:32+00:00\" \/>\n<meta property=\"og:image\" content=\"https:\/\/skaitytaknyga.lt\/wp-content\/uploads\/2025\/05\/Dievo-zaislas-Lenkijos-istorija-I-tomas.webp\" \/>\n\t<meta property=\"og:image:width\" content=\"430\" \/>\n\t<meta property=\"og:image:height\" content=\"600\" \/>\n\t<meta property=\"og:image:type\" content=\"image\/webp\" \/>\n<meta name=\"twitter:card\" content=\"summary_large_image\" \/>\n<script type=\"application\/ld+json\" class=\"yoast-schema-graph\">{\"@context\":\"https:\/\/schema.org\",\"@graph\":[{\"@type\":\"WebPage\",\"@id\":\"https:\/\/skaitytaknyga.lt\/produktas\/dievo-zaislas-lenkijos-istorija-i-tomas\/\",\"url\":\"https:\/\/skaitytaknyga.lt\/produktas\/dievo-zaislas-lenkijos-istorija-i-tomas\/\",\"name\":\"Dievo \u017eaislas: Lenkijos istorija I tomas\",\"isPartOf\":{\"@id\":\"https:\/\/skaitytaknyga.lt\/#website\"},\"primaryImageOfPage\":{\"@id\":\"https:\/\/skaitytaknyga.lt\/produktas\/dievo-zaislas-lenkijos-istorija-i-tomas\/#primaryimage\"},\"image\":{\"@id\":\"https:\/\/skaitytaknyga.lt\/produktas\/dievo-zaislas-lenkijos-istorija-i-tomas\/#primaryimage\"},\"thumbnailUrl\":\"https:\/\/skaitytaknyga.lt\/wp-content\/uploads\/2025\/05\/Dievo-zaislas-Lenkijos-istorija-I-tomas.webp\",\"datePublished\":\"2025-05-15T07:23:19+00:00\",\"dateModified\":\"2025-05-15T18:17:32+00:00\",\"description\":\"Norman Davies\u00a0\u2013 vienas \u017eymiausi\u0173 brit\u0173 istorik\u0173, pasaulyje pripa\u017eintas Europos istorijos tyrin\u0117tojas. Kvalifikuotai, originaliai para\u0161yta jo Lenkijos\",\"breadcrumb\":{\"@id\":\"https:\/\/skaitytaknyga.lt\/produktas\/dievo-zaislas-lenkijos-istorija-i-tomas\/#breadcrumb\"},\"inLanguage\":\"en-GB\",\"potentialAction\":[{\"@type\":\"ReadAction\",\"target\":[\"https:\/\/skaitytaknyga.lt\/produktas\/dievo-zaislas-lenkijos-istorija-i-tomas\/\"]}]},{\"@type\":\"ImageObject\",\"inLanguage\":\"en-GB\",\"@id\":\"https:\/\/skaitytaknyga.lt\/produktas\/dievo-zaislas-lenkijos-istorija-i-tomas\/#primaryimage\",\"url\":\"https:\/\/skaitytaknyga.lt\/wp-content\/uploads\/2025\/05\/Dievo-zaislas-Lenkijos-istorija-I-tomas.webp\",\"contentUrl\":\"https:\/\/skaitytaknyga.lt\/wp-content\/uploads\/2025\/05\/Dievo-zaislas-Lenkijos-istorija-I-tomas.webp\",\"width\":430,\"height\":600,\"caption\":\"Dievo \u017eaislas: Lenkijos istorija I tomas\"},{\"@type\":\"BreadcrumbList\",\"@id\":\"https:\/\/skaitytaknyga.lt\/produktas\/dievo-zaislas-lenkijos-istorija-i-tomas\/#breadcrumb\",\"itemListElement\":[{\"@type\":\"ListItem\",\"position\":1,\"name\":\"Home\",\"item\":\"https:\/\/skaitytaknyga.lt\/\"},{\"@type\":\"ListItem\",\"position\":2,\"name\":\"Parduotuv\u0117\",\"item\":\"https:\/\/skaitytaknyga.lt\/knygu-parduotuve\/\"},{\"@type\":\"ListItem\",\"position\":3,\"name\":\"Dievo \u017eaislas: Lenkijos istorija I tomas\"}]},{\"@type\":\"WebSite\",\"@id\":\"https:\/\/skaitytaknyga.lt\/#website\",\"url\":\"https:\/\/skaitytaknyga.lt\/\",\"name\":\"skaitytaknyga.lt\",\"description\":\"Skaitytaknyga.lt \u2013 tai ma\u017eas \u0161eimos verslas, kuris prasid\u0117jo nuo meil\u0117s knygoms ir siekio i\u0161gelb\u0117ti knygas nuo likimo prie konteinerio. Kas vienam nereikalingas daiktas \u2013 kitam lobis, o mes esame tarpininkai, kurie padeda abiems tapti laimingesniems ???? \u017dinome kaip nelengva i\u0161gyventi ma\u017eiems verslams, tad nuo \u0161iol, \u010dia rasite ir kit\u0173, ma\u017e\u0173 \u0161eim\u0173 versl\u0173, rank\u0173 darbo, dovan\u0173 sau ir artimiesiems.\",\"publisher\":{\"@id\":\"https:\/\/skaitytaknyga.lt\/#organization\"},\"potentialAction\":[{\"@type\":\"SearchAction\",\"target\":{\"@type\":\"EntryPoint\",\"urlTemplate\":\"https:\/\/skaitytaknyga.lt\/?s={search_term_string}\"},\"query-input\":{\"@type\":\"PropertyValueSpecification\",\"valueRequired\":true,\"valueName\":\"search_term_string\"}}],\"inLanguage\":\"en-GB\"},{\"@type\":\"Organization\",\"@id\":\"https:\/\/skaitytaknyga.lt\/#organization\",\"name\":\"skaitytaknyga.lt\",\"url\":\"https:\/\/skaitytaknyga.lt\/\",\"logo\":{\"@type\":\"ImageObject\",\"inLanguage\":\"en-GB\",\"@id\":\"https:\/\/skaitytaknyga.lt\/#\/schema\/logo\/image\/\",\"url\":\"https:\/\/skaitytaknyga.lt\/wp-content\/uploads\/2024\/05\/cropped-cropped-cropped-02_00843_jt3bggkj1j3HLc7SyY6rEUpg.jpeg\",\"contentUrl\":\"https:\/\/skaitytaknyga.lt\/wp-content\/uploads\/2024\/05\/cropped-cropped-cropped-02_00843_jt3bggkj1j3HLc7SyY6rEUpg.jpeg\",\"width\":1600,\"height\":1600,\"caption\":\"skaitytaknyga.lt\"},\"image\":{\"@id\":\"https:\/\/skaitytaknyga.lt\/#\/schema\/logo\/image\/\"},\"sameAs\":[\"https:\/\/www.facebook.com\/skaitytaknyga\/\"]}]}<\/script>\n<!-- \/ Yoast SEO plugin. -->","yoast_head_json":{"title":"Dievo \u017eaislas: Lenkijos istorija I tomas","description":"Norman Davies\u00a0\u2013 vienas \u017eymiausi\u0173 brit\u0173 istorik\u0173, pasaulyje pripa\u017eintas Europos istorijos tyrin\u0117tojas. Kvalifikuotai, originaliai para\u0161yta jo Lenkijos","robots":{"index":"index","follow":"follow","max-snippet":"max-snippet:-1","max-image-preview":"max-image-preview:large","max-video-preview":"max-video-preview:-1"},"canonical":"https:\/\/skaitytaknyga.lt\/en\/produktas\/dievo-zaislas-lenkijos-istorija-i-tomas\/","og_locale":"en_GB","og_type":"article","og_title":"[:lt]Dievo \u017eaislas: Lenkijos istorija I tomas[:] - Skaitytaknyga","og_description":"Norman Davies\u00a0\u2013 vienas \u017eymiausi\u0173 brit\u0173 istorik\u0173, pasaulyje pripa\u017eintas Europos istorijos tyrin\u0117tojas. Kvalifikuotai, originaliai para\u0161yta jo Lenkijos","og_url":"https:\/\/skaitytaknyga.lt\/en\/produktas\/dievo-zaislas-lenkijos-istorija-i-tomas\/","og_site_name":"Skaitytaknyga","article_publisher":"https:\/\/www.facebook.com\/skaitytaknyga\/","article_modified_time":"2025-05-15T18:17:32+00:00","og_image":[{"width":430,"height":600,"url":"https:\/\/skaitytaknyga.lt\/wp-content\/uploads\/2025\/05\/Dievo-zaislas-Lenkijos-istorija-I-tomas.webp","type":"image\/webp"}],"twitter_card":"summary_large_image","schema":{"@context":"https:\/\/schema.org","@graph":[{"@type":"WebPage","@id":"https:\/\/skaitytaknyga.lt\/produktas\/dievo-zaislas-lenkijos-istorija-i-tomas\/","url":"https:\/\/skaitytaknyga.lt\/produktas\/dievo-zaislas-lenkijos-istorija-i-tomas\/","name":"Dievo \u017eaislas: Lenkijos istorija I tomas","isPartOf":{"@id":"https:\/\/skaitytaknyga.lt\/#website"},"primaryImageOfPage":{"@id":"https:\/\/skaitytaknyga.lt\/produktas\/dievo-zaislas-lenkijos-istorija-i-tomas\/#primaryimage"},"image":{"@id":"https:\/\/skaitytaknyga.lt\/produktas\/dievo-zaislas-lenkijos-istorija-i-tomas\/#primaryimage"},"thumbnailUrl":"https:\/\/skaitytaknyga.lt\/wp-content\/uploads\/2025\/05\/Dievo-zaislas-Lenkijos-istorija-I-tomas.webp","datePublished":"2025-05-15T07:23:19+00:00","dateModified":"2025-05-15T18:17:32+00:00","description":"Norman Davies\u00a0\u2013 vienas \u017eymiausi\u0173 brit\u0173 istorik\u0173, pasaulyje pripa\u017eintas Europos istorijos tyrin\u0117tojas. Kvalifikuotai, originaliai para\u0161yta jo Lenkijos","breadcrumb":{"@id":"https:\/\/skaitytaknyga.lt\/produktas\/dievo-zaislas-lenkijos-istorija-i-tomas\/#breadcrumb"},"inLanguage":"en-GB","potentialAction":[{"@type":"ReadAction","target":["https:\/\/skaitytaknyga.lt\/produktas\/dievo-zaislas-lenkijos-istorija-i-tomas\/"]}]},{"@type":"ImageObject","inLanguage":"en-GB","@id":"https:\/\/skaitytaknyga.lt\/produktas\/dievo-zaislas-lenkijos-istorija-i-tomas\/#primaryimage","url":"https:\/\/skaitytaknyga.lt\/wp-content\/uploads\/2025\/05\/Dievo-zaislas-Lenkijos-istorija-I-tomas.webp","contentUrl":"https:\/\/skaitytaknyga.lt\/wp-content\/uploads\/2025\/05\/Dievo-zaislas-Lenkijos-istorija-I-tomas.webp","width":430,"height":600,"caption":"Dievo \u017eaislas: Lenkijos istorija I tomas"},{"@type":"BreadcrumbList","@id":"https:\/\/skaitytaknyga.lt\/produktas\/dievo-zaislas-lenkijos-istorija-i-tomas\/#breadcrumb","itemListElement":[{"@type":"ListItem","position":1,"name":"Home","item":"https:\/\/skaitytaknyga.lt\/"},{"@type":"ListItem","position":2,"name":"Parduotuv\u0117","item":"https:\/\/skaitytaknyga.lt\/knygu-parduotuve\/"},{"@type":"ListItem","position":3,"name":"Dievo \u017eaislas: Lenkijos istorija I tomas"}]},{"@type":"WebSite","@id":"https:\/\/skaitytaknyga.lt\/#website","url":"https:\/\/skaitytaknyga.lt\/","name":"skaitytaknyga.lt","description":"Skaitytaknyga.lt \u2013 tai ma\u017eas \u0161eimos verslas, kuris prasid\u0117jo nuo meil\u0117s knygoms ir siekio i\u0161gelb\u0117ti knygas nuo likimo prie konteinerio. Kas vienam nereikalingas daiktas \u2013 kitam lobis, o mes esame tarpininkai, kurie padeda abiems tapti laimingesniems ???? \u017dinome kaip nelengva i\u0161gyventi ma\u017eiems verslams, tad nuo \u0161iol, \u010dia rasite ir kit\u0173, ma\u017e\u0173 \u0161eim\u0173 versl\u0173, rank\u0173 darbo, dovan\u0173 sau ir artimiesiems.","publisher":{"@id":"https:\/\/skaitytaknyga.lt\/#organization"},"potentialAction":[{"@type":"SearchAction","target":{"@type":"EntryPoint","urlTemplate":"https:\/\/skaitytaknyga.lt\/?s={search_term_string}"},"query-input":{"@type":"PropertyValueSpecification","valueRequired":true,"valueName":"search_term_string"}}],"inLanguage":"en-GB"},{"@type":"Organization","@id":"https:\/\/skaitytaknyga.lt\/#organization","name":"skaitytaknyga.lt","url":"https:\/\/skaitytaknyga.lt\/","logo":{"@type":"ImageObject","inLanguage":"en-GB","@id":"https:\/\/skaitytaknyga.lt\/#\/schema\/logo\/image\/","url":"https:\/\/skaitytaknyga.lt\/wp-content\/uploads\/2024\/05\/cropped-cropped-cropped-02_00843_jt3bggkj1j3HLc7SyY6rEUpg.jpeg","contentUrl":"https:\/\/skaitytaknyga.lt\/wp-content\/uploads\/2024\/05\/cropped-cropped-cropped-02_00843_jt3bggkj1j3HLc7SyY6rEUpg.jpeg","width":1600,"height":1600,"caption":"skaitytaknyga.lt"},"image":{"@id":"https:\/\/skaitytaknyga.lt\/#\/schema\/logo\/image\/"},"sameAs":["https:\/\/www.facebook.com\/skaitytaknyga\/"]}]}},"_links":{"self":[{"href":"https:\/\/skaitytaknyga.lt\/en\/wp-json\/wp\/v2\/product\/18351","targetHints":{"allow":["GET"]}}],"collection":[{"href":"https:\/\/skaitytaknyga.lt\/en\/wp-json\/wp\/v2\/product"}],"about":[{"href":"https:\/\/skaitytaknyga.lt\/en\/wp-json\/wp\/v2\/types\/product"}],"replies":[{"embeddable":true,"href":"https:\/\/skaitytaknyga.lt\/en\/wp-json\/wp\/v2\/comments?post=18351"}],"wp:featuredmedia":[{"embeddable":true,"href":"https:\/\/skaitytaknyga.lt\/en\/wp-json\/wp\/v2\/media\/18356"}],"wp:attachment":[{"href":"https:\/\/skaitytaknyga.lt\/en\/wp-json\/wp\/v2\/media?parent=18351"}],"wp:term":[{"taxonomy":"product_brand","embeddable":true,"href":"https:\/\/skaitytaknyga.lt\/en\/wp-json\/wp\/v2\/product_brand?post=18351"},{"taxonomy":"product_cat","embeddable":true,"href":"https:\/\/skaitytaknyga.lt\/en\/wp-json\/wp\/v2\/product_cat?post=18351"},{"taxonomy":"product_tag","embeddable":true,"href":"https:\/\/skaitytaknyga.lt\/en\/wp-json\/wp\/v2\/product_tag?post=18351"}],"curies":[{"name":"wp","href":"https:\/\/api.w.org\/{rel}","templated":true}]}}