{"id":18348,"date":"2025-05-15T10:16:46","date_gmt":"2025-05-15T07:16:46","guid":{"rendered":"https:\/\/skaitytaknyga.lt\/?post_type=product&#038;p=18348"},"modified":"2025-05-15T20:35:05","modified_gmt":"2025-05-15T17:35:05","slug":"salomeja-neris","status":"publish","type":"product","link":"https:\/\/skaitytaknyga.lt\/en\/produktas\/salomeja-neris\/","title":{"rendered":"Salom\u0117ja N\u0117ris"},"content":{"rendered":"<p>Nacionalin\u0117s premijos laureat\u0117s knyga apie Nacionalin\u0117s premijos laureat\u0105 naturi joki\u0173 nacionalinio sustabar\u0117jimo bruo\u017e\u0173. Manografija para\u0161yta beletrizuota kritikos kalba, \u012f j\u0105 \u012fsispina autor\u0117s lai\u0161kai poetui, pokalbiai su juo, autorefleksijos, k\u016brybos vertinimas \u017emogi\u0161kuoju, socialiniu, kult\u016bros ver\u010di\u0173 po\u017ei\u016briu. V.Daujotyt\u0117 tartum atrado savo poet\u0105, kurio atvaizdas teikia galimybi\u0173 kalb\u0117ti apie poezijos esm\u0119, biografijos ar k\u016brybos s\u0105ly\u010dius, ai\u0161kintis eil\u0117ra\u0161\u010dio paprastumo stebukl\u0105, tradicijas ir modernumo jungtis. Apm\u0105atym\u0173 lauke savaime atsiranda J.Strielk\u016bno kartos kiti vardai, jos likimas ir i\u0161likimas, atlaikantis atid\u0173 fenomenologin\u0117s analiz\u0117s \u017evilgsn\u012f.<\/p>\n","protected":false},"excerpt":{"rendered":"<p>Nacionalin\u0117s premijos laureat\u0117s knyga apie Nacionalin\u0117s premijos laureat\u0105 naturi joki\u0173 nacionalinio sustabar\u0117jimo bruo\u017e\u0173. Manografija para\u0161yta beletrizuota kritikos kalba, \u012f j\u0105 \u012fsispina autor\u0117s lai\u0161kai poetui, pokalbiai su juo, autorefleksijos, k\u016brybos vertinimas \u017emogi\u0161kuoju, socialiniu, kult\u016bros ver\u010di\u0173 po\u017ei\u016briu. V.Daujotyt\u0117 tartum atrado savo poet\u0105, kurio atvaizdas teikia galimybi\u0173 kalb\u0117ti apie poezijos esm\u0119, biografijos ar k\u016brybos s\u0105ly\u010dius, ai\u0161kintis eil\u0117ra\u0161\u010dio paprastumo stebukl\u0105, tradicijas ir modernumo jungtis. Apm\u0105atym\u0173 lauke savaime atsiranda J.Strielk\u016bno kartos kiti vardai, jos likimas ir i\u0161likimas, atlaikantis atid\u0173 fenomenologin\u0117s analiz\u0117s \u017evilgsn\u012f.<\/p>\n","protected":false},"featured_media":18349,"comment_status":"closed","ping_status":"closed","template":"","meta":{"_acf_changed":false,"site-sidebar-layout":"default","site-content-layout":"","ast-site-content-layout":"default","site-content-style":"default","site-sidebar-style":"default","ast-global-header-display":"","ast-banner-title-visibility":"","ast-main-header-display":"","ast-hfb-above-header-display":"","ast-hfb-below-header-display":"","ast-hfb-mobile-header-display":"","site-post-title":"","ast-breadcrumbs-content":"","ast-featured-img":"","footer-sml-layout":"","ast-disable-related-posts":"","theme-transparent-header-meta":"","adv-header-id-meta":"","stick-header-meta":"","header-above-stick-meta":"","header-main-stick-meta":"","header-below-stick-meta":"","astra-migrate-meta-layouts":"default","ast-page-background-enabled":"default","ast-page-background-meta":{"desktop":{"background-color":"","background-image":"","background-repeat":"repeat","background-position":"center center","background-size":"auto","background-attachment":"scroll","background-type":"","background-media":"","overlay-type":"","overlay-color":"","overlay-opacity":"","overlay-gradient":""},"tablet":{"background-color":"","background-image":"","background-repeat":"repeat","background-position":"center center","background-size":"auto","background-attachment":"scroll","background-type":"","background-media":"","overlay-type":"","overlay-color":"","overlay-opacity":"","overlay-gradient":""},"mobile":{"background-color":"","background-image":"","background-repeat":"repeat","background-position":"center center","background-size":"auto","background-attachment":"scroll","background-type":"","background-media":"","overlay-type":"","overlay-color":"","overlay-opacity":"","overlay-gradient":""}},"ast-content-background-meta":{"desktop":{"background-color":"var(--ast-global-color-4)","background-image":"","background-repeat":"repeat","background-position":"center center","background-size":"auto","background-attachment":"scroll","background-type":"","background-media":"","overlay-type":"","overlay-color":"","overlay-opacity":"","overlay-gradient":""},"tablet":{"background-color":"var(--ast-global-color-4)","background-image":"","background-repeat":"repeat","background-position":"center center","background-size":"auto","background-attachment":"scroll","background-type":"","background-media":"","overlay-type":"","overlay-color":"","overlay-opacity":"","overlay-gradient":""},"mobile":{"background-color":"var(--ast-global-color-4)","background-image":"","background-repeat":"repeat","background-position":"center center","background-size":"auto","background-attachment":"scroll","background-type":"","background-media":"","overlay-type":"","overlay-color":"","overlay-opacity":"","overlay-gradient":""}}},"product_brand":[],"product_cat":[33],"product_tag":[2045,1492,1809,2981,2969],"class_list":{"0":"post-18348","1":"product","2":"type-product","3":"status-publish","4":"has-post-thumbnail","6":"product_cat-biografijos","7":"product_tag-biografija","8":"product_tag-literatura","9":"product_tag-poezija","10":"product_tag-salomeja-neris","11":"product_tag-viktorija-daujotyte","12":"desktop-align-left","13":"tablet-align-left","14":"mobile-align-left","16":"first","17":"instock","18":"shipping-taxable","19":"purchasable","20":"product-type-simple"},"acf":[],"yoast_head":"<!-- This site is optimized with the Yoast SEO plugin v27.0 - https:\/\/yoast.com\/product\/yoast-seo-wordpress\/ -->\n<title>Salom\u0117ja N\u0117ris<\/title>\n<meta name=\"description\" content=\"Nacionalin\u0117s premijos laureat\u0117s knyga apie Nacionalin\u0117s premijos laureat\u0105 naturi joki\u0173 nacionalinio sustabar\u0117jimo bruo\u017e\u0173. Manografija para\u0161yta beletrizuota kritikos kalba, \u012f j\u0105 \u012fsispina autor\u0117s lai\u0161kai poetui, pokalbiai su juo, autorefleksijos, k\u016brybos vertinimas \u017emogi\u0161kuoju, socialiniu, kult\u016bros ver\u010di\u0173 po\u017ei\u016briu. V.Daujotyt\u0117 tartum atrado savo poet\u0105, kurio atvaizdas teikia galimybi\u0173 kalb\u0117ti apie poezijos esm\u0119, biografijos ar k\u016brybos s\u0105ly\u010dius, ai\u0161kintis eil\u0117ra\u0161\u010dio paprastumo stebukl\u0105, tradicijas ir modernumo jungtis. Apm\u0105atym\u0173 lauke savaime atsiranda J.Strielk\u016bno kartos kiti vardai, jos likimas ir i\u0161likimas, atlaikantis atid\u0173 fenomenologin\u0117s analiz\u0117s \u017evilgsn\u012f.\" \/>\n<meta name=\"robots\" content=\"index, follow, max-snippet:-1, max-image-preview:large, max-video-preview:-1\" \/>\n<link rel=\"canonical\" href=\"https:\/\/skaitytaknyga.lt\/en\/produktas\/salomeja-neris\/\" \/>\n<meta property=\"og:locale\" content=\"en_GB\" \/>\n<meta property=\"og:locale:alternate\" content=\"lt_LT\" \/>\n<meta property=\"og:type\" content=\"article\" \/>\n<meta property=\"og:title\" content=\"Salom\u0117ja N\u0117ris\" \/>\n<meta property=\"og:description\" content=\"Nacionalin\u0117s premijos laureat\u0117s knyga apie Nacionalin\u0117s premijos laureat\u0105 naturi joki\u0173 nacionalinio sustabar\u0117jimo bruo\u017e\u0173. Manografija para\u0161yta beletrizuota kritikos kalba, \u012f j\u0105 \u012fsispina autor\u0117s lai\u0161kai poetui, pokalbiai su juo, autorefleksijos, k\u016brybos vertinimas \u017emogi\u0161kuoju, socialiniu, kult\u016bros ver\u010di\u0173 po\u017ei\u016briu. V.Daujotyt\u0117 tartum atrado savo poet\u0105, kurio atvaizdas teikia galimybi\u0173 kalb\u0117ti apie poezijos esm\u0119, biografijos ar k\u016brybos s\u0105ly\u010dius, ai\u0161kintis eil\u0117ra\u0161\u010dio paprastumo stebukl\u0105, tradicijas ir modernumo jungtis. Apm\u0105atym\u0173 lauke savaime atsiranda J.Strielk\u016bno kartos kiti vardai, jos likimas ir i\u0161likimas, atlaikantis atid\u0173 fenomenologin\u0117s analiz\u0117s \u017evilgsn\u012f.\" \/>\n<meta property=\"og:url\" content=\"https:\/\/skaitytaknyga.lt\/en\/produktas\/salomeja-neris\/\" \/>\n<meta property=\"og:site_name\" content=\"Skaitytaknyga\" \/>\n<meta property=\"article:publisher\" content=\"https:\/\/www.facebook.com\/skaitytaknyga\/\" \/>\n<meta property=\"article:modified_time\" content=\"2025-05-15T17:35:05+00:00\" \/>\n<meta property=\"og:image\" content=\"https:\/\/skaitytaknyga.lt\/wp-content\/uploads\/2025\/05\/Salomeja-Neris.webp\" \/>\n\t<meta property=\"og:image:width\" content=\"593\" \/>\n\t<meta property=\"og:image:height\" content=\"800\" \/>\n\t<meta property=\"og:image:type\" content=\"image\/webp\" \/>\n<meta name=\"twitter:card\" content=\"summary_large_image\" \/>\n<meta name=\"twitter:label1\" content=\"Estimated reading time\" \/>\n\t<meta name=\"twitter:data1\" content=\"1 minute\" \/>\n<script type=\"application\/ld+json\" class=\"yoast-schema-graph\">{\"@context\":\"https:\/\/schema.org\",\"@graph\":[{\"@type\":\"WebPage\",\"@id\":\"https:\/\/skaitytaknyga.lt\/produktas\/salomeja-neris\/\",\"url\":\"https:\/\/skaitytaknyga.lt\/produktas\/salomeja-neris\/\",\"name\":\"Salom\u0117ja N\u0117ris\",\"isPartOf\":{\"@id\":\"https:\/\/skaitytaknyga.lt\/#website\"},\"primaryImageOfPage\":{\"@id\":\"https:\/\/skaitytaknyga.lt\/produktas\/salomeja-neris\/#primaryimage\"},\"image\":{\"@id\":\"https:\/\/skaitytaknyga.lt\/produktas\/salomeja-neris\/#primaryimage\"},\"thumbnailUrl\":\"https:\/\/skaitytaknyga.lt\/wp-content\/uploads\/2025\/05\/Salomeja-Neris.webp\",\"datePublished\":\"2025-05-15T07:16:46+00:00\",\"dateModified\":\"2025-05-15T17:35:05+00:00\",\"description\":\"Nacionalin\u0117s premijos laureat\u0117s knyga apie Nacionalin\u0117s premijos laureat\u0105 naturi joki\u0173 nacionalinio sustabar\u0117jimo bruo\u017e\u0173. Manografija para\u0161yta beletrizuota kritikos kalba, \u012f j\u0105 \u012fsispina autor\u0117s lai\u0161kai poetui, pokalbiai su juo, autorefleksijos, k\u016brybos vertinimas \u017emogi\u0161kuoju, socialiniu, kult\u016bros ver\u010di\u0173 po\u017ei\u016briu. V.Daujotyt\u0117 tartum atrado savo poet\u0105, kurio atvaizdas teikia galimybi\u0173 kalb\u0117ti apie poezijos esm\u0119, biografijos ar k\u016brybos s\u0105ly\u010dius, ai\u0161kintis eil\u0117ra\u0161\u010dio paprastumo stebukl\u0105, tradicijas ir modernumo jungtis. Apm\u0105atym\u0173 lauke savaime atsiranda J.Strielk\u016bno kartos kiti vardai, jos likimas ir i\u0161likimas, atlaikantis atid\u0173 fenomenologin\u0117s analiz\u0117s \u017evilgsn\u012f.\",\"breadcrumb\":{\"@id\":\"https:\/\/skaitytaknyga.lt\/produktas\/salomeja-neris\/#breadcrumb\"},\"inLanguage\":\"en-GB\",\"potentialAction\":[{\"@type\":\"ReadAction\",\"target\":[\"https:\/\/skaitytaknyga.lt\/produktas\/salomeja-neris\/\"]}]},{\"@type\":\"ImageObject\",\"inLanguage\":\"en-GB\",\"@id\":\"https:\/\/skaitytaknyga.lt\/produktas\/salomeja-neris\/#primaryimage\",\"url\":\"https:\/\/skaitytaknyga.lt\/wp-content\/uploads\/2025\/05\/Salomeja-Neris.webp\",\"contentUrl\":\"https:\/\/skaitytaknyga.lt\/wp-content\/uploads\/2025\/05\/Salomeja-Neris.webp\",\"width\":593,\"height\":800,\"caption\":\"Salom\u0117ja N\u0117ris\"},{\"@type\":\"BreadcrumbList\",\"@id\":\"https:\/\/skaitytaknyga.lt\/produktas\/salomeja-neris\/#breadcrumb\",\"itemListElement\":[{\"@type\":\"ListItem\",\"position\":1,\"name\":\"Home\",\"item\":\"https:\/\/skaitytaknyga.lt\/\"},{\"@type\":\"ListItem\",\"position\":2,\"name\":\"Parduotuv\u0117\",\"item\":\"https:\/\/skaitytaknyga.lt\/knygu-parduotuve\/\"},{\"@type\":\"ListItem\",\"position\":3,\"name\":\"Salom\u0117ja N\u0117ris\"}]},{\"@type\":\"WebSite\",\"@id\":\"https:\/\/skaitytaknyga.lt\/#website\",\"url\":\"https:\/\/skaitytaknyga.lt\/\",\"name\":\"skaitytaknyga.lt\",\"description\":\"Skaitytaknyga.lt \u2013 tai ma\u017eas \u0161eimos verslas, kuris prasid\u0117jo nuo meil\u0117s knygoms ir siekio i\u0161gelb\u0117ti knygas nuo likimo prie konteinerio. Kas vienam nereikalingas daiktas \u2013 kitam lobis, o mes esame tarpininkai, kurie padeda abiems tapti laimingesniems ???? \u017dinome kaip nelengva i\u0161gyventi ma\u017eiems verslams, tad nuo \u0161iol, \u010dia rasite ir kit\u0173, ma\u017e\u0173 \u0161eim\u0173 versl\u0173, rank\u0173 darbo, dovan\u0173 sau ir artimiesiems.\",\"publisher\":{\"@id\":\"https:\/\/skaitytaknyga.lt\/#organization\"},\"potentialAction\":[{\"@type\":\"SearchAction\",\"target\":{\"@type\":\"EntryPoint\",\"urlTemplate\":\"https:\/\/skaitytaknyga.lt\/?s={search_term_string}\"},\"query-input\":{\"@type\":\"PropertyValueSpecification\",\"valueRequired\":true,\"valueName\":\"search_term_string\"}}],\"inLanguage\":\"en-GB\"},{\"@type\":\"Organization\",\"@id\":\"https:\/\/skaitytaknyga.lt\/#organization\",\"name\":\"skaitytaknyga.lt\",\"url\":\"https:\/\/skaitytaknyga.lt\/\",\"logo\":{\"@type\":\"ImageObject\",\"inLanguage\":\"en-GB\",\"@id\":\"https:\/\/skaitytaknyga.lt\/#\/schema\/logo\/image\/\",\"url\":\"https:\/\/skaitytaknyga.lt\/wp-content\/uploads\/2024\/05\/cropped-cropped-cropped-02_00843_jt3bggkj1j3HLc7SyY6rEUpg.jpeg\",\"contentUrl\":\"https:\/\/skaitytaknyga.lt\/wp-content\/uploads\/2024\/05\/cropped-cropped-cropped-02_00843_jt3bggkj1j3HLc7SyY6rEUpg.jpeg\",\"width\":1600,\"height\":1600,\"caption\":\"skaitytaknyga.lt\"},\"image\":{\"@id\":\"https:\/\/skaitytaknyga.lt\/#\/schema\/logo\/image\/\"},\"sameAs\":[\"https:\/\/www.facebook.com\/skaitytaknyga\/\"]}]}<\/script>\n<!-- \/ Yoast SEO plugin. -->","yoast_head_json":{"title":"Salom\u0117ja N\u0117ris","description":"Nacionalin\u0117s premijos laureat\u0117s knyga apie Nacionalin\u0117s premijos laureat\u0105 naturi joki\u0173 nacionalinio sustabar\u0117jimo bruo\u017e\u0173. Manografija para\u0161yta beletrizuota kritikos kalba, \u012f j\u0105 \u012fsispina autor\u0117s lai\u0161kai poetui, pokalbiai su juo, autorefleksijos, k\u016brybos vertinimas \u017emogi\u0161kuoju, socialiniu, kult\u016bros ver\u010di\u0173 po\u017ei\u016briu. V.Daujotyt\u0117 tartum atrado savo poet\u0105, kurio atvaizdas teikia galimybi\u0173 kalb\u0117ti apie poezijos esm\u0119, biografijos ar k\u016brybos s\u0105ly\u010dius, ai\u0161kintis eil\u0117ra\u0161\u010dio paprastumo stebukl\u0105, tradicijas ir modernumo jungtis. Apm\u0105atym\u0173 lauke savaime atsiranda J.Strielk\u016bno kartos kiti vardai, jos likimas ir i\u0161likimas, atlaikantis atid\u0173 fenomenologin\u0117s analiz\u0117s \u017evilgsn\u012f.","robots":{"index":"index","follow":"follow","max-snippet":"max-snippet:-1","max-image-preview":"max-image-preview:large","max-video-preview":"max-video-preview:-1"},"canonical":"https:\/\/skaitytaknyga.lt\/en\/produktas\/salomeja-neris\/","og_locale":"en_GB","og_type":"article","og_title":"[:lt]Salom\u0117ja N\u0117ris[:] - Skaitytaknyga","og_description":"Nacionalin\u0117s premijos laureat\u0117s knyga apie Nacionalin\u0117s premijos laureat\u0105 naturi joki\u0173 nacionalinio sustabar\u0117jimo bruo\u017e\u0173. Manografija para\u0161yta beletrizuota kritikos kalba, \u012f j\u0105 \u012fsispina autor\u0117s lai\u0161kai poetui, pokalbiai su juo, autorefleksijos, k\u016brybos vertinimas \u017emogi\u0161kuoju, socialiniu, kult\u016bros ver\u010di\u0173 po\u017ei\u016briu. V.Daujotyt\u0117 tartum atrado savo poet\u0105, kurio atvaizdas teikia galimybi\u0173 kalb\u0117ti apie poezijos esm\u0119, biografijos ar k\u016brybos s\u0105ly\u010dius, ai\u0161kintis eil\u0117ra\u0161\u010dio paprastumo stebukl\u0105, tradicijas ir modernumo jungtis. Apm\u0105atym\u0173 lauke savaime atsiranda J.Strielk\u016bno kartos kiti vardai, jos likimas ir i\u0161likimas, atlaikantis atid\u0173 fenomenologin\u0117s analiz\u0117s \u017evilgsn\u012f.","og_url":"https:\/\/skaitytaknyga.lt\/en\/produktas\/salomeja-neris\/","og_site_name":"Skaitytaknyga","article_publisher":"https:\/\/www.facebook.com\/skaitytaknyga\/","article_modified_time":"2025-05-15T17:35:05+00:00","og_image":[{"width":593,"height":800,"url":"https:\/\/skaitytaknyga.lt\/wp-content\/uploads\/2025\/05\/Salomeja-Neris.webp","type":"image\/webp"}],"twitter_card":"summary_large_image","twitter_misc":{"Estimated reading time":"1 minute"},"schema":{"@context":"https:\/\/schema.org","@graph":[{"@type":"WebPage","@id":"https:\/\/skaitytaknyga.lt\/produktas\/salomeja-neris\/","url":"https:\/\/skaitytaknyga.lt\/produktas\/salomeja-neris\/","name":"Salom\u0117ja N\u0117ris","isPartOf":{"@id":"https:\/\/skaitytaknyga.lt\/#website"},"primaryImageOfPage":{"@id":"https:\/\/skaitytaknyga.lt\/produktas\/salomeja-neris\/#primaryimage"},"image":{"@id":"https:\/\/skaitytaknyga.lt\/produktas\/salomeja-neris\/#primaryimage"},"thumbnailUrl":"https:\/\/skaitytaknyga.lt\/wp-content\/uploads\/2025\/05\/Salomeja-Neris.webp","datePublished":"2025-05-15T07:16:46+00:00","dateModified":"2025-05-15T17:35:05+00:00","description":"Nacionalin\u0117s premijos laureat\u0117s knyga apie Nacionalin\u0117s premijos laureat\u0105 naturi joki\u0173 nacionalinio sustabar\u0117jimo bruo\u017e\u0173. Manografija para\u0161yta beletrizuota kritikos kalba, \u012f j\u0105 \u012fsispina autor\u0117s lai\u0161kai poetui, pokalbiai su juo, autorefleksijos, k\u016brybos vertinimas \u017emogi\u0161kuoju, socialiniu, kult\u016bros ver\u010di\u0173 po\u017ei\u016briu. V.Daujotyt\u0117 tartum atrado savo poet\u0105, kurio atvaizdas teikia galimybi\u0173 kalb\u0117ti apie poezijos esm\u0119, biografijos ar k\u016brybos s\u0105ly\u010dius, ai\u0161kintis eil\u0117ra\u0161\u010dio paprastumo stebukl\u0105, tradicijas ir modernumo jungtis. Apm\u0105atym\u0173 lauke savaime atsiranda J.Strielk\u016bno kartos kiti vardai, jos likimas ir i\u0161likimas, atlaikantis atid\u0173 fenomenologin\u0117s analiz\u0117s \u017evilgsn\u012f.","breadcrumb":{"@id":"https:\/\/skaitytaknyga.lt\/produktas\/salomeja-neris\/#breadcrumb"},"inLanguage":"en-GB","potentialAction":[{"@type":"ReadAction","target":["https:\/\/skaitytaknyga.lt\/produktas\/salomeja-neris\/"]}]},{"@type":"ImageObject","inLanguage":"en-GB","@id":"https:\/\/skaitytaknyga.lt\/produktas\/salomeja-neris\/#primaryimage","url":"https:\/\/skaitytaknyga.lt\/wp-content\/uploads\/2025\/05\/Salomeja-Neris.webp","contentUrl":"https:\/\/skaitytaknyga.lt\/wp-content\/uploads\/2025\/05\/Salomeja-Neris.webp","width":593,"height":800,"caption":"Salom\u0117ja N\u0117ris"},{"@type":"BreadcrumbList","@id":"https:\/\/skaitytaknyga.lt\/produktas\/salomeja-neris\/#breadcrumb","itemListElement":[{"@type":"ListItem","position":1,"name":"Home","item":"https:\/\/skaitytaknyga.lt\/"},{"@type":"ListItem","position":2,"name":"Parduotuv\u0117","item":"https:\/\/skaitytaknyga.lt\/knygu-parduotuve\/"},{"@type":"ListItem","position":3,"name":"Salom\u0117ja N\u0117ris"}]},{"@type":"WebSite","@id":"https:\/\/skaitytaknyga.lt\/#website","url":"https:\/\/skaitytaknyga.lt\/","name":"skaitytaknyga.lt","description":"Skaitytaknyga.lt \u2013 tai ma\u017eas \u0161eimos verslas, kuris prasid\u0117jo nuo meil\u0117s knygoms ir siekio i\u0161gelb\u0117ti knygas nuo likimo prie konteinerio. Kas vienam nereikalingas daiktas \u2013 kitam lobis, o mes esame tarpininkai, kurie padeda abiems tapti laimingesniems ???? \u017dinome kaip nelengva i\u0161gyventi ma\u017eiems verslams, tad nuo \u0161iol, \u010dia rasite ir kit\u0173, ma\u017e\u0173 \u0161eim\u0173 versl\u0173, rank\u0173 darbo, dovan\u0173 sau ir artimiesiems.","publisher":{"@id":"https:\/\/skaitytaknyga.lt\/#organization"},"potentialAction":[{"@type":"SearchAction","target":{"@type":"EntryPoint","urlTemplate":"https:\/\/skaitytaknyga.lt\/?s={search_term_string}"},"query-input":{"@type":"PropertyValueSpecification","valueRequired":true,"valueName":"search_term_string"}}],"inLanguage":"en-GB"},{"@type":"Organization","@id":"https:\/\/skaitytaknyga.lt\/#organization","name":"skaitytaknyga.lt","url":"https:\/\/skaitytaknyga.lt\/","logo":{"@type":"ImageObject","inLanguage":"en-GB","@id":"https:\/\/skaitytaknyga.lt\/#\/schema\/logo\/image\/","url":"https:\/\/skaitytaknyga.lt\/wp-content\/uploads\/2024\/05\/cropped-cropped-cropped-02_00843_jt3bggkj1j3HLc7SyY6rEUpg.jpeg","contentUrl":"https:\/\/skaitytaknyga.lt\/wp-content\/uploads\/2024\/05\/cropped-cropped-cropped-02_00843_jt3bggkj1j3HLc7SyY6rEUpg.jpeg","width":1600,"height":1600,"caption":"skaitytaknyga.lt"},"image":{"@id":"https:\/\/skaitytaknyga.lt\/#\/schema\/logo\/image\/"},"sameAs":["https:\/\/www.facebook.com\/skaitytaknyga\/"]}]}},"_links":{"self":[{"href":"https:\/\/skaitytaknyga.lt\/en\/wp-json\/wp\/v2\/product\/18348","targetHints":{"allow":["GET"]}}],"collection":[{"href":"https:\/\/skaitytaknyga.lt\/en\/wp-json\/wp\/v2\/product"}],"about":[{"href":"https:\/\/skaitytaknyga.lt\/en\/wp-json\/wp\/v2\/types\/product"}],"replies":[{"embeddable":true,"href":"https:\/\/skaitytaknyga.lt\/en\/wp-json\/wp\/v2\/comments?post=18348"}],"wp:featuredmedia":[{"embeddable":true,"href":"https:\/\/skaitytaknyga.lt\/en\/wp-json\/wp\/v2\/media\/18349"}],"wp:attachment":[{"href":"https:\/\/skaitytaknyga.lt\/en\/wp-json\/wp\/v2\/media?parent=18348"}],"wp:term":[{"taxonomy":"product_brand","embeddable":true,"href":"https:\/\/skaitytaknyga.lt\/en\/wp-json\/wp\/v2\/product_brand?post=18348"},{"taxonomy":"product_cat","embeddable":true,"href":"https:\/\/skaitytaknyga.lt\/en\/wp-json\/wp\/v2\/product_cat?post=18348"},{"taxonomy":"product_tag","embeddable":true,"href":"https:\/\/skaitytaknyga.lt\/en\/wp-json\/wp\/v2\/product_tag?post=18348"}],"curies":[{"name":"wp","href":"https:\/\/api.w.org\/{rel}","templated":true}]}}