{"id":18330,"date":"2025-05-15T08:16:20","date_gmt":"2025-05-15T05:16:20","guid":{"rendered":"https:\/\/skaitytaknyga.lt\/?post_type=product&#038;p=18330"},"modified":"2025-07-07T09:54:47","modified_gmt":"2025-07-07T06:54:47","slug":"meile-pagal-juozapa","status":"publish","type":"product","link":"https:\/\/skaitytaknyga.lt\/en\/produktas\/meile-pagal-juozapa\/","title":{"rendered":"Meil\u0117 pagal Juozap\u0105"},"content":{"rendered":"<p>Knyg\u0105 sudaro nauji ir anks\u010diau neskelbti apsakymai. Autorius laikosi t\u0173 pa\u010di\u0173 k\u016brybos princip\u0173: magi\u0161ko keistumo, paradoks\u0173, paprast\u0173 gyvenimo \u012fvyki\u0173 derinimo ir konfrontavimo. Ankstesni\u0173j\u0173 apsakym\u0173 herojai daugiausia elgiasi ne taip, kaip si\u016blo \u017emoni\u0173 patirtis. Istorijos, mitologijos motyvai supinami su dr\u0105sia fantazija, tokiu b\u016bdu \u012fprasminamas \u017emogi\u0161kumas. Naujuosiuose apsakymuose dominuoja tikrovi\u0161kumas, atsiranda grotesko element\u0173. Stilius virtuozi\u0161kas, sud\u0117tinga apsakym\u0173 strukt\u016bra, tad autorius praple\u010dia intelektualiosios lietuvi\u0173 literat\u016bros ribas.<\/p>\n","protected":false},"excerpt":{"rendered":"<p>Knyg\u0105 sudaro nauji ir anks\u010diau neskelbti apsakymai. Autorius laikosi t\u0173 pa\u010di\u0173 k\u016brybos princip\u0173: magi\u0161ko keistumo, paradoks\u0173, paprast\u0173 gyvenimo \u012fvyki\u0173 derinimo ir konfrontavimo. Ankstesni\u0173j\u0173 apsakym\u0173 herojai daugiausia elgiasi ne taip, kaip si\u016blo \u017emoni\u0173 patirtis. Istorijos, mitologijos motyvai supinami su dr\u0105sia fantazija, tokiu b\u016bdu \u012fprasminamas \u017emogi\u0161kumas. Naujuosiuose apsakymuose dominuoja tikrovi\u0161kumas, atsiranda grotesko element\u0173. Stilius virtuozi\u0161kas, sud\u0117tinga apsakym\u0173 strukt\u016bra, tad autorius praple\u010dia intelektualiosios lietuvi\u0173 literat\u016bros ribas.<\/p>\n","protected":false},"featured_media":18342,"comment_status":"open","ping_status":"closed","template":"","meta":{"_acf_changed":false,"site-sidebar-layout":"default","site-content-layout":"","ast-site-content-layout":"default","site-content-style":"default","site-sidebar-style":"default","ast-global-header-display":"","ast-banner-title-visibility":"","ast-main-header-display":"","ast-hfb-above-header-display":"","ast-hfb-below-header-display":"","ast-hfb-mobile-header-display":"","site-post-title":"","ast-breadcrumbs-content":"","ast-featured-img":"","footer-sml-layout":"","ast-disable-related-posts":"","theme-transparent-header-meta":"","adv-header-id-meta":"","stick-header-meta":"","header-above-stick-meta":"","header-main-stick-meta":"","header-below-stick-meta":"","astra-migrate-meta-layouts":"default","ast-page-background-enabled":"default","ast-page-background-meta":{"desktop":{"background-color":"","background-image":"","background-repeat":"repeat","background-position":"center center","background-size":"auto","background-attachment":"scroll","background-type":"","background-media":"","overlay-type":"","overlay-color":"","overlay-opacity":"","overlay-gradient":""},"tablet":{"background-color":"","background-image":"","background-repeat":"repeat","background-position":"center center","background-size":"auto","background-attachment":"scroll","background-type":"","background-media":"","overlay-type":"","overlay-color":"","overlay-opacity":"","overlay-gradient":""},"mobile":{"background-color":"","background-image":"","background-repeat":"repeat","background-position":"center center","background-size":"auto","background-attachment":"scroll","background-type":"","background-media":"","overlay-type":"","overlay-color":"","overlay-opacity":"","overlay-gradient":""}},"ast-content-background-meta":{"desktop":{"background-color":"var(--ast-global-color-4)","background-image":"","background-repeat":"repeat","background-position":"center center","background-size":"auto","background-attachment":"scroll","background-type":"","background-media":"","overlay-type":"","overlay-color":"","overlay-opacity":"","overlay-gradient":""},"tablet":{"background-color":"var(--ast-global-color-4)","background-image":"","background-repeat":"repeat","background-position":"center center","background-size":"auto","background-attachment":"scroll","background-type":"","background-media":"","overlay-type":"","overlay-color":"","overlay-opacity":"","overlay-gradient":""},"mobile":{"background-color":"var(--ast-global-color-4)","background-image":"","background-repeat":"repeat","background-position":"center center","background-size":"auto","background-attachment":"scroll","background-type":"","background-media":"","overlay-type":"","overlay-color":"","overlay-opacity":"","overlay-gradient":""}}},"product_brand":[],"product_cat":[165],"product_tag":[1800,2866,1744,2865,1115,2855,2864],"class_list":{"0":"post-18330","1":"product","2":"type-product","3":"status-publish","4":"has-post-thumbnail","6":"product_cat-religija-filosofija-ir-ezoterika","7":"product_tag-apsakymai","8":"product_tag-groteskas","9":"product_tag-lietuviu-literatura","10":"product_tag-magiskasis-realizmas","11":"product_tag-mitologija","12":"product_tag-psichologine-proza","13":"product_tag-saulius-tomas-kondrotas","14":"desktop-align-left","15":"tablet-align-left","16":"mobile-align-left","18":"first","19":"instock","20":"shipping-taxable","21":"purchasable","22":"product-type-simple"},"acf":[],"yoast_head":"<!-- This site is optimized with the Yoast SEO plugin v27.0 - https:\/\/yoast.com\/product\/yoast-seo-wordpress\/ -->\n<title>Meil\u0117 pagal Juozap\u0105<\/title>\n<meta name=\"description\" content=\"Knyg\u0105 sudaro nauji ir anks\u010diau neskelbti apsakymai. Autorius laikosi t\u0173 pa\u010di\u0173 k\u016brybos princip\u0173: magi\u0161ko keistumo, paradoks\u0173, paprast\u0173 gyvenimo \u012fvyki\u0173\" \/>\n<meta name=\"robots\" content=\"index, follow, max-snippet:-1, max-image-preview:large, max-video-preview:-1\" \/>\n<link rel=\"canonical\" href=\"https:\/\/skaitytaknyga.lt\/en\/produktas\/meile-pagal-juozapa\/\" \/>\n<meta property=\"og:locale\" content=\"en_GB\" \/>\n<meta property=\"og:locale:alternate\" content=\"lt_LT\" \/>\n<meta property=\"og:type\" content=\"article\" \/>\n<meta property=\"og:title\" content=\"Meil\u0117 pagal Juozap\u0105\" \/>\n<meta property=\"og:description\" content=\"Knyg\u0105 sudaro nauji ir anks\u010diau neskelbti apsakymai. Autorius laikosi t\u0173 pa\u010di\u0173 k\u016brybos princip\u0173: magi\u0161ko keistumo, paradoks\u0173, paprast\u0173 gyvenimo \u012fvyki\u0173\" \/>\n<meta property=\"og:url\" content=\"https:\/\/skaitytaknyga.lt\/en\/produktas\/meile-pagal-juozapa\/\" \/>\n<meta property=\"og:site_name\" content=\"Skaitytaknyga\" \/>\n<meta property=\"article:publisher\" content=\"https:\/\/www.facebook.com\/skaitytaknyga\/\" \/>\n<meta property=\"article:modified_time\" content=\"2025-07-07T06:54:47+00:00\" \/>\n<meta property=\"og:image\" content=\"https:\/\/skaitytaknyga.lt\/wp-content\/uploads\/2025\/05\/Meile-pagal-Juozapa.webp\" \/>\n\t<meta property=\"og:image:width\" content=\"330\" \/>\n\t<meta property=\"og:image:height\" content=\"500\" \/>\n\t<meta property=\"og:image:type\" content=\"image\/webp\" \/>\n<meta name=\"twitter:card\" content=\"summary_large_image\" \/>\n<script type=\"application\/ld+json\" class=\"yoast-schema-graph\">{\"@context\":\"https:\/\/schema.org\",\"@graph\":[{\"@type\":\"WebPage\",\"@id\":\"https:\/\/skaitytaknyga.lt\/produktas\/meile-pagal-juozapa\/\",\"url\":\"https:\/\/skaitytaknyga.lt\/produktas\/meile-pagal-juozapa\/\",\"name\":\"Meil\u0117 pagal Juozap\u0105\",\"isPartOf\":{\"@id\":\"https:\/\/skaitytaknyga.lt\/#website\"},\"primaryImageOfPage\":{\"@id\":\"https:\/\/skaitytaknyga.lt\/produktas\/meile-pagal-juozapa\/#primaryimage\"},\"image\":{\"@id\":\"https:\/\/skaitytaknyga.lt\/produktas\/meile-pagal-juozapa\/#primaryimage\"},\"thumbnailUrl\":\"https:\/\/skaitytaknyga.lt\/wp-content\/uploads\/2025\/05\/Meile-pagal-Juozapa.webp\",\"datePublished\":\"2025-05-15T05:16:20+00:00\",\"dateModified\":\"2025-07-07T06:54:47+00:00\",\"description\":\"Knyg\u0105 sudaro nauji ir anks\u010diau neskelbti apsakymai. Autorius laikosi t\u0173 pa\u010di\u0173 k\u016brybos princip\u0173: magi\u0161ko keistumo, paradoks\u0173, paprast\u0173 gyvenimo \u012fvyki\u0173\",\"breadcrumb\":{\"@id\":\"https:\/\/skaitytaknyga.lt\/produktas\/meile-pagal-juozapa\/#breadcrumb\"},\"inLanguage\":\"en-GB\",\"potentialAction\":[{\"@type\":\"ReadAction\",\"target\":[\"https:\/\/skaitytaknyga.lt\/produktas\/meile-pagal-juozapa\/\"]}]},{\"@type\":\"ImageObject\",\"inLanguage\":\"en-GB\",\"@id\":\"https:\/\/skaitytaknyga.lt\/produktas\/meile-pagal-juozapa\/#primaryimage\",\"url\":\"https:\/\/skaitytaknyga.lt\/wp-content\/uploads\/2025\/05\/Meile-pagal-Juozapa.webp\",\"contentUrl\":\"https:\/\/skaitytaknyga.lt\/wp-content\/uploads\/2025\/05\/Meile-pagal-Juozapa.webp\",\"width\":330,\"height\":500,\"caption\":\"Meil\u0117 pagal Juozap\u0105\"},{\"@type\":\"BreadcrumbList\",\"@id\":\"https:\/\/skaitytaknyga.lt\/produktas\/meile-pagal-juozapa\/#breadcrumb\",\"itemListElement\":[{\"@type\":\"ListItem\",\"position\":1,\"name\":\"Home\",\"item\":\"https:\/\/skaitytaknyga.lt\/\"},{\"@type\":\"ListItem\",\"position\":2,\"name\":\"Parduotuv\u0117\",\"item\":\"https:\/\/skaitytaknyga.lt\/knygu-parduotuve\/\"},{\"@type\":\"ListItem\",\"position\":3,\"name\":\"Meil\u0117 pagal Juozap\u0105\"}]},{\"@type\":\"WebSite\",\"@id\":\"https:\/\/skaitytaknyga.lt\/#website\",\"url\":\"https:\/\/skaitytaknyga.lt\/\",\"name\":\"skaitytaknyga.lt\",\"description\":\"Skaitytaknyga.lt \u2013 tai ma\u017eas \u0161eimos verslas, kuris prasid\u0117jo nuo meil\u0117s knygoms ir siekio i\u0161gelb\u0117ti knygas nuo likimo prie konteinerio. Kas vienam nereikalingas daiktas \u2013 kitam lobis, o mes esame tarpininkai, kurie padeda abiems tapti laimingesniems ???? \u017dinome kaip nelengva i\u0161gyventi ma\u017eiems verslams, tad nuo \u0161iol, \u010dia rasite ir kit\u0173, ma\u017e\u0173 \u0161eim\u0173 versl\u0173, rank\u0173 darbo, dovan\u0173 sau ir artimiesiems.\",\"publisher\":{\"@id\":\"https:\/\/skaitytaknyga.lt\/#organization\"},\"potentialAction\":[{\"@type\":\"SearchAction\",\"target\":{\"@type\":\"EntryPoint\",\"urlTemplate\":\"https:\/\/skaitytaknyga.lt\/?s={search_term_string}\"},\"query-input\":{\"@type\":\"PropertyValueSpecification\",\"valueRequired\":true,\"valueName\":\"search_term_string\"}}],\"inLanguage\":\"en-GB\"},{\"@type\":\"Organization\",\"@id\":\"https:\/\/skaitytaknyga.lt\/#organization\",\"name\":\"skaitytaknyga.lt\",\"url\":\"https:\/\/skaitytaknyga.lt\/\",\"logo\":{\"@type\":\"ImageObject\",\"inLanguage\":\"en-GB\",\"@id\":\"https:\/\/skaitytaknyga.lt\/#\/schema\/logo\/image\/\",\"url\":\"https:\/\/skaitytaknyga.lt\/wp-content\/uploads\/2024\/05\/cropped-cropped-cropped-02_00843_jt3bggkj1j3HLc7SyY6rEUpg.jpeg\",\"contentUrl\":\"https:\/\/skaitytaknyga.lt\/wp-content\/uploads\/2024\/05\/cropped-cropped-cropped-02_00843_jt3bggkj1j3HLc7SyY6rEUpg.jpeg\",\"width\":1600,\"height\":1600,\"caption\":\"skaitytaknyga.lt\"},\"image\":{\"@id\":\"https:\/\/skaitytaknyga.lt\/#\/schema\/logo\/image\/\"},\"sameAs\":[\"https:\/\/www.facebook.com\/skaitytaknyga\/\"]}]}<\/script>\n<!-- \/ Yoast SEO plugin. -->","yoast_head_json":{"title":"Meil\u0117 pagal Juozap\u0105","description":"Knyg\u0105 sudaro nauji ir anks\u010diau neskelbti apsakymai. Autorius laikosi t\u0173 pa\u010di\u0173 k\u016brybos princip\u0173: magi\u0161ko keistumo, paradoks\u0173, paprast\u0173 gyvenimo \u012fvyki\u0173","robots":{"index":"index","follow":"follow","max-snippet":"max-snippet:-1","max-image-preview":"max-image-preview:large","max-video-preview":"max-video-preview:-1"},"canonical":"https:\/\/skaitytaknyga.lt\/en\/produktas\/meile-pagal-juozapa\/","og_locale":"en_GB","og_type":"article","og_title":"[:lt]Meil\u0117 pagal Juozap\u0105[:] - Skaitytaknyga","og_description":"Knyg\u0105 sudaro nauji ir anks\u010diau neskelbti apsakymai. Autorius laikosi t\u0173 pa\u010di\u0173 k\u016brybos princip\u0173: magi\u0161ko keistumo, paradoks\u0173, paprast\u0173 gyvenimo \u012fvyki\u0173","og_url":"https:\/\/skaitytaknyga.lt\/en\/produktas\/meile-pagal-juozapa\/","og_site_name":"Skaitytaknyga","article_publisher":"https:\/\/www.facebook.com\/skaitytaknyga\/","article_modified_time":"2025-07-07T06:54:47+00:00","og_image":[{"width":330,"height":500,"url":"https:\/\/skaitytaknyga.lt\/wp-content\/uploads\/2025\/05\/Meile-pagal-Juozapa.webp","type":"image\/webp"}],"twitter_card":"summary_large_image","schema":{"@context":"https:\/\/schema.org","@graph":[{"@type":"WebPage","@id":"https:\/\/skaitytaknyga.lt\/produktas\/meile-pagal-juozapa\/","url":"https:\/\/skaitytaknyga.lt\/produktas\/meile-pagal-juozapa\/","name":"Meil\u0117 pagal Juozap\u0105","isPartOf":{"@id":"https:\/\/skaitytaknyga.lt\/#website"},"primaryImageOfPage":{"@id":"https:\/\/skaitytaknyga.lt\/produktas\/meile-pagal-juozapa\/#primaryimage"},"image":{"@id":"https:\/\/skaitytaknyga.lt\/produktas\/meile-pagal-juozapa\/#primaryimage"},"thumbnailUrl":"https:\/\/skaitytaknyga.lt\/wp-content\/uploads\/2025\/05\/Meile-pagal-Juozapa.webp","datePublished":"2025-05-15T05:16:20+00:00","dateModified":"2025-07-07T06:54:47+00:00","description":"Knyg\u0105 sudaro nauji ir anks\u010diau neskelbti apsakymai. Autorius laikosi t\u0173 pa\u010di\u0173 k\u016brybos princip\u0173: magi\u0161ko keistumo, paradoks\u0173, paprast\u0173 gyvenimo \u012fvyki\u0173","breadcrumb":{"@id":"https:\/\/skaitytaknyga.lt\/produktas\/meile-pagal-juozapa\/#breadcrumb"},"inLanguage":"en-GB","potentialAction":[{"@type":"ReadAction","target":["https:\/\/skaitytaknyga.lt\/produktas\/meile-pagal-juozapa\/"]}]},{"@type":"ImageObject","inLanguage":"en-GB","@id":"https:\/\/skaitytaknyga.lt\/produktas\/meile-pagal-juozapa\/#primaryimage","url":"https:\/\/skaitytaknyga.lt\/wp-content\/uploads\/2025\/05\/Meile-pagal-Juozapa.webp","contentUrl":"https:\/\/skaitytaknyga.lt\/wp-content\/uploads\/2025\/05\/Meile-pagal-Juozapa.webp","width":330,"height":500,"caption":"Meil\u0117 pagal Juozap\u0105"},{"@type":"BreadcrumbList","@id":"https:\/\/skaitytaknyga.lt\/produktas\/meile-pagal-juozapa\/#breadcrumb","itemListElement":[{"@type":"ListItem","position":1,"name":"Home","item":"https:\/\/skaitytaknyga.lt\/"},{"@type":"ListItem","position":2,"name":"Parduotuv\u0117","item":"https:\/\/skaitytaknyga.lt\/knygu-parduotuve\/"},{"@type":"ListItem","position":3,"name":"Meil\u0117 pagal Juozap\u0105"}]},{"@type":"WebSite","@id":"https:\/\/skaitytaknyga.lt\/#website","url":"https:\/\/skaitytaknyga.lt\/","name":"skaitytaknyga.lt","description":"Skaitytaknyga.lt \u2013 tai ma\u017eas \u0161eimos verslas, kuris prasid\u0117jo nuo meil\u0117s knygoms ir siekio i\u0161gelb\u0117ti knygas nuo likimo prie konteinerio. Kas vienam nereikalingas daiktas \u2013 kitam lobis, o mes esame tarpininkai, kurie padeda abiems tapti laimingesniems ???? \u017dinome kaip nelengva i\u0161gyventi ma\u017eiems verslams, tad nuo \u0161iol, \u010dia rasite ir kit\u0173, ma\u017e\u0173 \u0161eim\u0173 versl\u0173, rank\u0173 darbo, dovan\u0173 sau ir artimiesiems.","publisher":{"@id":"https:\/\/skaitytaknyga.lt\/#organization"},"potentialAction":[{"@type":"SearchAction","target":{"@type":"EntryPoint","urlTemplate":"https:\/\/skaitytaknyga.lt\/?s={search_term_string}"},"query-input":{"@type":"PropertyValueSpecification","valueRequired":true,"valueName":"search_term_string"}}],"inLanguage":"en-GB"},{"@type":"Organization","@id":"https:\/\/skaitytaknyga.lt\/#organization","name":"skaitytaknyga.lt","url":"https:\/\/skaitytaknyga.lt\/","logo":{"@type":"ImageObject","inLanguage":"en-GB","@id":"https:\/\/skaitytaknyga.lt\/#\/schema\/logo\/image\/","url":"https:\/\/skaitytaknyga.lt\/wp-content\/uploads\/2024\/05\/cropped-cropped-cropped-02_00843_jt3bggkj1j3HLc7SyY6rEUpg.jpeg","contentUrl":"https:\/\/skaitytaknyga.lt\/wp-content\/uploads\/2024\/05\/cropped-cropped-cropped-02_00843_jt3bggkj1j3HLc7SyY6rEUpg.jpeg","width":1600,"height":1600,"caption":"skaitytaknyga.lt"},"image":{"@id":"https:\/\/skaitytaknyga.lt\/#\/schema\/logo\/image\/"},"sameAs":["https:\/\/www.facebook.com\/skaitytaknyga\/"]}]}},"_links":{"self":[{"href":"https:\/\/skaitytaknyga.lt\/en\/wp-json\/wp\/v2\/product\/18330","targetHints":{"allow":["GET"]}}],"collection":[{"href":"https:\/\/skaitytaknyga.lt\/en\/wp-json\/wp\/v2\/product"}],"about":[{"href":"https:\/\/skaitytaknyga.lt\/en\/wp-json\/wp\/v2\/types\/product"}],"replies":[{"embeddable":true,"href":"https:\/\/skaitytaknyga.lt\/en\/wp-json\/wp\/v2\/comments?post=18330"}],"wp:featuredmedia":[{"embeddable":true,"href":"https:\/\/skaitytaknyga.lt\/en\/wp-json\/wp\/v2\/media\/18342"}],"wp:attachment":[{"href":"https:\/\/skaitytaknyga.lt\/en\/wp-json\/wp\/v2\/media?parent=18330"}],"wp:term":[{"taxonomy":"product_brand","embeddable":true,"href":"https:\/\/skaitytaknyga.lt\/en\/wp-json\/wp\/v2\/product_brand?post=18330"},{"taxonomy":"product_cat","embeddable":true,"href":"https:\/\/skaitytaknyga.lt\/en\/wp-json\/wp\/v2\/product_cat?post=18330"},{"taxonomy":"product_tag","embeddable":true,"href":"https:\/\/skaitytaknyga.lt\/en\/wp-json\/wp\/v2\/product_tag?post=18330"}],"curies":[{"name":"wp","href":"https:\/\/api.w.org\/{rel}","templated":true}]}}