{"id":18326,"date":"2025-05-15T08:16:19","date_gmt":"2025-05-15T05:16:19","guid":{"rendered":"https:\/\/skaitytaknyga.lt\/?post_type=product&#038;p=18326"},"modified":"2026-03-18T10:53:40","modified_gmt":"2026-03-18T08:53:40","slug":"pjuti-fjuut-arba-netiesu-dvaras","status":"publish","type":"product","link":"https:\/\/skaitytaknyga.lt\/en\/produktas\/pjuti-fjuut-arba-netiesu-dvaras\/","title":{"rendered":"Pj\u016bti fj\u016b\u016bt! arba Neties\u0173 dvaras"},"content":{"rendered":"<p>Jurgio Kun\u010dino (1947\u20132002) paskutinis romanas.<\/p>\n<p>Recidyvistas Bladas Kleras pasakoja savo gyvenim\u0105, apimant\u012f ger\u0105 pus\u0161imt\u012f pra\u0117jusio am\u017eiaus met\u0173. Jame apstu meil\u0117s nuotyki\u0173, \u017eudyni\u0173, narkotik\u0173, kit\u0173 detektyv\u0105 primenan\u010di\u0173 istorij\u0173. Pati i\u0161kiliausioji i\u0161 moter\u0173 \u2013 Kotryna Merkiniet\u0117 ir visuomen\u0117s, ir Blado Klero gyvenime vaidinanti svarb\u0173 vaidmen\u012f. Su tarptautine kontrabanda ir narkotik\u0173 verslu susij\u0119s ir kitas svarbus veik\u0117jas Feliksas Artomonovas-Valickas. I\u0161ori\u0161kai pasakojimas ramus, tikrovi\u0161kas, bet \u012f\u017evalgesnis skaitytojas greit susivoks, jog tai farsas, turintis juodosios komedijos element\u0173.<\/p>\n","protected":false},"excerpt":{"rendered":"<p>Jurgio Kun\u010dino (1947\u20132002) paskutinis romanas. Recidyvistas Bladas Kleras pasakoja savo gyvenim\u0105, apimant\u012f ger\u0105 pus\u0161imt\u012f pra\u0117jusio am\u017eiaus met\u0173. Jame apstu meil\u0117s nuotyki\u0173, \u017eudyni\u0173, narkotik\u0173, kit\u0173 detektyv\u0105 primenan\u010di\u0173 istorij\u0173. Pati i\u0161kiliausioji i\u0161 moter\u0173 \u2013 Kotryna Merkiniet\u0117 ir visuomen\u0117s, ir Blado Klero gyvenime vaidinanti svarb\u0173 vaidmen\u012f. Su tarptautine kontrabanda ir narkotik\u0173 verslu susij\u0119s ir kitas svarbus veik\u0117jas Feliksas Artomonovas-Valickas. I\u0161ori\u0161kai pasakojimas ramus, tikrovi\u0161kas, bet \u012f\u017evalgesnis skaitytojas greit susivoks, jog tai farsas, turintis juodosios komedijos element\u0173.<\/p>\n","protected":false},"featured_media":18336,"comment_status":"open","ping_status":"closed","template":"","meta":{"_acf_changed":false,"site-sidebar-layout":"default","site-content-layout":"","ast-site-content-layout":"default","site-content-style":"default","site-sidebar-style":"default","ast-global-header-display":"","ast-banner-title-visibility":"","ast-main-header-display":"","ast-hfb-above-header-display":"","ast-hfb-below-header-display":"","ast-hfb-mobile-header-display":"","site-post-title":"","ast-breadcrumbs-content":"","ast-featured-img":"","footer-sml-layout":"","ast-disable-related-posts":"","theme-transparent-header-meta":"","adv-header-id-meta":"","stick-header-meta":"","header-above-stick-meta":"","header-main-stick-meta":"","header-below-stick-meta":"","astra-migrate-meta-layouts":"default","ast-page-background-enabled":"default","ast-page-background-meta":{"desktop":{"background-color":"","background-image":"","background-repeat":"repeat","background-position":"center center","background-size":"auto","background-attachment":"scroll","background-type":"","background-media":"","overlay-type":"","overlay-color":"","overlay-opacity":"","overlay-gradient":""},"tablet":{"background-color":"","background-image":"","background-repeat":"repeat","background-position":"center center","background-size":"auto","background-attachment":"scroll","background-type":"","background-media":"","overlay-type":"","overlay-color":"","overlay-opacity":"","overlay-gradient":""},"mobile":{"background-color":"","background-image":"","background-repeat":"repeat","background-position":"center center","background-size":"auto","background-attachment":"scroll","background-type":"","background-media":"","overlay-type":"","overlay-color":"","overlay-opacity":"","overlay-gradient":""}},"ast-content-background-meta":{"desktop":{"background-color":"var(--ast-global-color-4)","background-image":"","background-repeat":"repeat","background-position":"center center","background-size":"auto","background-attachment":"scroll","background-type":"","background-media":"","overlay-type":"","overlay-color":"","overlay-opacity":"","overlay-gradient":""},"tablet":{"background-color":"var(--ast-global-color-4)","background-image":"","background-repeat":"repeat","background-position":"center center","background-size":"auto","background-attachment":"scroll","background-type":"","background-media":"","overlay-type":"","overlay-color":"","overlay-opacity":"","overlay-gradient":""},"mobile":{"background-color":"var(--ast-global-color-4)","background-image":"","background-repeat":"repeat","background-position":"center center","background-size":"auto","background-attachment":"scroll","background-type":"","background-media":"","overlay-type":"","overlay-color":"","overlay-opacity":"","overlay-gradient":""}}},"product_brand":[],"product_cat":[9590],"product_tag":[2844,2842,2376,1744,2843,2189,2809],"class_list":{"0":"post-18326","1":"product","2":"type-product","3":"status-publish","4":"has-post-thumbnail","6":"product_cat-lietuviu-literatura","7":"product_tag-absurdo-proza","8":"product_tag-jurgis-kuncinas","9":"product_tag-kultura","10":"product_tag-lietuviu-literatura","11":"product_tag-postmodernizmas","12":"product_tag-satyra","13":"product_tag-socialine-kritika","14":"desktop-align-left","15":"tablet-align-left","16":"mobile-align-left","18":"first","19":"instock","20":"shipping-taxable","21":"purchasable","22":"product-type-simple"},"acf":[],"yoast_head":"<!-- This site is optimized with the Yoast SEO plugin v27.0 - https:\/\/yoast.com\/product\/yoast-seo-wordpress\/ -->\n<title>Pj\u016bti fj\u016b\u016bt! arba Neties\u0173 dvaras<\/title>\n<meta name=\"description\" content=\"Jurgio Kun\u010dino (1947\u20132002) paskutinis romanas. Recidyvistas Bladas Kleras pasakoja savo gyvenim\u0105, apimant\u012f ger\u0105 pus\u0161imt\u012f pra\u0117jusio am\u017eiaus met\u0173. Jame\" \/>\n<meta name=\"robots\" content=\"index, follow, max-snippet:-1, max-image-preview:large, max-video-preview:-1\" \/>\n<link rel=\"canonical\" href=\"https:\/\/skaitytaknyga.lt\/en\/produktas\/pjuti-fjuut-arba-netiesu-dvaras\/\" \/>\n<meta property=\"og:locale\" content=\"en_GB\" \/>\n<meta property=\"og:locale:alternate\" content=\"lt_LT\" \/>\n<meta property=\"og:type\" content=\"article\" \/>\n<meta property=\"og:title\" content=\"Pj\u016bti fj\u016b\u016bt! arba Neties\u0173 dvaras\" \/>\n<meta property=\"og:description\" content=\"Jurgio Kun\u010dino (1947\u20132002) paskutinis romanas. Recidyvistas Bladas Kleras pasakoja savo gyvenim\u0105, apimant\u012f ger\u0105 pus\u0161imt\u012f pra\u0117jusio am\u017eiaus met\u0173. Jame\" \/>\n<meta property=\"og:url\" content=\"https:\/\/skaitytaknyga.lt\/en\/produktas\/pjuti-fjuut-arba-netiesu-dvaras\/\" \/>\n<meta property=\"og:site_name\" content=\"Skaitytaknyga\" \/>\n<meta property=\"article:publisher\" content=\"https:\/\/www.facebook.com\/skaitytaknyga\/\" \/>\n<meta property=\"article:modified_time\" content=\"2026-03-18T08:53:40+00:00\" \/>\n<meta property=\"og:image\" content=\"https:\/\/skaitytaknyga.lt\/wp-content\/uploads\/2025\/05\/Pjuti-fjuut-arba-Netiesu-dvaras.webp\" \/>\n\t<meta property=\"og:image:width\" content=\"527\" \/>\n\t<meta property=\"og:image:height\" content=\"801\" \/>\n\t<meta property=\"og:image:type\" content=\"image\/webp\" \/>\n<meta name=\"twitter:card\" content=\"summary_large_image\" \/>\n<script type=\"application\/ld+json\" class=\"yoast-schema-graph\">{\"@context\":\"https:\/\/schema.org\",\"@graph\":[{\"@type\":\"WebPage\",\"@id\":\"https:\/\/skaitytaknyga.lt\/produktas\/pjuti-fjuut-arba-netiesu-dvaras\/\",\"url\":\"https:\/\/skaitytaknyga.lt\/produktas\/pjuti-fjuut-arba-netiesu-dvaras\/\",\"name\":\"Pj\u016bti fj\u016b\u016bt! arba Neties\u0173 dvaras\",\"isPartOf\":{\"@id\":\"https:\/\/skaitytaknyga.lt\/#website\"},\"primaryImageOfPage\":{\"@id\":\"https:\/\/skaitytaknyga.lt\/produktas\/pjuti-fjuut-arba-netiesu-dvaras\/#primaryimage\"},\"image\":{\"@id\":\"https:\/\/skaitytaknyga.lt\/produktas\/pjuti-fjuut-arba-netiesu-dvaras\/#primaryimage\"},\"thumbnailUrl\":\"https:\/\/skaitytaknyga.lt\/wp-content\/uploads\/2025\/05\/Pjuti-fjuut-arba-Netiesu-dvaras.webp\",\"datePublished\":\"2025-05-15T05:16:19+00:00\",\"dateModified\":\"2026-03-18T08:53:40+00:00\",\"description\":\"Jurgio Kun\u010dino (1947\u20132002) paskutinis romanas. Recidyvistas Bladas Kleras pasakoja savo gyvenim\u0105, apimant\u012f ger\u0105 pus\u0161imt\u012f pra\u0117jusio am\u017eiaus met\u0173. Jame\",\"breadcrumb\":{\"@id\":\"https:\/\/skaitytaknyga.lt\/produktas\/pjuti-fjuut-arba-netiesu-dvaras\/#breadcrumb\"},\"inLanguage\":\"en-GB\",\"potentialAction\":[{\"@type\":\"ReadAction\",\"target\":[\"https:\/\/skaitytaknyga.lt\/produktas\/pjuti-fjuut-arba-netiesu-dvaras\/\"]}]},{\"@type\":\"ImageObject\",\"inLanguage\":\"en-GB\",\"@id\":\"https:\/\/skaitytaknyga.lt\/produktas\/pjuti-fjuut-arba-netiesu-dvaras\/#primaryimage\",\"url\":\"https:\/\/skaitytaknyga.lt\/wp-content\/uploads\/2025\/05\/Pjuti-fjuut-arba-Netiesu-dvaras.webp\",\"contentUrl\":\"https:\/\/skaitytaknyga.lt\/wp-content\/uploads\/2025\/05\/Pjuti-fjuut-arba-Netiesu-dvaras.webp\",\"width\":527,\"height\":801,\"caption\":\"Pj\u016bti fj\u016b\u016bt! arba Neties\u0173 dvaras\"},{\"@type\":\"BreadcrumbList\",\"@id\":\"https:\/\/skaitytaknyga.lt\/produktas\/pjuti-fjuut-arba-netiesu-dvaras\/#breadcrumb\",\"itemListElement\":[{\"@type\":\"ListItem\",\"position\":1,\"name\":\"Home\",\"item\":\"https:\/\/skaitytaknyga.lt\/\"},{\"@type\":\"ListItem\",\"position\":2,\"name\":\"Parduotuv\u0117\",\"item\":\"https:\/\/skaitytaknyga.lt\/knygu-parduotuve\/\"},{\"@type\":\"ListItem\",\"position\":3,\"name\":\"Pj\u016bti fj\u016b\u016bt! arba Neties\u0173 dvaras\"}]},{\"@type\":\"WebSite\",\"@id\":\"https:\/\/skaitytaknyga.lt\/#website\",\"url\":\"https:\/\/skaitytaknyga.lt\/\",\"name\":\"skaitytaknyga.lt\",\"description\":\"Skaitytaknyga.lt \u2013 tai ma\u017eas \u0161eimos verslas, kuris prasid\u0117jo nuo meil\u0117s knygoms ir siekio i\u0161gelb\u0117ti knygas nuo likimo prie konteinerio. Kas vienam nereikalingas daiktas \u2013 kitam lobis, o mes esame tarpininkai, kurie padeda abiems tapti laimingesniems ???? \u017dinome kaip nelengva i\u0161gyventi ma\u017eiems verslams, tad nuo \u0161iol, \u010dia rasite ir kit\u0173, ma\u017e\u0173 \u0161eim\u0173 versl\u0173, rank\u0173 darbo, dovan\u0173 sau ir artimiesiems.\",\"publisher\":{\"@id\":\"https:\/\/skaitytaknyga.lt\/#organization\"},\"potentialAction\":[{\"@type\":\"SearchAction\",\"target\":{\"@type\":\"EntryPoint\",\"urlTemplate\":\"https:\/\/skaitytaknyga.lt\/?s={search_term_string}\"},\"query-input\":{\"@type\":\"PropertyValueSpecification\",\"valueRequired\":true,\"valueName\":\"search_term_string\"}}],\"inLanguage\":\"en-GB\"},{\"@type\":\"Organization\",\"@id\":\"https:\/\/skaitytaknyga.lt\/#organization\",\"name\":\"skaitytaknyga.lt\",\"url\":\"https:\/\/skaitytaknyga.lt\/\",\"logo\":{\"@type\":\"ImageObject\",\"inLanguage\":\"en-GB\",\"@id\":\"https:\/\/skaitytaknyga.lt\/#\/schema\/logo\/image\/\",\"url\":\"https:\/\/skaitytaknyga.lt\/wp-content\/uploads\/2024\/05\/cropped-cropped-cropped-02_00843_jt3bggkj1j3HLc7SyY6rEUpg.jpeg\",\"contentUrl\":\"https:\/\/skaitytaknyga.lt\/wp-content\/uploads\/2024\/05\/cropped-cropped-cropped-02_00843_jt3bggkj1j3HLc7SyY6rEUpg.jpeg\",\"width\":1600,\"height\":1600,\"caption\":\"skaitytaknyga.lt\"},\"image\":{\"@id\":\"https:\/\/skaitytaknyga.lt\/#\/schema\/logo\/image\/\"},\"sameAs\":[\"https:\/\/www.facebook.com\/skaitytaknyga\/\"]}]}<\/script>\n<!-- \/ Yoast SEO plugin. -->","yoast_head_json":{"title":"Pj\u016bti fj\u016b\u016bt! arba Neties\u0173 dvaras","description":"Jurgio Kun\u010dino (1947\u20132002) paskutinis romanas. Recidyvistas Bladas Kleras pasakoja savo gyvenim\u0105, apimant\u012f ger\u0105 pus\u0161imt\u012f pra\u0117jusio am\u017eiaus met\u0173. Jame","robots":{"index":"index","follow":"follow","max-snippet":"max-snippet:-1","max-image-preview":"max-image-preview:large","max-video-preview":"max-video-preview:-1"},"canonical":"https:\/\/skaitytaknyga.lt\/en\/produktas\/pjuti-fjuut-arba-netiesu-dvaras\/","og_locale":"en_GB","og_type":"article","og_title":"[:lt]Pj\u016bti fj\u016b\u016bt! arba Neties\u0173 dvaras[:] - Skaitytaknyga","og_description":"Jurgio Kun\u010dino (1947\u20132002) paskutinis romanas. Recidyvistas Bladas Kleras pasakoja savo gyvenim\u0105, apimant\u012f ger\u0105 pus\u0161imt\u012f pra\u0117jusio am\u017eiaus met\u0173. Jame","og_url":"https:\/\/skaitytaknyga.lt\/en\/produktas\/pjuti-fjuut-arba-netiesu-dvaras\/","og_site_name":"Skaitytaknyga","article_publisher":"https:\/\/www.facebook.com\/skaitytaknyga\/","article_modified_time":"2026-03-18T08:53:40+00:00","og_image":[{"width":527,"height":801,"url":"https:\/\/skaitytaknyga.lt\/wp-content\/uploads\/2025\/05\/Pjuti-fjuut-arba-Netiesu-dvaras.webp","type":"image\/webp"}],"twitter_card":"summary_large_image","schema":{"@context":"https:\/\/schema.org","@graph":[{"@type":"WebPage","@id":"https:\/\/skaitytaknyga.lt\/produktas\/pjuti-fjuut-arba-netiesu-dvaras\/","url":"https:\/\/skaitytaknyga.lt\/produktas\/pjuti-fjuut-arba-netiesu-dvaras\/","name":"Pj\u016bti fj\u016b\u016bt! arba Neties\u0173 dvaras","isPartOf":{"@id":"https:\/\/skaitytaknyga.lt\/#website"},"primaryImageOfPage":{"@id":"https:\/\/skaitytaknyga.lt\/produktas\/pjuti-fjuut-arba-netiesu-dvaras\/#primaryimage"},"image":{"@id":"https:\/\/skaitytaknyga.lt\/produktas\/pjuti-fjuut-arba-netiesu-dvaras\/#primaryimage"},"thumbnailUrl":"https:\/\/skaitytaknyga.lt\/wp-content\/uploads\/2025\/05\/Pjuti-fjuut-arba-Netiesu-dvaras.webp","datePublished":"2025-05-15T05:16:19+00:00","dateModified":"2026-03-18T08:53:40+00:00","description":"Jurgio Kun\u010dino (1947\u20132002) paskutinis romanas. Recidyvistas Bladas Kleras pasakoja savo gyvenim\u0105, apimant\u012f ger\u0105 pus\u0161imt\u012f pra\u0117jusio am\u017eiaus met\u0173. Jame","breadcrumb":{"@id":"https:\/\/skaitytaknyga.lt\/produktas\/pjuti-fjuut-arba-netiesu-dvaras\/#breadcrumb"},"inLanguage":"en-GB","potentialAction":[{"@type":"ReadAction","target":["https:\/\/skaitytaknyga.lt\/produktas\/pjuti-fjuut-arba-netiesu-dvaras\/"]}]},{"@type":"ImageObject","inLanguage":"en-GB","@id":"https:\/\/skaitytaknyga.lt\/produktas\/pjuti-fjuut-arba-netiesu-dvaras\/#primaryimage","url":"https:\/\/skaitytaknyga.lt\/wp-content\/uploads\/2025\/05\/Pjuti-fjuut-arba-Netiesu-dvaras.webp","contentUrl":"https:\/\/skaitytaknyga.lt\/wp-content\/uploads\/2025\/05\/Pjuti-fjuut-arba-Netiesu-dvaras.webp","width":527,"height":801,"caption":"Pj\u016bti fj\u016b\u016bt! arba Neties\u0173 dvaras"},{"@type":"BreadcrumbList","@id":"https:\/\/skaitytaknyga.lt\/produktas\/pjuti-fjuut-arba-netiesu-dvaras\/#breadcrumb","itemListElement":[{"@type":"ListItem","position":1,"name":"Home","item":"https:\/\/skaitytaknyga.lt\/"},{"@type":"ListItem","position":2,"name":"Parduotuv\u0117","item":"https:\/\/skaitytaknyga.lt\/knygu-parduotuve\/"},{"@type":"ListItem","position":3,"name":"Pj\u016bti fj\u016b\u016bt! arba Neties\u0173 dvaras"}]},{"@type":"WebSite","@id":"https:\/\/skaitytaknyga.lt\/#website","url":"https:\/\/skaitytaknyga.lt\/","name":"skaitytaknyga.lt","description":"Skaitytaknyga.lt \u2013 tai ma\u017eas \u0161eimos verslas, kuris prasid\u0117jo nuo meil\u0117s knygoms ir siekio i\u0161gelb\u0117ti knygas nuo likimo prie konteinerio. Kas vienam nereikalingas daiktas \u2013 kitam lobis, o mes esame tarpininkai, kurie padeda abiems tapti laimingesniems ???? \u017dinome kaip nelengva i\u0161gyventi ma\u017eiems verslams, tad nuo \u0161iol, \u010dia rasite ir kit\u0173, ma\u017e\u0173 \u0161eim\u0173 versl\u0173, rank\u0173 darbo, dovan\u0173 sau ir artimiesiems.","publisher":{"@id":"https:\/\/skaitytaknyga.lt\/#organization"},"potentialAction":[{"@type":"SearchAction","target":{"@type":"EntryPoint","urlTemplate":"https:\/\/skaitytaknyga.lt\/?s={search_term_string}"},"query-input":{"@type":"PropertyValueSpecification","valueRequired":true,"valueName":"search_term_string"}}],"inLanguage":"en-GB"},{"@type":"Organization","@id":"https:\/\/skaitytaknyga.lt\/#organization","name":"skaitytaknyga.lt","url":"https:\/\/skaitytaknyga.lt\/","logo":{"@type":"ImageObject","inLanguage":"en-GB","@id":"https:\/\/skaitytaknyga.lt\/#\/schema\/logo\/image\/","url":"https:\/\/skaitytaknyga.lt\/wp-content\/uploads\/2024\/05\/cropped-cropped-cropped-02_00843_jt3bggkj1j3HLc7SyY6rEUpg.jpeg","contentUrl":"https:\/\/skaitytaknyga.lt\/wp-content\/uploads\/2024\/05\/cropped-cropped-cropped-02_00843_jt3bggkj1j3HLc7SyY6rEUpg.jpeg","width":1600,"height":1600,"caption":"skaitytaknyga.lt"},"image":{"@id":"https:\/\/skaitytaknyga.lt\/#\/schema\/logo\/image\/"},"sameAs":["https:\/\/www.facebook.com\/skaitytaknyga\/"]}]}},"_links":{"self":[{"href":"https:\/\/skaitytaknyga.lt\/en\/wp-json\/wp\/v2\/product\/18326","targetHints":{"allow":["GET"]}}],"collection":[{"href":"https:\/\/skaitytaknyga.lt\/en\/wp-json\/wp\/v2\/product"}],"about":[{"href":"https:\/\/skaitytaknyga.lt\/en\/wp-json\/wp\/v2\/types\/product"}],"replies":[{"embeddable":true,"href":"https:\/\/skaitytaknyga.lt\/en\/wp-json\/wp\/v2\/comments?post=18326"}],"wp:featuredmedia":[{"embeddable":true,"href":"https:\/\/skaitytaknyga.lt\/en\/wp-json\/wp\/v2\/media\/18336"}],"wp:attachment":[{"href":"https:\/\/skaitytaknyga.lt\/en\/wp-json\/wp\/v2\/media?parent=18326"}],"wp:term":[{"taxonomy":"product_brand","embeddable":true,"href":"https:\/\/skaitytaknyga.lt\/en\/wp-json\/wp\/v2\/product_brand?post=18326"},{"taxonomy":"product_cat","embeddable":true,"href":"https:\/\/skaitytaknyga.lt\/en\/wp-json\/wp\/v2\/product_cat?post=18326"},{"taxonomy":"product_tag","embeddable":true,"href":"https:\/\/skaitytaknyga.lt\/en\/wp-json\/wp\/v2\/product_tag?post=18326"}],"curies":[{"name":"wp","href":"https:\/\/api.w.org\/{rel}","templated":true}]}}