{"id":18318,"date":"2025-05-14T11:02:52","date_gmt":"2025-05-14T08:02:52","guid":{"rendered":"https:\/\/skaitytaknyga.lt\/?post_type=product&#038;p=18318"},"modified":"2025-05-15T08:11:07","modified_gmt":"2025-05-15T05:11:07","slug":"po-dvidesimties-metu-1-2-dalys","status":"publish","type":"product","link":"https:\/\/skaitytaknyga.lt\/en\/produktas\/po-dvidesimties-metu-1-2-dalys\/","title":{"rendered":"Po dvide\u0161imties met\u0173 1-2 dalys"},"content":{"rendered":"<p>Kadaise buv\u0119 nei\u0161skiriami keturi draugai, atlik\u0119 daugyb\u0119 nut\u016bktgakvi\u0161k\u0173 \u017eygi\u0173 ir vadov\u0119si \u0161\u016bkiu \u201eVisi u\u017e vien\u0105 \u2013 vienas u\u017e visus!\u201d nesimat\u0117 dvide\u0161imt met\u0173. D\u2018Artanjanas vis\u0105 t\u0105 laik\u0105 krimto sausok\u0105 mu\u0161kietinink\u0173 leitenanto duon\u0105, Aramis tapo abatu, \u00a0Atas kukliai gyveno paveld\u0117tame dvarelyje, o Portas skendo turtuose, bet netur\u0117jo trok\u0161tamo titulo.<\/p>\n<p>D\u2018Artanjanas, kardinolo Mazarinio pavestas, imasi ie\u0161koti sen\u0173j\u0173 draug\u0173. Deja, prikalbinti jam pavyksta tik Port\u0105, nes Atas ir Aramis laikosi visai prie\u0161ing\u0173 politini\u0173 pa\u017ei\u016br\u0173. Buv\u0119s nei\u0161skiriami dr\u0105suoliai tampa prie\u0161ais ir vos nesukry\u017eiuoja \u0161pag\u0173, ta\u010diau visk\u0105 gelbsti Ato i\u0161mintis. Pirmosios dalies pabaigoje Atas ir Aramis plaukia \u012f Anglij\u0105 gelb\u0117ti Karolio I. Kaip jiems seksis, su\u017einosite antrojoje dalyje.<\/p>\n","protected":false},"excerpt":{"rendered":"<p>Kadaise buv\u0119 nei\u0161skiriami keturi draugai, atlik\u0119 daugyb\u0119 nut\u016bktgakvi\u0161k\u0173 \u017eygi\u0173 ir vadov\u0119si \u0161\u016bkiu \u201eVisi u\u017e vien\u0105 \u2013 vienas u\u017e visus!\u201d nesimat\u0117 dvide\u0161imt met\u0173. D\u2018Artanjanas vis\u0105 t\u0105 laik\u0105 krimto sausok\u0105 mu\u0161kietinink\u0173 leitenanto duon\u0105, Aramis tapo abatu, \u00a0Atas kukliai gyveno paveld\u0117tame dvarelyje, o Portas skendo turtuose, bet netur\u0117jo trok\u0161tamo titulo. D\u2018Artanjanas, kardinolo Mazarinio pavestas, imasi ie\u0161koti sen\u0173j\u0173 draug\u0173. Deja, prikalbinti jam pavyksta tik Port\u0105, nes Atas ir Aramis laikosi visai prie\u0161ing\u0173 politini\u0173 pa\u017ei\u016br\u0173. Buv\u0119s nei\u0161skiriami dr\u0105suoliai tampa prie\u0161ais ir vos nesukry\u017eiuoja \u0161pag\u0173, ta\u010diau visk\u0105 gelbsti Ato i\u0161mintis. Pirmosios dalies pabaigoje Atas ir Aramis plaukia \u012f Anglij\u0105 gelb\u0117ti Karolio I. Kaip jiems seksis, su\u017einosite antrojoje dalyje.<\/p>\n","protected":false},"featured_media":18319,"comment_status":"open","ping_status":"closed","template":"","meta":{"_acf_changed":false,"site-sidebar-layout":"default","site-content-layout":"","ast-site-content-layout":"default","site-content-style":"default","site-sidebar-style":"default","ast-global-header-display":"","ast-banner-title-visibility":"","ast-main-header-display":"","ast-hfb-above-header-display":"","ast-hfb-below-header-display":"","ast-hfb-mobile-header-display":"","site-post-title":"","ast-breadcrumbs-content":"","ast-featured-img":"","footer-sml-layout":"","ast-disable-related-posts":"","theme-transparent-header-meta":"","adv-header-id-meta":"","stick-header-meta":"","header-above-stick-meta":"","header-main-stick-meta":"","header-below-stick-meta":"","astra-migrate-meta-layouts":"default","ast-page-background-enabled":"default","ast-page-background-meta":{"desktop":{"background-color":"","background-image":"","background-repeat":"repeat","background-position":"center center","background-size":"auto","background-attachment":"scroll","background-type":"","background-media":"","overlay-type":"","overlay-color":"","overlay-opacity":"","overlay-gradient":""},"tablet":{"background-color":"","background-image":"","background-repeat":"repeat","background-position":"center center","background-size":"auto","background-attachment":"scroll","background-type":"","background-media":"","overlay-type":"","overlay-color":"","overlay-opacity":"","overlay-gradient":""},"mobile":{"background-color":"","background-image":"","background-repeat":"repeat","background-position":"center center","background-size":"auto","background-attachment":"scroll","background-type":"","background-media":"","overlay-type":"","overlay-color":"","overlay-opacity":"","overlay-gradient":""}},"ast-content-background-meta":{"desktop":{"background-color":"var(--ast-global-color-4)","background-image":"","background-repeat":"repeat","background-position":"center center","background-size":"auto","background-attachment":"scroll","background-type":"","background-media":"","overlay-type":"","overlay-color":"","overlay-opacity":"","overlay-gradient":""},"tablet":{"background-color":"var(--ast-global-color-4)","background-image":"","background-repeat":"repeat","background-position":"center center","background-size":"auto","background-attachment":"scroll","background-type":"","background-media":"","overlay-type":"","overlay-color":"","overlay-opacity":"","overlay-gradient":""},"mobile":{"background-color":"var(--ast-global-color-4)","background-image":"","background-repeat":"repeat","background-position":"center center","background-size":"auto","background-attachment":"scroll","background-type":"","background-media":"","overlay-type":"","overlay-color":"","overlay-opacity":"","overlay-gradient":""}}},"product_brand":[],"product_cat":[484],"product_tag":[2587,2590,2069,2588,2081,2589],"class_list":{"0":"post-18318","1":"product","2":"type-product","3":"status-publish","4":"has-post-thumbnail","6":"product_cat-drasiuju-keliai","7":"product_tag-a-diuma","8":"product_tag-drasiuju-keliai","9":"product_tag-istorinis-romanas","10":"product_tag-muskietininkai","11":"product_tag-ltnuotykiai","12":"product_tag-prancuzijos-literatura","13":"desktop-align-left","14":"tablet-align-left","15":"mobile-align-left","17":"first","18":"instock","19":"shipping-taxable","20":"purchasable","21":"product-type-simple"},"acf":[],"yoast_head":"<!-- This site is optimized with the Yoast SEO plugin v27.4 - https:\/\/yoast.com\/product\/yoast-seo-wordpress\/ -->\n<title>Po dvide\u0161imties met\u0173 1-2 dalys<\/title>\n<meta name=\"description\" content=\"Kadaise buv\u0119 nei\u0161skiriami keturi draugai, atlik\u0119 daugyb\u0119 nut\u016bktgakvi\u0161k\u0173 \u017eygi\u0173 ir vadov\u0119si \u0161\u016bkiu \u201eVisi u\u017e vien\u0105 \u2013 vienas u\u017e visus!\u201d nesimat\u0117 dvide\u0161imt\" \/>\n<meta name=\"robots\" content=\"index, follow, max-snippet:-1, max-image-preview:large, max-video-preview:-1\" \/>\n<link rel=\"canonical\" href=\"https:\/\/skaitytaknyga.lt\/en\/produktas\/po-dvidesimties-metu-1-2-dalys\/\" \/>\n<meta property=\"og:locale\" content=\"en_GB\" \/>\n<meta property=\"og:locale:alternate\" content=\"lt_LT\" \/>\n<meta property=\"og:type\" content=\"article\" \/>\n<meta property=\"og:title\" content=\"Po dvide\u0161imties met\u0173 1-2 dalys\" \/>\n<meta property=\"og:description\" content=\"Kadaise buv\u0119 nei\u0161skiriami keturi draugai, atlik\u0119 daugyb\u0119 nut\u016bktgakvi\u0161k\u0173 \u017eygi\u0173 ir vadov\u0119si \u0161\u016bkiu \u201eVisi u\u017e vien\u0105 \u2013 vienas u\u017e visus!\u201d nesimat\u0117 dvide\u0161imt\" \/>\n<meta property=\"og:url\" content=\"https:\/\/skaitytaknyga.lt\/en\/produktas\/po-dvidesimties-metu-1-2-dalys\/\" \/>\n<meta property=\"og:site_name\" content=\"Skaitytaknyga\" \/>\n<meta property=\"article:publisher\" content=\"https:\/\/www.facebook.com\/skaitytaknyga\/\" \/>\n<meta property=\"article:modified_time\" content=\"2025-05-15T05:11:07+00:00\" \/>\n<meta property=\"og:image\" content=\"https:\/\/skaitytaknyga.lt\/wp-content\/uploads\/2025\/05\/Po-dvidesimties-metu-I-dalis.webp\" \/>\n\t<meta property=\"og:image:width\" content=\"509\" \/>\n\t<meta property=\"og:image:height\" content=\"801\" \/>\n\t<meta property=\"og:image:type\" content=\"image\/webp\" \/>\n<meta name=\"twitter:card\" content=\"summary_large_image\" \/>\n<meta name=\"twitter:label1\" content=\"Estimated reading time\" \/>\n\t<meta name=\"twitter:data1\" content=\"1 minute\" \/>\n<script type=\"application\/ld+json\" class=\"yoast-schema-graph\">{\"@context\":\"https:\\\/\\\/schema.org\",\"@graph\":[{\"@type\":\"WebPage\",\"@id\":\"https:\\\/\\\/skaitytaknyga.lt\\\/produktas\\\/po-dvidesimties-metu-1-2-dalys\\\/\",\"url\":\"https:\\\/\\\/skaitytaknyga.lt\\\/produktas\\\/po-dvidesimties-metu-1-2-dalys\\\/\",\"name\":\"Po dvide\u0161imties met\u0173 1-2 dalys\",\"isPartOf\":{\"@id\":\"https:\\\/\\\/skaitytaknyga.lt\\\/#website\"},\"primaryImageOfPage\":{\"@id\":\"https:\\\/\\\/skaitytaknyga.lt\\\/produktas\\\/po-dvidesimties-metu-1-2-dalys\\\/#primaryimage\"},\"image\":{\"@id\":\"https:\\\/\\\/skaitytaknyga.lt\\\/produktas\\\/po-dvidesimties-metu-1-2-dalys\\\/#primaryimage\"},\"thumbnailUrl\":\"https:\\\/\\\/skaitytaknyga.lt\\\/wp-content\\\/uploads\\\/2025\\\/05\\\/Po-dvidesimties-metu-I-dalis.webp\",\"datePublished\":\"2025-05-14T08:02:52+00:00\",\"dateModified\":\"2025-05-15T05:11:07+00:00\",\"description\":\"Kadaise buv\u0119 nei\u0161skiriami keturi draugai, atlik\u0119 daugyb\u0119 nut\u016bktgakvi\u0161k\u0173 \u017eygi\u0173 ir vadov\u0119si \u0161\u016bkiu \u201eVisi u\u017e vien\u0105 \u2013 vienas u\u017e visus!\u201d nesimat\u0117 dvide\u0161imt\",\"breadcrumb\":{\"@id\":\"https:\\\/\\\/skaitytaknyga.lt\\\/produktas\\\/po-dvidesimties-metu-1-2-dalys\\\/#breadcrumb\"},\"inLanguage\":\"en-GB\",\"potentialAction\":[{\"@type\":\"ReadAction\",\"target\":[\"https:\\\/\\\/skaitytaknyga.lt\\\/produktas\\\/po-dvidesimties-metu-1-2-dalys\\\/\"]}]},{\"@type\":\"ImageObject\",\"inLanguage\":\"en-GB\",\"@id\":\"https:\\\/\\\/skaitytaknyga.lt\\\/produktas\\\/po-dvidesimties-metu-1-2-dalys\\\/#primaryimage\",\"url\":\"https:\\\/\\\/skaitytaknyga.lt\\\/wp-content\\\/uploads\\\/2025\\\/05\\\/Po-dvidesimties-metu-I-dalis.webp\",\"contentUrl\":\"https:\\\/\\\/skaitytaknyga.lt\\\/wp-content\\\/uploads\\\/2025\\\/05\\\/Po-dvidesimties-metu-I-dalis.webp\",\"width\":509,\"height\":801,\"caption\":\"Po dvide\u0161imties met\u0173 I dalis\"},{\"@type\":\"BreadcrumbList\",\"@id\":\"https:\\\/\\\/skaitytaknyga.lt\\\/produktas\\\/po-dvidesimties-metu-1-2-dalys\\\/#breadcrumb\",\"itemListElement\":[{\"@type\":\"ListItem\",\"position\":1,\"name\":\"Home\",\"item\":\"https:\\\/\\\/skaitytaknyga.lt\\\/\"},{\"@type\":\"ListItem\",\"position\":2,\"name\":\"Parduotuv\u0117\",\"item\":\"https:\\\/\\\/skaitytaknyga.lt\\\/knygu-parduotuve\\\/\"},{\"@type\":\"ListItem\",\"position\":3,\"name\":\"Po dvide\u0161imties met\u0173 1-2 dalys\"}]},{\"@type\":\"WebSite\",\"@id\":\"https:\\\/\\\/skaitytaknyga.lt\\\/#website\",\"url\":\"https:\\\/\\\/skaitytaknyga.lt\\\/\",\"name\":\"skaitytaknyga.lt\",\"description\":\"Skaitytaknyga.lt \u2013 tai ma\u017eas \u0161eimos verslas, kuris prasid\u0117jo nuo meil\u0117s knygoms ir siekio i\u0161gelb\u0117ti knygas nuo likimo prie konteinerio. Kas vienam nereikalingas daiktas \u2013 kitam lobis, o mes esame tarpininkai, kurie padeda abiems tapti laimingesniems ???? \u017dinome kaip nelengva i\u0161gyventi ma\u017eiems verslams, tad nuo \u0161iol, \u010dia rasite ir kit\u0173, ma\u017e\u0173 \u0161eim\u0173 versl\u0173, rank\u0173 darbo, dovan\u0173 sau ir artimiesiems.\",\"publisher\":{\"@id\":\"https:\\\/\\\/skaitytaknyga.lt\\\/#organization\"},\"potentialAction\":[{\"@type\":\"SearchAction\",\"target\":{\"@type\":\"EntryPoint\",\"urlTemplate\":\"https:\\\/\\\/skaitytaknyga.lt\\\/?s={search_term_string}\"},\"query-input\":{\"@type\":\"PropertyValueSpecification\",\"valueRequired\":true,\"valueName\":\"search_term_string\"}}],\"inLanguage\":\"en-GB\"},{\"@type\":\"Organization\",\"@id\":\"https:\\\/\\\/skaitytaknyga.lt\\\/#organization\",\"name\":\"skaitytaknyga.lt\",\"url\":\"https:\\\/\\\/skaitytaknyga.lt\\\/\",\"logo\":{\"@type\":\"ImageObject\",\"inLanguage\":\"en-GB\",\"@id\":\"https:\\\/\\\/skaitytaknyga.lt\\\/#\\\/schema\\\/logo\\\/image\\\/\",\"url\":\"https:\\\/\\\/skaitytaknyga.lt\\\/wp-content\\\/uploads\\\/2024\\\/05\\\/cropped-cropped-cropped-02_00843_jt3bggkj1j3HLc7SyY6rEUpg.jpeg\",\"contentUrl\":\"https:\\\/\\\/skaitytaknyga.lt\\\/wp-content\\\/uploads\\\/2024\\\/05\\\/cropped-cropped-cropped-02_00843_jt3bggkj1j3HLc7SyY6rEUpg.jpeg\",\"width\":1600,\"height\":1600,\"caption\":\"skaitytaknyga.lt\"},\"image\":{\"@id\":\"https:\\\/\\\/skaitytaknyga.lt\\\/#\\\/schema\\\/logo\\\/image\\\/\"},\"sameAs\":[\"https:\\\/\\\/www.facebook.com\\\/skaitytaknyga\\\/\"]}]}<\/script>\n<!-- \/ Yoast SEO plugin. -->","yoast_head_json":{"title":"Po dvide\u0161imties met\u0173 1-2 dalys","description":"Kadaise buv\u0119 nei\u0161skiriami keturi draugai, atlik\u0119 daugyb\u0119 nut\u016bktgakvi\u0161k\u0173 \u017eygi\u0173 ir vadov\u0119si \u0161\u016bkiu \u201eVisi u\u017e vien\u0105 \u2013 vienas u\u017e visus!\u201d nesimat\u0117 dvide\u0161imt","robots":{"index":"index","follow":"follow","max-snippet":"max-snippet:-1","max-image-preview":"max-image-preview:large","max-video-preview":"max-video-preview:-1"},"canonical":"https:\/\/skaitytaknyga.lt\/en\/produktas\/po-dvidesimties-metu-1-2-dalys\/","og_locale":"en_GB","og_type":"article","og_title":"[:lt]Po dvide\u0161imties met\u0173 1-2 dalys[:] - Skaitytaknyga","og_description":"Kadaise buv\u0119 nei\u0161skiriami keturi draugai, atlik\u0119 daugyb\u0119 nut\u016bktgakvi\u0161k\u0173 \u017eygi\u0173 ir vadov\u0119si \u0161\u016bkiu \u201eVisi u\u017e vien\u0105 \u2013 vienas u\u017e visus!\u201d nesimat\u0117 dvide\u0161imt","og_url":"https:\/\/skaitytaknyga.lt\/en\/produktas\/po-dvidesimties-metu-1-2-dalys\/","og_site_name":"Skaitytaknyga","article_publisher":"https:\/\/www.facebook.com\/skaitytaknyga\/","article_modified_time":"2025-05-15T05:11:07+00:00","og_image":[{"width":509,"height":801,"url":"https:\/\/skaitytaknyga.lt\/wp-content\/uploads\/2025\/05\/Po-dvidesimties-metu-I-dalis.webp","type":"image\/webp"}],"twitter_card":"summary_large_image","twitter_misc":{"Estimated reading time":"1 minute"},"schema":{"@context":"https:\/\/schema.org","@graph":[{"@type":"WebPage","@id":"https:\/\/skaitytaknyga.lt\/produktas\/po-dvidesimties-metu-1-2-dalys\/","url":"https:\/\/skaitytaknyga.lt\/produktas\/po-dvidesimties-metu-1-2-dalys\/","name":"Po dvide\u0161imties met\u0173 1-2 dalys","isPartOf":{"@id":"https:\/\/skaitytaknyga.lt\/#website"},"primaryImageOfPage":{"@id":"https:\/\/skaitytaknyga.lt\/produktas\/po-dvidesimties-metu-1-2-dalys\/#primaryimage"},"image":{"@id":"https:\/\/skaitytaknyga.lt\/produktas\/po-dvidesimties-metu-1-2-dalys\/#primaryimage"},"thumbnailUrl":"https:\/\/skaitytaknyga.lt\/wp-content\/uploads\/2025\/05\/Po-dvidesimties-metu-I-dalis.webp","datePublished":"2025-05-14T08:02:52+00:00","dateModified":"2025-05-15T05:11:07+00:00","description":"Kadaise buv\u0119 nei\u0161skiriami keturi draugai, atlik\u0119 daugyb\u0119 nut\u016bktgakvi\u0161k\u0173 \u017eygi\u0173 ir vadov\u0119si \u0161\u016bkiu \u201eVisi u\u017e vien\u0105 \u2013 vienas u\u017e visus!\u201d nesimat\u0117 dvide\u0161imt","breadcrumb":{"@id":"https:\/\/skaitytaknyga.lt\/produktas\/po-dvidesimties-metu-1-2-dalys\/#breadcrumb"},"inLanguage":"en-GB","potentialAction":[{"@type":"ReadAction","target":["https:\/\/skaitytaknyga.lt\/produktas\/po-dvidesimties-metu-1-2-dalys\/"]}]},{"@type":"ImageObject","inLanguage":"en-GB","@id":"https:\/\/skaitytaknyga.lt\/produktas\/po-dvidesimties-metu-1-2-dalys\/#primaryimage","url":"https:\/\/skaitytaknyga.lt\/wp-content\/uploads\/2025\/05\/Po-dvidesimties-metu-I-dalis.webp","contentUrl":"https:\/\/skaitytaknyga.lt\/wp-content\/uploads\/2025\/05\/Po-dvidesimties-metu-I-dalis.webp","width":509,"height":801,"caption":"Po dvide\u0161imties met\u0173 I dalis"},{"@type":"BreadcrumbList","@id":"https:\/\/skaitytaknyga.lt\/produktas\/po-dvidesimties-metu-1-2-dalys\/#breadcrumb","itemListElement":[{"@type":"ListItem","position":1,"name":"Home","item":"https:\/\/skaitytaknyga.lt\/"},{"@type":"ListItem","position":2,"name":"Parduotuv\u0117","item":"https:\/\/skaitytaknyga.lt\/knygu-parduotuve\/"},{"@type":"ListItem","position":3,"name":"Po dvide\u0161imties met\u0173 1-2 dalys"}]},{"@type":"WebSite","@id":"https:\/\/skaitytaknyga.lt\/#website","url":"https:\/\/skaitytaknyga.lt\/","name":"skaitytaknyga.lt","description":"Skaitytaknyga.lt \u2013 tai ma\u017eas \u0161eimos verslas, kuris prasid\u0117jo nuo meil\u0117s knygoms ir siekio i\u0161gelb\u0117ti knygas nuo likimo prie konteinerio. Kas vienam nereikalingas daiktas \u2013 kitam lobis, o mes esame tarpininkai, kurie padeda abiems tapti laimingesniems ???? \u017dinome kaip nelengva i\u0161gyventi ma\u017eiems verslams, tad nuo \u0161iol, \u010dia rasite ir kit\u0173, ma\u017e\u0173 \u0161eim\u0173 versl\u0173, rank\u0173 darbo, dovan\u0173 sau ir artimiesiems.","publisher":{"@id":"https:\/\/skaitytaknyga.lt\/#organization"},"potentialAction":[{"@type":"SearchAction","target":{"@type":"EntryPoint","urlTemplate":"https:\/\/skaitytaknyga.lt\/?s={search_term_string}"},"query-input":{"@type":"PropertyValueSpecification","valueRequired":true,"valueName":"search_term_string"}}],"inLanguage":"en-GB"},{"@type":"Organization","@id":"https:\/\/skaitytaknyga.lt\/#organization","name":"skaitytaknyga.lt","url":"https:\/\/skaitytaknyga.lt\/","logo":{"@type":"ImageObject","inLanguage":"en-GB","@id":"https:\/\/skaitytaknyga.lt\/#\/schema\/logo\/image\/","url":"https:\/\/skaitytaknyga.lt\/wp-content\/uploads\/2024\/05\/cropped-cropped-cropped-02_00843_jt3bggkj1j3HLc7SyY6rEUpg.jpeg","contentUrl":"https:\/\/skaitytaknyga.lt\/wp-content\/uploads\/2024\/05\/cropped-cropped-cropped-02_00843_jt3bggkj1j3HLc7SyY6rEUpg.jpeg","width":1600,"height":1600,"caption":"skaitytaknyga.lt"},"image":{"@id":"https:\/\/skaitytaknyga.lt\/#\/schema\/logo\/image\/"},"sameAs":["https:\/\/www.facebook.com\/skaitytaknyga\/"]}]}},"_links":{"self":[{"href":"https:\/\/skaitytaknyga.lt\/en\/wp-json\/wp\/v2\/product\/18318","targetHints":{"allow":["GET"]}}],"collection":[{"href":"https:\/\/skaitytaknyga.lt\/en\/wp-json\/wp\/v2\/product"}],"about":[{"href":"https:\/\/skaitytaknyga.lt\/en\/wp-json\/wp\/v2\/types\/product"}],"replies":[{"embeddable":true,"href":"https:\/\/skaitytaknyga.lt\/en\/wp-json\/wp\/v2\/comments?post=18318"}],"wp:featuredmedia":[{"embeddable":true,"href":"https:\/\/skaitytaknyga.lt\/en\/wp-json\/wp\/v2\/media\/18319"}],"wp:attachment":[{"href":"https:\/\/skaitytaknyga.lt\/en\/wp-json\/wp\/v2\/media?parent=18318"}],"wp:term":[{"taxonomy":"product_brand","embeddable":true,"href":"https:\/\/skaitytaknyga.lt\/en\/wp-json\/wp\/v2\/product_brand?post=18318"},{"taxonomy":"product_cat","embeddable":true,"href":"https:\/\/skaitytaknyga.lt\/en\/wp-json\/wp\/v2\/product_cat?post=18318"},{"taxonomy":"product_tag","embeddable":true,"href":"https:\/\/skaitytaknyga.lt\/en\/wp-json\/wp\/v2\/product_tag?post=18318"}],"curies":[{"name":"wp","href":"https:\/\/api.w.org\/{rel}","templated":true}]}}