{"id":18290,"date":"2025-05-13T10:16:31","date_gmt":"2025-05-13T07:16:31","guid":{"rendered":"https:\/\/skaitytaknyga.lt\/?post_type=product&#038;p=18290"},"modified":"2026-02-20T11:37:21","modified_gmt":"2026-02-20T09:37:21","slug":"pranesejas-ir-prezidentas","status":"publish","type":"product","link":"https:\/\/skaitytaknyga.lt\/en\/produktas\/pranesejas-ir-prezidentas\/","title":{"rendered":"Prane\u0161\u0117jas ir Prezidentas"},"content":{"rendered":"<p>Art\u0117jant 2019-\u0173j\u0173 prezidento rinkimams Valstyb\u0117s saugumo departamento \u017evalgybos pareig\u016bnas gauna ne\u012fprast\u0105 u\u017eduot\u012f \u2013 nesilaikant grie\u017et\u0173 taisykli\u0173 patikrinti vieno i\u0161 kandidat\u0173 rinkimin\u0119 komand\u0105 ir galim\u0173 r\u0117m\u0117j\u0173 s\u0105ra\u0161\u0105. Pareig\u016bnas netrunka suprasti, kad tai gali b\u016bti savoti\u0161ka Departamento vadov\u0173 parama prezidento posto siekian\u010diam Gitanui Naus\u0117dai, tod\u0117l ry\u017etasi tapti Prane\u0161\u0117ju.<\/p>\n<p>\u0160ioje knygoje\u00a0<b>\u201ePrane\u0161\u0117jas ir Prezidentas&#8221;<\/b>\u00a0pirm\u0105 kart\u0105 prabyla ne vien Prane\u0161\u0117jas, bet ir de\u0161imtys kit\u0173 liudinink\u0173, savo akimis ma\u010diusi\u0173 Naus\u0117dos rinkimin\u0119 kampanij\u0105, jo \u012fsik\u016brim\u0105 Prezidento r\u016bmuose, bandymus \u012fsitvirtinti Lietuvos politikoje, artimiausios komandos euforij\u0105 ir nusivylimus. Atskleid\u017eiama, kaip prezidentas Naus\u0117da ir kiti valstyb\u0117s vadovai veik\u0117 per svarbiausias pastarojo meto krizes: pandemij\u0105, mar\u0161izm\u0105, Rusijos kar\u0105 Ukrainoje, Lietuvos konfliktus su diktatori\u0161komis valstyb\u0117mis.<\/p>\n<p>Knyga \u201ePrane\u0161\u0117jas ir Prezidentas&#8221; t\u0119sia<a href=\"https:\/\/www.patogupirkti.lt\/knyga\/kabinetas-339.html\">\u00a0\u201eKabinete 339&#8243;<\/a>\u00a0prad\u0117t\u0105 pasakojim\u0105 apie Lietuvos valstyb\u0117s valdymo u\u017ekulisius.<\/p>\n<p><i>\u201e\u0160ioje Birut\u0117s ir Dovydo knygoje kei\u010diasi r\u016bm\u0173 adresas, bet nekinta u\u017ekulisin\u0117s intrigos, apie kurias r\u016bm\u0173 \u0161eimininkai niekada nenori pasakoti. Intriguoja i\u0161kalbingi prezidento Gitano Naus\u0117dos kadencijos ir jo asmenyb\u0117s \u0161trichai bei \u017eurnalist\u0173 keliamas am\u017einas klausimas \u2013 kam tarnauja slaptosios tarnybos?\u201c<\/i><br \/>\nAndrius Tapinas<\/p>\n<p><i>\u201eAk, ta gerov\u0117s valstyb\u0117. Skaityti tokias knygas yra bjauru: tenka irtis per puslapius, kuriuose intrigos, manipuliacijos, melas, politin\u0117s rietenos ir kvailyst\u0117s. U\u017evert\u0119s paskutin\u012f puslap\u012f tik dar kart\u0105 pagalvoji, kad Danijos Karalyst\u0117je ka\u017ekas tikrai supuv\u0119 ir \u017eurnalistiniais \u012frankiais to nesutvarkysi. Bet, kaip teigia vienas garsus filosofas, \u2013 niekas nesak\u0117, kad bus lengva.\u201c<\/i><br \/>\nAntanas Terleckas<\/p>\n<p>Knygos autoriai \u2013 \u201eLaisv\u0117s TV&#8221; tyrim\u0173 \u017eurnalistai\u00a0<b>Dovydas Pancerovas<\/b>\u00a0ir\u00a0<b>Birut\u0117 Davidonyt\u0117<\/b>, kartu atlik\u0119 ne vien\u0105 \u017eurnalistin\u012f tyrim\u0105 apie politin\u0119 korupcij\u0105, \u012ftartinus verslo sandorius, socialines problemas. Pirmoji j\u0173dviej\u0173 knyga \u201eKabinetas 339&#8243; tapo lietuvi\u0161ku bestseleriu, \u201e15min&#8221; met\u0173 knygos apdovanojimuose i\u0161rinkta geriausia lietuvi\u0161ka negro\u017ein\u0117s literat\u016bros knyga. V\u0117liau sukurti televizin\u0117s dokumentikos filmai \u2013 \u201eF\u016br\u0173 vergai&#8221;, \u201ePa\u017eemint\u0173j\u0173 palata&#8221;, \u201eKyjivo trasa&#8221; \u2013 sudomino \u0161imtus t\u016bkstan\u010di\u0173 \u017ei\u016brov\u0173. U\u017e savo darbus jie peln\u0117\u00a0<i>Peter Greste Freedom Of Speech<\/i>\u00a0ir\u00a0<i>Future Story<\/i>\u00a0tarptautinius apdovanojimus, Lietuvos \u017eurnalist\u0173 s\u0105jungos, Vilniaus universiteto, Vilniaus politikos analiz\u0117s instituto, Romo Sakadolskio, Gaili\u0173 klano premijas u\u017e tiriam\u0105j\u0105 \u017eurnalistik\u0105.<\/p>\n","protected":false},"excerpt":{"rendered":"<p>Art\u0117jant 2019-\u0173j\u0173 prezidento rinkimams Valstyb\u0117s saugumo departamento \u017evalgybos pareig\u016bnas gauna ne\u012fprast\u0105 u\u017eduot\u012f \u2013 nesilaikant grie\u017et\u0173 taisykli\u0173 patikrinti vieno i\u0161 kandidat\u0173 rinkimin\u0119 komand\u0105 ir galim\u0173 r\u0117m\u0117j\u0173 s\u0105ra\u0161\u0105. Pareig\u016bnas netrunka suprasti, kad tai gali b\u016bti savoti\u0161ka Departamento vadov\u0173 parama prezidento posto siekian\u010diam Gitanui Naus\u0117dai, tod\u0117l ry\u017etasi tapti Prane\u0161\u0117ju. \u0160ioje knygoje\u00a0\u201ePrane\u0161\u0117jas ir Prezidentas&#8221;\u00a0pirm\u0105 kart\u0105 prabyla ne vien Prane\u0161\u0117jas, bet ir de\u0161imtys kit\u0173 liudinink\u0173, savo akimis ma\u010diusi\u0173 Naus\u0117dos rinkimin\u0119 kampanij\u0105, jo \u012fsik\u016brim\u0105 Prezidento r\u016bmuose, bandymus \u012fsitvirtinti Lietuvos politikoje, artimiausios komandos euforij\u0105 ir nusivylimus. Atskleid\u017eiama, kaip prezidentas Naus\u0117da ir kiti valstyb\u0117s vadovai veik\u0117 per svarbiausias pastarojo meto krizes: pandemij\u0105, mar\u0161izm\u0105, Rusijos kar\u0105 Ukrainoje, Lietuvos konfliktus su diktatori\u0161komis valstyb\u0117mis. Knyga \u201ePrane\u0161\u0117jas ir Prezidentas&#8221; t\u0119sia\u00a0\u201eKabinete 339&#8243;\u00a0prad\u0117t\u0105 pasakojim\u0105 apie Lietuvos valstyb\u0117s valdymo u\u017ekulisius. \u201e\u0160ioje Birut\u0117s ir Dovydo knygoje kei\u010diasi r\u016bm\u0173 adresas, bet nekinta u\u017ekulisin\u0117s intrigos, apie kurias r\u016bm\u0173 \u0161eimininkai niekada nenori pasakoti. Intriguoja i\u0161kalbingi prezidento Gitano Naus\u0117dos kadencijos ir jo asmenyb\u0117s \u0161trichai bei \u017eurnalist\u0173 keliamas am\u017einas klausimas \u2013 kam tarnauja slaptosios tarnybos?\u201c Andrius Tapinas \u201eAk, ta gerov\u0117s valstyb\u0117. Skaityti tokias knygas yra bjauru: tenka irtis per puslapius, kuriuose intrigos, manipuliacijos, melas, politin\u0117s rietenos ir kvailyst\u0117s. U\u017evert\u0119s paskutin\u012f puslap\u012f tik dar kart\u0105 pagalvoji, kad Danijos Karalyst\u0117je ka\u017ekas tikrai supuv\u0119 ir \u017eurnalistiniais \u012frankiais to nesutvarkysi. Bet, kaip teigia vienas garsus filosofas, \u2013 niekas nesak\u0117, kad bus lengva.\u201c Antanas Terleckas Knygos autoriai \u2013 \u201eLaisv\u0117s TV&#8221; tyrim\u0173 \u017eurnalistai\u00a0Dovydas Pancerovas\u00a0ir\u00a0Birut\u0117 Davidonyt\u0117, kartu atlik\u0119 ne vien\u0105 \u017eurnalistin\u012f tyrim\u0105 apie politin\u0119 korupcij\u0105, \u012ftartinus verslo sandorius, socialines problemas. Pirmoji j\u0173dviej\u0173 knyga \u201eKabinetas 339&#8243; tapo lietuvi\u0161ku bestseleriu, \u201e15min&#8221; met\u0173 knygos apdovanojimuose i\u0161rinkta geriausia lietuvi\u0161ka negro\u017ein\u0117s literat\u016bros knyga. V\u0117liau sukurti televizin\u0117s dokumentikos filmai \u2013 \u201eF\u016br\u0173 vergai&#8221;, \u201ePa\u017eemint\u0173j\u0173 palata&#8221;, \u201eKyjivo trasa&#8221; \u2013 sudomino \u0161imtus t\u016bkstan\u010di\u0173 \u017ei\u016brov\u0173. U\u017e savo darbus jie peln\u0117\u00a0Peter Greste Freedom Of Speech\u00a0ir\u00a0Future Story\u00a0tarptautinius apdovanojimus, Lietuvos \u017eurnalist\u0173 s\u0105jungos, Vilniaus universiteto, Vilniaus politikos analiz\u0117s instituto, Romo Sakadolskio, Gaili\u0173 klano premijas u\u017e tiriam\u0105j\u0105 \u017eurnalistik\u0105.<\/p>\n","protected":false},"featured_media":18316,"comment_status":"open","ping_status":"closed","template":"","meta":{"_acf_changed":false,"site-sidebar-layout":"default","site-content-layout":"","ast-site-content-layout":"default","site-content-style":"default","site-sidebar-style":"default","ast-global-header-display":"","ast-banner-title-visibility":"","ast-main-header-display":"","ast-hfb-above-header-display":"","ast-hfb-below-header-display":"","ast-hfb-mobile-header-display":"","site-post-title":"","ast-breadcrumbs-content":"","ast-featured-img":"","footer-sml-layout":"","ast-disable-related-posts":"","theme-transparent-header-meta":"","adv-header-id-meta":"","stick-header-meta":"","header-above-stick-meta":"","header-main-stick-meta":"","header-below-stick-meta":"","astra-migrate-meta-layouts":"default","ast-page-background-enabled":"default","ast-page-background-meta":{"desktop":{"background-color":"","background-image":"","background-repeat":"repeat","background-position":"center center","background-size":"auto","background-attachment":"scroll","background-type":"","background-media":"","overlay-type":"","overlay-color":"","overlay-opacity":"","overlay-gradient":""},"tablet":{"background-color":"","background-image":"","background-repeat":"repeat","background-position":"center center","background-size":"auto","background-attachment":"scroll","background-type":"","background-media":"","overlay-type":"","overlay-color":"","overlay-opacity":"","overlay-gradient":""},"mobile":{"background-color":"","background-image":"","background-repeat":"repeat","background-position":"center center","background-size":"auto","background-attachment":"scroll","background-type":"","background-media":"","overlay-type":"","overlay-color":"","overlay-opacity":"","overlay-gradient":""}},"ast-content-background-meta":{"desktop":{"background-color":"var(--ast-global-color-4)","background-image":"","background-repeat":"repeat","background-position":"center center","background-size":"auto","background-attachment":"scroll","background-type":"","background-media":"","overlay-type":"","overlay-color":"","overlay-opacity":"","overlay-gradient":""},"tablet":{"background-color":"var(--ast-global-color-4)","background-image":"","background-repeat":"repeat","background-position":"center center","background-size":"auto","background-attachment":"scroll","background-type":"","background-media":"","overlay-type":"","overlay-color":"","overlay-opacity":"","overlay-gradient":""},"mobile":{"background-color":"var(--ast-global-color-4)","background-image":"","background-repeat":"repeat","background-position":"center center","background-size":"auto","background-attachment":"scroll","background-type":"","background-media":"","overlay-type":"","overlay-color":"","overlay-opacity":"","overlay-gradient":""}}},"product_brand":[],"product_cat":[15],"product_tag":[2045,1744,1408,2395,2330],"class_list":{"0":"post-18290","1":"product","2":"type-product","3":"status-publish","4":"has-post-thumbnail","6":"product_cat-uncategorized","7":"product_tag-biografija","8":"product_tag-lietuviu-literatura","9":"product_tag-lyderyste","10":"product_tag-politika","11":"product_tag-prezidentas","12":"desktop-align-left","13":"tablet-align-left","14":"mobile-align-left","16":"first","17":"instock","18":"shipping-taxable","19":"purchasable","20":"product-type-simple"},"acf":[],"yoast_head":"<!-- This site is optimized with the Yoast SEO plugin v27.0 - https:\/\/yoast.com\/product\/yoast-seo-wordpress\/ -->\n<title>Prane\u0161\u0117jas ir Prezidentas<\/title>\n<meta name=\"description\" content=\"Art\u0117jant 2019-\u0173j\u0173 prezidento rinkimams Valstyb\u0117s saugumo departamento \u017evalgybos pareig\u016bnas gauna ne\u012fprast\u0105 u\u017eduot\u012f \u2013 nesilaikant grie\u017et\u0173 taisykli\u0173\" \/>\n<meta name=\"robots\" content=\"index, follow, max-snippet:-1, max-image-preview:large, max-video-preview:-1\" \/>\n<link rel=\"canonical\" href=\"https:\/\/skaitytaknyga.lt\/en\/produktas\/pranesejas-ir-prezidentas\/\" \/>\n<meta property=\"og:locale\" content=\"en_GB\" \/>\n<meta property=\"og:locale:alternate\" content=\"lt_LT\" \/>\n<meta property=\"og:type\" content=\"article\" \/>\n<meta property=\"og:title\" content=\"Prane\u0161\u0117jas ir Prezidentas\" \/>\n<meta property=\"og:description\" content=\"Art\u0117jant 2019-\u0173j\u0173 prezidento rinkimams Valstyb\u0117s saugumo departamento \u017evalgybos pareig\u016bnas gauna ne\u012fprast\u0105 u\u017eduot\u012f \u2013 nesilaikant grie\u017et\u0173 taisykli\u0173\" \/>\n<meta property=\"og:url\" content=\"https:\/\/skaitytaknyga.lt\/en\/produktas\/pranesejas-ir-prezidentas\/\" \/>\n<meta property=\"og:site_name\" content=\"Skaitytaknyga\" \/>\n<meta property=\"article:publisher\" content=\"https:\/\/www.facebook.com\/skaitytaknyga\/\" \/>\n<meta property=\"article:modified_time\" content=\"2026-02-20T09:37:21+00:00\" \/>\n<meta property=\"og:image\" content=\"https:\/\/skaitytaknyga.lt\/wp-content\/uploads\/2025\/05\/Pranesejas-ir-Prezidentas.jpg\" \/>\n\t<meta property=\"og:image:width\" content=\"600\" \/>\n\t<meta property=\"og:image:height\" content=\"894\" \/>\n\t<meta property=\"og:image:type\" content=\"image\/jpeg\" \/>\n<meta name=\"twitter:card\" content=\"summary_large_image\" \/>\n<meta name=\"twitter:label1\" content=\"Estimated reading time\" \/>\n\t<meta name=\"twitter:data1\" content=\"2 minutes\" \/>\n<script type=\"application\/ld+json\" class=\"yoast-schema-graph\">{\"@context\":\"https:\/\/schema.org\",\"@graph\":[{\"@type\":\"WebPage\",\"@id\":\"https:\/\/skaitytaknyga.lt\/produktas\/pranesejas-ir-prezidentas\/\",\"url\":\"https:\/\/skaitytaknyga.lt\/produktas\/pranesejas-ir-prezidentas\/\",\"name\":\"Prane\u0161\u0117jas ir Prezidentas\",\"isPartOf\":{\"@id\":\"https:\/\/skaitytaknyga.lt\/#website\"},\"primaryImageOfPage\":{\"@id\":\"https:\/\/skaitytaknyga.lt\/produktas\/pranesejas-ir-prezidentas\/#primaryimage\"},\"image\":{\"@id\":\"https:\/\/skaitytaknyga.lt\/produktas\/pranesejas-ir-prezidentas\/#primaryimage\"},\"thumbnailUrl\":\"https:\/\/skaitytaknyga.lt\/wp-content\/uploads\/2025\/05\/Pranesejas-ir-Prezidentas.jpg\",\"datePublished\":\"2025-05-13T07:16:31+00:00\",\"dateModified\":\"2026-02-20T09:37:21+00:00\",\"description\":\"Art\u0117jant 2019-\u0173j\u0173 prezidento rinkimams Valstyb\u0117s saugumo departamento \u017evalgybos pareig\u016bnas gauna ne\u012fprast\u0105 u\u017eduot\u012f \u2013 nesilaikant grie\u017et\u0173 taisykli\u0173\",\"breadcrumb\":{\"@id\":\"https:\/\/skaitytaknyga.lt\/produktas\/pranesejas-ir-prezidentas\/#breadcrumb\"},\"inLanguage\":\"en-GB\",\"potentialAction\":[{\"@type\":\"ReadAction\",\"target\":[\"https:\/\/skaitytaknyga.lt\/produktas\/pranesejas-ir-prezidentas\/\"]}]},{\"@type\":\"ImageObject\",\"inLanguage\":\"en-GB\",\"@id\":\"https:\/\/skaitytaknyga.lt\/produktas\/pranesejas-ir-prezidentas\/#primaryimage\",\"url\":\"https:\/\/skaitytaknyga.lt\/wp-content\/uploads\/2025\/05\/Pranesejas-ir-Prezidentas.jpg\",\"contentUrl\":\"https:\/\/skaitytaknyga.lt\/wp-content\/uploads\/2025\/05\/Pranesejas-ir-Prezidentas.jpg\",\"width\":600,\"height\":894,\"caption\":\"Prane\u0161\u0117jas ir Prezidentas\"},{\"@type\":\"BreadcrumbList\",\"@id\":\"https:\/\/skaitytaknyga.lt\/produktas\/pranesejas-ir-prezidentas\/#breadcrumb\",\"itemListElement\":[{\"@type\":\"ListItem\",\"position\":1,\"name\":\"Home\",\"item\":\"https:\/\/skaitytaknyga.lt\/\"},{\"@type\":\"ListItem\",\"position\":2,\"name\":\"Parduotuv\u0117\",\"item\":\"https:\/\/skaitytaknyga.lt\/knygu-parduotuve\/\"},{\"@type\":\"ListItem\",\"position\":3,\"name\":\"Prane\u0161\u0117jas ir Prezidentas\"}]},{\"@type\":\"WebSite\",\"@id\":\"https:\/\/skaitytaknyga.lt\/#website\",\"url\":\"https:\/\/skaitytaknyga.lt\/\",\"name\":\"skaitytaknyga.lt\",\"description\":\"Skaitytaknyga.lt \u2013 tai ma\u017eas \u0161eimos verslas, kuris prasid\u0117jo nuo meil\u0117s knygoms ir siekio i\u0161gelb\u0117ti knygas nuo likimo prie konteinerio. Kas vienam nereikalingas daiktas \u2013 kitam lobis, o mes esame tarpininkai, kurie padeda abiems tapti laimingesniems ???? \u017dinome kaip nelengva i\u0161gyventi ma\u017eiems verslams, tad nuo \u0161iol, \u010dia rasite ir kit\u0173, ma\u017e\u0173 \u0161eim\u0173 versl\u0173, rank\u0173 darbo, dovan\u0173 sau ir artimiesiems.\",\"publisher\":{\"@id\":\"https:\/\/skaitytaknyga.lt\/#organization\"},\"potentialAction\":[{\"@type\":\"SearchAction\",\"target\":{\"@type\":\"EntryPoint\",\"urlTemplate\":\"https:\/\/skaitytaknyga.lt\/?s={search_term_string}\"},\"query-input\":{\"@type\":\"PropertyValueSpecification\",\"valueRequired\":true,\"valueName\":\"search_term_string\"}}],\"inLanguage\":\"en-GB\"},{\"@type\":\"Organization\",\"@id\":\"https:\/\/skaitytaknyga.lt\/#organization\",\"name\":\"skaitytaknyga.lt\",\"url\":\"https:\/\/skaitytaknyga.lt\/\",\"logo\":{\"@type\":\"ImageObject\",\"inLanguage\":\"en-GB\",\"@id\":\"https:\/\/skaitytaknyga.lt\/#\/schema\/logo\/image\/\",\"url\":\"https:\/\/skaitytaknyga.lt\/wp-content\/uploads\/2024\/05\/cropped-cropped-cropped-02_00843_jt3bggkj1j3HLc7SyY6rEUpg.jpeg\",\"contentUrl\":\"https:\/\/skaitytaknyga.lt\/wp-content\/uploads\/2024\/05\/cropped-cropped-cropped-02_00843_jt3bggkj1j3HLc7SyY6rEUpg.jpeg\",\"width\":1600,\"height\":1600,\"caption\":\"skaitytaknyga.lt\"},\"image\":{\"@id\":\"https:\/\/skaitytaknyga.lt\/#\/schema\/logo\/image\/\"},\"sameAs\":[\"https:\/\/www.facebook.com\/skaitytaknyga\/\"]}]}<\/script>\n<!-- \/ Yoast SEO plugin. -->","yoast_head_json":{"title":"Prane\u0161\u0117jas ir Prezidentas","description":"Art\u0117jant 2019-\u0173j\u0173 prezidento rinkimams Valstyb\u0117s saugumo departamento \u017evalgybos pareig\u016bnas gauna ne\u012fprast\u0105 u\u017eduot\u012f \u2013 nesilaikant grie\u017et\u0173 taisykli\u0173","robots":{"index":"index","follow":"follow","max-snippet":"max-snippet:-1","max-image-preview":"max-image-preview:large","max-video-preview":"max-video-preview:-1"},"canonical":"https:\/\/skaitytaknyga.lt\/en\/produktas\/pranesejas-ir-prezidentas\/","og_locale":"en_GB","og_type":"article","og_title":"[:lt]Prane\u0161\u0117jas ir Prezidentas[:] - Skaitytaknyga","og_description":"Art\u0117jant 2019-\u0173j\u0173 prezidento rinkimams Valstyb\u0117s saugumo departamento \u017evalgybos pareig\u016bnas gauna ne\u012fprast\u0105 u\u017eduot\u012f \u2013 nesilaikant grie\u017et\u0173 taisykli\u0173","og_url":"https:\/\/skaitytaknyga.lt\/en\/produktas\/pranesejas-ir-prezidentas\/","og_site_name":"Skaitytaknyga","article_publisher":"https:\/\/www.facebook.com\/skaitytaknyga\/","article_modified_time":"2026-02-20T09:37:21+00:00","og_image":[{"width":600,"height":894,"url":"https:\/\/skaitytaknyga.lt\/wp-content\/uploads\/2025\/05\/Pranesejas-ir-Prezidentas.jpg","type":"image\/jpeg"}],"twitter_card":"summary_large_image","twitter_misc":{"Estimated reading time":"2 minutes"},"schema":{"@context":"https:\/\/schema.org","@graph":[{"@type":"WebPage","@id":"https:\/\/skaitytaknyga.lt\/produktas\/pranesejas-ir-prezidentas\/","url":"https:\/\/skaitytaknyga.lt\/produktas\/pranesejas-ir-prezidentas\/","name":"Prane\u0161\u0117jas ir Prezidentas","isPartOf":{"@id":"https:\/\/skaitytaknyga.lt\/#website"},"primaryImageOfPage":{"@id":"https:\/\/skaitytaknyga.lt\/produktas\/pranesejas-ir-prezidentas\/#primaryimage"},"image":{"@id":"https:\/\/skaitytaknyga.lt\/produktas\/pranesejas-ir-prezidentas\/#primaryimage"},"thumbnailUrl":"https:\/\/skaitytaknyga.lt\/wp-content\/uploads\/2025\/05\/Pranesejas-ir-Prezidentas.jpg","datePublished":"2025-05-13T07:16:31+00:00","dateModified":"2026-02-20T09:37:21+00:00","description":"Art\u0117jant 2019-\u0173j\u0173 prezidento rinkimams Valstyb\u0117s saugumo departamento \u017evalgybos pareig\u016bnas gauna ne\u012fprast\u0105 u\u017eduot\u012f \u2013 nesilaikant grie\u017et\u0173 taisykli\u0173","breadcrumb":{"@id":"https:\/\/skaitytaknyga.lt\/produktas\/pranesejas-ir-prezidentas\/#breadcrumb"},"inLanguage":"en-GB","potentialAction":[{"@type":"ReadAction","target":["https:\/\/skaitytaknyga.lt\/produktas\/pranesejas-ir-prezidentas\/"]}]},{"@type":"ImageObject","inLanguage":"en-GB","@id":"https:\/\/skaitytaknyga.lt\/produktas\/pranesejas-ir-prezidentas\/#primaryimage","url":"https:\/\/skaitytaknyga.lt\/wp-content\/uploads\/2025\/05\/Pranesejas-ir-Prezidentas.jpg","contentUrl":"https:\/\/skaitytaknyga.lt\/wp-content\/uploads\/2025\/05\/Pranesejas-ir-Prezidentas.jpg","width":600,"height":894,"caption":"Prane\u0161\u0117jas ir Prezidentas"},{"@type":"BreadcrumbList","@id":"https:\/\/skaitytaknyga.lt\/produktas\/pranesejas-ir-prezidentas\/#breadcrumb","itemListElement":[{"@type":"ListItem","position":1,"name":"Home","item":"https:\/\/skaitytaknyga.lt\/"},{"@type":"ListItem","position":2,"name":"Parduotuv\u0117","item":"https:\/\/skaitytaknyga.lt\/knygu-parduotuve\/"},{"@type":"ListItem","position":3,"name":"Prane\u0161\u0117jas ir Prezidentas"}]},{"@type":"WebSite","@id":"https:\/\/skaitytaknyga.lt\/#website","url":"https:\/\/skaitytaknyga.lt\/","name":"skaitytaknyga.lt","description":"Skaitytaknyga.lt \u2013 tai ma\u017eas \u0161eimos verslas, kuris prasid\u0117jo nuo meil\u0117s knygoms ir siekio i\u0161gelb\u0117ti knygas nuo likimo prie konteinerio. Kas vienam nereikalingas daiktas \u2013 kitam lobis, o mes esame tarpininkai, kurie padeda abiems tapti laimingesniems ???? \u017dinome kaip nelengva i\u0161gyventi ma\u017eiems verslams, tad nuo \u0161iol, \u010dia rasite ir kit\u0173, ma\u017e\u0173 \u0161eim\u0173 versl\u0173, rank\u0173 darbo, dovan\u0173 sau ir artimiesiems.","publisher":{"@id":"https:\/\/skaitytaknyga.lt\/#organization"},"potentialAction":[{"@type":"SearchAction","target":{"@type":"EntryPoint","urlTemplate":"https:\/\/skaitytaknyga.lt\/?s={search_term_string}"},"query-input":{"@type":"PropertyValueSpecification","valueRequired":true,"valueName":"search_term_string"}}],"inLanguage":"en-GB"},{"@type":"Organization","@id":"https:\/\/skaitytaknyga.lt\/#organization","name":"skaitytaknyga.lt","url":"https:\/\/skaitytaknyga.lt\/","logo":{"@type":"ImageObject","inLanguage":"en-GB","@id":"https:\/\/skaitytaknyga.lt\/#\/schema\/logo\/image\/","url":"https:\/\/skaitytaknyga.lt\/wp-content\/uploads\/2024\/05\/cropped-cropped-cropped-02_00843_jt3bggkj1j3HLc7SyY6rEUpg.jpeg","contentUrl":"https:\/\/skaitytaknyga.lt\/wp-content\/uploads\/2024\/05\/cropped-cropped-cropped-02_00843_jt3bggkj1j3HLc7SyY6rEUpg.jpeg","width":1600,"height":1600,"caption":"skaitytaknyga.lt"},"image":{"@id":"https:\/\/skaitytaknyga.lt\/#\/schema\/logo\/image\/"},"sameAs":["https:\/\/www.facebook.com\/skaitytaknyga\/"]}]}},"_links":{"self":[{"href":"https:\/\/skaitytaknyga.lt\/en\/wp-json\/wp\/v2\/product\/18290","targetHints":{"allow":["GET"]}}],"collection":[{"href":"https:\/\/skaitytaknyga.lt\/en\/wp-json\/wp\/v2\/product"}],"about":[{"href":"https:\/\/skaitytaknyga.lt\/en\/wp-json\/wp\/v2\/types\/product"}],"replies":[{"embeddable":true,"href":"https:\/\/skaitytaknyga.lt\/en\/wp-json\/wp\/v2\/comments?post=18290"}],"wp:featuredmedia":[{"embeddable":true,"href":"https:\/\/skaitytaknyga.lt\/en\/wp-json\/wp\/v2\/media\/18316"}],"wp:attachment":[{"href":"https:\/\/skaitytaknyga.lt\/en\/wp-json\/wp\/v2\/media?parent=18290"}],"wp:term":[{"taxonomy":"product_brand","embeddable":true,"href":"https:\/\/skaitytaknyga.lt\/en\/wp-json\/wp\/v2\/product_brand?post=18290"},{"taxonomy":"product_cat","embeddable":true,"href":"https:\/\/skaitytaknyga.lt\/en\/wp-json\/wp\/v2\/product_cat?post=18290"},{"taxonomy":"product_tag","embeddable":true,"href":"https:\/\/skaitytaknyga.lt\/en\/wp-json\/wp\/v2\/product_tag?post=18290"}],"curies":[{"name":"wp","href":"https:\/\/api.w.org\/{rel}","templated":true}]}}