{"id":18289,"date":"2025-05-13T10:16:31","date_gmt":"2025-05-13T07:16:31","guid":{"rendered":"https:\/\/skaitytaknyga.lt\/?post_type=product&#038;p=18289"},"modified":"2025-05-15T08:08:52","modified_gmt":"2025-05-15T05:08:52","slug":"vidurnaktis","status":"publish","type":"product","link":"https:\/\/skaitytaknyga.lt\/en\/produktas\/vidurnaktis\/","title":{"rendered":"Vidurnaktis"},"content":{"rendered":"<div>Tai labai patraukli knyga apie romanti\u0161k\u0105, pasak\u0173 f\u0117jomis besi\u017eavin\u010di\u0105 mergait\u0119 ir sud\u0117tingus jos santykius su broliu Vilu, m\u0117gstan\u010diu \u0161iurpius \u017eaidimus. J\u0173 gyvenimas kupinas nuotyki\u0173, paslap\u010di\u0173 ir svajoni\u0173 apie nuo\u0161ird\u017ei\u0105 bi\u010diulyst\u0119.<\/div>\n<div><\/div>\n<div>Violeta visada paklusdavo valdingam broliui Vilui, kuris mok\u0117jo b\u016bti ir \u017eavus, ir g\u0105sdinantis. Bet Vilas su\u017eino sukre\u010dian\u010di\u0105 paslapt\u012f apie savo praeit\u012f, ir reikalai pakrypsta \u012f blog\u0105j\u0105 pus\u0119. Violeta u\u017esisklend\u017eia fantazijose apie stebuklingas f\u0117jas, sukurtas jos mylimiausio autoriaus Kasparo Drimo. Ji kasdien ra\u0161o lai\u0161kus savo numyl\u0117tiniui ir galop i\u0161keliauja jo ie\u0161koti&#8230;<\/div>\n<div><\/div>\n<div>Gal naujok\u0117s Jazminos, kuri i\u0161 karto susidraugauja su Violeta, pasirodymas mokykloje palengvins Violetos gyvenim\u0105? Gal Jazmina pad\u0117s jai i\u0161sivaduoti i\u0161 Vilo ker\u0173?<\/div>\n","protected":false},"excerpt":{"rendered":"<p>Tai labai patraukli knyga apie romanti\u0161k\u0105, pasak\u0173 f\u0117jomis besi\u017eavin\u010di\u0105 mergait\u0119 ir sud\u0117tingus jos santykius su broliu Vilu, m\u0117gstan\u010diu \u0161iurpius \u017eaidimus. J\u0173 gyvenimas kupinas nuotyki\u0173, paslap\u010di\u0173 ir svajoni\u0173 apie nuo\u0161ird\u017ei\u0105 bi\u010diulyst\u0119. Violeta visada paklusdavo valdingam broliui Vilui, kuris mok\u0117jo b\u016bti ir \u017eavus, ir g\u0105sdinantis. Bet Vilas su\u017eino sukre\u010dian\u010di\u0105 paslapt\u012f apie savo praeit\u012f, ir reikalai pakrypsta \u012f blog\u0105j\u0105 pus\u0119. Violeta u\u017esisklend\u017eia fantazijose apie stebuklingas f\u0117jas, sukurtas jos mylimiausio autoriaus Kasparo Drimo. Ji kasdien ra\u0161o lai\u0161kus savo numyl\u0117tiniui ir galop i\u0161keliauja jo ie\u0161koti&#8230; Gal naujok\u0117s Jazminos, kuri i\u0161 karto susidraugauja su Violeta, pasirodymas mokykloje palengvins Violetos gyvenim\u0105? Gal Jazmina pad\u0117s jai i\u0161sivaduoti i\u0161 Vilo ker\u0173?<\/p>\n","protected":false},"featured_media":18317,"comment_status":"open","ping_status":"closed","template":"","meta":{"_acf_changed":false,"site-sidebar-layout":"default","site-content-layout":"","ast-site-content-layout":"default","site-content-style":"default","site-sidebar-style":"default","ast-global-header-display":"","ast-banner-title-visibility":"","ast-main-header-display":"","ast-hfb-above-header-display":"","ast-hfb-below-header-display":"","ast-hfb-mobile-header-display":"","site-post-title":"","ast-breadcrumbs-content":"","ast-featured-img":"","footer-sml-layout":"","ast-disable-related-posts":"","theme-transparent-header-meta":"","adv-header-id-meta":"","stick-header-meta":"","header-above-stick-meta":"","header-main-stick-meta":"","header-below-stick-meta":"","astra-migrate-meta-layouts":"default","ast-page-background-enabled":"default","ast-page-background-meta":{"desktop":{"background-color":"","background-image":"","background-repeat":"repeat","background-position":"center center","background-size":"auto","background-attachment":"scroll","background-type":"","background-media":"","overlay-type":"","overlay-color":"","overlay-opacity":"","overlay-gradient":""},"tablet":{"background-color":"","background-image":"","background-repeat":"repeat","background-position":"center center","background-size":"auto","background-attachment":"scroll","background-type":"","background-media":"","overlay-type":"","overlay-color":"","overlay-opacity":"","overlay-gradient":""},"mobile":{"background-color":"","background-image":"","background-repeat":"repeat","background-position":"center center","background-size":"auto","background-attachment":"scroll","background-type":"","background-media":"","overlay-type":"","overlay-color":"","overlay-opacity":"","overlay-gradient":""}},"ast-content-background-meta":{"desktop":{"background-color":"var(--ast-global-color-4)","background-image":"","background-repeat":"repeat","background-position":"center center","background-size":"auto","background-attachment":"scroll","background-type":"","background-media":"","overlay-type":"","overlay-color":"","overlay-opacity":"","overlay-gradient":""},"tablet":{"background-color":"var(--ast-global-color-4)","background-image":"","background-repeat":"repeat","background-position":"center center","background-size":"auto","background-attachment":"scroll","background-type":"","background-media":"","overlay-type":"","overlay-color":"","overlay-opacity":"","overlay-gradient":""},"mobile":{"background-color":"var(--ast-global-color-4)","background-image":"","background-repeat":"repeat","background-position":"center center","background-size":"auto","background-attachment":"scroll","background-type":"","background-media":"","overlay-type":"","overlay-color":"","overlay-opacity":"","overlay-gradient":""}}},"product_brand":[],"product_cat":[15],"product_tag":[2638,2637,2489,1748,1417],"class_list":{"0":"post-18289","1":"product","2":"type-product","3":"status-publish","4":"has-post-thumbnail","6":"product_cat-uncategorized","7":"product_tag-augimas","8":"product_tag-jacqueline-wilson","9":"product_tag-jaunimo-literatura","10":"product_tag-meiles-istorija","11":"product_tag-santykiai","12":"desktop-align-left","13":"tablet-align-left","14":"mobile-align-left","16":"first","17":"instock","18":"shipping-taxable","19":"product-type-simple"},"acf":[],"yoast_head":"<!-- This site is optimized with the Yoast SEO plugin v27.0 - https:\/\/yoast.com\/product\/yoast-seo-wordpress\/ -->\n<title>Vidurnaktis<\/title>\n<meta name=\"description\" content=\"Tai labai patraukli knyga apie romanti\u0161k\u0105, pasak\u0173 f\u0117jomis besi\u017eavin\u010di\u0105 mergait\u0119 ir sud\u0117tingus jos santykius su broliu Vilu, m\u0117gstan\u010diu \u0161iurpius \u017eaidimus.\" \/>\n<meta name=\"robots\" content=\"index, follow, max-snippet:-1, max-image-preview:large, max-video-preview:-1\" \/>\n<link rel=\"canonical\" href=\"https:\/\/skaitytaknyga.lt\/en\/produktas\/vidurnaktis\/\" \/>\n<meta property=\"og:locale\" content=\"en_GB\" \/>\n<meta property=\"og:locale:alternate\" content=\"lt_LT\" \/>\n<meta property=\"og:type\" content=\"article\" \/>\n<meta property=\"og:title\" content=\"Vidurnaktis\" \/>\n<meta property=\"og:description\" content=\"Tai labai patraukli knyga apie romanti\u0161k\u0105, pasak\u0173 f\u0117jomis besi\u017eavin\u010di\u0105 mergait\u0119 ir sud\u0117tingus jos santykius su broliu Vilu, m\u0117gstan\u010diu \u0161iurpius \u017eaidimus.\" \/>\n<meta property=\"og:url\" content=\"https:\/\/skaitytaknyga.lt\/en\/produktas\/vidurnaktis\/\" \/>\n<meta property=\"og:site_name\" content=\"Skaitytaknyga\" \/>\n<meta property=\"article:publisher\" content=\"https:\/\/www.facebook.com\/skaitytaknyga\/\" \/>\n<meta property=\"article:modified_time\" content=\"2025-05-15T05:08:52+00:00\" \/>\n<meta property=\"og:image\" content=\"https:\/\/skaitytaknyga.lt\/wp-content\/uploads\/2025\/05\/Vidurnaktis.webp\" \/>\n\t<meta property=\"og:image:width\" content=\"527\" \/>\n\t<meta property=\"og:image:height\" content=\"801\" \/>\n\t<meta property=\"og:image:type\" content=\"image\/webp\" \/>\n<meta name=\"twitter:card\" content=\"summary_large_image\" \/>\n<meta name=\"twitter:label1\" content=\"Estimated reading time\" \/>\n\t<meta name=\"twitter:data1\" content=\"1 minute\" \/>\n<script type=\"application\/ld+json\" class=\"yoast-schema-graph\">{\"@context\":\"https:\/\/schema.org\",\"@graph\":[{\"@type\":\"WebPage\",\"@id\":\"https:\/\/skaitytaknyga.lt\/produktas\/vidurnaktis\/\",\"url\":\"https:\/\/skaitytaknyga.lt\/produktas\/vidurnaktis\/\",\"name\":\"Vidurnaktis\",\"isPartOf\":{\"@id\":\"https:\/\/skaitytaknyga.lt\/#website\"},\"primaryImageOfPage\":{\"@id\":\"https:\/\/skaitytaknyga.lt\/produktas\/vidurnaktis\/#primaryimage\"},\"image\":{\"@id\":\"https:\/\/skaitytaknyga.lt\/produktas\/vidurnaktis\/#primaryimage\"},\"thumbnailUrl\":\"https:\/\/skaitytaknyga.lt\/wp-content\/uploads\/2025\/05\/Vidurnaktis.webp\",\"datePublished\":\"2025-05-13T07:16:31+00:00\",\"dateModified\":\"2025-05-15T05:08:52+00:00\",\"description\":\"Tai labai patraukli knyga apie romanti\u0161k\u0105, pasak\u0173 f\u0117jomis besi\u017eavin\u010di\u0105 mergait\u0119 ir sud\u0117tingus jos santykius su broliu Vilu, m\u0117gstan\u010diu \u0161iurpius \u017eaidimus.\",\"breadcrumb\":{\"@id\":\"https:\/\/skaitytaknyga.lt\/produktas\/vidurnaktis\/#breadcrumb\"},\"inLanguage\":\"en-GB\",\"potentialAction\":[{\"@type\":\"ReadAction\",\"target\":[\"https:\/\/skaitytaknyga.lt\/produktas\/vidurnaktis\/\"]}]},{\"@type\":\"ImageObject\",\"inLanguage\":\"en-GB\",\"@id\":\"https:\/\/skaitytaknyga.lt\/produktas\/vidurnaktis\/#primaryimage\",\"url\":\"https:\/\/skaitytaknyga.lt\/wp-content\/uploads\/2025\/05\/Vidurnaktis.webp\",\"contentUrl\":\"https:\/\/skaitytaknyga.lt\/wp-content\/uploads\/2025\/05\/Vidurnaktis.webp\",\"width\":527,\"height\":801},{\"@type\":\"BreadcrumbList\",\"@id\":\"https:\/\/skaitytaknyga.lt\/produktas\/vidurnaktis\/#breadcrumb\",\"itemListElement\":[{\"@type\":\"ListItem\",\"position\":1,\"name\":\"Home\",\"item\":\"https:\/\/skaitytaknyga.lt\/\"},{\"@type\":\"ListItem\",\"position\":2,\"name\":\"Parduotuv\u0117\",\"item\":\"https:\/\/skaitytaknyga.lt\/knygu-parduotuve\/\"},{\"@type\":\"ListItem\",\"position\":3,\"name\":\"Vidurnaktis\"}]},{\"@type\":\"WebSite\",\"@id\":\"https:\/\/skaitytaknyga.lt\/#website\",\"url\":\"https:\/\/skaitytaknyga.lt\/\",\"name\":\"skaitytaknyga.lt\",\"description\":\"Skaitytaknyga.lt \u2013 tai ma\u017eas \u0161eimos verslas, kuris prasid\u0117jo nuo meil\u0117s knygoms ir siekio i\u0161gelb\u0117ti knygas nuo likimo prie konteinerio. Kas vienam nereikalingas daiktas \u2013 kitam lobis, o mes esame tarpininkai, kurie padeda abiems tapti laimingesniems ???? \u017dinome kaip nelengva i\u0161gyventi ma\u017eiems verslams, tad nuo \u0161iol, \u010dia rasite ir kit\u0173, ma\u017e\u0173 \u0161eim\u0173 versl\u0173, rank\u0173 darbo, dovan\u0173 sau ir artimiesiems.\",\"publisher\":{\"@id\":\"https:\/\/skaitytaknyga.lt\/#organization\"},\"potentialAction\":[{\"@type\":\"SearchAction\",\"target\":{\"@type\":\"EntryPoint\",\"urlTemplate\":\"https:\/\/skaitytaknyga.lt\/?s={search_term_string}\"},\"query-input\":{\"@type\":\"PropertyValueSpecification\",\"valueRequired\":true,\"valueName\":\"search_term_string\"}}],\"inLanguage\":\"en-GB\"},{\"@type\":\"Organization\",\"@id\":\"https:\/\/skaitytaknyga.lt\/#organization\",\"name\":\"skaitytaknyga.lt\",\"url\":\"https:\/\/skaitytaknyga.lt\/\",\"logo\":{\"@type\":\"ImageObject\",\"inLanguage\":\"en-GB\",\"@id\":\"https:\/\/skaitytaknyga.lt\/#\/schema\/logo\/image\/\",\"url\":\"https:\/\/skaitytaknyga.lt\/wp-content\/uploads\/2024\/05\/cropped-cropped-cropped-02_00843_jt3bggkj1j3HLc7SyY6rEUpg.jpeg\",\"contentUrl\":\"https:\/\/skaitytaknyga.lt\/wp-content\/uploads\/2024\/05\/cropped-cropped-cropped-02_00843_jt3bggkj1j3HLc7SyY6rEUpg.jpeg\",\"width\":1600,\"height\":1600,\"caption\":\"skaitytaknyga.lt\"},\"image\":{\"@id\":\"https:\/\/skaitytaknyga.lt\/#\/schema\/logo\/image\/\"},\"sameAs\":[\"https:\/\/www.facebook.com\/skaitytaknyga\/\"]}]}<\/script>\n<!-- \/ Yoast SEO plugin. -->","yoast_head_json":{"title":"Vidurnaktis","description":"Tai labai patraukli knyga apie romanti\u0161k\u0105, pasak\u0173 f\u0117jomis besi\u017eavin\u010di\u0105 mergait\u0119 ir sud\u0117tingus jos santykius su broliu Vilu, m\u0117gstan\u010diu \u0161iurpius \u017eaidimus.","robots":{"index":"index","follow":"follow","max-snippet":"max-snippet:-1","max-image-preview":"max-image-preview:large","max-video-preview":"max-video-preview:-1"},"canonical":"https:\/\/skaitytaknyga.lt\/en\/produktas\/vidurnaktis\/","og_locale":"en_GB","og_type":"article","og_title":"[:lt]Vidurnaktis[:] - Skaitytaknyga","og_description":"Tai labai patraukli knyga apie romanti\u0161k\u0105, pasak\u0173 f\u0117jomis besi\u017eavin\u010di\u0105 mergait\u0119 ir sud\u0117tingus jos santykius su broliu Vilu, m\u0117gstan\u010diu \u0161iurpius \u017eaidimus.","og_url":"https:\/\/skaitytaknyga.lt\/en\/produktas\/vidurnaktis\/","og_site_name":"Skaitytaknyga","article_publisher":"https:\/\/www.facebook.com\/skaitytaknyga\/","article_modified_time":"2025-05-15T05:08:52+00:00","og_image":[{"width":527,"height":801,"url":"https:\/\/skaitytaknyga.lt\/wp-content\/uploads\/2025\/05\/Vidurnaktis.webp","type":"image\/webp"}],"twitter_card":"summary_large_image","twitter_misc":{"Estimated reading time":"1 minute"},"schema":{"@context":"https:\/\/schema.org","@graph":[{"@type":"WebPage","@id":"https:\/\/skaitytaknyga.lt\/produktas\/vidurnaktis\/","url":"https:\/\/skaitytaknyga.lt\/produktas\/vidurnaktis\/","name":"Vidurnaktis","isPartOf":{"@id":"https:\/\/skaitytaknyga.lt\/#website"},"primaryImageOfPage":{"@id":"https:\/\/skaitytaknyga.lt\/produktas\/vidurnaktis\/#primaryimage"},"image":{"@id":"https:\/\/skaitytaknyga.lt\/produktas\/vidurnaktis\/#primaryimage"},"thumbnailUrl":"https:\/\/skaitytaknyga.lt\/wp-content\/uploads\/2025\/05\/Vidurnaktis.webp","datePublished":"2025-05-13T07:16:31+00:00","dateModified":"2025-05-15T05:08:52+00:00","description":"Tai labai patraukli knyga apie romanti\u0161k\u0105, pasak\u0173 f\u0117jomis besi\u017eavin\u010di\u0105 mergait\u0119 ir sud\u0117tingus jos santykius su broliu Vilu, m\u0117gstan\u010diu \u0161iurpius \u017eaidimus.","breadcrumb":{"@id":"https:\/\/skaitytaknyga.lt\/produktas\/vidurnaktis\/#breadcrumb"},"inLanguage":"en-GB","potentialAction":[{"@type":"ReadAction","target":["https:\/\/skaitytaknyga.lt\/produktas\/vidurnaktis\/"]}]},{"@type":"ImageObject","inLanguage":"en-GB","@id":"https:\/\/skaitytaknyga.lt\/produktas\/vidurnaktis\/#primaryimage","url":"https:\/\/skaitytaknyga.lt\/wp-content\/uploads\/2025\/05\/Vidurnaktis.webp","contentUrl":"https:\/\/skaitytaknyga.lt\/wp-content\/uploads\/2025\/05\/Vidurnaktis.webp","width":527,"height":801},{"@type":"BreadcrumbList","@id":"https:\/\/skaitytaknyga.lt\/produktas\/vidurnaktis\/#breadcrumb","itemListElement":[{"@type":"ListItem","position":1,"name":"Home","item":"https:\/\/skaitytaknyga.lt\/"},{"@type":"ListItem","position":2,"name":"Parduotuv\u0117","item":"https:\/\/skaitytaknyga.lt\/knygu-parduotuve\/"},{"@type":"ListItem","position":3,"name":"Vidurnaktis"}]},{"@type":"WebSite","@id":"https:\/\/skaitytaknyga.lt\/#website","url":"https:\/\/skaitytaknyga.lt\/","name":"skaitytaknyga.lt","description":"Skaitytaknyga.lt \u2013 tai ma\u017eas \u0161eimos verslas, kuris prasid\u0117jo nuo meil\u0117s knygoms ir siekio i\u0161gelb\u0117ti knygas nuo likimo prie konteinerio. Kas vienam nereikalingas daiktas \u2013 kitam lobis, o mes esame tarpininkai, kurie padeda abiems tapti laimingesniems ???? \u017dinome kaip nelengva i\u0161gyventi ma\u017eiems verslams, tad nuo \u0161iol, \u010dia rasite ir kit\u0173, ma\u017e\u0173 \u0161eim\u0173 versl\u0173, rank\u0173 darbo, dovan\u0173 sau ir artimiesiems.","publisher":{"@id":"https:\/\/skaitytaknyga.lt\/#organization"},"potentialAction":[{"@type":"SearchAction","target":{"@type":"EntryPoint","urlTemplate":"https:\/\/skaitytaknyga.lt\/?s={search_term_string}"},"query-input":{"@type":"PropertyValueSpecification","valueRequired":true,"valueName":"search_term_string"}}],"inLanguage":"en-GB"},{"@type":"Organization","@id":"https:\/\/skaitytaknyga.lt\/#organization","name":"skaitytaknyga.lt","url":"https:\/\/skaitytaknyga.lt\/","logo":{"@type":"ImageObject","inLanguage":"en-GB","@id":"https:\/\/skaitytaknyga.lt\/#\/schema\/logo\/image\/","url":"https:\/\/skaitytaknyga.lt\/wp-content\/uploads\/2024\/05\/cropped-cropped-cropped-02_00843_jt3bggkj1j3HLc7SyY6rEUpg.jpeg","contentUrl":"https:\/\/skaitytaknyga.lt\/wp-content\/uploads\/2024\/05\/cropped-cropped-cropped-02_00843_jt3bggkj1j3HLc7SyY6rEUpg.jpeg","width":1600,"height":1600,"caption":"skaitytaknyga.lt"},"image":{"@id":"https:\/\/skaitytaknyga.lt\/#\/schema\/logo\/image\/"},"sameAs":["https:\/\/www.facebook.com\/skaitytaknyga\/"]}]}},"_links":{"self":[{"href":"https:\/\/skaitytaknyga.lt\/en\/wp-json\/wp\/v2\/product\/18289","targetHints":{"allow":["GET"]}}],"collection":[{"href":"https:\/\/skaitytaknyga.lt\/en\/wp-json\/wp\/v2\/product"}],"about":[{"href":"https:\/\/skaitytaknyga.lt\/en\/wp-json\/wp\/v2\/types\/product"}],"replies":[{"embeddable":true,"href":"https:\/\/skaitytaknyga.lt\/en\/wp-json\/wp\/v2\/comments?post=18289"}],"wp:featuredmedia":[{"embeddable":true,"href":"https:\/\/skaitytaknyga.lt\/en\/wp-json\/wp\/v2\/media\/18317"}],"wp:attachment":[{"href":"https:\/\/skaitytaknyga.lt\/en\/wp-json\/wp\/v2\/media?parent=18289"}],"wp:term":[{"taxonomy":"product_brand","embeddable":true,"href":"https:\/\/skaitytaknyga.lt\/en\/wp-json\/wp\/v2\/product_brand?post=18289"},{"taxonomy":"product_cat","embeddable":true,"href":"https:\/\/skaitytaknyga.lt\/en\/wp-json\/wp\/v2\/product_cat?post=18289"},{"taxonomy":"product_tag","embeddable":true,"href":"https:\/\/skaitytaknyga.lt\/en\/wp-json\/wp\/v2\/product_tag?post=18289"}],"curies":[{"name":"wp","href":"https:\/\/api.w.org\/{rel}","templated":true}]}}