{"id":18288,"date":"2025-05-13T10:16:31","date_gmt":"2025-05-13T07:16:31","guid":{"rendered":"https:\/\/skaitytaknyga.lt\/?post_type=product&#038;p=18288"},"modified":"2025-05-15T08:11:07","modified_gmt":"2025-05-15T05:11:07","slug":"1000-priezasciu-nebuciuoti","status":"publish","type":"product","link":"https:\/\/skaitytaknyga.lt\/en\/produktas\/1000-priezasciu-nebuciuoti\/","title":{"rendered":"1000 prie\u017eas\u010di\u0173 nebu\u010diuoti"},"content":{"rendered":"<p>Gal\u0173 gale \u2013 Sani \u012fsimyl\u0117jo! Ji ir gra\u017euolis Teo kasdien vaik\u0161tin\u0117ja po park\u0105. Bet Sani iki visi\u0161kos laim\u0117s tr\u016bksta bu\u010dinio: Teo turi j\u0105 pabu\u010diuoti. Deja, Teo net nem\u0117gina. Vadinasi, Sani turi kaip nors j\u012f priversti.<\/p>\n<p>Bet ko reikia griebtis, kad vaikinas pabu\u010diuot\u0173 mergait\u0119? O jos brolis Konis nusprend\u017eia niekuomet daugiau nebe\u012fsimyl\u0117ti ir nebebu\u010diuoti. Jis mano, kad yra 1000 ne\u012fsimyl\u0117jimo ir nesibu\u010diavimo prie\u017eas\u010di\u0173. Bet kai Konis susipa\u017e\u012fsta su Sara, staiga visos tos prie\u017eastys i\u0161dulka jam i\u0161 galvos&#8230;<\/p>\n","protected":false},"excerpt":{"rendered":"<p>Gal\u0173 gale \u2013 Sani \u012fsimyl\u0117jo! Ji ir gra\u017euolis Teo kasdien vaik\u0161tin\u0117ja po park\u0105. Bet Sani iki visi\u0161kos laim\u0117s tr\u016bksta bu\u010dinio: Teo turi j\u0105 pabu\u010diuoti. Deja, Teo net nem\u0117gina. Vadinasi, Sani turi kaip nors j\u012f priversti. Bet ko reikia griebtis, kad vaikinas pabu\u010diuot\u0173 mergait\u0119? O jos brolis Konis nusprend\u017eia niekuomet daugiau nebe\u012fsimyl\u0117ti ir nebebu\u010diuoti. Jis mano, kad yra 1000 ne\u012fsimyl\u0117jimo ir nesibu\u010diavimo prie\u017eas\u010di\u0173. Bet kai Konis susipa\u017e\u012fsta su Sara, staiga visos tos prie\u017eastys i\u0161dulka jam i\u0161 galvos&#8230;<\/p>\n","protected":false},"featured_media":18320,"comment_status":"open","ping_status":"closed","template":"","meta":{"_acf_changed":false,"site-sidebar-layout":"default","site-content-layout":"","ast-site-content-layout":"default","site-content-style":"default","site-sidebar-style":"default","ast-global-header-display":"","ast-banner-title-visibility":"","ast-main-header-display":"","ast-hfb-above-header-display":"","ast-hfb-below-header-display":"","ast-hfb-mobile-header-display":"","site-post-title":"","ast-breadcrumbs-content":"","ast-featured-img":"","footer-sml-layout":"","ast-disable-related-posts":"","theme-transparent-header-meta":"","adv-header-id-meta":"","stick-header-meta":"","header-above-stick-meta":"","header-main-stick-meta":"","header-below-stick-meta":"","astra-migrate-meta-layouts":"default","ast-page-background-enabled":"default","ast-page-background-meta":{"desktop":{"background-color":"","background-image":"","background-repeat":"repeat","background-position":"center center","background-size":"auto","background-attachment":"scroll","background-type":"","background-media":"","overlay-type":"","overlay-color":"","overlay-opacity":"","overlay-gradient":""},"tablet":{"background-color":"","background-image":"","background-repeat":"repeat","background-position":"center center","background-size":"auto","background-attachment":"scroll","background-type":"","background-media":"","overlay-type":"","overlay-color":"","overlay-opacity":"","overlay-gradient":""},"mobile":{"background-color":"","background-image":"","background-repeat":"repeat","background-position":"center center","background-size":"auto","background-attachment":"scroll","background-type":"","background-media":"","overlay-type":"","overlay-color":"","overlay-opacity":"","overlay-gradient":""}},"ast-content-background-meta":{"desktop":{"background-color":"var(--ast-global-color-4)","background-image":"","background-repeat":"repeat","background-position":"center center","background-size":"auto","background-attachment":"scroll","background-type":"","background-media":"","overlay-type":"","overlay-color":"","overlay-opacity":"","overlay-gradient":""},"tablet":{"background-color":"var(--ast-global-color-4)","background-image":"","background-repeat":"repeat","background-position":"center center","background-size":"auto","background-attachment":"scroll","background-type":"","background-media":"","overlay-type":"","overlay-color":"","overlay-opacity":"","overlay-gradient":""},"mobile":{"background-color":"var(--ast-global-color-4)","background-image":"","background-repeat":"repeat","background-position":"center center","background-size":"auto","background-attachment":"scroll","background-type":"","background-media":"","overlay-type":"","overlay-color":"","overlay-opacity":"","overlay-gradient":""}}},"product_brand":[],"product_cat":[15],"product_tag":[1796,2635,2636,1417],"class_list":{"0":"post-18288","1":"product","2":"type-product","3":"status-publish","4":"has-post-thumbnail","6":"product_cat-uncategorized","7":"product_tag-meile","8":"product_tag-paaugliu-romanas","9":"product_tag-pirmos-meiles-patirtys","10":"product_tag-santykiai","11":"desktop-align-left","12":"tablet-align-left","13":"mobile-align-left","15":"first","16":"instock","17":"shipping-taxable","18":"product-type-simple"},"acf":[],"yoast_head":"<!-- This site is optimized with the Yoast SEO plugin v27.4 - https:\/\/yoast.com\/product\/yoast-seo-wordpress\/ -->\n<title>1000 prie\u017eas\u010di\u0173 nebu\u010diuoti<\/title>\n<meta name=\"description\" content=\"Gal\u0173 gale \u2013 Sani \u012fsimyl\u0117jo! Ji ir gra\u017euolis Teo kasdien vaik\u0161tin\u0117ja po park\u0105. Bet Sani iki visi\u0161kos laim\u0117s tr\u016bksta bu\u010dinio: Teo turi j\u0105 pabu\u010diuoti. Deja,\" \/>\n<meta name=\"robots\" content=\"index, follow, max-snippet:-1, max-image-preview:large, max-video-preview:-1\" \/>\n<link rel=\"canonical\" href=\"https:\/\/skaitytaknyga.lt\/en\/produktas\/1000-priezasciu-nebuciuoti\/\" \/>\n<meta property=\"og:locale\" content=\"en_GB\" \/>\n<meta property=\"og:locale:alternate\" content=\"lt_LT\" \/>\n<meta property=\"og:type\" content=\"article\" \/>\n<meta property=\"og:title\" content=\"1000 prie\u017eas\u010di\u0173 nebu\u010diuoti\" \/>\n<meta property=\"og:description\" content=\"Gal\u0173 gale \u2013 Sani \u012fsimyl\u0117jo! Ji ir gra\u017euolis Teo kasdien vaik\u0161tin\u0117ja po park\u0105. Bet Sani iki visi\u0161kos laim\u0117s tr\u016bksta bu\u010dinio: Teo turi j\u0105 pabu\u010diuoti. Deja,\" \/>\n<meta property=\"og:url\" content=\"https:\/\/skaitytaknyga.lt\/en\/produktas\/1000-priezasciu-nebuciuoti\/\" \/>\n<meta property=\"og:site_name\" content=\"Skaitytaknyga\" \/>\n<meta property=\"article:publisher\" content=\"https:\/\/www.facebook.com\/skaitytaknyga\/\" \/>\n<meta property=\"article:modified_time\" content=\"2025-05-15T05:11:07+00:00\" \/>\n<meta property=\"og:image\" content=\"https:\/\/skaitytaknyga.lt\/wp-content\/uploads\/2025\/05\/1000-priezasciu-nebuciuoti.webp\" \/>\n\t<meta property=\"og:image:width\" content=\"555\" \/>\n\t<meta property=\"og:image:height\" content=\"801\" \/>\n\t<meta property=\"og:image:type\" content=\"image\/webp\" \/>\n<meta name=\"twitter:card\" content=\"summary_large_image\" \/>\n<script type=\"application\/ld+json\" class=\"yoast-schema-graph\">{\"@context\":\"https:\\\/\\\/schema.org\",\"@graph\":[{\"@type\":\"WebPage\",\"@id\":\"https:\\\/\\\/skaitytaknyga.lt\\\/produktas\\\/1000-priezasciu-nebuciuoti\\\/\",\"url\":\"https:\\\/\\\/skaitytaknyga.lt\\\/produktas\\\/1000-priezasciu-nebuciuoti\\\/\",\"name\":\"1000 prie\u017eas\u010di\u0173 nebu\u010diuoti\",\"isPartOf\":{\"@id\":\"https:\\\/\\\/skaitytaknyga.lt\\\/#website\"},\"primaryImageOfPage\":{\"@id\":\"https:\\\/\\\/skaitytaknyga.lt\\\/produktas\\\/1000-priezasciu-nebuciuoti\\\/#primaryimage\"},\"image\":{\"@id\":\"https:\\\/\\\/skaitytaknyga.lt\\\/produktas\\\/1000-priezasciu-nebuciuoti\\\/#primaryimage\"},\"thumbnailUrl\":\"https:\\\/\\\/skaitytaknyga.lt\\\/wp-content\\\/uploads\\\/2025\\\/05\\\/1000-priezasciu-nebuciuoti.webp\",\"datePublished\":\"2025-05-13T07:16:31+00:00\",\"dateModified\":\"2025-05-15T05:11:07+00:00\",\"description\":\"Gal\u0173 gale \u2013 Sani \u012fsimyl\u0117jo! Ji ir gra\u017euolis Teo kasdien vaik\u0161tin\u0117ja po park\u0105. Bet Sani iki visi\u0161kos laim\u0117s tr\u016bksta bu\u010dinio: Teo turi j\u0105 pabu\u010diuoti. Deja,\",\"breadcrumb\":{\"@id\":\"https:\\\/\\\/skaitytaknyga.lt\\\/produktas\\\/1000-priezasciu-nebuciuoti\\\/#breadcrumb\"},\"inLanguage\":\"en-GB\",\"potentialAction\":[{\"@type\":\"ReadAction\",\"target\":[\"https:\\\/\\\/skaitytaknyga.lt\\\/produktas\\\/1000-priezasciu-nebuciuoti\\\/\"]}]},{\"@type\":\"ImageObject\",\"inLanguage\":\"en-GB\",\"@id\":\"https:\\\/\\\/skaitytaknyga.lt\\\/produktas\\\/1000-priezasciu-nebuciuoti\\\/#primaryimage\",\"url\":\"https:\\\/\\\/skaitytaknyga.lt\\\/wp-content\\\/uploads\\\/2025\\\/05\\\/1000-priezasciu-nebuciuoti.webp\",\"contentUrl\":\"https:\\\/\\\/skaitytaknyga.lt\\\/wp-content\\\/uploads\\\/2025\\\/05\\\/1000-priezasciu-nebuciuoti.webp\",\"width\":555,\"height\":801,\"caption\":\"1000 prie\u017eas\u010di\u0173 nebu\u010diuoti\"},{\"@type\":\"BreadcrumbList\",\"@id\":\"https:\\\/\\\/skaitytaknyga.lt\\\/produktas\\\/1000-priezasciu-nebuciuoti\\\/#breadcrumb\",\"itemListElement\":[{\"@type\":\"ListItem\",\"position\":1,\"name\":\"Home\",\"item\":\"https:\\\/\\\/skaitytaknyga.lt\\\/\"},{\"@type\":\"ListItem\",\"position\":2,\"name\":\"Parduotuv\u0117\",\"item\":\"https:\\\/\\\/skaitytaknyga.lt\\\/knygu-parduotuve\\\/\"},{\"@type\":\"ListItem\",\"position\":3,\"name\":\"1000 prie\u017eas\u010di\u0173 nebu\u010diuoti\"}]},{\"@type\":\"WebSite\",\"@id\":\"https:\\\/\\\/skaitytaknyga.lt\\\/#website\",\"url\":\"https:\\\/\\\/skaitytaknyga.lt\\\/\",\"name\":\"skaitytaknyga.lt\",\"description\":\"Skaitytaknyga.lt \u2013 tai ma\u017eas \u0161eimos verslas, kuris prasid\u0117jo nuo meil\u0117s knygoms ir siekio i\u0161gelb\u0117ti knygas nuo likimo prie konteinerio. Kas vienam nereikalingas daiktas \u2013 kitam lobis, o mes esame tarpininkai, kurie padeda abiems tapti laimingesniems ???? \u017dinome kaip nelengva i\u0161gyventi ma\u017eiems verslams, tad nuo \u0161iol, \u010dia rasite ir kit\u0173, ma\u017e\u0173 \u0161eim\u0173 versl\u0173, rank\u0173 darbo, dovan\u0173 sau ir artimiesiems.\",\"publisher\":{\"@id\":\"https:\\\/\\\/skaitytaknyga.lt\\\/#organization\"},\"potentialAction\":[{\"@type\":\"SearchAction\",\"target\":{\"@type\":\"EntryPoint\",\"urlTemplate\":\"https:\\\/\\\/skaitytaknyga.lt\\\/?s={search_term_string}\"},\"query-input\":{\"@type\":\"PropertyValueSpecification\",\"valueRequired\":true,\"valueName\":\"search_term_string\"}}],\"inLanguage\":\"en-GB\"},{\"@type\":\"Organization\",\"@id\":\"https:\\\/\\\/skaitytaknyga.lt\\\/#organization\",\"name\":\"skaitytaknyga.lt\",\"url\":\"https:\\\/\\\/skaitytaknyga.lt\\\/\",\"logo\":{\"@type\":\"ImageObject\",\"inLanguage\":\"en-GB\",\"@id\":\"https:\\\/\\\/skaitytaknyga.lt\\\/#\\\/schema\\\/logo\\\/image\\\/\",\"url\":\"https:\\\/\\\/skaitytaknyga.lt\\\/wp-content\\\/uploads\\\/2024\\\/05\\\/cropped-cropped-cropped-02_00843_jt3bggkj1j3HLc7SyY6rEUpg.jpeg\",\"contentUrl\":\"https:\\\/\\\/skaitytaknyga.lt\\\/wp-content\\\/uploads\\\/2024\\\/05\\\/cropped-cropped-cropped-02_00843_jt3bggkj1j3HLc7SyY6rEUpg.jpeg\",\"width\":1600,\"height\":1600,\"caption\":\"skaitytaknyga.lt\"},\"image\":{\"@id\":\"https:\\\/\\\/skaitytaknyga.lt\\\/#\\\/schema\\\/logo\\\/image\\\/\"},\"sameAs\":[\"https:\\\/\\\/www.facebook.com\\\/skaitytaknyga\\\/\"]}]}<\/script>\n<!-- \/ Yoast SEO plugin. -->","yoast_head_json":{"title":"1000 prie\u017eas\u010di\u0173 nebu\u010diuoti","description":"Gal\u0173 gale \u2013 Sani \u012fsimyl\u0117jo! Ji ir gra\u017euolis Teo kasdien vaik\u0161tin\u0117ja po park\u0105. Bet Sani iki visi\u0161kos laim\u0117s tr\u016bksta bu\u010dinio: Teo turi j\u0105 pabu\u010diuoti. Deja,","robots":{"index":"index","follow":"follow","max-snippet":"max-snippet:-1","max-image-preview":"max-image-preview:large","max-video-preview":"max-video-preview:-1"},"canonical":"https:\/\/skaitytaknyga.lt\/en\/produktas\/1000-priezasciu-nebuciuoti\/","og_locale":"en_GB","og_type":"article","og_title":"[:lt]1000 prie\u017eas\u010di\u0173 nebu\u010diuoti[:] - Skaitytaknyga","og_description":"Gal\u0173 gale \u2013 Sani \u012fsimyl\u0117jo! Ji ir gra\u017euolis Teo kasdien vaik\u0161tin\u0117ja po park\u0105. Bet Sani iki visi\u0161kos laim\u0117s tr\u016bksta bu\u010dinio: Teo turi j\u0105 pabu\u010diuoti. Deja,","og_url":"https:\/\/skaitytaknyga.lt\/en\/produktas\/1000-priezasciu-nebuciuoti\/","og_site_name":"Skaitytaknyga","article_publisher":"https:\/\/www.facebook.com\/skaitytaknyga\/","article_modified_time":"2025-05-15T05:11:07+00:00","og_image":[{"width":555,"height":801,"url":"https:\/\/skaitytaknyga.lt\/wp-content\/uploads\/2025\/05\/1000-priezasciu-nebuciuoti.webp","type":"image\/webp"}],"twitter_card":"summary_large_image","schema":{"@context":"https:\/\/schema.org","@graph":[{"@type":"WebPage","@id":"https:\/\/skaitytaknyga.lt\/produktas\/1000-priezasciu-nebuciuoti\/","url":"https:\/\/skaitytaknyga.lt\/produktas\/1000-priezasciu-nebuciuoti\/","name":"1000 prie\u017eas\u010di\u0173 nebu\u010diuoti","isPartOf":{"@id":"https:\/\/skaitytaknyga.lt\/#website"},"primaryImageOfPage":{"@id":"https:\/\/skaitytaknyga.lt\/produktas\/1000-priezasciu-nebuciuoti\/#primaryimage"},"image":{"@id":"https:\/\/skaitytaknyga.lt\/produktas\/1000-priezasciu-nebuciuoti\/#primaryimage"},"thumbnailUrl":"https:\/\/skaitytaknyga.lt\/wp-content\/uploads\/2025\/05\/1000-priezasciu-nebuciuoti.webp","datePublished":"2025-05-13T07:16:31+00:00","dateModified":"2025-05-15T05:11:07+00:00","description":"Gal\u0173 gale \u2013 Sani \u012fsimyl\u0117jo! Ji ir gra\u017euolis Teo kasdien vaik\u0161tin\u0117ja po park\u0105. Bet Sani iki visi\u0161kos laim\u0117s tr\u016bksta bu\u010dinio: Teo turi j\u0105 pabu\u010diuoti. Deja,","breadcrumb":{"@id":"https:\/\/skaitytaknyga.lt\/produktas\/1000-priezasciu-nebuciuoti\/#breadcrumb"},"inLanguage":"en-GB","potentialAction":[{"@type":"ReadAction","target":["https:\/\/skaitytaknyga.lt\/produktas\/1000-priezasciu-nebuciuoti\/"]}]},{"@type":"ImageObject","inLanguage":"en-GB","@id":"https:\/\/skaitytaknyga.lt\/produktas\/1000-priezasciu-nebuciuoti\/#primaryimage","url":"https:\/\/skaitytaknyga.lt\/wp-content\/uploads\/2025\/05\/1000-priezasciu-nebuciuoti.webp","contentUrl":"https:\/\/skaitytaknyga.lt\/wp-content\/uploads\/2025\/05\/1000-priezasciu-nebuciuoti.webp","width":555,"height":801,"caption":"1000 prie\u017eas\u010di\u0173 nebu\u010diuoti"},{"@type":"BreadcrumbList","@id":"https:\/\/skaitytaknyga.lt\/produktas\/1000-priezasciu-nebuciuoti\/#breadcrumb","itemListElement":[{"@type":"ListItem","position":1,"name":"Home","item":"https:\/\/skaitytaknyga.lt\/"},{"@type":"ListItem","position":2,"name":"Parduotuv\u0117","item":"https:\/\/skaitytaknyga.lt\/knygu-parduotuve\/"},{"@type":"ListItem","position":3,"name":"1000 prie\u017eas\u010di\u0173 nebu\u010diuoti"}]},{"@type":"WebSite","@id":"https:\/\/skaitytaknyga.lt\/#website","url":"https:\/\/skaitytaknyga.lt\/","name":"skaitytaknyga.lt","description":"Skaitytaknyga.lt \u2013 tai ma\u017eas \u0161eimos verslas, kuris prasid\u0117jo nuo meil\u0117s knygoms ir siekio i\u0161gelb\u0117ti knygas nuo likimo prie konteinerio. Kas vienam nereikalingas daiktas \u2013 kitam lobis, o mes esame tarpininkai, kurie padeda abiems tapti laimingesniems ???? \u017dinome kaip nelengva i\u0161gyventi ma\u017eiems verslams, tad nuo \u0161iol, \u010dia rasite ir kit\u0173, ma\u017e\u0173 \u0161eim\u0173 versl\u0173, rank\u0173 darbo, dovan\u0173 sau ir artimiesiems.","publisher":{"@id":"https:\/\/skaitytaknyga.lt\/#organization"},"potentialAction":[{"@type":"SearchAction","target":{"@type":"EntryPoint","urlTemplate":"https:\/\/skaitytaknyga.lt\/?s={search_term_string}"},"query-input":{"@type":"PropertyValueSpecification","valueRequired":true,"valueName":"search_term_string"}}],"inLanguage":"en-GB"},{"@type":"Organization","@id":"https:\/\/skaitytaknyga.lt\/#organization","name":"skaitytaknyga.lt","url":"https:\/\/skaitytaknyga.lt\/","logo":{"@type":"ImageObject","inLanguage":"en-GB","@id":"https:\/\/skaitytaknyga.lt\/#\/schema\/logo\/image\/","url":"https:\/\/skaitytaknyga.lt\/wp-content\/uploads\/2024\/05\/cropped-cropped-cropped-02_00843_jt3bggkj1j3HLc7SyY6rEUpg.jpeg","contentUrl":"https:\/\/skaitytaknyga.lt\/wp-content\/uploads\/2024\/05\/cropped-cropped-cropped-02_00843_jt3bggkj1j3HLc7SyY6rEUpg.jpeg","width":1600,"height":1600,"caption":"skaitytaknyga.lt"},"image":{"@id":"https:\/\/skaitytaknyga.lt\/#\/schema\/logo\/image\/"},"sameAs":["https:\/\/www.facebook.com\/skaitytaknyga\/"]}]}},"_links":{"self":[{"href":"https:\/\/skaitytaknyga.lt\/en\/wp-json\/wp\/v2\/product\/18288","targetHints":{"allow":["GET"]}}],"collection":[{"href":"https:\/\/skaitytaknyga.lt\/en\/wp-json\/wp\/v2\/product"}],"about":[{"href":"https:\/\/skaitytaknyga.lt\/en\/wp-json\/wp\/v2\/types\/product"}],"replies":[{"embeddable":true,"href":"https:\/\/skaitytaknyga.lt\/en\/wp-json\/wp\/v2\/comments?post=18288"}],"wp:featuredmedia":[{"embeddable":true,"href":"https:\/\/skaitytaknyga.lt\/en\/wp-json\/wp\/v2\/media\/18320"}],"wp:attachment":[{"href":"https:\/\/skaitytaknyga.lt\/en\/wp-json\/wp\/v2\/media?parent=18288"}],"wp:term":[{"taxonomy":"product_brand","embeddable":true,"href":"https:\/\/skaitytaknyga.lt\/en\/wp-json\/wp\/v2\/product_brand?post=18288"},{"taxonomy":"product_cat","embeddable":true,"href":"https:\/\/skaitytaknyga.lt\/en\/wp-json\/wp\/v2\/product_cat?post=18288"},{"taxonomy":"product_tag","embeddable":true,"href":"https:\/\/skaitytaknyga.lt\/en\/wp-json\/wp\/v2\/product_tag?post=18288"}],"curies":[{"name":"wp","href":"https:\/\/api.w.org\/{rel}","templated":true}]}}