{"id":18286,"date":"2025-05-13T10:16:30","date_gmt":"2025-05-13T07:16:30","guid":{"rendered":"https:\/\/skaitytaknyga.lt\/?post_type=product&#038;p=18286"},"modified":"2025-10-31T18:14:26","modified_gmt":"2025-10-31T16:14:26","slug":"kurtizanes-draugijoje","status":"publish","type":"product","link":"https:\/\/skaitytaknyga.lt\/en\/produktas\/kurtizanes-draugijoje\/","title":{"rendered":"Kurtizan\u0117s draugijoje"},"content":{"rendered":"<p><em>Mano ponia, Fjameta Bjan\u010dini, pe\u0161iojo antakius ir kand\u017eiojo l\u016bpas, kad jos b\u016bt\u0173 raudonesn\u0117s, kai \u012fvyko ne\u012fsivaizduojamas dalykas \u2013 \u0160ventosios Romos imperatoriaus armija pramu\u0161\u0117 skyl\u0119 am\u017einojo Vie\u0161paties miesto sienoje ir \u012f vid\u0173 pasipyl\u0117 pusiau i\u0161bad\u0117j\u0119, pusiau i\u0161prot\u0117j\u0119 b\u016briai, pasiry\u017e\u0119 pl\u0117\u0161ti bei kankinti.<\/em><\/p>\n<p>\u201eKurtizani\u0173 draugijoje\u201c \u2013 Saros Dunant epinis romanas apie gyvenim\u0105 XVI a. Renesanso Italijoje. Kurtizan\u0117 Fjameta ir jos kompanionas ne\u016b\u017eauga Bu\u010dinas 1527 m. sprunka nuo \u017eudyni\u0173 Romoje ir, praryt\u0173 deimant\u0173 rai\u017eomais pilvais, patraukia \u012f Venecij\u0105 \u2013 didybe ir turtais \u017e\u0117rint\u012f miest\u0105, kuris kartu ir dvokianti, purvina, siekianti pasipelnyti vieta, suklest\u0117jusi d\u0117l prekybos tarp Ryt\u0173 ir Vakar\u0173.<\/p>\n<p>Dr\u0105sa ir klasta padeda jiems tapti Venecijos visuomen\u0117s nariais. Jie tinka vienas kitam: s\u0105mojingas ne\u016b\u017eauga ir jo energingoji ponia, nuo pat gimimo mokyta \u017eav\u0117ti, linksminti ir patenkinti vyrus. To meto \u017eod\u017eiais kalbant, tai garbinga kurtizan\u0117. Bet s\u0117kmingai partnerystei gr\u0117sm\u0119 ima kelti meilu\u017eis, trok\u0161tantis daugiau nei jam paskirtosios naktys, ir besi\u017eavin\u010dio turko, ie\u0161kan\u010dio naujovi\u0173 sultono dvarui, d\u0117mesys. Ta\u010diau did\u017eiausi\u0105 sm\u016bg\u012f suduoda jauna ne\u012fgali moteris, u\u017evald\u017eiusi j\u0173 gyvenimus ir \u0161irdis bei suk\u0117lusi\u00a0 skaud\u017eias pasekmes.<\/p>\n","protected":false},"excerpt":{"rendered":"<p>Mano ponia, Fjameta Bjan\u010dini, pe\u0161iojo antakius ir kand\u017eiojo l\u016bpas, kad jos b\u016bt\u0173 raudonesn\u0117s, kai \u012fvyko ne\u012fsivaizduojamas dalykas \u2013 \u0160ventosios Romos imperatoriaus armija pramu\u0161\u0117 skyl\u0119 am\u017einojo Vie\u0161paties miesto sienoje ir \u012f vid\u0173 pasipyl\u0117 pusiau i\u0161bad\u0117j\u0119, pusiau i\u0161prot\u0117j\u0119 b\u016briai, pasiry\u017e\u0119 pl\u0117\u0161ti bei kankinti. \u201eKurtizani\u0173 draugijoje\u201c \u2013 Saros Dunant epinis romanas apie gyvenim\u0105 XVI a. Renesanso Italijoje. Kurtizan\u0117 Fjameta ir jos kompanionas ne\u016b\u017eauga Bu\u010dinas 1527 m. sprunka nuo \u017eudyni\u0173 Romoje ir, praryt\u0173 deimant\u0173 rai\u017eomais pilvais, patraukia \u012f Venecij\u0105 \u2013 didybe ir turtais \u017e\u0117rint\u012f miest\u0105, kuris kartu ir dvokianti, purvina, siekianti pasipelnyti vieta, suklest\u0117jusi d\u0117l prekybos tarp Ryt\u0173 ir Vakar\u0173. Dr\u0105sa ir klasta padeda jiems tapti Venecijos visuomen\u0117s nariais. Jie tinka vienas kitam: s\u0105mojingas ne\u016b\u017eauga ir jo energingoji ponia, nuo pat gimimo mokyta \u017eav\u0117ti, linksminti ir patenkinti vyrus. To meto \u017eod\u017eiais kalbant, tai garbinga kurtizan\u0117. Bet s\u0117kmingai partnerystei gr\u0117sm\u0119 ima kelti meilu\u017eis, trok\u0161tantis daugiau nei jam paskirtosios naktys, ir besi\u017eavin\u010dio turko, ie\u0161kan\u010dio naujovi\u0173 sultono dvarui, d\u0117mesys. Ta\u010diau did\u017eiausi\u0105 sm\u016bg\u012f suduoda jauna ne\u012fgali moteris, u\u017evald\u017eiusi j\u0173 gyvenimus ir \u0161irdis bei suk\u0117lusi\u00a0 skaud\u017eias pasekmes.<\/p>\n","protected":false},"featured_media":18322,"comment_status":"open","ping_status":"closed","template":"","meta":{"_acf_changed":false,"site-sidebar-layout":"default","site-content-layout":"","ast-site-content-layout":"default","site-content-style":"default","site-sidebar-style":"default","ast-global-header-display":"","ast-banner-title-visibility":"","ast-main-header-display":"","ast-hfb-above-header-display":"","ast-hfb-below-header-display":"","ast-hfb-mobile-header-display":"","site-post-title":"","ast-breadcrumbs-content":"","ast-featured-img":"","footer-sml-layout":"","ast-disable-related-posts":"","theme-transparent-header-meta":"","adv-header-id-meta":"","stick-header-meta":"","header-above-stick-meta":"","header-main-stick-meta":"","header-below-stick-meta":"","astra-migrate-meta-layouts":"default","ast-page-background-enabled":"default","ast-page-background-meta":{"desktop":{"background-color":"","background-image":"","background-repeat":"repeat","background-position":"center center","background-size":"auto","background-attachment":"scroll","background-type":"","background-media":"","overlay-type":"","overlay-color":"","overlay-opacity":"","overlay-gradient":""},"tablet":{"background-color":"","background-image":"","background-repeat":"repeat","background-position":"center center","background-size":"auto","background-attachment":"scroll","background-type":"","background-media":"","overlay-type":"","overlay-color":"","overlay-opacity":"","overlay-gradient":""},"mobile":{"background-color":"","background-image":"","background-repeat":"repeat","background-position":"center center","background-size":"auto","background-attachment":"scroll","background-type":"","background-media":"","overlay-type":"","overlay-color":"","overlay-opacity":"","overlay-gradient":""}},"ast-content-background-meta":{"desktop":{"background-color":"var(--ast-global-color-4)","background-image":"","background-repeat":"repeat","background-position":"center center","background-size":"auto","background-attachment":"scroll","background-type":"","background-media":"","overlay-type":"","overlay-color":"","overlay-opacity":"","overlay-gradient":""},"tablet":{"background-color":"var(--ast-global-color-4)","background-image":"","background-repeat":"repeat","background-position":"center center","background-size":"auto","background-attachment":"scroll","background-type":"","background-media":"","overlay-type":"","overlay-color":"","overlay-opacity":"","overlay-gradient":""},"mobile":{"background-color":"var(--ast-global-color-4)","background-image":"","background-repeat":"repeat","background-position":"center center","background-size":"auto","background-attachment":"scroll","background-type":"","background-media":"","overlay-type":"","overlay-color":"","overlay-opacity":"","overlay-gradient":""}}},"product_brand":[],"product_cat":[31],"product_tag":[2632,2069,1796,2630,2629,2631],"class_list":{"0":"post-18286","1":"product","2":"type-product","3":"status-publish","4":"has-post-thumbnail","6":"product_cat-grozine-literatura","7":"product_tag-intrigos","8":"product_tag-istorinis-romanas","9":"product_tag-meile","10":"product_tag-moteru-teises","11":"product_tag-sara-dunant","12":"product_tag-venecija","13":"desktop-align-left","14":"tablet-align-left","15":"mobile-align-left","17":"first","18":"outofstock","19":"shipping-taxable","20":"product-type-simple"},"acf":[],"yoast_head":"<!-- This site is optimized with the Yoast SEO plugin v27.0 - https:\/\/yoast.com\/product\/yoast-seo-wordpress\/ -->\n<title>Kurtizan\u0117s draugijoje<\/title>\n<meta name=\"description\" content=\"Mano ponia, Fjameta Bjan\u010dini, pe\u0161iojo antakius ir kand\u017eiojo l\u016bpas, kad jos b\u016bt\u0173 raudonesn\u0117s, kai \u012fvyko ne\u012fsivaizduojamas dalykas \u2013 \u0160ventosios Romos\" \/>\n<meta name=\"robots\" content=\"index, follow, max-snippet:-1, max-image-preview:large, max-video-preview:-1\" \/>\n<link rel=\"canonical\" href=\"https:\/\/skaitytaknyga.lt\/en\/produktas\/kurtizanes-draugijoje\/\" \/>\n<meta property=\"og:locale\" content=\"en_GB\" \/>\n<meta property=\"og:locale:alternate\" content=\"lt_LT\" \/>\n<meta property=\"og:type\" content=\"article\" \/>\n<meta property=\"og:title\" content=\"Kurtizan\u0117s draugijoje\" \/>\n<meta property=\"og:description\" content=\"Mano ponia, Fjameta Bjan\u010dini, pe\u0161iojo antakius ir kand\u017eiojo l\u016bpas, kad jos b\u016bt\u0173 raudonesn\u0117s, kai \u012fvyko ne\u012fsivaizduojamas dalykas \u2013 \u0160ventosios Romos\" \/>\n<meta property=\"og:url\" content=\"https:\/\/skaitytaknyga.lt\/en\/produktas\/kurtizanes-draugijoje\/\" \/>\n<meta property=\"og:site_name\" content=\"Skaitytaknyga\" \/>\n<meta property=\"article:publisher\" content=\"https:\/\/www.facebook.com\/skaitytaknyga\/\" \/>\n<meta property=\"article:modified_time\" content=\"2025-10-31T16:14:26+00:00\" \/>\n<meta property=\"og:image\" content=\"https:\/\/skaitytaknyga.lt\/wp-content\/uploads\/2025\/05\/Kurtizanes-draugijoje.webp\" \/>\n\t<meta property=\"og:image:width\" content=\"460\" \/>\n\t<meta property=\"og:image:height\" content=\"801\" \/>\n\t<meta property=\"og:image:type\" content=\"image\/webp\" \/>\n<meta name=\"twitter:card\" content=\"summary_large_image\" \/>\n<meta name=\"twitter:label1\" content=\"Estimated reading time\" \/>\n\t<meta name=\"twitter:data1\" content=\"1 minute\" \/>\n<script type=\"application\/ld+json\" class=\"yoast-schema-graph\">{\"@context\":\"https:\/\/schema.org\",\"@graph\":[{\"@type\":\"WebPage\",\"@id\":\"https:\/\/skaitytaknyga.lt\/produktas\/kurtizanes-draugijoje\/\",\"url\":\"https:\/\/skaitytaknyga.lt\/produktas\/kurtizanes-draugijoje\/\",\"name\":\"Kurtizan\u0117s draugijoje\",\"isPartOf\":{\"@id\":\"https:\/\/skaitytaknyga.lt\/#website\"},\"primaryImageOfPage\":{\"@id\":\"https:\/\/skaitytaknyga.lt\/produktas\/kurtizanes-draugijoje\/#primaryimage\"},\"image\":{\"@id\":\"https:\/\/skaitytaknyga.lt\/produktas\/kurtizanes-draugijoje\/#primaryimage\"},\"thumbnailUrl\":\"https:\/\/skaitytaknyga.lt\/wp-content\/uploads\/2025\/05\/Kurtizanes-draugijoje.webp\",\"datePublished\":\"2025-05-13T07:16:30+00:00\",\"dateModified\":\"2025-10-31T16:14:26+00:00\",\"description\":\"Mano ponia, Fjameta Bjan\u010dini, pe\u0161iojo antakius ir kand\u017eiojo l\u016bpas, kad jos b\u016bt\u0173 raudonesn\u0117s, kai \u012fvyko ne\u012fsivaizduojamas dalykas \u2013 \u0160ventosios Romos\",\"breadcrumb\":{\"@id\":\"https:\/\/skaitytaknyga.lt\/produktas\/kurtizanes-draugijoje\/#breadcrumb\"},\"inLanguage\":\"en-GB\",\"potentialAction\":[{\"@type\":\"ReadAction\",\"target\":[\"https:\/\/skaitytaknyga.lt\/produktas\/kurtizanes-draugijoje\/\"]}]},{\"@type\":\"ImageObject\",\"inLanguage\":\"en-GB\",\"@id\":\"https:\/\/skaitytaknyga.lt\/produktas\/kurtizanes-draugijoje\/#primaryimage\",\"url\":\"https:\/\/skaitytaknyga.lt\/wp-content\/uploads\/2025\/05\/Kurtizanes-draugijoje.webp\",\"contentUrl\":\"https:\/\/skaitytaknyga.lt\/wp-content\/uploads\/2025\/05\/Kurtizanes-draugijoje.webp\",\"width\":460,\"height\":801,\"caption\":\"Kurtizan\u0117s draugijoje\"},{\"@type\":\"BreadcrumbList\",\"@id\":\"https:\/\/skaitytaknyga.lt\/produktas\/kurtizanes-draugijoje\/#breadcrumb\",\"itemListElement\":[{\"@type\":\"ListItem\",\"position\":1,\"name\":\"Home\",\"item\":\"https:\/\/skaitytaknyga.lt\/\"},{\"@type\":\"ListItem\",\"position\":2,\"name\":\"Parduotuv\u0117\",\"item\":\"https:\/\/skaitytaknyga.lt\/knygu-parduotuve\/\"},{\"@type\":\"ListItem\",\"position\":3,\"name\":\"Kurtizan\u0117s draugijoje\"}]},{\"@type\":\"WebSite\",\"@id\":\"https:\/\/skaitytaknyga.lt\/#website\",\"url\":\"https:\/\/skaitytaknyga.lt\/\",\"name\":\"skaitytaknyga.lt\",\"description\":\"Skaitytaknyga.lt \u2013 tai ma\u017eas \u0161eimos verslas, kuris prasid\u0117jo nuo meil\u0117s knygoms ir siekio i\u0161gelb\u0117ti knygas nuo likimo prie konteinerio. Kas vienam nereikalingas daiktas \u2013 kitam lobis, o mes esame tarpininkai, kurie padeda abiems tapti laimingesniems ???? \u017dinome kaip nelengva i\u0161gyventi ma\u017eiems verslams, tad nuo \u0161iol, \u010dia rasite ir kit\u0173, ma\u017e\u0173 \u0161eim\u0173 versl\u0173, rank\u0173 darbo, dovan\u0173 sau ir artimiesiems.\",\"publisher\":{\"@id\":\"https:\/\/skaitytaknyga.lt\/#organization\"},\"potentialAction\":[{\"@type\":\"SearchAction\",\"target\":{\"@type\":\"EntryPoint\",\"urlTemplate\":\"https:\/\/skaitytaknyga.lt\/?s={search_term_string}\"},\"query-input\":{\"@type\":\"PropertyValueSpecification\",\"valueRequired\":true,\"valueName\":\"search_term_string\"}}],\"inLanguage\":\"en-GB\"},{\"@type\":\"Organization\",\"@id\":\"https:\/\/skaitytaknyga.lt\/#organization\",\"name\":\"skaitytaknyga.lt\",\"url\":\"https:\/\/skaitytaknyga.lt\/\",\"logo\":{\"@type\":\"ImageObject\",\"inLanguage\":\"en-GB\",\"@id\":\"https:\/\/skaitytaknyga.lt\/#\/schema\/logo\/image\/\",\"url\":\"https:\/\/skaitytaknyga.lt\/wp-content\/uploads\/2024\/05\/cropped-cropped-cropped-02_00843_jt3bggkj1j3HLc7SyY6rEUpg.jpeg\",\"contentUrl\":\"https:\/\/skaitytaknyga.lt\/wp-content\/uploads\/2024\/05\/cropped-cropped-cropped-02_00843_jt3bggkj1j3HLc7SyY6rEUpg.jpeg\",\"width\":1600,\"height\":1600,\"caption\":\"skaitytaknyga.lt\"},\"image\":{\"@id\":\"https:\/\/skaitytaknyga.lt\/#\/schema\/logo\/image\/\"},\"sameAs\":[\"https:\/\/www.facebook.com\/skaitytaknyga\/\"]}]}<\/script>\n<!-- \/ Yoast SEO plugin. -->","yoast_head_json":{"title":"Kurtizan\u0117s draugijoje","description":"Mano ponia, Fjameta Bjan\u010dini, pe\u0161iojo antakius ir kand\u017eiojo l\u016bpas, kad jos b\u016bt\u0173 raudonesn\u0117s, kai \u012fvyko ne\u012fsivaizduojamas dalykas \u2013 \u0160ventosios Romos","robots":{"index":"index","follow":"follow","max-snippet":"max-snippet:-1","max-image-preview":"max-image-preview:large","max-video-preview":"max-video-preview:-1"},"canonical":"https:\/\/skaitytaknyga.lt\/en\/produktas\/kurtizanes-draugijoje\/","og_locale":"en_GB","og_type":"article","og_title":"[:lt]Kurtizan\u0117s draugijoje[:] - Skaitytaknyga","og_description":"Mano ponia, Fjameta Bjan\u010dini, pe\u0161iojo antakius ir kand\u017eiojo l\u016bpas, kad jos b\u016bt\u0173 raudonesn\u0117s, kai \u012fvyko ne\u012fsivaizduojamas dalykas \u2013 \u0160ventosios Romos","og_url":"https:\/\/skaitytaknyga.lt\/en\/produktas\/kurtizanes-draugijoje\/","og_site_name":"Skaitytaknyga","article_publisher":"https:\/\/www.facebook.com\/skaitytaknyga\/","article_modified_time":"2025-10-31T16:14:26+00:00","og_image":[{"width":460,"height":801,"url":"https:\/\/skaitytaknyga.lt\/wp-content\/uploads\/2025\/05\/Kurtizanes-draugijoje.webp","type":"image\/webp"}],"twitter_card":"summary_large_image","twitter_misc":{"Estimated reading time":"1 minute"},"schema":{"@context":"https:\/\/schema.org","@graph":[{"@type":"WebPage","@id":"https:\/\/skaitytaknyga.lt\/produktas\/kurtizanes-draugijoje\/","url":"https:\/\/skaitytaknyga.lt\/produktas\/kurtizanes-draugijoje\/","name":"Kurtizan\u0117s draugijoje","isPartOf":{"@id":"https:\/\/skaitytaknyga.lt\/#website"},"primaryImageOfPage":{"@id":"https:\/\/skaitytaknyga.lt\/produktas\/kurtizanes-draugijoje\/#primaryimage"},"image":{"@id":"https:\/\/skaitytaknyga.lt\/produktas\/kurtizanes-draugijoje\/#primaryimage"},"thumbnailUrl":"https:\/\/skaitytaknyga.lt\/wp-content\/uploads\/2025\/05\/Kurtizanes-draugijoje.webp","datePublished":"2025-05-13T07:16:30+00:00","dateModified":"2025-10-31T16:14:26+00:00","description":"Mano ponia, Fjameta Bjan\u010dini, pe\u0161iojo antakius ir kand\u017eiojo l\u016bpas, kad jos b\u016bt\u0173 raudonesn\u0117s, kai \u012fvyko ne\u012fsivaizduojamas dalykas \u2013 \u0160ventosios Romos","breadcrumb":{"@id":"https:\/\/skaitytaknyga.lt\/produktas\/kurtizanes-draugijoje\/#breadcrumb"},"inLanguage":"en-GB","potentialAction":[{"@type":"ReadAction","target":["https:\/\/skaitytaknyga.lt\/produktas\/kurtizanes-draugijoje\/"]}]},{"@type":"ImageObject","inLanguage":"en-GB","@id":"https:\/\/skaitytaknyga.lt\/produktas\/kurtizanes-draugijoje\/#primaryimage","url":"https:\/\/skaitytaknyga.lt\/wp-content\/uploads\/2025\/05\/Kurtizanes-draugijoje.webp","contentUrl":"https:\/\/skaitytaknyga.lt\/wp-content\/uploads\/2025\/05\/Kurtizanes-draugijoje.webp","width":460,"height":801,"caption":"Kurtizan\u0117s draugijoje"},{"@type":"BreadcrumbList","@id":"https:\/\/skaitytaknyga.lt\/produktas\/kurtizanes-draugijoje\/#breadcrumb","itemListElement":[{"@type":"ListItem","position":1,"name":"Home","item":"https:\/\/skaitytaknyga.lt\/"},{"@type":"ListItem","position":2,"name":"Parduotuv\u0117","item":"https:\/\/skaitytaknyga.lt\/knygu-parduotuve\/"},{"@type":"ListItem","position":3,"name":"Kurtizan\u0117s draugijoje"}]},{"@type":"WebSite","@id":"https:\/\/skaitytaknyga.lt\/#website","url":"https:\/\/skaitytaknyga.lt\/","name":"skaitytaknyga.lt","description":"Skaitytaknyga.lt \u2013 tai ma\u017eas \u0161eimos verslas, kuris prasid\u0117jo nuo meil\u0117s knygoms ir siekio i\u0161gelb\u0117ti knygas nuo likimo prie konteinerio. Kas vienam nereikalingas daiktas \u2013 kitam lobis, o mes esame tarpininkai, kurie padeda abiems tapti laimingesniems ???? \u017dinome kaip nelengva i\u0161gyventi ma\u017eiems verslams, tad nuo \u0161iol, \u010dia rasite ir kit\u0173, ma\u017e\u0173 \u0161eim\u0173 versl\u0173, rank\u0173 darbo, dovan\u0173 sau ir artimiesiems.","publisher":{"@id":"https:\/\/skaitytaknyga.lt\/#organization"},"potentialAction":[{"@type":"SearchAction","target":{"@type":"EntryPoint","urlTemplate":"https:\/\/skaitytaknyga.lt\/?s={search_term_string}"},"query-input":{"@type":"PropertyValueSpecification","valueRequired":true,"valueName":"search_term_string"}}],"inLanguage":"en-GB"},{"@type":"Organization","@id":"https:\/\/skaitytaknyga.lt\/#organization","name":"skaitytaknyga.lt","url":"https:\/\/skaitytaknyga.lt\/","logo":{"@type":"ImageObject","inLanguage":"en-GB","@id":"https:\/\/skaitytaknyga.lt\/#\/schema\/logo\/image\/","url":"https:\/\/skaitytaknyga.lt\/wp-content\/uploads\/2024\/05\/cropped-cropped-cropped-02_00843_jt3bggkj1j3HLc7SyY6rEUpg.jpeg","contentUrl":"https:\/\/skaitytaknyga.lt\/wp-content\/uploads\/2024\/05\/cropped-cropped-cropped-02_00843_jt3bggkj1j3HLc7SyY6rEUpg.jpeg","width":1600,"height":1600,"caption":"skaitytaknyga.lt"},"image":{"@id":"https:\/\/skaitytaknyga.lt\/#\/schema\/logo\/image\/"},"sameAs":["https:\/\/www.facebook.com\/skaitytaknyga\/"]}]}},"_links":{"self":[{"href":"https:\/\/skaitytaknyga.lt\/en\/wp-json\/wp\/v2\/product\/18286","targetHints":{"allow":["GET"]}}],"collection":[{"href":"https:\/\/skaitytaknyga.lt\/en\/wp-json\/wp\/v2\/product"}],"about":[{"href":"https:\/\/skaitytaknyga.lt\/en\/wp-json\/wp\/v2\/types\/product"}],"replies":[{"embeddable":true,"href":"https:\/\/skaitytaknyga.lt\/en\/wp-json\/wp\/v2\/comments?post=18286"}],"wp:featuredmedia":[{"embeddable":true,"href":"https:\/\/skaitytaknyga.lt\/en\/wp-json\/wp\/v2\/media\/18322"}],"wp:attachment":[{"href":"https:\/\/skaitytaknyga.lt\/en\/wp-json\/wp\/v2\/media?parent=18286"}],"wp:term":[{"taxonomy":"product_brand","embeddable":true,"href":"https:\/\/skaitytaknyga.lt\/en\/wp-json\/wp\/v2\/product_brand?post=18286"},{"taxonomy":"product_cat","embeddable":true,"href":"https:\/\/skaitytaknyga.lt\/en\/wp-json\/wp\/v2\/product_cat?post=18286"},{"taxonomy":"product_tag","embeddable":true,"href":"https:\/\/skaitytaknyga.lt\/en\/wp-json\/wp\/v2\/product_tag?post=18286"}],"curies":[{"name":"wp","href":"https:\/\/api.w.org\/{rel}","templated":true}]}}