{"id":18285,"date":"2025-05-13T10:16:30","date_gmt":"2025-05-13T07:16:30","guid":{"rendered":"https:\/\/skaitytaknyga.lt\/?post_type=product&#038;p=18285"},"modified":"2025-07-07T09:26:52","modified_gmt":"2025-07-07T06:26:52","slug":"tiesa-pasakius","status":"publish","type":"product","link":"https:\/\/skaitytaknyga.lt\/en\/produktas\/tiesa-pasakius\/","title":{"rendered":"Ties\u0105 pasakius"},"content":{"rendered":"<p>\u0160e\u0161i nepa\u017e\u012fstamieji ir viena juos vienijanti nepatogi gyvenimo tiesa&#8230;<\/p>\n<p>\u201eVisi meluoja apie savo gyvenim\u0105. Kas b\u016bt\u0173, jei, u\u017euot melav\u0119, sakytum\u0117t ties\u0105?&#8221; Ekscentri\u0161kas, bet labai vieni\u0161as menininkas D\u017eulianas D\u017eesopas \u0161\u012f klausim\u0105 u\u017era\u0161o savo \u017ealsvajame s\u0105siuvinyje, pavadina j\u012f \u201eNuo\u0161irdumo projektu&#8221; ir palieka jaukioje Monikos kavin\u0117je netoli nam\u0173. Suradusi D\u017euliano s\u0105siuvin\u012f ir jo \u012fkv\u0117pta, Monika atvirai u\u017era\u0161o savo istorij\u0105 ir pasiry\u017eta pad\u0117ti D\u017eulianui. Tik n\u0117 vienas nesitiki, kad tokie ma\u017ei gerumo gestai gali \u0161itaip pakeisti kit\u0173 \u017emoni\u0173 gyvenim\u0105&#8230;<\/p>\n<p>\u017dalsvasis s\u0105siuvinis keliauja i\u0161 rank\u0173 \u012f rankas po London\u0105, vieni\u0161i\u0173 miest\u0105, kol galiausiai \u0161e\u0161i nuo\u0161ird\u016bs, keisti, kartais juokingi, kartais skaud\u017eiai li\u016bdni nepa\u017e\u012fstamieji, \u017ealsvajame s\u0105siuvinyje i\u0161guld\u0119 slap\u010diausius savo i\u0161gyvenimus, susiburia Monikos kavin\u0117je. Jie visi savaip patirs, k\u0105 rei\u0161kia b\u016bti s\u0105\u017einingiems: kai kam bus lemta nusivilti, o kai kam \u2013 netik\u0117tai atrasti meil\u0119.<\/p>\n","protected":false},"excerpt":{"rendered":"<p>\u0160e\u0161i nepa\u017e\u012fstamieji ir viena juos vienijanti nepatogi gyvenimo tiesa&#8230; \u201eVisi meluoja apie savo gyvenim\u0105. Kas b\u016bt\u0173, jei, u\u017euot melav\u0119, sakytum\u0117t ties\u0105?&#8221; Ekscentri\u0161kas, bet labai vieni\u0161as menininkas D\u017eulianas D\u017eesopas \u0161\u012f klausim\u0105 u\u017era\u0161o savo \u017ealsvajame s\u0105siuvinyje, pavadina j\u012f \u201eNuo\u0161irdumo projektu&#8221; ir palieka jaukioje Monikos kavin\u0117je netoli nam\u0173. Suradusi D\u017euliano s\u0105siuvin\u012f ir jo \u012fkv\u0117pta, Monika atvirai u\u017era\u0161o savo istorij\u0105 ir pasiry\u017eta pad\u0117ti D\u017eulianui. Tik n\u0117 vienas nesitiki, kad tokie ma\u017ei gerumo gestai gali \u0161itaip pakeisti kit\u0173 \u017emoni\u0173 gyvenim\u0105&#8230; \u017dalsvasis s\u0105siuvinis keliauja i\u0161 rank\u0173 \u012f rankas po London\u0105, vieni\u0161i\u0173 miest\u0105, kol galiausiai \u0161e\u0161i nuo\u0161ird\u016bs, keisti, kartais juokingi, kartais skaud\u017eiai li\u016bdni nepa\u017e\u012fstamieji, \u017ealsvajame s\u0105siuvinyje i\u0161guld\u0119 slap\u010diausius savo i\u0161gyvenimus, susiburia Monikos kavin\u0117je. Jie visi savaip patirs, k\u0105 rei\u0161kia b\u016bti s\u0105\u017einingiems: kai kam bus lemta nusivilti, o kai kam \u2013 netik\u0117tai atrasti meil\u0119.<\/p>\n","protected":false},"featured_media":18323,"comment_status":"open","ping_status":"closed","template":"","meta":{"_acf_changed":false,"site-sidebar-layout":"default","site-content-layout":"","ast-site-content-layout":"default","site-content-style":"default","site-sidebar-style":"default","ast-global-header-display":"","ast-banner-title-visibility":"","ast-main-header-display":"","ast-hfb-above-header-display":"","ast-hfb-below-header-display":"","ast-hfb-mobile-header-display":"","site-post-title":"","ast-breadcrumbs-content":"","ast-featured-img":"","footer-sml-layout":"","ast-disable-related-posts":"","theme-transparent-header-meta":"","adv-header-id-meta":"","stick-header-meta":"","header-above-stick-meta":"","header-main-stick-meta":"","header-below-stick-meta":"","astra-migrate-meta-layouts":"default","ast-page-background-enabled":"default","ast-page-background-meta":{"desktop":{"background-color":"","background-image":"","background-repeat":"repeat","background-position":"center center","background-size":"auto","background-attachment":"scroll","background-type":"","background-media":"","overlay-type":"","overlay-color":"","overlay-opacity":"","overlay-gradient":""},"tablet":{"background-color":"","background-image":"","background-repeat":"repeat","background-position":"center center","background-size":"auto","background-attachment":"scroll","background-type":"","background-media":"","overlay-type":"","overlay-color":"","overlay-opacity":"","overlay-gradient":""},"mobile":{"background-color":"","background-image":"","background-repeat":"repeat","background-position":"center center","background-size":"auto","background-attachment":"scroll","background-type":"","background-media":"","overlay-type":"","overlay-color":"","overlay-opacity":"","overlay-gradient":""}},"ast-content-background-meta":{"desktop":{"background-color":"var(--ast-global-color-4)","background-image":"","background-repeat":"repeat","background-position":"center center","background-size":"auto","background-attachment":"scroll","background-type":"","background-media":"","overlay-type":"","overlay-color":"","overlay-opacity":"","overlay-gradient":""},"tablet":{"background-color":"var(--ast-global-color-4)","background-image":"","background-repeat":"repeat","background-position":"center center","background-size":"auto","background-attachment":"scroll","background-type":"","background-media":"","overlay-type":"","overlay-color":"","overlay-opacity":"","overlay-gradient":""},"mobile":{"background-color":"var(--ast-global-color-4)","background-image":"","background-repeat":"repeat","background-position":"center center","background-size":"auto","background-attachment":"scroll","background-type":"","background-media":"","overlay-type":"","overlay-color":"","overlay-opacity":"","overlay-gradient":""}}},"product_brand":[],"product_cat":[31],"product_tag":[2627,2316,1748,2628,1417],"class_list":{"0":"post-18285","1":"product","2":"type-product","3":"status-publish","4":"has-post-thumbnail","6":"product_cat-grozine-literatura","7":"product_tag-clare-pooley","8":"product_tag-gyvenimo-pasirinkimai","9":"product_tag-meiles-istorija","10":"product_tag-paslapties-atskleidimas","11":"product_tag-santykiai","12":"desktop-align-left","13":"tablet-align-left","14":"mobile-align-left","16":"first","17":"instock","18":"shipping-taxable","19":"purchasable","20":"product-type-simple"},"acf":[],"yoast_head":"<!-- This site is optimized with the Yoast SEO plugin v27.0 - https:\/\/yoast.com\/product\/yoast-seo-wordpress\/ -->\n<title>Ties\u0105 pasakius<\/title>\n<meta name=\"description\" content=\"\u0160e\u0161i nepa\u017e\u012fstamieji ir viena juos vienijanti nepatogi gyvenimo tiesa... \u201eVisi meluoja apie savo gyvenim\u0105. Kas b\u016bt\u0173, jei, u\u017euot melav\u0119, sakytum\u0117t ties\u0105?&quot;\" \/>\n<meta name=\"robots\" content=\"index, follow, max-snippet:-1, max-image-preview:large, max-video-preview:-1\" \/>\n<link rel=\"canonical\" href=\"https:\/\/skaitytaknyga.lt\/en\/produktas\/tiesa-pasakius\/\" \/>\n<meta property=\"og:locale\" content=\"en_GB\" \/>\n<meta property=\"og:locale:alternate\" content=\"lt_LT\" \/>\n<meta property=\"og:type\" content=\"article\" \/>\n<meta property=\"og:title\" content=\"Ties\u0105 pasakius\" \/>\n<meta property=\"og:description\" content=\"\u0160e\u0161i nepa\u017e\u012fstamieji ir viena juos vienijanti nepatogi gyvenimo tiesa... \u201eVisi meluoja apie savo gyvenim\u0105. Kas b\u016bt\u0173, jei, u\u017euot melav\u0119, sakytum\u0117t ties\u0105?&quot;\" \/>\n<meta property=\"og:url\" content=\"https:\/\/skaitytaknyga.lt\/en\/produktas\/tiesa-pasakius\/\" \/>\n<meta property=\"og:site_name\" content=\"Skaitytaknyga\" \/>\n<meta property=\"article:publisher\" content=\"https:\/\/www.facebook.com\/skaitytaknyga\/\" \/>\n<meta property=\"article:modified_time\" content=\"2025-07-07T06:26:52+00:00\" \/>\n<meta property=\"og:image\" content=\"https:\/\/skaitytaknyga.lt\/wp-content\/uploads\/2025\/05\/Tiesa-pasakius.webp\" \/>\n\t<meta property=\"og:image:width\" content=\"450\" \/>\n\t<meta property=\"og:image:height\" content=\"652\" \/>\n\t<meta property=\"og:image:type\" content=\"image\/webp\" \/>\n<meta name=\"twitter:card\" content=\"summary_large_image\" \/>\n<meta name=\"twitter:label1\" content=\"Estimated reading time\" \/>\n\t<meta name=\"twitter:data1\" content=\"1 minute\" \/>\n<script type=\"application\/ld+json\" class=\"yoast-schema-graph\">{\"@context\":\"https:\/\/schema.org\",\"@graph\":[{\"@type\":\"WebPage\",\"@id\":\"https:\/\/skaitytaknyga.lt\/produktas\/tiesa-pasakius\/\",\"url\":\"https:\/\/skaitytaknyga.lt\/produktas\/tiesa-pasakius\/\",\"name\":\"Ties\u0105 pasakius\",\"isPartOf\":{\"@id\":\"https:\/\/skaitytaknyga.lt\/#website\"},\"primaryImageOfPage\":{\"@id\":\"https:\/\/skaitytaknyga.lt\/produktas\/tiesa-pasakius\/#primaryimage\"},\"image\":{\"@id\":\"https:\/\/skaitytaknyga.lt\/produktas\/tiesa-pasakius\/#primaryimage\"},\"thumbnailUrl\":\"https:\/\/skaitytaknyga.lt\/wp-content\/uploads\/2025\/05\/Tiesa-pasakius.webp\",\"datePublished\":\"2025-05-13T07:16:30+00:00\",\"dateModified\":\"2025-07-07T06:26:52+00:00\",\"description\":\"\u0160e\u0161i nepa\u017e\u012fstamieji ir viena juos vienijanti nepatogi gyvenimo tiesa... \u201eVisi meluoja apie savo gyvenim\u0105. Kas b\u016bt\u0173, jei, u\u017euot melav\u0119, sakytum\u0117t ties\u0105?\\\"\",\"breadcrumb\":{\"@id\":\"https:\/\/skaitytaknyga.lt\/produktas\/tiesa-pasakius\/#breadcrumb\"},\"inLanguage\":\"en-GB\",\"potentialAction\":[{\"@type\":\"ReadAction\",\"target\":[\"https:\/\/skaitytaknyga.lt\/produktas\/tiesa-pasakius\/\"]}]},{\"@type\":\"ImageObject\",\"inLanguage\":\"en-GB\",\"@id\":\"https:\/\/skaitytaknyga.lt\/produktas\/tiesa-pasakius\/#primaryimage\",\"url\":\"https:\/\/skaitytaknyga.lt\/wp-content\/uploads\/2025\/05\/Tiesa-pasakius.webp\",\"contentUrl\":\"https:\/\/skaitytaknyga.lt\/wp-content\/uploads\/2025\/05\/Tiesa-pasakius.webp\",\"width\":450,\"height\":652,\"caption\":\"Ties\u0105 pasakius\"},{\"@type\":\"BreadcrumbList\",\"@id\":\"https:\/\/skaitytaknyga.lt\/produktas\/tiesa-pasakius\/#breadcrumb\",\"itemListElement\":[{\"@type\":\"ListItem\",\"position\":1,\"name\":\"Home\",\"item\":\"https:\/\/skaitytaknyga.lt\/\"},{\"@type\":\"ListItem\",\"position\":2,\"name\":\"Parduotuv\u0117\",\"item\":\"https:\/\/skaitytaknyga.lt\/knygu-parduotuve\/\"},{\"@type\":\"ListItem\",\"position\":3,\"name\":\"Ties\u0105 pasakius\"}]},{\"@type\":\"WebSite\",\"@id\":\"https:\/\/skaitytaknyga.lt\/#website\",\"url\":\"https:\/\/skaitytaknyga.lt\/\",\"name\":\"skaitytaknyga.lt\",\"description\":\"Skaitytaknyga.lt \u2013 tai ma\u017eas \u0161eimos verslas, kuris prasid\u0117jo nuo meil\u0117s knygoms ir siekio i\u0161gelb\u0117ti knygas nuo likimo prie konteinerio. Kas vienam nereikalingas daiktas \u2013 kitam lobis, o mes esame tarpininkai, kurie padeda abiems tapti laimingesniems ???? \u017dinome kaip nelengva i\u0161gyventi ma\u017eiems verslams, tad nuo \u0161iol, \u010dia rasite ir kit\u0173, ma\u017e\u0173 \u0161eim\u0173 versl\u0173, rank\u0173 darbo, dovan\u0173 sau ir artimiesiems.\",\"publisher\":{\"@id\":\"https:\/\/skaitytaknyga.lt\/#organization\"},\"potentialAction\":[{\"@type\":\"SearchAction\",\"target\":{\"@type\":\"EntryPoint\",\"urlTemplate\":\"https:\/\/skaitytaknyga.lt\/?s={search_term_string}\"},\"query-input\":{\"@type\":\"PropertyValueSpecification\",\"valueRequired\":true,\"valueName\":\"search_term_string\"}}],\"inLanguage\":\"en-GB\"},{\"@type\":\"Organization\",\"@id\":\"https:\/\/skaitytaknyga.lt\/#organization\",\"name\":\"skaitytaknyga.lt\",\"url\":\"https:\/\/skaitytaknyga.lt\/\",\"logo\":{\"@type\":\"ImageObject\",\"inLanguage\":\"en-GB\",\"@id\":\"https:\/\/skaitytaknyga.lt\/#\/schema\/logo\/image\/\",\"url\":\"https:\/\/skaitytaknyga.lt\/wp-content\/uploads\/2024\/05\/cropped-cropped-cropped-02_00843_jt3bggkj1j3HLc7SyY6rEUpg.jpeg\",\"contentUrl\":\"https:\/\/skaitytaknyga.lt\/wp-content\/uploads\/2024\/05\/cropped-cropped-cropped-02_00843_jt3bggkj1j3HLc7SyY6rEUpg.jpeg\",\"width\":1600,\"height\":1600,\"caption\":\"skaitytaknyga.lt\"},\"image\":{\"@id\":\"https:\/\/skaitytaknyga.lt\/#\/schema\/logo\/image\/\"},\"sameAs\":[\"https:\/\/www.facebook.com\/skaitytaknyga\/\"]}]}<\/script>\n<!-- \/ Yoast SEO plugin. -->","yoast_head_json":{"title":"Ties\u0105 pasakius","description":"\u0160e\u0161i nepa\u017e\u012fstamieji ir viena juos vienijanti nepatogi gyvenimo tiesa... \u201eVisi meluoja apie savo gyvenim\u0105. Kas b\u016bt\u0173, jei, u\u017euot melav\u0119, sakytum\u0117t ties\u0105?\"","robots":{"index":"index","follow":"follow","max-snippet":"max-snippet:-1","max-image-preview":"max-image-preview:large","max-video-preview":"max-video-preview:-1"},"canonical":"https:\/\/skaitytaknyga.lt\/en\/produktas\/tiesa-pasakius\/","og_locale":"en_GB","og_type":"article","og_title":"[:lt]Ties\u0105 pasakius[:] - Skaitytaknyga","og_description":"\u0160e\u0161i nepa\u017e\u012fstamieji ir viena juos vienijanti nepatogi gyvenimo tiesa... \u201eVisi meluoja apie savo gyvenim\u0105. Kas b\u016bt\u0173, jei, u\u017euot melav\u0119, sakytum\u0117t ties\u0105?\"","og_url":"https:\/\/skaitytaknyga.lt\/en\/produktas\/tiesa-pasakius\/","og_site_name":"Skaitytaknyga","article_publisher":"https:\/\/www.facebook.com\/skaitytaknyga\/","article_modified_time":"2025-07-07T06:26:52+00:00","og_image":[{"width":450,"height":652,"url":"https:\/\/skaitytaknyga.lt\/wp-content\/uploads\/2025\/05\/Tiesa-pasakius.webp","type":"image\/webp"}],"twitter_card":"summary_large_image","twitter_misc":{"Estimated reading time":"1 minute"},"schema":{"@context":"https:\/\/schema.org","@graph":[{"@type":"WebPage","@id":"https:\/\/skaitytaknyga.lt\/produktas\/tiesa-pasakius\/","url":"https:\/\/skaitytaknyga.lt\/produktas\/tiesa-pasakius\/","name":"Ties\u0105 pasakius","isPartOf":{"@id":"https:\/\/skaitytaknyga.lt\/#website"},"primaryImageOfPage":{"@id":"https:\/\/skaitytaknyga.lt\/produktas\/tiesa-pasakius\/#primaryimage"},"image":{"@id":"https:\/\/skaitytaknyga.lt\/produktas\/tiesa-pasakius\/#primaryimage"},"thumbnailUrl":"https:\/\/skaitytaknyga.lt\/wp-content\/uploads\/2025\/05\/Tiesa-pasakius.webp","datePublished":"2025-05-13T07:16:30+00:00","dateModified":"2025-07-07T06:26:52+00:00","description":"\u0160e\u0161i nepa\u017e\u012fstamieji ir viena juos vienijanti nepatogi gyvenimo tiesa... \u201eVisi meluoja apie savo gyvenim\u0105. Kas b\u016bt\u0173, jei, u\u017euot melav\u0119, sakytum\u0117t ties\u0105?\"","breadcrumb":{"@id":"https:\/\/skaitytaknyga.lt\/produktas\/tiesa-pasakius\/#breadcrumb"},"inLanguage":"en-GB","potentialAction":[{"@type":"ReadAction","target":["https:\/\/skaitytaknyga.lt\/produktas\/tiesa-pasakius\/"]}]},{"@type":"ImageObject","inLanguage":"en-GB","@id":"https:\/\/skaitytaknyga.lt\/produktas\/tiesa-pasakius\/#primaryimage","url":"https:\/\/skaitytaknyga.lt\/wp-content\/uploads\/2025\/05\/Tiesa-pasakius.webp","contentUrl":"https:\/\/skaitytaknyga.lt\/wp-content\/uploads\/2025\/05\/Tiesa-pasakius.webp","width":450,"height":652,"caption":"Ties\u0105 pasakius"},{"@type":"BreadcrumbList","@id":"https:\/\/skaitytaknyga.lt\/produktas\/tiesa-pasakius\/#breadcrumb","itemListElement":[{"@type":"ListItem","position":1,"name":"Home","item":"https:\/\/skaitytaknyga.lt\/"},{"@type":"ListItem","position":2,"name":"Parduotuv\u0117","item":"https:\/\/skaitytaknyga.lt\/knygu-parduotuve\/"},{"@type":"ListItem","position":3,"name":"Ties\u0105 pasakius"}]},{"@type":"WebSite","@id":"https:\/\/skaitytaknyga.lt\/#website","url":"https:\/\/skaitytaknyga.lt\/","name":"skaitytaknyga.lt","description":"Skaitytaknyga.lt \u2013 tai ma\u017eas \u0161eimos verslas, kuris prasid\u0117jo nuo meil\u0117s knygoms ir siekio i\u0161gelb\u0117ti knygas nuo likimo prie konteinerio. Kas vienam nereikalingas daiktas \u2013 kitam lobis, o mes esame tarpininkai, kurie padeda abiems tapti laimingesniems ???? \u017dinome kaip nelengva i\u0161gyventi ma\u017eiems verslams, tad nuo \u0161iol, \u010dia rasite ir kit\u0173, ma\u017e\u0173 \u0161eim\u0173 versl\u0173, rank\u0173 darbo, dovan\u0173 sau ir artimiesiems.","publisher":{"@id":"https:\/\/skaitytaknyga.lt\/#organization"},"potentialAction":[{"@type":"SearchAction","target":{"@type":"EntryPoint","urlTemplate":"https:\/\/skaitytaknyga.lt\/?s={search_term_string}"},"query-input":{"@type":"PropertyValueSpecification","valueRequired":true,"valueName":"search_term_string"}}],"inLanguage":"en-GB"},{"@type":"Organization","@id":"https:\/\/skaitytaknyga.lt\/#organization","name":"skaitytaknyga.lt","url":"https:\/\/skaitytaknyga.lt\/","logo":{"@type":"ImageObject","inLanguage":"en-GB","@id":"https:\/\/skaitytaknyga.lt\/#\/schema\/logo\/image\/","url":"https:\/\/skaitytaknyga.lt\/wp-content\/uploads\/2024\/05\/cropped-cropped-cropped-02_00843_jt3bggkj1j3HLc7SyY6rEUpg.jpeg","contentUrl":"https:\/\/skaitytaknyga.lt\/wp-content\/uploads\/2024\/05\/cropped-cropped-cropped-02_00843_jt3bggkj1j3HLc7SyY6rEUpg.jpeg","width":1600,"height":1600,"caption":"skaitytaknyga.lt"},"image":{"@id":"https:\/\/skaitytaknyga.lt\/#\/schema\/logo\/image\/"},"sameAs":["https:\/\/www.facebook.com\/skaitytaknyga\/"]}]}},"_links":{"self":[{"href":"https:\/\/skaitytaknyga.lt\/en\/wp-json\/wp\/v2\/product\/18285","targetHints":{"allow":["GET"]}}],"collection":[{"href":"https:\/\/skaitytaknyga.lt\/en\/wp-json\/wp\/v2\/product"}],"about":[{"href":"https:\/\/skaitytaknyga.lt\/en\/wp-json\/wp\/v2\/types\/product"}],"replies":[{"embeddable":true,"href":"https:\/\/skaitytaknyga.lt\/en\/wp-json\/wp\/v2\/comments?post=18285"}],"wp:featuredmedia":[{"embeddable":true,"href":"https:\/\/skaitytaknyga.lt\/en\/wp-json\/wp\/v2\/media\/18323"}],"wp:attachment":[{"href":"https:\/\/skaitytaknyga.lt\/en\/wp-json\/wp\/v2\/media?parent=18285"}],"wp:term":[{"taxonomy":"product_brand","embeddable":true,"href":"https:\/\/skaitytaknyga.lt\/en\/wp-json\/wp\/v2\/product_brand?post=18285"},{"taxonomy":"product_cat","embeddable":true,"href":"https:\/\/skaitytaknyga.lt\/en\/wp-json\/wp\/v2\/product_cat?post=18285"},{"taxonomy":"product_tag","embeddable":true,"href":"https:\/\/skaitytaknyga.lt\/en\/wp-json\/wp\/v2\/product_tag?post=18285"}],"curies":[{"name":"wp","href":"https:\/\/api.w.org\/{rel}","templated":true}]}}