{"id":18284,"date":"2025-05-13T10:16:30","date_gmt":"2025-05-13T07:16:30","guid":{"rendered":"https:\/\/skaitytaknyga.lt\/?post_type=product&#038;p=18284"},"modified":"2025-07-07T09:26:51","modified_gmt":"2025-07-07T06:26:51","slug":"golgotos-vynuoges","status":"publish","type":"product","link":"https:\/\/skaitytaknyga.lt\/en\/produktas\/golgotos-vynuoges\/","title":{"rendered":"Golgotos vynuog\u0117s"},"content":{"rendered":"<div>Viena i\u0161 knygos ra\u0161ymo paskat\u0173 \u2013 parodyti, kad malda gali gimti ne vien maldaknyg\u0117je, ji gimsta \u017emogaus \u0161irdyje. Tai gali \u012fvykti bet kada, bet kur. Kiekvienas \u017emogus paj\u0117gus pats ie\u0161koti savo maldos \u017eod\u017ei\u0173. Svarbiausia \u2013 nuo\u0161irdumas renkantis maldos form\u0105.<\/div>\n<div><\/div>\n<div>Knygoje atveriu savo \u0161irdies slaptaviet\u0119, kurioje am\u017einai liks gyvi susitikimai su Broniumi Radzevi\u010diumi, Viliumi Orvydu, Algirdu Verba, Marija Gimbutiene ir neprilygstama asmenybe \u2013 akla vienuole sta\u010diatike motina Sergija bei jos bendrakeleive motina Filareta.<\/div>\n<div><\/div>\n<div>Visi jie \u0161iandien yra Golgotos vynuogynas&#8230;<\/div>\n<div><\/div>\n<div>***<\/div>\n<div><\/div>\n<div>\u201eGolgotos vynuog\u0117s\u201c yra pirmoji knyga i\u0161 ciklo, kuriame gvildenami Dievo ir \u017emogaus santykiai.<\/div>\n<div><\/div>\n<div>\u0160\u012f cikl\u0105 t\u0119sia romanai:<\/div>\n<div>\u201eMarija Egiptiet\u0117\u201c (2002)<\/div>\n<div>\u201eDievas mir\u0161ta vieni\u0161as\u201c (2003)<\/div>\n<div>\u201eSenis, arba lai\u0161kai Antikristui\u201c (2009)<\/div>\n","protected":false},"excerpt":{"rendered":"<p>Viena i\u0161 knygos ra\u0161ymo paskat\u0173 \u2013 parodyti, kad malda gali gimti ne vien maldaknyg\u0117je, ji gimsta \u017emogaus \u0161irdyje. Tai gali \u012fvykti bet kada, bet kur. Kiekvienas \u017emogus paj\u0117gus pats ie\u0161koti savo maldos \u017eod\u017ei\u0173. Svarbiausia \u2013 nuo\u0161irdumas renkantis maldos form\u0105. Knygoje atveriu savo \u0161irdies slaptaviet\u0119, kurioje am\u017einai liks gyvi susitikimai su Broniumi Radzevi\u010diumi, Viliumi Orvydu, Algirdu Verba, Marija Gimbutiene ir neprilygstama asmenybe \u2013 akla vienuole sta\u010diatike motina Sergija bei jos bendrakeleive motina Filareta. Visi jie \u0161iandien yra Golgotos vynuogynas&#8230; *** \u201eGolgotos vynuog\u0117s\u201c yra pirmoji knyga i\u0161 ciklo, kuriame gvildenami Dievo ir \u017emogaus santykiai. \u0160\u012f cikl\u0105 t\u0119sia romanai: \u201eMarija Egiptiet\u0117\u201c (2002) \u201eDievas mir\u0161ta vieni\u0161as\u201c (2003) \u201eSenis, arba lai\u0161kai Antikristui\u201c (2009)<\/p>\n","protected":false},"featured_media":18304,"comment_status":"open","ping_status":"closed","template":"","meta":{"_acf_changed":false,"site-sidebar-layout":"default","site-content-layout":"","ast-site-content-layout":"default","site-content-style":"default","site-sidebar-style":"default","ast-global-header-display":"","ast-banner-title-visibility":"","ast-main-header-display":"","ast-hfb-above-header-display":"","ast-hfb-below-header-display":"","ast-hfb-mobile-header-display":"","site-post-title":"","ast-breadcrumbs-content":"","ast-featured-img":"","footer-sml-layout":"","ast-disable-related-posts":"","theme-transparent-header-meta":"","adv-header-id-meta":"","stick-header-meta":"","header-above-stick-meta":"","header-main-stick-meta":"","header-below-stick-meta":"","astra-migrate-meta-layouts":"default","ast-page-background-enabled":"default","ast-page-background-meta":{"desktop":{"background-color":"","background-image":"","background-repeat":"repeat","background-position":"center center","background-size":"auto","background-attachment":"scroll","background-type":"","background-media":"","overlay-type":"","overlay-color":"","overlay-opacity":"","overlay-gradient":""},"tablet":{"background-color":"","background-image":"","background-repeat":"repeat","background-position":"center center","background-size":"auto","background-attachment":"scroll","background-type":"","background-media":"","overlay-type":"","overlay-color":"","overlay-opacity":"","overlay-gradient":""},"mobile":{"background-color":"","background-image":"","background-repeat":"repeat","background-position":"center center","background-size":"auto","background-attachment":"scroll","background-type":"","background-media":"","overlay-type":"","overlay-color":"","overlay-opacity":"","overlay-gradient":""}},"ast-content-background-meta":{"desktop":{"background-color":"var(--ast-global-color-4)","background-image":"","background-repeat":"repeat","background-position":"center center","background-size":"auto","background-attachment":"scroll","background-type":"","background-media":"","overlay-type":"","overlay-color":"","overlay-opacity":"","overlay-gradient":""},"tablet":{"background-color":"var(--ast-global-color-4)","background-image":"","background-repeat":"repeat","background-position":"center center","background-size":"auto","background-attachment":"scroll","background-type":"","background-media":"","overlay-type":"","overlay-color":"","overlay-opacity":"","overlay-gradient":""},"mobile":{"background-color":"var(--ast-global-color-4)","background-image":"","background-repeat":"repeat","background-position":"center center","background-size":"auto","background-attachment":"scroll","background-type":"","background-media":"","overlay-type":"","overlay-color":"","overlay-opacity":"","overlay-gradient":""}}},"product_brand":[],"product_cat":[31],"product_tag":[2224,2626,1744,2444,2211],"class_list":{"0":"post-18284","1":"product","2":"type-product","3":"status-publish","4":"has-post-thumbnail","6":"product_cat-grozine-literatura","7":"product_tag-istorija","8":"product_tag-kovos-uz-laisve","9":"product_tag-lietuviu-literatura","10":"product_tag-patriotizmas","11":"product_tag-vidmante-jasukaityte","12":"desktop-align-left","13":"tablet-align-left","14":"mobile-align-left","16":"first","17":"instock","18":"shipping-taxable","19":"product-type-simple"},"acf":[],"yoast_head":"<!-- This site is optimized with the Yoast SEO plugin v27.0 - https:\/\/yoast.com\/product\/yoast-seo-wordpress\/ -->\n<title>Golgotos vynuog\u0117s<\/title>\n<meta name=\"description\" content=\"Viena i\u0161 knygos ra\u0161ymo paskat\u0173 \u2013 parodyti, kad malda gali gimti ne vien maldaknyg\u0117je, ji gimsta \u017emogaus \u0161irdyje. Tai gali \u012fvykti bet kada, bet kur.\" \/>\n<meta name=\"robots\" content=\"index, follow, max-snippet:-1, max-image-preview:large, max-video-preview:-1\" \/>\n<link rel=\"canonical\" href=\"https:\/\/skaitytaknyga.lt\/en\/produktas\/golgotos-vynuoges\/\" \/>\n<meta property=\"og:locale\" content=\"en_GB\" \/>\n<meta property=\"og:locale:alternate\" content=\"lt_LT\" \/>\n<meta property=\"og:type\" content=\"article\" \/>\n<meta property=\"og:title\" content=\"Golgotos vynuog\u0117s\" \/>\n<meta property=\"og:description\" content=\"Viena i\u0161 knygos ra\u0161ymo paskat\u0173 \u2013 parodyti, kad malda gali gimti ne vien maldaknyg\u0117je, ji gimsta \u017emogaus \u0161irdyje. Tai gali \u012fvykti bet kada, bet kur.\" \/>\n<meta property=\"og:url\" content=\"https:\/\/skaitytaknyga.lt\/en\/produktas\/golgotos-vynuoges\/\" \/>\n<meta property=\"og:site_name\" content=\"Skaitytaknyga\" \/>\n<meta property=\"article:publisher\" content=\"https:\/\/www.facebook.com\/skaitytaknyga\/\" \/>\n<meta property=\"article:modified_time\" content=\"2025-07-07T06:26:51+00:00\" \/>\n<meta property=\"og:image\" content=\"https:\/\/skaitytaknyga.lt\/wp-content\/uploads\/2025\/05\/Golgotos-vynuoges.webp\" \/>\n\t<meta property=\"og:image:width\" content=\"601\" \/>\n\t<meta property=\"og:image:height\" content=\"801\" \/>\n\t<meta property=\"og:image:type\" content=\"image\/webp\" \/>\n<meta name=\"twitter:card\" content=\"summary_large_image\" \/>\n<meta name=\"twitter:label1\" content=\"Estimated reading time\" \/>\n\t<meta name=\"twitter:data1\" content=\"1 minute\" \/>\n<script type=\"application\/ld+json\" class=\"yoast-schema-graph\">{\"@context\":\"https:\/\/schema.org\",\"@graph\":[{\"@type\":\"WebPage\",\"@id\":\"https:\/\/skaitytaknyga.lt\/produktas\/golgotos-vynuoges\/\",\"url\":\"https:\/\/skaitytaknyga.lt\/produktas\/golgotos-vynuoges\/\",\"name\":\"Golgotos vynuog\u0117s\",\"isPartOf\":{\"@id\":\"https:\/\/skaitytaknyga.lt\/#website\"},\"primaryImageOfPage\":{\"@id\":\"https:\/\/skaitytaknyga.lt\/produktas\/golgotos-vynuoges\/#primaryimage\"},\"image\":{\"@id\":\"https:\/\/skaitytaknyga.lt\/produktas\/golgotos-vynuoges\/#primaryimage\"},\"thumbnailUrl\":\"https:\/\/skaitytaknyga.lt\/wp-content\/uploads\/2025\/05\/Golgotos-vynuoges.webp\",\"datePublished\":\"2025-05-13T07:16:30+00:00\",\"dateModified\":\"2025-07-07T06:26:51+00:00\",\"description\":\"Viena i\u0161 knygos ra\u0161ymo paskat\u0173 \u2013 parodyti, kad malda gali gimti ne vien maldaknyg\u0117je, ji gimsta \u017emogaus \u0161irdyje. Tai gali \u012fvykti bet kada, bet kur.\",\"breadcrumb\":{\"@id\":\"https:\/\/skaitytaknyga.lt\/produktas\/golgotos-vynuoges\/#breadcrumb\"},\"inLanguage\":\"en-GB\",\"potentialAction\":[{\"@type\":\"ReadAction\",\"target\":[\"https:\/\/skaitytaknyga.lt\/produktas\/golgotos-vynuoges\/\"]}]},{\"@type\":\"ImageObject\",\"inLanguage\":\"en-GB\",\"@id\":\"https:\/\/skaitytaknyga.lt\/produktas\/golgotos-vynuoges\/#primaryimage\",\"url\":\"https:\/\/skaitytaknyga.lt\/wp-content\/uploads\/2025\/05\/Golgotos-vynuoges.webp\",\"contentUrl\":\"https:\/\/skaitytaknyga.lt\/wp-content\/uploads\/2025\/05\/Golgotos-vynuoges.webp\",\"width\":601,\"height\":801,\"caption\":\"Golgotos vynuog\u0117s\"},{\"@type\":\"BreadcrumbList\",\"@id\":\"https:\/\/skaitytaknyga.lt\/produktas\/golgotos-vynuoges\/#breadcrumb\",\"itemListElement\":[{\"@type\":\"ListItem\",\"position\":1,\"name\":\"Home\",\"item\":\"https:\/\/skaitytaknyga.lt\/\"},{\"@type\":\"ListItem\",\"position\":2,\"name\":\"Parduotuv\u0117\",\"item\":\"https:\/\/skaitytaknyga.lt\/knygu-parduotuve\/\"},{\"@type\":\"ListItem\",\"position\":3,\"name\":\"Golgotos vynuog\u0117s\"}]},{\"@type\":\"WebSite\",\"@id\":\"https:\/\/skaitytaknyga.lt\/#website\",\"url\":\"https:\/\/skaitytaknyga.lt\/\",\"name\":\"skaitytaknyga.lt\",\"description\":\"Skaitytaknyga.lt \u2013 tai ma\u017eas \u0161eimos verslas, kuris prasid\u0117jo nuo meil\u0117s knygoms ir siekio i\u0161gelb\u0117ti knygas nuo likimo prie konteinerio. Kas vienam nereikalingas daiktas \u2013 kitam lobis, o mes esame tarpininkai, kurie padeda abiems tapti laimingesniems ???? \u017dinome kaip nelengva i\u0161gyventi ma\u017eiems verslams, tad nuo \u0161iol, \u010dia rasite ir kit\u0173, ma\u017e\u0173 \u0161eim\u0173 versl\u0173, rank\u0173 darbo, dovan\u0173 sau ir artimiesiems.\",\"publisher\":{\"@id\":\"https:\/\/skaitytaknyga.lt\/#organization\"},\"potentialAction\":[{\"@type\":\"SearchAction\",\"target\":{\"@type\":\"EntryPoint\",\"urlTemplate\":\"https:\/\/skaitytaknyga.lt\/?s={search_term_string}\"},\"query-input\":{\"@type\":\"PropertyValueSpecification\",\"valueRequired\":true,\"valueName\":\"search_term_string\"}}],\"inLanguage\":\"en-GB\"},{\"@type\":\"Organization\",\"@id\":\"https:\/\/skaitytaknyga.lt\/#organization\",\"name\":\"skaitytaknyga.lt\",\"url\":\"https:\/\/skaitytaknyga.lt\/\",\"logo\":{\"@type\":\"ImageObject\",\"inLanguage\":\"en-GB\",\"@id\":\"https:\/\/skaitytaknyga.lt\/#\/schema\/logo\/image\/\",\"url\":\"https:\/\/skaitytaknyga.lt\/wp-content\/uploads\/2024\/05\/cropped-cropped-cropped-02_00843_jt3bggkj1j3HLc7SyY6rEUpg.jpeg\",\"contentUrl\":\"https:\/\/skaitytaknyga.lt\/wp-content\/uploads\/2024\/05\/cropped-cropped-cropped-02_00843_jt3bggkj1j3HLc7SyY6rEUpg.jpeg\",\"width\":1600,\"height\":1600,\"caption\":\"skaitytaknyga.lt\"},\"image\":{\"@id\":\"https:\/\/skaitytaknyga.lt\/#\/schema\/logo\/image\/\"},\"sameAs\":[\"https:\/\/www.facebook.com\/skaitytaknyga\/\"]}]}<\/script>\n<!-- \/ Yoast SEO plugin. -->","yoast_head_json":{"title":"Golgotos vynuog\u0117s","description":"Viena i\u0161 knygos ra\u0161ymo paskat\u0173 \u2013 parodyti, kad malda gali gimti ne vien maldaknyg\u0117je, ji gimsta \u017emogaus \u0161irdyje. Tai gali \u012fvykti bet kada, bet kur.","robots":{"index":"index","follow":"follow","max-snippet":"max-snippet:-1","max-image-preview":"max-image-preview:large","max-video-preview":"max-video-preview:-1"},"canonical":"https:\/\/skaitytaknyga.lt\/en\/produktas\/golgotos-vynuoges\/","og_locale":"en_GB","og_type":"article","og_title":"[:lt]Golgotos vynuog\u0117s[:] - Skaitytaknyga","og_description":"Viena i\u0161 knygos ra\u0161ymo paskat\u0173 \u2013 parodyti, kad malda gali gimti ne vien maldaknyg\u0117je, ji gimsta \u017emogaus \u0161irdyje. Tai gali \u012fvykti bet kada, bet kur.","og_url":"https:\/\/skaitytaknyga.lt\/en\/produktas\/golgotos-vynuoges\/","og_site_name":"Skaitytaknyga","article_publisher":"https:\/\/www.facebook.com\/skaitytaknyga\/","article_modified_time":"2025-07-07T06:26:51+00:00","og_image":[{"width":601,"height":801,"url":"https:\/\/skaitytaknyga.lt\/wp-content\/uploads\/2025\/05\/Golgotos-vynuoges.webp","type":"image\/webp"}],"twitter_card":"summary_large_image","twitter_misc":{"Estimated reading time":"1 minute"},"schema":{"@context":"https:\/\/schema.org","@graph":[{"@type":"WebPage","@id":"https:\/\/skaitytaknyga.lt\/produktas\/golgotos-vynuoges\/","url":"https:\/\/skaitytaknyga.lt\/produktas\/golgotos-vynuoges\/","name":"Golgotos vynuog\u0117s","isPartOf":{"@id":"https:\/\/skaitytaknyga.lt\/#website"},"primaryImageOfPage":{"@id":"https:\/\/skaitytaknyga.lt\/produktas\/golgotos-vynuoges\/#primaryimage"},"image":{"@id":"https:\/\/skaitytaknyga.lt\/produktas\/golgotos-vynuoges\/#primaryimage"},"thumbnailUrl":"https:\/\/skaitytaknyga.lt\/wp-content\/uploads\/2025\/05\/Golgotos-vynuoges.webp","datePublished":"2025-05-13T07:16:30+00:00","dateModified":"2025-07-07T06:26:51+00:00","description":"Viena i\u0161 knygos ra\u0161ymo paskat\u0173 \u2013 parodyti, kad malda gali gimti ne vien maldaknyg\u0117je, ji gimsta \u017emogaus \u0161irdyje. Tai gali \u012fvykti bet kada, bet kur.","breadcrumb":{"@id":"https:\/\/skaitytaknyga.lt\/produktas\/golgotos-vynuoges\/#breadcrumb"},"inLanguage":"en-GB","potentialAction":[{"@type":"ReadAction","target":["https:\/\/skaitytaknyga.lt\/produktas\/golgotos-vynuoges\/"]}]},{"@type":"ImageObject","inLanguage":"en-GB","@id":"https:\/\/skaitytaknyga.lt\/produktas\/golgotos-vynuoges\/#primaryimage","url":"https:\/\/skaitytaknyga.lt\/wp-content\/uploads\/2025\/05\/Golgotos-vynuoges.webp","contentUrl":"https:\/\/skaitytaknyga.lt\/wp-content\/uploads\/2025\/05\/Golgotos-vynuoges.webp","width":601,"height":801,"caption":"Golgotos vynuog\u0117s"},{"@type":"BreadcrumbList","@id":"https:\/\/skaitytaknyga.lt\/produktas\/golgotos-vynuoges\/#breadcrumb","itemListElement":[{"@type":"ListItem","position":1,"name":"Home","item":"https:\/\/skaitytaknyga.lt\/"},{"@type":"ListItem","position":2,"name":"Parduotuv\u0117","item":"https:\/\/skaitytaknyga.lt\/knygu-parduotuve\/"},{"@type":"ListItem","position":3,"name":"Golgotos vynuog\u0117s"}]},{"@type":"WebSite","@id":"https:\/\/skaitytaknyga.lt\/#website","url":"https:\/\/skaitytaknyga.lt\/","name":"skaitytaknyga.lt","description":"Skaitytaknyga.lt \u2013 tai ma\u017eas \u0161eimos verslas, kuris prasid\u0117jo nuo meil\u0117s knygoms ir siekio i\u0161gelb\u0117ti knygas nuo likimo prie konteinerio. Kas vienam nereikalingas daiktas \u2013 kitam lobis, o mes esame tarpininkai, kurie padeda abiems tapti laimingesniems ???? \u017dinome kaip nelengva i\u0161gyventi ma\u017eiems verslams, tad nuo \u0161iol, \u010dia rasite ir kit\u0173, ma\u017e\u0173 \u0161eim\u0173 versl\u0173, rank\u0173 darbo, dovan\u0173 sau ir artimiesiems.","publisher":{"@id":"https:\/\/skaitytaknyga.lt\/#organization"},"potentialAction":[{"@type":"SearchAction","target":{"@type":"EntryPoint","urlTemplate":"https:\/\/skaitytaknyga.lt\/?s={search_term_string}"},"query-input":{"@type":"PropertyValueSpecification","valueRequired":true,"valueName":"search_term_string"}}],"inLanguage":"en-GB"},{"@type":"Organization","@id":"https:\/\/skaitytaknyga.lt\/#organization","name":"skaitytaknyga.lt","url":"https:\/\/skaitytaknyga.lt\/","logo":{"@type":"ImageObject","inLanguage":"en-GB","@id":"https:\/\/skaitytaknyga.lt\/#\/schema\/logo\/image\/","url":"https:\/\/skaitytaknyga.lt\/wp-content\/uploads\/2024\/05\/cropped-cropped-cropped-02_00843_jt3bggkj1j3HLc7SyY6rEUpg.jpeg","contentUrl":"https:\/\/skaitytaknyga.lt\/wp-content\/uploads\/2024\/05\/cropped-cropped-cropped-02_00843_jt3bggkj1j3HLc7SyY6rEUpg.jpeg","width":1600,"height":1600,"caption":"skaitytaknyga.lt"},"image":{"@id":"https:\/\/skaitytaknyga.lt\/#\/schema\/logo\/image\/"},"sameAs":["https:\/\/www.facebook.com\/skaitytaknyga\/"]}]}},"_links":{"self":[{"href":"https:\/\/skaitytaknyga.lt\/en\/wp-json\/wp\/v2\/product\/18284","targetHints":{"allow":["GET"]}}],"collection":[{"href":"https:\/\/skaitytaknyga.lt\/en\/wp-json\/wp\/v2\/product"}],"about":[{"href":"https:\/\/skaitytaknyga.lt\/en\/wp-json\/wp\/v2\/types\/product"}],"replies":[{"embeddable":true,"href":"https:\/\/skaitytaknyga.lt\/en\/wp-json\/wp\/v2\/comments?post=18284"}],"wp:featuredmedia":[{"embeddable":true,"href":"https:\/\/skaitytaknyga.lt\/en\/wp-json\/wp\/v2\/media\/18304"}],"wp:attachment":[{"href":"https:\/\/skaitytaknyga.lt\/en\/wp-json\/wp\/v2\/media?parent=18284"}],"wp:term":[{"taxonomy":"product_brand","embeddable":true,"href":"https:\/\/skaitytaknyga.lt\/en\/wp-json\/wp\/v2\/product_brand?post=18284"},{"taxonomy":"product_cat","embeddable":true,"href":"https:\/\/skaitytaknyga.lt\/en\/wp-json\/wp\/v2\/product_cat?post=18284"},{"taxonomy":"product_tag","embeddable":true,"href":"https:\/\/skaitytaknyga.lt\/en\/wp-json\/wp\/v2\/product_tag?post=18284"}],"curies":[{"name":"wp","href":"https:\/\/api.w.org\/{rel}","templated":true}]}}