{"id":18282,"date":"2025-05-13T10:16:30","date_gmt":"2025-05-13T07:16:30","guid":{"rendered":"https:\/\/skaitytaknyga.lt\/?post_type=product&#038;p=18282"},"modified":"2025-11-20T14:22:39","modified_gmt":"2025-11-20T12:22:39","slug":"vejo-nubloksti-2-d","status":"publish","type":"product","link":"https:\/\/skaitytaknyga.lt\/en\/produktas\/vejo-nubloksti-2-d\/","title":{"rendered":"V\u0117jo nublok\u0161ti, 2 d."},"content":{"rendered":"<p><strong>Antroji knygos dalis<\/strong><\/p>\n<p>Gav\u0119s rankra\u0161t\u012f, pirmasis knygos \u201eV\u0117jo nublok\u0161ti&#8221; leid\u0117jas ra\u0161ytojos paklaus\u0117, apie k\u0105 ji \u0161ioje knygoje ra\u0161\u0117. M. Mitchell atsak\u0117: \u201eJei \u0161is romanas turi tem\u0105, tai ji yra geb\u0117jimas i\u0161likti. Kaip atsitinka, kad vieni \u017emones atlaiko katastrofas, o kiti, tokie pat paj\u0117g\u016bs, stipr\u016bs ir nars\u016bs, neatlaiko? \u0160itai vyksta per kiekvien\u0105 suirut\u0119. Vieni \u017emon\u0117s i\u0161tveria, o kiti &#8211; ne. Kokiomis savyb\u0117mis apdovanoti tie, kurie triumfuodami prasiskina keli\u0105, ir koki\u0173 stokoja tie, kurie pal\u016b\u017eta? \u017dinau tik tiek, kad i\u0161likusieji \u0161i\u0105 savyb\u0119 vadina sumanumu. Tai a\u0161 ir para\u0161iau apie tuos, kurie sumanumo tur\u0117jo, ir apie tuos, kurie jo netur\u0117jo.&#8221;<\/p>\n<p>\u201eV\u0117jo nublok\u0161ti&#8221; pasakoja apie meil\u0119 ir kar\u0105, i\u0161davyst\u0119 ir i\u0161tikimyb\u0119, \u017eiaurum\u0105 ir tikr\u0105j\u012f gyvenimo gro\u017e\u012f. \u0160i knyga yra viena i\u0161 t\u0173, prie kuri\u0173 po daugelio met\u0173 sugr\u012f\u017eti ir v\u0117l patiri susitikimo d\u017eiaugsm\u0105. Romanas ne tik apkeri nenusp\u0117jamomis meil\u0117s intrigomis, bet ir sukre\u010dia istorini\u0173 \u012fvyki\u0173 vaizdavimu. Ry\u0161kiai nupie\u0161dama pagrindinius charakterius &#8211; nenugalim\u0105j\u0105 gle\u017en\u0173 petuk\u0173 Skarlet ir \u012fsp\u016bding\u0105 aroganti\u0161k\u0105j\u012f Ret\u0105 &#8211; Margaret Mitchell ne tik pateik\u0117 nesenstan\u010di\u0105 istorij\u0105 apie i\u0161likim\u0105 \u017eiauriausiomis aplinkyb\u0117mis. Ji suk\u016br\u0117 kone \u017eymiausius \u012fsimyl\u0117j\u0117lius nuo \u201eRomeo ir D\u017euljetos&#8221; laik\u0173.<\/p>\n<p>U\u017e \u0161i\u0105 knyg\u0105 M. Mitchell peln\u0117 pasaulin\u012f pripa\u017einim\u0105 ir presti\u017ein\u0119 Pulitzerio premij\u0105.<\/p>\n","protected":false},"excerpt":{"rendered":"<p>Antroji knygos dalis Gav\u0119s rankra\u0161t\u012f, pirmasis knygos \u201eV\u0117jo nublok\u0161ti&#8221; leid\u0117jas ra\u0161ytojos paklaus\u0117, apie k\u0105 ji \u0161ioje knygoje ra\u0161\u0117. M. Mitchell atsak\u0117: \u201eJei \u0161is romanas turi tem\u0105, tai ji yra geb\u0117jimas i\u0161likti. Kaip atsitinka, kad vieni \u017emones atlaiko katastrofas, o kiti, tokie pat paj\u0117g\u016bs, stipr\u016bs ir nars\u016bs, neatlaiko? \u0160itai vyksta per kiekvien\u0105 suirut\u0119. Vieni \u017emon\u0117s i\u0161tveria, o kiti &#8211; ne. Kokiomis savyb\u0117mis apdovanoti tie, kurie triumfuodami prasiskina keli\u0105, ir koki\u0173 stokoja tie, kurie pal\u016b\u017eta? \u017dinau tik tiek, kad i\u0161likusieji \u0161i\u0105 savyb\u0119 vadina sumanumu. Tai a\u0161 ir para\u0161iau apie tuos, kurie sumanumo tur\u0117jo, ir apie tuos, kurie jo netur\u0117jo.&#8221; \u201eV\u0117jo nublok\u0161ti&#8221; pasakoja apie meil\u0119 ir kar\u0105, i\u0161davyst\u0119 ir i\u0161tikimyb\u0119, \u017eiaurum\u0105 ir tikr\u0105j\u012f gyvenimo gro\u017e\u012f. \u0160i knyga yra viena i\u0161 t\u0173, prie kuri\u0173 po daugelio met\u0173 sugr\u012f\u017eti ir v\u0117l patiri susitikimo d\u017eiaugsm\u0105. Romanas ne tik apkeri nenusp\u0117jamomis meil\u0117s intrigomis, bet ir sukre\u010dia istorini\u0173 \u012fvyki\u0173 vaizdavimu. Ry\u0161kiai nupie\u0161dama pagrindinius charakterius &#8211; nenugalim\u0105j\u0105 gle\u017en\u0173 petuk\u0173 Skarlet ir \u012fsp\u016bding\u0105 aroganti\u0161k\u0105j\u012f Ret\u0105 &#8211; Margaret Mitchell ne tik pateik\u0117 nesenstan\u010di\u0105 istorij\u0105 apie i\u0161likim\u0105 \u017eiauriausiomis aplinkyb\u0117mis. Ji suk\u016br\u0117 kone \u017eymiausius \u012fsimyl\u0117j\u0117lius nuo \u201eRomeo ir D\u017euljetos&#8221; laik\u0173. U\u017e \u0161i\u0105 knyg\u0105 M. Mitchell peln\u0117 pasaulin\u012f pripa\u017einim\u0105 ir presti\u017ein\u0119 Pulitzerio premij\u0105.<\/p>\n","protected":false},"featured_media":18292,"comment_status":"open","ping_status":"closed","template":"","meta":{"_acf_changed":false,"site-sidebar-layout":"default","site-content-layout":"","ast-site-content-layout":"default","site-content-style":"default","site-sidebar-style":"default","ast-global-header-display":"","ast-banner-title-visibility":"","ast-main-header-display":"","ast-hfb-above-header-display":"","ast-hfb-below-header-display":"","ast-hfb-mobile-header-display":"","site-post-title":"","ast-breadcrumbs-content":"","ast-featured-img":"","footer-sml-layout":"","ast-disable-related-posts":"","theme-transparent-header-meta":"","adv-header-id-meta":"","stick-header-meta":"","header-above-stick-meta":"","header-main-stick-meta":"","header-below-stick-meta":"","astra-migrate-meta-layouts":"default","ast-page-background-enabled":"default","ast-page-background-meta":{"desktop":{"background-color":"","background-image":"","background-repeat":"repeat","background-position":"center center","background-size":"auto","background-attachment":"scroll","background-type":"","background-media":"","overlay-type":"","overlay-color":"","overlay-opacity":"","overlay-gradient":""},"tablet":{"background-color":"","background-image":"","background-repeat":"repeat","background-position":"center center","background-size":"auto","background-attachment":"scroll","background-type":"","background-media":"","overlay-type":"","overlay-color":"","overlay-opacity":"","overlay-gradient":""},"mobile":{"background-color":"","background-image":"","background-repeat":"repeat","background-position":"center center","background-size":"auto","background-attachment":"scroll","background-type":"","background-media":"","overlay-type":"","overlay-color":"","overlay-opacity":"","overlay-gradient":""}},"ast-content-background-meta":{"desktop":{"background-color":"var(--ast-global-color-4)","background-image":"","background-repeat":"repeat","background-position":"center center","background-size":"auto","background-attachment":"scroll","background-type":"","background-media":"","overlay-type":"","overlay-color":"","overlay-opacity":"","overlay-gradient":""},"tablet":{"background-color":"var(--ast-global-color-4)","background-image":"","background-repeat":"repeat","background-position":"center center","background-size":"auto","background-attachment":"scroll","background-type":"","background-media":"","overlay-type":"","overlay-color":"","overlay-opacity":"","overlay-gradient":""},"mobile":{"background-color":"var(--ast-global-color-4)","background-image":"","background-repeat":"repeat","background-position":"center center","background-size":"auto","background-attachment":"scroll","background-type":"","background-media":"","overlay-type":"","overlay-color":"","overlay-opacity":"","overlay-gradient":""}}},"product_brand":[],"product_cat":[31],"product_tag":[2069,2149,1437,2150,2146,1748],"class_list":{"0":"post-18282","1":"product","2":"type-product","3":"status-publish","4":"has-post-thumbnail","6":"product_cat-grozine-literatura","7":"product_tag-istorinis-romanas","8":"product_tag-jav-pilietinis-karas","9":"product_tag-klasika","10":"product_tag-literaturos-sedevras","11":"product_tag-margaret-mitchell","12":"product_tag-meiles-istorija","13":"desktop-align-left","14":"tablet-align-left","15":"mobile-align-left","17":"first","18":"outofstock","19":"shipping-taxable","20":"purchasable","21":"product-type-simple"},"acf":[],"yoast_head":"<!-- This site is optimized with the Yoast SEO plugin v27.0 - https:\/\/yoast.com\/product\/yoast-seo-wordpress\/ -->\n<title>V\u0117jo nublok\u0161ti, 2 d.<\/title>\n<meta name=\"description\" content=\"Antroji knygos dalis Gav\u0119s rankra\u0161t\u012f, pirmasis knygos \u201eV\u0117jo nublok\u0161ti&quot; leid\u0117jas ra\u0161ytojos paklaus\u0117, apie k\u0105 ji \u0161ioje knygoje ra\u0161\u0117. M. Mitchell atsak\u0117:\" \/>\n<meta name=\"robots\" content=\"index, follow, max-snippet:-1, max-image-preview:large, max-video-preview:-1\" \/>\n<link rel=\"canonical\" href=\"https:\/\/skaitytaknyga.lt\/en\/produktas\/vejo-nubloksti-2-d\/\" \/>\n<meta property=\"og:locale\" content=\"en_GB\" \/>\n<meta property=\"og:locale:alternate\" content=\"lt_LT\" \/>\n<meta property=\"og:type\" content=\"article\" \/>\n<meta property=\"og:title\" content=\"V\u0117jo nublok\u0161ti, 2 d.\" \/>\n<meta property=\"og:description\" content=\"Antroji knygos dalis Gav\u0119s rankra\u0161t\u012f, pirmasis knygos \u201eV\u0117jo nublok\u0161ti&quot; leid\u0117jas ra\u0161ytojos paklaus\u0117, apie k\u0105 ji \u0161ioje knygoje ra\u0161\u0117. M. Mitchell atsak\u0117:\" \/>\n<meta property=\"og:url\" content=\"https:\/\/skaitytaknyga.lt\/en\/produktas\/vejo-nubloksti-2-d\/\" \/>\n<meta property=\"og:site_name\" content=\"Skaitytaknyga\" \/>\n<meta property=\"article:publisher\" content=\"https:\/\/www.facebook.com\/skaitytaknyga\/\" \/>\n<meta property=\"article:modified_time\" content=\"2025-11-20T12:22:39+00:00\" \/>\n<meta property=\"og:image\" content=\"https:\/\/skaitytaknyga.lt\/wp-content\/uploads\/2025\/05\/Vejo-nubloksti-2-d.webp\" \/>\n\t<meta property=\"og:image:width\" content=\"495\" \/>\n\t<meta property=\"og:image:height\" content=\"800\" \/>\n\t<meta property=\"og:image:type\" content=\"image\/webp\" \/>\n<meta name=\"twitter:card\" content=\"summary_large_image\" \/>\n<meta name=\"twitter:label1\" content=\"Estimated reading time\" \/>\n\t<meta name=\"twitter:data1\" content=\"1 minute\" \/>\n<script type=\"application\/ld+json\" class=\"yoast-schema-graph\">{\"@context\":\"https:\/\/schema.org\",\"@graph\":[{\"@type\":\"WebPage\",\"@id\":\"https:\/\/skaitytaknyga.lt\/produktas\/vejo-nubloksti-2-d\/\",\"url\":\"https:\/\/skaitytaknyga.lt\/produktas\/vejo-nubloksti-2-d\/\",\"name\":\"V\u0117jo nublok\u0161ti, 2 d.\",\"isPartOf\":{\"@id\":\"https:\/\/skaitytaknyga.lt\/#website\"},\"primaryImageOfPage\":{\"@id\":\"https:\/\/skaitytaknyga.lt\/produktas\/vejo-nubloksti-2-d\/#primaryimage\"},\"image\":{\"@id\":\"https:\/\/skaitytaknyga.lt\/produktas\/vejo-nubloksti-2-d\/#primaryimage\"},\"thumbnailUrl\":\"https:\/\/skaitytaknyga.lt\/wp-content\/uploads\/2025\/05\/Vejo-nubloksti-2-d.webp\",\"datePublished\":\"2025-05-13T07:16:30+00:00\",\"dateModified\":\"2025-11-20T12:22:39+00:00\",\"description\":\"Antroji knygos dalis Gav\u0119s rankra\u0161t\u012f, pirmasis knygos \u201eV\u0117jo nublok\u0161ti\\\" leid\u0117jas ra\u0161ytojos paklaus\u0117, apie k\u0105 ji \u0161ioje knygoje ra\u0161\u0117. M. Mitchell atsak\u0117:\",\"breadcrumb\":{\"@id\":\"https:\/\/skaitytaknyga.lt\/produktas\/vejo-nubloksti-2-d\/#breadcrumb\"},\"inLanguage\":\"en-GB\",\"potentialAction\":[{\"@type\":\"ReadAction\",\"target\":[\"https:\/\/skaitytaknyga.lt\/produktas\/vejo-nubloksti-2-d\/\"]}]},{\"@type\":\"ImageObject\",\"inLanguage\":\"en-GB\",\"@id\":\"https:\/\/skaitytaknyga.lt\/produktas\/vejo-nubloksti-2-d\/#primaryimage\",\"url\":\"https:\/\/skaitytaknyga.lt\/wp-content\/uploads\/2025\/05\/Vejo-nubloksti-2-d.webp\",\"contentUrl\":\"https:\/\/skaitytaknyga.lt\/wp-content\/uploads\/2025\/05\/Vejo-nubloksti-2-d.webp\",\"width\":495,\"height\":800},{\"@type\":\"BreadcrumbList\",\"@id\":\"https:\/\/skaitytaknyga.lt\/produktas\/vejo-nubloksti-2-d\/#breadcrumb\",\"itemListElement\":[{\"@type\":\"ListItem\",\"position\":1,\"name\":\"Home\",\"item\":\"https:\/\/skaitytaknyga.lt\/\"},{\"@type\":\"ListItem\",\"position\":2,\"name\":\"Parduotuv\u0117\",\"item\":\"https:\/\/skaitytaknyga.lt\/knygu-parduotuve\/\"},{\"@type\":\"ListItem\",\"position\":3,\"name\":\"V\u0117jo nublok\u0161ti, 2 d.\"}]},{\"@type\":\"WebSite\",\"@id\":\"https:\/\/skaitytaknyga.lt\/#website\",\"url\":\"https:\/\/skaitytaknyga.lt\/\",\"name\":\"skaitytaknyga.lt\",\"description\":\"Skaitytaknyga.lt \u2013 tai ma\u017eas \u0161eimos verslas, kuris prasid\u0117jo nuo meil\u0117s knygoms ir siekio i\u0161gelb\u0117ti knygas nuo likimo prie konteinerio. Kas vienam nereikalingas daiktas \u2013 kitam lobis, o mes esame tarpininkai, kurie padeda abiems tapti laimingesniems ???? \u017dinome kaip nelengva i\u0161gyventi ma\u017eiems verslams, tad nuo \u0161iol, \u010dia rasite ir kit\u0173, ma\u017e\u0173 \u0161eim\u0173 versl\u0173, rank\u0173 darbo, dovan\u0173 sau ir artimiesiems.\",\"publisher\":{\"@id\":\"https:\/\/skaitytaknyga.lt\/#organization\"},\"potentialAction\":[{\"@type\":\"SearchAction\",\"target\":{\"@type\":\"EntryPoint\",\"urlTemplate\":\"https:\/\/skaitytaknyga.lt\/?s={search_term_string}\"},\"query-input\":{\"@type\":\"PropertyValueSpecification\",\"valueRequired\":true,\"valueName\":\"search_term_string\"}}],\"inLanguage\":\"en-GB\"},{\"@type\":\"Organization\",\"@id\":\"https:\/\/skaitytaknyga.lt\/#organization\",\"name\":\"skaitytaknyga.lt\",\"url\":\"https:\/\/skaitytaknyga.lt\/\",\"logo\":{\"@type\":\"ImageObject\",\"inLanguage\":\"en-GB\",\"@id\":\"https:\/\/skaitytaknyga.lt\/#\/schema\/logo\/image\/\",\"url\":\"https:\/\/skaitytaknyga.lt\/wp-content\/uploads\/2024\/05\/cropped-cropped-cropped-02_00843_jt3bggkj1j3HLc7SyY6rEUpg.jpeg\",\"contentUrl\":\"https:\/\/skaitytaknyga.lt\/wp-content\/uploads\/2024\/05\/cropped-cropped-cropped-02_00843_jt3bggkj1j3HLc7SyY6rEUpg.jpeg\",\"width\":1600,\"height\":1600,\"caption\":\"skaitytaknyga.lt\"},\"image\":{\"@id\":\"https:\/\/skaitytaknyga.lt\/#\/schema\/logo\/image\/\"},\"sameAs\":[\"https:\/\/www.facebook.com\/skaitytaknyga\/\"]}]}<\/script>\n<!-- \/ Yoast SEO plugin. -->","yoast_head_json":{"title":"V\u0117jo nublok\u0161ti, 2 d.","description":"Antroji knygos dalis Gav\u0119s rankra\u0161t\u012f, pirmasis knygos \u201eV\u0117jo nublok\u0161ti\" leid\u0117jas ra\u0161ytojos paklaus\u0117, apie k\u0105 ji \u0161ioje knygoje ra\u0161\u0117. M. Mitchell atsak\u0117:","robots":{"index":"index","follow":"follow","max-snippet":"max-snippet:-1","max-image-preview":"max-image-preview:large","max-video-preview":"max-video-preview:-1"},"canonical":"https:\/\/skaitytaknyga.lt\/en\/produktas\/vejo-nubloksti-2-d\/","og_locale":"en_GB","og_type":"article","og_title":"[:lt]V\u0117jo nublok\u0161ti, 2 d.[:] - Skaitytaknyga","og_description":"Antroji knygos dalis Gav\u0119s rankra\u0161t\u012f, pirmasis knygos \u201eV\u0117jo nublok\u0161ti\" leid\u0117jas ra\u0161ytojos paklaus\u0117, apie k\u0105 ji \u0161ioje knygoje ra\u0161\u0117. M. Mitchell atsak\u0117:","og_url":"https:\/\/skaitytaknyga.lt\/en\/produktas\/vejo-nubloksti-2-d\/","og_site_name":"Skaitytaknyga","article_publisher":"https:\/\/www.facebook.com\/skaitytaknyga\/","article_modified_time":"2025-11-20T12:22:39+00:00","og_image":[{"width":495,"height":800,"url":"https:\/\/skaitytaknyga.lt\/wp-content\/uploads\/2025\/05\/Vejo-nubloksti-2-d.webp","type":"image\/webp"}],"twitter_card":"summary_large_image","twitter_misc":{"Estimated reading time":"1 minute"},"schema":{"@context":"https:\/\/schema.org","@graph":[{"@type":"WebPage","@id":"https:\/\/skaitytaknyga.lt\/produktas\/vejo-nubloksti-2-d\/","url":"https:\/\/skaitytaknyga.lt\/produktas\/vejo-nubloksti-2-d\/","name":"V\u0117jo nublok\u0161ti, 2 d.","isPartOf":{"@id":"https:\/\/skaitytaknyga.lt\/#website"},"primaryImageOfPage":{"@id":"https:\/\/skaitytaknyga.lt\/produktas\/vejo-nubloksti-2-d\/#primaryimage"},"image":{"@id":"https:\/\/skaitytaknyga.lt\/produktas\/vejo-nubloksti-2-d\/#primaryimage"},"thumbnailUrl":"https:\/\/skaitytaknyga.lt\/wp-content\/uploads\/2025\/05\/Vejo-nubloksti-2-d.webp","datePublished":"2025-05-13T07:16:30+00:00","dateModified":"2025-11-20T12:22:39+00:00","description":"Antroji knygos dalis Gav\u0119s rankra\u0161t\u012f, pirmasis knygos \u201eV\u0117jo nublok\u0161ti\" leid\u0117jas ra\u0161ytojos paklaus\u0117, apie k\u0105 ji \u0161ioje knygoje ra\u0161\u0117. M. Mitchell atsak\u0117:","breadcrumb":{"@id":"https:\/\/skaitytaknyga.lt\/produktas\/vejo-nubloksti-2-d\/#breadcrumb"},"inLanguage":"en-GB","potentialAction":[{"@type":"ReadAction","target":["https:\/\/skaitytaknyga.lt\/produktas\/vejo-nubloksti-2-d\/"]}]},{"@type":"ImageObject","inLanguage":"en-GB","@id":"https:\/\/skaitytaknyga.lt\/produktas\/vejo-nubloksti-2-d\/#primaryimage","url":"https:\/\/skaitytaknyga.lt\/wp-content\/uploads\/2025\/05\/Vejo-nubloksti-2-d.webp","contentUrl":"https:\/\/skaitytaknyga.lt\/wp-content\/uploads\/2025\/05\/Vejo-nubloksti-2-d.webp","width":495,"height":800},{"@type":"BreadcrumbList","@id":"https:\/\/skaitytaknyga.lt\/produktas\/vejo-nubloksti-2-d\/#breadcrumb","itemListElement":[{"@type":"ListItem","position":1,"name":"Home","item":"https:\/\/skaitytaknyga.lt\/"},{"@type":"ListItem","position":2,"name":"Parduotuv\u0117","item":"https:\/\/skaitytaknyga.lt\/knygu-parduotuve\/"},{"@type":"ListItem","position":3,"name":"V\u0117jo nublok\u0161ti, 2 d."}]},{"@type":"WebSite","@id":"https:\/\/skaitytaknyga.lt\/#website","url":"https:\/\/skaitytaknyga.lt\/","name":"skaitytaknyga.lt","description":"Skaitytaknyga.lt \u2013 tai ma\u017eas \u0161eimos verslas, kuris prasid\u0117jo nuo meil\u0117s knygoms ir siekio i\u0161gelb\u0117ti knygas nuo likimo prie konteinerio. Kas vienam nereikalingas daiktas \u2013 kitam lobis, o mes esame tarpininkai, kurie padeda abiems tapti laimingesniems ???? \u017dinome kaip nelengva i\u0161gyventi ma\u017eiems verslams, tad nuo \u0161iol, \u010dia rasite ir kit\u0173, ma\u017e\u0173 \u0161eim\u0173 versl\u0173, rank\u0173 darbo, dovan\u0173 sau ir artimiesiems.","publisher":{"@id":"https:\/\/skaitytaknyga.lt\/#organization"},"potentialAction":[{"@type":"SearchAction","target":{"@type":"EntryPoint","urlTemplate":"https:\/\/skaitytaknyga.lt\/?s={search_term_string}"},"query-input":{"@type":"PropertyValueSpecification","valueRequired":true,"valueName":"search_term_string"}}],"inLanguage":"en-GB"},{"@type":"Organization","@id":"https:\/\/skaitytaknyga.lt\/#organization","name":"skaitytaknyga.lt","url":"https:\/\/skaitytaknyga.lt\/","logo":{"@type":"ImageObject","inLanguage":"en-GB","@id":"https:\/\/skaitytaknyga.lt\/#\/schema\/logo\/image\/","url":"https:\/\/skaitytaknyga.lt\/wp-content\/uploads\/2024\/05\/cropped-cropped-cropped-02_00843_jt3bggkj1j3HLc7SyY6rEUpg.jpeg","contentUrl":"https:\/\/skaitytaknyga.lt\/wp-content\/uploads\/2024\/05\/cropped-cropped-cropped-02_00843_jt3bggkj1j3HLc7SyY6rEUpg.jpeg","width":1600,"height":1600,"caption":"skaitytaknyga.lt"},"image":{"@id":"https:\/\/skaitytaknyga.lt\/#\/schema\/logo\/image\/"},"sameAs":["https:\/\/www.facebook.com\/skaitytaknyga\/"]}]}},"_links":{"self":[{"href":"https:\/\/skaitytaknyga.lt\/en\/wp-json\/wp\/v2\/product\/18282","targetHints":{"allow":["GET"]}}],"collection":[{"href":"https:\/\/skaitytaknyga.lt\/en\/wp-json\/wp\/v2\/product"}],"about":[{"href":"https:\/\/skaitytaknyga.lt\/en\/wp-json\/wp\/v2\/types\/product"}],"replies":[{"embeddable":true,"href":"https:\/\/skaitytaknyga.lt\/en\/wp-json\/wp\/v2\/comments?post=18282"}],"wp:featuredmedia":[{"embeddable":true,"href":"https:\/\/skaitytaknyga.lt\/en\/wp-json\/wp\/v2\/media\/18292"}],"wp:attachment":[{"href":"https:\/\/skaitytaknyga.lt\/en\/wp-json\/wp\/v2\/media?parent=18282"}],"wp:term":[{"taxonomy":"product_brand","embeddable":true,"href":"https:\/\/skaitytaknyga.lt\/en\/wp-json\/wp\/v2\/product_brand?post=18282"},{"taxonomy":"product_cat","embeddable":true,"href":"https:\/\/skaitytaknyga.lt\/en\/wp-json\/wp\/v2\/product_cat?post=18282"},{"taxonomy":"product_tag","embeddable":true,"href":"https:\/\/skaitytaknyga.lt\/en\/wp-json\/wp\/v2\/product_tag?post=18282"}],"curies":[{"name":"wp","href":"https:\/\/api.w.org\/{rel}","templated":true}]}}