{"id":18280,"date":"2025-05-13T10:06:04","date_gmt":"2025-05-13T07:06:04","guid":{"rendered":"https:\/\/skaitytaknyga.lt\/?post_type=product&#038;p=18280"},"modified":"2025-05-13T18:45:18","modified_gmt":"2025-05-13T15:45:18","slug":"mano-laime-ir-pragaras-su-pablo-eskobaru-kopija","status":"publish","type":"product","link":"https:\/\/skaitytaknyga.lt\/en\/produktas\/mano-laime-ir-pragaras-su-pablo-eskobaru-kopija\/","title":{"rendered":"Pablas Eskobaras &#8211; mano t\u0117vas"},"content":{"rendered":"<p>Garsiausi nusikalt\u0117li\u0173 pasaulio atstovai Boni ir Klaidas ar net pats Alas Kapon\u0117 nublanksta prie\u0161 Kolumbijos narkotik\u0173 baron\u0105 Pabl\u0105 Eskobar\u0105. Prekyba narkotikais jam peln\u0117 septint\u0105 viet\u0105 turtingiausi\u0173 pasaulio \u017emoni\u0173 s\u0105ra\u0161e. Kalbama, kad slapstydamasis nuo policijos kalnuose jis sudegino du milijonus doleri\u0173 tam, kad jo dukra su\u0161ilt\u0173, o 10 proc. (apie du milijardus doleri\u0173!) pelno kasmet nura\u0161ydavo kaip nuostolius, nes apytiksliai tiek pinig\u0173 su\u0117sdavo \u017eiurk\u0117s ar sutr\u016bnydavo saugyklose.<\/p>\n<div>\n<p>Nors Eskobaras tiek\u0117 80 proc. viso pasaulio kokaino, kariavo su vyriausybe ir \u017eiauriai susidorodavo su konkurentais, jis buvo r\u016bpestingas t\u0117vas ir paprast\u0173 \u017emoni\u0173 herojus \u2013 dalydavo pinigus varg\u0161ams, \u012freng\u0117 futbolo aik\u0161teli\u0173 vaikams.<\/p>\n<\/div>\n<div>\n<p>\u0160i knyga \u2013 Eskobaro s\u016bnaus i\u0161pa\u017eintis apie nesuvokiamai turting\u0105 ir pavojing\u0105 j\u0173 \u0161eimos gyvenim\u0105, \u0161okiruojantis ir atviras \u017evilgsnis \u012f kriminalinio pasaulio u\u017ekulisius ir dvi tiesos apie Pabl\u0105 Eskobar\u0105 \u2013 mylint\u012f t\u0117v\u0105 ir nusikalt\u0117l\u012f, privertus\u012f kent\u0117ti begal\u0119 \u017emoni\u0173.<\/p>\n<\/div>\n","protected":false},"excerpt":{"rendered":"<p>Garsiausi nusikalt\u0117li\u0173 pasaulio atstovai Boni ir Klaidas ar net pats Alas Kapon\u0117 nublanksta prie\u0161 Kolumbijos narkotik\u0173 baron\u0105 Pabl\u0105 Eskobar\u0105. Prekyba narkotikais jam peln\u0117 septint\u0105 viet\u0105 turtingiausi\u0173 pasaulio \u017emoni\u0173 s\u0105ra\u0161e. Kalbama, kad slapstydamasis nuo policijos kalnuose jis sudegino du milijonus doleri\u0173 tam, kad jo dukra su\u0161ilt\u0173, o 10 proc. (apie du milijardus doleri\u0173!) pelno kasmet nura\u0161ydavo kaip nuostolius, nes apytiksliai tiek pinig\u0173 su\u0117sdavo \u017eiurk\u0117s ar sutr\u016bnydavo saugyklose. Nors Eskobaras tiek\u0117 80 proc. viso pasaulio kokaino, kariavo su vyriausybe ir \u017eiauriai susidorodavo su konkurentais, jis buvo r\u016bpestingas t\u0117vas ir paprast\u0173 \u017emoni\u0173 herojus \u2013 dalydavo pinigus varg\u0161ams, \u012freng\u0117 futbolo aik\u0161teli\u0173 vaikams. \u0160i knyga \u2013 Eskobaro s\u016bnaus i\u0161pa\u017eintis apie nesuvokiamai turting\u0105 ir pavojing\u0105 j\u0173 \u0161eimos gyvenim\u0105, \u0161okiruojantis ir atviras \u017evilgsnis \u012f kriminalinio pasaulio u\u017ekulisius ir dvi tiesos apie Pabl\u0105 Eskobar\u0105 \u2013 mylint\u012f t\u0117v\u0105 ir nusikalt\u0117l\u012f, privertus\u012f kent\u0117ti begal\u0119 \u017emoni\u0173.<\/p>\n","protected":false},"featured_media":18281,"comment_status":"closed","ping_status":"closed","template":"","meta":{"_acf_changed":false,"site-sidebar-layout":"default","site-content-layout":"","ast-site-content-layout":"default","site-content-style":"default","site-sidebar-style":"default","ast-global-header-display":"","ast-banner-title-visibility":"","ast-main-header-display":"","ast-hfb-above-header-display":"","ast-hfb-below-header-display":"","ast-hfb-mobile-header-display":"","site-post-title":"","ast-breadcrumbs-content":"","ast-featured-img":"","footer-sml-layout":"","ast-disable-related-posts":"","theme-transparent-header-meta":"default","adv-header-id-meta":"","stick-header-meta":"","header-above-stick-meta":"","header-main-stick-meta":"","header-below-stick-meta":"","astra-migrate-meta-layouts":"set","ast-page-background-enabled":"default","ast-page-background-meta":{"desktop":{"background-color":"","background-image":"","background-repeat":"repeat","background-position":"center center","background-size":"auto","background-attachment":"scroll","background-type":"","background-media":"","overlay-type":"","overlay-color":"","overlay-opacity":"","overlay-gradient":""},"tablet":{"background-color":"","background-image":"","background-repeat":"repeat","background-position":"center center","background-size":"auto","background-attachment":"scroll","background-type":"","background-media":"","overlay-type":"","overlay-color":"","overlay-opacity":"","overlay-gradient":""},"mobile":{"background-color":"","background-image":"","background-repeat":"repeat","background-position":"center center","background-size":"auto","background-attachment":"scroll","background-type":"","background-media":"","overlay-type":"","overlay-color":"","overlay-opacity":"","overlay-gradient":""}},"ast-content-background-meta":{"desktop":{"background-color":"var(--ast-global-color-4)","background-image":"","background-repeat":"repeat","background-position":"center center","background-size":"auto","background-attachment":"scroll","background-type":"","background-media":"","overlay-type":"","overlay-color":"","overlay-opacity":"","overlay-gradient":""},"tablet":{"background-color":"var(--ast-global-color-4)","background-image":"","background-repeat":"repeat","background-position":"center center","background-size":"auto","background-attachment":"scroll","background-type":"","background-media":"","overlay-type":"","overlay-color":"","overlay-opacity":"","overlay-gradient":""},"mobile":{"background-color":"var(--ast-global-color-4)","background-image":"","background-repeat":"repeat","background-position":"center center","background-size":"auto","background-attachment":"scroll","background-type":"","background-media":"","overlay-type":"","overlay-color":"","overlay-opacity":"","overlay-gradient":""}}},"product_brand":[],"product_cat":[33],"product_tag":[2045,2121,2115,2122,2123,2114,1707],"class_list":{"0":"post-18280","1":"product","2":"type-product","3":"status-publish","4":"has-post-thumbnail","6":"product_cat-biografijos","7":"product_tag-biografija","8":"product_tag-juan-pablo-escobar","9":"product_tag-kolumbija","10":"product_tag-narkotiku-karteliai","11":"product_tag-nusikaltimu-istorija","12":"product_tag-pablo-escobar","13":"product_tag-seimos-santykiai","14":"desktop-align-left","15":"tablet-align-left","16":"mobile-align-left","18":"first","19":"instock","20":"shipping-taxable","21":"purchasable","22":"product-type-simple"},"acf":[],"yoast_head":"<!-- This site is optimized with the Yoast SEO plugin v27.0 - https:\/\/yoast.com\/product\/yoast-seo-wordpress\/ -->\n<title>Pablas Eskobaras - mano t\u0117vas<\/title>\n<meta name=\"description\" content=\"Garsiausi nusikalt\u0117li\u0173 pasaulio atstovai Boni ir Klaidas ar net pats Alas Kapon\u0117 nublanksta prie\u0161 Kolumbijos narkotik\u0173 baron\u0105 Pabl\u0105 Eskobar\u0105. Prekyba\" \/>\n<meta name=\"robots\" content=\"index, follow, max-snippet:-1, max-image-preview:large, max-video-preview:-1\" \/>\n<link rel=\"canonical\" href=\"https:\/\/skaitytaknyga.lt\/en\/produktas\/mano-laime-ir-pragaras-su-pablo-eskobaru-kopija\/\" \/>\n<meta property=\"og:locale\" content=\"en_GB\" \/>\n<meta property=\"og:locale:alternate\" content=\"lt_LT\" \/>\n<meta property=\"og:type\" content=\"article\" \/>\n<meta property=\"og:title\" content=\"Pablas Eskobaras - mano t\u0117vas\" \/>\n<meta property=\"og:description\" content=\"Garsiausi nusikalt\u0117li\u0173 pasaulio atstovai Boni ir Klaidas ar net pats Alas Kapon\u0117 nublanksta prie\u0161 Kolumbijos narkotik\u0173 baron\u0105 Pabl\u0105 Eskobar\u0105. Prekyba\" \/>\n<meta property=\"og:url\" content=\"https:\/\/skaitytaknyga.lt\/en\/produktas\/mano-laime-ir-pragaras-su-pablo-eskobaru-kopija\/\" \/>\n<meta property=\"og:site_name\" content=\"Skaitytaknyga\" \/>\n<meta property=\"article:publisher\" content=\"https:\/\/www.facebook.com\/skaitytaknyga\/\" \/>\n<meta property=\"article:modified_time\" content=\"2025-05-13T15:45:18+00:00\" \/>\n<meta property=\"og:image\" content=\"https:\/\/skaitytaknyga.lt\/wp-content\/uploads\/2025\/05\/PABLAS-ESKOBARAS-\u2013-MANO-TEVAS.webp\" \/>\n\t<meta property=\"og:image:width\" content=\"535\" \/>\n\t<meta property=\"og:image:height\" content=\"800\" \/>\n\t<meta property=\"og:image:type\" content=\"image\/webp\" \/>\n<meta name=\"twitter:card\" content=\"summary_large_image\" \/>\n<meta name=\"twitter:label1\" content=\"Estimated reading time\" \/>\n\t<meta name=\"twitter:data1\" content=\"2 minutes\" \/>\n<script type=\"application\/ld+json\" class=\"yoast-schema-graph\">{\"@context\":\"https:\/\/schema.org\",\"@graph\":[{\"@type\":\"WebPage\",\"@id\":\"https:\/\/skaitytaknyga.lt\/produktas\/mano-laime-ir-pragaras-su-pablo-eskobaru-kopija\/\",\"url\":\"https:\/\/skaitytaknyga.lt\/produktas\/mano-laime-ir-pragaras-su-pablo-eskobaru-kopija\/\",\"name\":\"Pablas Eskobaras - mano t\u0117vas\",\"isPartOf\":{\"@id\":\"https:\/\/skaitytaknyga.lt\/#website\"},\"primaryImageOfPage\":{\"@id\":\"https:\/\/skaitytaknyga.lt\/produktas\/mano-laime-ir-pragaras-su-pablo-eskobaru-kopija\/#primaryimage\"},\"image\":{\"@id\":\"https:\/\/skaitytaknyga.lt\/produktas\/mano-laime-ir-pragaras-su-pablo-eskobaru-kopija\/#primaryimage\"},\"thumbnailUrl\":\"https:\/\/skaitytaknyga.lt\/wp-content\/uploads\/2025\/05\/PABLAS-ESKOBARAS-\u2013-MANO-TEVAS.webp\",\"datePublished\":\"2025-05-13T07:06:04+00:00\",\"dateModified\":\"2025-05-13T15:45:18+00:00\",\"description\":\"Garsiausi nusikalt\u0117li\u0173 pasaulio atstovai Boni ir Klaidas ar net pats Alas Kapon\u0117 nublanksta prie\u0161 Kolumbijos narkotik\u0173 baron\u0105 Pabl\u0105 Eskobar\u0105. Prekyba\",\"breadcrumb\":{\"@id\":\"https:\/\/skaitytaknyga.lt\/produktas\/mano-laime-ir-pragaras-su-pablo-eskobaru-kopija\/#breadcrumb\"},\"inLanguage\":\"en-GB\",\"potentialAction\":[{\"@type\":\"ReadAction\",\"target\":[\"https:\/\/skaitytaknyga.lt\/produktas\/mano-laime-ir-pragaras-su-pablo-eskobaru-kopija\/\"]}]},{\"@type\":\"ImageObject\",\"inLanguage\":\"en-GB\",\"@id\":\"https:\/\/skaitytaknyga.lt\/produktas\/mano-laime-ir-pragaras-su-pablo-eskobaru-kopija\/#primaryimage\",\"url\":\"https:\/\/skaitytaknyga.lt\/wp-content\/uploads\/2025\/05\/PABLAS-ESKOBARAS-\u2013-MANO-TEVAS.webp\",\"contentUrl\":\"https:\/\/skaitytaknyga.lt\/wp-content\/uploads\/2025\/05\/PABLAS-ESKOBARAS-\u2013-MANO-TEVAS.webp\",\"width\":535,\"height\":800,\"caption\":\"PABLAS ESKOBARAS \u2013 MANO T\u0116VAS\"},{\"@type\":\"BreadcrumbList\",\"@id\":\"https:\/\/skaitytaknyga.lt\/produktas\/mano-laime-ir-pragaras-su-pablo-eskobaru-kopija\/#breadcrumb\",\"itemListElement\":[{\"@type\":\"ListItem\",\"position\":1,\"name\":\"Home\",\"item\":\"https:\/\/skaitytaknyga.lt\/\"},{\"@type\":\"ListItem\",\"position\":2,\"name\":\"Parduotuv\u0117\",\"item\":\"https:\/\/skaitytaknyga.lt\/knygu-parduotuve\/\"},{\"@type\":\"ListItem\",\"position\":3,\"name\":\"Pablas Eskobaras &#8211; mano t\u0117vas\"}]},{\"@type\":\"WebSite\",\"@id\":\"https:\/\/skaitytaknyga.lt\/#website\",\"url\":\"https:\/\/skaitytaknyga.lt\/\",\"name\":\"skaitytaknyga.lt\",\"description\":\"Skaitytaknyga.lt \u2013 tai ma\u017eas \u0161eimos verslas, kuris prasid\u0117jo nuo meil\u0117s knygoms ir siekio i\u0161gelb\u0117ti knygas nuo likimo prie konteinerio. Kas vienam nereikalingas daiktas \u2013 kitam lobis, o mes esame tarpininkai, kurie padeda abiems tapti laimingesniems ???? \u017dinome kaip nelengva i\u0161gyventi ma\u017eiems verslams, tad nuo \u0161iol, \u010dia rasite ir kit\u0173, ma\u017e\u0173 \u0161eim\u0173 versl\u0173, rank\u0173 darbo, dovan\u0173 sau ir artimiesiems.\",\"publisher\":{\"@id\":\"https:\/\/skaitytaknyga.lt\/#organization\"},\"potentialAction\":[{\"@type\":\"SearchAction\",\"target\":{\"@type\":\"EntryPoint\",\"urlTemplate\":\"https:\/\/skaitytaknyga.lt\/?s={search_term_string}\"},\"query-input\":{\"@type\":\"PropertyValueSpecification\",\"valueRequired\":true,\"valueName\":\"search_term_string\"}}],\"inLanguage\":\"en-GB\"},{\"@type\":\"Organization\",\"@id\":\"https:\/\/skaitytaknyga.lt\/#organization\",\"name\":\"skaitytaknyga.lt\",\"url\":\"https:\/\/skaitytaknyga.lt\/\",\"logo\":{\"@type\":\"ImageObject\",\"inLanguage\":\"en-GB\",\"@id\":\"https:\/\/skaitytaknyga.lt\/#\/schema\/logo\/image\/\",\"url\":\"https:\/\/skaitytaknyga.lt\/wp-content\/uploads\/2024\/05\/cropped-cropped-cropped-02_00843_jt3bggkj1j3HLc7SyY6rEUpg.jpeg\",\"contentUrl\":\"https:\/\/skaitytaknyga.lt\/wp-content\/uploads\/2024\/05\/cropped-cropped-cropped-02_00843_jt3bggkj1j3HLc7SyY6rEUpg.jpeg\",\"width\":1600,\"height\":1600,\"caption\":\"skaitytaknyga.lt\"},\"image\":{\"@id\":\"https:\/\/skaitytaknyga.lt\/#\/schema\/logo\/image\/\"},\"sameAs\":[\"https:\/\/www.facebook.com\/skaitytaknyga\/\"]}]}<\/script>\n<!-- \/ Yoast SEO plugin. -->","yoast_head_json":{"title":"Pablas Eskobaras - mano t\u0117vas","description":"Garsiausi nusikalt\u0117li\u0173 pasaulio atstovai Boni ir Klaidas ar net pats Alas Kapon\u0117 nublanksta prie\u0161 Kolumbijos narkotik\u0173 baron\u0105 Pabl\u0105 Eskobar\u0105. Prekyba","robots":{"index":"index","follow":"follow","max-snippet":"max-snippet:-1","max-image-preview":"max-image-preview:large","max-video-preview":"max-video-preview:-1"},"canonical":"https:\/\/skaitytaknyga.lt\/en\/produktas\/mano-laime-ir-pragaras-su-pablo-eskobaru-kopija\/","og_locale":"en_GB","og_type":"article","og_title":"[:lt]Pablas Eskobaras - mano t\u0117vas[:] - Skaitytaknyga","og_description":"Garsiausi nusikalt\u0117li\u0173 pasaulio atstovai Boni ir Klaidas ar net pats Alas Kapon\u0117 nublanksta prie\u0161 Kolumbijos narkotik\u0173 baron\u0105 Pabl\u0105 Eskobar\u0105. Prekyba","og_url":"https:\/\/skaitytaknyga.lt\/en\/produktas\/mano-laime-ir-pragaras-su-pablo-eskobaru-kopija\/","og_site_name":"Skaitytaknyga","article_publisher":"https:\/\/www.facebook.com\/skaitytaknyga\/","article_modified_time":"2025-05-13T15:45:18+00:00","og_image":[{"width":535,"height":800,"url":"https:\/\/skaitytaknyga.lt\/wp-content\/uploads\/2025\/05\/PABLAS-ESKOBARAS-\u2013-MANO-TEVAS.webp","type":"image\/webp"}],"twitter_card":"summary_large_image","twitter_misc":{"Estimated reading time":"2 minutes"},"schema":{"@context":"https:\/\/schema.org","@graph":[{"@type":"WebPage","@id":"https:\/\/skaitytaknyga.lt\/produktas\/mano-laime-ir-pragaras-su-pablo-eskobaru-kopija\/","url":"https:\/\/skaitytaknyga.lt\/produktas\/mano-laime-ir-pragaras-su-pablo-eskobaru-kopija\/","name":"Pablas Eskobaras - mano t\u0117vas","isPartOf":{"@id":"https:\/\/skaitytaknyga.lt\/#website"},"primaryImageOfPage":{"@id":"https:\/\/skaitytaknyga.lt\/produktas\/mano-laime-ir-pragaras-su-pablo-eskobaru-kopija\/#primaryimage"},"image":{"@id":"https:\/\/skaitytaknyga.lt\/produktas\/mano-laime-ir-pragaras-su-pablo-eskobaru-kopija\/#primaryimage"},"thumbnailUrl":"https:\/\/skaitytaknyga.lt\/wp-content\/uploads\/2025\/05\/PABLAS-ESKOBARAS-\u2013-MANO-TEVAS.webp","datePublished":"2025-05-13T07:06:04+00:00","dateModified":"2025-05-13T15:45:18+00:00","description":"Garsiausi nusikalt\u0117li\u0173 pasaulio atstovai Boni ir Klaidas ar net pats Alas Kapon\u0117 nublanksta prie\u0161 Kolumbijos narkotik\u0173 baron\u0105 Pabl\u0105 Eskobar\u0105. Prekyba","breadcrumb":{"@id":"https:\/\/skaitytaknyga.lt\/produktas\/mano-laime-ir-pragaras-su-pablo-eskobaru-kopija\/#breadcrumb"},"inLanguage":"en-GB","potentialAction":[{"@type":"ReadAction","target":["https:\/\/skaitytaknyga.lt\/produktas\/mano-laime-ir-pragaras-su-pablo-eskobaru-kopija\/"]}]},{"@type":"ImageObject","inLanguage":"en-GB","@id":"https:\/\/skaitytaknyga.lt\/produktas\/mano-laime-ir-pragaras-su-pablo-eskobaru-kopija\/#primaryimage","url":"https:\/\/skaitytaknyga.lt\/wp-content\/uploads\/2025\/05\/PABLAS-ESKOBARAS-\u2013-MANO-TEVAS.webp","contentUrl":"https:\/\/skaitytaknyga.lt\/wp-content\/uploads\/2025\/05\/PABLAS-ESKOBARAS-\u2013-MANO-TEVAS.webp","width":535,"height":800,"caption":"PABLAS ESKOBARAS \u2013 MANO T\u0116VAS"},{"@type":"BreadcrumbList","@id":"https:\/\/skaitytaknyga.lt\/produktas\/mano-laime-ir-pragaras-su-pablo-eskobaru-kopija\/#breadcrumb","itemListElement":[{"@type":"ListItem","position":1,"name":"Home","item":"https:\/\/skaitytaknyga.lt\/"},{"@type":"ListItem","position":2,"name":"Parduotuv\u0117","item":"https:\/\/skaitytaknyga.lt\/knygu-parduotuve\/"},{"@type":"ListItem","position":3,"name":"Pablas Eskobaras &#8211; mano t\u0117vas"}]},{"@type":"WebSite","@id":"https:\/\/skaitytaknyga.lt\/#website","url":"https:\/\/skaitytaknyga.lt\/","name":"skaitytaknyga.lt","description":"Skaitytaknyga.lt \u2013 tai ma\u017eas \u0161eimos verslas, kuris prasid\u0117jo nuo meil\u0117s knygoms ir siekio i\u0161gelb\u0117ti knygas nuo likimo prie konteinerio. Kas vienam nereikalingas daiktas \u2013 kitam lobis, o mes esame tarpininkai, kurie padeda abiems tapti laimingesniems ???? \u017dinome kaip nelengva i\u0161gyventi ma\u017eiems verslams, tad nuo \u0161iol, \u010dia rasite ir kit\u0173, ma\u017e\u0173 \u0161eim\u0173 versl\u0173, rank\u0173 darbo, dovan\u0173 sau ir artimiesiems.","publisher":{"@id":"https:\/\/skaitytaknyga.lt\/#organization"},"potentialAction":[{"@type":"SearchAction","target":{"@type":"EntryPoint","urlTemplate":"https:\/\/skaitytaknyga.lt\/?s={search_term_string}"},"query-input":{"@type":"PropertyValueSpecification","valueRequired":true,"valueName":"search_term_string"}}],"inLanguage":"en-GB"},{"@type":"Organization","@id":"https:\/\/skaitytaknyga.lt\/#organization","name":"skaitytaknyga.lt","url":"https:\/\/skaitytaknyga.lt\/","logo":{"@type":"ImageObject","inLanguage":"en-GB","@id":"https:\/\/skaitytaknyga.lt\/#\/schema\/logo\/image\/","url":"https:\/\/skaitytaknyga.lt\/wp-content\/uploads\/2024\/05\/cropped-cropped-cropped-02_00843_jt3bggkj1j3HLc7SyY6rEUpg.jpeg","contentUrl":"https:\/\/skaitytaknyga.lt\/wp-content\/uploads\/2024\/05\/cropped-cropped-cropped-02_00843_jt3bggkj1j3HLc7SyY6rEUpg.jpeg","width":1600,"height":1600,"caption":"skaitytaknyga.lt"},"image":{"@id":"https:\/\/skaitytaknyga.lt\/#\/schema\/logo\/image\/"},"sameAs":["https:\/\/www.facebook.com\/skaitytaknyga\/"]}]}},"_links":{"self":[{"href":"https:\/\/skaitytaknyga.lt\/en\/wp-json\/wp\/v2\/product\/18280","targetHints":{"allow":["GET"]}}],"collection":[{"href":"https:\/\/skaitytaknyga.lt\/en\/wp-json\/wp\/v2\/product"}],"about":[{"href":"https:\/\/skaitytaknyga.lt\/en\/wp-json\/wp\/v2\/types\/product"}],"replies":[{"embeddable":true,"href":"https:\/\/skaitytaknyga.lt\/en\/wp-json\/wp\/v2\/comments?post=18280"}],"wp:featuredmedia":[{"embeddable":true,"href":"https:\/\/skaitytaknyga.lt\/en\/wp-json\/wp\/v2\/media\/18281"}],"wp:attachment":[{"href":"https:\/\/skaitytaknyga.lt\/en\/wp-json\/wp\/v2\/media?parent=18280"}],"wp:term":[{"taxonomy":"product_brand","embeddable":true,"href":"https:\/\/skaitytaknyga.lt\/en\/wp-json\/wp\/v2\/product_brand?post=18280"},{"taxonomy":"product_cat","embeddable":true,"href":"https:\/\/skaitytaknyga.lt\/en\/wp-json\/wp\/v2\/product_cat?post=18280"},{"taxonomy":"product_tag","embeddable":true,"href":"https:\/\/skaitytaknyga.lt\/en\/wp-json\/wp\/v2\/product_tag?post=18280"}],"curies":[{"name":"wp","href":"https:\/\/api.w.org\/{rel}","templated":true}]}}